{"id":201853,"date":"2021-11-19T09:31:19","date_gmt":"2021-11-19T15:31:19","guid":{"rendered":"https:\/\/stagingxx.unisig.com\/maschinenbau\/"},"modified":"2023-07-14T08:22:48","modified_gmt":"2023-07-14T13:22:48","slug":"maschinenbau-2","status":"publish","type":"page","link":"https:\/\/unisig.com\/de\/kernkompetenz\/mechanische-konstruktion","title":{"rendered":"Mechanische Konstruktion"},"content":{"rendered":"<div class=\"wpb-content-wrapper\"><p>[vc_row][vc_column][vc_column_text]\n\t\t\t<!-- START Mechanical Engineering REVOLUTION SLIDER 6.7.25 --><p class=\"rs-p-wp-fix\"><\/p>\n\t\t\t<rs-module-wrap id=\"rev_slider_2_1_wrapper\" data-source=\"gallery\" style=\"visibility:hidden;background:transparent;padding:0;margin:0px auto;margin-top:0;margin-bottom:0;\">\n\t\t\t\t<rs-module id=\"rev_slider_2_1\" style=\"\" data-version=\"6.7.25\">\n\t\t\t\t\t<rs-slides style=\"overflow: hidden; position: absolute;\">\n\t\t\t\t\t\t<rs-slide style=\"position: absolute;\" data-key=\"rs-2\" data-title=\"Slide\" data-duration=\"9000\" data-anim=\"ms:600;\" data-in=\"o:0;\" data-out=\"a:false;\">\n\t\t\t\t\t\t\t<img decoding=\"async\" src=\"\/\/unisig.com\/wp-content\/plugins\/revslider\/sr6\/assets\/assets\/dummy.png\" alt=\"\" title=\"unisig_transmission_explode\" width=\"1920\" height=\"1080\" class=\"rev-slidebg tp-rs-img rs-lazyload\" data-lazyload=\"https:\/\/unisig.com\/wp-content\/smush-webp\/2022\/01\/unisig_transmission_explode.jpg.webp\" data-no-retina>\n\t\t\t\t\t\t\t<rs-bgvideo \n\t\t\t\t\t\t\t\tdata-video=\"vc:none;w:100%;h:100%;nse:false;l:true;ptimer:false;\"\n\t\t\t\t\t\t\t\tdata-vimeoid=\"509784001\"\n\t\t\t\t\t\t\t\tdata-vatr=\"background=1&amp;title=0&amp;byline=0&amp;portrait=0&amp;api=1&amp;dnt=1\"\n\t\t\t\t\t\t\t><\/rs-bgvideo>\n<!---->\t\t\t\t\t<\/rs-slide>\n\t\t\t\t\t<\/rs-slides>\n\t\t\t\t<\/rs-module>\n\t\t\t\t<script>\n\t\t\t\t\tsetREVStartSize({c: 'rev_slider_2_1',rl:[1240,1024,778,480],el:[600],gw:[1240],gh:[600],type:'standard',justify:'',layout:'fullwidth',mh:\"0\"});if (window.RS_MODULES!==undefined && window.RS_MODULES.modules!==undefined && window.RS_MODULES.modules[\"revslider21\"]!==undefined) {window.RS_MODULES.modules[\"revslider21\"].once = false;window.revapi2 = undefined;if (window.RS_MODULES.checkMinimal!==undefined) window.RS_MODULES.checkMinimal()}\n\t\t\t\t<\/script>\n\t\t\t<\/rs-module-wrap>\n\t\t\t<!-- END REVOLUTION SLIDER -->\n[\/vc_column_text][\/vc_column][\/vc_row][vc_row gap=&#8221;30&#8243;][vc_column width=&#8221;1\/2&#8243;][vc_column_text]<\/p>\n<h4>Kernkompetenz Konstruktion im Maschinenbau<\/h4>\n<p>Die mechanische Konstruktion ist oft der Ausgangspunkt, um die Bed\u00fcrfnisse unserer Kunden zu interpretieren und Ideen zu tragf\u00e4higen Produkten zu entwickeln. UNISIG verf\u00fcgt \u00fcber au\u00dfergew\u00f6hnliche F\u00e4higkeiten im Konstruktionswesen, beginnend mit der fr\u00fchen Konzeptplanung, der Durchplanung mit Test bis zur Entwicklung des Endprodukts und der Anwendungen.<\/p>\n<p>Unser Team setzt hierbei auf die neuesten Engineering-Tools f\u00fcr Design, Konstruktion und Simulation. Zwar von vielen Unternehmen genannt, verf\u00fcgen aber nur wenige \u00fcber die Erfahrung und die Schulungsprogramme, um ihr Konstruktionsteam zu einem echten Innovations- und Wachstumstreiber im internationalen Umfeld zu machen.[\/vc_column_text][\/vc_column][vc_column width=&#8221;1\/2&#8243;][vc_column_text]<\/p>\n<h4>Konstruktion &#8211; Wie wir es besser machen<\/h4>\n<p>Wir verf\u00fcgen \u00fcber umfangreiche Erfahrung im Maschinenbau und der Konstruktion, aber wir h\u00f6ren nie auf zu lernen und zuzuh\u00f6ren. Unsere Ingenieure stehen stets in Verbindung mit der realen Welt, indem sie Projekte unterst\u00fctzen und die von ihnen entwickelten Maschinen testen. Wir lassen kreative Designs einflie\u00dfen und testen sie dann mit Analyse und angewandter Theorie.<\/p>\n<p>Unisig-Ingenieure sind daf\u00fcr mit den besten Werkzeugen f\u00fcr diese Aufgabe ausgestattet. Dazu geh\u00f6rt der Einsatz von selbst entwickelten Werkzeugen, die eine schnelle und genaue Berechnungen des Maschinendesigns erm\u00f6glichen, und die neueste Software f\u00fcr 3D-Design, -Analyse und -Fertigung.<\/p>\n<p>Unser Konstruktionsteam lebt unseren Kernwert &#8220;starke Individuen, die ein Team sch\u00e4tzen&#8221;, weil viele unserer Projekte zu komplex sind, als dass eine einzelne Person sie alleine mit dem Grad der Raffinesse und innerhalb des f\u00fcr den kommerziellen Erfolg erforderlichen Zeitrahmens abschlie\u00dfen k\u00f6nnte.[\/vc_column_text][\/vc_column][\/vc_row][vc_row][vc_column css=&#8221;.vc_custom_1632590730983{margin-top: 30px !important;margin-bottom: 30px !important;}&#8221;][vc_separator][\/vc_column][\/vc_row][vc_row gap=&#8221;30&#8243; content_placement=&#8221;top&#8221;][vc_column width=&#8221;1\/2&#8243;][vc_single_image image=&#8221;201108&#8243; img_size=&#8221;large&#8221;][\/vc_column][vc_column width=&#8221;1\/2&#8243;][vc_column_text]<\/p>\n<h4>Konzeption und Konstruktion<\/h4>\n<p>UNISIG Maschinenbauingenieure werden oft mit von Grund auf v\u00f6llig neuen Konstruktions-Projekten beauftragt, die einen ganz neuen Ansatz erfordern. In einigen F\u00e4llen handelt es sich um geplante Produktneuentwicklungen, die unser Angebot erweitern. Oft kommen jedoch <strong>Kunden mit ihren Anforderungen auf uns zu, die von der Industrie bisher nicht erf\u00fcllt wurden.<\/strong> In diesen F\u00e4llen entwickeln wir ein neues Konzept, testen es gegen die Konstruktionsprinzipien und unseren praktischen Erfahrungen und bringen es dann in eine ansprechende Form, die es zu begutachten gilt.<\/p>\n<p>Unsere Ingenieure arbeiten effizient in der Konstruktion, da sie die gesammelten praktischen Erfahrungen in Verbindung mit leistungsstarken Engineering-Tools nutzen. Konzeptdesign spornt auch unsere Kreativit\u00e4t an, was verhindert, dass unser Standardmachinenprogramm veraltet.[\/vc_column_text][\/vc_column][\/vc_row][vc_row][vc_column css=&#8221;.vc_custom_1632590730983{margin-top: 30px !important;margin-bottom: 30px !important;}&#8221;][vc_separator][\/vc_column][\/vc_row][vc_row gap=&#8221;30&#8243; content_placement=&#8221;top&#8221; el_class=&#8221;row-reverse&#8221;][vc_column width=&#8221;1\/2&#8243;][vc_column_text]<\/p>\n<h4>Angewandte Ingenieurtheorie und -analyse<\/h4>\n<p>Sobald unsere Designkonzepte ausgearbeitet und Spezifikationen festgelegt sind, nutzen UNISIG-Ingenieure ihr Verst\u00e4ndnis der technischen Prinzipien, um sicherzustellen, dass der Kern unserer Produkte grundsolide ist. Wir erstellen Berechnungsmodelle f\u00fcr die Maschinenbasis und testen diese anschlie\u00dfend mit 3D-Simulations- und Analysewerkzeugen.<\/p>\n<p>Interne \u00dcberpr\u00fcfungen der Maschinenkonzepte und Analysen durch unsere technischen Leiter stellen sicher, dass unsere Kunden ein <strong>leistungsstarkes konstruktionsbasiertes Design <\/strong>erhalten.[\/vc_column_text][\/vc_column][vc_column width=&#8221;1\/2&#8243;][vc_single_image image=&#8221;201105&#8243; img_size=&#8221;large&#8221;][\/vc_column][\/vc_row][vc_row][vc_column css=&#8221;.vc_custom_1632590730983{margin-top: 30px !important;margin-bottom: 30px !important;}&#8221;][vc_separator][\/vc_column][\/vc_row][vc_row gap=&#8221;30&#8243; content_placement=&#8221;top&#8221;][vc_column width=&#8221;1\/2&#8243;][vc_single_image image=&#8221;201099&#8243; img_size=&#8221;large&#8221;][\/vc_column][vc_column width=&#8221;1\/2&#8243;][vc_column_text]<\/p>\n<h4>Pr\u00e4zisions-Kraft\u00fcbertragungstechnik<\/h4>\n<p>Werkzeugmaschinen stehen an der Spitze des Maschinenbaus, da sie zur Herstellung anderer Maschinen verwendet werden. UNISIG-Maschinen erfordern daher sehr pr\u00e4zise Drehspindeln, leise Getriebe und Servo-Bewegungssteuerung.<\/p>\n<p>Unser Konstruktionsteam verf\u00fcgt \u00fcber au\u00dfergew\u00f6hnliche F\u00e4higkeiten in allen diesen Bereichen. F\u00fcr unsere Gro\u00dfmaschinen der B-Serie bauen wir eindrucksvolle Getriebe-Spindelk\u00e4sten. Die Maschinen der USC-M-Serie verf\u00fcgen \u00fcber eine 5-Achsen-Positionierung deren Positioniergenauigkeit in Mikrometern gemessen wird. <strong>Die meisten Maschinen auf der Welt ben\u00f6tigen diese Art von Genauigkeit nicht, aber alle von UNISIG tun es.<\/strong>[\/vc_column_text][\/vc_column][\/vc_row][vc_row][vc_column css=&#8221;.vc_custom_1632590730983{margin-top: 30px !important;margin-bottom: 30px !important;}&#8221;][vc_separator][\/vc_column][\/vc_row][vc_row gap=&#8221;30&#8243; content_placement=&#8221;top&#8221; el_class=&#8221;row-reverse&#8221;][vc_column width=&#8221;1\/2&#8243;][vc_column_text]<\/p>\n<h4>3D-Design<\/h4>\n<p>Ein Gro\u00dfteil der Projektlaufzeit im Maschinenbau, liegt im Designbereich. Wir bringen die Konzepte und die Ingenieurtheorie in eine praktikable Form. Als Konstrukteure nutzen wir praktische Erfahrungen in feinmechanischen Systemen, gegossenen und geschwei\u00dften Strukturen, innovativen mechanischen Ger\u00e4ten, Blech- und Fluidsystemen, um eine Maschine in eine fertige Form zu bringen.<\/p>\n<p>Wenn die Konstruktion genehmigt ist, <strong>entfesseln wir unseren inneren Perfektionisten<\/strong> und erstellen Fertigungszeichnungen mit Toleranzen, um unserer mechanischen Fertigung die Informationen zu geben, die sie ben\u00f6tigen, um die Teile herzustellen und vollst\u00e4ndige Maschinen zu montieren.[\/vc_column_text][\/vc_column][vc_column width=&#8221;1\/2&#8243;][vc_single_image image=&#8221;201102&#8243; img_size=&#8221;large&#8221;][\/vc_column][\/vc_row][vc_row][vc_column css=&#8221;.vc_custom_1632590730983{margin-top: 30px !important;margin-bottom: 30px !important;}&#8221;][vc_separator][\/vc_column][\/vc_row][vc_row gap=&#8221;30&#8243; content_placement=&#8221;top&#8221;][vc_column width=&#8221;1\/2&#8243;][vc_single_image image=&#8221;201116&#8243; img_size=&#8221;large&#8221;][\/vc_column][vc_column width=&#8221;1\/2&#8243;][vc_column_text]<\/p>\n<h4>Probleml\u00f6sung und Testen<\/h4>\n<p>Im selben gro\u00dfen Geb\u00e4ude in dem unsere Konstruktionsabteilung sitzt, bearbeiten wir Pr\u00e4zisionsteile, montieren Maschinen und automatisierte Systeme, nehmen sie in Betrieb und weisen eine einwandfreie Funktion nach. Nur wenige Schritte vom Konstruktionsb\u00fcro entfernt, haben unsere Ingenieure die M\u00f6glichkeit, mit dem gesamten Prozess des Baus einer Weltklasse-Werkzeugmaschine zu interagieren. Von der Herstellung von Pr\u00e4zisionsbauteilen bis hin zur sorgf\u00e4ltigen Pr\u00fcfung der Maschinengenauigkeit haben unsere Ingenieure die M\u00f6glichkeit, an allem mitzuwirken.<\/p>\n<p>Hier sammeln unsere Maschinenbauer schnell ihre Erfahrungen. Physik und praktische Realit\u00e4ten dessen, was funktioniert und was nicht, macht sich schnell bemerkbar. Davor kann man sich nicht verstecken, denn Jeder macht Fehler. <strong>Wir alle haben ein tieferes Verst\u00e4ndnis der wichtigsten technischen Konstruktionsprinzipien erreicht, etwa 10 Sekunden, nachdem wir gesehen haben, dass etwas, das wir entworfen haben, nicht zusammenpasste.<\/strong><\/p>\n<p>Dies ist der Bereich, in dem die tiefe Zufriedenheit f\u00fcr echte Ingenieure entsteht. Probleme zu l\u00f6sen, Maschinen durch Tests und Optimierungen besser arbeiten zu lassen und die Ergebnisse unserer Kreativit\u00e4t zu beobachten, ist Teil der UNISIG Konstruktionserfahrung.[\/vc_column_text][\/vc_column][\/vc_row][vc_row][vc_column css=&#8221;.vc_custom_1632590730983{margin-top: 30px !important;margin-bottom: 30px !important;}&#8221;][vc_separator][\/vc_column][\/vc_row][vc_row gap=&#8221;30&#8243; content_placement=&#8221;top&#8221; el_class=&#8221;row-reverse&#8221;][vc_column width=&#8221;1\/2&#8243;][vc_column_text]<\/p>\n<h4>Anwendungstechnik<\/h4>\n<p>UNISIG baut flexible Maschinen und Automatisierungen, die eingesetzt werden m\u00fcssen, um die Bed\u00fcrfnisse unserer Kunden zu erf\u00fcllen. Es sind ziemlich viele <strong>neue Ideen und Designkreativit\u00e4t erforderlich, um L\u00f6sungen zu finden, ohne<\/strong> den von uns gebauten Systemen unn\u00f6tige Kosten oder Zykluszeit hinzuzuf\u00fcgen.<\/p>\n<p>Der UNISIG-Anwendungsprozess beginnt mit der Feststellung der Bed\u00fcrfnisse unserer Kunden in Bezug auf ihre gew\u00fcnschten Werkst\u00fccke. Nach einer \u00dcberpr\u00fcfung der Toleranzen, Produktionsvolumen und Teilehandhabungsanforderungen schlagen wir Werkzeuge vor, definieren Bearbeitungsparameter und w\u00e4hlen eine Maschine aus, die in der Lage ist, dies zu erf\u00fcllen.<\/p>\n<p>Zerspanungswerkzeuge und Roboter werden von unserem Anwendungssteam mit UNISIG-Maschinen kombiniert. Wir empfehlen unsren Kunden eine L\u00f6sung, unterst\u00fctzen Vertrieb und Marketing, um den Auftrag zu gewinnen, und beweisen dann, dass alles wie geplant funktioniert, indem wir unseren Kunden den gesamten Herstellungsprozess demonstrieren und schulen, damit sie schnell die Fertigungsverantwortung \u00fcbernehmen k\u00f6nnen.[\/vc_column_text][\/vc_column][vc_column width=&#8221;1\/2&#8243;][vc_single_image image=&#8221;201114&#8243; img_size=&#8221;large&#8221;][\/vc_column][\/vc_row][vc_row][vc_column css=&#8221;.vc_custom_1632590730983{margin-top: 30px !important;margin-bottom: 30px !important;}&#8221;][vc_separator][vc_column_text]<\/p>\n<h6 style=\"text-align: center;\">UNISIG KERNKOMPETENZEN<\/h6>\n<p style=\"text-align: center;\"><a href=\"https:\/\/unisig.com\/de\/kernkompetenz\/mechanische-konstruktion\" rel=\"noopener\">Konstruktion<\/a>\u00a0| <a href=\"https:\/\/unisig.com\/de\/kernkompetenz\/elektrotechnik\" rel=\"noopener\">Elektrotechnik<\/a> | <a href=\"https:\/\/unisig.com\/de\/kernkompetenz\/spanende-bearbeitung\/\" rel=\"noopener\">Spanende Bearbeitung |<\/a> <a href=\"https:\/\/unisig.com\/de\/kernkompentenzen\/blechbearbeitung\">Blechbearbeitung<\/a> |\u00a0<a href=\"https:\/\/unisig.com\/de\/kernkompetenz\/mechanische-montage\/\" rel=\"noopener\">Mechanische Montage<\/a> | <a href=\"https:\/\/unisig.com\/de\/kernkompetenz\/elektrische-montage\/\" rel=\"noopener\">Elektrische Montage<\/a> | <a href=\"https:\/\/unisig.com\/de\/kernkompetenz\/praezisionskalibrierung\/\" rel=\"noopener\">Pr\u00e4zisionskalibrierung<\/a>\u00a0| <a href=\"https:\/\/unisig.com\/de\/kernkompetenz\/maschinenservice\/\" rel=\"noopener\">Maschinenservice |<\/a> <a href=\"https:\/\/unisig.com\/de\/kernkompetenz\/schulung\/\">Schulung<\/a><\/p>\n<p>[\/vc_column_text][vc_separator][vc_column_text]<\/p>\n<h6 style=\"text-align: center;\">GEF\u00c4LLT IHNEN, WAS SIE SEHEN?<\/h6>\n<h6 style=\"text-align: center;\"><a href=\"https:\/\/unisig.com\/de\/karriere-bei-unisig\/\">Informieren Sie sich \u00fcber aktuelle Stellenangebote bei UNISIG<\/a><\/h6>\n<p>[\/vc_column_text][vc_separator][\/vc_column][\/vc_row]<\/p>\n<\/div>","protected":false},"excerpt":{"rendered":"<p>[vc_row][vc_column][vc_column_text][\/vc_column_text][\/vc_column][\/vc_row][vc_row gap=&#8221;30&#8243;][vc_column width=&#8221;1\/2&#8243;][vc_column_text] Kernkompetenz Konstruktion im Maschinenbau Die mechanische Konstruktion ist oft der Ausgangspunkt, um die Bed\u00fcrfnisse unserer Kunden zu interpretieren und Ideen zu tragf\u00e4higen Produkten zu entwickeln. UNISIG verf\u00fcgt \u00fcber au\u00dfergew\u00f6hnliche F\u00e4higkeiten im Konstruktionswesen, beginnend mit der fr\u00fchen Konzeptplanung, der Durchplanung mit Test bis zur Entwicklung des Endprodukts und der Anwendungen. Unser Team setzt<a href=\"https:\/\/unisig.com\/de\/kernkompetenz\/mechanische-konstruktion\" class=\"more-link\">Read More<\/a><\/p>\n","protected":false},"author":3,"featured_media":0,"parent":0,"menu_order":0,"comment_status":"closed","ping_status":"closed","template":"","meta":{"_acf_changed":false,"footnotes":""},"folder":[1175],"class_list":["post-201853","page","type-page","status-publish","hentry"],"acf":[],"_links":{"self":[{"href":"https:\/\/unisig.com\/de\/wp-json\/wp\/v2\/pages\/201853","targetHints":{"allow":["GET"]}}],"collection":[{"href":"https:\/\/unisig.com\/de\/wp-json\/wp\/v2\/pages"}],"about":[{"href":"https:\/\/unisig.com\/de\/wp-json\/wp\/v2\/types\/page"}],"author":[{"embeddable":true,"href":"https:\/\/unisig.com\/de\/wp-json\/wp\/v2\/users\/3"}],"replies":[{"embeddable":true,"href":"https:\/\/unisig.com\/de\/wp-json\/wp\/v2\/comments?post=201853"}],"version-history":[{"count":0,"href":"https:\/\/unisig.com\/de\/wp-json\/wp\/v2\/pages\/201853\/revisions"}],"wp:attachment":[{"href":"https:\/\/unisig.com\/de\/wp-json\/wp\/v2\/media?parent=201853"}],"wp:term":[{"taxonomy":"folder","embeddable":true,"href":"https:\/\/unisig.com\/de\/wp-json\/wp\/v2\/folder?post=201853"}],"curies":[{"name":"wp","href":"https:\/\/api.w.org\/{rel}","templated":true}]}}