{"id":201859,"date":"2021-11-19T09:32:02","date_gmt":"2021-11-19T15:32:02","guid":{"rendered":"https:\/\/stagingxx.unisig.com\/elektrotechnik\/"},"modified":"2023-06-07T07:02:15","modified_gmt":"2023-06-07T12:02:15","slug":"elektrotechnik","status":"publish","type":"page","link":"https:\/\/unisig.com\/de\/kernkompetenz\/elektrotechnik","title":{"rendered":"Elektrotechnik"},"content":{"rendered":"<div class=\"wpb-content-wrapper\"><p>[vc_row][vc_column][vc_column_text]\n\t\t\t<!-- START core electrical engineering REVOLUTION SLIDER 6.7.25 --><p class=\"rs-p-wp-fix\"><\/p>\n\t\t\t<rs-module-wrap id=\"rev_slider_21_1_wrapper\" data-source=\"gallery\" style=\"visibility:hidden;background:transparent;padding:0;margin:0px auto;margin-top:0;margin-bottom:0;\">\n\t\t\t\t<rs-module id=\"rev_slider_21_1\" style=\"\" data-version=\"6.7.25\">\n\t\t\t\t\t<rs-slides style=\"overflow: hidden; position: absolute;\">\n\t\t\t\t\t\t<rs-slide style=\"position: absolute;\" data-key=\"rs-26\" data-title=\"Slide\" data-duration=\"9000\" data-anim=\"ms:600;r:0;\" data-in=\"o:0;\" data-out=\"a:false;\">\n\t\t\t\t\t\t\t<img decoding=\"async\" src=\"\/\/unisig.com\/wp-content\/plugins\/revslider\/sr6\/assets\/assets\/dummy.png\" alt=\"\" title=\"Aerospace B600-3M Bottle Boring Control Screen\" width=\"1000\" height=\"660\" class=\"rev-slidebg tp-rs-img rs-lazyload\" data-lazyload=\"https:\/\/unisig.com\/wp-content\/smush-webp\/2022\/08\/Aerospace-B600-3M-Bottle-Boring-Control-Screen-1.jpg.webp\" data-no-retina>\n\t\t\t\t\t\t\t<rs-bgvideo \n\t\t\t\t\t\t\t\tdata-video=\"vc:none;w:100%;h:100%;nse:false;l:true;ptimer:false;\"\n\t\t\t\t\t\t\t\tdata-vimeoid=\"769873258\"\n\t\t\t\t\t\t\t\tdata-vatr=\"background=1&amp;title=0&amp;byline=0&amp;portrait=0&amp;api=1\"\n\t\t\t\t\t\t\t><\/rs-bgvideo>\n<!---->\t\t\t\t\t<\/rs-slide>\n\t\t\t\t\t<\/rs-slides>\n\t\t\t\t<\/rs-module>\n\t\t\t\t<script>\n\t\t\t\t\tsetREVStartSize({c: 'rev_slider_21_1',rl:[1240,1024,778,480],el:[720],gw:[1240],gh:[720],type:'standard',justify:'',layout:'fullwidth',mh:\"0\"});if (window.RS_MODULES!==undefined && window.RS_MODULES.modules!==undefined && window.RS_MODULES.modules[\"revslider211\"]!==undefined) {window.RS_MODULES.modules[\"revslider211\"].once = false;window.revapi21 = undefined;if (window.RS_MODULES.checkMinimal!==undefined) window.RS_MODULES.checkMinimal()}\n\t\t\t\t<\/script>\n\t\t\t<\/rs-module-wrap>\n\t\t\t<!-- END REVOLUTION SLIDER -->\n[\/vc_column_text][\/vc_column][\/vc_row][vc_row gap=&#8221;30&#8243;][vc_column width=&#8221;1\/2&#8243;][vc_column_text]<\/p>\n<h4>Kernkompetenz &#8211; Elektrotechnik<\/h4>\n<p>UNISIG Maschinen sind intelligent. Die Technologien, die unser Team entwickelt, ver\u00e4ndern Branchen. Die Elektrokonstruktion beeinflusst von Anfang an die Richtung des Maschinendesigns, um unsere Maschinen noch lange nach der Erstinvestition modern, leistungsstark und f\u00fcr unsere Kunden aktuell zu halten.<\/p>\n<p>Hochgeschwindigkeits-Servobewegungen, regenerative Antriebe und Pr\u00e4zisions-R\u00fcckmeldeger\u00e4te definieren eine moderne Werkzeugmaschine. Unsere Steuerungsingenieure entwerfen die intelligenten, automatisierten Maschinen der Zukunft.[\/vc_column_text][\/vc_column][vc_column width=&#8221;1\/2&#8243;][vc_column_text]<\/p>\n<h4>Elektrotechnik \u2013 Wie wir es besser machen<\/h4>\n<p>Unsere Ingenieure ber\u00fchren jeden Aspekt der Maschine w\u00e4hrend der Anlauf- und Inbetriebnahmephase eines Projekts. Sie erhalten direkte und ungeschminkte R\u00fcckmeldung von unseren Kunden w\u00e4hrend Schulungen und Remote-Fehlerbehebungssitzungen, w\u00e4hrend sie unsere Servicegruppe unterst\u00fctzen. Diese Erfahrung ist unerl\u00e4sslich, um ein gutes Urteilsverm\u00f6gen zu entwickeln, das f\u00fcr die Entwicklung der UNISIG-Produktlinie erforderlich ist.<\/p>\n<p>Trotz Unterst\u00fctzung von Weltklasse-Herstellern industrieller Hardware wie Siemens, Heidenhain und Fanuc, ist hier bei UNISIG die L\u00f6sung letztendlich unsere Eigene. Wir \u00fcbernehmen die Verantwortung f\u00fcr unsere Steuerungssysteme und wir wissen, was funktioniert und was nicht. Dies leitet uns bei der Evaluierung und Implementierung neuer Technologien, die UNISIG-Maschinen zum Stand der Technik machen.[\/vc_column_text][\/vc_column][\/vc_row][vc_row][vc_column css=&#8221;.vc_custom_1632590730983{margin-top: 30px !important;margin-bottom: 30px !important;}&#8221;][vc_separator][\/vc_column][\/vc_row][vc_row gap=&#8221;30&#8243; content_placement=&#8221;top&#8221;][vc_column width=&#8221;1\/2&#8243;][vc_single_image image=&#8221;201134&#8243; img_size=&#8221;large&#8221;][\/vc_column][vc_column width=&#8221;1\/2&#8243;][vc_column_text]<\/p>\n<h4>Entwicklung der Steuerungsarchitektur<\/h4>\n<p>Wir befolgen die etablierten technischen Richtlinien und elektrische Steuerungsvorschriften, um sichere Maschinen herzustellen, die \u00e4u\u00dferst zuverl\u00e4ssig sind. <strong>Doch das ist nur der Ausgangspunkt, nicht der Endpunkt.<\/strong> UNISIG-Ingenieure entwickeln Konzepte f\u00fcr unsere elektrischen Systeme, die \u00fcber Ger\u00e4tefamilien hinweg gemeinsam genutzt werden k\u00f6nnen, was uns einen Vorteil verschafft, wenn wir etwas Besonderes oder Neues entwickeln m\u00fcssen.<\/p>\n<p>Ein gut konzipiertes Steuerungssystem entspricht den Spezifikationen, muss aber auch M\u00f6glichkeiten f\u00fcr die Maschine er\u00f6ffnen, mehr f\u00fcr unsere Kunden zu tun, ohne die Bedienung oder Wartung zu erschweren. Viele unserer branchenf\u00fchrenden Innovationen stammen von einem der Steuerungsingenieure bei UNISIG, der einen intelligenteren Weg in die Zukunft fand.[\/vc_column_text][\/vc_column][\/vc_row][vc_row][vc_column css=&#8221;.vc_custom_1632590730983{margin-top: 30px !important;margin-bottom: 30px !important;}&#8221;][vc_separator][\/vc_column][\/vc_row][vc_row gap=&#8221;30&#8243; content_placement=&#8221;top&#8221; el_class=&#8221;row-reverse&#8221;][vc_column width=&#8221;1\/2&#8243;][vc_column_text]<\/p>\n<h4>Bewegungssteuerungstechnik<\/h4>\n<p><strong>Pr\u00e4zisionsmaschinen bewegen sich.<\/strong> Sie bewegen Werkzeuge mit exakter Kontrolle von Position und Geschwindigkeit in ein Werkst\u00fcck, w\u00e4hrend ein Schneidwerkzeug alles versucht, es vom programmierten Weg abzudr\u00e4ngen. W\u00e4hrend dies geschieht, m\u00fcssen in Echtzeit ausgew\u00e4hlte und relevante Informationen an den Bediener oder an die Maschinenintelligenz zur\u00fcckgesendet werden, um Entscheidungen zu treffen. Dies geschieht koordiniert mit vielen Servoachsen und Spindeln.<\/p>\n<p><strong>Automatisierung muss sich anders bewegen.<\/strong> Auf die effizienteste, sicherste und schnellste Weise von Punkt A nach Punkt B gelangen. Diese Bewegung zudem synchron mit anderen sich ver\u00e4ndernden Prozessen ausf\u00fchren oder sogar anderen Robotern, die Aufgaben parallel ausf\u00fchren. UNISIG baut Werkzeugmaschinen und Automatisierung, die von unseren Elektroingenieuren zu einer Einheit verkn\u00fcpft werden.[\/vc_column_text][\/vc_column][vc_column width=&#8221;1\/2&#8243;][vc_single_image image=&#8221;201132&#8243; img_size=&#8221;large&#8221;][\/vc_column][\/vc_row][vc_row][vc_column css=&#8221;.vc_custom_1632590730983{margin-top: 30px !important;margin-bottom: 30px !important;}&#8221;][vc_separator][\/vc_column][\/vc_row][vc_row gap=&#8221;30&#8243; content_placement=&#8221;top&#8221;][vc_column width=&#8221;1\/2&#8243;][vc_single_image image=&#8221;201136&#8243; img_size=&#8221;large&#8221;][\/vc_column][vc_column width=&#8221;1\/2&#8243;][vc_column_text]<\/p>\n<h4>Hardware-Design<\/h4>\n<p>UNISIG entwickelt Stromlaufpl\u00e4ne und elektrische Anlagen mit parametrischer Konstruktionssoftware und 3D-Modellierung im selben virtuellen Raum wie unsere Maschinenbauingenieure. <strong>Wir setzen auf Elektrotheorie und praktisches Design<\/strong> in einer Weise, die den Konstruktions-Zyklus verk\u00fcrzt und unsere Standards nutzt, um unn\u00f6tige Abweichungen in unserem modularen Systemansatz zu reduzieren.<\/p>\n<p>Hardwarelieferanten werden aufgrund ihrer Zuverl\u00e4ssigkeit, Leistung und der Anforderung Kunden weltweit bedienen zu k\u00f6nnen ausgew\u00e4hlt. UNISIG hat zudem direkten Zugang zu den Entwicklungsteams der Hardware-Anbieter als Grundbedingung f\u00fcr die Gesch\u00e4ftst\u00e4tigkeit, was uns weitere Einblicke in das Design und Leistungsf\u00e4higkeit gibt. Unsere Elektroingenieure verstehen es, diese Produkte bestm\u00f6glich einzusetzen und gleichzeitig die Kosten f\u00fcr unsere Kunden so niedrig wie m\u00f6glich zu halten.[\/vc_column_text][\/vc_column][\/vc_row][vc_row][vc_column css=&#8221;.vc_custom_1632590730983{margin-top: 30px !important;margin-bottom: 30px !important;}&#8221;][vc_separator][\/vc_column][\/vc_row][vc_row gap=&#8221;30&#8243; content_placement=&#8221;top&#8221; el_class=&#8221;row-reverse&#8221;][vc_column width=&#8221;1\/2&#8243;][vc_column_text]<\/p>\n<h4>Software-Design<\/h4>\n<p>UNISIG Maschinen verwenden durchgehend intelligente Steuerungsger\u00e4te. Diese Ger\u00e4te sind miteinander vernetzt und stehen unserer Software zur Steuerung und Diagnose zur Verf\u00fcgung. Unsere Ingenieure haben Softwarebibliotheken erstellt, die als Grundlage f\u00fcr neue Maschinen verwendet werden, so dass die Logik bew\u00e4hrt, unsere Maschinen zuverl\u00e4ssig sind und wir eine gro\u00dfe Installationsbasis bedienen k\u00f6nnen.<\/p>\n<p><strong>Die Mensch-Maschine-Schnittstelle und -programmierung wird stark von der tats\u00e4chlichen Nutzung der Maschinen durch unsere Steuerungsingenieure beeinflusst.<\/strong> W\u00e4hrend der Inbetriebnahme der Anlagen erfahren unsere Steuerungsingenieure, was unsere Techniker ben\u00f6tigen, um Probleme zu beheben. Kunden sind h\u00e4ufig der beste Tippgeber f\u00fcr Ideen zu leistungsstarken Maschinen, die dennoch sehr einfach zu bedienen sind.[\/vc_column_text][\/vc_column][vc_column width=&#8221;1\/2&#8243;][vc_single_image image=&#8221;201142&#8243; img_size=&#8221;large&#8221;][\/vc_column][\/vc_row][vc_row][vc_column css=&#8221;.vc_custom_1632590730983{margin-top: 30px !important;margin-bottom: 30px !important;}&#8221;][vc_separator][\/vc_column][\/vc_row][vc_row gap=&#8221;30&#8243; content_placement=&#8221;top&#8221;][vc_column width=&#8221;1\/2&#8243;][vc_single_image image=&#8221;201138&#8243; img_size=&#8221;large&#8221;][\/vc_column][vc_column width=&#8221;1\/2&#8243;][vc_column_text]<\/p>\n<h4>Maschineninbetriebnahme<\/h4>\n<p>Bei der Konstruktion geht es um Theorie, aber das Beste ist, sie in die Praxis umsetzen k\u00f6nnen. Unsere Elektroingenieure verbringen viel Zeit mit ihren Kreationen und arbeiten mit den Kollegen zusammen, die die Maschinen gebaut haben, um sie hochzufahren, Ger\u00e4te zu konfigurieren, Netzwerke zu verbinden und die Maschinen schlie\u00dflich zum Leben zu erwecken.<\/p>\n<p>Nach der Funktionsf\u00e4higkeit werden umfangreiche Abstimmungen der Bewegungssteuerung, Maschinenkalibrierung, Logiktests und Sicherheitspr\u00fcfungen durchgef\u00fchrt. Hier verbessert das UNISIG Elektrotechnik-Team die Konstruktion unserer Maschinen und automatisierten Systeme. <strong>Elektrische Verbesserungen sind nicht das einzige, was bei der Inbetriebnahme und Tests entdeckt wird.<\/strong> Unsere Mechanikteams verlassen sich auf die Elektroingenieure, um Problembereiche oder M\u00f6glichkeiten f\u00fcr eine h\u00f6here Leistung durch die fortschrittliche Diagnose und Technologie in UNISIG-Produkten zu lokalisieren.[\/vc_column_text][\/vc_column][\/vc_row][vc_row][vc_column css=&#8221;.vc_custom_1632590730983{margin-top: 30px !important;margin-bottom: 30px !important;}&#8221;][vc_separator][\/vc_column][\/vc_row][vc_row gap=&#8221;30&#8243; content_placement=&#8221;top&#8221; el_class=&#8221;row-reverse&#8221;][vc_column width=&#8221;1\/2&#8243;][vc_column_text]<\/p>\n<h4>Verbindung zu unseren Kunden<\/h4>\n<p>UNISIG Maschinen sind weltweit in Betrieb. <strong>Jede unserer Maschinen und automatisierten Systeme wird mit einem sicheren Fernwartungssystem ausgeliefert,<\/strong> das eine VPN-Verbindung von unserem Werk zu den Maschinen erm\u00f6glicht, die bei unseren Kunden vor Ort laufen.<\/p>\n<p>Unsere Elektroingenieure unterst\u00fctzen unsere Kunden bei der Fehlerbehebung oder unsere UNISIG-Au\u00dfendienstteams, wenn sie vor Ort Wartungs- oder Reparaturdienstleistungen f\u00fcr unsere Kunden erbringen.<\/p>\n<p>So erfahren wir viel \u00fcber die Zuverl\u00e4ssigkeit der Maschine und wie wir unsere Konstruktionen verbessern k\u00f6nnen, wenn wir aufgefordert werden, uns mit einer Maschine zu verbinden, die bereits viele tausend Stunden und in einigen F\u00e4llen Millionen von Zyklen gearbeitet hat.[\/vc_column_text][\/vc_column][vc_column width=&#8221;1\/2&#8243;][vc_single_image image=&#8221;201140&#8243; img_size=&#8221;large&#8221;][\/vc_column][\/vc_row][vc_row][vc_column css=&#8221;.vc_custom_1632590730983{margin-top: 30px !important;margin-bottom: 30px !important;}&#8221;][vc_separator][vc_column_text]<\/p>\n<h6 style=\"text-align: center;\">UNISIG KERNKOMPETENZEN<\/h6>\n<p style=\"text-align: center;\"><a href=\"https:\/\/unisig.com\/de\/kernkompetenz\/mechanische-konstruktion\" rel=\"noopener\">Konstruktion<\/a>\u00a0| <a href=\"https:\/\/unisig.com\/de\/kernkompetenz\/elektrotechnik\" rel=\"noopener\">Elektrotechnik<\/a> | <a href=\"https:\/\/unisig.com\/de\/kernkompetenz\/spanende-bearbeitung\/\" rel=\"noopener\">Spanende Bearbeitung |<\/a> <a href=\"https:\/\/unisig.com\/de\/kernkompentenzen\/blechbearbeitung\">Blechbearbeitung<\/a> |\u00a0<a href=\"https:\/\/unisig.com\/de\/kernkompetenz\/mechanische-montage\/\" rel=\"noopener\">Mechanische Montage<\/a> | <a href=\"https:\/\/unisig.com\/de\/kernkompetenz\/elektrische-montage\/\" rel=\"noopener\">Elektrische Montage<\/a> | <a href=\"https:\/\/unisig.com\/de\/kernkompetenz\/praezisionskalibrierung\/\" rel=\"noopener\">Pr\u00e4zisionskalibrierung<\/a>\u00a0| <a href=\"https:\/\/unisig.com\/de\/kernkompetenz\/maschinenservice\/\" rel=\"noopener\">Maschinenservice |<\/a> <a href=\"https:\/\/unisig.com\/de\/kernkompetenz\/schulung\/\">Schulung<\/a><\/p>\n<p>[\/vc_column_text][vc_separator][vc_column_text]<\/p>\n<h6 style=\"text-align: center;\">GEF\u00c4LLT IHNEN, WAS SIE SEHEN?<\/h6>\n<h6 style=\"text-align: center;\"><a href=\"https:\/\/unisig.com\/de\/karriere-bei-unisig\/\">Informieren Sie sich \u00fcber aktuelle Stellenangebote bei UNISIG<\/a><\/h6>\n<p>[\/vc_column_text][vc_separator][\/vc_column][\/vc_row]<\/p>\n<\/div>","protected":false},"excerpt":{"rendered":"<p>[vc_row][vc_column][vc_column_text][\/vc_column_text][\/vc_column][\/vc_row][vc_row gap=&#8221;30&#8243;][vc_column width=&#8221;1\/2&#8243;][vc_column_text] Kernkompetenz &#8211; Elektrotechnik UNISIG Maschinen sind intelligent. Die Technologien, die unser Team entwickelt, ver\u00e4ndern Branchen. Die Elektrokonstruktion beeinflusst von Anfang an die Richtung des Maschinendesigns, um unsere Maschinen noch lange nach der Erstinvestition modern, leistungsstark und f\u00fcr unsere Kunden aktuell zu halten. Hochgeschwindigkeits-Servobewegungen, regenerative Antriebe und Pr\u00e4zisions-R\u00fcckmeldeger\u00e4te definieren eine moderne Werkzeugmaschine. Unsere<a href=\"https:\/\/unisig.com\/de\/kernkompetenz\/elektrotechnik\" class=\"more-link\">Read More<\/a><\/p>\n","protected":false},"author":3,"featured_media":0,"parent":0,"menu_order":0,"comment_status":"closed","ping_status":"closed","template":"","meta":{"_acf_changed":false,"footnotes":""},"folder":[1175],"class_list":["post-201859","page","type-page","status-publish","hentry"],"acf":[],"_links":{"self":[{"href":"https:\/\/unisig.com\/de\/wp-json\/wp\/v2\/pages\/201859","targetHints":{"allow":["GET"]}}],"collection":[{"href":"https:\/\/unisig.com\/de\/wp-json\/wp\/v2\/pages"}],"about":[{"href":"https:\/\/unisig.com\/de\/wp-json\/wp\/v2\/types\/page"}],"author":[{"embeddable":true,"href":"https:\/\/unisig.com\/de\/wp-json\/wp\/v2\/users\/3"}],"replies":[{"embeddable":true,"href":"https:\/\/unisig.com\/de\/wp-json\/wp\/v2\/comments?post=201859"}],"version-history":[{"count":0,"href":"https:\/\/unisig.com\/de\/wp-json\/wp\/v2\/pages\/201859\/revisions"}],"wp:attachment":[{"href":"https:\/\/unisig.com\/de\/wp-json\/wp\/v2\/media?parent=201859"}],"wp:term":[{"taxonomy":"folder","embeddable":true,"href":"https:\/\/unisig.com\/de\/wp-json\/wp\/v2\/folder?post=201859"}],"curies":[{"name":"wp","href":"https:\/\/api.w.org\/{rel}","templated":true}]}}