{"id":201909,"date":"2021-11-23T04:43:22","date_gmt":"2021-11-23T10:43:22","guid":{"rendered":"https:\/\/stagingxx.unisig.com\/unisig-kernwerte\/"},"modified":"2023-07-21T04:14:29","modified_gmt":"2023-07-21T09:14:29","slug":"unisig-kernwerte","status":"publish","type":"page","link":"https:\/\/unisig.com\/de\/kompetenz\/unisig-zentrale-werte\/","title":{"rendered":"UNISIG zentrale Werte"},"content":{"rendered":"<div class=\"wpb-content-wrapper\"><p>[vc_row][vc_column][vc_column_text]\n\t\t\t<!-- START Generic REVOLUTION SLIDER 6.7.25 --><p class=\"rs-p-wp-fix\"><\/p>\n\t\t\t<rs-module-wrap id=\"rev_slider_27_1_wrapper\" data-source=\"gallery\" style=\"visibility:hidden;background:transparent;padding:0;margin:0px auto;margin-top:0;margin-bottom:0;\">\n\t\t\t\t<rs-module id=\"rev_slider_27_1\" style=\"\" data-version=\"6.7.25\">\n\t\t\t\t\t<rs-slides style=\"overflow: hidden; position: absolute;\">\n\t\t\t\t\t\t<rs-slide style=\"position: absolute;\" data-key=\"rs-33\" data-title=\"Slide\" data-duration=\"9000\" data-anim=\"ms:600;\" data-in=\"o:0;\" data-out=\"a:false;\">\n\t\t\t\t\t\t\t<img decoding=\"async\" src=\"\/\/unisig.com\/wp-content\/plugins\/revslider\/sr6\/assets\/assets\/dummy.png\" alt=\"\" title=\"video-banner-m\" width=\"1239\" height=\"566\" class=\"rev-slidebg tp-rs-img rs-lazyload\" data-lazyload=\"\/\/unisig.com\/wp-content\/uploads\/2021\/04\/video-banner-m.jpg\" data-no-retina>\n\t\t\t\t\t\t\t<rs-bgvideo \n\t\t\t\t\t\t\t\tdata-video=\"vc:none;w:100%;h:100%;nse:false;l:true;ptimer:false;\"\n\t\t\t\t\t\t\t\tdata-vimeoid=\"533688154\"\n\t\t\t\t\t\t\t\tdata-vatr=\"background=1&amp;title=0&amp;byline=0&amp;portrait=0&amp;api=1&amp;dnt=1\"\n\t\t\t\t\t\t\t><\/rs-bgvideo>\n<!---->\t\t\t\t\t<\/rs-slide>\n\t\t\t\t\t<\/rs-slides>\n\t\t\t\t<\/rs-module>\n\t\t\t\t<script>\n\t\t\t\t\tsetREVStartSize({c: 'rev_slider_27_1',rl:[1240,1240,1240,480],el:[600,600,600,720],gw:[1240,1240,1240,480],gh:[600,600,600,720],type:'standard',justify:'',layout:'fullwidth',mh:\"0\"});if (window.RS_MODULES!==undefined && window.RS_MODULES.modules!==undefined && window.RS_MODULES.modules[\"revslider271\"]!==undefined) {window.RS_MODULES.modules[\"revslider271\"].once = false;window.revapi27 = undefined;if (window.RS_MODULES.checkMinimal!==undefined) window.RS_MODULES.checkMinimal()}\n\t\t\t\t<\/script>\n\t\t\t<\/rs-module-wrap>\n\t\t\t<!-- END REVOLUTION SLIDER -->\n[\/vc_column_text][\/vc_column][\/vc_row][vc_row][vc_column css=&#8221;.vc_custom_1632590730983{margin-top: 30px !important;margin-bottom: 30px !important;}&#8221;][vc_separator][\/vc_column][\/vc_row][vc_row gap=&#8221;30&#8243;][vc_column width=&#8221;1\/2&#8243;][vc_column_text]<\/p>\n<h4>UNISIGs zentrale Werte<\/h4>\n<p>Engagierte Menschen, die alle an einem Strang ziehen, k\u00f6nnen alles erreichen. Unsere Werte werden von unseren besten Mitarbeitern inspiriert und helfen uns bestimmen, ob jemand der Richtige f\u00fcr einen Job ist. Sie werden nicht in der Reihenfolge ihrer Wichtigkeit geordnet.<\/p>\n<p><strong>Angetrieben vom Drang etwas zu bewegen<br \/>\n<\/strong><strong>Probleme l\u00f6sen, nicht verursachen<br \/>\n<\/strong><strong>Starke Individuen, die ein Team sch\u00e4tzen<br \/>\n<\/strong><strong>Mit dem Wunsch Neues zu entdecken<br \/>\n<\/strong><strong>Dem Detail und der Konsistenz verpflichtet<\/strong><\/p>\n<p>Obwohl wir die gleichen Werte teilen, unterscheiden sich die Menschen bei UNISIG sehr voneinander. Pers\u00f6nlichkeiten, Hintergr\u00fcnde, Erfahrungen und alles, was den Einzelnen einzigartig macht, erm\u00f6glichen es uns, unsere Ideen zu entwickeln und zu verbessern, ohne obsolet zu werden.[\/vc_column_text][\/vc_column][vc_column width=&#8221;1\/2&#8243;][vc_single_image image=&#8221;201530&#8243; img_size=&#8221;large&#8221; el_class=&#8221;row-reverse&#8221;][\/vc_column][\/vc_row][vc_row][vc_column css=&#8221;.vc_custom_1632590730983{margin-top: 30px !important;margin-bottom: 30px !important;}&#8221;][vc_separator][\/vc_column][\/vc_row][vc_row gap=&#8221;30&#8243; content_placement=&#8221;top&#8221; el_class=&#8221;row-reverse&#8221;][vc_column width=&#8221;1\/2&#8243;][vc_single_image image=&#8221;201556&#8243; img_size=&#8221;large&#8221;][\/vc_column][vc_column width=&#8221;1\/2&#8243;][vc_column_text]<\/p>\n<h4>Angetrieben vom Drang etwas zu bewegen<\/h4>\n<p>Das bedeutet nicht, dass wir bis zum Umfallen oder lange Stunden arbeiten, nur um etwas zu beweisen. Es bedeutet wenn wir arbeiten, machen wir das Beste aus unserer Zeit.<\/p>\n<p>Wenn es schwierig wird, wissen wir, wie wir Hemmnisse \u00fcberwinden und einen Weg nach vorne finden k\u00f6nnen. Das gibt uns mehr Selbstvertrauen, um die n\u00e4chste Herausforderung anzugehen und wir wachsen schneller.<\/p>\n<p>Alles, was wir tun, muss gut gemacht werden, weil es uns wichtig ist. Das macht uns besser.[\/vc_column_text][\/vc_column][\/vc_row][vc_row][vc_column css=&#8221;.vc_custom_1632590730983{margin-top: 30px !important;margin-bottom: 30px !important;}&#8221;][vc_separator][\/vc_column][\/vc_row][vc_row gap=&#8221;30&#8243; content_placement=&#8221;top&#8221; el_class=&#8221;row-reverse&#8221;][vc_column width=&#8221;1\/2&#8243;][vc_single_image image=&#8221;201552&#8243; img_size=&#8221;large&#8221;][\/vc_column][vc_column width=&#8221;1\/2&#8243;][vc_column_text]<\/p>\n<h4>Probleme l\u00f6sen, nicht verursachen<\/h4>\n<p>Wir wollen nichts komplexer machen als n\u00f6tig &#8211; Einfachheit ist schwer zu erreichen, aber die M\u00fche lohnt sich.<\/p>\n<p>Wir sind gut darin, Probleme zu l\u00f6sen, weil wir ihnen auf den Grund gehen, bevor wir Zeit damit verbringen, das Falsche zu beheben.<\/p>\n<p>Wir haben einen weiten \u00dcberblick \u00fcber unsere Umst\u00e4nde, so dass wir keine kurzsichtigen Entscheidungen treffen, die andere Probleme verursachen.[\/vc_column_text][\/vc_column][\/vc_row][vc_row][vc_column css=&#8221;.vc_custom_1632590730983{margin-top: 30px !important;margin-bottom: 30px !important;}&#8221;][vc_separator][\/vc_column][\/vc_row][vc_row gap=&#8221;30&#8243; content_placement=&#8221;top&#8221; el_class=&#8221;row-reverse&#8221;][vc_column width=&#8221;1\/2&#8243;][vc_single_image image=&#8221;201558&#8243; img_size=&#8221;large&#8221;][\/vc_column][vc_column width=&#8221;1\/2&#8243;][vc_column_text]<\/p>\n<h4>Starke Individuen, die ein Team sch\u00e4tzen<\/h4>\n<p>Unser Gesch\u00e4ft ist technisch, die Themen sind komplex und individuelles Talent zeigt sich in unseren endg\u00fcltigen L\u00f6sungen und in unseren Produkten.<\/p>\n<p>Wir wissen, dass ein Team von klugen Menschen, die zusammenarbeiten, viel mehr erreichen kann als eine Person allein, und wir als Individuen arbeiten deshalb auf einer h\u00f6heren Ebene.<\/p>\n<p>Das Team ist da, um Wissen zu teilen und allen zu helfen, mehr zu erreichen.[\/vc_column_text][\/vc_column][\/vc_row][vc_row][vc_column css=&#8221;.vc_custom_1632590730983{margin-top: 30px !important;margin-bottom: 30px !important;}&#8221;][vc_separator][\/vc_column][\/vc_row][vc_row gap=&#8221;30&#8243; content_placement=&#8221;top&#8221; el_class=&#8221;row-reverse&#8221;][vc_column width=&#8221;1\/2&#8243;][vc_single_image image=&#8221;201560&#8243; img_size=&#8221;large&#8221;][\/vc_column][vc_column width=&#8221;1\/2&#8243;][vc_column_text]<\/p>\n<h4>Wunsch zu finden, was als n\u00e4chstes kommt<\/h4>\n<p>Die Welt ver\u00e4ndert sich st\u00e4ndig. Technologie und die Werkzeuge, die wir verwenden, sind nicht station\u00e4r. Wir verstehen, was uns letztes Jahr gro\u00dfartig gemacht hat, vielleicht nur heute gut. Indem wir immer nach vorne schauen, was als n\u00e4chstes kommt, werden wir nicht irrelevant oder veraltet.<\/p>\n<p>Wir sehen diese Ver\u00e4nderung als Chance und wollen nach Verbesserungen suchen, die uns voranbringen. Unser vorausschauendes Denken macht uns sicher, egal was passiert.<\/p>\n<p>Wenn wir herausfinden, was als n\u00e4chstes f\u00fcr uns und das Unternehmen kommt, entstehen neue M\u00f6glichkeiten f\u00fcr Fortschritt und Wachstum.[\/vc_column_text][\/vc_column][\/vc_row][vc_row][vc_column css=&#8221;.vc_custom_1632590730983{margin-top: 30px !important;margin-bottom: 30px !important;}&#8221;][vc_separator][\/vc_column][\/vc_row][vc_row gap=&#8221;30&#8243; content_placement=&#8221;top&#8221; el_class=&#8221;row-reverse&#8221;][vc_column width=&#8221;1\/2&#8243;][vc_single_image image=&#8221;201554&#8243; img_size=&#8221;large&#8221;][\/vc_column][vc_column width=&#8221;1\/2&#8243;][vc_column_text]<\/p>\n<h4>Dem Detail und der Konsistenz verpflichtet<\/h4>\n<p>Wir bauen hochwertige Produkte mit Tausenden von Teilen, Dimensionen und Transaktionen, die andere \u00fcberfordern w\u00fcrden, die nicht \u00fcber unser Verst\u00e4ndnis und unsere Ausbildung verf\u00fcgen.<\/p>\n<p>Wir wissen, dass es schneller ist, etwas sehr gut und pr\u00e4zise zu machen, als planlos zu arbeiten und auf ein gutes Ergebnis zu hoffen.<\/p>\n<p>Unsere Mitarbeiter lernen, dass Details wichtig sind, jeden Tag, jedes Mal. Dies erzeugt eine Energie, die es uns erm\u00f6glicht, uns effizient zu bewegen, anstatt sie wegzunehmen, wenn wir anhalten, um vermeidbare Probleme zu beheben.[\/vc_column_text][\/vc_column][\/vc_row][vc_row][vc_column css=&#8221;.vc_custom_1632590730983{margin-top: 30px !important;margin-bottom: 30px !important;}&#8221;][vc_separator][vc_column_text]<\/p>\n<h6 style=\"text-align: center;\">GEF\u00c4LLT IHNEN, WAS SIE SEHEN? <a href=\"https:\/\/unisig.com\/de\/karriere-bei-unisig\/\">Informieren Sie sich \u00fcber aktuelle Stellenangebote bei UNISIG<\/a><\/h6>\n<p>[\/vc_column_text][vc_separator][\/vc_column][\/vc_row]<\/p>\n<\/div>","protected":false},"excerpt":{"rendered":"<p>[vc_row][vc_column][vc_column_text][\/vc_column_text][\/vc_column][\/vc_row][vc_row][vc_column css=&#8221;.vc_custom_1632590730983{margin-top: 30px !important;margin-bottom: 30px !important;}&#8221;][vc_separator][\/vc_column][\/vc_row][vc_row gap=&#8221;30&#8243;][vc_column width=&#8221;1\/2&#8243;][vc_column_text] UNISIGs zentrale Werte Engagierte Menschen, die alle an einem Strang ziehen, k\u00f6nnen alles erreichen. Unsere Werte werden von unseren besten Mitarbeitern inspiriert und helfen uns bestimmen, ob jemand der Richtige f\u00fcr einen Job ist. Sie werden nicht in der Reihenfolge ihrer Wichtigkeit geordnet. Angetrieben vom Drang etwas<a href=\"https:\/\/unisig.com\/de\/kompetenz\/unisig-zentrale-werte\/\" class=\"more-link\">Read More<\/a><\/p>\n","protected":false},"author":3,"featured_media":0,"parent":0,"menu_order":0,"comment_status":"closed","ping_status":"closed","template":"","meta":{"_acf_changed":false,"footnotes":""},"folder":[1175],"class_list":["post-201909","page","type-page","status-publish","hentry"],"acf":[],"_links":{"self":[{"href":"https:\/\/unisig.com\/de\/wp-json\/wp\/v2\/pages\/201909","targetHints":{"allow":["GET"]}}],"collection":[{"href":"https:\/\/unisig.com\/de\/wp-json\/wp\/v2\/pages"}],"about":[{"href":"https:\/\/unisig.com\/de\/wp-json\/wp\/v2\/types\/page"}],"author":[{"embeddable":true,"href":"https:\/\/unisig.com\/de\/wp-json\/wp\/v2\/users\/3"}],"replies":[{"embeddable":true,"href":"https:\/\/unisig.com\/de\/wp-json\/wp\/v2\/comments?post=201909"}],"version-history":[{"count":0,"href":"https:\/\/unisig.com\/de\/wp-json\/wp\/v2\/pages\/201909\/revisions"}],"wp:attachment":[{"href":"https:\/\/unisig.com\/de\/wp-json\/wp\/v2\/media?parent=201909"}],"wp:term":[{"taxonomy":"folder","embeddable":true,"href":"https:\/\/unisig.com\/de\/wp-json\/wp\/v2\/folder?post=201909"}],"curies":[{"name":"wp","href":"https:\/\/api.w.org\/{rel}","templated":true}]}}