{"id":201912,"date":"2021-11-23T04:44:19","date_gmt":"2021-11-23T10:44:19","guid":{"rendered":"https:\/\/stagingxx.unisig.com\/bearbeitung\/"},"modified":"2023-06-07T07:03:28","modified_gmt":"2023-06-07T12:03:28","slug":"spanende-bearbeitung","status":"publish","type":"page","link":"https:\/\/unisig.com\/de\/kernkompetenz\/spanende-bearbeitung\/","title":{"rendered":"Spanende Bearbeitung"},"content":{"rendered":"<div class=\"wpb-content-wrapper\"><p>[vc_row][vc_column][vc_column_text]\n\t\t\t<!-- START core machining REVOLUTION SLIDER 6.7.25 --><p class=\"rs-p-wp-fix\"><\/p>\n\t\t\t<rs-module-wrap id=\"rev_slider_20_1_wrapper\" data-source=\"gallery\" style=\"visibility:hidden;background:transparent;padding:0;margin:0px auto;margin-top:0;margin-bottom:0;\">\n\t\t\t\t<rs-module id=\"rev_slider_20_1\" style=\"\" data-version=\"6.7.25\">\n\t\t\t\t\t<rs-slides style=\"overflow: hidden; position: absolute;\">\n\t\t\t\t\t\t<rs-slide style=\"position: absolute;\" data-key=\"rs-25\" data-title=\"Slide\" data-duration=\"9000\" data-anim=\"ms:600;r:0;\" data-in=\"o:0;\" data-out=\"a:false;\">\n\t\t\t\t\t\t\t<img decoding=\"async\" src=\"\/\/unisig.com\/wp-content\/plugins\/revslider\/sr6\/assets\/assets\/dummy.png\" alt=\"\" title=\"Entrust Okuma lights out machining w logo\" width=\"1920\" height=\"1080\" class=\"rev-slidebg tp-rs-img rs-lazyload\" data-lazyload=\"https:\/\/unisig.com\/wp-content\/smush-webp\/2021\/09\/Entrust-Okuma-lights-out-machining-w-logo.jpeg.webp\" data-no-retina>\n\t\t\t\t\t\t\t<rs-bgvideo \n\t\t\t\t\t\t\t\tdata-video=\"vc:none;w:100%;h:100%;nse:false;l:true;ptimer:false;\"\n\t\t\t\t\t\t\t\tdata-vimeoid=\"762639382\"\n\t\t\t\t\t\t\t\tdata-vatr=\"background=1&amp;title=0&amp;byline=0&amp;portrait=0&amp;api=1\"\n\t\t\t\t\t\t\t><\/rs-bgvideo>\n<!--\n\t\t\t\t\t\t\t--><a\n\t\t\t\t\t\t\t\tid=\"slider-20-slide-25-layer-0\" \n\t\t\t\t\t\t\t\tclass=\"rs-layer rev-btn\"\n\t\t\t\t\t\t\t\thref=\"https:\/\/unisig.com\/careers-at-unisig\" target=\"_self\" rel=\"nofollow\"\n\t\t\t\t\t\t\t\tdata-type=\"button\"\n\t\t\t\t\t\t\t\tdata-color=\"#ffffff\"\n\t\t\t\t\t\t\t\tdata-rsp_ch=\"on\"\n\t\t\t\t\t\t\t\tdata-xy=\"x:44px;y:647px;\"\n\t\t\t\t\t\t\t\tdata-text=\"w:normal;s:18;l:50;fw:500;\"\n\t\t\t\t\t\t\t\tdata-dim=\"minh:0px;\"\n\t\t\t\t\t\t\t\tdata-padding=\"r:40;l:40;\"\n\t\t\t\t\t\t\t\tdata-border=\"bor:3px,3px,3px,3px;\"\n\t\t\t\t\t\t\t\tdata-frame_999=\"o:0;st:w;\"\n\t\t\t\t\t\t\t\tdata-frame_hover=\"bgc:#035f9c;bor:3px,3px,3px,3px;sp:100;e:power1.inOut;bri:120%;\"\n\t\t\t\t\t\t\t\tstyle=\"z-index:5;background-color:#005288;font-family:'open_sansregular';\"\n\t\t\t\t\t\t\t>See CNC Machinist Job Openings at UNISIG \n\t\t\t\t\t\t\t<\/a><!--\n-->\t\t\t\t\t<\/rs-slide>\n\t\t\t\t\t<\/rs-slides>\n\t\t\t\t<\/rs-module>\n\t\t\t\t<script>\n\t\t\t\t\tsetREVStartSize({c: 'rev_slider_20_1',rl:[1240,1024,778,480],el:[720],gw:[1240],gh:[720],type:'standard',justify:'',layout:'fullwidth',mh:\"0\"});if (window.RS_MODULES!==undefined && window.RS_MODULES.modules!==undefined && window.RS_MODULES.modules[\"revslider201\"]!==undefined) {window.RS_MODULES.modules[\"revslider201\"].once = false;window.revapi20 = undefined;if (window.RS_MODULES.checkMinimal!==undefined) window.RS_MODULES.checkMinimal()}\n\t\t\t\t<\/script>\n\t\t\t<\/rs-module-wrap>\n\t\t\t<!-- END REVOLUTION SLIDER -->\n[\/vc_column_text][\/vc_column][\/vc_row][vc_row gap=&#8221;30&#8243;][vc_column width=&#8221;1\/2&#8243;][vc_column_text]<\/p>\n<h4>Kernkompetenz &#8211; CNC-Bearbeitung<\/h4>\n<p>Einige Maschinenbauer lagern viele ihrer Pr\u00e4zisionskomponenten aus. Die produktive CNC-Bearbeitung ist nicht einfach, die produktive Bearbeitung von hochgenauen Werkst\u00fccken noch schwieriger.<\/p>\n<p>Wir bei UNISIG glauben, dass die eigene Herstellung wichtiger Komponenten als Kernkompetenz absolut notwendig ist, um unsere F\u00fchrungsposition als Werkzeugmaschinenbauer zu behaupten.<\/p>\n<p>Nicht nur die Teile, die wir herstellen, sind denen der Konkurrenz \u00fcberlegen, die st\u00e4ndige Interaktion zwischen Ingenieuren und Zerspanungsexperten verbessert unser Verst\u00e4ndnis daf\u00fcr, wie wir unsere Produkte entwerfen und fertigen.[\/vc_column_text][\/vc_column][vc_column width=&#8221;1\/2&#8243;][vc_column_text]<\/p>\n<h4>CNC-Bearbeitung &#8211; Wie wir es besser machen<\/h4>\n<p>Das geschieht nicht zuf\u00e4llig. Wir tun es mit voller Absicht. Wir haben dutzende Millionen in unseren Maschinenpark, Fertigungstechnologie und Automatisierung investiert.<\/p>\n<p>Am wichtigsten ist, dass wir durch Schulungen und die Entwicklung unserer Best Practices in unsere Mitarbeiter investiert haben, damit wir zu Recht behaupten k\u00f6nnen, einige der besten Maschinisten und Programmierer in der Branche zu sein.<\/p>\n<p>Unsere Zielsetzung ist die automatisierte Bearbeitung, egal ob wir hundert Spindelwellen oder ein kritisches Teil mit hundert Stunden CNC-Maschinenzeit herstellen. Wir bearbeiten auf dem neuesten Stand der Technik und treiben so unsere Technik und Maschinen voran.[\/vc_column_text][\/vc_column][\/vc_row][vc_row][vc_column css=&#8221;.vc_custom_1632590730983{margin-top: 30px !important;margin-bottom: 30px !important;}&#8221;][vc_separator][\/vc_column][\/vc_row][vc_row gap=&#8221;30&#8243; content_placement=&#8221;top&#8221;][vc_column width=&#8221;1\/2&#8243;][vc_single_image image=&#8221;201524&#8243; img_size=&#8221;large&#8221;][\/vc_column][vc_column width=&#8221;1\/2&#8243;][vc_column_text]<\/p>\n<h4>Bearbeitung gro\u00dfer Teile<\/h4>\n<p>Maschinenbetten, Fahrst\u00e4nder, gro\u00dfe Strukturen, Pr\u00e4zisionstr\u00e4gergruppen &#8211; das sind die Teile, die niemand besser macht als UNISIG.<\/p>\n<p><strong>Bis zu 50 Tonnen schwere Komponenten k\u00f6nnen wir 5-seitig in einer Aufspannung bearbeiten.<\/strong> Unser gr\u00f6\u00dftes Portal-Bearbeitungszentrum hat einen Bearbeitungsraum von 3,5 x 10,2 x 2,2 m [138 x 402 x 87 &#8220;] und ist mit einem automatischen Kopfwechsler, 180-Fach-Werkzeugwechsler, Werkst\u00fccktaster und Werkzeugeinstellung ausgestattet.<\/p>\n<p>Alle unsere CNC-Maschinen mit gro\u00dfer Kapazit\u00e4t sind auf speziell ausgelegten Fundamenten installiert, um eine sehr hohe Stabilit\u00e4t und Genauigkeit zu gew\u00e4hrleisten, wenn schwere Teile auf die Maschinen gebracht werden.<\/p>\n<p>Die Gruppe von Maschinenbauern bei UNISIG bietet regelm\u00e4\u00dfige Laserausrichtungs- und Kalibrierungsdienste f\u00fcr unsere Maschinen an, was einen extrem zuverl\u00e4ssigen mannlosen Betrieb erm\u00f6glicht.[\/vc_column_text][\/vc_column][\/vc_row][vc_row][vc_column css=&#8221;.vc_custom_1632590730983{margin-top: 30px !important;margin-bottom: 30px !important;}&#8221;][vc_separator][\/vc_column][\/vc_row][vc_row gap=&#8221;30&#8243; content_placement=&#8221;top&#8221; el_class=&#8221;row-reverse&#8221;][vc_column width=&#8221;1\/2&#8243;][vc_column_text]<\/p>\n<h4>Horizontale Bearbeitung<\/h4>\n<p>UNISIG produziert CNC-Pr\u00e4zisionswerkzeugmaschinen und automatisierte Systeme. Das Herzst\u00fcck der hochwertigen Ausr\u00fcstung die wir fertigen, sind geometrisch kritische Spindelgeh\u00e4use, Schlitten, Maschinenbetten und Schlitteneinheiten.<\/p>\n<p>Dazu setzten wir hochgenaue Doppelpaletten-Bearbeitungszentren mit au\u00dfergew\u00f6hnlich hoher Installationsgenauigkeit ein. Alle Maschinen sind mit gro\u00dfen Werkzeugwechslern, Werkzeug- und Werkst\u00fccksonden, Hochdruckk\u00fchlmittelsystemen und speziellen Spanentfernungs- und K\u00fchlmittelfiltrationssystemen ausgestattet.<\/p>\n<p><strong>Niemand wartet gerne, und unsere Kunden bezahlen uns nicht daf\u00fcr.<\/strong> Wir haben 630 mm, 1.000 mm und 1.250 mm Palettensysteme in unserer Fertigung. Alle Maschinen sind nicht nur sehr genau, sondern haben auch sehr hohe Schnittraten im Bereich von 42-50 m\/min [1650 &#8211; 2000 IPM].[\/vc_column_text][\/vc_column][vc_column width=&#8221;1\/2&#8243;][vc_single_image image=&#8221;201522&#8243; img_size=&#8221;large&#8221;][\/vc_column][\/vc_row][vc_row][vc_column css=&#8221;.vc_custom_1632590730983{margin-top: 30px !important;margin-bottom: 30px !important;}&#8221;][vc_separator][\/vc_column][\/vc_row][vc_row gap=&#8221;30&#8243; content_placement=&#8221;top&#8221;][vc_column width=&#8221;1\/2&#8243;][vc_single_image image=&#8221;201513&#8243; img_size=&#8221;large&#8221;][\/vc_column][vc_column width=&#8221;1\/2&#8243;][vc_column_text]<\/p>\n<h4>5-Achs-Fr\u00e4sen<\/h4>\n<p>Unsere Werkst\u00fccke sind h\u00e4ufig sehr komplex und erfordern normalerweise viele Einrichtungsschritte. Wir betreiben 5-Achs-Fr\u00e4smaschinen, um manuelle Eingriffe zu vermeiden, die den automatischen Betrieb der Maschinen verhindern.<\/p>\n<p>Die Bearbeitung eines Werkst\u00fcckes mit weniger R\u00fcstvorg\u00e4ngen spart nicht nur Zeit, sondern erh\u00f6ht auch die Genauigkeit und erm\u00f6glicht es, die m\u00fchsamsten Aspekte der Bearbeitung und des Nachbearbeitungsentgratens von der Maschine erledigen zu lassen.<\/p>\n<p><strong>Unsere 5-Achs-Fr\u00e4sf\u00e4higkeit f\u00fcr Kleinteile spart Tage<\/strong> in der Produktion von Vorrichtungen und Werkzeugen. Glasma\u00dfst\u00e4be und Drehgeber erm\u00f6glichen es uns, hochgenaue Merkmale in vielen F\u00e4llen zu interpolieren, anstatt zu reiben und zu bohren.[\/vc_column_text][\/vc_column][\/vc_row][vc_row][vc_column css=&#8221;.vc_custom_1632590730983{margin-top: 30px !important;margin-bottom: 30px !important;}&#8221;][vc_separator][\/vc_column][\/vc_row][vc_row gap=&#8221;30&#8243; content_placement=&#8221;top&#8221; el_class=&#8221;row-reverse&#8221;][vc_column width=&#8221;1\/2&#8243;][vc_column_text]<\/p>\n<h4>CNC Drehen und Fr\u00e4sen \/ Drehen Multi-Task-Bearbeitung<\/h4>\n<p>xxUNISIG-Maschinen verf\u00fcgen \u00fcber viele pr\u00e4zisionsdrehende Spindeln, Antriebswellen und Werkzeugkomponenten. Einige dieser Teile verf\u00fcgen \u00fcber gefr\u00e4ste Antriebsmerkmale, abgewinkelte L\u00f6cher f\u00fcr den Fl\u00fcssigkeitsdurchgang und Taschen f\u00fcr die Instrumentierung.<\/p>\n<p>Unsere CNC-Drehmaschinen beginnen mit Schmiedeteilen oder Legierungsstangen und entfernen sehr schnell viel Metall. Dann gehen wir zur Feinbearbeitung wichtiger Merkmale an den Teilen \u00fcber &#8211; in einigen F\u00e4llen nach der W\u00e4rmebehandlung mit Hartdrehstrategien.<\/p>\n<p>Das Verschieben von Teilen zwischen einer CNC-Drehmaschine und einer CNC-Fr\u00e4se erfordert Zeit und reduziert die M\u00f6glichkeit, die Maschinen automatisch zu betreiben, so dass <strong>UNISIG Multitasking-Fr\u00e4s- \/ Drehger\u00e4te mit 5-Achsen-F\u00e4higkeiten verwendet, um unsere komplexesten Komponenten herzustellen.<\/strong><\/p>\n<p>5-Achsen-Fr\u00e4sen \/ Drehen verbessert auch die Genauigkeit, da die Teile mit weniger Setups vollst\u00e4ndig bearbeitet werden. Wir k\u00f6nnen auch die fortschrittliche Bewegungssteuerung f\u00fcr Entgratzyklen verwenden, um Handarbeit zu eliminieren und die Teile qualitativ \u00fcberlegen zu machen.[\/vc_column_text][\/vc_column][vc_column width=&#8221;1\/2&#8243;][vc_single_image image=&#8221;201527&#8243; img_size=&#8221;large&#8221;][\/vc_column][\/vc_row][vc_row][vc_column css=&#8221;.vc_custom_1632590730983{margin-top: 30px !important;margin-bottom: 30px !important;}&#8221;][vc_separator][\/vc_column][\/vc_row][vc_row gap=&#8221;30&#8243; content_placement=&#8221;top&#8221;][vc_column width=&#8221;1\/2&#8243;][vc_single_image image=&#8221;201520&#8243; img_size=&#8221;large&#8221;][\/vc_column][vc_column width=&#8221;1\/2&#8243;][vc_column_text]<\/p>\n<h4>Verwaltung von Schneidwerkzeugen<\/h4>\n<p>CNC-Maschinen ben\u00f6tigen die richtigen Schneidwerkzeuge. Obwohl alle unsere Maschinen \u00fcber Werkzeugeinrichter f\u00fcr die Offset-Verifizierung verf\u00fcgen, hebt UNISIG das Werkzeugmanagement mit der Offline-Werkzeugeinrichtung auf die n\u00e4chste Stufe.<\/p>\n<p>Mit unserem programmierbaren Zoller Presetter k\u00f6nnen wir jede Kontur an Werkzeug und Halter innerhalb von Mikrometern messen und diese Informationen an die CNC an den Maschinen \u00fcbermitteln. Ein 3D-Modell der Werkzeugbaugruppe kann auch zur Programmierung exportiert werden.<\/p>\n<p><strong>Wir haben Tausende von Werkzeugen in unserer Werkstatt,<\/strong> um das optimale Bearbeitungsergebnis in einer Vielzahl von Werkst\u00fccken zu erzielen. Wir besitzen unser Automatensystem, das Werkzeuge ausgibt. Unsere engagierten Werkzeug-Setup-Mitarbeiter verwalten Bibliotheken und stellen sicher, dass unsere Maschinisten \u00fcber das verf\u00fcgen, was sie ben\u00f6tigen, um ihre Maschinen automatisch zu betreiben.[\/vc_column_text][\/vc_column][\/vc_row][vc_row][vc_column css=&#8221;.vc_custom_1632590730983{margin-top: 30px !important;margin-bottom: 30px !important;}&#8221;][vc_separator][\/vc_column][\/vc_row][vc_row gap=&#8221;30&#8243; content_placement=&#8221;top&#8221; el_class=&#8221;row-reverse&#8221;][vc_column width=&#8221;1\/2&#8243;][vc_column_text]<\/p>\n<h4>Programmierung und Simulation<\/h4>\n<p>Die CNC-Bearbeitung hat sich in den letzten Jahren in vielerlei Hinsicht drastisch ver\u00e4ndert. Die Maschinen sind leistungsf\u00e4higer und die Schneidwerkzeuge sind so weit fortgeschritten, dass es fr\u00fcher undenkbar war.<\/p>\n<p>CNC-Bearbeitungsgeschwindigkeit, mehrachsige simultane Werkzeugwege und Automatisierung in der Maschine erm\u00f6glichen einen kontinuierlichen Bearbeitungsstrom ohne Unterbrechung.<\/p>\n<p>Damit all dies bei kleinauflagen, hochgenauen Teilen funktioniert, bringt UNISIG die gesamte Bearbeitungsumgebung &#8211; Teile, Werkzeuge, Vorrichtungen und Maschinen &#8211; in 3D, was es unseren Programmierern erm\u00f6glicht, innovativ zu sein und die Grenzen zu \u00fcberschreiten.<\/p>\n<p><strong>Niemand will eine Drei-Millionen-Dollar-Maschine zum Absturz bringen,<\/strong>aber wir m\u00fcssen schnell handeln, um wettbewerbsf\u00e4hig zu sein. Um dies ohne Risiko zu erm\u00f6glichen, verwenden wir Vericut f\u00fcr die vollst\u00e4ndige 3D-Simulation und Verifikation nach der Programmierung, um Probleme virtuell zu finden und niemals langsamer zu werden.[\/vc_column_text][\/vc_column][vc_column width=&#8221;1\/2&#8243;][vc_single_image image=&#8221;201518&#8243; img_size=&#8221;large&#8221;][\/vc_column][\/vc_row][vc_row][vc_column css=&#8221;.vc_custom_1632590730983{margin-top: 30px !important;margin-bottom: 30px !important;}&#8221;][vc_separator][\/vc_column][\/vc_row][vc_row gap=&#8221;30&#8243; content_placement=&#8221;top&#8221;][vc_column width=&#8221;1\/2&#8243;][vc_single_image image=&#8221;201516&#8243; img_size=&#8221;large&#8221;][\/vc_column][vc_column width=&#8221;1\/2&#8243;][vc_column_text]<\/p>\n<h4>Modulares Fixturing<\/h4>\n<p>Die Zeiten improvisierter Setups, die Angst, ein Teil von Locators zu schieben und eine Klemme mit der Spindel zu treffen, sind vorbei f\u00fcr Gesch\u00e4fte, die den Sprung zu einem System der Befestigung ihrer Teile machen.<\/p>\n<p>Alle Fr\u00e4smaschinen von UNISIG sind mit einer modularen FCS-Befestigung ausgestattet. Dies hat unsere gesamte Denkweise ver\u00e4ndert, wenn wir unsere Bearbeitungsschritte planen und unsere Palettensysteme einsetzen.<\/p>\n<p>Es macht uns nichts aus, das zu sagen &#8211; wir haben diese Idee von unseren besten Kunden in der Formenindustrie \u00fcbernommen, und sie funktioniert sehr gut f\u00fcr die Herstellung unserer Pr\u00e4zisionswerkzeugmaschinenkomponenten.<\/p>\n<p>Mehrere hunderttausend Dollar f\u00fcr die Reparatur auszugeben, mag \u00fcbertrieben erscheinen, aber <strong>wir sch\u00e4tzen die Zeit unserer Maschinisten.<\/strong> Wir haben die Anfangsinvestition mehr als bezahlt und es verbessert unsere Gewinne jeden Tag, an dem unser Gesch\u00e4ft l\u00e4uft.[\/vc_column_text][\/vc_column][\/vc_row][vc_row][vc_column css=&#8221;.vc_custom_1632590730983{margin-top: 30px !important;margin-bottom: 30px !important;}&#8221;][vc_separator][\/vc_column][\/vc_row][vc_row gap=&#8221;30&#8243; content_placement=&#8221;top&#8221; el_class=&#8221;row-reverse&#8221;][vc_column width=&#8221;1\/2&#8243;][vc_column_text]<\/p>\n<h4>Ausbildung<\/h4>\n<p>UNISIG engagiert sich f\u00fcr unsere Zukunft als f\u00fchrendes Unternehmen in der CNC-Bearbeitung. Wir haben festgestellt, dass <strong>auch intelligente, erfahrene Maschinisten eine kontinuierliche Weiterbildung ben\u00f6tigen, um an der Spitze ihres Berufs zu bleiben.<\/strong><\/p>\n<p>Neue Maschinisten ben\u00f6tigen neben den extremen Grundlagen der Metallbearbeitung auch eine Infusion von Technologie, und wir haben unsere Ausbildung an diese neue Welt der Bearbeitung angepasst.<\/p>\n<p>Unser Schulungslabor ist mit einer CNC-Fr\u00e4smaschine und einer CNC-Drehmaschine ausgestattet. Diese Maschinen werden verwendet, um unsere Mitarbeiter durch die Grundlagen zu fortschrittlichen Bearbeitungskonzepten zu bewegen.<\/p>\n<p>Nicht nur Maschinisten sind in unserer Art der Bearbeitung geschult. Ingenieure, Maschinenbauer und Servicetechniker gewinnen Einblicke, wenn sie wissen, wie CNC-Maschinen innen und au\u00dfen funktionieren.[\/vc_column_text][\/vc_column][vc_column width=&#8221;1\/2&#8243;][vc_single_image image=&#8221;201510&#8243; img_size=&#8221;large&#8221;][\/vc_column][\/vc_row][vc_row][vc_column css=&#8221;.vc_custom_1632590730983{margin-top: 30px !important;margin-bottom: 30px !important;}&#8221;][vc_separator][vc_column_text]<\/p>\n<h6 style=\"text-align: center;\">UNISIG KERNKOMPETENZEN<\/h6>\n<p style=\"text-align: center;\"><a href=\"https:\/\/unisig.com\/de\/kernkompetenz\/mechanische-konstruktion\" rel=\"noopener\">Konstruktion<\/a>\u00a0| <a href=\"https:\/\/unisig.com\/de\/kernkompetenz\/elektrotechnik\" rel=\"noopener\">Elektrotechnik<\/a> | <a href=\"https:\/\/unisig.com\/de\/kernkompetenz\/spanende-bearbeitung\/\" rel=\"noopener\">Spanende Bearbeitung |<\/a> <a href=\"https:\/\/unisig.com\/de\/kernkompentenzen\/blechbearbeitung\">Blechbearbeitung<\/a> |\u00a0<a href=\"https:\/\/unisig.com\/de\/kernkompetenz\/mechanische-montage\/\" rel=\"noopener\">Mechanische Montage<\/a> | <a href=\"https:\/\/unisig.com\/de\/kernkompetenz\/elektrische-montage\/\" rel=\"noopener\">Elektrische Montage<\/a> | <a href=\"https:\/\/unisig.com\/de\/kernkompetenz\/praezisionskalibrierung\/\" rel=\"noopener\">Pr\u00e4zisionskalibrierung<\/a>\u00a0| <a href=\"https:\/\/unisig.com\/de\/kernkompetenz\/maschinenservice\/\" rel=\"noopener\">Maschinenservice |<\/a> <a href=\"https:\/\/unisig.com\/de\/kernkompetenz\/schulung\/\">Schulung<\/a><\/p>\n<p>[\/vc_column_text][vc_separator][vc_column_text]<\/p>\n<h6 style=\"text-align: center;\">GEF\u00c4LLT IHNEN, WAS SIE SEHEN?<\/h6>\n<h6 style=\"text-align: center;\"><a href=\"https:\/\/unisig.com\/de\/karriere-bei-unisig\/\">Informieren Sie sich \u00fcber aktuelle Stellenangebote bei UNISIG<\/a><\/h6>\n<p>[\/vc_column_text][vc_separator][\/vc_column][\/vc_row]<\/p>\n<\/div>","protected":false},"excerpt":{"rendered":"<p>[vc_row][vc_column][vc_column_text][\/vc_column_text][\/vc_column][\/vc_row][vc_row gap=&#8221;30&#8243;][vc_column width=&#8221;1\/2&#8243;][vc_column_text] Kernkompetenz &#8211; CNC-Bearbeitung Einige Maschinenbauer lagern viele ihrer Pr\u00e4zisionskomponenten aus. Die produktive CNC-Bearbeitung ist nicht einfach, die produktive Bearbeitung von hochgenauen Werkst\u00fccken noch schwieriger. Wir bei UNISIG glauben, dass die eigene Herstellung wichtiger Komponenten als Kernkompetenz absolut notwendig ist, um unsere F\u00fchrungsposition als Werkzeugmaschinenbauer zu behaupten. Nicht nur die Teile, die wir<a href=\"https:\/\/unisig.com\/de\/kernkompetenz\/spanende-bearbeitung\/\" class=\"more-link\">Read More<\/a><\/p>\n","protected":false},"author":22,"featured_media":0,"parent":0,"menu_order":0,"comment_status":"closed","ping_status":"closed","template":"","meta":{"_acf_changed":false,"footnotes":""},"folder":[1175],"class_list":["post-201912","page","type-page","status-publish","hentry"],"acf":[],"_links":{"self":[{"href":"https:\/\/unisig.com\/de\/wp-json\/wp\/v2\/pages\/201912","targetHints":{"allow":["GET"]}}],"collection":[{"href":"https:\/\/unisig.com\/de\/wp-json\/wp\/v2\/pages"}],"about":[{"href":"https:\/\/unisig.com\/de\/wp-json\/wp\/v2\/types\/page"}],"author":[{"embeddable":true,"href":"https:\/\/unisig.com\/de\/wp-json\/wp\/v2\/users\/22"}],"replies":[{"embeddable":true,"href":"https:\/\/unisig.com\/de\/wp-json\/wp\/v2\/comments?post=201912"}],"version-history":[{"count":0,"href":"https:\/\/unisig.com\/de\/wp-json\/wp\/v2\/pages\/201912\/revisions"}],"wp:attachment":[{"href":"https:\/\/unisig.com\/de\/wp-json\/wp\/v2\/media?parent=201912"}],"wp:term":[{"taxonomy":"folder","embeddable":true,"href":"https:\/\/unisig.com\/de\/wp-json\/wp\/v2\/folder?post=201912"}],"curies":[{"name":"wp","href":"https:\/\/api.w.org\/{rel}","templated":true}]}}