{"id":201915,"date":"2021-11-23T04:44:42","date_gmt":"2021-11-23T10:44:42","guid":{"rendered":"https:\/\/stagingxx.unisig.com\/maschinenservice\/"},"modified":"2023-06-07T07:08:42","modified_gmt":"2023-06-07T12:08:42","slug":"maschinenservice","status":"publish","type":"page","link":"https:\/\/unisig.com\/de\/kernkompetenz\/maschinenservice\/","title":{"rendered":"Maschinenservice"},"content":{"rendered":"<div class=\"wpb-content-wrapper\"><p>[vc_row][vc_column][vc_column_text]\n\t\t\t<!-- START PlaceHolder Slider REVOLUTION SLIDER 6.7.25 --><p class=\"rs-p-wp-fix\"><\/p>\n\t\t\t<rs-module-wrap id=\"rev_slider_17_1_wrapper\" data-source=\"gallery\" style=\"visibility:hidden;background:transparent;padding:0;margin:0px auto;margin-top:0;margin-bottom:0;\">\n\t\t\t\t<rs-module id=\"rev_slider_17_1\" style=\"\" data-version=\"6.7.25\">\n\t\t\t\t\t<rs-slides style=\"overflow: hidden; position: absolute;\">\n\t\t\t\t\t\t<rs-slide style=\"position: absolute;\" data-key=\"rs-22\" data-title=\"Slide\" data-duration=\"9000\" data-anim=\"ms:600;r:0;\" data-in=\"o:0;\" data-out=\"a:false;\">\n\t\t\t\t\t\t\t<img decoding=\"async\" src=\"\/\/unisig.com\/wp-content\/plugins\/revslider\/sr6\/assets\/assets\/dummy.png\" alt=\"\" title=\"video-banner-m\" width=\"1239\" height=\"566\" class=\"rev-slidebg tp-rs-img rs-lazyload\" data-lazyload=\"\/\/unisig.com\/wp-content\/uploads\/2021\/04\/video-banner-m.jpg\" data-no-retina>\n\t\t\t\t\t\t\t<rs-bgvideo \n\t\t\t\t\t\t\t\tdata-video=\"vc:none;w:100%;h:100%;nse:false;l:true;ptimer:false;\"\n\t\t\t\t\t\t\t\tdata-vimeoid=\"533688154\"\n\t\t\t\t\t\t\t\tdata-vatr=\"background=1&amp;title=0&amp;byline=0&amp;portrait=0&amp;api=1\"\n\t\t\t\t\t\t\t><\/rs-bgvideo>\n<!---->\t\t\t\t\t<\/rs-slide>\n\t\t\t\t\t<\/rs-slides>\n\t\t\t\t<\/rs-module>\n\t\t\t\t<script>\n\t\t\t\t\tsetREVStartSize({c: 'rev_slider_17_1',rl:[1240,1240,1240,480],el:[600,600,600,720],gw:[1240,1240,1240,480],gh:[600,600,600,720],type:'standard',justify:'',layout:'fullwidth',mh:\"0\"});if (window.RS_MODULES!==undefined && window.RS_MODULES.modules!==undefined && window.RS_MODULES.modules[\"revslider171\"]!==undefined) {window.RS_MODULES.modules[\"revslider171\"].once = false;window.revapi17 = undefined;if (window.RS_MODULES.checkMinimal!==undefined) window.RS_MODULES.checkMinimal()}\n\t\t\t\t<\/script>\n\t\t\t<\/rs-module-wrap>\n\t\t\t<!-- END REVOLUTION SLIDER -->\n[\/vc_column_text][\/vc_column][\/vc_row][vc_row gap=&#8221;30&#8243;][vc_column width=&#8221;1\/2&#8243;][vc_column_text]<\/p>\n<h4>Kernkompetenz \u2013 Maschinenservice<\/h4>\n<p>Der Service f\u00fcr eine moderne, leistungsstarke High-Tech-Maschine ist f\u00fcr UNISIG und unsere Kunden von entscheidender Bedeutung. Es gibt eine gro\u00dfe Wertl\u00fccke zwischen einer Maschine, die einfach funktioniert, und einer Maschine, die am besten l\u00e4uft. Ein starkes Serviceprogramm wird diesen Unterschied machen.<\/p>\n<p>UNISIG hilft unseren Kunden, das Beste aus ihrer Ausr\u00fcstung herauszuholen, durch den technischen Support und die Arbeit vor Ort, die unser Serviceteam leistet. Unsere Servicegruppe arbeitet eng mit unseren Engineering- und Teileteams zusammen, um bei der Ankunft einen sofortigen Einfluss auf die Produktion unserer Kunden zu haben.[\/vc_column_text][\/vc_column][vc_column width=&#8221;1\/2&#8243;][vc_column_text]<\/p>\n<h4>Maschinenservice \u2013 Wie wir es besser machen<\/h4>\n<p>Unser Serviceteam arbeitet mit unseren Werksentwicklungs- und Montagegruppen zusammen, um mit unserer Produktlinie und neuen Technologien auf dem Laufenden zu bleiben. Obwohl viele in unserem Team \u00fcber spezielle F\u00e4higkeiten wie elektrische Steuerungen oder Pr\u00e4zisionsausrichtung verf\u00fcgen, verf\u00fcgen wir alle \u00fcber eine solide technische Grundlage, die uns hilft, die gesamte Maschine zu verstehen, nicht nur einen Teil davon.<\/p>\n<p>Wir sind auch sehr gut in der Planung, auch kurzfristig. Wenn wir eine Maschine irgendwo auf der Welt reparieren, wissen wir, was wir im Voraus mitbringen und um welche Hilfe wir bitten m\u00fcssen, so dass unsere Kunden eine gute Erfahrung mit der Arbeit haben, die wir f\u00fcr sie erledigen, und die Ausfallzeiten sind minimal.[\/vc_column_text][\/vc_column][\/vc_row][vc_row][vc_column css=&#8221;.vc_custom_1632590730983{margin-top: 30px !important;margin-bottom: 30px !important;}&#8221;][vc_separator][\/vc_column][\/vc_row][vc_row gap=&#8221;30&#8243; content_placement=&#8221;top&#8221;][vc_column width=&#8221;1\/2&#8243;][vc_single_image image=&#8221;201574&#8243; img_size=&#8221;large&#8221;][\/vc_column][vc_column width=&#8221;1\/2&#8243;][vc_column_text]<\/p>\n<h4>Fehlerbehebung<\/h4>\n<p>Die meisten Dienstereignisse beginnen mit einer grundlegenden Diagnose, w\u00e4hrend wir nach der Ursache des Problems suchen. H\u00e4ufig hat ein Problem mehrere Symptome, die sofort wieder auftreten, wenn wir nicht auf die richtigen Systeme abzielen, um sie zu reparieren.<\/p>\n<p>Wir sind gut darin, die richtigen Fragen zu stellen und systematisch an einen Punkt zu gelangen, an dem wir ein solides Urteil \u00fcber die Richtung, die wir einschlagen, abgeben k\u00f6nnen. Wenn wir in das Problem geraten, wenn unsere ersten Instinkte nicht ganz richtig sind, erkennen wir das und <strong>wir haben keine Angst, einen Fehler zuzugeben und durchzuhalten, bis wir wissen, was passiert.<\/strong><\/p>\n<p>Nachdem der Computer wieder ausgef\u00fchrt wird, wird unsere Servicedatenbank mit der Ursache und den Korrekturma\u00dfnahmen sowie mit Notizen aktualisiert, die von Teamleitern in anderen Abteilungen \u00fcberpr\u00fcft werden. Das macht unsere Maschinen besser und den zuk\u00fcnftigen Service effizienter.[\/vc_column_text][\/vc_column][\/vc_row][vc_row][vc_column css=&#8221;.vc_custom_1632590730983{margin-top: 30px !important;margin-bottom: 30px !important;}&#8221;][vc_separator][\/vc_column][\/vc_row][vc_row gap=&#8221;30&#8243; content_placement=&#8221;top&#8221; el_class=&#8221;row-reverse&#8221;][vc_column width=&#8221;1\/2&#8243;][vc_column_text]<\/p>\n<h4>Vorbeugende Wartung<\/h4>\n<p>UNISIG-Maschinen werden so konstruiert und hergestellt, dass sie keine umfangreiche Wartung ben\u00f6tigen. Dies bedeutet nicht, dass sie jahrelang ignoriert werden k\u00f6nnen und von ihnen erwartet wird, dass sie ihr Bestes geben. Unser Serviceteam versteht die praktischen Schritte, die f\u00fcr ein starkes Wartungsprogramm erforderlich sind.<\/p>\n<p>Wir beginnen mit den PM-Empfehlungen der Produktmanager im Engineering, die stark von Au\u00dfendienstberichten und Kundenfeedback beeinflusst werden. Die Durchf\u00fchrung dieser Wartungsschritte zusammen mit den Mitarbeitern unserer Kunden ist oft auch eine Schulungsm\u00f6glichkeit.<\/p>\n<p>Vorbeugende Wartung wird drohende Probleme aufdecken, die umgangen werden k\u00f6nnen, indem Teile ausgetauscht oder Ratschl\u00e4ge gegeben werden, wie eine Maschine verwendet wird &#8211; oft, um mit weniger Verschlei\u00df besser zu funktionieren.[\/vc_column_text][\/vc_column][vc_column width=&#8221;1\/2&#8243;][vc_single_image image=&#8221;201567&#8243; img_size=&#8221;large&#8221;][\/vc_column][\/vc_row][vc_row][vc_column css=&#8221;.vc_custom_1632590730983{margin-top: 30px !important;margin-bottom: 30px !important;}&#8221;][vc_separator][\/vc_column][\/vc_row][vc_row gap=&#8221;30&#8243; content_placement=&#8221;top&#8221;][vc_column width=&#8221;1\/2&#8243;][vc_single_image image=&#8221;201570&#8243; img_size=&#8221;large&#8221;][\/vc_column][vc_column width=&#8221;1\/2&#8243;][vc_column_text]<\/p>\n<h4>Ausrichtungsservice<\/h4>\n<p>Maschinenausrichtungen werden h\u00e4ufig am Ende eines vorbeugenden Wartungsereignisses durchgef\u00fchrt. Einige Maschinen m\u00fcssen eindeutig ausgerichtet werden \u2013 Probleme mit der Werkst\u00fcckqualit\u00e4t oder der Werkzeugstandzeit, die von Kunden bemerkt werden, k\u00f6nnen durch Ausrichtungsprobleme verursacht werden. Andere Kunden ben\u00f6tigen nur eine Ausrichtungspr\u00fcfung an einer Maschine, die gute Teile herstellt, und eine Zertifizierung der Genauigkeit.<\/p>\n<p><strong>Die Herangehensweise an die Ausrichtung unterscheidet sich je nach Maschinentyp.<\/strong> Pr\u00e4zisionsausrichtung ist eine <a href=\"https:\/\/unisig.com\/core\/precision-calibration\/\" target=\"_blank\" rel=\"noopener\">Kernkompetenz<\/a> unseres Serviceteams. Wir managen diese Ereignisse zum Erfolg, indem wir die Ziele mit dem Kunden besprechen und einen Plan erstellen, um die Maschine ohne viel Ausfallzeit auf werksseitige Spezifikation zu bringen.[\/vc_column_text][\/vc_column][\/vc_row][vc_row][vc_column css=&#8221;.vc_custom_1632590730983{margin-top: 30px !important;margin-bottom: 30px !important;}&#8221;][vc_separator][\/vc_column][\/vc_row][vc_row gap=&#8221;30&#8243; content_placement=&#8221;top&#8221; el_class=&#8221;row-reverse&#8221;][vc_column width=&#8221;1\/2&#8243;][vc_column_text]<\/p>\n<h4>Teileaustausch<\/h4>\n<p>Eines der h\u00e4ufigsten Ergebnisse eines Fehlerbehebungsprozesses ist der Austausch eines verschlissenen oder fehlerhaften Teils. Da unser Serviceteam in der Maschinenmontage und Inbetriebnahme geschult wurde, ist es sehr gut ger\u00fcstet, um Teile auszutauschen und sicherzustellen, dass sie ordnungsgem\u00e4\u00df installiert und langlebig sind.<\/p>\n<p>Das UNISIG-Serviceteam ist zur Teileidentifikation an die Technische Bibliothek der St\u00fcckliste angeschlossen. Einige unserer Maschinen laufen seit Jahrzehnten, aber alle unsere Serviceaufzeichnungen werden auch auf den \u00e4ltesten Maschinen elektronisch gespeichert, so dass sie schnell abgerufen werden k\u00f6nnen, w\u00e4hrend festgestellt wird, welche Teile ben\u00f6tigt werden.<\/p>\n<p><strong>Sicherheit ist extrem wichtig bei der Wartung von Maschinen mit viel Leistung, Geschwindigkeit und Komplexit\u00e4t.<\/strong> Unser Serviceteam wei\u00df, welche Schritte erforderlich sind, um die Maschine f\u00fcr den Austausch von Teilen zu sichern und sie dann mit den richtigen Testverfahren wieder online zu bringen, um sicherzustellen, dass wir keine unterschiedlichen Probleme verursachen. Wenn Teile von UNISIG bereitgestellt und installiert werden, wird die Datenbank des Maschinenservicedatensatzes aktualisiert, sodass zuk\u00fcnftige Fehler desselben Typs f\u00fcr eine eingehendere Untersuchung gekennzeichnet werden k\u00f6nnen.<\/p>\n<p>&nbsp;<\/p>\n<p>[\/vc_column_text][\/vc_column][vc_column width=&#8221;1\/2&#8243;][vc_single_image image=&#8221;201565&#8243; img_size=&#8221;large&#8221;][\/vc_column][\/vc_row][vc_row][vc_column css=&#8221;.vc_custom_1632590730983{margin-top: 30px !important;margin-bottom: 30px !important;}&#8221;][vc_separator][\/vc_column][\/vc_row][vc_row gap=&#8221;30&#8243; content_placement=&#8221;top&#8221;][vc_column width=&#8221;1\/2&#8243;][vc_single_image image=&#8221;201572&#8243; img_size=&#8221;large&#8221;][\/vc_column][vc_column width=&#8221;1\/2&#8243;][vc_column_text]<\/p>\n<h4>Maschinenreparatur<\/h4>\n<p>Manchmal passiert das Unerwartete und etwas Bedeutendes an der Maschine muss repariert werden. Die Spindel &#8220;reibt&#8221; ein Werkst\u00fcck. Das falsche Werkzeug wird in eine Maschine gesteckt, oder der programmierte Offset wurde nicht doppelt \u00fcberpr\u00fcft und es kam zu einem Absturz. Vielleicht wurde eine Klemme nicht ganz fest in der Vorrichtung angezogen und ein Werkst\u00fcck verschoben. UNISIG-Maschinen sind robust gebaut und nehmen diese Art von Missbrauch aus, aber es gibt Grenzen.<\/p>\n<p>Maschinen schnell wieder in Betrieb zu nehmen, ohne langfristig negative Leistungen zu haben, ist der Grund, warum ein UNISIG-Werksservicemitarbeiter, der f\u00fcr die Reparatur verantwortlich ist, f\u00fcr viele unserer Kunden die erste Wahl ist. Unsere Servicemitarbeiter nutzen ihre Erfahrung und Unterst\u00fctzung aus dem Engineering, um einen guten Plan zu erstellen, der schnell implementiert werden kann, um Kosten und Ausfallzeiten zu reduzieren.<\/p>\n<p>Eine schnelle L\u00f6sung ist in einigen F\u00e4llen nicht m\u00f6glich, aber <strong>unser Serviceteam hat erstaunliche Arbeit geleistet, indem es massive Anstrengungen unternommen hat,<\/strong> um eine kritische Maschine f\u00fcr unsere Kunden wieder in Betrieb zu nehmen. Wir wissen, wie man die vollen Ressourcen von UNISIG f\u00fcr ein Problem einsetzt und liefert.[\/vc_column_text][\/vc_column][\/vc_row][vc_row][vc_column css=&#8221;.vc_custom_1632590730983{margin-top: 30px !important;margin-bottom: 30px !important;}&#8221;][vc_separator][\/vc_column][\/vc_row][vc_row gap=&#8221;30&#8243; content_placement=&#8221;top&#8221; el_class=&#8221;row-reverse&#8221;][vc_column width=&#8221;1\/2&#8243;][vc_column_text]<\/p>\n<h4>Maschineninstallation und -verlagerung<\/h4>\n<p>Unser Serviceteam schlie\u00dft sich h\u00e4ufig der Montagemannschaft an, die eine neue UNISIG-Maschine im Werk unseres Kunden installiert. Dies ist f\u00fcr das Projekt von Vorteil, aber es ist auch eine gro\u00dfartige Quelle f\u00fcr eine erh\u00f6hte Exposition, die sich f\u00fcr unsere Servicegruppe bei zuk\u00fcnftigen Fehlerbehebungs- und Serviceereignissen auszahlt.<\/p>\n<p>Es ist \u00fcblich, dass ein Kunde unser Serviceteam anruft und sagt, dass er eine Maschine bewegen muss. <strong>Manchmal ist es \u00fcber ihre Pflanze. Andere Male ist es auf der ganzen Welt. <\/strong> Wir legen das Projekt fest und schlagen einen Plan vor, der die Demontage, die Vorbereitung auf den Versand und die nach der Ankunft erfolgte Wiederinstallation und Zertifizierung nach Werksspezifikationen umfasst.[\/vc_column_text][\/vc_column][vc_column width=&#8221;1\/2&#8243;][vc_single_image image=&#8221;201563&#8243; img_size=&#8221;large&#8221;][\/vc_column][\/vc_row][vc_row][vc_column css=&#8221;.vc_custom_1632590730983{margin-top: 30px !important;margin-bottom: 30px !important;}&#8221;][vc_separator][vc_column_text]<\/p>\n<h6 style=\"text-align: center;\">UNISIG KERNKOMPETENZEN<\/h6>\n<p style=\"text-align: center;\"><a href=\"https:\/\/unisig.com\/de\/kernkompetenz\/mechanische-konstruktion\" rel=\"noopener\">Konstruktion<\/a>\u00a0| <a href=\"https:\/\/unisig.com\/de\/kernkompetenz\/elektrotechnik\" rel=\"noopener\">Elektrotechnik<\/a> | <a href=\"https:\/\/unisig.com\/de\/kernkompetenz\/spanende-bearbeitung\/\" rel=\"noopener\">Spanende Bearbeitung |<\/a> <a href=\"https:\/\/unisig.com\/de\/kernkompentenzen\/blechbearbeitung\">Blechbearbeitung<\/a> |\u00a0<a href=\"https:\/\/unisig.com\/de\/kernkompetenz\/mechanische-montage\/\" rel=\"noopener\">Mechanische Montage<\/a> | <a href=\"https:\/\/unisig.com\/de\/kernkompetenz\/elektrische-montage\/\" rel=\"noopener\">Elektrische Montage<\/a> | <a href=\"https:\/\/unisig.com\/de\/kernkompetenz\/praezisionskalibrierung\/\" rel=\"noopener\">Pr\u00e4zisionskalibrierung<\/a>\u00a0| <a href=\"https:\/\/unisig.com\/de\/kernkompetenz\/maschinenservice\/\" rel=\"noopener\">Maschinenservice |<\/a> <a href=\"https:\/\/unisig.com\/de\/kernkompetenz\/schulung\/\">Schulung<\/a><\/p>\n<p>[\/vc_column_text][vc_separator][vc_column_text]<\/p>\n<h6 style=\"text-align: center;\">GEF\u00c4LLT IHNEN, WAS SIE SEHEN?<\/h6>\n<h6 style=\"text-align: center;\"><a href=\"https:\/\/unisig.com\/de\/karriere-bei-unisig\/\">Informieren Sie sich \u00fcber aktuelle Stellenangebote bei UNISIG<\/a><\/h6>\n<p>[\/vc_column_text][vc_separator][\/vc_column][\/vc_row]<\/p>\n<\/div>","protected":false},"excerpt":{"rendered":"<p>[vc_row][vc_column][vc_column_text][\/vc_column_text][\/vc_column][\/vc_row][vc_row gap=&#8221;30&#8243;][vc_column width=&#8221;1\/2&#8243;][vc_column_text] Kernkompetenz \u2013 Maschinenservice Der Service f\u00fcr eine moderne, leistungsstarke High-Tech-Maschine ist f\u00fcr UNISIG und unsere Kunden von entscheidender Bedeutung. Es gibt eine gro\u00dfe Wertl\u00fccke zwischen einer Maschine, die einfach funktioniert, und einer Maschine, die am besten l\u00e4uft. Ein starkes Serviceprogramm wird diesen Unterschied machen. UNISIG hilft unseren Kunden, das Beste aus ihrer<a href=\"https:\/\/unisig.com\/de\/kernkompetenz\/maschinenservice\/\" class=\"more-link\">Read More<\/a><\/p>\n","protected":false},"author":3,"featured_media":0,"parent":0,"menu_order":0,"comment_status":"closed","ping_status":"closed","template":"","meta":{"_acf_changed":false,"footnotes":""},"folder":[1175],"class_list":["post-201915","page","type-page","status-publish","hentry"],"acf":[],"_links":{"self":[{"href":"https:\/\/unisig.com\/de\/wp-json\/wp\/v2\/pages\/201915","targetHints":{"allow":["GET"]}}],"collection":[{"href":"https:\/\/unisig.com\/de\/wp-json\/wp\/v2\/pages"}],"about":[{"href":"https:\/\/unisig.com\/de\/wp-json\/wp\/v2\/types\/page"}],"author":[{"embeddable":true,"href":"https:\/\/unisig.com\/de\/wp-json\/wp\/v2\/users\/3"}],"replies":[{"embeddable":true,"href":"https:\/\/unisig.com\/de\/wp-json\/wp\/v2\/comments?post=201915"}],"version-history":[{"count":0,"href":"https:\/\/unisig.com\/de\/wp-json\/wp\/v2\/pages\/201915\/revisions"}],"wp:attachment":[{"href":"https:\/\/unisig.com\/de\/wp-json\/wp\/v2\/media?parent=201915"}],"wp:term":[{"taxonomy":"folder","embeddable":true,"href":"https:\/\/unisig.com\/de\/wp-json\/wp\/v2\/folder?post=201915"}],"curies":[{"name":"wp","href":"https:\/\/api.w.org\/{rel}","templated":true}]}}