{"id":201918,"date":"2021-11-23T04:45:23","date_gmt":"2021-11-23T10:45:23","guid":{"rendered":"https:\/\/stagingxx.unisig.com\/praezisionskalibrierung\/"},"modified":"2023-06-07T07:07:36","modified_gmt":"2023-06-07T12:07:36","slug":"praezisionskalibrierung","status":"publish","type":"page","link":"https:\/\/unisig.com\/de\/kernkompetenz\/praezisionskalibrierung\/","title":{"rendered":"Pr\u00e4zisionskalibrierung"},"content":{"rendered":"<div class=\"wpb-content-wrapper\"><p>[vc_row][vc_column][vc_column_text]\n\t\t\t<!-- START PlaceHolder Slider REVOLUTION SLIDER 6.7.25 --><p class=\"rs-p-wp-fix\"><\/p>\n\t\t\t<rs-module-wrap id=\"rev_slider_17_1_wrapper\" data-source=\"gallery\" style=\"visibility:hidden;background:transparent;padding:0;margin:0px auto;margin-top:0;margin-bottom:0;\">\n\t\t\t\t<rs-module id=\"rev_slider_17_1\" style=\"\" data-version=\"6.7.25\">\n\t\t\t\t\t<rs-slides style=\"overflow: hidden; position: absolute;\">\n\t\t\t\t\t\t<rs-slide style=\"position: absolute;\" data-key=\"rs-22\" data-title=\"Slide\" data-duration=\"9000\" data-anim=\"ms:600;r:0;\" data-in=\"o:0;\" data-out=\"a:false;\">\n\t\t\t\t\t\t\t<img decoding=\"async\" src=\"\/\/unisig.com\/wp-content\/plugins\/revslider\/sr6\/assets\/assets\/dummy.png\" alt=\"\" title=\"video-banner-m\" width=\"1239\" height=\"566\" class=\"rev-slidebg tp-rs-img rs-lazyload\" data-lazyload=\"\/\/unisig.com\/wp-content\/uploads\/2021\/04\/video-banner-m.jpg\" data-no-retina>\n\t\t\t\t\t\t\t<rs-bgvideo \n\t\t\t\t\t\t\t\tdata-video=\"vc:none;w:100%;h:100%;nse:false;l:true;ptimer:false;\"\n\t\t\t\t\t\t\t\tdata-vimeoid=\"533688154\"\n\t\t\t\t\t\t\t\tdata-vatr=\"background=1&amp;title=0&amp;byline=0&amp;portrait=0&amp;api=1\"\n\t\t\t\t\t\t\t><\/rs-bgvideo>\n<!---->\t\t\t\t\t<\/rs-slide>\n\t\t\t\t\t<\/rs-slides>\n\t\t\t\t<\/rs-module>\n\t\t\t\t<script>\n\t\t\t\t\tsetREVStartSize({c: 'rev_slider_17_1',rl:[1240,1240,1240,480],el:[600,600,600,720],gw:[1240,1240,1240,480],gh:[600,600,600,720],type:'standard',justify:'',layout:'fullwidth',mh:\"0\"});if (window.RS_MODULES!==undefined && window.RS_MODULES.modules!==undefined && window.RS_MODULES.modules[\"revslider171\"]!==undefined) {window.RS_MODULES.modules[\"revslider171\"].once = false;window.revapi17 = undefined;if (window.RS_MODULES.checkMinimal!==undefined) window.RS_MODULES.checkMinimal()}\n\t\t\t\t<\/script>\n\t\t\t<\/rs-module-wrap>\n\t\t\t<!-- END REVOLUTION SLIDER -->\n[\/vc_column_text][\/vc_column][\/vc_row][vc_row gap=&#8221;30&#8243;][vc_column width=&#8221;1\/2&#8243;][vc_column_text]<\/p>\n<h4><strong>Kernkompetenz \u2013 Pr\u00e4zisionskalibrierung<\/strong><\/h4>\n<p>Werkzeugmaschinen bringen Genauigkeit und Pr\u00e4zision auf ein Niveau, das weit \u00fcber die meisten Industriemaschinen hinausgeht. Die Bahngenauigkeit wird in Mikrometern gemessen. Oft sind mehrere Servoachsen in ihren Bewegungen aufeinander abgestimmt, um das Ziel zu erreichen. Die Geschwindigkeit ist hoch. Die Vibration ist gering. Die Temperatur beeinflusst alles, ebenso wie die Bewegung der Erde unter der Maschine.<\/p>\n<p>Die Mitarbeiter bei UNISIG sind auf Genauigkeit und das, was es braucht, um sie zu erreichen, eingestellt. Dies kommt aus einer Sammlung von Erfahrungen, Ausbildung und Studium in Kombination mit Technologie. Wir haben auch in die Werkzeuge f\u00fcr die Pr\u00e4zisionskalibrierung investiert und wissen, wie man sie benutzt.[\/vc_column_text][\/vc_column][vc_column width=&#8221;1\/2&#8243;][vc_column_text]<\/p>\n<h4><strong>Pr\u00e4zisionskalibrierung \u2013 Wie wir es besser machen<\/strong><\/h4>\n<p>Bei UNISIG konstruieren und bauen wir CNC-Werkzeugmaschinen. Wir wissen, wie sie funktionieren, innen und au\u00dfen. Pr\u00e4zision entsteht aus dem ersten Konzept, wie die Maschine aufgebaut ist. Alles in der Technik und Fertigung hat seine Toleranzgrenzen, und unsere Mitarbeiter sind sehr gut darin, einen Ansatz zu entwickeln, um durch Kalibrierung ein H\u00f6chstma\u00df an Pr\u00e4zision aus einer Maschine zu ziehen.<\/p>\n<p>Unsere Erfahrung sagt uns, wann es in Ordnung ist, die Ausrichtung einfach durch eine Verbesserung des Maschinenniveaus zu verbessern, oder wann tiefere Geometriekorrekturen erforderlich sind. Unsere Engineering-F\u00e4higkeiten f\u00fcr Steuerungssysteme geben der Nutzung weitere Einblicke in elektronische Kompensationen, die angemessen sind und wann dies langfristige Probleme verursacht und vermieden werden sollte.[\/vc_column_text][\/vc_column][\/vc_row][vc_row][vc_column css=&#8221;.vc_custom_1632590730983{margin-top: 30px !important;margin-bottom: 30px !important;}&#8221;][vc_separator][\/vc_column][\/vc_row][vc_row gap=&#8221;30&#8243; content_placement=&#8221;top&#8221;][vc_column width=&#8221;1\/2&#8243;][vc_single_image image=&#8221;201496&#8243; img_size=&#8221;large&#8221;][\/vc_column][vc_column width=&#8221;1\/2&#8243;][vc_column_text]<\/p>\n<h4><strong>Maschinennivellierung<\/strong><\/h4>\n<p>Das Nivellieren einer Maschine klingt einfach. Wenn es richtig gemacht wird, sieht es einfach aus. Wenn es nicht systematisch mit Verst\u00e4ndnis angegangen wird, k\u00f6nnen Sie Tage der Anstrengung verbrennen und am Ende schlimmer enden als zu Beginn.<\/p>\n<p>Wir beginnen mit der Analyse der Maschinenkonstruktion und des Fundamentbaus. Welche Art von Nivelliersystem ist im Einsatz? Welche Strategie ist notwendig, um festzustellen, ob die Maschine einfach au\u00dferhalb des Niveaus oder verdreht oder auf dem Fundament belastet ist, was zu unerwarteten Ergebnissen durch einfache \u00c4nderungen f\u00fchrt? Wie viele grobe und abschlie\u00dfende Ausgleichsp\u00e4sse sind erforderlich, um dem Endergebnis wirklich zu vertrauen?<\/p>\n<p><strong>Die Wahl des richtigen Nivellierwerkzeugs ist wichtig.<\/strong> Die Standardmaschinenstufen sind auf etwa 0,0005 &#8220;\/ 12&#8221; genau, was f\u00fcr einige Maschinen gut genug oder f\u00fcr andere ein guter Start ist. Der Wechsel zu einem Paar elektronischer Ebenen mit einer h\u00f6heren Genauigkeit von 0,0002 &#8220;\/36&#8243; liefert ein viel genaueres Bild der Maschine und legt h\u00e4ufig Fertigungstoleranzen in der Maschine selbst offen. Unsere in der Schweiz hergestellten High-End-Elektronikpegel sind noch genauer, mit einer Aufl\u00f6sung von .00004 (40 Millionstel), die keine Fragen l\u00e4sst.[\/vc_column_text][\/vc_column][\/vc_row][vc_row][vc_column css=&#8221;.vc_custom_1632590730983{margin-top: 30px !important;margin-bottom: 30px !important;}&#8221;][vc_separator][\/vc_column][\/vc_row][vc_row gap=&#8221;30&#8243; content_placement=&#8221;top&#8221; el_class=&#8221;row-reverse&#8221;][vc_column width=&#8221;1\/2&#8243;][vc_column_text]<\/p>\n<h4><strong>Maschinengeometrie<\/strong><\/h4>\n<p>Die \u00dcberpr\u00fcfung von Rechtwinkligkeit, Konzentrizit\u00e4t und Gesamtgeometrie ist der n\u00e4chste Schritt zu einer h\u00f6heren Genauigkeit nach Abschluss des Nivellierens. Wie bei jedem Ausrichtungs- oder Kalibrierungsprozess muss es einen Plan geben. Die Geometriekorrektur an Werkzeugmaschinen erfordert einen sequenziellen Inspektionsprozess oder Sie erhalten die falsche Antwort. Die gesamte Maschinenausrichtung muss wahr sein, wenn sich mehrere Achsen bewegen.<\/p>\n<p><strong>Zu verstehen, wie die Instrumente funktionieren und wie sie falsche Messwerte liefern k\u00f6nnen, ist unerl\u00e4sslich. <\/strong> Die Schwerkraft spielt eine gro\u00dfe Rolle dabei, wie sehr den Ergebnissen vertraut werden kann, daher muss das Setup dies ber\u00fccksichtigen. UNISIG verf\u00fcgt \u00fcber Granit-Masterquadrate, die f\u00fcr lokalisierte geometrische Inspektionen in Laborqualit\u00e4t sind. Die gr\u00f6\u00dften davon k\u00f6nnen verwendet werden, um den Verfahrweg vieler horizontaler Bearbeitungszentren und mehrachsiger Spritzbohrmaschinen abzudecken.<\/p>\n<p>Was kann getan werden, um die Maschinengeometrie zu verbessern? Wenn das Problem auf einen Absturz zur\u00fcckzuf\u00fchren ist, kann die Untersuchung der Ursache des Problems zum Austausch von Teilen f\u00fchren. Das Erreichen von Werksgeometrietoleranzen kann das Schleifen von Abstandshaltern oder handabkratzenden Fl\u00e4chen umfassen, um die Ausrichtung zu verbessern.<\/p>\n<p>[\/vc_column_text][\/vc_column][vc_column width=&#8221;1\/2&#8243;][vc_single_image image=&#8221;201506&#8243; img_size=&#8221;large&#8221;][\/vc_column][\/vc_row][vc_row][vc_column css=&#8221;.vc_custom_1632590730983{margin-top: 30px !important;margin-bottom: 30px !important;}&#8221;][vc_separator][\/vc_column][\/vc_row][vc_row gap=&#8221;30&#8243; content_placement=&#8221;top&#8221;][vc_column width=&#8221;1\/2&#8243;][vc_single_image image=&#8221;201502&#8243; img_size=&#8221;large&#8221;][\/vc_column][vc_column width=&#8221;1\/2&#8243;][vc_column_text]<\/p>\n<h4><strong>Laserausrichtung<\/strong><\/h4>\n<p>Lokalisierte Geometriepr\u00fcfungen mit Pr\u00e4zisionsquadraten und Geraden, die in Verbindung mit einer Reihe von Pr\u00e4zisionsstufen verwendet werden, reichen jedoch oft aus, um die Genauigkeit einer Maschine zu best\u00e4tigen. Maschinen mit gro\u00dfen Verfahrwegen und komplexen Bewegungsf\u00e4higkeiten ben\u00f6tigen mehr.<\/p>\n<p>UNISIG verf\u00fcgt \u00fcber mehrere API-Laser-Tracker, die eine<strong> vollst\u00e4ndige dreidimensionale Inspektion der Maschine durch ihren gesamten Bewegungsumfang<\/strong>durchf\u00fchren. Diese Daten werden grafisch dargestellt und mit der Spatial Analyzer-Software interpretiert, um ein vollst\u00e4ndiges Bild der volumetrischen Genauigkeit zu erhalten.<\/p>\n<p>In vielen F\u00e4llen ist die Laserinspektion unser bevorzugtes Werkzeug, da sie uns mit viel weniger Aufwand und Zeit ein vollst\u00e4ndiges Bild der anstehenden Ausrichtungsaufgabe vermittelt. Bei gro\u00dfen Maschineninstallationen spart es uns auch Zeit, weil wir die Fundamentfehler abbilden k\u00f6nnen, bevor wir beginnen.[\/vc_column_text][\/vc_column][\/vc_row][vc_row][vc_column css=&#8221;.vc_custom_1632590730983{margin-top: 30px !important;margin-bottom: 30px !important;}&#8221;][vc_separator][\/vc_column][\/vc_row][vc_row gap=&#8221;30&#8243; content_placement=&#8221;top&#8221; el_class=&#8221;row-reverse&#8221;][vc_column width=&#8221;1\/2&#8243;][vc_column_text]<\/p>\n<h4><strong>Kugelstangenpr\u00fcfung<\/strong><\/h4>\n<p>Statische Ausrichtung ist eine Sache, aber was ist, wenn die Maschine mehrere Achsen bewegt und Richtungen umkehrt, um ihren programmierten Weg zu halten? Es gibt viele Faktoren, die unter diesen Umst\u00e4nden zur Genauigkeit beitragen &#8211; Servoabstimmung, Tr\u00e4gheitsanpassung, Nickerniturfehler, R\u00fcckkopplungsfehler, Bewegungsverlust, mangelnde Steifigkeit oder Rechtwinkligkeitsprobleme.<\/p>\n<p>Eine elektronische Kugelstange misst die Maschinenleistung unter Ber\u00fccksichtigung all dieser Faktoren. Die Ergebnisse geben ein klares Bild davon, was passiert, und eine Anleitung, was getan werden kann, um es zu korrigieren. <strong>Wir verwenden Kugelstangenpr\u00fcfungen als Teil unseres internen PM-Programms in unserer Maschinenhalle bei UNISIG. <\/strong> Wir verwenden es auch f\u00fcr bestimmte UNISIG CNC-Maschinen, um die endg\u00fcltige Genauigkeit der Installation zu verbessern.[\/vc_column_text][\/vc_column][vc_column width=&#8221;1\/2&#8243;][vc_single_image image=&#8221;201498&#8243; img_size=&#8221;large&#8221;][\/vc_column][\/vc_row][vc_row][vc_column css=&#8221;.vc_custom_1632590730983{margin-top: 30px !important;margin-bottom: 30px !important;}&#8221;][vc_separator][\/vc_column][\/vc_row][vc_row gap=&#8221;30&#8243; content_placement=&#8221;top&#8221;][vc_column width=&#8221;1\/2&#8243;][vc_single_image image=&#8221;201500&#8243; img_size=&#8221;large&#8221;][\/vc_column][vc_column width=&#8221;1\/2&#8243;][vc_column_text]<\/p>\n<h4><strong>Elektronische Verg\u00fctung<\/strong><\/h4>\n<p>Maschinen, die mit einer High-End-CNC ausgestattet sind, k\u00f6nnen Fehler kompensieren, um die Genauigkeit zu verbessern. Lineare Kompensationen sind \u00fcblich, um lineare Probleme zu beheben. Thermische, nichtlineare und Droop-Kompensationen k\u00f6nnen einige zugrunde liegende Probleme mit einer Maschine verbergen oder die Zeit zwischen den Ausrichtungsdiensten verl\u00e4ngern.<\/p>\n<p>Einige Unternehmen verwenden diese Funktionen, um bei der Herstellung oder Installation Abstriche zu machen. Genau wie bei der Maschinenausrichtung kann ein teilweises Verst\u00e4ndnis eines Problems und die falsche Verwendung der <strong>Maschinenkompensation ein Problem \u00fcbertreiben<\/strong> und viel Zeitverlust verursachen, der einer schlechten Schneidleistung nachjagt.<\/p>\n<p>UNISIG baut seine Maschinen mit sehr hohen mechanischen Genauigkeiten und wir tragen Pr\u00e4zision durch die endg\u00fcltige Installation. Wenn elektronische Kompensation verwendet wird, ist es ihr Zweck, eine gro\u00dfartige Maschine noch besser zu machen. Wir dokumentieren diese Werte und stellen sicher, dass wir sie l\u00f6schen oder vollst\u00e4ndig verstehen, warum sie vorhanden sind, bevor wir zuk\u00fcnftige Ausrichtungsarbeiten durchf\u00fchren.[\/vc_column_text][\/vc_column][\/vc_row][vc_row][vc_column css=&#8221;.vc_custom_1632590730983{margin-top: 30px !important;margin-bottom: 30px !important;}&#8221;][vc_separator][vc_column_text]<\/p>\n<h6 style=\"text-align: center;\">UNISIG KERNKOMPETENZEN<\/h6>\n<p style=\"text-align: center;\"><a href=\"https:\/\/unisig.com\/de\/kernkompetenz\/mechanische-konstruktion\" rel=\"noopener\">Konstruktion<\/a>\u00a0| <a href=\"https:\/\/unisig.com\/de\/kernkompetenz\/elektrotechnik\" rel=\"noopener\">Elektrotechnik<\/a> | <a href=\"https:\/\/unisig.com\/de\/kernkompetenz\/spanende-bearbeitung\/\" rel=\"noopener\">Spanende Bearbeitung |<\/a> <a href=\"https:\/\/unisig.com\/de\/kernkompentenzen\/blechbearbeitung\">Blechbearbeitung<\/a> |\u00a0<a href=\"https:\/\/unisig.com\/de\/kernkompetenz\/mechanische-montage\/\" rel=\"noopener\">Mechanische Montage<\/a> | <a href=\"https:\/\/unisig.com\/de\/kernkompetenz\/elektrische-montage\/\" rel=\"noopener\">Elektrische Montage<\/a> | <a href=\"https:\/\/unisig.com\/de\/kernkompetenz\/praezisionskalibrierung\/\" rel=\"noopener\">Pr\u00e4zisionskalibrierung<\/a>\u00a0| <a href=\"https:\/\/unisig.com\/de\/kernkompetenz\/maschinenservice\/\" rel=\"noopener\">Maschinenservice |<\/a> <a href=\"https:\/\/unisig.com\/de\/kernkompetenz\/schulung\/\">Schulung<\/a><\/p>\n<p>[\/vc_column_text][vc_separator][vc_column_text]<\/p>\n<h6 style=\"text-align: center;\">GEF\u00c4LLT IHNEN, WAS SIE SEHEN?<\/h6>\n<h6 style=\"text-align: center;\"><a href=\"https:\/\/unisig.com\/de\/karriere-bei-unisig\/\">Informieren Sie sich \u00fcber aktuelle Stellenangebote bei UNISIG<\/a><\/h6>\n<p>[\/vc_column_text][vc_separator][\/vc_column][\/vc_row]<\/p>\n<\/div>","protected":false},"excerpt":{"rendered":"<p>[vc_row][vc_column][vc_column_text][\/vc_column_text][\/vc_column][\/vc_row][vc_row gap=&#8221;30&#8243;][vc_column width=&#8221;1\/2&#8243;][vc_column_text] Kernkompetenz \u2013 Pr\u00e4zisionskalibrierung Werkzeugmaschinen bringen Genauigkeit und Pr\u00e4zision auf ein Niveau, das weit \u00fcber die meisten Industriemaschinen hinausgeht. Die Bahngenauigkeit wird in Mikrometern gemessen. Oft sind mehrere Servoachsen in ihren Bewegungen aufeinander abgestimmt, um das Ziel zu erreichen. Die Geschwindigkeit ist hoch. Die Vibration ist gering. Die Temperatur beeinflusst alles, ebenso wie<a href=\"https:\/\/unisig.com\/de\/kernkompetenz\/praezisionskalibrierung\/\" class=\"more-link\">Read More<\/a><\/p>\n","protected":false},"author":3,"featured_media":0,"parent":0,"menu_order":0,"comment_status":"closed","ping_status":"closed","template":"","meta":{"_acf_changed":false,"footnotes":""},"folder":[1175],"class_list":["post-201918","page","type-page","status-publish","hentry"],"acf":[],"_links":{"self":[{"href":"https:\/\/unisig.com\/de\/wp-json\/wp\/v2\/pages\/201918","targetHints":{"allow":["GET"]}}],"collection":[{"href":"https:\/\/unisig.com\/de\/wp-json\/wp\/v2\/pages"}],"about":[{"href":"https:\/\/unisig.com\/de\/wp-json\/wp\/v2\/types\/page"}],"author":[{"embeddable":true,"href":"https:\/\/unisig.com\/de\/wp-json\/wp\/v2\/users\/3"}],"replies":[{"embeddable":true,"href":"https:\/\/unisig.com\/de\/wp-json\/wp\/v2\/comments?post=201918"}],"version-history":[{"count":0,"href":"https:\/\/unisig.com\/de\/wp-json\/wp\/v2\/pages\/201918\/revisions"}],"wp:attachment":[{"href":"https:\/\/unisig.com\/de\/wp-json\/wp\/v2\/media?parent=201918"}],"wp:term":[{"taxonomy":"folder","embeddable":true,"href":"https:\/\/unisig.com\/de\/wp-json\/wp\/v2\/folder?post=201918"}],"curies":[{"name":"wp","href":"https:\/\/api.w.org\/{rel}","templated":true}]}}