{"id":201921,"date":"2021-11-23T04:45:38","date_gmt":"2021-11-23T10:45:38","guid":{"rendered":"https:\/\/stagingxx.unisig.com\/elektrische-montage\/"},"modified":"2023-06-07T07:06:51","modified_gmt":"2023-06-07T12:06:51","slug":"elektrische-montage","status":"publish","type":"page","link":"https:\/\/unisig.com\/de\/kernkompetenz\/elektrische-montage\/","title":{"rendered":"Elektrische Montage"},"content":{"rendered":"<div class=\"wpb-content-wrapper\"><p>[vc_row][vc_column][vc_column_text]\n\t\t\t<!-- START PlaceHolder Slider REVOLUTION SLIDER 6.7.25 --><p class=\"rs-p-wp-fix\"><\/p>\n\t\t\t<rs-module-wrap id=\"rev_slider_17_1_wrapper\" data-source=\"gallery\" style=\"visibility:hidden;background:transparent;padding:0;margin:0px auto;margin-top:0;margin-bottom:0;\">\n\t\t\t\t<rs-module id=\"rev_slider_17_1\" style=\"\" data-version=\"6.7.25\">\n\t\t\t\t\t<rs-slides style=\"overflow: hidden; position: absolute;\">\n\t\t\t\t\t\t<rs-slide style=\"position: absolute;\" data-key=\"rs-22\" data-title=\"Slide\" data-duration=\"9000\" data-anim=\"ms:600;r:0;\" data-in=\"o:0;\" data-out=\"a:false;\">\n\t\t\t\t\t\t\t<img decoding=\"async\" src=\"\/\/unisig.com\/wp-content\/plugins\/revslider\/sr6\/assets\/assets\/dummy.png\" alt=\"\" title=\"video-banner-m\" width=\"1239\" height=\"566\" class=\"rev-slidebg tp-rs-img rs-lazyload\" data-lazyload=\"\/\/unisig.com\/wp-content\/uploads\/2021\/04\/video-banner-m.jpg\" data-no-retina>\n\t\t\t\t\t\t\t<rs-bgvideo \n\t\t\t\t\t\t\t\tdata-video=\"vc:none;w:100%;h:100%;nse:false;l:true;ptimer:false;\"\n\t\t\t\t\t\t\t\tdata-vimeoid=\"533688154\"\n\t\t\t\t\t\t\t\tdata-vatr=\"background=1&amp;title=0&amp;byline=0&amp;portrait=0&amp;api=1\"\n\t\t\t\t\t\t\t><\/rs-bgvideo>\n<!---->\t\t\t\t\t<\/rs-slide>\n\t\t\t\t\t<\/rs-slides>\n\t\t\t\t<\/rs-module>\n\t\t\t\t<script>\n\t\t\t\t\tsetREVStartSize({c: 'rev_slider_17_1',rl:[1240,1240,1240,480],el:[600,600,600,720],gw:[1240,1240,1240,480],gh:[600,600,600,720],type:'standard',justify:'',layout:'fullwidth',mh:\"0\"});if (window.RS_MODULES!==undefined && window.RS_MODULES.modules!==undefined && window.RS_MODULES.modules[\"revslider171\"]!==undefined) {window.RS_MODULES.modules[\"revslider171\"].once = false;window.revapi17 = undefined;if (window.RS_MODULES.checkMinimal!==undefined) window.RS_MODULES.checkMinimal()}\n\t\t\t\t<\/script>\n\t\t\t<\/rs-module-wrap>\n\t\t\t<!-- END REVOLUTION SLIDER -->\n[\/vc_column_text][\/vc_column][\/vc_row][vc_row gap=&#8221;30&#8243;][vc_column width=&#8221;1\/2&#8243;][vc_column_text]<\/p>\n<h4>Kernkompetenz \u2013 Elektrische Montage<\/h4>\n<p>UNISIG-Maschinen sind mit Technologie ausgestattet. Wir verwenden Servo Motion Control, regenerative Antriebe und Hochgeschwindigkeitsprozessoren, um die Leistung unserer Maschinen zu steigern. Die Automatisierung beruht auf Sensoren und vernetzten Ger\u00e4ten, um mit hoher Intelligenz zu funktionieren. Pr\u00e4zisionsinstrumente innerhalb der Maschinen liefern Informationen, die die Genauigkeit unserer Werkzeugmaschinen verbessern. Unser Elektromontage-Team muss all dies zusammenbringen.<\/p>\n<p>Die Welt spricht \u00fcber die M\u00f6glichkeiten, die uns Elektrifizierung und intelligente Maschinen bringen werden. Das machen wir seit den 1980er Jahren. Es ist an der Zeit, dass alle anderen aufholen.[\/vc_column_text][\/vc_column][vc_column width=&#8221;1\/2&#8243;][vc_column_text]<\/p>\n<h4>Elektrische Montage \u2013 Wie wir es besser machen<\/h4>\n<p>Die tats\u00e4chliche Praxis, die Elektronik einer komplexen High-Tech-Maschine zu bauen, mag einsch\u00fcchternd wirken. F\u00fcr einige ist es das. Bei UNISIG wissen wir, wie man eine Maschine in ihre einzelnen Systeme zerlegt und eine Reihe einfacher Dinge zusammenbringt, so dass nichts komplexer ist als n\u00f6tig.<\/p>\n<p>Wir verstehen die elektrische Theorie und wie die Ger\u00e4te funktionieren. Wir haben auch Best Practices f\u00fcr die Panel- und Maschinenverdrahtung entwickelt, um unsere Maschinen f\u00fcr viele Jahre zuverl\u00e4ssig zu machen. Elektrische Mitarbeiter arbeiten mit Ingenieuren zusammen, w\u00e4hrend wir Maschinen starten und testen. Wir sehen, was gut funktioniert und was nicht, was unser Urteilsverm\u00f6gen verbessert, wenn wir das n\u00e4chste Projekt starten.[\/vc_column_text][\/vc_column][\/vc_row][vc_row][vc_column css=&#8221;.vc_custom_1632590730983{margin-top: 30px !important;margin-bottom: 30px !important;}&#8221;][vc_separator][\/vc_column][\/vc_row][vc_row gap=&#8221;30&#8243; content_placement=&#8221;top&#8221;][vc_column width=&#8221;1\/2&#8243;][vc_single_image image=&#8221;201491&#8243; img_size=&#8221;large&#8221;][\/vc_column][vc_column width=&#8221;1\/2&#8243;][vc_column_text]<\/p>\n<h4>Schalttafelmontage<\/h4>\n<p>Herzst\u00fcck unserer Maschinen sind die in unserem Schaltschrankbau eingebauten Schalttafeln und Bedienkonsolen. Unsere Elektrotechniker bauen diese Schalttafeln in dem Wissen, dass sie \u00fcberall auf der Welt verschifft werden k\u00f6nnen und unsere Maschinen am Laufen halten und kommunizieren m\u00fcssen.<\/p>\n<p>Einige unserer elektrischen Baugruppen sind klein, mit wenigen vernetzten Ger\u00e4ten und einem HMI. Andere Hauptschaltschr\u00e4nke k\u00f6nnten <strong>mehrere hunderttausend Dollar Industrieelektronik haben.<\/strong> Alle Produkte, die aus der Schalttafel kommen, m\u00fcssen korrekt mit den Schaltpl\u00e4nen verdrahtet sein, den Richtlinien der Komponentenhersteller und den sehr hohen Zuverl\u00e4ssigkeitsstandards von UNISIG entsprechen.<\/p>\n<p>Unsere gr\u00f6\u00dften elektrischen Systeme haben viele schwere Komponenten auf den Unterplatten zusammen mit vielen kleineren, komplexen Ger\u00e4ten. Wir verwenden ergonomische Manipulatoren beim Bau von Paneelen, um die Reichweite und den Aufwand zu reduzieren, um jeden Draht und jedes Terminal richtig zu machen.[\/vc_column_text][\/vc_column][\/vc_row][vc_row][vc_column css=&#8221;.vc_custom_1632590730983{margin-top: 30px !important;margin-bottom: 30px !important;}&#8221;][vc_separator][\/vc_column][\/vc_row][vc_row gap=&#8221;30&#8243; content_placement=&#8221;top&#8221; el_class=&#8221;row-reverse&#8221;][vc_column width=&#8221;1\/2&#8243;][vc_column_text]<\/p>\n<h4>Maschinelle Verdrahtung<\/h4>\n<p>Bei der Verdrahtung von Maschinen werden viele wichtige Entscheidungen von unseren Elektrotechnikern getroffen. Diese Entscheidungen werden nach bestem Ermessen getroffen, gemildert durch Erfahrung. Wie sollten Kabel verlegt werden, um zu vermeiden, dass die Dr\u00e4hte belastet oder sie der Umgebung ausgesetzt werden, um ihre Lebensdauer zu reduzieren? Schaffen wir eine Situation, in der elektrisches Rauschen oder Vibrationen Zuverl\u00e4ssigkeitsprobleme verursachen?<\/p>\n<p><strong>Eine Maschine, die richtig verdrahtet ist, ist eine Sache der Sch\u00f6nheit.<\/strong> Flie\u00dfende, einheitliche Linien mit Logik zum Plan geben einer zuk\u00fcnftigen Wartungsperson die Chance auf einen einfachen Komponentenaustausch eines Tages in der Zukunft. Dies ist Teil der Marke UNISIG und das Ergebnis jahrzehntelanger Entwicklung.[\/vc_column_text][\/vc_column][vc_column width=&#8221;1\/2&#8243;][vc_single_image image=&#8221;201489&#8243; img_size=&#8221;large&#8221;][\/vc_column][\/vc_row][vc_row][vc_column css=&#8221;.vc_custom_1632590730983{margin-top: 30px !important;margin-bottom: 30px !important;}&#8221;][vc_separator][\/vc_column][\/vc_row][vc_row gap=&#8221;30&#8243; content_placement=&#8221;top&#8221;][vc_column width=&#8221;1\/2&#8243;][vc_single_image image=&#8221;201487&#8243; img_size=&#8221;large&#8221;][\/vc_column][vc_column width=&#8221;1\/2&#8243;][vc_column_text]<\/p>\n<h4>Starten des Computers<\/h4>\n<p>Unser Elektro-Team erweckt unsere Maschinen zum Leben. Nachdem jeder Draht \u00fcberpr\u00fcft wurde, schalten wir die Maschine mit Strom ein und schalten sie ein. Wir verwenden eine Disziplin der Sicherheit und des Bewusstseins, wenn wir Ger\u00e4te nacheinander online bringen. <strong>In unseren Maschinen steckt heute viel mehr Intelligenz als noch vor ein paar Jahren.<\/strong> Diese Ger\u00e4te verf\u00fcgen \u00fcber Parameter, die f\u00fcr ihren Verwendungszweck eingestellt werden m\u00fcssen.<\/p>\n<p>Die globale Installationsbasis bei UNISIG erfordert, dass unser Elektroteam die regionale Elektronik und die verschiedenen Stromversorgungssysteme versteht, mit denen unsere Maschinen kompatibel sein m\u00fcssen. Die meisten elektrischen Steuerungssysteme sind universell, aber einige Projekte erfordern spezielle Spannungswandler oder Parametereinstellungen f\u00fcr Tests in unserem Werk, die sich bei der Installation \u00e4ndern.<\/p>\n<p>W\u00e4hrend des Maschinenabrisses achtet das Elektromontageteam darauf, alles korrekt zu kennzeichnen und Kabel und getrennte Ger\u00e4te f\u00fcr eine lange Reise zu verstauen, damit bei der Installation keine Probleme auftreten.[\/vc_column_text][\/vc_column][\/vc_row][vc_row][vc_column css=&#8221;.vc_custom_1632590730983{margin-top: 30px !important;margin-bottom: 30px !important;}&#8221;][vc_separator][\/vc_column][\/vc_row][vc_row gap=&#8221;30&#8243; content_placement=&#8221;top&#8221; el_class=&#8221;row-reverse&#8221;][vc_column width=&#8221;1\/2&#8243;][vc_column_text]<\/p>\n<h4>Standard-Maschineninbetriebnahme<\/h4>\n<p>Sobald eine Standard-UNISIG-Maschine unter Strom steht, beginnen wir mit der wichtigen Inbetriebnahme der Maschine.<\/p>\n<p>Unsere Elektrotechniker checken einen Laptop-Computer aus dem Engineering aus, der mit Steuerungsanwendungssoftware geladen ist, w\u00e4hlen ein Master-Programm aus der Engineering-Bibliothek in unserem Netzwerk aus und konfigurieren die Optionen, die f\u00fcr eine Maschinenseriennummer spezifisch sind, aus dem Baublatt.<\/p>\n<p>Wir beginnen mit der Herstellung der Kommunikation, richten dann das Maschinennetzwerk ein und laden die Programme auf die Maschine herunter. Jedes Element der manuellen Steuerung wird initiiert, und dann arbeiten wir mit dem mechanischen Team zusammen, um jede einzelne Maschinenfunktion zu testen. Wenn<strong>alles auscheckt, f\u00fchren wir automatische Zyklen durch und simulieren Ger\u00e4teausf\u00e4lle,<\/strong> um die Fehlerlogik und die Maschinendiagnose zu best\u00e4tigen.<\/p>\n<p>Wenn die Elektrotechniker die Maschine abzeichnen, ist sie bereit f\u00fcr vollst\u00e4ndige Prozesstests und Demonstrationen f\u00fcr unsere Kunden. Vor dem Teardown werden die Programme im Netzwerk gesichert und der Fernzugriff wird \u00fcberpr\u00fcft, damit wir \u00fcberall auf der Welt mit dem Computer kommunizieren k\u00f6nnen.[\/vc_column_text][\/vc_column][vc_column width=&#8221;1\/2&#8243;][vc_single_image image=&#8221;201493&#8243; img_size=&#8221;large&#8221;][\/vc_column][\/vc_row][vc_row][vc_column css=&#8221;.vc_custom_1632590730983{margin-top: 30px !important;margin-bottom: 30px !important;}&#8221;][vc_separator][\/vc_column][\/vc_row][vc_row][vc_column css=&#8221;.vc_custom_1632590730983{margin-top: 30px !important;margin-bottom: 30px !important;}&#8221;][vc_separator][vc_column_text]<\/p>\n<h6 style=\"text-align: center;\">UNISIG KERNKOMPETENZEN<\/h6>\n<p style=\"text-align: center;\"><a href=\"https:\/\/unisig.com\/de\/kernkompetenz\/mechanische-konstruktion\" rel=\"noopener\">Konstruktion<\/a>\u00a0| <a href=\"https:\/\/unisig.com\/de\/kernkompetenz\/elektrotechnik\" rel=\"noopener\">Elektrotechnik<\/a> | <a href=\"https:\/\/unisig.com\/de\/kernkompetenz\/spanende-bearbeitung\/\" rel=\"noopener\">Spanende Bearbeitung |<\/a> <a href=\"https:\/\/unisig.com\/de\/kernkompentenzen\/blechbearbeitung\">Blechbearbeitung<\/a> |\u00a0<a href=\"https:\/\/unisig.com\/de\/kernkompetenz\/mechanische-montage\/\" rel=\"noopener\">Mechanische Montage<\/a> | <a href=\"https:\/\/unisig.com\/de\/kernkompetenz\/elektrische-montage\/\" rel=\"noopener\">Elektrische Montage<\/a> | <a href=\"https:\/\/unisig.com\/de\/kernkompetenz\/praezisionskalibrierung\/\" rel=\"noopener\">Pr\u00e4zisionskalibrierung<\/a>\u00a0| <a href=\"https:\/\/unisig.com\/de\/kernkompetenz\/maschinenservice\/\" rel=\"noopener\">Maschinenservice |<\/a> <a href=\"https:\/\/unisig.com\/de\/kernkompetenz\/schulung\/\">Schulung<\/a><\/p>\n<p>[\/vc_column_text][vc_separator][vc_column_text]<\/p>\n<h6 style=\"text-align: center;\">GEF\u00c4LLT IHNEN, WAS SIE SEHEN?<\/h6>\n<h6 style=\"text-align: center;\"><a href=\"https:\/\/unisig.com\/de\/karriere-bei-unisig\/\">Informieren Sie sich \u00fcber aktuelle Stellenangebote bei UNISIG<\/a><\/h6>\n<p>[\/vc_column_text][vc_separator][\/vc_column][\/vc_row]<\/p>\n<\/div>","protected":false},"excerpt":{"rendered":"<p>[vc_row][vc_column][vc_column_text][\/vc_column_text][\/vc_column][\/vc_row][vc_row gap=&#8221;30&#8243;][vc_column width=&#8221;1\/2&#8243;][vc_column_text] Kernkompetenz \u2013 Elektrische Montage UNISIG-Maschinen sind mit Technologie ausgestattet. Wir verwenden Servo Motion Control, regenerative Antriebe und Hochgeschwindigkeitsprozessoren, um die Leistung unserer Maschinen zu steigern. Die Automatisierung beruht auf Sensoren und vernetzten Ger\u00e4ten, um mit hoher Intelligenz zu funktionieren. Pr\u00e4zisionsinstrumente innerhalb der Maschinen liefern Informationen, die die Genauigkeit unserer Werkzeugmaschinen verbessern. Unser<a href=\"https:\/\/unisig.com\/de\/kernkompetenz\/elektrische-montage\/\" class=\"more-link\">Read More<\/a><\/p>\n","protected":false},"author":3,"featured_media":0,"parent":0,"menu_order":0,"comment_status":"closed","ping_status":"closed","template":"","meta":{"_acf_changed":false,"footnotes":""},"folder":[1175],"class_list":["post-201921","page","type-page","status-publish","hentry"],"acf":[],"_links":{"self":[{"href":"https:\/\/unisig.com\/de\/wp-json\/wp\/v2\/pages\/201921","targetHints":{"allow":["GET"]}}],"collection":[{"href":"https:\/\/unisig.com\/de\/wp-json\/wp\/v2\/pages"}],"about":[{"href":"https:\/\/unisig.com\/de\/wp-json\/wp\/v2\/types\/page"}],"author":[{"embeddable":true,"href":"https:\/\/unisig.com\/de\/wp-json\/wp\/v2\/users\/3"}],"replies":[{"embeddable":true,"href":"https:\/\/unisig.com\/de\/wp-json\/wp\/v2\/comments?post=201921"}],"version-history":[{"count":0,"href":"https:\/\/unisig.com\/de\/wp-json\/wp\/v2\/pages\/201921\/revisions"}],"wp:attachment":[{"href":"https:\/\/unisig.com\/de\/wp-json\/wp\/v2\/media?parent=201921"}],"wp:term":[{"taxonomy":"folder","embeddable":true,"href":"https:\/\/unisig.com\/de\/wp-json\/wp\/v2\/folder?post=201921"}],"curies":[{"name":"wp","href":"https:\/\/api.w.org\/{rel}","templated":true}]}}