{"id":201924,"date":"2021-11-23T04:46:00","date_gmt":"2021-11-23T10:46:00","guid":{"rendered":"https:\/\/stagingxx.unisig.com\/mechanische-montage\/"},"modified":"2023-06-07T07:05:41","modified_gmt":"2023-06-07T12:05:41","slug":"mechanische-montage","status":"publish","type":"page","link":"https:\/\/unisig.com\/de\/kernkompetenz\/mechanische-montage\/","title":{"rendered":"Mechanische Montage"},"content":{"rendered":"<div class=\"wpb-content-wrapper\"><p>[vc_row][vc_column][vc_column_text]\n\t\t\t<!-- START PlaceHolder Slider REVOLUTION SLIDER 6.7.25 --><p class=\"rs-p-wp-fix\"><\/p>\n\t\t\t<rs-module-wrap id=\"rev_slider_17_1_wrapper\" data-source=\"gallery\" style=\"visibility:hidden;background:transparent;padding:0;margin:0px auto;margin-top:0;margin-bottom:0;\">\n\t\t\t\t<rs-module id=\"rev_slider_17_1\" style=\"\" data-version=\"6.7.25\">\n\t\t\t\t\t<rs-slides style=\"overflow: hidden; position: absolute;\">\n\t\t\t\t\t\t<rs-slide style=\"position: absolute;\" data-key=\"rs-22\" data-title=\"Slide\" data-duration=\"9000\" data-anim=\"ms:600;r:0;\" data-in=\"o:0;\" data-out=\"a:false;\">\n\t\t\t\t\t\t\t<img decoding=\"async\" src=\"\/\/unisig.com\/wp-content\/plugins\/revslider\/sr6\/assets\/assets\/dummy.png\" alt=\"\" title=\"video-banner-m\" width=\"1239\" height=\"566\" class=\"rev-slidebg tp-rs-img rs-lazyload\" data-lazyload=\"\/\/unisig.com\/wp-content\/uploads\/2021\/04\/video-banner-m.jpg\" data-no-retina>\n\t\t\t\t\t\t\t<rs-bgvideo \n\t\t\t\t\t\t\t\tdata-video=\"vc:none;w:100%;h:100%;nse:false;l:true;ptimer:false;\"\n\t\t\t\t\t\t\t\tdata-vimeoid=\"533688154\"\n\t\t\t\t\t\t\t\tdata-vatr=\"background=1&amp;title=0&amp;byline=0&amp;portrait=0&amp;api=1\"\n\t\t\t\t\t\t\t><\/rs-bgvideo>\n<!---->\t\t\t\t\t<\/rs-slide>\n\t\t\t\t\t<\/rs-slides>\n\t\t\t\t<\/rs-module>\n\t\t\t\t<script>\n\t\t\t\t\tsetREVStartSize({c: 'rev_slider_17_1',rl:[1240,1240,1240,480],el:[600,600,600,720],gw:[1240,1240,1240,480],gh:[600,600,600,720],type:'standard',justify:'',layout:'fullwidth',mh:\"0\"});if (window.RS_MODULES!==undefined && window.RS_MODULES.modules!==undefined && window.RS_MODULES.modules[\"revslider171\"]!==undefined) {window.RS_MODULES.modules[\"revslider171\"].once = false;window.revapi17 = undefined;if (window.RS_MODULES.checkMinimal!==undefined) window.RS_MODULES.checkMinimal()}\n\t\t\t\t<\/script>\n\t\t\t<\/rs-module-wrap>\n\t\t\t<!-- END REVOLUTION SLIDER -->\n[\/vc_column_text][\/vc_column][\/vc_row][vc_row gap=&#8221;30&#8243;][vc_column width=&#8221;1\/2&#8243;][vc_column_text]<\/p>\n<h4>Kernkompetenz &#8211; Mechanische Montage<\/h4>\n<p>Eine Maschine ist mehr als die Summe ihrer Teile. Unser mechanisches Montageteam baut Maschinen mit einem tiefen Wissen dar\u00fcber, was die Maschinen tun werden, wenn sie fertiggestellt sind, und wie sie funktionieren werden. Einige unserer Maschinen verkaufen sich f\u00fcr mehrere Millionen Dollar &#8211; nichts auf dem Montageboden wird dem Zufall \u00fcberlassen.<\/p>\n<p>Bei UNISIG gibt es immer viele Projekte, die sich durch den Bau bewegen, und es gibt viel zu verfolgen. Jeder Schritt muss genau richtig sein, bevor es weitergeht. Unsere Maschinen sind komplex, aber wir stellen sie systematisch zusammen, angeleitet von erfahrenen F\u00fchrungskr\u00e4ften in unserem Team, und sie funktionieren.[\/vc_column_text][\/vc_column][vc_column width=&#8221;1\/2&#8243;][vc_column_text]<\/p>\n<h4>Mechanische Montage \u2013 Wie wir es besser machen<\/h4>\n<p>Viele unserer Projekte sind Standardmaschinen, so dass wir einen Fluss in unserer Arbeit haben, der zu einer Erwartung wird. Wir sind immer auf der Suche nach Verbesserungen. Neue Werkzeuge, neue Techniken und h\u00f6here Standards, die auch unseren Durchsatz verbessern werden. Es gibt Aufregung, wenn eine brandneue Maschinenbasis ausgeglichen wird, um ein Projekt zu starten: Dies wird die bisher beste sein.<\/p>\n<p>UNISIG ist daf\u00fcr bekannt, die Branche voranzutreiben. Das bedeutet, dass neue Ideen in die Realit\u00e4t umgesetzt werden, und manchmal ist die Realit\u00e4t hart. Unsere mechanischen Montageteams sind normalerweise die ersten, die das volle Gewicht jedes Projekts erleben. Unsere Bauleiter wurden geschult, um Hindernisse zu antizipieren und zu \u00fcberwinden, bevor sie Probleme verursachen.[\/vc_column_text][\/vc_column][\/vc_row][vc_row][vc_column css=&#8221;.vc_custom_1632590730983{margin-top: 30px !important;margin-bottom: 30px !important;}&#8221;][vc_separator][\/vc_column][\/vc_row][vc_row gap=&#8221;30&#8243; content_placement=&#8221;top&#8221;][vc_column width=&#8221;1\/2&#8243;][vc_single_image image=&#8221;201475&#8243; img_size=&#8221;large&#8221;][\/vc_column][vc_column width=&#8221;1\/2&#8243;][vc_column_text]<\/p>\n<h4>Maschinenbau<\/h4>\n<p>Unsere Maschinen \u00fcberzeugen. Wenn drei von ihnen in einer Zelle mit einem Roboter-Handling-System <strong>zusammengebaut werden, macht es wirklich Spa\u00df, sie zu bauen.<\/strong> Wir beginnen all diese Projekte mit dem mechanischen Kern \u2013 Maschinensockel, Struktur, Achsantriebe und Spindelst\u00f6cke. Die Ausrichtung dieser Elemente w\u00e4hrend des Builds ist es, was die endg\u00fcltigen Geometriepr\u00fcfungen auf Erfolg ausrichtet.<\/p>\n<p>Nachdem der Kern zusammengef\u00fcgt ist, werden die n\u00e4chsten Phasen begonnen, die einen enormen Einfluss auf die Zuverl\u00e4ssigkeit und den zuk\u00fcnftigen Wartungsbedarf haben &#8211; Blechgeh\u00e4use, Rohrleitungen und Versorgungsleitungen, automatisierte Bewegung. Elektrische Feedback-Ger\u00e4te und Sensoren sind so montiert, dass sie den Belastungen einer rauen Umgebung standhalten.[\/vc_column_text][\/vc_column][\/vc_row][vc_row][vc_column css=&#8221;.vc_custom_1632590730983{margin-top: 30px !important;margin-bottom: 30px !important;}&#8221;][vc_separator][\/vc_column][\/vc_row][vc_row gap=&#8221;30&#8243; content_placement=&#8221;top&#8221; el_class=&#8221;row-reverse&#8221;][vc_column width=&#8221;1\/2&#8243;][vc_column_text]<\/p>\n<h4>Pr\u00e4zisions-Unterbaugruppe<\/h4>\n<p>Pr\u00e4zisionswerkzeugmaschinen verf\u00fcgen \u00fcber Hochgeschwindigkeitsspindeln, Getriebegetriebe, exotische Bet\u00e4tigungswerkzeuge und andere Module, die am besten au\u00dferhalb der anderen hochaktiven Bereiche der Fertigung und Montage zusammengestellt werden. UNISIG baut und testet diese Komponenten in unserem Pr\u00e4zisions-Untermontagebereich.<\/p>\n<p>Jedes Teil muss perfekt sein \u2013 gepr\u00fcft, gereinigt und geschmiert. Kritische Passungen werden noch einmal gemessen, bevor fl\u00fcssiger Stickstoff oder Induktionsheizungen zum Zusammenbau verwendet <strong>werden, ohne auf die H\u00e4mmer zur\u00fcckgreifen zu m\u00fcssen, die andere Unternehmen verwenden.<\/strong> Jeder Verschluss wird gedreht und markiert. Unser Kernwert &#8220;Detail und Konsistenz verpflichtet&#8221; ist hier entscheidend.[\/vc_column_text][\/vc_column][vc_column width=&#8221;1\/2&#8243;][vc_single_image image=&#8221;201473&#8243; img_size=&#8221;large&#8221;][\/vc_column][\/vc_row][vc_row][vc_column css=&#8221;.vc_custom_1632590730983{margin-top: 30px !important;margin-bottom: 30px !important;}&#8221;][vc_separator][\/vc_column][\/vc_row][vc_row gap=&#8221;30&#8243; content_placement=&#8221;top&#8221;][vc_column width=&#8221;1\/2&#8243;][vc_single_image image=&#8221;201469&#8243; img_size=&#8221;large&#8221;][\/vc_column][vc_column width=&#8221;1\/2&#8243;][vc_column_text]<\/p>\n<h4>Fluidtechnik<\/h4>\n<p>Hydraulik, Pneumatik, Schmier- und Schneidfl\u00fcssigkeitssysteme sind Teil unseres mechanischen Know-hows. W\u00e4hrend des mechanischen Kernbaus gibt es viele Pl\u00e4ne f\u00fcr Sanit\u00e4rrouten und die Installation von Fluidtechnikger\u00e4ten. Wir bauen Schlauchleitungen, die dem rauen Einsatz standhalten. Unsere mechanischen Monteure <strong>biegen und formen Stahlrohre, um die kundenspezifische Speed-Shops beneidet werden.<\/strong><\/p>\n<p>All diese Arbeiten sind nur mit einer starken Ausbildung in der Hydrauliktheorie m\u00f6glich. Wir treffen Entscheidungen im Bau, die sich direkt auf die Leistung unserer Maschinen auswirken. Um ein Problem zu lokalisieren, wenn die Maschine eingeschaltet ist, und die Systeme anzupassen, m\u00fcssen wir wissen, warum es funktioniert, und nicht nur die Rohrleitungen an die richtigen Stellen anschlie\u00dfen.[\/vc_column_text][\/vc_column][\/vc_row][vc_row gap=&#8221;30&#8243; content_placement=&#8221;top&#8221; el_class=&#8221;row-reverse&#8221;][vc_column width=&#8221;1\/2&#8243;][vc_column_text]<\/p>\n<h4>Verwenden Sie die richtigen Tools f\u00fcr den Job<\/h4>\n<p>Bei UNISIG haben wir die Werkzeuge, um sicher zu arbeiten, ohne uns zu zerm\u00fcrben. <strong>Das Bauen von Maschinen ist physisch, aber es sollte keine harte Arbeit sein.<\/strong> Br\u00fcckenkrane mit moderner Steuerung lassen uns massive Maschinen mit Finesse montieren. Unser Bauboden ist so geplant, dass er die richtigen Werkzeuge in der N\u00e4he hat, damit wir uns auf die Arbeit konzentrieren k\u00f6nnen.<\/p>\n<p>Nach der Untermontage verwenden wir Schwingungs- und Temperaturanalyseger\u00e4te, w\u00e4hrend wir in rotierenden Baugruppen laufen. Bauherren und Ingenieure arbeiten zusammen, um die Leistungsrichtlinien festzulegen, die einen jahrzehntelangen Betrieb gew\u00e4hrleisten.<\/p>\n<p><strong>Wenn es ein besseres Werkzeug gibt, um die Arbeit zu erledigen, kaufen wir es.<\/strong> Die Zukunft der mechanischen Arbeit besteht darin, unsere menschlichen Bem\u00fchungen durch intelligentes Arbeiten zu erweitern. Wir finden heraus, was als n\u00e4chstes kommt.[\/vc_column_text][\/vc_column][vc_column width=&#8221;1\/2&#8243;][vc_single_image image=&#8221;201471&#8243; img_size=&#8221;large&#8221;][\/vc_column][\/vc_row][vc_row][vc_column css=&#8221;.vc_custom_1632590730983{margin-top: 30px !important;margin-bottom: 30px !important;}&#8221;][vc_separator][\/vc_column][\/vc_row][vc_row gap=&#8221;30&#8243; content_placement=&#8221;top&#8221;][vc_column width=&#8221;1\/2&#8243;][vc_single_image image=&#8221;201481&#8243; img_size=&#8221;large&#8221;][\/vc_column][vc_column width=&#8221;1\/2&#8243;][vc_column_text]<\/p>\n<h4>Maschinenpr\u00fcfung und -ausrichtung<\/h4>\n<p>Der Bau einer Maschine ist der erste Teil der Arbeit. Der Rest ist sicherzustellen, dass alles funktioniert. Unser mechanisches Montageteam ist tief in die Pr\u00fcfung der Maschinenfunktion involviert und wei\u00df, wie man die Maschinen bedient. Wenn alles ausgecheckt ist, f\u00fchren wir eine abschlie\u00dfende Einschaltausrichtung durch, um die Genauigkeit \u00fcber den gesamten Bewegungsbereich sicherzustellen und die Ergebnisse zu dokumentieren.<\/p>\n<p>Nicht alle Tests verlaufen wie geplant. Hier kommt unser <strong>Verst\u00e4ndnis davon ins Spiel, wie jeder Teil der Maschinen funktioniert.<\/strong> Normalerweise ist alles, was nicht sofort funktioniert, damit verbundene Anpassungen und Abstimmungen der Maschinen. Es ist selten, dass w\u00e4hrend des Build-Prozesses etwas durch unsere Qualit\u00e4tspr\u00fcfungen kommt.<\/p>\n<p>Automatisierte Systeme sind komplizierter, da m\u00f6glicherweise mehrere Maschinen mit Robotik zusammenarbeiten und Werkst\u00fccke sich bewegen. Wir bleiben dabei und beheben dauerhaft alles, was auftaucht, damit es das Projekt nicht verfolgt und unseren Kunden Probleme bereitet.[\/vc_column_text][\/vc_column][\/vc_row][vc_row][vc_column css=&#8221;.vc_custom_1632590730983{margin-top: 30px !important;margin-bottom: 30px !important;}&#8221;][vc_separator][\/vc_column][\/vc_row][vc_row gap=&#8221;30&#8243; content_placement=&#8221;top&#8221; el_class=&#8221;row-reverse&#8221;][vc_column width=&#8221;1\/2&#8243;][vc_column_text]<\/p>\n<h4>Maschinendemonstration und Anwendungen<\/h4>\n<p>Der letzte Schritt in jedem Projekt, bevor wir es auf Lastwagen f\u00fcr den Versand setzen, ist die Demonstration der Maschine f\u00fcr unsere Kunden. <strong>Der mechanische Projektleiter ist normalerweise die Person, die direkt zeigt, was die Maschine kann,<\/strong>und die Kunden in guten Best Practices f\u00fcr ihre Verwendung schult.<\/p>\n<p>Viele Maschinen und automatisierte Systeme sind so konzipiert, dass sie eine Reihe von Leistungsspezifikationen erf\u00fcllen, die es uns erm\u00f6glichen, die Zustimmung der Kunden zu erhalten. Die mechanische Montagegruppe arbeitet mit Ingenieuren und Fachexperten zusammen, um alles zusammenzubringen und zu beweisen, dass es funktioniert.<\/p>\n<p>Unsere erfahrensten Bauherren wissen, dass sie angesichts fr\u00fcher Werkzeugprobleme oder der anf\u00e4nglichen Verk\u00fcrzung der Zykluszeit ruhig bleiben m\u00fcssen. Wir gehen diese systematisch durch und l\u00f6sen Probleme, wissend, dass Erfolg das Ergebnis sein wird. Unsere Garantie bei UNISIG lautet: &#8220;Es wird funktionieren.&#8221;[\/vc_column_text][\/vc_column][vc_column width=&#8221;1\/2&#8243;][vc_single_image image=&#8221;201483&#8243; img_size=&#8221;large&#8221;][\/vc_column][\/vc_row][vc_row][vc_column css=&#8221;.vc_custom_1632590730983{margin-top: 30px !important;margin-bottom: 30px !important;}&#8221;][vc_separator][vc_column_text]<\/p>\n<h6 style=\"text-align: center;\">UNISIG KERNKOMPETENZEN<\/h6>\n<p style=\"text-align: center;\"><a href=\"https:\/\/unisig.com\/de\/kernkompetenz\/mechanische-konstruktion\" rel=\"noopener\">Konstruktion<\/a>\u00a0| <a href=\"https:\/\/unisig.com\/de\/kernkompetenz\/elektrotechnik\" rel=\"noopener\">Elektrotechnik<\/a> | <a href=\"https:\/\/unisig.com\/de\/kernkompetenz\/spanende-bearbeitung\/\" rel=\"noopener\">Spanende Bearbeitung |<\/a> <a href=\"https:\/\/unisig.com\/de\/kernkompentenzen\/blechbearbeitung\">Blechbearbeitung<\/a> |\u00a0<a href=\"https:\/\/unisig.com\/de\/kernkompetenz\/mechanische-montage\/\" rel=\"noopener\">Mechanische Montage<\/a> | <a href=\"https:\/\/unisig.com\/de\/kernkompetenz\/elektrische-montage\/\" rel=\"noopener\">Elektrische Montage<\/a> | <a href=\"https:\/\/unisig.com\/de\/kernkompetenz\/praezisionskalibrierung\/\" rel=\"noopener\">Pr\u00e4zisionskalibrierung<\/a>\u00a0| <a href=\"https:\/\/unisig.com\/de\/kernkompetenz\/maschinenservice\/\" rel=\"noopener\">Maschinenservice |<\/a> <a href=\"https:\/\/unisig.com\/de\/kernkompetenz\/schulung\/\">Schulung<\/a><\/p>\n<p>[\/vc_column_text][vc_separator][vc_column_text]<\/p>\n<h6 style=\"text-align: center;\">GEF\u00c4LLT IHNEN, WAS SIE SEHEN?<\/h6>\n<h6 style=\"text-align: center;\"><a href=\"https:\/\/unisig.com\/de\/karriere-bei-unisig\/\">Informieren Sie sich \u00fcber aktuelle Stellenangebote bei UNISIG<\/a><\/h6>\n<p>[\/vc_column_text][vc_separator][\/vc_column][\/vc_row]<\/p>\n<\/div>","protected":false},"excerpt":{"rendered":"<p>[vc_row][vc_column][vc_column_text][\/vc_column_text][\/vc_column][\/vc_row][vc_row gap=&#8221;30&#8243;][vc_column width=&#8221;1\/2&#8243;][vc_column_text] Kernkompetenz &#8211; Mechanische Montage Eine Maschine ist mehr als die Summe ihrer Teile. Unser mechanisches Montageteam baut Maschinen mit einem tiefen Wissen dar\u00fcber, was die Maschinen tun werden, wenn sie fertiggestellt sind, und wie sie funktionieren werden. Einige unserer Maschinen verkaufen sich f\u00fcr mehrere Millionen Dollar &#8211; nichts auf dem Montageboden wird<a href=\"https:\/\/unisig.com\/de\/kernkompetenz\/mechanische-montage\/\" class=\"more-link\">Read More<\/a><\/p>\n","protected":false},"author":3,"featured_media":0,"parent":0,"menu_order":0,"comment_status":"closed","ping_status":"closed","template":"","meta":{"_acf_changed":false,"footnotes":""},"folder":[1175],"class_list":["post-201924","page","type-page","status-publish","hentry"],"acf":[],"_links":{"self":[{"href":"https:\/\/unisig.com\/de\/wp-json\/wp\/v2\/pages\/201924","targetHints":{"allow":["GET"]}}],"collection":[{"href":"https:\/\/unisig.com\/de\/wp-json\/wp\/v2\/pages"}],"about":[{"href":"https:\/\/unisig.com\/de\/wp-json\/wp\/v2\/types\/page"}],"author":[{"embeddable":true,"href":"https:\/\/unisig.com\/de\/wp-json\/wp\/v2\/users\/3"}],"replies":[{"embeddable":true,"href":"https:\/\/unisig.com\/de\/wp-json\/wp\/v2\/comments?post=201924"}],"version-history":[{"count":0,"href":"https:\/\/unisig.com\/de\/wp-json\/wp\/v2\/pages\/201924\/revisions"}],"wp:attachment":[{"href":"https:\/\/unisig.com\/de\/wp-json\/wp\/v2\/media?parent=201924"}],"wp:term":[{"taxonomy":"folder","embeddable":true,"href":"https:\/\/unisig.com\/de\/wp-json\/wp\/v2\/folder?post=201924"}],"curies":[{"name":"wp","href":"https:\/\/api.w.org\/{rel}","templated":true}]}}