{"id":201934,"date":"2021-02-02T10:36:12","date_gmt":"2021-02-02T16:36:12","guid":{"rendered":"https:\/\/stagingxx.unisig.com\/karriere\/"},"modified":"2023-07-17T07:50:12","modified_gmt":"2023-07-17T12:50:12","slug":"10535-2","status":"publish","type":"page","link":"https:\/\/unisig.com\/de\/karriere-bei-unisig\/","title":{"rendered":"Karrierechancen"},"content":{"rendered":"<div class=\"wpb-content-wrapper\"><p>[vc_row el_class=&#8221;top-banner-section&#8221;][vc_column]<div class=\"avt_masterslider_el \" >\n\t\t<!-- MasterSlider -->\n\t\t<div id=\"P_MS69ecf28dc1f5d\" class=\"master-slider-parent ms-parent-id-41\" style=\"\" >\n\n\t\t\t\n\t\t\t<!-- MasterSlider Main -->\n\t\t\t<div id=\"MS69ecf28dc1f5d\" class=\"master-slider ms-skin-default\" >\n\t\t\t\t \t\t\t\t \n\n\t\t\t<div  class=\"ms-slide\" data-delay=\"3\" data-fill-mode=\"fill\"   >\n\t\t\t\t\t<img decoding=\"async\" src=\"https:\/\/unisig.com\/wp-content\/plugins\/masterslider\/public\/assets\/css\/blank.gif\" alt=\"\" title=\"People-3\" data-src=\"https:\/\/unisig.com\/wp-content\/smush-webp\/2021\/02\/People-3.png.webp\" \/>\n\n\n\t\t\t\t<\/div>\n\n\t\t\t<\/div>\n\t\t\t<!-- END MasterSlider Main -->\n\n\t\t\t \n\t\t<\/div>\n\t\t<!-- END MasterSlider -->\n\n\t\t<script>\n\t\t( window.MSReady = window.MSReady || [] ).push( function( $ ) {\n\n\t\t\t\"use strict\";\n\t\t\tvar masterslider_1f5d = new MasterSlider();\n\n\t\t\t\/\/ slider controls\n\t\t\t\/\/ slider setup\n\t\t\tmasterslider_1f5d.setup(\"MS69ecf28dc1f5d\", {\n\t\t\t\twidth           : 1500,\n\t\t\t\theight          : 450,\n\t\t\t\tminHeight       : 0,\n\t\t\t\tspace           : 0,\n\t\t\t\tstart           : 1,\n\t\t\t\tgrabCursor      : true,\n\t\t\t\tswipe           : true,\n\t\t\t\tmouse           : true,\n\t\t\t\tkeyboard        : false,\n\t\t\t\tlayout          : \"fullwidth\",\n\t\t\t\twheel           : false,\n\t\t\t\tautoplay        : false,\n                instantStartLayers:false,\n\t\t\t\tmobileBGVideo:false,\n\t\t\t\tloop            : false,\n\t\t\t\tshuffle         : false,\n\t\t\t\tpreload         : 0,\n\t\t\t\theightLimit     : true,\n\t\t\t\tautoHeight      : false,\n\t\t\t\tsmoothHeight    : true,\n\t\t\t\tendPause        : false,\n\t\t\t\toverPause       : true,\n\t\t\t\tfillMode        : \"fill\",\n\t\t\t\tcenterControls  : true,\n\t\t\t\tstartOnAppear   : false,\n\t\t\t\tlayersMode      : \"center\",\n\t\t\t\tautofillTarget  : \"\",\n\t\t\t\thideLayers      : false,\n\t\t\t\tfullscreenMargin: 0,\n\t\t\t\tspeed           : 20,\n\t\t\t\tdir             : \"h\",\n\t\t\t\tresponsive      : true,\n\t\t\t\ttabletWidth     : 768,\n\t\t\t\ttabletHeight    : null,\n\t\t\t\tphoneWidth      : 480,\n\t\t\t\tphoneHeight    : null,\n\t\t\t\tsizingReference : window,\n\t\t\t\tparallaxMode    : 'swipe',\n\t\t\t\tview            : \"basic\"\n\t\t\t});\n\n\t\t\t\n\t\t\twindow.masterslider_instances = window.masterslider_instances || [];\n\t\t\twindow.masterslider_instances.push( masterslider_1f5d );\n\t\t});\n\t\t<\/script>\n\n<\/div>[\/vc_column][\/vc_row][vc_row gap=&#8221;35&#8243; content_placement=&#8221;middle&#8221; css=&#8221;.vc_custom_1684528414896{padding-top: 50px !important;padding-bottom: 50px !important;}&#8221;][vc_column width=&#8221;2\/3&#8243;][vc_custom_heading text=&#8221;Karrierechancen bei UNISIG&#8221; use_theme_fonts=&#8221;yes&#8221;][vc_column_text]<\/p>\n<p style=\"font-size: 16px;\">Engagierte Menschen, die an einem Strang ziehen, k\u00f6nnen alles erreichen. <a href=\"https:\/\/unisig.com\/de\/kompetenz\/unisig-zentrale-werte\/\" target=\"_blank\" rel=\"noopener\">Unsere zentralen Werte<\/a> sind von unseren besten Mitarbeitern inspiriert und helfen uns herauszufinden, ob jemand zu uns passt.<\/p>\n<p style=\"font-size: 16px;\">Auch wenn wir die gleichen Werte teilen, sind die Menschen bei UNISIG sehr unterschiedlich. Pers\u00f6nlichkeiten, Hintergr\u00fcnde, Erfahrungen und alles, was Einzelpersonen einzigartig macht, erm\u00f6glicht es uns, unsere Ideen zu verwirklichen und zu verbessern, ohne obsolet zu werden.<\/p>\n<p>[\/vc_column_text][vc_column_text]<\/p>\n<h4>UNISIGs KERNKOMPETENZEN<\/h4>\n<ul>\n<li><a href=\"https:\/\/unisig.com\/de\/kernkompetenz\/mechanische-konstruktion\">Mechanische Konstruktion<\/a><\/li>\n<li><a href=\"https:\/\/unisig.com\/de\/kernkompetenz\/elektrotechnik\">Elektrokonstruktion<\/a><\/li>\n<li><a href=\"https:\/\/unisig.com\/de\/kernkompetenz\/spanende-bearbeitung\/\">Spanende Bearbeitung<\/a><\/li>\n<li><a href=\"https:\/\/unisig.com\/de\/containers-2-2\/\">Blechbearbeitung<\/a><\/li>\n<li><a href=\"\/?page_id=201904\">Mechanische Montage<\/a><\/li>\n<li><a href=\"https:\/\/unisig.com\/de\/kernkompetenz\/elektrische-montage\/\">Elektrische Montage<\/a><\/li>\n<li><a href=\"https:\/\/unisig.com\/de\/kernkompetenz\/praezisionskalibrierung\/\">Pr\u00e4zisionskalibrierung<\/a><\/li>\n<li><a href=\"https:\/\/unisig.com\/de\/kernkompetenz\/maschinenservice\/\">Maschinenservice<\/a><\/li>\n<li><a href=\"https:\/\/unisig.com\/de\/kernkompetenz\/schulung\/\">Schulung<\/a><\/li>\n<\/ul>\n<p>[\/vc_column_text][\/vc_column][vc_column width=&#8221;1\/3&#8243; css=&#8221;.vc_custom_1684528575727{padding-top: 20px !important;padding-right: 20px !important;padding-bottom: 15px !important;padding-left: 20px !important;background-color: #005288 !important;}&#8221; el_class=&#8221;white-text-section&#8221;][vc_custom_heading text=&#8221;Zentrale Werte&#8221; font_container=&#8221;tag:h3|text_align:left|color:%23ffffff&#8221; use_theme_fonts=&#8221;yes&#8221; css=&#8221;.vc_custom_1689343116271{margin-top: 0px !important;}&#8221;][vc_column_text]<\/p>\n<ul class=\"list-style-non\">\n<li>ANGETRIEBEN ETWAS ZU <strong>BEWEGEN<\/strong><\/li>\n<li>PROBLEME <strong>L\u00d6SEN, <\/strong>NICHT VERURSACHEN<\/li>\n<li>STARKE <strong>INDIVIDUEN <\/strong>DIE EIN <strong>TEAM <\/strong>SCH\u00c4TZEN<\/li>\n<li>MIT DEM WUNSCH <strong>NEUES ZU ENTDECKEN<\/strong><\/li>\n<li>DEM DETAIL UND DER KONSISTENZ <strong>VERPFLICHTET<\/strong><\/li>\n<\/ul>\n<p>[\/vc_column_text][\/vc_column][\/vc_row][vc_row hide_element=&#8221;true&#8221;][vc_column][vc_column_text]<\/p>\n<h6 style=\"text-align: center;\">UNISIG KERNKOMPETENZEN<\/h6>\n<p style=\"text-align: center;\"><a href=\"https:\/\/unisig.com\/de\/kernkompetenz\/mechanische-konstruktion\" rel=\"noopener\">Konstruktion<\/a>\u00a0| <a href=\"https:\/\/unisig.com\/de\/kernkompetenz\/elektrotechnik\" rel=\"noopener\">Elektrotechnik<\/a> | <a href=\"https:\/\/unisig.com\/de\/kernkompetenz\/spanende-bearbeitung\/\" rel=\"noopener\">Spanende Bearbeitung |<\/a> <a href=\"https:\/\/unisig.com\/de\/kernkompentenzen\/blechbearbeitung\">Blechbearbeitung<\/a> |\u00a0<a href=\"https:\/\/unisig.com\/de\/kernkompetenz\/mechanische-montage\/\" rel=\"noopener\">Mechanische Montage<\/a> | <a href=\"https:\/\/unisig.com\/de\/kernkompetenz\/elektrische-montage\/\" rel=\"noopener\">Elektrische Montage<\/a> | <a href=\"https:\/\/unisig.com\/de\/kernkompetenz\/praezisionskalibrierung\/\" rel=\"noopener\">Pr\u00e4zisionskalibrierung<\/a>\u00a0| <a href=\"https:\/\/unisig.com\/de\/kernkompetenz\/maschinenservice\/\" rel=\"noopener\">Maschinenservice |<\/a> <a href=\"https:\/\/unisig.com\/de\/kernkompetenz\/schulung\/\">Schulung<\/a><\/p>\n<p>[\/vc_column_text][\/vc_column][\/vc_row][vc_row][vc_column][vc_raw_html]JTNDcG93ZXJlZC1ieSUzRSUzQyUyRnBvd2VyZWQtYnklM0U=[\/vc_raw_html][vc_row_inner][vc_column_inner][vc_column_text css=&#8221;.vc_custom_1668104175110{padding-top: 40px !important;padding-right: 40px !important;padding-bottom: 40px !important;padding-left: 40px !important;}&#8221;]<a name=\"submission\"><\/a><\/p>\n<p style=\"font-size: 125%; text-align: left;\">Are you interested in working on million-dollar projects that impact a diverse set of industries but not sure where your skill set might fit in?\u00a0 If you like our core values and want to learn more about what it is like working at Unisig, please fill in the information request form below to learn more, or just call us at 262-252-5151 extension 306 for Human Resources.<\/p>\n<p>[\/vc_column_text]<script type=\"text\/javascript\">\n\/* <![CDATA[ *\/\nvar gform;gform||(document.addEventListener(\"gform_main_scripts_loaded\",function(){gform.scriptsLoaded=!0}),document.addEventListener(\"gform\/theme\/scripts_loaded\",function(){gform.themeScriptsLoaded=!0}),window.addEventListener(\"DOMContentLoaded\",function(){gform.domLoaded=!0}),gform={domLoaded:!1,scriptsLoaded:!1,themeScriptsLoaded:!1,isFormEditor:()=>\"function\"==typeof InitializeEditor,callIfLoaded:function(o){return!(!gform.domLoaded||!gform.scriptsLoaded||!gform.themeScriptsLoaded&&!gform.isFormEditor()||(gform.isFormEditor()&&console.warn(\"The use of gform.initializeOnLoaded() is deprecated in the form editor context and will be removed in Gravity Forms 3.1.\"),o(),0))},initializeOnLoaded:function(o){gform.callIfLoaded(o)||(document.addEventListener(\"gform_main_scripts_loaded\",()=>{gform.scriptsLoaded=!0,gform.callIfLoaded(o)}),document.addEventListener(\"gform\/theme\/scripts_loaded\",()=>{gform.themeScriptsLoaded=!0,gform.callIfLoaded(o)}),window.addEventListener(\"DOMContentLoaded\",()=>{gform.domLoaded=!0,gform.callIfLoaded(o)}))},hooks:{action:{},filter:{}},addAction:function(o,r,e,t){gform.addHook(\"action\",o,r,e,t)},addFilter:function(o,r,e,t){gform.addHook(\"filter\",o,r,e,t)},doAction:function(o){gform.doHook(\"action\",o,arguments)},applyFilters:function(o){return gform.doHook(\"filter\",o,arguments)},removeAction:function(o,r){gform.removeHook(\"action\",o,r)},removeFilter:function(o,r,e){gform.removeHook(\"filter\",o,r,e)},addHook:function(o,r,e,t,n){null==gform.hooks[o][r]&&(gform.hooks[o][r]=[]);var d=gform.hooks[o][r];null==n&&(n=r+\"_\"+d.length),gform.hooks[o][r].push({tag:n,callable:e,priority:t=null==t?10:t})},doHook:function(r,o,e){var t;if(e=Array.prototype.slice.call(e,1),null!=gform.hooks[r][o]&&((o=gform.hooks[r][o]).sort(function(o,r){return o.priority-r.priority}),o.forEach(function(o){\"function\"!=typeof(t=o.callable)&&(t=window[t]),\"action\"==r?t.apply(null,e):e[0]=t.apply(null,e)})),\"filter\"==r)return e[0]},removeHook:function(o,r,t,n){var e;null!=gform.hooks[o][r]&&(e=(e=gform.hooks[o][r]).filter(function(o,r,e){return!!(null!=n&&n!=o.tag||null!=t&&t!=o.priority)}),gform.hooks[o][r]=e)}});\n\/* ]]> *\/\n<\/script>\n\n                <div class='gf_browser_gecko gform_wrapper gravity-theme gform-theme--no-framework' data-form-theme='gravity-theme' data-form-index='0' id='gform_wrapper_37' ><form method='post' enctype='multipart\/form-data'  id='gform_37'  action='\/de\/wp-json\/wp\/v2\/pages\/201934' data-formid='37' novalidate>\t\t\t\t\t<div style=\"display: none !important;\" class=\"akismet-fields-container gf_invisible\" data-prefix=\"ak_\"> \r\n <input type='hidden' class='gforms-pum' value='{\"closepopup\":false,\"closedelay\":0,\"openpopup\":false,\"openpopup_id\":0}' \/>\n\t\t\t\t\t\t<label>&#916;<textarea name=\"ak_hp_textarea\" cols=\"45\" rows=\"8\" maxlength=\"100\"><\/textarea><\/label>\n\t\t\t\t\t\t<input type=\"hidden\" id=\"ak_js_1\" name=\"ak_js\" value=\"177\" \/>\n\t\t\t\t\t\t<script type=\"text\/javascript\">\n\/* <![CDATA[ *\/\ndocument.getElementById( \"ak_js_1\" ).setAttribute( \"value\", ( new Date() ).getTime() );\n\/* ]]> *\/\n<\/script>\n\n\t\t\t\t\t<\/div>\n                        <div class='gform-body gform_body'><div id='gform_fields_37' class='gform_fields top_label form_sublabel_below description_below validation_below'><div id=\"field_37_9\" class=\"gfield gfield--type-honeypot gform_validation_container field_sublabel_below gfield--has-description field_description_below field_validation_below gfield_visibility_visible\"  ><label class='gfield_label gform-field-label' for='input_37_9'>X\/Twitter<\/label><div class='ginput_container'><input name='input_9' id='input_37_9' type='text' value='' autocomplete='new-password'\/><\/div><div class='gfield_description' id='gfield_description_37_9'>Dieses Feld dient zur Validierung und sollte nicht ver\u00e4ndert werden.<\/div><\/div><fieldset id=\"field_37_4\" class=\"gfield gfield--type-name gfield_contains_required field_sublabel_below gfield--no-description field_description_below field_validation_below gfield_visibility_visible\"  ><legend class='gfield_label gform-field-label gfield_label_before_complex' >Name<span class=\"gfield_required\"><span class=\"gfield_required gfield_required_text\">(erforderlich)<\/span><\/span><\/legend><div class='ginput_complex ginput_container ginput_container--name no_prefix has_first_name no_middle_name has_last_name no_suffix gf_name_has_2 ginput_container_name gform-grid-row' id='input_37_4'>\n                            \n                            <span id='input_37_4_3_container' class='name_first gform-grid-col gform-grid-col--size-auto' >\n                                                    <input type='text' name='input_4.3' id='input_37_4_3' value=''   aria-required='true'     \/>\n                                                    <label for='input_37_4_3' class='gform-field-label gform-field-label--type-sub '>Vorname<\/label>\n                                                <\/span>\n                            \n                            <span id='input_37_4_6_container' class='name_last gform-grid-col gform-grid-col--size-auto' >\n                                                    <input type='text' name='input_4.6' id='input_37_4_6' value=''   aria-required='true'     \/>\n                                                    <label for='input_37_4_6' class='gform-field-label gform-field-label--type-sub '>Nachname<\/label>\n                                                <\/span>\n                            \n                        <\/div><\/fieldset><div id=\"field_37_6\" class=\"gfield gfield--type-email gfield--width-full gfield_contains_required field_sublabel_below gfield--no-description field_description_below field_validation_below gfield_visibility_visible\"  ><label class='gfield_label gform-field-label' for='input_37_6'>Email<span class=\"gfield_required\"><span class=\"gfield_required gfield_required_text\">(erforderlich)<\/span><\/span><\/label><div class='ginput_container ginput_container_email'>\n                            <input name='input_6' id='input_37_6' type='email' value='' class='large'    aria-required=\"true\" aria-invalid=\"false\"  \/>\n                        <\/div><\/div><div id=\"field_37_7\" class=\"gfield gfield--type-phone gfield--width-full gfield_contains_required field_sublabel_below gfield--no-description field_description_below field_validation_below gfield_visibility_visible\"  ><label class='gfield_label gform-field-label' for='input_37_7'>Phone<span class=\"gfield_required\"><span class=\"gfield_required gfield_required_text\">(erforderlich)<\/span><\/span><\/label><div class='ginput_container ginput_container_phone'><input name='input_7' id='input_37_7' type='tel' value='' class='large'   aria-required=\"true\" aria-invalid=\"false\"   \/><\/div><\/div><div id=\"field_37_8\" class=\"gfield gfield--type-textarea gfield--width-full field_sublabel_below gfield--no-description field_description_below field_validation_below gfield_visibility_visible\"  ><label class='gfield_label gform-field-label' for='input_37_8'>Message<\/label><div class='ginput_container ginput_container_textarea'><textarea name='input_8' id='input_37_8' class='textarea medium'      aria-invalid=\"false\"   rows='10' cols='50'><\/textarea><\/div><\/div><\/div><\/div>\n        <div class='gform-footer gform_footer top_label'> <input type='submit' id='gform_submit_button_37' class='gform_button button' onclick='gform.submission.handleButtonClick(this);' data-submission-type='submit' value='Submit'  \/> \n            <input type='hidden' class='gform_hidden' name='gform_submission_method' data-js='gform_submission_method_37' value='postback' \/>\n            <input type='hidden' class='gform_hidden' name='gform_theme' data-js='gform_theme_37' id='gform_theme_37' value='gravity-theme' \/>\n            <input type='hidden' class='gform_hidden' name='gform_style_settings' data-js='gform_style_settings_37' id='gform_style_settings_37' value='[]' \/>\n            <input type='hidden' class='gform_hidden' name='is_submit_37' value='1' \/>\n            <input type='hidden' class='gform_hidden' name='gform_submit' value='37' \/>\n            \n            <input type='hidden' class='gform_hidden' name='gform_unique_id' value='' \/>\n            <input type='hidden' class='gform_hidden' name='state_37' value='WyJbXSIsIjc5N2QzODZlNjE1ZTY2ZmUxOTAzNDY4NjUxYWY2MzNhIl0=' \/>\n            <input type='hidden' autocomplete='off' class='gform_hidden' name='gform_target_page_number_37' id='gform_target_page_number_37' value='0' \/>\n            <input type='hidden' autocomplete='off' class='gform_hidden' name='gform_source_page_number_37' id='gform_source_page_number_37' value='1' \/>\n            <input type='hidden' name='gform_field_values' value='' \/>\n            \n        <\/div>\n                        <\/form>\n                        <\/div><script type=\"text\/javascript\">\n\/* <![CDATA[ *\/\n gform.initializeOnLoaded( function() {gformInitSpinner( 37, 'https:\/\/unisig.com\/wp-content\/plugins\/gravityforms\/images\/spinner.svg', true );jQuery('#gform_ajax_frame_37').on('load',function(){var contents = jQuery(this).contents().find('*').html();var is_postback = contents.indexOf('GF_AJAX_POSTBACK') >= 0;if(!is_postback){return;}var form_content = jQuery(this).contents().find('#gform_wrapper_37');var is_confirmation = jQuery(this).contents().find('#gform_confirmation_wrapper_37').length > 0;var is_redirect = contents.indexOf('gformRedirect(){') >= 0;var is_form = form_content.length > 0 && ! is_redirect && ! is_confirmation;var mt = parseInt(jQuery('html').css('margin-top'), 10) + parseInt(jQuery('body').css('margin-top'), 10) + 100;if(is_form){jQuery('#gform_wrapper_37').html(form_content.html());if(form_content.hasClass('gform_validation_error')){jQuery('#gform_wrapper_37').addClass('gform_validation_error');} else {jQuery('#gform_wrapper_37').removeClass('gform_validation_error');}setTimeout( function() { \/* delay the scroll by 50 milliseconds to fix a bug in chrome *\/  }, 50 );if(window['gformInitDatepicker']) {gformInitDatepicker();}if(window['gformInitPriceFields']) {gformInitPriceFields();}var current_page = jQuery('#gform_source_page_number_37').val();gformInitSpinner( 37, 'https:\/\/unisig.com\/wp-content\/plugins\/gravityforms\/images\/spinner.svg', true );jQuery(document).trigger('gform_page_loaded', [37, current_page]);window['gf_submitting_37'] = false;}else if(!is_redirect){var confirmation_content = jQuery(this).contents().find('.GF_AJAX_POSTBACK').html();if(!confirmation_content){confirmation_content = contents;}jQuery('#gform_wrapper_37').replaceWith(confirmation_content);jQuery(document).trigger('gform_confirmation_loaded', [37]);window['gf_submitting_37'] = false;wp.a11y.speak(jQuery('#gform_confirmation_message_37').text());}else{jQuery('#gform_37').append(contents);if(window['gformRedirect']) {gformRedirect();}}jQuery(document).trigger(\"gform_pre_post_render\", [{ formId: \"37\", currentPage: \"current_page\", abort: function() { this.preventDefault(); } }]);        if (event && event.defaultPrevented) {                return;        }        const gformWrapperDiv = document.getElementById( \"gform_wrapper_37\" );        if ( gformWrapperDiv ) {            const visibilitySpan = document.createElement( \"span\" );            visibilitySpan.id = \"gform_visibility_test_37\";            gformWrapperDiv.insertAdjacentElement( \"afterend\", visibilitySpan );        }        const visibilityTestDiv = document.getElementById( \"gform_visibility_test_37\" );        let postRenderFired = false;        function triggerPostRender() {            if ( postRenderFired ) {                return;            }            postRenderFired = true;            gform.core.triggerPostRenderEvents( 37, current_page );            if ( visibilityTestDiv ) {                visibilityTestDiv.parentNode.removeChild( visibilityTestDiv );            }        }        function debounce( func, wait, immediate ) {            var timeout;            return function() {                var context = this, args = arguments;                var later = function() {                    timeout = null;                    if ( !immediate ) func.apply( context, args );                };                var callNow = immediate && !timeout;                clearTimeout( timeout );                timeout = setTimeout( later, wait );                if ( callNow ) func.apply( context, args );            };        }        const debouncedTriggerPostRender = debounce( function() {            triggerPostRender();        }, 200 );        if ( visibilityTestDiv && visibilityTestDiv.offsetParent === null ) {            const observer = new MutationObserver( ( mutations ) => {                mutations.forEach( ( mutation ) => {                    if ( mutation.type === 'attributes' && visibilityTestDiv.offsetParent !== null ) {                        debouncedTriggerPostRender();                        observer.disconnect();                    }                });            });            observer.observe( document.body, {                attributes: true,                childList: false,                subtree: true,                attributeFilter: [ 'style', 'class' ],            });        } else {            triggerPostRender();        }    } );} ); \n\/* ]]> *\/\n<\/script>\n[\/vc_column_inner][\/vc_row_inner][\/vc_column][\/vc_row][vc_row][vc_column][vc_separator][vc_column_text]<\/p>\n<p style=\"text-align: center;\">We are proud to be an <a href=\"https:\/\/www.dol.gov\/agencies\/ofccp\/posters\" target=\"_blank\" rel=\"noopener\">Equal Opportunity Employer<\/a>, treating all candidates and employees equitably without regard to race, color, gender, religion, national origin, ancestry, age, disability, protected veteran status, gender identity, sexual orientation, or any other basis prohibited by law.\u00a0 If you require reasonable accommodation with the application process please call (262)252-5151 extension 306.<\/p>\n<p>[\/vc_column_text][\/vc_column][\/vc_row]<\/p>\n<\/div>","protected":false},"excerpt":{"rendered":"<p>[vc_row el_class=&#8221;top-banner-section&#8221;][vc_column][\/vc_column][\/vc_row][vc_row gap=&#8221;35&#8243; content_placement=&#8221;middle&#8221; css=&#8221;.vc_custom_1684528414896{padding-top: 50px !important;padding-bottom: 50px !important;}&#8221;][vc_column width=&#8221;2\/3&#8243;][vc_custom_heading text=&#8221;Karrierechancen bei UNISIG&#8221; use_theme_fonts=&#8221;yes&#8221;][vc_column_text] Engagierte Menschen, die an einem Strang ziehen, k\u00f6nnen alles erreichen. Unsere zentralen Werte sind von unseren besten Mitarbeitern inspiriert und helfen uns herauszufinden, ob jemand zu uns passt. Auch wenn wir die gleichen Werte teilen, sind die Menschen bei UNISIG sehr<a href=\"https:\/\/unisig.com\/de\/karriere-bei-unisig\/\" class=\"more-link\">Read More<\/a><\/p>\n","protected":false},"author":3,"featured_media":0,"parent":0,"menu_order":0,"comment_status":"closed","ping_status":"closed","template":"","meta":{"_acf_changed":false,"footnotes":""},"folder":[1188],"class_list":["post-201934","page","type-page","status-publish","hentry"],"acf":[],"_links":{"self":[{"href":"https:\/\/unisig.com\/de\/wp-json\/wp\/v2\/pages\/201934","targetHints":{"allow":["GET"]}}],"collection":[{"href":"https:\/\/unisig.com\/de\/wp-json\/wp\/v2\/pages"}],"about":[{"href":"https:\/\/unisig.com\/de\/wp-json\/wp\/v2\/types\/page"}],"author":[{"embeddable":true,"href":"https:\/\/unisig.com\/de\/wp-json\/wp\/v2\/users\/3"}],"replies":[{"embeddable":true,"href":"https:\/\/unisig.com\/de\/wp-json\/wp\/v2\/comments?post=201934"}],"version-history":[{"count":0,"href":"https:\/\/unisig.com\/de\/wp-json\/wp\/v2\/pages\/201934\/revisions"}],"wp:attachment":[{"href":"https:\/\/unisig.com\/de\/wp-json\/wp\/v2\/media?parent=201934"}],"wp:term":[{"taxonomy":"folder","embeddable":true,"href":"https:\/\/unisig.com\/de\/wp-json\/wp\/v2\/folder?post=201934"}],"curies":[{"name":"wp","href":"https:\/\/api.w.org\/{rel}","templated":true}]}}