{"id":202369,"date":"2022-01-21T15:14:09","date_gmt":"2022-01-21T21:14:09","guid":{"rendered":"https:\/\/stagingxx.unisig.com\/machine-finden\/maschinen-nach-branche\/schusswaffen\/"},"modified":"2022-03-28T08:48:47","modified_gmt":"2022-03-28T13:48:47","slug":"maschinen-fuer-die-laufherstellung-3","status":"publish","type":"page","link":"https:\/\/unisig.com\/de\/branche\/schusswaffen-old\/","title":{"rendered":"Schusswaffen"},"content":{"rendered":"<div class=\"wpb-content-wrapper\"><p>[vc_row][vc_column][vc_column_text]<\/p>\n<h1>Schusswaffen<\/h1>\n<p>[\/vc_column_text][vc_column_text]Finden Sie einzelne Maschinen oder stellen Sie sich Ihre komplette L\u00f6sung in Form einer Bearbeitungszelle f\u00fcr die Herstellung von die Herstellung von Schusswaffenkomponenten zusammen. Mit den Pr\u00e4zisions-Tiefbohr-, Reib- und Drallziehmaschinen von UNISIG sind Sie auf der sicheren Seite. Die Maschinen bieten eine hervorragende Prozesskontrolle, die es den Waffenherstellern erm\u00f6glicht, Laufrohlinge mit unvergleichlicher Genauigkeit herzustellen. F\u00fcr Ihre komplette Fertigungsl\u00f6sung steht eine integrierte Automatisierung zur Verf\u00fcgung, die jedes Produktionsvolumen unterst\u00fctzt.[\/vc_column_text][\/vc_column][\/vc_row][vc_row][vc_column][vc_separator][vc_column_text]<\/p>\n<h2>Maschinen f\u00fcr die Waffenproduktion finden<\/h2>\n<p>[\/vc_column_text][\/vc_column][\/vc_row][vc_row][vc_column width=&#8221;1\/4&#8243;][vc_single_image image=&#8221;1696&#8243; img_size=&#8221;full&#8221; onclick=&#8221;custom_link&#8221; link=&#8221;\/?page_id=6594&#8243;][vc_column_text]<\/p>\n<h4><a href=\"https:\/\/unisig.com\/de\/alle-maschinen\/une-elb-tiefbohrmaschinen\/\">UNE-Serie<\/a><\/h4>\n<p>[\/vc_column_text][vc_column_text]Einlippen-Tiefbohrmaschinen bohren extrem gerade L\u00f6cher f\u00fcr eine Vielzahl von Anwendungen, einschlie\u00dflich Stangenmaterial zur Vorbereitung f\u00fcr die Herstellung von Gewehren.<\/p>\n<h5>Entwickelt f\u00fcr:<\/h5>\n<ul>\n<li>ELB<\/li>\n<li>Bohren bis 20 mm [0 .80 in]<\/li>\n<li>Bohrtiefen bis 1.500 mm [59.1 in]<\/li>\n<li>Runde Werkst\u00fccke<\/li>\n<\/ul>\n<p>[\/vc_column_text][\/vc_column][vc_column width=&#8221;1\/4&#8243;][vc_single_image image=&#8221;1696&#8243; img_size=&#8221;full&#8221; onclick=&#8221;custom_link&#8221; link=&#8221;https:\/\/unisig.com\/de\/produktetechnologie\/maschinen\/alle-maschinen\/unr-reibmaschinen\/&#8221;][vc_column_text]<\/p>\n<h4><a href=\"https:\/\/unisig.com\/de\/alle-maschinen\/unr-reibmaschinen\/\">UNR-Serie<\/a><\/h4>\n<p>[\/vc_column_text][vc_column_text]Nach dem Bohren tragen Reibmaschinen Material von der Bohrungsoberfl\u00e4che ab um die Produktionsanforderungen an Rundheit und Oberfl\u00e4cheng\u00fcte anforderungen zu erf\u00fcllen.<\/p>\n<h5>Entwickelt f\u00fcr:<\/h5>\n<ul>\n<li>Reiben<\/li>\n<li>Kaliber von .17 \u2013 .50<\/li>\n<li>Waffenindustrie<\/li>\n<\/ul>\n<p>[\/vc_column_text][\/vc_column][vc_column width=&#8221;1\/4&#8243;][vc_single_image image=&#8221;1687&#8243; img_size=&#8221;full&#8221; onclick=&#8221;custom_link&#8221; link=&#8221;\/?page_id=6668&#8243;][vc_column_text]<\/p>\n<h4><a href=\"https:\/\/unisig.com\/products-and-technology\/machines\/all-machines\/r-series-rifling-machines\/\">R-Serie<\/a><\/h4>\n<p>[\/vc_column_text][vc_column_text]Gebohrtes und geriebenes Stangenmaterial wird mit dem servogesteuerten Drallziehen mit exzellenter Prozesskontrolle und Genauigkeit auf Maschinen der R-Serie zu einem Laufrohling. Knopfdrallziehen ist der letzte Bearbeitungschritt, bevor der Lauf \u00fcberdreht und in Hochleistungsgewehrl\u00e4ufe weiterverarbeitet wird.<\/p>\n<h5>Entwickelt f\u00fcr:<\/h5>\n<ul>\n<li>Drallziehen<\/li>\n<li>Kaliber von .17 \u2013 .50<\/li>\n<li>Waffenindustrie<\/li>\n<\/ul>\n<p>[\/vc_column_text][\/vc_column][vc_column width=&#8221;1\/4&#8243;][vc_single_image image=&#8221;1695&#8243; img_size=&#8221;full&#8221; onclick=&#8221;custom_link&#8221; link=&#8221;\/?page_id=6673&#8243;][vc_column_text]<\/p>\n<h4><a href=\"https:\/\/unisig.com\/de\/alle-maschinen\/uni-serie-tiefbohrmaschinen\/\">UNI-Serie<\/a><\/h4>\n<p>[\/vc_column_text][vc_column_text]UNI-Maschinen mit dem BTA oder ELB-Tiefbohrverfahren bohren eine ganze Reihe von Anwendungen, einschlie\u00dflich Laufrohlinge und Verschlussgeh\u00e4use unter Einsatz von Mehrspindel-Maschinen und integrierter Robotik f\u00fcr hohe Produktionsvolumen.<\/p>\n<h5>Entwickelt f\u00fcr:<\/h5>\n<ul>\n<li>ELB oder BTA<\/li>\n<li>Bohrdurchmesser bis 50 mm [2 .00 in]<\/li>\n<li>Runde Werkst\u00fccke<\/li>\n<\/ul>\n<p>[\/vc_column_text][\/vc_column][\/vc_row][vc_row][vc_column][vc_separator][vc_column_text]<\/p>\n<h2>Stellen Sie Ihre L\u00f6sung f\u00fcr die Lauffertigung zusammen<\/h2>\n<p>[\/vc_column_text][vc_column_text]Die UNISIG-Fertigungstechnologie kann so konfiguriert werden, dass sie Ihren Anforderungen an die Herstellung von Laufrohlingen gerecht wird.[\/vc_column_text][\/vc_column][\/vc_row][vc_row][vc_column width=&#8221;1\/4&#8243;][vc_single_image image=&#8221;4550&#8243; img_size=&#8221;full&#8221;][\/vc_column][vc_column width=&#8221;3\/4&#8243;][vc_column_text]<\/p>\n<h4>Vollautomatische Produktionszelle<\/h4>\n<p>[\/vc_column_text][vc_column_text]Speziell f\u00fcr die Laufproduktion werden UNI-Mehrspindel-Einlippentiefbohrmaschinen und Reibmaschinen mit Drallziehmaschinen kombiniert, die mit automatischer Werkzeugeinlegefunktion ausgestattet sind. F\u00f6rderer, Roboterautomation, Mess- und Ladeautomatisierung optimieren die Einsatzm\u00f6glichkeiten in der Produktion und halten gleichzeitig h\u00f6chste Genauigkeitsstandards. <a href=\"\/?page_id=6519\">Senden Sie Ihre Anfrage &gt;<\/a>[\/vc_column_text][\/vc_column][\/vc_row][vc_row][vc_column width=&#8221;1\/4&#8243;][vc_single_image image=&#8221;4547&#8243; img_size=&#8221;full&#8221;][\/vc_column][vc_column width=&#8221;3\/4&#8243;][vc_column_text]<\/p>\n<h4>Halbautomatische Roboterzelle<\/h4>\n<p>[\/vc_column_text][vc_column_text]Automatisieren Sie UNISIGs Drei-Maschinenzelle f\u00fcr eine erh\u00f6hte Systemverf\u00fcgbarkeit mit Roboterautomatisierung. Roboter bewegen Werkst\u00fccke schnell von Prozess zu Prozess, mit zus\u00e4tzlichen M\u00f6glichkeiten wie Reinigungs- und Inspektionsfunktionen. Die Fertigungszellen k\u00f6nnen so konfiguriert werden, dass sie den Anforderungen an Produktion, Prozess und Betriebsumgebung gerecht werden und bieten die ultimative Produktionskapazit\u00e4t und Vielseitigkeit. <a href=\"\/?page_id=6519\">Senden Sie Ihre Anfrage &gt;<\/a>[\/vc_column_text][\/vc_column][\/vc_row][vc_row][vc_column width=&#8221;1\/4&#8243;][vc_single_image image=&#8221;4549&#8243; img_size=&#8221;full&#8221;][\/vc_column][vc_column width=&#8221;3\/4&#8243;][vc_column_text]<\/p>\n<h4>Drei Maschinen-Fertigungszelle<\/h4>\n<p>[\/vc_column_text][vc_column_text]UNISIGs UNE-ELB-Tiefbohrmaschine, UNR-Reibmaschine und R-2A-Drallziehmaschine f\u00fcgen sich zu einer Drei Maschinen-Fertigungszelle f\u00fcr Schusswaffenkomponent mit der \u00fcber eine intuitive Bedienung hochpr\u00e4ziser Laufrohlinge produziert werden k\u00f6nnne. Die Maschinen setzten auf hochwertige Komponenten und eine intelligente Steuerungen, um ein H\u00f6chstma\u00df an Echtzeit-Feedback in der Fertigung. <a href=\"\/?page_id=6519\">Senden Sie Ihre Anfrage &gt;<\/a>[\/vc_column_text][\/vc_column][\/vc_row][vc_row][vc_column width=&#8221;1\/4&#8243;][vc_single_image image=&#8221;4546&#8243; img_size=&#8221;full&#8221;][\/vc_column][vc_column width=&#8221;3\/4&#8243;][vc_column_text]<\/p>\n<h4>Zwei Maschinen-Fertigungszelle<\/h4>\n<p>[\/vc_column_text][vc_column_text]F\u00fcr die Fertigung von Laufrohlingen kleinerer Produktionsmengen mit einer geringeren Anfangsinvestition bietet sich UNISIGs Zwei-Maschinenzelle an. Die UNR-Rebmachine von UNISIG wird mit Pr\u00e4zisions-Tiefbohren kombiniert, um zwei Prozesse auf einer einzigen Maschine durchzuf\u00fchren. Die R-2A-Drallziehmaschine verwendet Servoantriebe und Knopfdrallziehen, um Z\u00fcge mit h\u00f6chster Pr\u00e4zision und Fertigungskontrolle in den Rohling zu einzubringen. <a href=\"\/?page_id=6519\">Senden Sie Ihre Anfrage&gt;<\/a>[\/vc_column_text][\/vc_column][\/vc_row][vc_row][vc_column width=&#8221;1\/4&#8243;][vc_single_image image=&#8221;5647&#8243; img_size=&#8221;full&#8221;][\/vc_column][vc_column width=&#8221;3\/4&#8243;][vc_column_text]<\/p>\n<h4>Prozesszusammenarbeit<\/h4>\n<p>[\/vc_column_text][vc_column_text]UNISIG bietet Kunden, die in die Laufproduktion einsteigen m\u00f6chten eine vollst\u00e4ndige Unterst\u00fctzung. Von der Anwendungsentwicklung, anf\u00e4nglicher Werkzeugauswahl, Testbearbeitung f\u00fcr Kundenwerkst\u00fccke bis hin zur Schulung der besten Vorgehensweisen f\u00fcr hohe Produktivit\u00e4t. Diese Dienstleistung wird mit den Maschinen angeboten und kann neben der Werksschulung auch Produktionsbegleitung sowie Schulungen vor Ort umfassen.[\/vc_column_text][\/vc_column][\/vc_row][vc_row][vc_column][vc_separator][vc_column_text]<\/p>\n<h5>Zus\u00e4tzliche Ressourcen der Feuerwaffenindustrie<\/h5>\n<p>[\/vc_column_text][unisig_icon_content icon=&#8221;fa fa-cogs&#8221;]<a href=\"https:\/\/unisig.com\/news-and-events\/case-studies\/receiver-cell-drilling-automation\/\" target=\"_blank\" rel=\"noopener noreferrer\">Modernizing High Volume Production | Case Study<\/a>[\/unisig_icon_content][unisig_icon_content icon=&#8221;fa fa-video-camera&#8221;]<a href=\"https:\/\/unisig.com\/news-and-events\/technical-articles\/rifle-barrel-production-automation\" target=\"_blank\" rel=\"noopener noreferrer\">Automated Barrel Blank Manufacturing Cell | Video<\/a>[\/unisig_icon_content][\/vc_column][\/vc_row][vc_row][vc_column][vc_cta h2=&#8221;Ihre Anfrage senden&#8221; h2_font_container=&#8221;color:%23005288&#8243; h2_google_fonts=&#8221;font_family:Open%20Sans%3A300%2C300italic%2Cregular%2Citalic%2C600%2C600italic%2C700%2C700italic%2C800%2C800italic|font_style:400%20regular%3A400%3Anormal&#8221; shape=&#8221;square&#8221; style=&#8221;custom&#8221; add_button=&#8221;bottom&#8221; btn_title=&#8221;Anfrage senden&#8221; btn_shape=&#8221;square&#8221; use_custom_fonts_h2=&#8221;true&#8221; btn_add_icon=&#8221;true&#8221; custom_background=&#8221;#e3e3e3&#8243; custom_text=&#8221;#151515&#8243; css=&#8221;.vc_custom_1609249898830{border-top-width: 0px !important;border-right-width: 0px !important;border-bottom-width: 0px !important;border-left-width: 0px !important;}&#8221; btn_link=&#8221;url:%2F%3Fpage_id%3D6519|||&#8221;]Senden Sie uns Ihre Anwendung f\u00fcr ein Angebot \u00fcber Maschinen f\u00fcr die Lauffertigung.[\/vc_cta][\/vc_column][\/vc_row]<\/p>\n<\/div>","protected":false},"excerpt":{"rendered":"<p>[vc_row][vc_column][vc_column_text] Schusswaffen [\/vc_column_text][vc_column_text]Finden Sie einzelne Maschinen oder stellen Sie sich Ihre komplette L\u00f6sung in Form einer Bearbeitungszelle f\u00fcr die Herstellung von die Herstellung von Schusswaffenkomponenten zusammen. Mit den Pr\u00e4zisions-Tiefbohr-, Reib- und Drallziehmaschinen von UNISIG sind Sie auf der sicheren Seite. Die Maschinen bieten eine hervorragende Prozesskontrolle, die es den Waffenherstellern erm\u00f6glicht, Laufrohlinge mit unvergleichlicher Genauigkeit<a href=\"https:\/\/unisig.com\/de\/branche\/schusswaffen-old\/\" class=\"more-link\">Read More<\/a><\/p>\n","protected":false},"author":3,"featured_media":0,"parent":0,"menu_order":0,"comment_status":"closed","ping_status":"closed","template":"page-templates\/template-2.php","meta":{"_acf_changed":false,"footnotes":""},"folder":[1199],"class_list":["post-202369","page","type-page","status-publish","hentry"],"acf":[],"_links":{"self":[{"href":"https:\/\/unisig.com\/de\/wp-json\/wp\/v2\/pages\/202369","targetHints":{"allow":["GET"]}}],"collection":[{"href":"https:\/\/unisig.com\/de\/wp-json\/wp\/v2\/pages"}],"about":[{"href":"https:\/\/unisig.com\/de\/wp-json\/wp\/v2\/types\/page"}],"author":[{"embeddable":true,"href":"https:\/\/unisig.com\/de\/wp-json\/wp\/v2\/users\/3"}],"replies":[{"embeddable":true,"href":"https:\/\/unisig.com\/de\/wp-json\/wp\/v2\/comments?post=202369"}],"version-history":[{"count":0,"href":"https:\/\/unisig.com\/de\/wp-json\/wp\/v2\/pages\/202369\/revisions"}],"wp:attachment":[{"href":"https:\/\/unisig.com\/de\/wp-json\/wp\/v2\/media?parent=202369"}],"wp:term":[{"taxonomy":"folder","embeddable":true,"href":"https:\/\/unisig.com\/de\/wp-json\/wp\/v2\/folder?post=202369"}],"curies":[{"name":"wp","href":"https:\/\/api.w.org\/{rel}","templated":true}]}}