{"id":202486,"date":"2022-01-27T14:13:03","date_gmt":"2022-01-27T20:13:03","guid":{"rendered":"https:\/\/stagingxx.unisig.com\/?page_id=202486"},"modified":"2025-02-19T14:52:43","modified_gmt":"2025-02-19T20:52:43","slug":"202486-2-2","status":"publish","type":"page","link":"https:\/\/unisig.com\/de\/branche\/schusswaffen\/","title":{"rendered":"Schusswaffenproduktion"},"content":{"rendered":"<div class=\"wpb-content-wrapper\"><p>[vc_row][vc_column][vc_column_text]\n\t\t\t<!-- START Firearms Industry REVOLUTION SLIDER 6.7.25 --><p class=\"rs-p-wp-fix\"><\/p>\n\t\t\t<rs-module-wrap id=\"rev_slider_3_1_wrapper\" data-source=\"gallery\" style=\"visibility:hidden;background:transparent;padding:0;margin:0px auto;margin-top:0;margin-bottom:0;\">\n\t\t\t\t<rs-module id=\"rev_slider_3_1\" style=\"\" data-version=\"6.7.25\">\n\t\t\t\t\t<rs-slides style=\"overflow: hidden; position: absolute;\">\n\t\t\t\t\t\t<rs-slide style=\"position: absolute;\" data-key=\"rs-3\" data-title=\"Slide\" data-duration=\"9000\" data-anim=\"ms:600;\" data-in=\"o:0;\" data-out=\"a:false;\">\n\t\t\t\t\t\t\t<img decoding=\"async\" src=\"\/\/unisig.com\/wp-content\/plugins\/revslider\/sr6\/assets\/assets\/dummy.png\" alt=\"\" title=\"UNISIG Firearms Industry\" width=\"1920\" height=\"1080\" class=\"rev-slidebg tp-rs-img rs-lazyload\" data-lazyload=\"https:\/\/unisig.com\/wp-content\/smush-webp\/2022\/01\/UNISIG-Firearms-Industry.jpg.webp\" data-no-retina>\n\t\t\t\t\t\t\t<rs-bgvideo \n\t\t\t\t\t\t\t\tdata-video=\"vc:none;w:100%;h:100%;nse:false;l:true;ptimer:false;\"\n\t\t\t\t\t\t\t\tdata-vimeoid=\"668732579\"\n\t\t\t\t\t\t\t\tdata-vatr=\"background=1&amp;title=0&amp;byline=0&amp;portrait=0&amp;api=1&amp;dnt=1\"\n\t\t\t\t\t\t\t><\/rs-bgvideo>\n<!---->\t\t\t\t\t<\/rs-slide>\n\t\t\t\t\t<\/rs-slides>\n\t\t\t\t<\/rs-module>\n\t\t\t\t<script>\n\t\t\t\t\tsetREVStartSize({c: 'rev_slider_3_1',rl:[1240,1024,778,480],el:[600],gw:[1240],gh:[600],type:'standard',justify:'',layout:'fullwidth',mh:\"0\"});if (window.RS_MODULES!==undefined && window.RS_MODULES.modules!==undefined && window.RS_MODULES.modules[\"revslider31\"]!==undefined) {window.RS_MODULES.modules[\"revslider31\"].once = false;window.revapi3 = undefined;if (window.RS_MODULES.checkMinimal!==undefined) window.RS_MODULES.checkMinimal()}\n\t\t\t\t<\/script>\n\t\t\t<\/rs-module-wrap>\n\t\t\t<!-- END REVOLUTION SLIDER -->\n[\/vc_column_text][\/vc_column][\/vc_row][vc_row gap=&#8221;30&#8243;][vc_column width=&#8221;1\/2&#8243;][vc_column_text]<\/p>\n<h2>UNISIG fertigt unvergleichliche Produktionsanlagen f\u00fcr Gewehrl\u00e4ufe<\/h2>\n<p>Vor UNISIG war eine vollautomatische Laufproduktion nur f\u00fcr die gr\u00f6\u00dften Waffenhersteller darstellbar. UNISIG macht dies jetzt f\u00fcr alle m\u00f6glich, von kleinen \u00fcber mittlere bis hin zu sehr gro\u00dfen Herstellern, durch die<br \/>\nEntwicklung von skalierbaren Lauf-Produktionszellen die auf Produktivit\u00e4t und Zuverl\u00e4ssigkeit ausgelegt sind.[\/vc_column_text][\/vc_column][vc_column width=&#8221;1\/2&#8243;][vc_empty_space height=&#8221;81px&#8221;][vc_column_text]<strong>UN\u00dcBERTROFFENE BRANCHENERFAHRUNG<\/strong><br \/>\nUnsere 40-j\u00e4hrige Erfahrung im Bau von Gro\u00dfserien-Tiefbohr- und Bearbeitungs-<br \/>\nsystemen ist in der Branche un\u00fcbertroffen.<br \/>\nMit diesem Alleinstellungsmerkmal ist UNISIG f\u00fchrend in der Herstellung<br \/>\nvon Schusswaffen und Automatisierung.[\/vc_column_text][\/vc_column][\/vc_row][vc_row][vc_column css=&#8221;.vc_custom_1632590730983{margin-top: 30px !important;margin-bottom: 30px !important;}&#8221;][vc_separator][\/vc_column][\/vc_row][vc_row gap=&#8221;30&#8243; content_placement=&#8221;middle&#8221;][vc_column width=&#8221;1\/2&#8243;][vc_single_image image=&#8221;202182&#8243; img_size=&#8221;large&#8221;][vc_row_inner][vc_column_inner width=&#8221;1\/3&#8243;][vc_column_text]<\/p>\n<h5 style=\"text-align: center;\">EINLIPPENBOHREN<\/h5>\n<p>[\/vc_column_text][\/vc_column_inner][vc_column_inner width=&#8221;1\/3&#8243;][vc_column_text]<\/p>\n<h5 style=\"text-align: center;\">REIBEN<\/h5>\n<p>[\/vc_column_text][\/vc_column_inner][vc_column_inner width=&#8221;1\/3&#8243;][vc_column_text]<\/p>\n<h5 style=\"text-align: center;\">DRALLZIEHEN<\/h5>\n<p>[\/vc_column_text][\/vc_column_inner][\/vc_row_inner][\/vc_column][vc_column width=&#8221;1\/2&#8243;][vc_column_text]<\/p>\n<h4>UNISIG L\u00f6sungen f\u00fcr die Schusswaffenindustrie<\/h4>\n<p><strong>Einzigartige Qualit\u00e4t durch moderne Technologie.<\/strong><br \/>\nWir bieten individuelle Maschinen f\u00fcr das Tiefbohren, Reiben und Drallziehen, mit denen Gewehr- und Pistolenl\u00e4ufe von un\u00fcbertroffenerer Pr\u00e4zision mit der von moderner Fertigungstechnik erwarteten Zuverl\u00e4ssigkeit hergestellt werden.<\/p>\n<p><strong>Moderne Lauffertigung.<\/strong><br \/>\nUNISIG-Maschinen sind f\u00fcr die Produktion gro\u00dfer St\u00fcckzahlen konzipiert und gefertigt, sie maximieren das Potential vorhandener Werkzeuge. Automatisierung sorgt f\u00fcr h\u00f6here Effizienz und eine ideale moderne Umgebung f\u00fcr die produktive und kosteng\u00fcnstige Herstellung von Laufrohlingen.<\/p>\n<p><strong>Vielseitige und zuverl\u00e4ssige Vollautomatisierung.<\/strong><br \/>\nVollautomatische Laufproduktion war bisher nur den gr\u00f6\u00dften Waffenherstellern vorbehalten. UNISIG hat standardisierte Lauffertigungszellen entwickelt, die zuverl\u00e4ssige, skalierbare L\u00f6sungen f\u00fcr kleine, mittlere bis sehr gro\u00dfe Hersteller bieten.<\/p>\n<p><strong>Das komplette Paket an Produktivit\u00e4t.<\/strong><br \/>\nUNISIG bietet mehr als nur Maschinen. Unsere Schulungen, Prozessentwicklung und langfristige Unterst\u00fctzung erm\u00f6glichen Erstanwendern ab der Installation produktiv zu sein.[\/vc_column_text][\/vc_column][\/vc_row][vc_row][vc_column css=&#8221;.vc_custom_1632590730983{margin-top: 30px !important;margin-bottom: 30px !important;}&#8221;][vc_separator][\/vc_column][\/vc_row][vc_row gap=&#8221;30&#8243; content_placement=&#8221;middle&#8221;][vc_column width=&#8221;1\/2&#8243;][vc_column_text]<\/p>\n<h4>Vollautomatische Lauffertigungszellen<\/h4>\n<p><strong>R-Cell 2-2-1 Vollautomatisch<br \/>\n<\/strong>Kontinuierliche Produktion, automatisches Drallziehen<br \/>\n<strong>UNE 2-spindlige Tiefbohrmaschine<br \/>\nUNR 2-spindlige Reibmaschine<\/strong><br \/>\n<strong>R-2A Drallziehmaschine<br \/>\n6-Achs-Roboter<br \/>\nUNISIG Zell-Controller<\/strong><\/p>\n<p><strong>R-Cell 4-2-2 Vollautomatisch<br \/>\n<\/strong>Kontinuierliche Produktion, Gro\u00dfserien<br \/>\n<strong>UNI 4-spindlige Tiefbohrmaschine<br \/>\nUNR 2-spindlige Reibmaschine<\/strong><br \/>\n<strong>R-2A 2-spindlige Drallziehmaschine<br \/>\n6-Achs-Roboter<br \/>\nUNISIG Zell-Controller<\/strong><\/p>\n<ul>\n<li>Automatische Fertigungszellen systematisiert um mit Anforderungen zu wachsen<\/li>\n<li>Produktion kann gesteigert werden ohne den Aufwand f\u00fcr Bediener zu erh\u00f6hen<\/li>\n<li>Massenladesystem um die Tiefbohren kontinuierlich mit Stangenmaterial zu versorgen<\/li>\n<li>Roboter bedient Tiefbohr-, Reib- und Drallziehmaschine ohne zus\u00e4tzlichen Platzbedarf<\/li>\n<li>Fertige L\u00e4ufe k\u00f6nnen vom Bediener aus dem Ausgabemagazin entnommen werden<\/li>\n<li>Unbeaufsichtigter Betrieb ist m\u00f6glich<\/li>\n<\/ul>\n<p>&nbsp;<\/p>\n<p><a href=\"\/?page_id=6449\" target=\"_blank\" rel=\"noopener\">Kontaktieren Sie uns<\/a> um Ihre Anforderungen an die Laufproduktion zu besprechen.[\/vc_column_text][\/vc_column][vc_column width=&#8221;1\/2&#8243;][vc_single_image image=&#8221;202255&#8243; img_size=&#8221;large&#8221;][\/vc_column][\/vc_row][vc_row][vc_column css=&#8221;.vc_custom_1632590730983{margin-top: 30px !important;margin-bottom: 30px !important;}&#8221;][vc_separator][\/vc_column][\/vc_row][vc_row gap=&#8221;30&#8243; content_placement=&#8221;middle&#8221;][vc_column width=&#8221;1\/2&#8243;][vc_raw_html]JTVCcmV2X3NsaWRlciUyMGFsaWFzJTNEJTIyZmlyZWFybXMtaW5kdXN0cnktMi0yLTEtU0ElMjIlNUQlNUIlMkZyZXZfc2xpZGVyJTVE[\/vc_raw_html][\/vc_column][vc_column width=&#8221;1\/2&#8243;][vc_column_text css=&#8221;&#8221;]<\/p>\n<h4>Halbautomatische Lauffertigungszellen<\/h4>\n<p><strong>R-Cell 2-2-1 Halbautomatisch<\/strong><br \/>\nKontinuierliche Produktion, manuelles Drallziehen<br \/>\n<strong>UNE 2-spindlige Tiefbohrmaschine<br \/>\nUNR 2-spindlige Rebmaschine<\/strong><br \/>\n<strong>R-2A Drallziehmaschine<br \/>\n6-Achs-Roboter<br \/>\nUNISIG Zell-Controller<\/strong><\/p>\n<ul>\n<li>In jede Maschine integrierte Automation konstruiert f\u00fcr Ihre Anforderungen<\/li>\n<li>Design unterst\u00fctzt Pr\u00e4zisionsbearbeitung, Werkzeug\u00fcberwachung und Zuverl\u00e4ssigkeit<\/li>\n<li>Robotertransfers der Rohlinge vom Magazin durch Tiefbohr- und Reibprozess<\/li>\n<li>Bediener fertigt Drall in Chargen, bel\u00e4dt und entl\u00e4dt die Zelle und verwaltet Werkzeuge<\/li>\n<\/ul>\n<p>&nbsp;<\/p>\n<p><a href=\"\/?page_id=6519\" target=\"_blank\" rel=\"noopener\">Kontaktieren Sie uns<\/a> um Ihre Anforderungen an die Lauffertigung zu besprechen.[\/vc_column_text][\/vc_column][\/vc_row][vc_row][vc_column css=&#8221;.vc_custom_1632590730983{margin-top: 30px !important;margin-bottom: 30px !important;}&#8221;][vc_separator][\/vc_column][\/vc_row][vc_row gap=&#8221;30&#8243; content_placement=&#8221;middle&#8221; el_class=&#8221;row-reverse&#8221;][vc_column width=&#8221;1\/2&#8243;][vc_column_text]<\/p>\n<h4>Manuelle Lauffertigungszellen<\/h4>\n<p><strong>R-Cell 2-1<br \/>\n<\/strong>Manuelle Beladung, chargenweise Produktion<br \/>\n<strong>UNR 2-spindlige Reibmaschine <\/strong>mit optionaler ELB-Tiefbohrumr\u00fcstung<br \/>\n<strong>R-2A Drallziehmaschine<\/strong><\/p>\n<p><strong>R-Cell 2-2-1<br \/>\n<\/strong>Manuelle Beladung, kontinuierliche Produktion<br \/>\n<strong>UNE 2-spindlige Tiefbohrmaschine<br \/>\nUNR 2-spindlige Reibmaschine<br \/>\n<\/strong><strong>R-2A Drallziehmaschine<\/strong><\/p>\n<ul>\n<li>Mehrere Maschinen in Zellkonfiguration von einem oder mehreren Bedienern betreut<\/li>\n<li>Einfache Konfiguration eines hochzuverl\u00e4ssigen Produktionsprozesses<\/li>\n<li>Priorisiert kurze Umr\u00fcstzeiten und minimierte Aufstellfl\u00e4che<\/li>\n<li>Konfiguration erlaubt zuk\u00fcnftiges Wachstumspotential<\/li>\n<\/ul>\n<p>&nbsp;<\/p>\n<p><a href=\"\/?page_id=6449\" target=\"_blank\" rel=\"noopener\">Kontaktieren Sie uns<\/a> um Ihre Anforderungen an die Laufproduktion zu besprechen.[\/vc_column_text][\/vc_column][vc_column width=&#8221;1\/2&#8243;][vc_single_image image=&#8221;202245&#8243; img_size=&#8221;large&#8221;][\/vc_column][\/vc_row][vc_row][vc_column css=&#8221;.vc_custom_1632590730983{margin-top: 30px !important;margin-bottom: 30px !important;}&#8221;][vc_separator][\/vc_column][\/vc_row][vc_row gap=&#8221;30&#8243; content_placement=&#8221;middle&#8221;][vc_column width=&#8221;1\/2&#8243;][vc_single_image image=&#8221;202295&#8243; img_size=&#8221;large&#8221;][\/vc_column][vc_column width=&#8221;1\/2&#8243;][vc_column_text]<\/p>\n<h4>Prozesszusammenarbeit<\/h4>\n<p>UNISIG wird vom Projektstart bis zur Teileproduktion mit Ihnen zusammenarbeiten, um Ihre perfekte Lauffertigung aufzubauen.<\/p>\n<p>Unsere Anwendungstechniker stehen Ihnen w\u00e4hrend des gesamten Entwicklungszyklus zur Seite, um sicherzustellen, dass das exakte Ergebnis f\u00fcr den Tag eins nach der Installation gew\u00e4hrleistet ist.<\/p>\n<p>UNISIG bietet Starthilfe f\u00fcr Kunden die neu in die Lauffertigung einsteigen, durch Dienstleistungen wir Anwendungsentwicklung, Werkzeug-Erstauswahl, Testbearbeitung f\u00fcr Kundenwerkst\u00fccke und Schulungen zu bew\u00e4hrten<br \/>\nVerfahren f\u00fcr hohe Produktivit\u00e4t.<\/p>\n<p>Diese Dienstleistungen werden mit den Maschinen angeboten und k\u00f6nnen neben Werksschulungen auch Inbetriebnahmeunterst\u00fctzung und Schulungen vor Ort umfassen.[\/vc_column_text][\/vc_column][\/vc_row][vc_row][vc_column css=&#8221;.vc_custom_1632590730983{margin-top: 30px !important;margin-bottom: 30px !important;}&#8221;][vc_separator][\/vc_column][\/vc_row][vc_row gap=&#8221;30&#8243; content_placement=&#8221;middle&#8221; el_class=&#8221;row-reverse&#8221;][vc_column width=&#8221;1\/2&#8243;][vc_column_text]<\/p>\n<h4>ELB-Tiefbohrmaschinen<\/h4>\n<p>Mit dem Tiefbohrverfahren k\u00f6nnen extrem gerade Bohrungen in Stangenmaterial eingebracht werden.<\/p>\n<p><strong>UNE12 SERIE &amp; UNE20 SERIE | 2-spindlig<\/strong><\/p>\n<ul>\n<li>Gegenlauf von Werkzeug und Werkst\u00fcck f\u00fcr extreme Rundlaufgenauigkeit<\/li>\n<li>Servo-positionierte Werkst\u00fcckspindel zur pr\u00e4zisen L\u00e4ngeneinstellung und Spannkraft<\/li>\n<li>Programmierbares K\u00fchlmittelsystem liefert optimale K\u00fchlmittelmenge an Bohrerspitze<\/li>\n<li>Maschinenbett mit sehr hoher Genauigkeit, allseitig bearbeitet in einer Aufspannung<\/li>\n<\/ul>\n<p><strong><br \/>\nUNI12 SERIE &amp; UNI20 SERIE | 4-spindlig<\/strong><strong><br \/>\n<\/strong><\/p>\n<ul>\n<li>Gegenlauf f\u00fcr minimierten Mittenverlauf und hohe Konzentrizit\u00e4t<\/li>\n<li>Programmierbare Werkst\u00fcckspindelposition und Spannkraft<\/li>\n<li>Automatisches Beladesystem, einstellbar f\u00fcr Werkst\u00fcckl\u00e4nge und -durchmesser<\/li>\n<li>Kompakte Bauweise zur Installation in CNC Bearbeitungszelle oder Bohrsystem<\/li>\n<\/ul>\n<p>&nbsp;<\/p>\n<p><a href=\"https:\/\/unisig.com\/de\/alle-maschinen\/une-elb-tiefbohrmaschinen\/\" rel=\"noopener\">UNE Serie ELB-Tiefbohrmaschinen<\/a>\u00a0| <a href=\"https:\/\/unisig.com\/de\/alle-maschinen\/uni-serie-tiefbohrmaschinen\/\" rel=\"noopener\">UNI Serie ELB-Tiefbohrmaschinen<\/a>[\/vc_column_text][\/vc_column][vc_column width=&#8221;1\/2&#8243;][vc_gallery type=&#8221;flexslider_slide&#8221; interval=&#8221;5&#8243; images=&#8221;202199,202439&#8243; img_size=&#8221;large&#8221; css=&#8221;&#8221;][\/vc_column][\/vc_row][vc_row][vc_column css=&#8221;.vc_custom_1632590730983{margin-top: 30px !important;margin-bottom: 30px !important;}&#8221;][vc_separator][\/vc_column][\/vc_row][vc_row gap=&#8221;30&#8243; content_placement=&#8221;middle&#8221;][vc_column width=&#8221;1\/2&#8243;][vc_gallery type=&#8221;flexslider_slide&#8221; interval=&#8221;5&#8243; images=&#8221;202219,202444,202446&#8243; img_size=&#8221;large&#8221; css=&#8221;&#8221;][\/vc_column][vc_column width=&#8221;1\/2&#8243;][vc_column_text]<\/p>\n<h4>Reibmaschinen<\/h4>\n<p>Nach dem Einlippenbohren folgt ein Reibwerkzeug der extrem geraden Bohrung und erzielt ideale Oberfl\u00e4cheng\u00fcte und Durchmessertoleranzen.<\/p>\n<p><strong>UNR12 SERIE &amp; UNR20 SERIE | 2 -spindlig<\/strong><\/p>\n<ul>\n<li>Optionale Tiefbohr-Umr\u00fcstung erh\u00e4ltlich f\u00fcr zweispindlige Maschinen<\/li>\n<li>R\u00fcsten Sie um zwischen Reib- und Einlippenbohrmodus mit Gegenlauf<\/li>\n<li>Der automatische Werkzeugr\u00fccklauf eliminiert manuellen Werkzeugeingriff<\/li>\n<\/ul>\n<p><strong><br \/>\nUNR12 SERIE &amp; UNR20 SERIE | 4-spindlig<\/strong><strong><br \/>\n<\/strong><\/p>\n<ul>\n<li>Werkst\u00fccktaktbank erm\u00f6glicht Einst\u00fcckfluss und maximiert Spindelverf\u00fcgbarkeit<\/li>\n<li>Erh\u00f6htes Produktionsvolumen und reduzierte Betriebszeit mit Robotervorbereitung<\/li>\n<\/ul>\n<p>&nbsp;<\/p>\n<p><a href=\"https:\/\/unisig.com\/de\/alle-maschinen\/unr-reibmaschinen\/\" rel=\"noopener\">UNR Reibmaschinen<\/a>[\/vc_column_text][\/vc_column][\/vc_row][vc_row][vc_column css=&#8221;.vc_custom_1632590730983{margin-top: 30px !important;margin-bottom: 30px !important;}&#8221;][vc_separator][\/vc_column][\/vc_row][vc_row gap=&#8221;30&#8243; content_placement=&#8221;middle&#8221; el_class=&#8221;row-reverse&#8221;][vc_column width=&#8221;1\/2&#8243;][vc_column_text]<\/p>\n<h4>Drallziehmaschinen<\/h4>\n<p>Erzeugen spiralf\u00f6rmige Rillen entlang der Bohroberfl\u00e4che unter extremer Kontrolle \u00fcber Vorschub und Drallrate f\u00fcr ein pr\u00e4zises und gleichm\u00e4\u00dfiges Drallziehen der L\u00e4ufe.<\/p>\n<p><strong>R SERIE Knopf-Drallziehen | 1 &amp; 2-spindlig<\/strong><\/p>\n<ul>\n<li>Manuelle Werkst\u00fcckspannung zur Werkst\u00fcckausrichtung auf Maschinenmittelachse<\/li>\n<li>Automatisierungsvorbereitung zur Integration in automatische Lauffertigungszelle<\/li>\n<\/ul>\n<p><strong><br \/>\nR25 SERIE Knopf-Drallziehen &amp; Schneiden | 1-spindlig<\/strong><\/p>\n<ul>\n<li>CNC gesteuerte Servo-Drallziehmaschine erlauben es einzigartige Drallprofile zu erstellen<\/li>\n<li>Sowohl Knopf- als auch Schneid-Werkzeugsysteme bieten Leistung und Kontrolle<\/li>\n<\/ul>\n<p>&nbsp;<\/p>\n<p><a href=\"https:\/\/unisig.com\/de\/alle-maschinen\/drallziehmaschinen\/\" rel=\"noopener\">Rifling-Maschinen der R-Serie<\/a>[\/vc_column_text][\/vc_column][vc_column width=&#8221;1\/2&#8243;][vc_gallery type=&#8221;flexslider_slide&#8221; interval=&#8221;5&#8243; images=&#8221;202224,202449&#8243; img_size=&#8221;large&#8221; css=&#8221;&#8221;][\/vc_column][\/vc_row][vc_row][vc_column css=&#8221;.vc_custom_1632590730983{margin-top: 30px !important;margin-bottom: 30px !important;}&#8221;][vc_separator][\/vc_column][\/vc_row][vc_row gap=&#8221;30&#8243; content_placement=&#8221;middle&#8221; el_class=&#8221;row-reverse&#8221;][vc_column width=&#8221;1\/2&#8243;][vc_single_image image=&#8221;202260&#8243; img_size=&#8221;large&#8221;][\/vc_column][vc_column width=&#8221;1\/2&#8243;][vc_column_text]<\/p>\n<h4>Automatisierungs-Zellsteuerung<\/h4>\n<p>Roboterzellen sind mit dem UNISIG Zell-Controller einfach zu bedienen und in Betrieb zu halten.<\/p>\n<p>Alle Maschinendisplays und der Roboterstatus k\u00f6nnen auf einer Anzeige dargestellt werden.<\/p>\n<p>Maschineneinrichtung, Automatisierungs-Wiederanlauf und Roboter-Fehlerbehebung sind men\u00fcgesteuert und leicht verst\u00e4ndlich.<\/p>\n<p>Die Bedienung ist vereinfacht und visuell durch eine intuitive Benutzeroberfl\u00e4che.<\/p>\n<p><strong>Maschinenkonnektivit\u00e4t<\/strong><\/p>\n<ul>\n<li>Ethernet-Kommunikation<\/li>\n<li>MT Connect Industry 4.0<\/li>\n<li>Ferndiagnose<\/li>\n<\/ul>\n<p>[\/vc_column_text][\/vc_column][\/vc_row][vc_row][vc_column css=&#8221;.vc_custom_1632590730983{margin-top: 30px !important;margin-bottom: 30px !important;}&#8221;][vc_separator][\/vc_column][\/vc_row][vc_row gap=&#8221;30&#8243; content_placement=&#8221;middle&#8221;][vc_column width=&#8221;1\/2&#8243;][vc_column_text]<\/p>\n<h4>Auftragsbezogen konfigurierte Produktionszellen<\/h4>\n<p><b>Spezielle Automatisierung<br \/>\n<\/b>UNISIGs Fertigungstechnologie kann mit spezieller Automatisierung konfiguriert werden, einschlie\u00dflich kundenspezifischer Feeder und Lader, die f\u00fcr Produktion, Anwendung, Budget und Anlagenanforderungen optimiert sind..<\/p>\n<p><b>Flintenl\u00e4ufe<br \/>\n<\/b>UNISIGs Mehrspindel-Tiefbohr- und Reibmaschinen k\u00f6nnen eingesetzt werden um Schrotflintenl\u00e4ufe von au\u00dfergew\u00f6hnlicher Qualit\u00e4t herzustellen. Automatisierung und moderne Fertigungstechnik erh\u00f6ht Produktionsraten und senkt Kosten gegen\u00fcber der Nutzung von Altanlagen.<\/p>\n<p><b>Verschlussgeh\u00e4usefertigung<br \/>\n<\/b>Hochleistungs-Wendeplattenschneidwerkzeuge und leistungsf\u00e4hige Bohrspindeln, f\u00fcr maximale Penetrationsraten, erlauben ganz neue Fertigungsziele. Modernisieren Sie ihre Produktion mit Mehrspindelmaschinen und automatischen Ladesystemen..<\/p>\n<p><b>Pistolenlauf-Fertigung<br \/>\n<\/b>Die Fertigung von Pistolenl\u00e4ufen aus gebohrten, geriebenen und gezogenen Rohlingen, schafft Automatisierungsm\u00f6glichkeiten mit Standard-CNC-Dreh- und Fr\u00e4smaschinen bis zum fertigen Zustand..[\/vc_column_text][\/vc_column][vc_column width=&#8221;1\/2&#8243;][vc_single_image image=&#8221;202264&#8243; img_size=&#8221;large&#8221;][\/vc_column][\/vc_row][vc_row][vc_column css=&#8221;.vc_custom_1632590730983{margin-top: 30px !important;margin-bottom: 30px !important;}&#8221;][vc_separator][\/vc_column][\/vc_row][vc_row gap=&#8221;30&#8243; content_placement=&#8221;middle&#8221; el_class=&#8221;row-reverse&#8221;][vc_column width=&#8221;1\/2&#8243;][vc_single_image image=&#8221;202267&#8243; img_size=&#8221;large&#8221;][\/vc_column][vc_column width=&#8221;1\/2&#8243;][vc_column_text]<\/p>\n<h4>L\u00f6sungen f\u00fcr mittel- und gro\u00dfkalibrige L\u00e4ufe<\/h4>\n<p>UNISIGs Mittelkaliberl\u00f6sungen setzen auf Tiefbohrmaschinen der UNI-Serie mit Gegenlauf, in Kombination mit einer R25 oder R50 Drallziehmaschine.<\/p>\n<p>Unsere Gro\u00dfkaliberl\u00f6sungen auf die bew\u00e4hrten Tiefbohrmaschinen der B-Serie f\u00fcr Bohren und Bohrungsbearbeitung und eine R100 oder R200 CNC-Drallziehmaschine.<\/p>\n<p>UNISIG verf\u00fcgt \u00fcber die Erfahrung und Standardmaschinen, um L\u00e4ufe mit einem Kaliber von \u00fcber 155 mm und L\u00e4ngen von \u00fcber 10 m herzustellen.<\/p>\n<p>Sprechen Sie mit uns um Ihre Verteidigungsprojekte.[\/vc_column_text][\/vc_column][\/vc_row][vc_row][vc_column][vc_separator][\/vc_column][\/vc_row][vc_row][vc_column width=&#8221;1\/2&#8243; css=&#8221;.vc_custom_1632590730983{margin-top: 30px !important;margin-bottom: 30px !important;}&#8221;][vc_column_text]<\/p>\n<h5>Zus\u00e4tzliche Ressourcen der Feuerwaffenindustrie<\/h5>\n<p>[\/vc_column_text][unisig_icon_content icon=&#8221;fas fa-cogs&#8221;]<a href=\"https:\/\/unisig.com\/de\/news-und-events\/fallstudien\/modernisierte-grossserienproduktion-fallstudie\/\" target=\"_blank\" rel=\"noopener noreferrer\">Modernisierte Gro\u00dfserienproduktion | Fallstudie<\/a>[\/unisig_icon_content][unisig_icon_content icon=&#8221;fas fa-video&#8221;]<a href=\"https:\/\/unisig.com\/de\/news-and-events\/technische-artikel\/vollautomatische-2-2-1-r-zelle\" target=\"_blank\" rel=\"noopener noreferrer\">Gewehrlauf-Fertigungszelle mit Automatisierung | Video<\/a>[\/unisig_icon_content][unisig_icon_content icon=&#8221;fas fa-download&#8221;]<a href=\"https:\/\/unisig.com\/gun-barrel-manufacturing-solutions-brochure\/\" target=\"_blank\" rel=\"noopener noreferrer\">Solutions for Gun Barrel Manufacturing Brochure | Download<\/a>[\/unisig_icon_content][\/vc_column][vc_column width=&#8221;1\/2&#8243;][vc_empty_space][vc_cta h2=&#8221;Anfrage senden&#8221; h2_font_container=&#8221;color:%23005288&#8243; h2_google_fonts=&#8221;font_family:Open%20Sans%3A300%2C300italic%2Cregular%2Citalic%2C600%2C600italic%2C700%2C700italic%2C800%2C800italic|font_style:400%20regular%3A400%3Anormal&#8221; shape=&#8221;square&#8221; style=&#8221;custom&#8221; add_button=&#8221;bottom&#8221; btn_title=&#8221;Anfrage stellen&#8221; btn_shape=&#8221;square&#8221; css=&#8221;.vc_custom_1643386490492{border-top-width: 0px !important;border-right-width: 0px !important;border-bottom-width: 0px !important;border-left-width: 0px !important;}&#8221; use_custom_fonts_h2=&#8221;true&#8221; btn_add_icon=&#8221;true&#8221; custom_background=&#8221;#e3e3e3&#8243; custom_text=&#8221;#151515&#8243; btn_link=&#8221;url:https%3A%2F%2Funisig.com%2Fde%2Fkontaktieren-sie-uns%2Fanforderung-eines-angebots%2F|title:Anforderung%20eines%20Angebots|&#8221;]Senden Sie Ihre Anfrage f\u00fcr Laufproduktionsmaschinen.[\/vc_cta][\/vc_column][\/vc_row][vc_row][vc_column][\/vc_column][\/vc_row]<\/p>\n<\/div>","protected":false},"excerpt":{"rendered":"<p>[vc_row][vc_column][vc_column_text][\/vc_column_text][\/vc_column][\/vc_row][vc_row gap=&#8221;30&#8243;][vc_column width=&#8221;1\/2&#8243;][vc_column_text] UNISIG fertigt unvergleichliche Produktionsanlagen f\u00fcr Gewehrl\u00e4ufe Vor UNISIG war eine vollautomatische Laufproduktion nur f\u00fcr die gr\u00f6\u00dften Waffenhersteller darstellbar. UNISIG macht dies jetzt f\u00fcr alle m\u00f6glich, von kleinen \u00fcber mittlere bis hin zu sehr gro\u00dfen Herstellern, durch die Entwicklung von skalierbaren Lauf-Produktionszellen die auf Produktivit\u00e4t und Zuverl\u00e4ssigkeit ausgelegt sind.[\/vc_column_text][\/vc_column][vc_column width=&#8221;1\/2&#8243;][vc_empty_space height=&#8221;81px&#8221;][vc_column_text]UN\u00dcBERTROFFENE BRANCHENERFAHRUNG Unsere<a href=\"https:\/\/unisig.com\/de\/branche\/schusswaffen\/\" class=\"more-link\">Read More<\/a><\/p>\n","protected":false},"author":3,"featured_media":0,"parent":0,"menu_order":0,"comment_status":"closed","ping_status":"closed","template":"","meta":{"_acf_changed":false,"footnotes":""},"folder":[1199,1180],"class_list":["post-202486","page","type-page","status-publish","hentry"],"acf":[],"_links":{"self":[{"href":"https:\/\/unisig.com\/de\/wp-json\/wp\/v2\/pages\/202486","targetHints":{"allow":["GET"]}}],"collection":[{"href":"https:\/\/unisig.com\/de\/wp-json\/wp\/v2\/pages"}],"about":[{"href":"https:\/\/unisig.com\/de\/wp-json\/wp\/v2\/types\/page"}],"author":[{"embeddable":true,"href":"https:\/\/unisig.com\/de\/wp-json\/wp\/v2\/users\/3"}],"replies":[{"embeddable":true,"href":"https:\/\/unisig.com\/de\/wp-json\/wp\/v2\/comments?post=202486"}],"version-history":[{"count":0,"href":"https:\/\/unisig.com\/de\/wp-json\/wp\/v2\/pages\/202486\/revisions"}],"wp:attachment":[{"href":"https:\/\/unisig.com\/de\/wp-json\/wp\/v2\/media?parent=202486"}],"wp:term":[{"taxonomy":"folder","embeddable":true,"href":"https:\/\/unisig.com\/de\/wp-json\/wp\/v2\/folder?post=202486"}],"curies":[{"name":"wp","href":"https:\/\/api.w.org\/{rel}","templated":true}]}}