{"id":202814,"date":"2022-03-29T07:51:50","date_gmt":"2022-03-29T12:51:50","guid":{"rendered":"https:\/\/stagingxx.unisig.com\/?page_id=202814"},"modified":"2025-07-30T10:49:41","modified_gmt":"2025-07-30T15:49:41","slug":"202486-2-3","status":"publish","type":"page","link":"https:\/\/unisig.com\/de\/branchen\/medizintechnik\/","title":{"rendered":"Medizintechnik"},"content":{"rendered":"<div class=\"wpb-content-wrapper\"><p>[vc_row full_width=&#8221;stretch_row_content_no_spaces&#8221; css=&#8221;.vc_custom_1648140346914{background-position: center !important;background-repeat: no-repeat !important;background-size: cover !important;}&#8221;][vc_column][vc_column_text]\n\t\t\t<!-- START Medical Industry REVOLUTION SLIDER 6.7.25 --><p class=\"rs-p-wp-fix\"><\/p>\n\t\t\t<rs-module-wrap id=\"rev_slider_11_1_wrapper\" data-source=\"gallery\" style=\"visibility:hidden;background:transparent;padding:0;margin:0px auto;margin-top:0;margin-bottom:0;\">\n\t\t\t\t<rs-module id=\"rev_slider_11_1\" style=\"\" data-version=\"6.7.25\">\n\t\t\t\t\t<rs-slides style=\"overflow: hidden; position: absolute;\">\n\t\t\t\t\t\t<rs-slide style=\"position: absolute;\" data-key=\"rs-16\" data-title=\"Slide\" data-duration=\"9000\" data-anim=\"ms:600;\" data-in=\"o:0;\" data-out=\"a:false;\">\n\t\t\t\t\t\t\t<img decoding=\"async\" src=\"\/\/unisig.com\/wp-content\/plugins\/revslider\/sr6\/assets\/assets\/dummy.png\" alt=\"\" title=\"Medical Industry Poster\" width=\"1920\" height=\"720\" class=\"rev-slidebg tp-rs-img rs-lazyload\" data-lazyload=\"https:\/\/unisig.com\/wp-content\/smush-webp\/2022\/08\/Medical-Industry-Poster-1.jpg.webp\" data-no-retina>\n\t\t\t\t\t\t\t<rs-bgvideo \n\t\t\t\t\t\t\t\tdata-video=\"vc:none;w:100%;h:100%;nse:false;l:true;ptimer:false;\"\n\t\t\t\t\t\t\t\tdata-vimeoid=\"693664146\"\n\t\t\t\t\t\t\t\tdata-vatr=\"background=1&amp;title=0&amp;byline=0&amp;portrait=0&amp;api=1&amp;dnt=1\"\n\t\t\t\t\t\t\t><\/rs-bgvideo>\n<!---->\t\t\t\t\t<\/rs-slide>\n\t\t\t\t\t<\/rs-slides>\n\t\t\t\t<\/rs-module>\n\t\t\t\t<script>\n\t\t\t\t\tsetREVStartSize({c: 'rev_slider_11_1',rl:[1240,1024,778,480],el:[600],gw:[1240],gh:[600],type:'standard',justify:'',layout:'fullwidth',mh:\"0\"});if (window.RS_MODULES!==undefined && window.RS_MODULES.modules!==undefined && window.RS_MODULES.modules[\"revslider111\"]!==undefined) {window.RS_MODULES.modules[\"revslider111\"].once = false;window.revapi11 = undefined;if (window.RS_MODULES.checkMinimal!==undefined) window.RS_MODULES.checkMinimal()}\n\t\t\t\t<\/script>\n\t\t\t<\/rs-module-wrap>\n\t\t\t<!-- END REVOLUTION SLIDER -->\n[\/vc_column_text][\/vc_column][\/vc_row][vc_row gap=&#8221;30&#8243;][vc_column width=&#8221;1\/2&#8243;][vc_column_text]<\/p>\n<h2>Automatisiertes Hochpr\u00e4zisions-ELB-Tiefbohren f\u00fcr die Medizintechnik.<\/h2>\n<p>Unabh\u00e4ngig davon, ob Sie mit kleinen Durchmessern, engen Toleranzen oder d\u00fcnnen W\u00e4nden konfrontiert sind, ist das Bohren im Extremfall ohne die richtigen Maschinen, Werkzeuge und Verfahren schwierig. Die Maschinen der UNISIG UNE6-Serie mit Automatisierungsvorbereitung erm\u00f6glichen die produktive und zuverl\u00e4ssige Herstellung von hochpr\u00e4zisen chirurgischen Instrumenten.[\/vc_column_text][vc_btn title=&#8221;Kontaktieren Sie uns&#8221; link=&#8221;url:https%3A%2F%2Funisig.com%2Fde%2Fkontaktieren-sie-uns%2F|&#8221;][\/vc_column][vc_column width=&#8221;1\/2&#8243;][vc_empty_space][vc_column_text]<strong>UNISIG versteht Ihre einzigartigen Herausforderungen<\/strong><\/p>\n<p>UNISIG Einlippenbohrmaschinen f\u00fcr kleine Durchmesser bieten die Pr\u00e4zision, um enge Toleranzen f\u00fcr Instrumente und Implantate zu erreichen.<\/p>\n<ul>\n<li>Bohrdurchmesser von 0,8 mm-6 mm (0,03 &#8211; 0,25 Zoll)<\/li>\n<li>Tiefen-zu-Durchmesser-Verh\u00e4ltnisse von 20:1 bis \u00fcber 100:1<\/li>\n<li>Bohrungsgeradheit mit Konzentrizit\u00e4t zu Merkmalen des Au\u00dfendurchmessers<\/li>\n<li>Komplexe Merkmale wie abgestufte Bohrungen<\/li>\n<li>D\u00fcnnwandige Werkst\u00fccke und schwierige Materialien<\/li>\n<\/ul>\n<p>[\/vc_column_text][\/vc_column][\/vc_row][vc_row][vc_column css=&#8221;.vc_custom_1632590730983{margin-top: 30px !important;margin-bottom: 30px !important;}&#8221;][vc_separator][\/vc_column][\/vc_row][vc_row gap=&#8221;30&#8243; content_placement=&#8221;top&#8221;][vc_column width=&#8221;1\/2&#8243;][vc_single_image image=&#8221;202924&#8243; img_size=&#8221;full&#8221;][\/vc_column][vc_column width=&#8221;1\/2&#8243;][vc_column_text]<\/p>\n<h4>UNISIG-L\u00f6sungen f\u00fcr die Medizintechnik<\/h4>\n<p><strong>Vereinfachte L\u00f6sungen f\u00fcr chirurgische Werkzeuge<\/strong><br \/>\nHersteller von chirurgischen Instrumenten k\u00f6nnen sich auf die jahrzehntelange Erfahrung von UNISIG bei der L\u00f6sung Ihrer komplexen Probleme verlassen und sich darauf Vertrauen, Ihr neu installiertes System optimal nutzen zu k\u00f6nnen.<\/p>\n<p><strong>ELB-Tiefbohren mit Genauigkeit und Wiederholbarkeit<br \/>\n<\/strong>Erzielen Sie jedes Mal enge Toleranzen mit unseren pr\u00e4zisionsausgerichteten Maschinen, der auf medizinische Instrumente spezialisierten Werkst\u00fcckhaltung und der intelligenten Maschinensteuerung.<\/p>\n<p><strong>Holen Sie das Einlippenbohren ins Haus<br \/>\n<\/strong>Eliminieren Sie Variablen und Zeitverlust mit externen Lieferanten und verbessern Sie den Durchsatz, indem Sie eine UNE6-Maschine in Ihre Langdrehzellen integrieren.<\/p>\n<p><strong>Erweitern Sie Ihre M\u00f6glichkeiten und automatisieren Sie das Tiefbohren<br \/>\n<\/strong>Flexible Konfigurationen bei der Werkst\u00fcckhaltung mit dem Laternenfutter von UNISIG und der Roboterintegration bieten die ultimative Fertigungsautomatisierung f\u00fcr das medizinische Tiefbohren.[\/vc_column_text][\/vc_column][\/vc_row][vc_row][vc_column css=&#8221;.vc_custom_1632590730983{margin-top: 30px !important;margin-bottom: 30px !important;}&#8221;][vc_separator][\/vc_column][\/vc_row][vc_row gap=&#8221;30&#8243; content_placement=&#8221;top&#8221; el_class=&#8221;row-reverse&#8221;][vc_column width=&#8221;1\/2&#8243;][vc_column_text]<\/p>\n<h4>Einlippenbohrmaschinen der Serie UNE6<\/h4>\n<p>Die Maschinen der UNE6-Serie wurden speziell f\u00fcr die Herausforderungen und Abmessungen entwickelt, mit denen Hersteller medizinischer Instrumente konfrontiert sind und k\u00f6nnen medizinische Komponenten pr\u00e4zise, produktiv und zuverl\u00e4ssig bohren.<\/p>\n<p><strong>Technologie f\u00fcr hochpr\u00e4zises Bohren mit kleinem Durchmesser<\/strong><\/p>\n<ul>\n<li><strong>Gegenl\u00e4ufiges Werkzeug und Werkst\u00fcck<\/strong><\/li>\n<li><strong>Standzeit\u00fcberwachung und Erkennung von defekten Werkzeugen<\/strong><\/li>\n<li><strong>Au\u00dfergew\u00f6hnliche Prozesskontrolle<\/strong><\/li>\n<li><strong>Intuitive intelligente Steuerungsoberfl\u00e4che mit Programmspeicher<\/strong><\/li>\n<\/ul>\n<p>&nbsp;<\/p>\n<p>Durch das perfekte Zusammenspiel dieser Technologien gelingt es UNISIG eine Roboterautomatisierung anzubieten, die mannloses Tiefbohren komplexer chirurgischer Instrumente erm\u00f6glicht.[\/vc_column_text][\/vc_column][vc_column width=&#8221;1\/2&#8243;][vc_single_image image=&#8221;209275&#8243; img_size=&#8221;full&#8221; css=&#8221;&#8221;][\/vc_column][\/vc_row][vc_row][vc_column css=&#8221;.vc_custom_1632590730983{margin-top: 30px !important;margin-bottom: 30px !important;}&#8221;][vc_separator][\/vc_column][\/vc_row][vc_row gap=&#8221;30&#8243; content_placement=&#8221;top&#8221; el_id=&#8221;Zeile-umgekehrt&#8221;][vc_column width=&#8221;1\/2&#8243;][vc_single_image image=&#8221;209268&#8243; img_size=&#8221;full&#8221; css=&#8221;&#8221;][\/vc_column][vc_column width=&#8221;1\/2&#8243;][vc_column_text]<\/p>\n<h4>Herausragende Leistung<\/h4>\n<p>Diese Maschinen sind in der Lage, Bohrungen in Durchmessern von 0,8 \u2013 6,0 mm [0 .03 \u2013 0.24 in] mit Tiefen-zu-Durchmesser-Verh\u00e4ltnissen von \u00fcber 100:1 zu produzieren, selbst in anspruchsvollen medizinischen Materialien.<\/p>\n<p><strong>Funktionen f\u00fcr Hochleistungs-Einlippenbohren mit kleinem Durchmesser<\/strong><\/p>\n<ul>\n<li><strong>24.000 U\/min Integrale Motorspindeln<\/strong><\/li>\n<li><strong>28.000 U\/min Gesamtdrehzahl bei Gegenlauf<\/strong><\/li>\n<li><strong>207 bar (3.000 psi) durchflussbasierte K\u00fchlmittelsysteme<\/strong><\/li>\n<li><strong>Extrem genaue geometrische Maschinenausrichtung<\/strong><\/li>\n<\/ul>\n<p>[\/vc_column_text][\/vc_column][\/vc_row][vc_row][vc_column][vc_separator][\/vc_column][\/vc_row][vc_row gap=&#8221;30&#8243; content_placement=&#8221;top&#8221; el_class=&#8221;row-reverse&#8221;][vc_column width=&#8221;1\/2&#8243;][vc_column_text]<\/p>\n<h4>UNE6-750-CR<\/h4>\n<p><strong>Einspindlige ELB-Tiefbohrmaschine<\/strong><br \/>\n<strong>mit Gegenlauf<\/strong><\/p>\n<p>Die einspindelige Einlippentiefbohrmaschine UNE6-750-CR bietet alles, was zum Bohren der schwierigsten medizinischen Werkst\u00fccke in jeder Werkstattumgebung erforderlich ist.<\/p>\n<p>Ausgelegt auf\u00a0 Pr\u00e4zisionsinstrumentierung verwendet diese Maschine eine gegenl\u00e4ufige Werkst\u00fcckspindel um einen extrem genauen Rundlauf mit einem breiten Spektrum von Tiefen-zu-Durchmesser-Verh\u00e4ltnissen zu erreichen.[\/vc_column_text][\/vc_column][vc_column width=&#8221;1\/2&#8243;][vc_single_image image=&#8221;209320&#8243; img_size=&#8221;full&#8221; css=&#8221;&#8221;][\/vc_column][\/vc_row][vc_row][vc_column][vc_separator][\/vc_column][\/vc_row][vc_row gap=&#8221;30&#8243; content_placement=&#8221;top&#8221;][vc_column width=&#8221;1\/2&#8243;][vc_single_image image=&#8221;209232&#8243; img_size=&#8221;full&#8221; css=&#8221;&#8221;][\/vc_column][vc_column width=&#8221;1\/2&#8243;][vc_column_text]<\/p>\n<h4>UNE6-2i-750-CR<\/h4>\n<p><strong>ELB-Tiefbohrmaschine mit zwei unabh\u00e4ngigen Spindeln,<br \/>\neinseitig bedienbar<\/strong><\/p>\n<p>Die UNE6-2i-750-CR ist die leistungsst\u00e4rkste zweispindlige Maschine der Branche und die L\u00f6sung f\u00fcr komplexes Einlippentiefbohren von medizinischen Instrumenten mit kleinem Durchmesser. Die bei chirurgischen Instrumenten \u00fcblichen sequenziellen Bohrvorg\u00e4nge werden auf einer Maschine durchgef\u00fchrt.<\/p>\n<p>Der vollst\u00e4ndig unabh\u00e4ngige Betrieb mit zwei Spindeln ist von einer einzigen Seite der Maschine aus zug\u00e4nglich und erm\u00f6glicht den idealen Einst\u00fcckfluss bei manueller Beladung.[\/vc_column_text][\/vc_column][\/vc_row][vc_row][vc_column][vc_separator][\/vc_column][\/vc_row][vc_row gap=&#8221;30&#8243; content_placement=&#8221;top&#8221; el_class=&#8221;row-reverse&#8221;][vc_column width=&#8221;1\/2&#8243;][vc_column_text]<\/p>\n<h4>UNE6-2i-750-CR mit Automatisierung<\/h4>\n<p><strong>ELB-Tiefbohrmaschine mit zwei unabh\u00e4ngigen Spindeln<br \/>\nund <\/strong><strong>robotergest\u00fctzter Werkst\u00fcckautomatisierung<\/strong><\/p>\n<p>Die UNE6-2i-750-CR mit Robotik macht das automatische Tiefbohren extrem pr\u00e4ziser chirurgischer Instrumente f\u00fcr die Medizintechnik m\u00f6glich. Die Prozesssicherheit dieser Maschine \u00f6ffnet die T\u00fcr zur vollautomatischen Fertigung dieser Werkst\u00fccke, die unbeaufsichtigte Tiefbohren komplexester Bauteile erm\u00f6glicht<\/p>\n<p>Die eingebettete Roboterautomatisierung bedient beide Spindeln und bewegt Werkst\u00fccke zwischen ihnen. Auswechselbare Werkst\u00fccktr\u00e4gersysteme passen zu unterschiedlichen Werkst\u00fccktypen und sind kompatibel mit langgedrehten Rohlingen mit unregelm\u00e4\u00dfigem Au\u00dfendurchmesser. Die r\u00fcckseitig montierte Automatisierung erm\u00f6glicht die Einrichtung und Bedienung auf der Vorderseite der Maschine ohne Beeintr\u00e4chtigung durch die Automatisierung.[\/vc_column_text][vc_btn title=&#8221;Kontaktieren Sie uns&#8221; link=&#8221;url:https%3A%2F%2Funisig.com%2Fde%2Fkontaktieren-sie-uns%2F|&#8221;][\/vc_column][vc_column width=&#8221;1\/2&#8243;][vc_gallery type=&#8221;flexslider_slide&#8221; interval=&#8221;0&#8243; images=&#8221;206816,209272,206819,209278&#8243; img_size=&#8221;medium&#8221; onclick=&#8221;&#8221; css=&#8221;&#8221;][\/vc_column][\/vc_row][vc_row][vc_column][vc_separator][\/vc_column][\/vc_row][vc_row][vc_column width=&#8221;1\/2&#8243; css=&#8221;.vc_custom_1632590730983{margin-top: 30px !important;margin-bottom: 30px !important;}&#8221;][vc_column_text]<\/p>\n<h5>Weitere Ressourcen f\u00fcr die Medizintechnik<\/h5>\n<p>[\/vc_column_text][unisig_icon_content icon=&#8221;fas fa-video&#8221;]<a href=\"https:\/\/unisig.com\/de\/news-und-events\/technische-artikel\/une6-2i-doppelgreifer-automatisiertes-einlippenbohren\" target=\"_blank\" rel=\"noopener noreferrer\">UNISIG UNE6-2i-Automatische Doppelgreifer-Tiefbohrmaschine | Video<\/a>[\/unisig_icon_content][unisig_icon_content icon=&#8221;fas fa-cogs&#8221;]<a href=\"https:\/\/unisig.com\/de\/kleinste-durchmesser-fallstudie\/\" target=\"_blank\" rel=\"noopener noreferrer\"> Pr\u00e4zisionstiefbohren in der Medizintechnik auf der UNE6 | Fallstudie<\/a>[\/unisig_icon_content][unisig_icon_content icon=&#8221;fas fa-download&#8221;]<a href=\"https:\/\/unisig.com\/de\/tiefbohrloesungen-medizintechnik\/\" target=\"_blank\" rel=\"noopener noreferrer\">Brosch\u00fcre Tiefbohrl\u00f6sungen f\u00fcr die Medizintechnik | Download<\/a>[\/unisig_icon_content][\/vc_column][vc_column width=&#8221;1\/2&#8243;][vc_empty_space][vc_cta h2=&#8221;Senden Sie Ihre Anfrage&#8221; h2_font_container=&#8221;color:%23005288&#8243; h2_google_fonts=&#8221;font_family:Open%20Sans%3A300%2C300italic%2Cregular%2Citalic%2C600%2C600italic%2C700%2C700italic%2C800%2C800italic|font_style:400%20regular%3A400%3Anormal&#8221; shape=&#8221;square&#8221; style=&#8221;custom&#8221; add_button=&#8221;bottom&#8221; btn_title=&#8221;Anfrage senden&#8221; btn_shape=&#8221;square&#8221; css=&#8221;.vc_custom_1655364412870{border-top-width: 0px !important;border-right-width: 0px !important;border-bottom-width: 0px !important;border-left-width: 0px !important;}&#8221; use_custom_fonts_h2=&#8221;true&#8221; btn_add_icon=&#8221;true&#8221; custom_background=&#8221;#e3e3e3&#8243; custom_text=&#8221;#151515&#8243; btn_link=&#8221;url:https%3A%2F%2Funisig.com%2Fde%2Fkontaktieren-sie-uns%2Fanforderung-eines-angebots%2F|title:Anforderung%20eines%20Angebots|&#8221;]Senden Sie uns Ihre Anwendung f\u00fcr ein Angebot \u00fcber eine Tiefbohrmaschine f\u00fcr die Medizintechnik.[\/vc_cta][\/vc_column][\/vc_row]<\/p>\n<\/div>","protected":false},"excerpt":{"rendered":"<p>[vc_row full_width=&#8221;stretch_row_content_no_spaces&#8221; css=&#8221;.vc_custom_1648140346914{background-position: center !important;background-repeat: no-repeat !important;background-size: cover !important;}&#8221;][vc_column][vc_column_text][\/vc_column_text][\/vc_column][\/vc_row][vc_row gap=&#8221;30&#8243;][vc_column width=&#8221;1\/2&#8243;][vc_column_text] Automatisiertes Hochpr\u00e4zisions-ELB-Tiefbohren f\u00fcr die Medizintechnik. Unabh\u00e4ngig davon, ob Sie mit kleinen Durchmessern, engen Toleranzen oder d\u00fcnnen W\u00e4nden konfrontiert sind, ist das Bohren im Extremfall ohne die richtigen Maschinen, Werkzeuge und Verfahren schwierig. Die Maschinen der UNISIG UNE6-Serie mit Automatisierungsvorbereitung erm\u00f6glichen die produktive und zuverl\u00e4ssige<a href=\"https:\/\/unisig.com\/de\/branchen\/medizintechnik\/\" class=\"more-link\">Read More<\/a><\/p>\n","protected":false},"author":22,"featured_media":0,"parent":0,"menu_order":0,"comment_status":"closed","ping_status":"closed","template":"","meta":{"_acf_changed":false,"footnotes":""},"folder":[1199,1180],"class_list":["post-202814","page","type-page","status-publish","hentry"],"acf":[],"_links":{"self":[{"href":"https:\/\/unisig.com\/de\/wp-json\/wp\/v2\/pages\/202814","targetHints":{"allow":["GET"]}}],"collection":[{"href":"https:\/\/unisig.com\/de\/wp-json\/wp\/v2\/pages"}],"about":[{"href":"https:\/\/unisig.com\/de\/wp-json\/wp\/v2\/types\/page"}],"author":[{"embeddable":true,"href":"https:\/\/unisig.com\/de\/wp-json\/wp\/v2\/users\/22"}],"replies":[{"embeddable":true,"href":"https:\/\/unisig.com\/de\/wp-json\/wp\/v2\/comments?post=202814"}],"version-history":[{"count":0,"href":"https:\/\/unisig.com\/de\/wp-json\/wp\/v2\/pages\/202814\/revisions"}],"wp:attachment":[{"href":"https:\/\/unisig.com\/de\/wp-json\/wp\/v2\/media?parent=202814"}],"wp:term":[{"taxonomy":"folder","embeddable":true,"href":"https:\/\/unisig.com\/de\/wp-json\/wp\/v2\/folder?post=202814"}],"curies":[{"name":"wp","href":"https:\/\/api.w.org\/{rel}","templated":true}]}}