{"id":203020,"date":"2022-03-28T08:42:23","date_gmt":"2022-03-28T13:42:23","guid":{"rendered":"https:\/\/stagingxx.unisig.com\/?page_id=203020"},"modified":"2022-06-18T03:37:17","modified_gmt":"2022-06-18T08:37:17","slug":"unisig-formenbau","status":"publish","type":"page","link":"https:\/\/unisig.com\/de\/branchen\/formenbau","title":{"rendered":"Formenbau"},"content":{"rendered":"<div class=\"wpb-content-wrapper\"><p>[vc_row full_width=&#8221;stretch_row_content_no_spaces&#8221; css=&#8221;.vc_custom_1648138155084{background-position: center !important;background-repeat: no-repeat !important;background-size: cover !important;}&#8221;][vc_column][vc_column_text]\n\t\t\t<!-- START Mold Industry REVOLUTION SLIDER 6.7.25 --><p class=\"rs-p-wp-fix\"><\/p>\n\t\t\t<rs-module-wrap id=\"rev_slider_10_1_wrapper\" data-source=\"gallery\" style=\"visibility:hidden;background:transparent;padding:0;margin:0px auto;margin-top:0;margin-bottom:0;\">\n\t\t\t\t<rs-module id=\"rev_slider_10_1\" style=\"\" data-version=\"6.7.25\">\n\t\t\t\t\t<rs-slides style=\"overflow: hidden; position: absolute;\">\n\t\t\t\t\t\t<rs-slide style=\"position: absolute;\" data-key=\"rs-15\" data-title=\"Slide\" data-duration=\"9000\" data-anim=\"ms:600;\" data-in=\"o:0;\" data-out=\"a:false;\">\n\t\t\t\t\t\t\t<img decoding=\"async\" src=\"\/\/unisig.com\/wp-content\/plugins\/revslider\/sr6\/assets\/assets\/dummy.png\" alt=\"\" title=\"unisig USC-M mold machine milling_web\" width=\"1000\" height=\"600\" class=\"rev-slidebg tp-rs-img rs-lazyload\" data-lazyload=\"https:\/\/unisig.com\/wp-content\/smush-webp\/2022\/03\/unisig-USC-M-mold-machine-milling_web.jpg.webp\" data-no-retina>\n\t\t\t\t\t\t\t<rs-bgvideo \n\t\t\t\t\t\t\t\tdata-video=\"vc:none;w:100%;h:100%;nse:false;l:true;ptimer:false;\"\n\t\t\t\t\t\t\t\tdata-vimeoid=\"692626322\"\n\t\t\t\t\t\t\t\tdata-vatr=\"background=1&amp;title=0&amp;byline=0&amp;portrait=0&amp;api=1&amp;dnt=1\"\n\t\t\t\t\t\t\t><\/rs-bgvideo>\n<!---->\t\t\t\t\t<\/rs-slide>\n\t\t\t\t\t<\/rs-slides>\n\t\t\t\t<\/rs-module>\n\t\t\t\t<script>\n\t\t\t\t\tsetREVStartSize({c: 'rev_slider_10_1',rl:[1240,1024,778,480],el:[600],gw:[1240],gh:[600],type:'standard',justify:'',layout:'fullwidth',mh:\"0\"});if (window.RS_MODULES!==undefined && window.RS_MODULES.modules!==undefined && window.RS_MODULES.modules[\"revslider101\"]!==undefined) {window.RS_MODULES.modules[\"revslider101\"].once = false;window.revapi10 = undefined;if (window.RS_MODULES.checkMinimal!==undefined) window.RS_MODULES.checkMinimal()}\n\t\t\t\t<\/script>\n\t\t\t<\/rs-module-wrap>\n\t\t\t<!-- END REVOLUTION SLIDER -->\n[\/vc_column_text][\/vc_column][\/vc_row][vc_row gap=&#8221;30&#8243;][vc_column width=&#8221;1\/2&#8243;][vc_column_text]<\/p>\n<h2>Weniger Setups. Mehr Produktivit\u00e4t.<\/h2>\n<p>Un\u00fcbertroffene Fr\u00e4s- und Tiefbohrleistung f\u00fcr Formenbauer[\/vc_column_text][vc_btn title=&#8221;Kontaktieren Sie uns&#8221; link=&#8221;url:https%3A%2F%2Funisig.com%2Fde%2Fkontaktieren-sie-uns%2F|title:kontaktieren%20Sie%20uns|&#8221;][\/vc_column][vc_column width=&#8221;1\/2&#8243;][vc_empty_space][vc_column_text]<\/p>\n<h4>Die UNISIG USC-M-Serie stellt sich den Herausforderungen der Formenbauer<\/h4>\n<ul>\n<li>Konstanter Druck zur Kostensenkung und k\u00fcrzeren Durchlaufzeiten<\/li>\n<li>H\u00e4ufige neue und wechselnde Designs ohne Spielraum f\u00fcr Fehler<\/li>\n<li>Komplexe, hochgenaue Werkst\u00fcckgeometrien mit 2D- und 3D-Features<\/li>\n<li>Erreichen hoher Zerspanungsraten bei Werkst\u00fccken aus z\u00e4hen Materialien<\/li>\n<li>Sehr tiefe, sich kreuzende Bohrungen unter Mehrfachwinkeln<\/li>\n<\/ul>\n<p>[\/vc_column_text][\/vc_column][\/vc_row][vc_row][vc_column css=&#8221;.vc_custom_1632590730983{margin-top: 30px !important;margin-bottom: 30px !important;}&#8221;][vc_separator][\/vc_column][\/vc_row][vc_row gap=&#8221;30&#8243; content_placement=&#8221;top&#8221; el_class=&#8221;row-reverse&#8221;][vc_column width=&#8221;1\/2&#8243;][vc_column_text]<\/p>\n<h4>UNISIG-L\u00f6sungen f\u00fcr den Formenbau<\/h4>\n<p><strong>TIEFBOHREN UND FR\u00c4SEN AUF EINER EINZIGEN MASCHINENPLATTFORM<\/strong><br \/>\nVermeiden Sie unn\u00f6tiges Handling und Setups und verbessern Sie gleichzeitig die Genauigkeit. Optimieren Sie die Fertigung indem Sie Vorlaufzeiten verk\u00fcrzen und alles aus Teileentwurfs- und Prozessplanung herausholen.<\/p>\n<p><strong>SCHNELLERES TIEFLBOHREN<\/strong><br \/>\nDie Maschinenintelligenz mit aktiver Prozesssteuerung, erlaubt Optimierung von Vorschubraten ohne Risiko um das Potenzial moderner Tiefbohrwerkzeuge ganz auszunutzen. UNISIG Maschinen k\u00f6nnen Einlippenbohrer mit<br \/>\nWendeschneidplatten einsetzten, die ganz neue Erwartungen an den Einlippen-Tiefbohrprozess wecken, w\u00e4hrend BTA-Werkzeuge bei K\u00fchlmittelbohrungen un\u00fcbertroffene Leistung bieten.<\/p>\n<p><strong>5-ACHSEN-POSITIONIERUNG F\u00dcR GR\u00d6SSERE REICHWEITE<\/strong><br \/>\nErreichen Sie 4 Seiten Ihrer Werkst\u00fccke, von kleinen Komponenten bis hin zu gro\u00dfen Bl\u00f6cken, f\u00fcr komplexe Bearbeitungen und Tiefbohrungen unter Mehrfachwinkeln.<\/p>\n<p><strong>HOHE BELASTBARKEIT OHNE \u00dcBERGROSSE TISCHE<\/strong><br \/>\nKomplette Werkst\u00fccke, nicht nur Seiten, k\u00f6nnen zuverl\u00e4ssig bearbeitet werden, unabh\u00e4ngig vom Gewicht des Blocks. Robuste Tische erf\u00fcllen effizient die Anforderungen im Gro\u00dfformenbau.[\/vc_column_text][\/vc_column][vc_column width=&#8221;1\/2&#8243;][vc_gallery type=&#8221;flexslider_slide&#8221; interval=&#8221;0&#8243; images=&#8221;200926,3780,9427,203028&#8243; img_size=&#8221;large&#8221; onclick=&#8221;&#8221;][\/vc_column][\/vc_row][vc_row][vc_column css=&#8221;.vc_custom_1632590730983{margin-top: 30px !important;margin-bottom: 30px !important;}&#8221;][vc_separator][\/vc_column][\/vc_row][vc_row gap=&#8221;30&#8243; content_placement=&#8221;top&#8221;][vc_column width=&#8221;1\/2&#8243;][vc_gallery type=&#8221;flexslider_slide&#8221; interval=&#8221;0&#8243; images=&#8221;200922,201500,200920&#8243; img_size=&#8221;large&#8221; onclick=&#8221;&#8221;][\/vc_column][vc_column width=&#8221;1\/2&#8243;][vc_column_text]<\/p>\n<h4>Universalspindel &#8211; Fr\u00e4sen und ELB-Tiefbohren<\/h4>\n<h4>USC-2M | USC-3M<\/h4>\n<p>Unsere Universalspindelmaschinen kombinieren eine starke Fr\u00e4sleistung mit Tiefbohren bei hoher Vorschubgeschwindigkeit unter Verwendung von Wendeschneidplattenbohrwerkzeugen. Der Funktionswechsel der Spindel ist m\u00fchelos durch simples Schwenken und Verriegeln des Sp\u00e4nekastens.<\/p>\n<ul>\n<li>CAT 50 Bearbeitungs-\/Tiefbohrspindel, 4.500 U\/min<\/li>\n<li>5-Achs-Positionierung mit Rundtisch und Schwenkachse<\/li>\n<li>Glasma\u00dfst\u00e4be f\u00fcr erh\u00f6hte Genauigkeit<\/li>\n<li>Werkzeugwechsler mit 60 Positionen<\/li>\n<li>\u00dcberflurinstallation<\/li>\n<\/ul>\n<p>[\/vc_column_text][vc_btn title=&#8221;Weitere Informationen&#8221; link=&#8221;url:%2Fde%2Falle-maschinen%2Ftiefbohr-und-fraeszentren%2F|||&#8221;][\/vc_column][\/vc_row][vc_row][vc_column css=&#8221;.vc_custom_1632590730983{margin-top: 30px !important;margin-bottom: 30px !important;}&#8221;][vc_separator][\/vc_column][\/vc_row][vc_row gap=&#8221;30&#8243; content_placement=&#8221;top&#8221; el_class=&#8221;row-reverse&#8221;][vc_column width=&#8221;1\/2&#8243;][vc_column_text]<\/p>\n<h4>Dedizierte Spindeln &#8211; Fr\u00e4sen und BTA-\/Einlippenbohren<\/h4>\n<h4>USC-2M-BTA | USC-3M-BTA<\/h4>\n<p>Unsere separaten Fr\u00e4s- und Tiefbohrspindeln steigern die Leistung durch die Einf\u00fchrung des BTA-Tiefbohrsystems zusammen mit Einlippenbohrwerkzeugen mit Einsatzschneiden. Bohren Sie schnellere und geradere K\u00fchlmittelkan\u00e4le und sparen Sie Produktionstage bei gr\u00f6\u00dferen Formwerkst\u00fccken. Und mi der Parallelspindelkinematik ist beim Wechsel zwischen Fr\u00e4sen und Tiefbohren kein Umr\u00fcsten erforderlich.<\/p>\n<ul>\n<li>CAT 50 Bearbeitungsspindel, 4.500 U\/min<\/li>\n<li>BTA Bohr-\/ELB-Tiefbohrbohrspindel, 5.000 U\/min<\/li>\n<li>5-Achs-Positionierung mit Rundtisch und Schwenkachse<\/li>\n<li>Glasma\u00dfst\u00e4be f\u00fcr erh\u00f6hte Genauigkeit<\/li>\n<li>Werkzeugwechsler mit 40 Positionen<\/li>\n<li>\u00dcberflurionstallation<\/li>\n<\/ul>\n<p>[\/vc_column_text][vc_btn title=&#8221;Weitere Informationen&#8221; link=&#8221;url:%2Fde%2Falle-maschinen%2Ftiefbohr-und-fraeszentren%2F|||&#8221;][\/vc_column][vc_column width=&#8221;1\/2&#8243;][vc_gallery type=&#8221;flexslider_slide&#8221; interval=&#8221;0&#8243; images=&#8221;203065,200926&#8243; img_size=&#8221;large&#8221; onclick=&#8221;&#8221;][\/vc_column][\/vc_row][vc_row][vc_column css=&#8221;.vc_custom_1632590730983{margin-top: 30px !important;margin-bottom: 30px !important;}&#8221;][vc_separator][\/vc_column][\/vc_row][vc_row gap=&#8221;30&#8243; content_placement=&#8221;top&#8221;][vc_column width=&#8221;1\/2&#8243;][vc_gallery type=&#8221;flexslider_slide&#8221; interval=&#8221;0&#8243; images=&#8221;10225,203062,4082&#8243; img_size=&#8221;large&#8221; onclick=&#8221;&#8221;][\/vc_column][vc_column width=&#8221;1\/2&#8243;][vc_column_text]<\/p>\n<h4>Fr\u00e4sen mit getriebe\u00fcbersetzter Spindel und BTA-\/ELB-Tiefbohren<\/h4>\n<h4>USC-M38 | USC-M50<\/h4>\n<p>UNISIG Fr\u00e4s- und Tiefbohrmaschinen mit getriebe\u00fcbersetzter Spindel revolutionieren den Formenbau. Denn diese Maschinen verk\u00fcrzen die Produktionspl\u00e4ne um Wochen und ver\u00e4ndern die Art und Weise, wie Formenbauer an das Design und die Herstellung herangehen k\u00f6nnen. Sehr hohe geometrische Genauigkeit, dynamische Leistung und Produktivit\u00e4tsoptionen zeichnen diese Maschinen aus.<\/p>\n<ul>\n<li>CAT 50 Bearbeitungsspindel, 2-Gang-Getriebe, 4.500 U\/min<\/li>\n<li>BTA-\/ELB-Tiefbohrspindel, 5.000 U\/min<\/li>\n<li>5-Achs-Positionierung mit Rundtisch und Schwenkachse<\/li>\n<li>Glasma\u00dfst\u00e4be f\u00fcr erh\u00f6hte Genauigkeit<\/li>\n<li>Werkzeugwechsler mit 120 Positionen<\/li>\n<li>Ergonomische Unterflur- oder \u00dcberflurinstallation<\/li>\n<\/ul>\n<p>[\/vc_column_text][vc_btn title=&#8221;Weitere Informationen&#8221; link=&#8221;url:%2Fde%2Falle-maschinen%2Ftiefbohr-und-fraeszentren%2F|||&#8221;][\/vc_column][\/vc_row][vc_row][vc_column css=&#8221;.vc_custom_1632590730983{margin-top: 30px !important;margin-bottom: 30px !important;}&#8221;][vc_separator][\/vc_column][\/vc_row][vc_row gap=&#8221;30&#8243; content_placement=&#8221;top&#8221; el_class=&#8221;row-reverse&#8221;][vc_column width=&#8221;1\/2&#8243;][vc_column_text]<\/p>\n<h4>Automatischer Palettenwechsler f\u00fcr Werkst\u00fccke<\/h4>\n<h4>USC-M38 | USC-M50<\/h4>\n<p>Palettenwechsler verleihen der Produktionsplanung eine weitere Dimension der Flexibilit\u00e4t. Auftr\u00e4ge k\u00f6nnen eingerichtet werden, w\u00e4hrend auf der Maschine ein anderes Teil bearbeitet wird. Planungs\u00e4nderungen oder schnelle Werkzeugmodifikationen k\u00f6nnen ohne zeitaufw\u00e4ndige Unterbrechungen durchgef\u00fchrt werden.<\/p>\n<ul>\n<li>Hohe Kapazit\u00e4t bis zu 25 t Werkst\u00fccke<\/li>\n<li>Hochgenaue Positionsbestimmung mit Best\u00e4tigung des Palettensitzes<\/li>\n<li>Spannsystem mit sehr hoher Steifigkeit f\u00fcr die Schwerzerspanung<\/li>\n<\/ul>\n<p>[\/vc_column_text][vc_btn title=&#8221;Weitere Informationen&#8221; link=&#8221;url:%2Fde%2Falle-maschinen%2Ftiefbohr-und-fraeszentren%2F|||&#8221;][\/vc_column][vc_column width=&#8221;1\/2&#8243;][vc_gallery type=&#8221;flexslider_slide&#8221; interval=&#8221;0&#8243; images=&#8221;10227,5829&#8243; img_size=&#8221;large&#8221; onclick=&#8221;&#8221;][\/vc_column][\/vc_row][vc_row][vc_column][vc_separator][\/vc_column][\/vc_row][vc_row][vc_column width=&#8221;1\/2&#8243; css=&#8221;.vc_custom_1632590730983{margin-top: 30px !important;margin-bottom: 30px !important;}&#8221;][vc_column_text]<\/p>\n<h5>Weitere Ressourcen f\u00fcr den Formenbau<\/h5>\n<p>[\/vc_column_text][unisig_icon_content icon=&#8221;fas fa-video&#8221;]<a href=\"https:\/\/vimeo.com\/385342136\/cb67579fd2\" target=\"_blank\" rel=\"noopener noreferrer\">USC-2M|USC-3M Fr\u00e4sen | Video<\/a>[\/unisig_icon_content][unisig_icon_content icon=&#8221;fas fa-video&#8221;]<a href=\"https:\/\/vimeo.com\/385352159\/33d52097b1\" target=\"_blank\" rel=\"noopener noreferrer\">USC-2M|USC-3M Bearbeitung | Video<\/a>[\/unisig_icon_content][unisig_icon_content icon=&#8221;fas fa-video&#8221;]<a href=\"\/\/vimeo.com\/143381515\/ec89e0c1af\" target=\"_blank\" rel=\"noopener noreferrer\">USC-M38|USC-M50 Maschinenvorf\u00fchrung | Video<\/a>[\/unisig_icon_content][unisig_icon_content icon=&#8221;far fa-file-alt&#8221;]<a href=\"\/de\/erstellen-einer-form-in-weniger-setups\/\" target=\"_blank\" rel=\"noopener noreferrer\">Erstellen einer Form in weniger Setups | Artikel<\/a>[\/unisig_icon_content][unisig_icon_content icon=&#8221;fas fa-download&#8221;]<a href=\"https:\/\/unisig.com\/mold-industry-solutions\/\" target=\"_blank\" rel=\"noopener noreferrer\">Brosch\u00fcre L\u00f6sungen f\u00fcr Formenbauer | Download<\/a>[\/unisig_icon_content][\/vc_column][vc_column width=&#8221;1\/2&#8243;][vc_empty_space][vc_cta h2=&#8221;Senden Sie Ihre Anfrage&#8221; h2_font_container=&#8221;color:%23005288&#8243; h2_google_fonts=&#8221;font_family:Open%20Sans%3A300%2C300italic%2Cregular%2Citalic%2C600%2C600italic%2C700%2C700italic%2C800%2C800italic|font_style:400%20regular%3A400%3Anormal&#8221; shape=&#8221;square&#8221; style=&#8221;custom&#8221; add_button=&#8221;bottom&#8221; btn_title=&#8221;Anfrage senden&#8221; btn_shape=&#8221;square&#8221; use_custom_fonts_h2=&#8221;true&#8221; btn_add_icon=&#8221;true&#8221; custom_background=&#8221;#e3e3e3&#8243; custom_text=&#8221;#151515&#8243; css=&#8221;.vc_custom_1655540078421{border-top-width: 0px !important;border-right-width: 0px !important;border-bottom-width: 0px !important;border-left-width: 0px !important;}&#8221; btn_link=&#8221;url:https%3A%2F%2Funisig.com%2Fde%2Fkontaktieren-sie-uns%2Fanforderung-eines-angebots%2F|title:Anforderung%20eines%20Angebots|&#8221;]Senden Sie uns Ihre Anwendung f\u00fcr Angebot \u00fcber ein Tiefbohr- \/ Fr\u00e4szentrum. [\/vc_cta][\/vc_column][\/vc_row]<\/p>\n<\/div>","protected":false},"excerpt":{"rendered":"<p>[vc_row full_width=&#8221;stretch_row_content_no_spaces&#8221; css=&#8221;.vc_custom_1648138155084{background-position: center !important;background-repeat: no-repeat !important;background-size: cover !important;}&#8221;][vc_column][vc_column_text][\/vc_column_text][\/vc_column][\/vc_row][vc_row gap=&#8221;30&#8243;][vc_column width=&#8221;1\/2&#8243;][vc_column_text] Weniger Setups. Mehr Produktivit\u00e4t. Un\u00fcbertroffene Fr\u00e4s- und Tiefbohrleistung f\u00fcr Formenbauer[\/vc_column_text][vc_btn title=&#8221;Kontaktieren Sie uns&#8221; link=&#8221;url:https%3A%2F%2Funisig.com%2Fde%2Fkontaktieren-sie-uns%2F|title:kontaktieren%20Sie%20uns|&#8221;][\/vc_column][vc_column width=&#8221;1\/2&#8243;][vc_empty_space][vc_column_text] Die UNISIG USC-M-Serie stellt sich den Herausforderungen der Formenbauer Konstanter Druck zur Kostensenkung und k\u00fcrzeren Durchlaufzeiten H\u00e4ufige neue und wechselnde Designs ohne Spielraum f\u00fcr Fehler Komplexe, hochgenaue Werkst\u00fcckgeometrien mit<a href=\"https:\/\/unisig.com\/de\/branchen\/formenbau\" class=\"more-link\">Read More<\/a><\/p>\n","protected":false},"author":3,"featured_media":0,"parent":0,"menu_order":0,"comment_status":"closed","ping_status":"closed","template":"","meta":{"_acf_changed":false,"footnotes":""},"folder":[1199,1180],"class_list":["post-203020","page","type-page","status-publish","hentry"],"acf":[],"_links":{"self":[{"href":"https:\/\/unisig.com\/de\/wp-json\/wp\/v2\/pages\/203020","targetHints":{"allow":["GET"]}}],"collection":[{"href":"https:\/\/unisig.com\/de\/wp-json\/wp\/v2\/pages"}],"about":[{"href":"https:\/\/unisig.com\/de\/wp-json\/wp\/v2\/types\/page"}],"author":[{"embeddable":true,"href":"https:\/\/unisig.com\/de\/wp-json\/wp\/v2\/users\/3"}],"replies":[{"embeddable":true,"href":"https:\/\/unisig.com\/de\/wp-json\/wp\/v2\/comments?post=203020"}],"version-history":[{"count":0,"href":"https:\/\/unisig.com\/de\/wp-json\/wp\/v2\/pages\/203020\/revisions"}],"wp:attachment":[{"href":"https:\/\/unisig.com\/de\/wp-json\/wp\/v2\/media?parent=203020"}],"wp:term":[{"taxonomy":"folder","embeddable":true,"href":"https:\/\/unisig.com\/de\/wp-json\/wp\/v2\/folder?post=203020"}],"curies":[{"name":"wp","href":"https:\/\/api.w.org\/{rel}","templated":true}]}}