{"id":203822,"date":"2022-08-10T06:25:59","date_gmt":"2022-08-10T11:25:59","guid":{"rendered":"https:\/\/stagingxx.unisig.com\/luft-und-raumfahrtindustrie\/"},"modified":"2025-06-23T09:21:04","modified_gmt":"2025-06-23T14:21:04","slug":"luft-und-raumfahrtindustrie-2","status":"publish","type":"page","link":"https:\/\/unisig.com\/de\/branchen\/luft-und-raumfahrt\/","title":{"rendered":"Luft- und Raumfahrt"},"content":{"rendered":"<div class=\"wpb-content-wrapper\"><p>[vc_row][vc_column][vc_column_text]\n\t\t\t<!-- START Aerospace Industry REVOLUTION SLIDER 6.7.25 --><p class=\"rs-p-wp-fix\"><\/p>\n\t\t\t<rs-module-wrap id=\"rev_slider_1_1_wrapper\" data-source=\"gallery\" style=\"visibility:hidden;background:transparent;padding:0;margin:0px auto;margin-top:0;margin-bottom:0;\">\n\t\t\t\t<rs-module id=\"rev_slider_1_1\" style=\"\" data-version=\"6.7.25\">\n\t\t\t\t\t<rs-slides style=\"overflow: hidden; position: absolute;\">\n\t\t\t\t\t\t<rs-slide style=\"position: absolute;\" data-key=\"rs-1\" data-title=\"Slide\" data-duration=\"9000\" data-anim=\"ms:600;\" data-in=\"o:0;\" data-out=\"a:false;\">\n\t\t\t\t\t\t\t<img decoding=\"async\" src=\"\/\/unisig.com\/wp-content\/plugins\/revslider\/sr6\/assets\/assets\/dummy.png\" alt=\"\" title=\"Aerospace Header Poster\" width=\"1920\" height=\"720\" class=\"rev-slidebg tp-rs-img rs-lazyload\" data-lazyload=\"https:\/\/unisig.com\/wp-content\/smush-webp\/2022\/08\/Aerospace-Header-Poster-1.jpg.webp\" data-no-retina>\n\t\t\t\t\t\t\t<rs-bgvideo \n\t\t\t\t\t\t\t\tdata-video=\"vc:none;w:100%;h:100%;nse:false;l:true;ptimer:false;\"\n\t\t\t\t\t\t\t\tdata-vimeoid=\"736650266\"\n\t\t\t\t\t\t\t\tdata-vatr=\"background=1&amp;title=0&amp;byline=0&amp;portrait=0&amp;api=1&amp;dnt=1\"\n\t\t\t\t\t\t\t><\/rs-bgvideo>\n<!---->\t\t\t\t\t<\/rs-slide>\n\t\t\t\t\t\t<rs-slide style=\"position: absolute;\" data-key=\"rs-39\" data-title=\"Slide\" data-in=\"o:0;\" data-out=\"a:false;\">\n\t\t\t\t\t\t\t<img decoding=\"async\" src=\"\/\/unisig.com\/wp-content\/plugins\/revslider\/sr6\/assets\/assets\/dummy.png\" alt=\"Slide\" title=\"Luft- und Raumfahrt\" class=\"rev-slidebg tp-rs-img rs-lazyload\" data-lazyload=\"\/\/unisig.com\/wp-content\/plugins\/revslider\/sr6\/assets\/assets\/transparent.png\" data-no-retina>\n<!---->\t\t\t\t\t<\/rs-slide>\n\t\t\t\t\t<\/rs-slides>\n\t\t\t\t<\/rs-module>\n\t\t\t\t<script>\n\t\t\t\t\tsetREVStartSize({c: 'rev_slider_1_1',rl:[1240,1024,778,480],el:[600],gw:[1240],gh:[600],type:'standard',justify:'',layout:'fullwidth',mh:\"0\"});if (window.RS_MODULES!==undefined && window.RS_MODULES.modules!==undefined && window.RS_MODULES.modules[\"revslider11\"]!==undefined) {window.RS_MODULES.modules[\"revslider11\"].once = false;window.revapi1 = undefined;if (window.RS_MODULES.checkMinimal!==undefined) window.RS_MODULES.checkMinimal()}\n\t\t\t\t<\/script>\n\t\t\t<\/rs-module-wrap>\n\t\t\t<!-- END REVOLUTION SLIDER -->\n[\/vc_column_text][\/vc_column][\/vc_row][vc_row gap=&#8221;30&#8243;][vc_column width=&#8221;1\/2&#8243;][vc_column_text]<\/p>\n<h2>Tiefbohren und Tiefbohrbearbeitung f\u00fcr die Luft- und Raumfahrt<\/h2>\n<p>[\/vc_column_text][vc_column_text]UNISIG bietet Tiefbohrmaschinen zur Herstellung kritischer bearbeiteter Merkmale in der Motorenherstellung, der Kraft\u00fcbertragung, der Flugzeugzelle und dem Fahrwerk. Viele dieser Komponenten bestehen aus exotischen Materialien wie Inconel und Titan. UNISIG baut Maschinen, die f\u00fcr diese Anwendungen entwickelt wurden.<\/p>\n<p>Gro\u00dfe OEMs der Luft- und Raumfahrtindustrie sowie Zulieferer verlassen sich auf UNISIG-Maschinen zum Bohren von Luft- und Raumfahrtkomponenten.[\/vc_column_text][\/vc_column][vc_column width=&#8221;1\/2&#8243;][vc_empty_space][vc_column_text]Tiefbohrmaschinen werden eingesetzt, um fertige Bohrungen mit sehr komplexen Merkmalen herzustellen. Diese Bohrungenanforderungen \u00fcbertreffen das was mit Multitasking-Bearbeitungszentren f\u00fcr Luft- und Raumfahrtkomponenten hergestellt werden kann, auch wenn dort ELB- oder BTA-Tiefbohrwerkzeuge eingesetzt werden. Die gleichen Maschinen k\u00f6nnen auch f\u00fcr die ersten Schruppoperationen mit sehr hohen Metallabtragraten oder zur Etablierung einer Werkst\u00fcckmittellinie mit sehr geraden, sehr tiefen Bohrungen eingesetzt werden, die als Ausgangspunkt f\u00fcr Fr\u00e4s-Dreh- oder Pr\u00e4zisionsdrehvorg\u00e4nge verwendet werden kann.<\/p>\n<p>UNISIG-Maschinen werden f\u00fcr die fortschrittliche Innenbearbeitung mit CNC-Auskammern verwendet, die auf vielen unserer Maschinen verf\u00fcgbar ist, um die F\u00e4higkeiten weit \u00fcber das g\u00e4ngige Ma\u00df hinaus zu erweitern.[\/vc_column_text][\/vc_column][\/vc_row][vc_row][vc_column css=&#8221;.vc_custom_1632590730983{margin-top: 30px !important;margin-bottom: 30px !important;}&#8221;][vc_separator][\/vc_column][\/vc_row][vc_row gap=&#8221;30&#8243; content_placement=&#8221;middle&#8221;][vc_column width=&#8221;1\/2&#8243;][vc_gallery type=&#8221;flexslider_slide&#8221; interval=&#8221;5&#8243; images=&#8221;203658,203661,203667,203672&#8243; img_size=&#8221;large&#8221; css=&#8221;&#8221;][\/vc_column][vc_column width=&#8221;1\/2&#8243;][vc_column_text]<\/p>\n<h4>Werkzeugsysteme f\u00fcr Tiefbohranwendungen in der Luft- und Raumfahrt<\/h4>\n<p><b>Einlippenbohren <\/b>\u2013 interne K\u00fchlmittelzuf\u00fchrung mit externer Sp\u00e4neausleitung.<\/p>\n<p>Vollhartmetall, gel\u00f6tet und mit Wechselschneiden<\/p>\n<p>Durchmesser von 1 \u2013 40 mm<\/p>\n<p><strong>BTA-Tiefbohren<\/strong> \u2013 externe K\u00fchlmittelzuf\u00fchrung mit interner Sp\u00e4neausleitung<\/p>\n<p>Bohren, Aufbohren, Bodenformung, Sch\u00e4len, Glattwalzen, Kernbohren<\/p>\n<p>Durchmesser von 20 \u2013 500 mm[\/vc_column_text][\/vc_column][\/vc_row][vc_row][vc_column css=&#8221;.vc_custom_1632590730983{margin-top: 30px !important;margin-bottom: 30px !important;}&#8221;][vc_separator][\/vc_column][\/vc_row][vc_row gap=&#8221;30&#8243; content_placement=&#8221;middle&#8221; el_class=&#8221;row-reverse&#8221;][vc_column width=&#8221;1\/2&#8243;][vc_column_text]<\/p>\n<h4>Auskammern f\u00fcr Innenkonturierung<\/h4>\n<p>Ingenieure und Produktdesigner von Luft- und Raumfahrtherstellern sind immer auf der Suche nach M\u00f6glichkeiten, Gewicht zu reduzieren und die Leistung zu steigern. Innenkonturen tief im Inneren von Bohrungen sind mit dem Auskammerverfahren m\u00f6glich. Diese Anwendungen k\u00f6nnen eine Herausforderung sein, aber UNISIG hat den Prozess mit den gleichen CNC-Funktionen systematisiert, die beim CNC-Drehen an der Au\u00dfenseite des Teils verf\u00fcgbar sind.[\/vc_column_text][unisig_icon_content icon=&#8221;fas fa-video&#8221;]<a href=\"https:\/\/vimeo.com\/manage\/videos\/234713858?embedded=true&amp;source=vimeo_logo&amp;owner=27441361\" target=\"_blank\" rel=\"noopener noreferrer\">UNISIG Auskammern | Video<\/a>[\/unisig_icon_content][\/vc_column][vc_column width=&#8221;1\/2&#8243;][vc_gallery interval=&#8221;5&#8243; images=&#8221;203677,203680,203700&#8243; img_size=&#8221;large&#8221; css=&#8221;&#8221;][\/vc_column][\/vc_row][vc_row][vc_column css=&#8221;.vc_custom_1632590730983{margin-top: 30px !important;margin-bottom: 30px !important;}&#8221;][vc_separator][\/vc_column][\/vc_row][vc_row gap=&#8221;30&#8243; content_placement=&#8221;middle&#8221;][vc_column width=&#8221;1\/2&#8243;][vc_gallery interval=&#8221;5&#8243; images=&#8221;208922,203697,208152&#8243; img_size=&#8221;large&#8221; css=&#8221;&#8221;][\/vc_column][vc_column width=&#8221;1\/2&#8243;][vc_column_text]<\/p>\n<h4>Wellenkomponenten f\u00fcr die Luft- und Raumfahrt<\/h4>\n<p>UNISIG-Maschinen sind in der Lage, Bohrungen tiefer als 100:1 zu erzeugen. Der Mittenverlauf wird durch den Einsatz von gegenl\u00e4ufiger Rotation von Werkst\u00fcck und Werkzeug, das bei den meisten UNISIG-Wellenbohrmaschinen Standard ist, drastisch reduziert.<\/p>\n<p>Ein starres, vorgespanntes Antriebssystem und hochpr\u00e4zise Spindeln holen das Beste aus den neuesten Einlippen- und BTA-Tiefbohrwerkzeugen heraus. Einfach zu bedienende und flexible Maschinen sind in der Luft- und Raumfahrtfertigung oder bei Erstausr\u00fcstern f\u00fcr die Herstellung von Rotorwellen, Turbinen, Schubsperren, Spannschl\u00f6ssern und vielen anderen Komponenten im Einsatz.<\/p>\n<ul>\n<li><a href=\"https:\/\/unisig.com\/de\/produkt\/une32-2-2\/\">UNE32, UNE40 Einlippenbohrmaschinen<\/a><\/li>\n<li><a href=\"https:\/\/unisig.com\/de\/produkt\/uni-50bta\/\">UNI-50BTA ELB- und BTA-Tiefbohrmaschine<\/a><\/li>\n<li><a href=\"https:\/\/unisig.com\/de\/produkt\/b380\/\">B380 BTA Bohrmaschine<\/a><\/li>\n<\/ul>\n<p>[\/vc_column_text][\/vc_column][\/vc_row][vc_row][vc_column css=&#8221;.vc_custom_1632590730983{margin-top: 30px !important;margin-bottom: 30px !important;}&#8221;][vc_separator][\/vc_column][\/vc_row][vc_row gap=&#8221;30&#8243; content_placement=&#8221;middle&#8221; el_class=&#8221;row-reverse&#8221;][vc_column width=&#8221;1\/2&#8243;][vc_column_text]<\/p>\n<h4>Fahrwerkskomponenten<\/h4>\n<p>Viele Luft- und Raumfahrtkomponenten bestehen aus Schmiedeteilen mit langgestreckten Streben oder \u00d6sen, die fixiert und ausgerichtet werden m\u00fcssen, und die Maschinen m\u00fcssen diese Teile durchdrehen, um den Gegenlauf einzusetzen oder eine optimale Werkzeugausrichtung aufrechtzuerhalten. Maschinen der UNISIG B-Serie werden h\u00e4ufig f\u00fcr diese anspruchsvollen Anwendungen eingesetzt.<\/p>\n<p>UNISIG Tiefbohrmaschinen f\u00fcr Fahrwerke haben sehr leistungsf\u00e4hige Spindelk\u00e4sten mit enormem Spindeldrehmoment, sind aber mit der verf\u00fcgbaren fortschrittlichen CNC- und Bewegungssteuerung hochpr\u00e4zise und in der Lage, die schwierigsten Tiefbohrbearbeitungen auszuf\u00fchren.<\/p>\n<ul>\n<li><a href=\"https:\/\/unisig.com\/de\/alle-maschinen\/b-serie-bis-800mm\/\">B-Serie &lt;800mm Umlauf (Tiefbettversionen bis 1600 mm)<\/a><\/li>\n<li><a href=\"https:\/\/unisig.com\/de\/alle-maschinen\/b-serie-ueber-800\/\">B-Serie &gt;800mm Umlauf (Tiefbettversionen \u00fcber 2400 mm)<\/a><\/li>\n<\/ul>\n<p>[\/vc_column_text][\/vc_column][vc_column width=&#8221;1\/2&#8243;][vc_gallery interval=&#8221;5&#8243; images=&#8221;208754,203716,203757,203740&#8243; img_size=&#8221;large&#8221; css=&#8221;&#8221;][\/vc_column][\/vc_row][vc_row][vc_column css=&#8221;.vc_custom_1632590730983{margin-top: 30px !important;margin-bottom: 30px !important;}&#8221;][vc_separator][\/vc_column][\/vc_row][vc_row gap=&#8221;30&#8243; content_placement=&#8221;middle&#8221;][vc_column width=&#8221;1\/2&#8243;][vc_gallery interval=&#8221;5&#8243; images=&#8221;208760,203732,203744&#8243; img_size=&#8221;large&#8221; css=&#8221;&#8221;][\/vc_column][vc_column width=&#8221;1\/2&#8243;][vc_column_text]<\/p>\n<h4>Sonderanwendungen<\/h4>\n<p>Einlippenbohren ist ein vielseitiges Verfahren, das f\u00fcr spezielle Anwendungen eingesetzt werden kann. Scharniere, Kolben, Zylinderk\u00f6rper und D\u00fcsen k\u00f6nnen mit Standard-UNISIG-Einlippen-Tiefbohrmaschinen hergestellt werden. UNISIG produziert spezialisierte Spann- und Automatisierungsl\u00f6sungen, um die Anforderungen der speziellen Tiefbohrproduktion in der Luft- und Raumfahrt zu erf\u00fcllen.<\/p>\n<ul>\n<li><a href=\"https:\/\/unisig.com\/de\/produkt\/une6\/\">UNE6-Serie<\/a><br \/>\nELB-Tiefbohrmaschinen f\u00fcr Bohrungen kleiner 1 bis 6 mm (0,04 Zoll bis 0,25 Zoll) Durchmesser<\/li>\n<li><a href=\"https:\/\/unisig.com\/de\/alle-maschinen\/une-elb-tiefbohrmaschinen\/\">UNE-Serie<\/a><br \/>\nEin- und Zweispindelmaschinen f\u00fcr Bohrdurchmesser von 3 bis 40 mm (0,12 bis 1,50 Zoll)<\/li>\n<li><a href=\"https:\/\/unisig.com\/de\/alle-maschinen\/usk-kreuztischmaschinen\/\">USK-Serie<\/a><br \/>\nCNC-Einlippen-Tiefbohrmaschinen f\u00fcr au\u00dfermittiges Bohren<\/li>\n<\/ul>\n<p>[\/vc_column_text][\/vc_column][\/vc_row][vc_row][vc_column css=&#8221;.vc_custom_1632590730983{margin-top: 30px !important;margin-bottom: 30px !important;}&#8221;][vc_separator][\/vc_column][\/vc_row][vc_row gap=&#8221;30&#8243; content_placement=&#8221;middle&#8221; el_class=&#8221;row-reverse&#8221;][vc_column width=&#8221;1\/2&#8243;][vc_column_text]<\/p>\n<h4>Anwendungsunterst\u00fctzung<\/h4>\n<p>UNISIG hat mit Kunden auf der ganzen Welt zusammengearbeitet, um das Einlippen- und BTA-Tiefbohren und die Tiefbohrbearbeitung in ihre Kernkompetenzen zu integrieren. Wir bieten Maschinen, die Anwendern einen Vorteil verschaffen und unterst\u00fctzen Sie mit Engineering-Services und Anwendungsunterst\u00fctzung f\u00fcr die Produktion einzigartiger Komponenten.[\/vc_column_text][\/vc_column][vc_column width=&#8221;1\/2&#8243;][vc_single_image image=&#8221;203749&#8243; img_size=&#8221;large&#8221;][\/vc_column][\/vc_row][vc_row][vc_column css=&#8221;.vc_custom_1632590730983{margin-top: 30px !important;margin-bottom: 30px !important;}&#8221;][vc_separator][\/vc_column][\/vc_row][vc_row][vc_column width=&#8221;1\/2&#8243;][vc_column_text]<\/p>\n<h5>Zus\u00e4tzliche Ressourcen f\u00fcr die Luft- und Raumfahrt<\/h5>\n<p>[\/vc_column_text][unisig_icon_content icon=&#8221;fas fa-video&#8221;]<a href=\"https:\/\/vimeo.com\/234713858\/941c5184d4\" target=\"_blank\" rel=\"noopener noreferrer\">UNISIG Auskammern | Video<\/a>[\/unisig_icon_content][unisig_icon_content icon=&#8221;fas fa-cogs&#8221;]<a href=\"https:\/\/unisig.com\/de\/news-and-events\/fallstudien\/flugzeugfahrgestelle\/\" target=\"_blank\" rel=\"noopener noreferrer\">Herausforderungen beim Bohren von Flugzeugfahrwerken | Fallstudie<\/a>[\/unisig_icon_content][\/vc_column][vc_column width=&#8221;1\/2&#8243;][vc_empty_space height=&#8221;14px&#8221;][vc_cta h2=&#8221;Senden Sie Ihre Anfrage&#8221; h2_font_container=&#8221;color:%23005288&#8243; h2_google_fonts=&#8221;font_family:Open%20Sans%3A300%2C300italic%2Cregular%2Citalic%2C600%2C600italic%2C700%2C700italic%2C800%2C800italic|font_style:400%20regular%3A400%3Anormal&#8221; shape=&#8221;square&#8221; style=&#8221;custom&#8221; add_button=&#8221;bottom&#8221; btn_title=&#8221;Anfrage stellen&#8221; btn_shape=&#8221;square&#8221; css=&#8221;.vc_custom_1660136398293{border-top-width: 0px !important;border-right-width: 0px !important;border-bottom-width: 0px !important;border-left-width: 0px !important;}&#8221; use_custom_fonts_h2=&#8221;true&#8221; btn_add_icon=&#8221;true&#8221; custom_text=&#8221;#151515&#8243; custom_background=&#8221;#e3e3e3&#8243; btn_link=&#8221;url:https%3A%2F%2Funisig.com%2Fde%2Fkontaktieren-sie-uns%2Fanforderung-eines-angebots%2F|title:Anforderung%20eines%20Angebots||&#8221;]Senden Sie uns Ihre Anfrage zu Maschinen f\u00fcr die Luft- und Raumfahrt.[\/vc_cta][\/vc_column][\/vc_row]<\/p>\n<\/div>","protected":false},"excerpt":{"rendered":"<p>[vc_row][vc_column][vc_column_text][\/vc_column_text][\/vc_column][\/vc_row][vc_row gap=&#8221;30&#8243;][vc_column width=&#8221;1\/2&#8243;][vc_column_text] Tiefbohren und Tiefbohrbearbeitung f\u00fcr die Luft- und Raumfahrt [\/vc_column_text][vc_column_text]UNISIG bietet Tiefbohrmaschinen zur Herstellung kritischer bearbeiteter Merkmale in der Motorenherstellung, der Kraft\u00fcbertragung, der Flugzeugzelle und dem Fahrwerk. Viele dieser Komponenten bestehen aus exotischen Materialien wie Inconel und Titan. UNISIG baut Maschinen, die f\u00fcr diese Anwendungen entwickelt wurden. Gro\u00dfe OEMs der Luft- und Raumfahrtindustrie<a href=\"https:\/\/unisig.com\/de\/branchen\/luft-und-raumfahrt\/\" class=\"more-link\">Read More<\/a><\/p>\n","protected":false},"author":3,"featured_media":0,"parent":0,"menu_order":0,"comment_status":"closed","ping_status":"closed","template":"","meta":{"_acf_changed":false,"footnotes":""},"folder":[1199,1180],"class_list":["post-203822","page","type-page","status-publish","hentry"],"acf":[],"_links":{"self":[{"href":"https:\/\/unisig.com\/de\/wp-json\/wp\/v2\/pages\/203822","targetHints":{"allow":["GET"]}}],"collection":[{"href":"https:\/\/unisig.com\/de\/wp-json\/wp\/v2\/pages"}],"about":[{"href":"https:\/\/unisig.com\/de\/wp-json\/wp\/v2\/types\/page"}],"author":[{"embeddable":true,"href":"https:\/\/unisig.com\/de\/wp-json\/wp\/v2\/users\/3"}],"replies":[{"embeddable":true,"href":"https:\/\/unisig.com\/de\/wp-json\/wp\/v2\/comments?post=203822"}],"version-history":[{"count":0,"href":"https:\/\/unisig.com\/de\/wp-json\/wp\/v2\/pages\/203822\/revisions"}],"wp:attachment":[{"href":"https:\/\/unisig.com\/de\/wp-json\/wp\/v2\/media?parent=203822"}],"wp:term":[{"taxonomy":"folder","embeddable":true,"href":"https:\/\/unisig.com\/de\/wp-json\/wp\/v2\/folder?post=203822"}],"curies":[{"name":"wp","href":"https:\/\/api.w.org\/{rel}","templated":true}]}}