{"id":204197,"date":"2022-08-29T08:26:03","date_gmt":"2022-08-29T13:26:03","guid":{"rendered":"https:\/\/stagingxx.unisig.com\/oel-und-gas-update\/"},"modified":"2025-06-20T11:15:37","modified_gmt":"2025-06-20T16:15:37","slug":"oel-und-gas","status":"publish","type":"page","link":"https:\/\/unisig.com\/de\/branchen\/oel-und-gas","title":{"rendered":"\u00d6l- und Gasexploration"},"content":{"rendered":"<div class=\"wpb-content-wrapper\"><p>[vc_row][vc_column][vc_column_text]\n\t\t\t<!-- START Oil and Gas Industry REVOLUTION SLIDER 6.7.25 --><p class=\"rs-p-wp-fix\"><\/p>\n\t\t\t<rs-module-wrap id=\"rev_slider_18_1_wrapper\" data-source=\"gallery\" style=\"visibility:hidden;background:transparent;padding:0;margin:0px auto;margin-top:0;margin-bottom:0;\">\n\t\t\t\t<rs-module id=\"rev_slider_18_1\" style=\"\" data-version=\"6.7.25\">\n\t\t\t\t\t<rs-slides style=\"overflow: hidden; position: absolute;\">\n\t\t\t\t\t\t<rs-slide style=\"position: absolute;\" data-key=\"rs-23\" data-title=\"Slide\" data-duration=\"9000\" data-anim=\"ms:600;r:0;\" data-in=\"o:0;\" data-out=\"a:false;\">\n\t\t\t\t\t\t\t<img decoding=\"async\" src=\"\/\/unisig.com\/wp-content\/plugins\/revslider\/sr6\/assets\/assets\/dummy.png\" alt=\"\" title=\"oil and gas industry header_still\" width=\"1920\" height=\"720\" class=\"rev-slidebg tp-rs-img rs-lazyload\" data-lazyload=\"https:\/\/unisig.com\/wp-content\/smush-webp\/2022\/08\/oil-and-gas-industry-header_still.jpg.webp\" data-no-retina>\n\t\t\t\t\t\t\t<rs-bgvideo \n\t\t\t\t\t\t\t\tdata-video=\"vc:none;w:100%;h:100%;nse:false;l:true;ptimer:false;\"\n\t\t\t\t\t\t\t\tdata-vimeoid=\"743886692\"\n\t\t\t\t\t\t\t\tdata-vatr=\"background=1&amp;title=0&amp;byline=0&amp;portrait=0&amp;api=1\"\n\t\t\t\t\t\t\t><\/rs-bgvideo>\n<!---->\t\t\t\t\t<\/rs-slide>\n\t\t\t\t\t<\/rs-slides>\n\t\t\t\t<\/rs-module>\n\t\t\t\t<script>\n\t\t\t\t\tsetREVStartSize({c: 'rev_slider_18_1',rl:[1240,1024,778,480],el:[600],gw:[1240],gh:[600],type:'standard',justify:'',layout:'fullwidth',mh:\"0\"});if (window.RS_MODULES!==undefined && window.RS_MODULES.modules!==undefined && window.RS_MODULES.modules[\"revslider181\"]!==undefined) {window.RS_MODULES.modules[\"revslider181\"].once = false;window.revapi18 = undefined;if (window.RS_MODULES.checkMinimal!==undefined) window.RS_MODULES.checkMinimal()}\n\t\t\t\t<\/script>\n\t\t\t<\/rs-module-wrap>\n\t\t\t<!-- END REVOLUTION SLIDER -->\n[\/vc_column_text][\/vc_column][\/vc_row][vc_row gap=&#8221;30&#8243;][vc_column width=&#8221;1\/2&#8243;][vc_column_text]<\/p>\n<h2>ELB und BTA-Tiefbohren in Pr\u00e4zisionskomponenten f\u00fcr \u00d6l und Gas<\/h2>\n<p>[\/vc_column_text][vc_column_text]Die \u00d6l- und Gasindustrie ist Teil der UNISIG Aktivit\u00e4ten, seit wir 1981 mit dem Bau von Tiefbohrmaschinen begonnen haben. Wir haben uns unseren Ruf f\u00fcr Leistung auch beim Bohren der h\u00e4rtesten und z\u00e4hesten Materialien erarbeitet, indem wir unseren Kunden zugeh\u00f6rt haben.<\/p>\n<p>UNISIG liefert ELB-, BTA-Vollbohr- und Kernbohrmaschinen weltweit an die gro\u00dfen \u00d6lfeld-Erstausr\u00fcster und ihre Zulieferer.[\/vc_column_text][\/vc_column][vc_column width=&#8221;1\/2&#8243;][vc_empty_space][vc_column_text]Die Materialien, die in der \u00d6l- und Gasexploration eingesetzt werden, sind eine Liste des Schreckens, es sei denn, man verf\u00fcgt \u00fcber die richtige Ausr\u00fcstung. Z\u00e4her, vorgeh\u00e4rteter legierter Stahl, &#8220;Superlegierungen&#8221; mit hohem Nickelgehalt und propriet\u00e4re Materialien, die nicht wie alles andere maschinell bearbeitet werden k\u00f6nnen, geh\u00f6ren f\u00fcr unsere Kunden zum t\u00e4glichen Leben.<\/p>\n<p>UNISIG-Maschinen haben die rohe Kraft, die h\u00e4rtesten Materialien f\u00fcr die \u00d6l- und Gasexploration zu bearbeiten, verf\u00fcgen aber auch \u00fcber die Technik und Bewegungssteuerungssysteme, um diesen Prozess zu kontrollieren und sehr enge Toleranzen in diesen Materialien zu erreichen.[\/vc_column_text][\/vc_column][\/vc_row][vc_row][vc_column css=&#8221;.vc_custom_1632590730983{margin-top: 30px !important;margin-bottom: 30px !important;}&#8221;][vc_separator][\/vc_column][\/vc_row][vc_row gap=&#8221;30&#8243; content_placement=&#8221;middle&#8221;][vc_column width=&#8221;1\/2&#8243;][vc_single_image image=&#8221;204144&#8243; img_size=&#8221;large&#8221;][\/vc_column][vc_column width=&#8221;1\/2&#8243;][vc_column_text]<\/p>\n<h4>Werkst\u00fccke f\u00fcr \u00d6l und Gas<\/h4>\n<p>Es gibt eine enorme Vielfalt an Pr\u00e4zisionskomponenten, die zur Unterst\u00fctzung der \u00d6l- und Gasexploration ben\u00f6tigt werden. Schwerstangen, Liner-H\u00e4nger, hochbelastbare Verbindungsteile, Ausblasverhinderer, Pumpenverbindungen, Fertigstellungssysteme, Messsysteme w\u00e4hrend des Bohrens, Fl\u00fcssigkeitsventile, Pumpengest\u00e4nge, F\u00f6rdersystemantriebe, Bohrrohre und Neuentwicklungen, die im Zuge der Innovation der Branche hinzukommen.<\/p>\n<p>Viele dieser Komponenten ben\u00f6tigen tiefe Bohrungen, die auf Bearbeitungszentren nicht hergestellt werden k\u00f6nnen. UNISIG verf\u00fcgt \u00fcber Maschinenmodelle, die Bohrungen mit einem Tiefen-Durchmesser-zu-Verh\u00e4ltnis von 10:1 bis \u00fcber 400:1 bohren. Unsere gr\u00f6\u00dften Maschinen erzeugen Bohrungen \u00fcber 12 Meter (40 Fu\u00df) tief.<\/p>\n<p>Zentrisches und exzentrisches Bohren sind h\u00e4ufige Anwendungen f\u00fcr ELB- und BTA-Tiefbohrungen. Die Maschinen unseres Standardprogramms sind auf die Bed\u00fcrfnisse unserer \u00d6lfeldkunden ausgerichtet.[\/vc_column_text][\/vc_column][\/vc_row][vc_row][vc_column css=&#8221;.vc_custom_1632590730983{margin-top: 30px !important;margin-bottom: 30px !important;}&#8221;][vc_separator][\/vc_column][\/vc_row][vc_row gap=&#8221;30&#8243; content_placement=&#8221;middle&#8221; el_class=&#8221;row-reverse&#8221;][vc_column width=&#8221;1\/2&#8243;][vc_column_text]<\/p>\n<h4>Tiefbohren f\u00fcr \u00d6l- und Gaskomponenten<\/h4>\n<h4>Die richtigen Werkzeuge f\u00fcr Ihren Erfolg<\/h4>\n<p>Einlippenbohrwerkzeuge werden f\u00fcr kleine Bohrdurchmesser von 1,5 mm &#8211; 50 mm (0,06 bis etwa 2 Zoll) verwendet. Das K\u00fchlmittel wird durch das Werkzeug eingef\u00fchrt, und Sp\u00e4ne werden entlang einer geraden Kerbe ausgeleitet.<\/p>\n<p>Die BTA-Systemwerkzeuge (<strong>B<\/strong>oring and <strong>T<\/strong>repanning <strong>A<\/strong>sozination) kehren den Prozess um, das K\u00fchlmittel wird an der Au\u00dfenseite der Werkzeuge zugef\u00fchrt und die Sp\u00e4ne werden durch das Bohrrohr abgeleitet. Diese Werkzeuge funktionieren in Anwendungen unter 25 mm bis \u00fcber 500 mm (1 Zoll bis \u00fcber 20 Zoll) Durchmesser.<\/p>\n<p>Das Bohren in Vollmaterial ist die h\u00e4ufigste Anwendung. Aufbohren und Ziehaufbohren k\u00f6nnen eingesetzt werden, um die Bohrungen zu verbessern. Bodenformung und die Innenbearbeitung mit Auskammerwerkzeugen eignen sich f\u00fcr die Tiefbohrbearbeitung und die Fertigbearbeitung von Werkst\u00fccken.<\/p>\n<p>Kernblohren bel\u00e4sst einen Kern in der Mitte der Bohrung. Es wurde urspr\u00fcnglich f\u00fcr Maschinen mit geringerer Leistung entwickelt, aber fortschrittliche Wendeschneidwerkzeuge erfordern Vorsch\u00fcbe, die tats\u00e4chlich mehr Leistung und als Vollbohren erfordern.<\/p>\n<p>UNISIG-Maschinen sind so konzipiert, dass sie das Beste aus den Werkzeugen herausholen, und unser Anwendungssupport hilft unseren Kunden, ihre Produktion zu optimieren.[\/vc_column_text][\/vc_column][vc_column width=&#8221;1\/2&#8243;][vc_gallery type=&#8221;flexslider_slide&#8221; interval=&#8221;10&#8243; images=&#8221;204095,204103&#8243; img_size=&#8221;large&#8221; onclick=&#8221;&#8221;][\/vc_column][\/vc_row][vc_row][vc_column css=&#8221;.vc_custom_1632590730983{margin-top: 30px !important;margin-bottom: 30px !important;}&#8221;][vc_separator][\/vc_column][\/vc_row][vc_row gap=&#8221;30&#8243; content_placement=&#8221;middle&#8221;][vc_column width=&#8221;1\/2&#8243;][vc_gallery type=&#8221;flexslider_slide&#8221; interval=&#8221;3&#8243; images=&#8221;208895,204168,204165,208892,204162,204121&#8243; img_size=&#8221;large&#8221; onclick=&#8221;&#8221; css=&#8221;&#8221;][\/vc_column][vc_column width=&#8221;1\/2&#8243;][vc_column_text]<\/p>\n<h4>UNISIG B-Serie<\/h4>\n<h4>Zentrische Tiefbohrmaschinen f\u00fcr \u00d6l und Gas<\/h4>\n<p>Die Maschinen der UNISIG B-Serie sind beliebte Modelle zum Einbringen von Bohrungen in der Mittellinie von zylindrischen Werkst\u00fccken. Spezielle Vorrichtungen erm\u00f6glichen auch au\u00dfermittige Bohrungen im Gegenlaufverfahren. Modelle sind mit Werkst\u00fcck-Tiefbett erh\u00e4ltlich, um Komponenten mit gro\u00dfen Flanschen oder asymmetrischen Merkmalen zu handhaben.<\/p>\n<p>Diese Maschinen haben ein breites Anwendungsspektrum, vom einfachen Vollbohren bis hin zur komplexen Innenprofilierung und Sch\u00e4len und Glattwalzen. UNISIG bietet auch Standard-Werkzeugzubeh\u00f6rpakete an, um Kompatibilit\u00e4t und sofortige Produktivit\u00e4t nach der Installation zu gew\u00e4hrleisten.<\/p>\n<p><a href=\"https:\/\/unisig.com\/de\/alle-maschinen\/b-serie-bis-800mm\/\">UNISIG B380, B500, B600, B700<\/a><\/p>\n<p><a href=\"https:\/\/unisig.com\/de\/alle-maschinen\/b-serie-ueber-800\/\">UNISIG B850-B2000<\/a>[\/vc_column_text][\/vc_column][\/vc_row][vc_row][vc_column css=&#8221;.vc_custom_1632590730983{margin-top: 30px !important;margin-bottom: 30px !important;}&#8221;][vc_separator][\/vc_column][\/vc_row][vc_row gap=&#8221;30&#8243; content_placement=&#8221;middle&#8221; el_class=&#8221;row-reverse&#8221;][vc_column width=&#8221;1\/2&#8243;][vc_column_text]<\/p>\n<h4>UNISIG USK<\/h4>\n<h4>CNC-Einlippenbohrmaschinen f\u00fcr \u00d6l und Gas<\/h4>\n<p>USK-Maschinen verf\u00fcgen \u00fcber einen programmierbaren Maschinentisch zur Positionierung des Werkst\u00fccks in X- und Y-Achse. Eine CNC-Steuerung und ein Hochdruck-K\u00fchlmittelsystem machen das Bohren von sehr tiefen Bohrungen an programmierbaren Positionen f\u00fcr Lohnfertiger und gro\u00dfe Originalhersteller sehr einfach.<\/p>\n<p>Die USK-Serie hat sich beim Bohren von Materialien mit hohem Nickelgehalt und propriet\u00e4ren Legierungen als \u00e4u\u00dferst pr\u00e4zise erwiesen. Die Modelle sind f\u00fcr Bohrungen mit einer Tiefe von bis zu 1.500 mm (60 Zoll) erh\u00e4ltlich.<\/p>\n<p><a href=\"https:\/\/unisig.com\/de\/alle-maschinen\/usk-kreuztischmaschinen\/\">Einlippenbohrmaschinen der UNISIG USK-Serie<\/a>[\/vc_column_text][\/vc_column][vc_column width=&#8221;1\/2&#8243;][vc_single_image image=&#8221;204112&#8243; img_size=&#8221;large&#8221;][\/vc_column][\/vc_row][vc_row][vc_column css=&#8221;.vc_custom_1632590730983{margin-top: 30px !important;margin-bottom: 30px !important;}&#8221;][vc_separator][\/vc_column][\/vc_row][vc_row gap=&#8221;30&#8243; content_placement=&#8221;middle&#8221;][vc_column width=&#8221;1\/2&#8243;][vc_gallery type=&#8221;flexslider_slide&#8221; interval=&#8221;3&#8243; images=&#8221;204124,208886&#8243; img_size=&#8221;large&#8221; onclick=&#8221;&#8221; css=&#8221;&#8221;][\/vc_column][vc_column width=&#8221;1\/2&#8243;][vc_column_text]<\/p>\n<h4>UNISIG UNX<\/h4>\n<h4>Extrem-Tiefbohren f\u00fcr \u00d6l und Gas<\/h4>\n<p>Unsere UNX-Maschinen bohren die extremsten Tiefen-zu-Durchmesser-Verh\u00e4ltnisse der Welt. Wenn Sie beispielsweise einige 8 mm x 3 m tiefe Bohrungen (0,31&#8243; x 10 ft)\u00a0 in einem 10 m (32 ft) langen Inconel-Teil ben\u00f6tigen, so erfordert das eine Maschine, die eine Bohrung im Tiefen-Verh\u00e4ltnis 400: 1 bohren kann.<\/p>\n<p>Unsere Standardmaschinen wurden um solche Anwendungen herum entwickelt. Bestimmte Modelle sind mit BTA- und ELB-Werkzeugen erh\u00e4ltlich, um das Anwendungsspektrum weiter zu vergr\u00f6\u00dfern.<\/p>\n<p><a href=\"https:\/\/unisig.com\/de\/alle-maschinen\/unx-serie\/\">UNISIG UNX<\/a>[\/vc_column_text][\/vc_column][\/vc_row][vc_row][vc_column css=&#8221;.vc_custom_1632590730983{margin-top: 30px !important;margin-bottom: 30px !important;}&#8221;][vc_separator][\/vc_column][\/vc_row][vc_row gap=&#8221;30&#8243; content_placement=&#8221;middle&#8221; el_class=&#8221;row-reverse&#8221;][vc_column width=&#8221;1\/2&#8243;][vc_column_text]<\/p>\n<h4>UNISIG USC, USC-M<\/h4>\n<h4>Bohren und Bearbeiten f\u00fcr \u00d6l und Gas<\/h4>\n<p>Das Bohren gro\u00dfer Volumen in Fracking-Pumpenk\u00f6rper ist mit leistungsstarken UNISIG USC-Bohrmaschinen m\u00fchelos m\u00f6glich. Diese Maschinen teilen sich Spindel- und K\u00fchlmittelsystemkonstruktion mit unseren Maschinen der B-Serie, die Metall zerspanen, wie es kein Bearbeitungszentrum kann.<\/p>\n<p>Sehr komplexe Bohrungen unter Mehrfachwinkeln, die eine fortschrittliche Planung und Simulation sowie CNC-Bearbeitung erfordern, sind allt\u00e4gliche Aufgaben f\u00fcr die Maschinen der UNISIG USC-M-Serie. Vollverkleidung, automatische Werkzeugwechsler, Werkzeug- und Werkst\u00fccktaster sowie 5-Achs-Positionierung definieren neu, was f\u00fcr schwierigste Teile m\u00f6glich ist.<\/p>\n<p><a href=\"https:\/\/unisig.com\/de\/alle-maschinen\/usc-maschinen-fuer-grossteile\/\">Maschinen der UNISIG USC-Serie<\/a><\/p>\n<p><a href=\"https:\/\/unisig.com\/de\/alle-maschinen\/tiefbohr-und-fraeszentren\/\">Maschinen der UNISIG USC-M-Serie<\/a>[\/vc_column_text][\/vc_column][vc_column width=&#8221;1\/2&#8243;][vc_gallery type=&#8221;flexslider_slide&#8221; interval=&#8221;3&#8243; images=&#8221;204137,204134&#8243; img_size=&#8221;large&#8221; onclick=&#8221;&#8221;][\/vc_column][\/vc_row][vc_row][vc_column css=&#8221;.vc_custom_1632590730983{margin-top: 30px !important;margin-bottom: 30px !important;}&#8221;][vc_separator][\/vc_column][\/vc_row][vc_row content_placement=&#8221;middle&#8221;][vc_column width=&#8221;1\/2&#8243; css=&#8221;.vc_custom_1632590730983{margin-top: 30px !important;margin-bottom: 30px !important;}&#8221;][vc_single_image image=&#8221;204130&#8243; img_size=&#8221;large&#8221;][\/vc_column][vc_column width=&#8221;1\/2&#8243;][vc_column_text]<\/p>\n<h4>UNISIG S-Serie<\/h4>\n<h4>Sch\u00e4len und Glattwalzen f\u00fcr \u00d6l und Gas<\/h4>\n<p>Die Produktivit\u00e4tspotentiale bei der Herstellung von Pumpengest\u00e4nge und F\u00f6rdersystemantrieben haben sich ge\u00e4ndert. Die Maschinen der UNISIG S-Serie haben sich bei Komponenten bew\u00e4hrt, die l\u00e4nger als 13 Meter (42 ft) sind, mit erstaunlichen Produktivit\u00e4tssteigerungen gegen\u00fcber dem Honen in diesen Anwendungen.<\/p>\n<p>UNISIG bietet Maschinen, Werkzeugzubeh\u00f6r und Anwendungsunterst\u00fctzung, um Ihre Fertigung mit der neuesten Technologie in der Tiefbohrungsproduktion zu modernisieren.<\/p>\n<p><a href=\"https:\/\/unisig.com\/de\/alle-maschinen\/schaelen-und-glattwalzen\/\">Maschinen der UNISIG S-Serie<\/a>[\/vc_column_text][\/vc_column][\/vc_row][vc_row][vc_column width=&#8221;1\/2&#8243; css=&#8221;.vc_custom_1632590730983{margin-top: 30px !important;margin-bottom: 30px !important;}&#8221;][vc_column_text]<\/p>\n<h5>Zus\u00e4tzliche Ressourcen<\/h5>\n<p>[\/vc_column_text][unisig_icon_content icon=&#8221;fas fa-video&#8221;]<a href=\"https:\/\/vimeo.com\/379303002\/930055f088\" target=\"_blank\" rel=\"noopener noreferrer\">UNISIG S500-13M Sch\u00e4len und Glattwalzen | Video<\/a>[\/unisig_icon_content][unisig_icon_content icon=&#8221;fas fa-video&#8221;]<a href=\"https:\/\/vimeo.com\/247504914\/5763e1b539\" target=\"_blank\" rel=\"noopener noreferrer\">UNISIG USK CNC Einlippen-Tiefbohrmaschine | Video<\/a>[\/unisig_icon_content][unisig_icon_content icon=&#8221;fas fa-video&#8221;]<a href=\"https:\/\/vimeo.com\/234713858\/941c5184d4\" target=\"_blank\" rel=\"noopener noreferrer\">UNISIG B600 CNC Auskammer-Maschine | Video<\/a>[\/unisig_icon_content][\/vc_column][vc_column width=&#8221;1\/2&#8243;][vc_empty_space height=&#8221;14px&#8221;][vc_cta h2=&#8221;Senden Sie Ihre Bewerbung&#8221; h2_font_container=&#8221;color:%23005288&#8243; h2_google_fonts=&#8221;font_family:Open%20Sans%3A300%2C300italic%2Cregular%2Citalic%2C600%2C600italic%2C700%2C700italic%2C800%2C800italic|font_style:400%20regular%3A400%3Anormal&#8221; shape=&#8221;square&#8221; style=&#8221;custom&#8221; add_button=&#8221;bottom&#8221; btn_title=&#8221;Anfrage stellen&#8221; btn_shape=&#8221;square&#8221; css=&#8221;.vc_custom_1661862893898{border-top-width: 0px !important;border-right-width: 0px !important;border-bottom-width: 0px !important;border-left-width: 0px !important;}&#8221; use_custom_fonts_h2=&#8221;true&#8221; btn_add_icon=&#8221;true&#8221; custom_background=&#8221;#e3e3e3&#8243; custom_text=&#8221;#151515&#8243; btn_link=&#8221;url:https%3A%2F%2Funisig.com%2Fde%2Fkontaktieren-sie-uns%2Fanforderung-eines-angebots%2F|title:Anforderungsdienst|&#8221;]Senden Sie uns Ihre Anfrage zu Maschinen f\u00fcr \u00d6l und Gas ein.[\/vc_cta][\/vc_column][\/vc_row]<\/p>\n<\/div>","protected":false},"excerpt":{"rendered":"<p>[vc_row][vc_column][vc_column_text][\/vc_column_text][\/vc_column][\/vc_row][vc_row gap=&#8221;30&#8243;][vc_column width=&#8221;1\/2&#8243;][vc_column_text] ELB und BTA-Tiefbohren in Pr\u00e4zisionskomponenten f\u00fcr \u00d6l und Gas [\/vc_column_text][vc_column_text]Die \u00d6l- und Gasindustrie ist Teil der UNISIG Aktivit\u00e4ten, seit wir 1981 mit dem Bau von Tiefbohrmaschinen begonnen haben. Wir haben uns unseren Ruf f\u00fcr Leistung auch beim Bohren der h\u00e4rtesten und z\u00e4hesten Materialien erarbeitet, indem wir unseren Kunden zugeh\u00f6rt haben. UNISIG liefert<a href=\"https:\/\/unisig.com\/de\/branchen\/oel-und-gas\" class=\"more-link\">Read More<\/a><\/p>\n","protected":false},"author":3,"featured_media":0,"parent":0,"menu_order":0,"comment_status":"closed","ping_status":"closed","template":"","meta":{"_acf_changed":false,"footnotes":""},"folder":[1199,1180],"class_list":["post-204197","page","type-page","status-publish","hentry"],"acf":[],"_links":{"self":[{"href":"https:\/\/unisig.com\/de\/wp-json\/wp\/v2\/pages\/204197","targetHints":{"allow":["GET"]}}],"collection":[{"href":"https:\/\/unisig.com\/de\/wp-json\/wp\/v2\/pages"}],"about":[{"href":"https:\/\/unisig.com\/de\/wp-json\/wp\/v2\/types\/page"}],"author":[{"embeddable":true,"href":"https:\/\/unisig.com\/de\/wp-json\/wp\/v2\/users\/3"}],"replies":[{"embeddable":true,"href":"https:\/\/unisig.com\/de\/wp-json\/wp\/v2\/comments?post=204197"}],"version-history":[{"count":0,"href":"https:\/\/unisig.com\/de\/wp-json\/wp\/v2\/pages\/204197\/revisions"}],"wp:attachment":[{"href":"https:\/\/unisig.com\/de\/wp-json\/wp\/v2\/media?parent=204197"}],"wp:term":[{"taxonomy":"folder","embeddable":true,"href":"https:\/\/unisig.com\/de\/wp-json\/wp\/v2\/folder?post=204197"}],"curies":[{"name":"wp","href":"https:\/\/api.w.org\/{rel}","templated":true}]}}