{"id":204457,"date":"2022-11-30T01:51:31","date_gmt":"2022-11-30T07:51:31","guid":{"rendered":"https:\/\/stagingxx.unisig.com\/alle-maschinen\/r-cell-barrel-produktion\/"},"modified":"2025-01-14T13:24:58","modified_gmt":"2025-01-14T19:24:58","slug":"r-zellen-lauffertigung","status":"publish","type":"page","link":"https:\/\/unisig.com\/de\/all-maschinen\/r-zellen-lauffertigung\/","title":{"rendered":"R-Zellen f\u00fcr die Lauffertigung"},"content":{"rendered":"<div class=\"wpb-content-wrapper\"><p>[vc_row][vc_column]<div class=\"avt_masterslider_el \" >\n\t\t<!-- MasterSlider -->\n\t\t<div id=\"P_MS69de1cb864aad\" class=\"master-slider-parent ms-parent-id-47\" style=\"max-width:1000px;\" >\n\n\t\t\t\n\t\t\t<!-- MasterSlider Main -->\n\t\t\t<div id=\"MS69de1cb864aad\" class=\"master-slider ms-skin-black-2 round-skin\" >\n\t\t\t\t \t\t\t\t \n\n\t\t\t<div  class=\"ms-slide\" data-delay=\"3\" data-fill-mode=\"fill\"   >\n\t\t\t\t\t<img decoding=\"async\" src=\"https:\/\/unisig.com\/wp-content\/plugins\/masterslider\/public\/assets\/css\/blank.gif\" alt=\"Fully Automated Barrel Cell\" title=\"default\" data-src=\"https:\/\/unisig.com\/wp-content\/uploads\/2023\/08\/R-4-2-2-Fully-Automated-Barrel-Cell-1000x600.jpg\" \/>\n\n\n\t\t\t\t<\/div>\n\t\t\t<div  class=\"ms-slide\" data-delay=\"3\" data-fill-mode=\"fill\"   >\n\t\t\t\t\t<img decoding=\"async\" src=\"https:\/\/unisig.com\/wp-content\/plugins\/masterslider\/public\/assets\/css\/blank.gif\" alt=\"R-2-2-1 Fully Automated Cell Controller\" title=\"R-2-2-1 Fully Automated Cell Controller\" data-src=\"https:\/\/unisig.com\/wp-content\/uploads\/2023\/08\/R-2-2-1-Fully-Automated-Cell-Controller-1000x600.jpg\" \/>\n\n\n\t\t\t\t<\/div>\n\t\t\t<div  class=\"ms-slide\" data-delay=\"3\" data-fill-mode=\"fill\"   >\n\t\t\t\t\t<img decoding=\"async\" src=\"https:\/\/unisig.com\/wp-content\/plugins\/masterslider\/public\/assets\/css\/blank.gif\" alt=\"\" title=\"r-2a-rifling-machine-UNISIG\" data-src=\"https:\/\/unisig.com\/wp-content\/uploads\/2022\/01\/Semi-Auto-barrel-production-cell-1000x600.jpg\" \/>\n\n\n\t\t\t\t<\/div>\n\t\t\t<div  class=\"ms-slide\" data-delay=\"3\" data-fill-mode=\"fill\"   >\n\t\t\t\t\t<img decoding=\"async\" src=\"https:\/\/unisig.com\/wp-content\/plugins\/masterslider\/public\/assets\/css\/blank.gif\" alt=\"Fully Automated Barrel Cell ground level view\" title=\"Fully Automated Barrel Cell - Right corner\" data-src=\"https:\/\/unisig.com\/wp-content\/uploads\/2023\/08\/Fully-Automated-Barrel-Cell-Right-corner-1000x600.jpg\" \/>\n\n\n\t\t\t\t<\/div>\n\n\t\t\t<\/div>\n\t\t\t<!-- END MasterSlider Main -->\n\n\t\t\t \n\t\t<\/div>\n\t\t<!-- END MasterSlider -->\n\n\t\t<script>\n\t\t( window.MSReady = window.MSReady || [] ).push( function( $ ) {\n\n\t\t\t\"use strict\";\n\t\t\tvar masterslider_4aad = new MasterSlider();\n\n\t\t\t\/\/ slider controls\n\t\t\tmasterslider_4aad.control('arrows'     ,{ autohide:true, overVideo:true  });\n\t\t\t\/\/ slider setup\n\t\t\tmasterslider_4aad.setup(\"MS69de1cb864aad\", {\n\t\t\t\twidth           : 1000,\n\t\t\t\theight          : 600,\n\t\t\t\tminHeight       : 0,\n\t\t\t\tspace           : 0,\n\t\t\t\tstart           : 1,\n\t\t\t\tgrabCursor      : true,\n\t\t\t\tswipe           : true,\n\t\t\t\tmouse           : true,\n\t\t\t\tkeyboard        : false,\n\t\t\t\tlayout          : \"boxed\",\n\t\t\t\twheel           : false,\n\t\t\t\tautoplay        : true,\n                instantStartLayers:false,\n\t\t\t\tmobileBGVideo:false,\n\t\t\t\tloop            : true,\n\t\t\t\tshuffle         : false,\n\t\t\t\tpreload         : 0,\n\t\t\t\theightLimit     : true,\n\t\t\t\tautoHeight      : false,\n\t\t\t\tsmoothHeight    : true,\n\t\t\t\tendPause        : false,\n\t\t\t\toverPause       : true,\n\t\t\t\tfillMode        : \"fill\",\n\t\t\t\tcenterControls  : true,\n\t\t\t\tstartOnAppear   : false,\n\t\t\t\tlayersMode      : \"center\",\n\t\t\t\tautofillTarget  : \"\",\n\t\t\t\thideLayers      : false,\n\t\t\t\tfullscreenMargin: 0,\n\t\t\t\tspeed           : 20,\n\t\t\t\tdir             : \"h\",\n\t\t\t\tresponsive      : true,\n\t\t\t\ttabletWidth     : 768,\n\t\t\t\ttabletHeight    : null,\n\t\t\t\tphoneWidth      : 480,\n\t\t\t\tphoneHeight    : null,\n\t\t\t\tsizingReference : window,\n\t\t\t\tparallaxMode    : 'swipe',\n\t\t\t\tview            : \"basic\"\n\t\t\t});\n\n\t\t\t\n\t\t\twindow.masterslider_instances = window.masterslider_instances || [];\n\t\t\twindow.masterslider_instances.push( masterslider_4aad );\n\t\t});\n\t\t<\/script>\n\n<\/div>[\/vc_column][\/vc_row][vc_row][vc_column width=&#8221;3\/4&#8243;][vc_column_text]<\/p>\n<h1>R-Zellen f\u00fcr die Lauffertigung<\/h1>\n<p>[\/vc_column_text][\/vc_column][vc_column width=&#8221;1\/4&#8243;][vc_btn title=&#8221;Mein Angebot anfordern&#8221; shape=&#8221;square&#8221; align=&#8221;right&#8221; css=&#8221;.vc_custom_1669796915865{padding-top: 14px !important;}&#8221; link=&#8221;url:http%3A%2F%2Funisig.com%2Fpopup%2Fquick-machine-request%2F|&#8221; el_class=&#8221;popmake-7864&#8243;][\/vc_column][\/vc_row][vc_row][vc_column][vc_column_text]<strong>UNISIG fertigt unvergleichliche Produktionsanlagen f\u00fcr Gewehrl\u00e4ufe<\/strong>. Vor UNISIG war eine vollautomatische Laufproduktion nur f\u00fcr die gr\u00f6\u00dften Waffenhersteller darstellbar. UNISIG macht dies jetzt f\u00fcr alle m\u00f6glich, von kleinen \u00fcber mittlere bis hin zu sehr gro\u00dfen Herstellern, ausgelegt auf Produktivit\u00e4t und Zuverl\u00e4ssigkeit.<\/p>\n<p><strong>Das komplette Paket an Produktivit\u00e4t<\/strong>. UNISIG bietet mehr als Maschinen. Unsere Schulung, Prozessentwicklung und langfristige Unterst\u00fctzung erm\u00f6glichen es Erstanwendern ab der Installation produktiv zu sein.<\/p>\n<p><strong>UNISIG&#8217;s R-Zellen und Dienstleistungen unterliegen Exportbeschr\u00e4nkungen und sind m\u00f6glicherweise nicht in allen Regionen verf\u00fcgbar.<\/strong>[\/vc_column_text][vc_btn title=&#8221;Mehr erfahren \u00fcber UNISIGs L\u00f6sungen f\u00fcr die Laufproduktion&#8221; shape=&#8221;square&#8221; align=&#8221;left&#8221; css=&#8221;.vc_custom_1689842886754{padding-top: 14px !important;}&#8221; link=&#8221;url:%2F%3Fpage_id%3D202486|title:Firearms||&#8221;][vc_separator][\/vc_column][\/vc_row][vc_row][vc_column][vc_separator][vc_column_text]<\/p>\n<h4>Learn More<\/h4>\n<p>[\/vc_column_text][unisig_icon_content icon=&#8221;fas fa-video&#8221;]<a href=\"https:\/\/unisig.com\/de\/news-and-events\/technische-artikel\/vollautomatische-4-2-2-r-zelle\">4-2-2 R-Zellen Laufproduktion | Video<\/a>[\/unisig_icon_content][unisig_icon_content icon=&#8221;fas fa-video&#8221;]<a href=\"https:\/\/unisig.com\/de\/news-and-events\/technische-artikel\/vollautomatische-2-2-1-r-zelle\">2-1-1 R-Zellen Laufproduktion | Video<\/a>[\/unisig_icon_content][\/vc_column][\/vc_row][vc_row][vc_column][vc_tta_tabs shape=&#8221;square&#8221; color=&#8221;white&#8221; alignment=&#8221;right&#8221; active_section=&#8221;1&#8243; el_class=&#8221;machine-spec-tables&#8221;][vc_tta_section title=&#8221;Metric&#8221; tab_id=&#8221;1669746318233-cd3f4500-797d&#8221;][vc_column_text css=&#8221;&#8221;]<\/p>\n<table class=\"rwd-table\">\n<tbody>\n<tr>\n<th>Beschreibung<\/th>\n<th><a href=\"https:\/\/unisig.com\/de\/produkt\/r-cell-2-1\/\">R-2-1<\/a><\/th>\n<th><a href=\"https:\/\/unisig.com\/de\/produkt\/r-cell-2-2-1\/\">R-2-2-1<\/a><\/th>\n<th><a href=\"https:\/\/unisig.com\/de\/produkt\/r-cell-4-2-2\/\">R-4-2-2<\/a><\/th>\n<th>R-Individuell<\/th>\n<\/tr>\n<tr>\n<td data-th=\"Process\">Prozess<\/td>\n<td data-th=\"R-2A\">Einlippenbohren + Reiben<br \/>\nDrallziehen<\/td>\n<td data-th=\"R-25\">Einlippenbohren<br \/>\nReiben<br \/>\nDrallziehen<\/td>\n<td data-th=\"R-50\">Einlippenbohren<br \/>\nReiben<br \/>\nDrallziehen<\/td>\n<td data-th=\"R-100\">Einlippenbohren (optional)<br \/>\nReiben (optional)<br \/>\nDrallziehen (optional)<\/td>\n<\/tr>\n<tr>\n<td data-th=\"Caliber Range\">Kaliberbereich<\/td>\n<td data-th=\"R-2A Rifling Machine\">4,3 &#8211; 12,7 mm<\/td>\n<td data-th=\"R-25\">4,3 &#8211; 12,7 mm<\/td>\n<td data-th=\"R-50\">4,3 &#8211; 12,7 mm<\/td>\n<td data-th=\"R-100\">4,3 &#8211; 24,8 mm<\/td>\n<\/tr>\n<tr>\n<td data-th=\"Barrel Length\">Laufl\u00e4nge<\/td>\n<td data-th=\"R-2A Rifling Machine\">750 mm, 1000 mm, 1500 mm<\/td>\n<td data-th=\"R-100\">750 mm, 1000 mm, 1500 mm<\/td>\n<td data-th=\"R-50\">750 mm, 1000 mm<\/td>\n<td data-th=\"R-100\">750 mm, 1000 mm, 1500 mm, 2000 mm<\/td>\n<\/tr>\n<tr>\n<td data-th=\"Machine1\">Maschine #1<\/td>\n<td data-th=\"R-2A\">UNR, 2-spindlig<\/td>\n<td data-th=\"R-25\">UNR, 2-spindlig<\/td>\n<td data-th=\"R-50\">UNI, 4-spindlig<\/td>\n<td data-th=\"R-100\">UNI, 1-4-spindlig<\/td>\n<\/tr>\n<tr>\n<td data-th=\"Machine2\">Maschine #2<\/td>\n<td data-th=\"R-2A\">R-2A, 1-spindlig<\/td>\n<td data-th=\"R-25\">UNR, 2-spindlig<\/td>\n<td data-th=\"R-50\">UNR, 2-spindlig<\/td>\n<td data-th=\"R-100\">UNR, 1-4-spindlig<\/td>\n<\/tr>\n<tr>\n<td data-th=\"Machine3\">Maschine #3<\/td>\n<td data-th=\"R-2A\">N\/A<\/td>\n<td data-th=\"R-25\">R-2A, 1-Spindel<\/td>\n<td data-th=\"R-100\">R-2A, 2-spindlig<\/td>\n<td data-th=\"R-200\">R-2A, 1-2-spindlig<\/td>\n<\/tr>\n<tr>\n<td data-th=\"Automation\">Automatisierung<\/td>\n<td data-th=\"R-2A\">Manuelle \u00dcbertragung<\/td>\n<td data-th=\"R-25\">Manuelle Beladung<br \/>\nHalbautomatisiert<br \/>\nVollautomatisch<\/td>\n<td data-th=\"R-50\">Vollautomatisch<\/td>\n<td data-th=\"R-100\">Manuelle Beladung<br \/>\nHalbautomatisiert<br \/>\nVollautomatisch<\/td>\n<\/tr>\n<tr>\n<td colspan=\"5\"><\/td>\n<\/tr>\n<\/tbody>\n<\/table>\n<p>[\/vc_column_text][\/vc_tta_section][vc_tta_section title=&#8221;Zoll&#8221; tab_id=&#8221;1469812290427-4adebc19-72cda819-9bca&#8221;][vc_column_text css=&#8221;&#8221;]<\/p>\n<table class=\"rwd-table\">\n<tbody>\n<tr>\n<th>Beschreibung<\/th>\n<th><a href=\"https:\/\/unisig.com\/de\/produkt\/r-cell-2-1\/\">R-2-1<\/a><\/th>\n<th><a href=\"https:\/\/unisig.com\/de\/produkt\/r-cell-2-2-1\/\">R-2-2-1<\/a><\/th>\n<th><a href=\"https:\/\/unisig.com\/de\/produkt\/r-cell-4-2-2\/\">R-4-2-2<\/a><\/th>\n<th>R-Individuell<\/th>\n<\/tr>\n<tr>\n<td data-th=\"Process\">Prozess<\/td>\n<td data-th=\"R-2A\">Einlippenbohren + Reiben<br \/>\nDrallziehen<\/td>\n<td data-th=\"R-25\">Einlippenbohren<br \/>\nReiben<br \/>\nDrallziehen<\/td>\n<td data-th=\"R-50\">Einlippenbohren<br \/>\nReiben<br \/>\nDrallziehen<\/td>\n<td data-th=\"R-100\">Einlippenbohren (optional)<br \/>\nReiben (optional)<br \/>\nDrallziehen (optional)<\/td>\n<\/tr>\n<tr>\n<td data-th=\"Caliber Range\">Kaliberbereich<\/td>\n<td data-th=\"R-2A Rifling Machine\">0,170 &#8211; 0,500 Zoll<\/td>\n<td data-th=\"R-25\">0,170 &#8211; 0,500 Zoll<\/td>\n<td data-th=\"R-50\">0,170 &#8211; 0,500 Zoll<\/td>\n<td data-th=\"R-100\">0,170 &#8211; 0,98 Zoll<\/td>\n<\/tr>\n<tr>\n<td data-th=\"Barrel Length\">Laufl\u00e4nge<\/td>\n<td data-th=\"R-2A Rifling Machine\">30 Zoll, 40 Zoll, 60 Zoll<\/td>\n<td data-th=\"R-100\">30 Zoll, 40 Zoll, 60 Zoll<\/td>\n<td data-th=\"R-50\">30 Zoll, 40 Zoll<\/td>\n<td data-th=\"R-100\">30 Zoll, 40 Zoll, 60 Zoll, 80 Zoll<\/td>\n<\/tr>\n<tr>\n<td data-th=\"Machine1\">Maschine #1<\/td>\n<td data-th=\"R-2A\">UNR, 2-spindlig<\/td>\n<td data-th=\"R-25\">UNR, 2-spindlig<\/td>\n<td data-th=\"R-50\">UNI, 4-spindlig<\/td>\n<td data-th=\"R-100\">UNI, 1-4-spindlig<\/td>\n<\/tr>\n<tr>\n<td data-th=\"Machine2\">Maschine #2<\/td>\n<td data-th=\"R-2A\">R-2A, 1-spindlig<\/td>\n<td data-th=\"R-25\">UNR, 2-spindlig<\/td>\n<td data-th=\"R-50\">UNR, 2-spindlig<\/td>\n<td data-th=\"R-100\">UNR, 1-4-spindlig<\/td>\n<\/tr>\n<tr>\n<td data-th=\"Machine3\">Maschine #3<\/td>\n<td data-th=\"R-2A\">N\/A<\/td>\n<td data-th=\"R-25\">R-2A, 1-spindlig<\/td>\n<td data-th=\"R-100\">R-2A, 2-spindlig<\/td>\n<td data-th=\"R-200\">R-2A, 1-2-spindlig<\/td>\n<\/tr>\n<tr>\n<td data-th=\"Automation\">Automatisierung<\/td>\n<td data-th=\"R-2A\">Manuelle Beladung<\/td>\n<td data-th=\"R-25\">Manuelle Beladung<br \/>\nHalbautomatisiert<br \/>\nVollautomatisch<\/td>\n<td data-th=\"R-50\">Vollautomatisch<\/td>\n<td data-th=\"R-100\">Manuelle Beladung<br \/>\nHalbautomatisiert<br \/>\nVollautomatisch<\/td>\n<\/tr>\n<tr>\n<td colspan=\"5\"><\/td>\n<\/tr>\n<\/tbody>\n<\/table>\n<p>[\/vc_column_text][\/vc_tta_section][\/vc_tta_tabs][\/vc_column][\/vc_row][vc_row][vc_column][vc_btn title=&#8221;Meine Anfrage senden&#8221; shape=&#8221;square&#8221; size=&#8221;sm&#8221; link=&#8221;url:%2F%3Fpage_id%3D6519|||&#8221;][vc_separator][\/vc_column][\/vc_row]<\/p>\n<\/div>","protected":false},"excerpt":{"rendered":"<p>[vc_row][vc_column][\/vc_column][\/vc_row][vc_row][vc_column width=&#8221;3\/4&#8243;][vc_column_text] R-Zellen f\u00fcr die Lauffertigung [\/vc_column_text][\/vc_column][vc_column width=&#8221;1\/4&#8243;][vc_btn title=&#8221;Mein Angebot anfordern&#8221; shape=&#8221;square&#8221; align=&#8221;right&#8221; css=&#8221;.vc_custom_1669796915865{padding-top: 14px !important;}&#8221; link=&#8221;url:http%3A%2F%2Funisig.com%2Fpopup%2Fquick-machine-request%2F|&#8221; el_class=&#8221;popmake-7864&#8243;][\/vc_column][\/vc_row][vc_row][vc_column][vc_column_text]UNISIG fertigt unvergleichliche Produktionsanlagen f\u00fcr Gewehrl\u00e4ufe. Vor UNISIG war eine vollautomatische Laufproduktion nur f\u00fcr die gr\u00f6\u00dften Waffenhersteller darstellbar. UNISIG macht dies jetzt f\u00fcr alle m\u00f6glich, von kleinen \u00fcber mittlere bis hin zu sehr gro\u00dfen Herstellern, ausgelegt auf Produktivit\u00e4t<a href=\"https:\/\/unisig.com\/de\/all-maschinen\/r-zellen-lauffertigung\/\" class=\"more-link\">Read More<\/a><\/p>\n","protected":false},"author":22,"featured_media":0,"parent":6562,"menu_order":1,"comment_status":"closed","ping_status":"closed","template":"page-templates\/template-2.php","meta":{"_acf_changed":false,"footnotes":""},"folder":[1179],"class_list":["post-204457","page","type-page","status-publish","hentry"],"acf":[],"_links":{"self":[{"href":"https:\/\/unisig.com\/de\/wp-json\/wp\/v2\/pages\/204457","targetHints":{"allow":["GET"]}}],"collection":[{"href":"https:\/\/unisig.com\/de\/wp-json\/wp\/v2\/pages"}],"about":[{"href":"https:\/\/unisig.com\/de\/wp-json\/wp\/v2\/types\/page"}],"author":[{"embeddable":true,"href":"https:\/\/unisig.com\/de\/wp-json\/wp\/v2\/users\/22"}],"replies":[{"embeddable":true,"href":"https:\/\/unisig.com\/de\/wp-json\/wp\/v2\/comments?post=204457"}],"version-history":[{"count":0,"href":"https:\/\/unisig.com\/de\/wp-json\/wp\/v2\/pages\/204457\/revisions"}],"up":[{"embeddable":true,"href":"https:\/\/unisig.com\/de\/wp-json\/wp\/v2\/pages\/6562"}],"wp:attachment":[{"href":"https:\/\/unisig.com\/de\/wp-json\/wp\/v2\/media?parent=204457"}],"wp:term":[{"taxonomy":"folder","embeddable":true,"href":"https:\/\/unisig.com\/de\/wp-json\/wp\/v2\/folder?post=204457"}],"curies":[{"name":"wp","href":"https:\/\/api.w.org\/{rel}","templated":true}]}}