{"id":204775,"date":"2023-06-20T09:14:53","date_gmt":"2023-06-20T14:14:53","guid":{"rendered":"https:\/\/stagingxx.unisig.com\/?page_id=204775"},"modified":"2023-06-20T10:03:30","modified_gmt":"2023-06-20T15:03:30","slug":"lohnfertigung","status":"publish","type":"page","link":"https:\/\/unisig.com\/de\/branchen\/lohnfertiger\/","title":{"rendered":"Lohnfertiger"},"content":{"rendered":"<div class=\"wpb-content-wrapper\"><p>[vc_row][vc_column][vc_column_text]\n\t\t\t<!-- START hometall REVOLUTION SLIDER 6.7.25 --><p class=\"rs-p-wp-fix\"><\/p>\n\t\t\t<rs-module-wrap id=\"rev_slider_4_1_wrapper\" data-source=\"gallery\" style=\"visibility:hidden;background:transparent;padding:0;margin:0px auto;margin-top:0;margin-bottom:0;\">\n\t\t\t\t<rs-module id=\"rev_slider_4_1\" style=\"\" data-version=\"6.7.25\">\n\t\t\t\t\t<rs-slides style=\"overflow: hidden; position: absolute;\">\n\t\t\t\t\t\t<rs-slide style=\"position: absolute;\" data-key=\"rs-4\" data-title=\"Slide\" data-duration=\"9000\" data-anim=\"ms:600;\" data-in=\"o:0;\" data-out=\"a:false;\">\n\t\t\t\t\t\t\t<img decoding=\"async\" src=\"\/\/unisig.com\/wp-content\/plugins\/revslider\/sr6\/assets\/assets\/dummy.png\" alt=\"\" title=\"video-banner-m\" width=\"1239\" height=\"566\" class=\"rev-slidebg tp-rs-img rs-lazyload\" data-lazyload=\"\/\/unisig.com\/wp-content\/uploads\/2021\/04\/video-banner-m.jpg\" data-no-retina>\n\t\t\t\t\t\t\t<rs-bgvideo \n\t\t\t\t\t\t\t\tdata-video=\"vc:none;w:100%;h:100%;nse:false;l:true;ptimer:false;\"\n\t\t\t\t\t\t\t\tdata-vimeoid=\"533688154\"\n\t\t\t\t\t\t\t\tdata-vatr=\"background=1&amp;title=0&amp;byline=0&amp;portrait=0&amp;api=1&amp;dnt=1\"\n\t\t\t\t\t\t\t><\/rs-bgvideo>\n<!---->\t\t\t\t\t<\/rs-slide>\n\t\t\t\t\t<\/rs-slides>\n\t\t\t\t<\/rs-module>\n\t\t\t\t<script>\n\t\t\t\t\tsetREVStartSize({c: 'rev_slider_4_1',rl:[1240,1024,778,480],el:[600],gw:[1240],gh:[600],type:'standard',justify:'',layout:'fullwidth',mh:\"0\"});if (window.RS_MODULES!==undefined && window.RS_MODULES.modules!==undefined && window.RS_MODULES.modules[\"revslider41\"]!==undefined) {window.RS_MODULES.modules[\"revslider41\"].once = false;window.revapi4 = undefined;if (window.RS_MODULES.checkMinimal!==undefined) window.RS_MODULES.checkMinimal()}\n\t\t\t\t<\/script>\n\t\t\t<\/rs-module-wrap>\n\t\t\t<!-- END REVOLUTION SLIDER -->\n[\/vc_column_text][\/vc_column][\/vc_row][vc_row gap=&#8221;30&#8243;][vc_column width=&#8221;1\/2&#8243;][vc_column_text]<\/p>\n<h2>Fortschrittliches Tiefbohren f\u00fcr Lohnfertiger.<\/h2>\n<p>[\/vc_column_text][vc_column_text]Seit mehr als 40 Jahren entwickelt und baut UNISIG Maschinen, die den schwierigen Prozess des Tiefbohrens vereinfachen. Das breite Portfolio an Tiefbohrmaschinen von UNISIG wurde speziell f\u00fcr die zuverl\u00e4ssige und konsistente Herstellung hochpr\u00e4ziser Bohrungen mit einem Tiefen-zu-Durchmesser-Verh\u00e4ltnis von 400:1 oder mehr entwickelt und \u00fcbersteigt die F\u00e4higkeiten von Langdrehmaschinen oder multifunktionalen Bearbeitungszentren um effiziente Tiefbohrkapazit\u00e4ten f\u00fcr praktisch jede Fertigung bereitzustellen.[\/vc_column_text][\/vc_column][vc_column width=&#8221;1\/2&#8243;][vc_empty_space height=&#8221;114px&#8221;][vc_column_text]Mehrere Maschinenkonfigurationen mit integrierter, anwendungsgerechter Automatisierung, wie z. B. F\u00f6rderb\u00e4nder, Tray-Handler, Roboter, Portale und Schwerstangenlader, erm\u00f6glichen es Herstellern in allen Branchen, die effektivste L\u00f6sung zur Optimierung einer Vielzahl von Tiefbohranwendungen zu finden. UNISIG-Tiefbohrmaschinen bieten Pr\u00e4zision, Leistung und Produktivit\u00e4t f\u00fcr eine Vielzahl von Werkst\u00fcckgr\u00f6\u00dfen und Materialien.[\/vc_column_text][\/vc_column][\/vc_row][vc_row][vc_column css=&#8221;.vc_custom_1632590730983{margin-top: 30px !important;margin-bottom: 30px !important;}&#8221;][vc_separator][\/vc_column][\/vc_row][vc_row gap=&#8221;30&#8243; content_placement=&#8221;middle&#8221;][vc_column width=&#8221;1\/2&#8243;][vc_gallery interval=&#8221;3&#8243; images=&#8221;205177,205180,205165&#8243; img_size=&#8221;large&#8221;][\/vc_column][vc_column width=&#8221;1\/2&#8243;][vc_column_text]<\/p>\n<h4>UNE-Serie ELB-Tiefbohrmaschinen<\/h4>\n<p>Die Maschinen der UNISIG UNE-Serie wurden von Experten konstruiert, um Tiefbohrleistung und Zuverl\u00e4ssigkeit f\u00fcr Lohnfertiger jeder Gr\u00f6\u00dfe zu bieten, mit einem weiten Bohrdurchmesserbereich f\u00fcr Werkst\u00fcckl\u00e4ngen von bis zu 3.000 mm. Die Maschinen der UNE-Serie sind in Ein- oder Zwei-Spindel-Konfigurationen erh\u00e4ltlich und stellen kosteng\u00fcnstige L\u00f6sungen f\u00fcr Betriebe dar, die ihre M\u00f6glichkeiten durch Tiefbohren erweitern m\u00f6chten.<\/p>\n<ul>\n<li>Entwickelt f\u00fcr eine kompakte Stellfl\u00e4che<\/li>\n<li>Maximale Bohrdurchmesser bis 40 mm<\/li>\n<li>Geeignet f\u00fcr Wendeplatten-, gel\u00f6tete und Vollhartmetall-Einlippenbohrer<\/li>\n<\/ul>\n<p>[\/vc_column_text][vc_btn title=&#8221;Einlippenbohrmaschinen der UNE-Serie ansehen&#8221; link=&#8221;url:%2F%3Fpage_id%3D6594|||&#8221;][\/vc_column][\/vc_row][vc_row][vc_column css=&#8221;.vc_custom_1632590730983{margin-top: 30px !important;margin-bottom: 30px !important;}&#8221;][vc_separator][\/vc_column][\/vc_row][vc_row gap=&#8221;30&#8243; content_placement=&#8221;middle&#8221; el_class=&#8221;row-reverse&#8221;][vc_column width=&#8221;1\/2&#8243;][vc_column_text]<\/p>\n<h4>USK-Serie CNC-Tiefbohrmaschinen<\/h4>\n<p>USK-Tischmaschinen vereinfachen das Bearbeiten anspruchsvoller Bohrungen, wenn es auf Genauigkeit ankommt. Die USK-Serie nutzt bew\u00e4hrte Bohrtechnologie aus der gesamten UNISIG-Reihe von Tiefbohrmaschinen und bietet Fertigern Zugang zu den extremsten Genauigkeitsm\u00f6glichkeiten, die auf dem Markt erh\u00e4ltlich sind.<\/p>\n<ul>\n<li>Geeignet f\u00fcr Einlippenbohren<\/li>\n<li>Nennbohrtiefen (serienweit) 750 mm bis 1.500 mm<\/li>\n<li>Steife, einteilige Konstruktion<\/li>\n<\/ul>\n<p>[\/vc_column_text][vc_btn title=&#8221;CNC-Bohrmaschinen der USK-Serie ansehen&#8221; link=&#8221;url:%2F%3Fpage_id%3D6666|||&#8221;][\/vc_column][vc_column width=&#8221;1\/2&#8243;][vc_gallery interval=&#8221;3&#8243; images=&#8221;9278,205169,5084&#8243; img_size=&#8221;full&#8221;][\/vc_column][\/vc_row][vc_row][vc_column css=&#8221;.vc_custom_1632590730983{margin-top: 30px !important;margin-bottom: 30px !important;}&#8221;][vc_separator][\/vc_column][\/vc_row][vc_row gap=&#8221;30&#8243; content_placement=&#8221;middle&#8221;][vc_column width=&#8221;1\/2&#8243;][vc_single_image image=&#8221;201976&#8243; img_size=&#8221;large&#8221;][\/vc_column][vc_column width=&#8221;1\/2&#8243;][vc_column_text]<\/p>\n<h4>Tiefbohrwerkzeuge f\u00fcr Lohnfertiger<\/h4>\n<p>UNISIG integriert Schneidwerkzeuge und Werkzeugzubeh\u00f6r f\u00fcr Einlippenbohr- und BTA-Tiefbohrprozesse in jede von uns gebaute Maschine. Wir besch\u00e4ftigen uns umfassend mit der Auswahl von Schneidwerkzeugen, der Prozessentwicklung, der Erprobung, Verfeinerung und Dokumentation optimaler Tiefbohrprozesse in den unterschiedlichsten Branchen.<\/p>\n<p>Unser Werkzeugzubeh\u00f6r, das zur Unterst\u00fctzung und Ausrichtung von Schneidwerkzeugen und Werkst\u00fccken w\u00e4hrend des gesamten Tiefbohrprozesses dient, werden in unserem Werk nach ISO- und DIN-Normen entwickelt und hergestellt. F\u00fcr einzigartige Anwendungen stehen ma\u00dfgeschneiderte Produkte zur Verf\u00fcgung.[\/vc_column_text][vc_btn title=&#8221;Werkzeuge zum Tiefbohren&#8221; link=&#8221;url:%2F%3Fpage_id%3D6557|||&#8221;][\/vc_column][\/vc_row][vc_row][vc_column css=&#8221;.vc_custom_1632590730983{margin-top: 30px !important;margin-bottom: 30px !important;}&#8221;][vc_separator][\/vc_column][\/vc_row][vc_row gap=&#8221;30&#8243; content_placement=&#8221;middle&#8221;][vc_column width=&#8221;1\/2&#8243;][vc_column_text]<\/p>\n<h4>Automatisierung<\/h4>\n<p>Bei UNISIG basieren unsere Maschinen auf integrierten Automatisierungsl\u00f6sungen, die so programmiert sind, dass sie die Produktivit\u00e4t, Zuverl\u00e4ssigkeit und Flexibilit\u00e4t steigern. Wir haben Erfahrung in der Entwicklung von Automatisierungen f\u00fcr praktisch jede Anwendung, von Robotern und F\u00f6rderb\u00e4ndern f\u00fcr die Kleinteileproduktion bis hin zu Portalen und Schwerstangenladern, die f\u00fcr das Tiefbohren in gro\u00dfen Schmiedeteilen erforderlich sind.<\/p>\n<p>Bei speziellen Automatisierungsanforderungen arbeitet UNISIG mit seinem kollaborative Engineering-Ansatz eng mit dem Kunden zusammen, um dessen Toleranz- und Produktionsanforderungen, Einrichtungen und Budget zu ber\u00fccksichtigen und eine optimale Automatisierungsl\u00f6sung zu entwickeln, die den Fertigungsanforderungen entspricht.[\/vc_column_text][vc_btn title=&#8221;Automatisierung&#8221; link=&#8221;url:%2Fautomation%2Fflexible-automation%2F|&#8221;][\/vc_column][vc_column width=&#8221;1\/2&#8243;][vc_single_image image=&#8221;205173&#8243; img_size=&#8221;large&#8221;][\/vc_column][\/vc_row][vc_row][vc_column css=&#8221;.vc_custom_1632590730983{margin-top: 30px !important;margin-bottom: 30px !important;}&#8221;][vc_separator][\/vc_column][\/vc_row][vc_row gap=&#8221;30&#8243; content_placement=&#8221;middle&#8221; el_class=&#8221;row-reverse&#8221;][vc_column width=&#8221;1\/2&#8243;][vc_single_image image=&#8221;203749&#8243; img_size=&#8221;large&#8221;][\/vc_column][vc_column width=&#8221;1\/2&#8243;][vc_column_text]<\/p>\n<h4>Anwendungsunterst\u00fctzung<\/h4>\n<p>UNISIG bietet Erfahrung, Know-how und Unterst\u00fctzung f\u00fcr Kunden weltweit, die Tiefbohren zu ihre Kernkompetenzen hinzuf\u00fcgen m\u00f6chten. Unsere Standardmaschinen w\u00fcrden von anderen Herstellern als Sondermaschinen angesehen und f\u00fcr alle Maschinen gilt das UNISIG-Versprechen: &#8220;es wird funktionieren&#8221;.[\/vc_column_text][\/vc_column][\/vc_row][vc_row][vc_column css=&#8221;.vc_custom_1632590730983{margin-top: 30px !important;margin-bottom: 30px !important;}&#8221;][vc_separator][\/vc_column][\/vc_row][vc_row][vc_column width=&#8221;1\/2&#8243;][vc_column_text]<\/p>\n<h5>Zus\u00e4tzliche Ressourcen f\u00fcr Lohnfertiger<\/h5>\n<p>[\/vc_column_text][unisig_icon_content icon=&#8221;fas fa-cogs&#8221;]<a href=\"https:\/\/unisig.com\/de\/une-elb-tiefbohrmaschinen-broschuere\/\" target=\"_blank\" rel=\"noopener noreferrer\">UNE Serie &#8211; Maschinen f\u00fcr Produktion und Lohnfertigung | Brosch\u00fcre<\/a>[\/unisig_icon_content][\/vc_column][vc_column width=&#8221;1\/2&#8243;][vc_empty_space height=&#8221;14px&#8221;][vc_cta h2=&#8221;Senden Sie Ihre Anfrage&#8221; h2_font_container=&#8221;color:%23005288&#8243; h2_google_fonts=&#8221;font_family:Open%20Sans%3A300%2C300italic%2Cregular%2Citalic%2C600%2C600italic%2C700%2C700italic%2C800%2C800italic|font_style:400%20regular%3A400%3Anormal&#8221; shape=&#8221;square&#8221; style=&#8221;custom&#8221; add_button=&#8221;bottom&#8221; btn_title=&#8221;Anfrage stellen&#8221; btn_shape=&#8221;square&#8221; use_custom_fonts_h2=&#8221;true&#8221; btn_add_icon=&#8221;true&#8221; custom_text=&#8221;#151515&#8243; custom_background=&#8221;#e3e3e3&#8243; css=&#8221;.vc_custom_1687273370287{border-top-width: 0px !important;border-right-width: 0px !important;border-bottom-width: 0px !important;border-left-width: 0px !important;}&#8221; btn_link=&#8221;url:https%3A%2F%2Funisig.com%2Fde%2Fkontaktieren-sie-uns%2Fanforderung-eines-angebots%2F|title:Anforderung%20eines%20Angebots||&#8221;]Senden Sie uns Ihre Anfrage zu Maschinen f\u00fcr die Lohnbearbeitung.[\/vc_cta][\/vc_column][\/vc_row]<\/p>\n<\/div>","protected":false},"excerpt":{"rendered":"<p>[vc_row][vc_column][vc_column_text][\/vc_column_text][\/vc_column][\/vc_row][vc_row gap=&#8221;30&#8243;][vc_column width=&#8221;1\/2&#8243;][vc_column_text] Fortschrittliches Tiefbohren f\u00fcr Lohnfertiger. [\/vc_column_text][vc_column_text]Seit mehr als 40 Jahren entwickelt und baut UNISIG Maschinen, die den schwierigen Prozess des Tiefbohrens vereinfachen. Das breite Portfolio an Tiefbohrmaschinen von UNISIG wurde speziell f\u00fcr die zuverl\u00e4ssige und konsistente Herstellung hochpr\u00e4ziser Bohrungen mit einem Tiefen-zu-Durchmesser-Verh\u00e4ltnis von 400:1 oder mehr entwickelt und \u00fcbersteigt die F\u00e4higkeiten von Langdrehmaschinen<a href=\"https:\/\/unisig.com\/de\/branchen\/lohnfertiger\/\" class=\"more-link\">Read More<\/a><\/p>\n","protected":false},"author":22,"featured_media":0,"parent":0,"menu_order":0,"comment_status":"closed","ping_status":"closed","template":"","meta":{"_acf_changed":false,"footnotes":""},"folder":[1199,1180],"class_list":["post-204775","page","type-page","status-publish","hentry"],"acf":[],"_links":{"self":[{"href":"https:\/\/unisig.com\/de\/wp-json\/wp\/v2\/pages\/204775","targetHints":{"allow":["GET"]}}],"collection":[{"href":"https:\/\/unisig.com\/de\/wp-json\/wp\/v2\/pages"}],"about":[{"href":"https:\/\/unisig.com\/de\/wp-json\/wp\/v2\/types\/page"}],"author":[{"embeddable":true,"href":"https:\/\/unisig.com\/de\/wp-json\/wp\/v2\/users\/22"}],"replies":[{"embeddable":true,"href":"https:\/\/unisig.com\/de\/wp-json\/wp\/v2\/comments?post=204775"}],"version-history":[{"count":0,"href":"https:\/\/unisig.com\/de\/wp-json\/wp\/v2\/pages\/204775\/revisions"}],"wp:attachment":[{"href":"https:\/\/unisig.com\/de\/wp-json\/wp\/v2\/media?parent=204775"}],"wp:term":[{"taxonomy":"folder","embeddable":true,"href":"https:\/\/unisig.com\/de\/wp-json\/wp\/v2\/folder?post=204775"}],"curies":[{"name":"wp","href":"https:\/\/api.w.org\/{rel}","templated":true}]}}