{"id":205057,"date":"2023-06-02T08:05:19","date_gmt":"2023-06-02T13:05:19","guid":{"rendered":"https:\/\/stagingxx.unisig.com\/herstellung\/"},"modified":"2023-06-07T07:04:25","modified_gmt":"2023-06-07T12:04:25","slug":"blechbearbeitung","status":"publish","type":"page","link":"https:\/\/unisig.com\/de\/kernkompentenzen\/blechbearbeitung","title":{"rendered":"Blechbearbeitung"},"content":{"rendered":"<div class=\"wpb-content-wrapper\"><p>[vc_row][vc_column][vc_column_text]\n\t\t\t<!-- START core fabrication REVOLUTION SLIDER 6.7.25 --><p class=\"rs-p-wp-fix\"><\/p>\n\t\t\t<rs-module-wrap id=\"rev_slider_26_1_wrapper\" data-source=\"gallery\" style=\"visibility:hidden;background:transparent;padding:0;margin:0px auto;margin-top:0;margin-bottom:0;\">\n\t\t\t\t<rs-module id=\"rev_slider_26_1\" style=\"\" data-version=\"6.7.25\">\n\t\t\t\t\t<rs-slides style=\"overflow: hidden; position: absolute;\">\n\t\t\t\t\t\t<rs-slide style=\"position: absolute;\" data-key=\"rs-32\" data-title=\"Slide\" data-duration=\"9000\" data-anim=\"ms:600;r:0;\" data-in=\"o:0;\" data-out=\"a:false;\">\n\t\t\t\t\t\t\t<img decoding=\"async\" src=\"\/\/unisig.com\/wp-content\/plugins\/revslider\/sr6\/assets\/assets\/dummy.png\" alt=\"\" title=\"Blechbearbeitung\" class=\"rev-slidebg tp-rs-img rs-lazyload\" data-lazyload=\"\/\/unisig.com\/wp-content\/plugins\/revslider\/sr6\/assets\/assets\/transparent.png\" data-no-retina>\n\t\t\t\t\t\t\t<rs-bgvideo \n\t\t\t\t\t\t\t\tdata-video=\"vc:none;w:100%;h:100%;nse:false;l:true;ptimer:false;\"\n\t\t\t\t\t\t\t\tdata-vimeoid=\"832027127\"\n\t\t\t\t\t\t\t\tdata-vatr=\"background=1&amp;title=0&amp;byline=0&amp;portrait=0&amp;api=1\"\n\t\t\t\t\t\t\t><\/rs-bgvideo>\n<!---->\t\t\t\t\t<\/rs-slide>\n\t\t\t\t\t\t<rs-slide style=\"position: absolute;\" data-key=\"rs-36\" data-title=\"Slide\" data-anim=\"adpr:false;\">\n\t\t\t\t\t\t\t<img decoding=\"async\" src=\"\/\/unisig.com\/wp-content\/plugins\/revslider\/sr6\/assets\/assets\/dummy.png\" alt=\"Slide\" title=\"Blechbearbeitung\" class=\"rev-slidebg tp-rs-img rs-lazyload\" data-lazyload=\"\/\/unisig.com\/wp-content\/plugins\/revslider\/sr6\/assets\/assets\/transparent.png\" data-no-retina>\n<!---->\t\t\t\t\t<\/rs-slide>\n\t\t\t\t\t<\/rs-slides>\n\t\t\t\t<\/rs-module>\n\t\t\t\t<script>\n\t\t\t\t\tsetREVStartSize({c: 'rev_slider_26_1',rl:[1240,1024,778,480],el:[720],gw:[1240],gh:[720],type:'standard',justify:'',layout:'fullwidth',mh:\"0\"});if (window.RS_MODULES!==undefined && window.RS_MODULES.modules!==undefined && window.RS_MODULES.modules[\"revslider261\"]!==undefined) {window.RS_MODULES.modules[\"revslider261\"].once = false;window.revapi26 = undefined;if (window.RS_MODULES.checkMinimal!==undefined) window.RS_MODULES.checkMinimal()}\n\t\t\t\t<\/script>\n\t\t\t<\/rs-module-wrap>\n\t\t\t<!-- END REVOLUTION SLIDER -->\n[\/vc_column_text][\/vc_column][\/vc_row][vc_row gap=&#8221;30&#8243;][vc_column width=&#8221;1\/2&#8243;][vc_column_text]<\/p>\n<h3>Kernkompetenz &#8211; Pr\u00e4zisionsbearbeitung<\/h3>\n<p>Pr\u00e4zision ist ein Lebensstil bei UNISIG; Unser Gesch\u00e4ft ist <em>Pr\u00e4zisionsfertigung<\/em>, nicht nur Fertigung. Wir sorgen durch Fertigungstechnologien f\u00fcr au\u00dfergew\u00f6hnliche Genauigkeiten und unsere handwerkliche Qualit\u00e4t zeigt sich in jedem Schritt.<\/p>\n<p>Vorgefertigte Komponenten sind oft Teile der Einhausungen einer Maschine und daher das Erste, was unsere Kunden sehen. Dank unserer hauseigenen Fertigungskapazit\u00e4ten er\u00f6ffnen wir Gestaltungsm\u00f6glichkeiten f\u00fcr Form und Struktur und schaffen die Grundlage f\u00fcr den Bau von Maschinen, die funktional, wartungsfreundlich und sicherheitsf\u00f6rdernd sind.[\/vc_column_text][\/vc_column][vc_column width=&#8221;1\/2&#8243;][vc_column_text]<\/p>\n<h4>Blechbearbeitung &#8211; Wie wir es besser machen<\/h4>\n<p><strong>Wir nutzen Technologie, um die Pr\u00e4zisionsfertigung einfach aussehen zu lassen.<\/strong> Die Wiederverwendung von 3D-Daten aus der Konstruktion erm\u00f6glicht es uns, 3D-Simulationen in der Fertigung zu erstellen und so die Effizienz zu maximieren.<\/p>\n<p>Diese Technologie ist in unsere Fertigungsanlagen integriert \u2013 CNC-Faserlaser, CNC-Abkantpresse, hochmoderne Schwei\u00dfger\u00e4te und sogar Vorrichtungen. Unser Fertigungsteam verf\u00fcgt \u00fcber die Metallbearbeitungsf\u00e4higkeiten und -techniken, die auf Erfahrung beruhen, aber dank fortschrittlicher Technik k\u00f6nnen wir <b>mit viel weniger Arbeit mehr erreichen<\/b>.[\/vc_column_text][\/vc_column][\/vc_row][vc_row][vc_column css=&#8221;.vc_custom_1632590730983{margin-top: 30px !important;margin-bottom: 30px !important;}&#8221;][vc_separator][\/vc_column][\/vc_row][vc_row gap=&#8221;30&#8243; content_placement=&#8221;middle&#8221;][vc_column width=&#8221;1\/2&#8243;][vc_single_image image=&#8221;204949&#8243; img_size=&#8221;large&#8221;][\/vc_column][vc_column width=&#8221;1\/2&#8243;][vc_column_text]<\/p>\n<h4>Programmierung und Simulation<\/h4>\n<p>Unser Fertigungsteam \u00f6ffnet zun\u00e4chst ein 3D-Modell des Werkst\u00fccks, greift direkt in der Konstruktionsbibliothek nach der Quelle und entwickelt dann den Fertigungsprozess:<\/p>\n<ul>\n<li><strong>Validieren <\/strong>des Modells f\u00fcr eine effiziente Fertigung \u2013 kann es wie vorgesehen gefertigt werden oder bedarf es weiterer \u00dcberpr\u00fcfung?<\/li>\n<li><strong>Entwickeln <\/strong>der Fertigungsdetails in der 3D-Umgebung \u2013 Materialtyp, Dicke, Biegungen, Risse, Schnitte, Eckenbehandlungen und Schwei\u00dfzugaben.<\/li>\n<li><strong>Erstellen <\/strong>der Verschachtelungsmuster f\u00fcr das Laserschneiden und simulieren der Biegevorg\u00e4nge mit 3D-Werkzeugbibliotheken.<\/li>\n<\/ul>\n<p>Die aus diesem Prozess gewonnenen Erfahrungen flie\u00dfen in die Zusammenarbeit mit den Konstrukteuren ein, um die n\u00e4chste Herstellung des Teils einfacher und intelligenter zu gestalten.[\/vc_column_text][\/vc_column][\/vc_row][vc_row][vc_column css=&#8221;.vc_custom_1632590730983{margin-top: 30px !important;margin-bottom: 30px !important;}&#8221;][vc_separator][\/vc_column][\/vc_row][vc_row gap=&#8221;30&#8243; content_placement=&#8221;middle&#8221; el_class=&#8221;row-reverse&#8221;][vc_column width=&#8221;1\/2&#8243;][vc_column_text]<\/p>\n<h4>CNC-Schneiden &#8211; Faserlaser<\/h4>\n<p>Unser Faserlaser ist das Herzst\u00fcck des Pr\u00e4zisionsfertigungsprozesses. <strong>Die Genauigkeiten werden in Hundertstel Millimeter gemessen, und er schneidet sehr schnell<\/strong>.<\/p>\n<p>Wir setzen den Laser ein, um Merkmale in den Komponenten zu erzeugen, die die Fertigung vereinfachen \u2013 Laschen f\u00fcr die Ausrichtung, eingravierte Hinweise f\u00fcr die Montage und Kerndurchmesser f\u00fcr Gewindebohrungen, genau genug, um mit einem Standardgewindebohrer weiterbearbeitet zu werden. Der in der Simulation erstellte Verschachtelungsplan ist direkt an der Maschinensteuerung sichtbar.<\/p>\n<p>Ein Palettenwechsler erm\u00f6glicht es uns, das n\u00e4chste Blech zu laden, w\u00e4hrend der Laser l\u00e4uft. Sensoren am Laser lokalisieren das Blech, verfolgen Dicken\u00e4nderungen und verwalten Ausschuss und Restschnitte. Unser Fertigungsteam nutzt den Laser, um Bearbeitungsprozesse mit innovativen Spannkonzepten zum Schneiden von Scharnieren und Rohren zu eliminieren.[\/vc_column_text][\/vc_column][vc_column width=&#8221;1\/2&#8243;][vc_single_image image=&#8221;205021&#8243; img_size=&#8221;large&#8221;][\/vc_column][\/vc_row][vc_row][vc_column css=&#8221;.vc_custom_1632590730983{margin-top: 30px !important;margin-bottom: 30px !important;}&#8221;][vc_separator][\/vc_column][\/vc_row][vc_row gap=&#8221;30&#8243; content_placement=&#8221;middle&#8221;][vc_column width=&#8221;1\/2&#8243;][vc_single_image image=&#8221;205024&#8243; img_size=&#8221;large&#8221;][\/vc_column][vc_column width=&#8221;1\/2&#8243;][vc_column_text]<\/p>\n<h4>CNC-Umformung &#8211; Abkantpresse<\/h4>\n<p>Die Technologie der Abkantpresse hat sich weit \u00fcber einfache Maschinen zum Biegen eines Teils hinaus entwickelt. <strong>Unsere CNC-Abkantpresse ist sowohl intelligenter als auch besser vernetzt<\/strong>. Alle Schnellwechselwerkzeuge sind in einer 3D-Bibliothek in der Steuerung gespeichert, was uns erm\u00f6glicht, den Biegeprozess vollst\u00e4ndig zu validieren und in Echtzeit Anpassungen f\u00fcr Materialdicken- oder Luftbiegetoleranzen vorzunehmen, um genau die Winkel zu erhalten, die wir ben\u00f6tigen.<\/p>\n<p>Unser 7-Achsen-CNC-Hinteranschlag zeigt dem Bediener genau, wo er das Blech f\u00fcr die n\u00e4chste Biegung platzieren muss. Diese F\u00e4higkeit er\u00f6ffnet M\u00f6glichkeiten f\u00fcr hochpr\u00e4zise Geometrien, <strong>die pr\u00e4zise Zusammenpassen<\/strong>, und erm\u00f6glicht auch die einfache Umformung von Winkeln, Verj\u00fcngungen und abgerundeten Teilen.<\/p>\n<p>Die Werkzeugeinrichtung wird vereinfacht \u2013 Schnellwechselhalter werden anhand eines 3D-Modells als Referenz auf dem Vollfarbmonitor am CNC-Hinteranschlag ausgerichtet. Der Betrieb einer so hochentwickelten Maschine wie dieser ist aufgrund der Technologien und Arbeitsabl\u00e4ufe in unserer Fertigungsabteilung <strong>einfach und sicher<\/strong> .[\/vc_column_text][\/vc_column][\/vc_row][vc_row][vc_column css=&#8221;.vc_custom_1632590730983{margin-top: 30px !important;margin-bottom: 30px !important;}&#8221;][vc_separator][\/vc_column][\/vc_row][vc_row gap=&#8221;30&#8243; content_placement=&#8221;middle&#8221; el_class=&#8221;row-reverse&#8221;][vc_column width=&#8221;1\/2&#8243;][vc_column_text]<\/p>\n<h4>Vorrichtungen<\/h4>\n<p>Unsere Einstellung zur Pr\u00e4zisionsfertigung zieht sich durch den gesamten Fertigungsprozess. Genau wie in unserer spanenden Fertigung verwenden wir ein modulares Vorrichtungssystem, um das Einrichten zu vereinfachen und <strong>das Festhalten unserer Teile w\u00e4hrend der Arbeit zu erleichtern<\/strong>. Selbst wenn wir nur ein einziges Teil herstellen, machen wir es gleich beim ersten Mal richtig. Wenn wir mehrere gleiche Baugruppen herstellen, bleibt die Vorrichtung an Ort und Stelle, und wir nehmen die fertigen Teile heraus und setzen die Rohteile wieder ein, ohne den Aufbau zu ver\u00e4ndern.<\/p>\n<p>Das Ergebnis ist ein pr\u00e4ziseres Schwei\u00dfteil mit <strong>weniger Zeit und Arbeitsaufwand.<\/strong> Fertigungstechnologie wird in jedem Aspekt unseres Unternehmens genutzt. Die Kombination der richtigen Werkzeuge mit der Technologie erm\u00f6glicht einen effizienten Ansatz und ist der Schl\u00fcssel zu unserem Erfolg.[\/vc_column_text][\/vc_column][vc_column width=&#8221;1\/2&#8243;][vc_single_image image=&#8221;205030&#8243; img_size=&#8221;large&#8221;][\/vc_column][\/vc_row][vc_row][vc_column css=&#8221;.vc_custom_1632590730983{margin-top: 30px !important;margin-bottom: 30px !important;}&#8221;][vc_separator][\/vc_column][\/vc_row][vc_row gap=&#8221;30&#8243; content_placement=&#8221;middle&#8221;][vc_column width=&#8221;1\/2&#8243;][vc_single_image image=&#8221;205015&#8243; img_size=&#8221;large&#8221;][\/vc_column][vc_column width=&#8221;1\/2&#8243;][vc_column_text]<\/p>\n<h4>WIG-Schwei\u00dfen<\/h4>\n<p>WIG-Schwei\u00dfen ist sauber, k\u00fchl und vielseitig. Wir schwei\u00dfen Geh\u00e4use die \u00fcber komplizierte Teleskop- und Abdichtungsfunktionen verf\u00fcgen, um Schneidfl\u00fcssigkeit aufzunehmen und gleichzeitig den Bediener zu sch\u00fctzen. <strong>Die Passform und Verarbeitung unserer Schwei\u00dfteile unterstreichen den Wert unserer Marke<\/strong>.<\/p>\n<p>Das WIG-Schwei\u00dfen ist unsere erste Wahl f\u00fcr das Schwei\u00dfen von Blech-, Werkzeug- und Edelstahl sowie Kohlenstoff- und Werkzeugstahl. Unsere Schwei\u00dfer stellen h\u00e4ufig Teile fertig, die von CNC-Maschinen vorbearbeitet und im letzten Schritt zusammengeschwei\u00dft werden.[\/vc_column_text][\/vc_column][\/vc_row][vc_row][vc_column css=&#8221;.vc_custom_1632590730983{margin-top: 30px !important;margin-bottom: 30px !important;}&#8221;][vc_separator][\/vc_column][\/vc_row][vc_row gap=&#8221;30&#8243; content_placement=&#8221;middle&#8221; el_class=&#8221;row-reverse&#8221;][vc_column width=&#8221;1\/2&#8243;][vc_column_text]<\/p>\n<h4>MIG-Schwei\u00dfen<\/h4>\n<p>Gr\u00f6\u00dfere Teile mit dickem Material und langen Schwei\u00dfn\u00e4hten eignen sich am besten f\u00fcr das MIG-Schwei\u00dfen. Unser MIG-Verfahren ist auf dem neuesten Stand der Technik \u2013 computergesteuerter Lichtbogen, Schwei\u00dfnahtkonfiguration und Touchscreen-Setup, um unseren Technologiestandard zu erf\u00fcllen.<\/p>\n<p>Um zu vermeiden, dass Schwei\u00dfger\u00e4t und Kabel \u00fcber den Boden schleifen, haben wir in einen angetriebenen Schwei\u00dfausleger investiert, um das Schwei\u00dfger\u00e4t \u00fcberkopf und direkt zur Arbeit zu bringen. Unser Ausleger verf\u00fcgt \u00fcber eine Rauchabsaugung an der Schwei\u00dfpistole und ein Filtersystem, um den Schwei\u00dfbereich sauber zu halten. <strong>Wir bewundern unsere Schwei\u00dfer f\u00fcr ihre F\u00e4higkeiten und belohnen sie mit den richtigen Werkzeugen, um ihre Arbeit zu erledigen<\/strong>.[\/vc_column_text][\/vc_column][vc_column width=&#8221;1\/2&#8243;][vc_single_image image=&#8221;205036&#8243; img_size=&#8221;large&#8221;][\/vc_column][\/vc_row][vc_row][vc_column css=&#8221;.vc_custom_1632590730983{margin-top: 30px !important;margin-bottom: 30px !important;}&#8221;][vc_separator][\/vc_column][\/vc_row][vc_row gap=&#8221;30&#8243; content_placement=&#8221;middle&#8221;][vc_column width=&#8221;1\/2&#8243;][vc_single_image image=&#8221;205033&#8243; img_size=&#8221;large&#8221;][\/vc_column][vc_column width=&#8221;1\/2&#8243;][vc_column_text]<\/p>\n<h4>Materialhandhabung<\/h4>\n<p>Die Lagerung von Rohmaterialien, der Umgang mit Blechen und die Bearbeitung gro\u00dfer Baugruppen w\u00e4hrend des Herstellungsprozesses <strong>erfordern einen guten Plan und die richtige Ausr\u00fcstung<\/strong>, um effizient zu sein.<\/p>\n<p>Unsere Blechbearbeitung verf\u00fcgt \u00fcber eine <strong>vollst\u00e4ndige Abdeckung mit Br\u00fcckenkranen<\/strong> und ist in der Lage, die gr\u00f6\u00dften Schwei\u00dfteile, die wir herstellen, zu heben und zu drehen. Wir verf\u00fcgen \u00fcber Blechhebevorrichtungen, die f\u00fcr sehr d\u00fcnne Bleche oder dicke Bleche konfiguriert werden k\u00f6nnen. Wir lagern alle unsere Rohbleche mit einem austauschbaren Palettensystem, so dass wir in der Lage sind, in gro\u00dfen Mengen einzukaufen, um wettbewerbsf\u00e4hige Preise zu erzielen und auf die gro\u00dfe Vielfalt an Teilen zu reagieren, die wir herstellen m\u00fcssen.<\/p>\n<p>Klar gekennzeichnete, offene G\u00e4nge und gut geplante Arbeitspl\u00e4tze sorgen f\u00fcr einen Materialfluss und <strong>machen es zu einem sicheren und sauberen Arbeitsplatz<\/strong>.[\/vc_column_text][\/vc_column][\/vc_row][vc_row][vc_column css=&#8221;.vc_custom_1632590730983{margin-top: 30px !important;margin-bottom: 30px !important;}&#8221;][vc_separator][\/vc_column][\/vc_row][vc_row gap=&#8221;30&#8243; content_placement=&#8221;middle&#8221; el_class=&#8221;row-reverse&#8221;][vc_column width=&#8221;1\/2&#8243;][vc_column_text]<\/p>\n<h4>Die fertigen Produkte<\/h4>\n<p>Jede von unserem Fertigungsteam hergestellte Komponente ist Teil der UNISIG-Produktlinie. <strong>Das fertige Produkt zeigt die Verarbeitung und Pr\u00e4zision, die von hochwertigen Ger\u00e4ten erwartet<\/strong>. Viele der Maschinenkonstruktionen basieren auf den F\u00e4higkeiten unserer Fertigungsabteilung.<\/p>\n<p>Die klaren Linien und effektiven Verkleidungen von CNC-Maschinen werden durch die Blechbearbeitung erm\u00f6glicht. Die inneren Strukturen der tragenden Systeme, Fl\u00fcssigkeitsbeh\u00e4lter und Hunderte anderer Bereiche werden durch Pr\u00e4zisionsfertigung beeinflusst. <strong>Robotergest\u00fctzte Automatisierungssysteme verwenden in jedem Teil des Aufbaus vorgefertigte Komponenten<\/strong> \u2013 integrierte Sockel, Halterungen f\u00fcr elektrische Ger\u00e4te und Bedienkonsolen.[\/vc_column_text][\/vc_column][vc_column width=&#8221;1\/2&#8243;][vc_single_image image=&#8221;205027&#8243; img_size=&#8221;large&#8221;][\/vc_column][\/vc_row][vc_row][vc_column css=&#8221;.vc_custom_1632590730983{margin-top: 30px !important;margin-bottom: 30px !important;}&#8221;][vc_separator][vc_column_text]<\/p>\n<h6 style=\"text-align: center;\">UNISIG KERNKOMPETENZEN<\/h6>\n<p style=\"text-align: center;\"><a href=\"https:\/\/unisig.com\/de\/kernkompetenz\/mechanische-konstruktion\" rel=\"noopener\">Konstruktion<\/a>\u00a0| <a href=\"https:\/\/unisig.com\/de\/kernkompetenz\/elektrotechnik\" rel=\"noopener\">Elektrotechnik<\/a> | <a href=\"https:\/\/unisig.com\/de\/kernkompetenz\/spanende-bearbeitung\/\" rel=\"noopener\">Spanende Bearbeitung |<\/a> <a href=\"https:\/\/unisig.com\/de\/kernkompentenzen\/blechbearbeitung\">Blechbearbeitung<\/a> |\u00a0<a href=\"https:\/\/unisig.com\/de\/kernkompetenz\/mechanische-montage\/\" rel=\"noopener\">Mechanische Montage<\/a> | <a href=\"https:\/\/unisig.com\/de\/kernkompetenz\/elektrische-montage\/\" rel=\"noopener\">Elektrische Montage<\/a> | <a href=\"https:\/\/unisig.com\/de\/kernkompetenz\/praezisionskalibrierung\/\" rel=\"noopener\">Pr\u00e4zisionskalibrierung<\/a>\u00a0| <a href=\"https:\/\/unisig.com\/de\/kernkompetenz\/maschinenservice\/\" rel=\"noopener\">Maschinenservice |<\/a> <a href=\"https:\/\/unisig.com\/de\/kernkompetenz\/schulung\/\">Schulung<\/a><\/p>\n<p>[\/vc_column_text][vc_separator][vc_column_text]<\/p>\n<h6 style=\"text-align: center;\">GEF\u00c4LLT IHNEN, WAS SIE SEHEN? <a href=\"https:\/\/unisig.com\/careers-at-unisig\">Informieren Sie sich \u00fcber aktuelle Stellenangebote bei UNISIG<\/a><\/h6>\n<p>[\/vc_column_text][vc_separator][\/vc_column][\/vc_row]<\/p>\n<\/div>","protected":false},"excerpt":{"rendered":"<p>[vc_row][vc_column][vc_column_text][\/vc_column_text][\/vc_column][\/vc_row][vc_row gap=&#8221;30&#8243;][vc_column width=&#8221;1\/2&#8243;][vc_column_text] Kernkompetenz &#8211; Pr\u00e4zisionsbearbeitung Pr\u00e4zision ist ein Lebensstil bei UNISIG; Unser Gesch\u00e4ft ist Pr\u00e4zisionsfertigung, nicht nur Fertigung. Wir sorgen durch Fertigungstechnologien f\u00fcr au\u00dfergew\u00f6hnliche Genauigkeiten und unsere handwerkliche Qualit\u00e4t zeigt sich in jedem Schritt. Vorgefertigte Komponenten sind oft Teile der Einhausungen einer Maschine und daher das Erste, was unsere Kunden sehen. Dank unserer hauseigenen<a href=\"https:\/\/unisig.com\/de\/kernkompentenzen\/blechbearbeitung\" class=\"more-link\">Read More<\/a><\/p>\n","protected":false},"author":3,"featured_media":0,"parent":0,"menu_order":0,"comment_status":"closed","ping_status":"closed","template":"","meta":{"_acf_changed":false,"footnotes":""},"folder":[1175],"class_list":["post-205057","page","type-page","status-publish","hentry"],"acf":[],"_links":{"self":[{"href":"https:\/\/unisig.com\/de\/wp-json\/wp\/v2\/pages\/205057","targetHints":{"allow":["GET"]}}],"collection":[{"href":"https:\/\/unisig.com\/de\/wp-json\/wp\/v2\/pages"}],"about":[{"href":"https:\/\/unisig.com\/de\/wp-json\/wp\/v2\/types\/page"}],"author":[{"embeddable":true,"href":"https:\/\/unisig.com\/de\/wp-json\/wp\/v2\/users\/3"}],"replies":[{"embeddable":true,"href":"https:\/\/unisig.com\/de\/wp-json\/wp\/v2\/comments?post=205057"}],"version-history":[{"count":0,"href":"https:\/\/unisig.com\/de\/wp-json\/wp\/v2\/pages\/205057\/revisions"}],"wp:attachment":[{"href":"https:\/\/unisig.com\/de\/wp-json\/wp\/v2\/media?parent=205057"}],"wp:term":[{"taxonomy":"folder","embeddable":true,"href":"https:\/\/unisig.com\/de\/wp-json\/wp\/v2\/folder?post=205057"}],"curies":[{"name":"wp","href":"https:\/\/api.w.org\/{rel}","templated":true}]}}