{"id":205453,"date":"2023-07-14T01:50:44","date_gmt":"2023-07-14T06:50:44","guid":{"rendered":"https:\/\/stagingxx.unisig.com\/dienstleistungen-support\/dienst\/"},"modified":"2023-07-14T08:03:22","modified_gmt":"2023-07-14T13:03:22","slug":"service","status":"publish","type":"page","link":"https:\/\/unisig.com\/de\/ersatzteile-serivce\/service","title":{"rendered":"Service"},"content":{"rendered":"<div class=\"wpb-content-wrapper\"><p>[vc_row][vc_column][vc_single_image image=&#8221;201762&#8243; img_size=&#8221;full&#8221;][unisig_title title=&#8221;UNISIG Service&#8221;][\/vc_column][\/vc_row][vc_row][vc_column][vc_column_text]UNISIG verf\u00fcgt \u00fcber ein engagiertes Serviceteam, das f\u00fcr den technischen Support zur Verf\u00fcgung steht. Wenn ein Problem nicht telefonisch oder per E-Mail gel\u00f6st werden kann, sind wir in der Lage, einen Ferndiagnoseservice f\u00fcr die zahlreichen Maschinen anzubieten, die mit unserem sicheren Fernwartungssystem ausgestattet sind.<\/p>\n<p>Unsere Servicegruppe steht in engem Kontakt mit den UNISIG-Engineering- und Ersatzteilteams, sodass Sie sicher sein k\u00f6nnen, dass Sie mit jemandem sprechen, der Ihnen die Hilfe geben kann, die Sie ben\u00f6tigen. Wir sind bestrebt, schnell zu reagieren und nutzen unsere Erfahrung, um einem Problem in k\u00fcrzester Zeit auf den Grund zu gehen.<\/p>\n<p>Wenn unser Serviceteam zur Unterst\u00fctzung kontaktiert wird, protokollieren wir den Serviceverlauf f\u00fcr die Seriennummer Ihrer Maschine, um wiederkehrende Probleme zu verfolgen und unsere F\u00e4higkeit zu verbessern, Sie in Zukunft zu unterst\u00fctzen.<\/p>\n<p>F\u00fcr die Fehlersuche und Reparatur vor Ort steht Ihnen unser Serviceteam zur Verf\u00fcgung. Wir sind auch in der Lage, vorbeugende Wartungsprogramme, Maschinenausrichtung und Maschinenverlagerungen anzubieten.[\/vc_column_text][\/vc_column][\/vc_row][vc_row][vc_column][vc_cta h2=&#8221;Service-Team kontaktieren&#8221; h2_font_container=&#8221;color:%23005288&#8243; h2_google_fonts=&#8221;font_family:Open%20Sans%3A300%2C300italic%2Cregular%2Citalic%2C600%2C600italic%2C700%2C700italic%2C800%2C800italic|font_style:400%20regular%3A400%3Anormal&#8221; shape=&#8221;square&#8221; style=&#8221;custom&#8221; add_button=&#8221;bottom&#8221; btn_title=&#8221;Service Kontaktieren&#8221; btn_shape=&#8221;square&#8221; use_custom_fonts_h2=&#8221;true&#8221; btn_add_icon=&#8221;true&#8221; custom_background=&#8221;#e3e3e3&#8243; custom_text=&#8221;#151515&#8243; css=&#8221;.vc_custom_1689338640157{border-top-width: 0px !important;border-right-width: 0px !important;border-bottom-width: 0px !important;border-left-width: 0px !important;}&#8221; h2_link=&#8221;||&#8221; btn_link=&#8221;url:https%3A%2F%2Funisig.com%2Fde%2Fkontaktieren-sie-uns%2Fserviceanfrage%2F|title:Serviceanfrage||&#8221;]<a href=\"https:\/\/unisig.com\/de\/kontaktieren-sie-uns\/serviceanfrage\/\">Kontaktieren Sie unser Serviceteam<\/a> oder rufen Sie uns an f\u00fcr:<br \/>\nEuropa: +49 7125 9687590, Standard-Servicezeiten <strong>8:00-17:00 Uhr MESZ<\/strong><br \/>\nWeltweit +1 262-252-5151, Standard-Servicezeiten <strong>7:00-16:30 Uhr CST<\/strong>[\/vc_cta][\/vc_column][\/vc_row]<\/p>\n<\/div>","protected":false},"excerpt":{"rendered":"<p>[vc_row][vc_column][vc_single_image image=&#8221;201762&#8243; img_size=&#8221;full&#8221;][unisig_title title=&#8221;UNISIG Service&#8221;][\/vc_column][\/vc_row][vc_row][vc_column][vc_column_text]UNISIG verf\u00fcgt \u00fcber ein engagiertes Serviceteam, das f\u00fcr den technischen Support zur Verf\u00fcgung steht. Wenn ein Problem nicht telefonisch oder per E-Mail gel\u00f6st werden kann, sind wir in der Lage, einen Ferndiagnoseservice f\u00fcr die zahlreichen Maschinen anzubieten, die mit unserem sicheren Fernwartungssystem ausgestattet sind. Unsere Servicegruppe steht in engem Kontakt mit<a href=\"https:\/\/unisig.com\/de\/ersatzteile-serivce\/service\" class=\"more-link\">Read More<\/a><\/p>\n","protected":false},"author":3,"featured_media":0,"parent":6527,"menu_order":0,"comment_status":"closed","ping_status":"closed","template":"page-templates\/template-2.php","meta":{"_acf_changed":false,"footnotes":""},"folder":[1197],"class_list":["post-205453","page","type-page","status-publish","hentry"],"acf":[],"_links":{"self":[{"href":"https:\/\/unisig.com\/de\/wp-json\/wp\/v2\/pages\/205453","targetHints":{"allow":["GET"]}}],"collection":[{"href":"https:\/\/unisig.com\/de\/wp-json\/wp\/v2\/pages"}],"about":[{"href":"https:\/\/unisig.com\/de\/wp-json\/wp\/v2\/types\/page"}],"author":[{"embeddable":true,"href":"https:\/\/unisig.com\/de\/wp-json\/wp\/v2\/users\/3"}],"replies":[{"embeddable":true,"href":"https:\/\/unisig.com\/de\/wp-json\/wp\/v2\/comments?post=205453"}],"version-history":[{"count":0,"href":"https:\/\/unisig.com\/de\/wp-json\/wp\/v2\/pages\/205453\/revisions"}],"up":[{"embeddable":true,"href":"https:\/\/unisig.com\/de\/wp-json\/wp\/v2\/pages\/6527"}],"wp:attachment":[{"href":"https:\/\/unisig.com\/de\/wp-json\/wp\/v2\/media?parent=205453"}],"wp:term":[{"taxonomy":"folder","embeddable":true,"href":"https:\/\/unisig.com\/de\/wp-json\/wp\/v2\/folder?post=205453"}],"curies":[{"name":"wp","href":"https:\/\/api.w.org\/{rel}","templated":true}]}}