{"id":205472,"date":"2023-07-14T07:51:14","date_gmt":"2023-07-14T12:51:14","guid":{"rendered":"https:\/\/stagingxx.unisig.com\/dienstleistungen-support\/teile\/"},"modified":"2023-11-30T01:50:16","modified_gmt":"2023-11-30T07:50:16","slug":"teile","status":"publish","type":"page","link":"https:\/\/unisig.com\/de\/ersatzteile-service\/teile\/","title":{"rendered":"UNISIG-Ersatzteile"},"content":{"rendered":"<div class=\"wpb-content-wrapper\"><p>[vc_row][vc_column][vc_single_image image=&#8221;205999&#8243; img_size=&#8221;full&#8221;][unisig_title title=&#8221;UNISIG Ersatzteile&#8221;][\/vc_column][\/vc_row][vc_row][vc_column][vc_column_text]Wir halten einen zielgerichteten Ersatzteilebestand vor, im Wert von \u00fcber 3 Millionen, f\u00fcr einen schnellen Versand um den Betrieb unserer Kunden aufrechtzuerhalten. Unser Lager verf\u00fcgt \u00fcber hochmoderne Lagerlifte (VLM) f\u00fcr eine Lagerung mit hoher Dichte, die in unser ERP-System integriert sind und die Genauigkeit und Effizienz des Teilebestands maximieren. Sollten wir nicht \u00fcber das richtige Teil verf\u00fcgen, so k\u00f6nnen wir die Lieferung durch unsere Eigenfertigung beschleunigen oder unsere langj\u00e4hrigen Lieferantenbeziehungen nutzen, um die Lieferzeit zu verk\u00fcrzen.<\/p>\n<p>Einige \u00fcber 30 Jahre alte UNISIG-Maschinen sind immer noch bei unseren Kunden im Einsatz. Wenn Komponenten nicht mehr verf\u00fcgbar sind, k\u00f6nnen wir Umbau- oder Nachr\u00fcstungsoptionen anbieten, um Ihre Maschinen unabh\u00e4ngig von ihrem Baujahr am Laufen zu halten.<\/p>\n<p>Wenn Sie Ihre Ersatzteile bei UNISIG kaufen, k\u00f6nnen wir sie mit technischem Support unterst\u00fctzen, um sicherzustellen, dass die richtigen Artikel anhand der St\u00fcckliste und der Servicehistorie Ihrer Maschinen identifiziert werden.<\/p>\n<p>Bei Bedarf steht unser Serviceteam auch f\u00fcr den Teileeinbau vor Ort zur Verf\u00fcgung.[\/vc_column_text][\/vc_column][\/vc_row][vc_row][vc_column][vc_cta h2=&#8221;Wenden Sie sich an den Ersatzteilvertrieb&#8221; h2_font_container=&#8221;color:%23005288&#8243; h2_google_fonts=&#8221;font_family:Open%20Sans%3A300%2C300italic%2Cregular%2Citalic%2C600%2C600italic%2C700%2C700italic%2C800%2C800italic|font_style:400%20regular%3A400%3Anormal&#8221; shape=&#8221;square&#8221; style=&#8221;custom&#8221; add_button=&#8221;bottom&#8221; btn_title=&#8221;Ihre Ersatzteilanfrage&#8221; btn_shape=&#8221;square&#8221; use_custom_fonts_h2=&#8221;true&#8221; btn_add_icon=&#8221;true&#8221; custom_background=&#8221;#e3e3e3&#8243; custom_text=&#8221;#151515&#8243; css=&#8221;.vc_custom_1689339780199{border-top-width: 0px !important;border-right-width: 0px !important;border-bottom-width: 0px !important;border-left-width: 0px !important;}&#8221; h2_link=&#8221;||&#8221; btn_link=&#8221;url:https%3A%2F%2Funisig.com%2Fde%2Fkontaktieren-sie-uns%2Fersatzteile%2F|title:Ersatzteilanfrage||&#8221;]<a href=\"https:\/\/unisig.com\/de\/kontaktieren-sie-uns\/ersatzteile\/\">Kontaktieren Sie unser Ersatzteile-Team<\/a> oder rufen Sie uns an f\u00fcr:<br \/>\nEuropa: +49 7125 9687590, Standard-Servicezeiten <strong>8:00-17:00 Uhr MESZ<\/strong><br \/>\nWeltweit +1 262-252-5151, Standard-Servicezeiten <strong>7:00-16:30 Uhr CST<\/strong>[\/vc_cta][\/vc_column][\/vc_row]<\/p>\n<\/div>","protected":false},"excerpt":{"rendered":"<p>[vc_row][vc_column][vc_single_image image=&#8221;205999&#8243; img_size=&#8221;full&#8221;][unisig_title title=&#8221;UNISIG Ersatzteile&#8221;][\/vc_column][\/vc_row][vc_row][vc_column][vc_column_text]Wir halten einen zielgerichteten Ersatzteilebestand vor, im Wert von \u00fcber 3 Millionen, f\u00fcr einen schnellen Versand um den Betrieb unserer Kunden aufrechtzuerhalten. Unser Lager verf\u00fcgt \u00fcber hochmoderne Lagerlifte (VLM) f\u00fcr eine Lagerung mit hoher Dichte, die in unser ERP-System integriert sind und die Genauigkeit und Effizienz des Teilebestands maximieren. Sollten wir<a href=\"https:\/\/unisig.com\/de\/ersatzteile-service\/teile\/\" class=\"more-link\">Read More<\/a><\/p>\n","protected":false},"author":3,"featured_media":0,"parent":6527,"menu_order":0,"comment_status":"closed","ping_status":"closed","template":"page-templates\/template-2.php","meta":{"_acf_changed":false,"footnotes":""},"folder":[1197],"class_list":["post-205472","page","type-page","status-publish","hentry"],"acf":[],"_links":{"self":[{"href":"https:\/\/unisig.com\/de\/wp-json\/wp\/v2\/pages\/205472","targetHints":{"allow":["GET"]}}],"collection":[{"href":"https:\/\/unisig.com\/de\/wp-json\/wp\/v2\/pages"}],"about":[{"href":"https:\/\/unisig.com\/de\/wp-json\/wp\/v2\/types\/page"}],"author":[{"embeddable":true,"href":"https:\/\/unisig.com\/de\/wp-json\/wp\/v2\/users\/3"}],"replies":[{"embeddable":true,"href":"https:\/\/unisig.com\/de\/wp-json\/wp\/v2\/comments?post=205472"}],"version-history":[{"count":0,"href":"https:\/\/unisig.com\/de\/wp-json\/wp\/v2\/pages\/205472\/revisions"}],"up":[{"embeddable":true,"href":"https:\/\/unisig.com\/de\/wp-json\/wp\/v2\/pages\/6527"}],"wp:attachment":[{"href":"https:\/\/unisig.com\/de\/wp-json\/wp\/v2\/media?parent=205472"}],"wp:term":[{"taxonomy":"folder","embeddable":true,"href":"https:\/\/unisig.com\/de\/wp-json\/wp\/v2\/folder?post=205472"}],"curies":[{"name":"wp","href":"https:\/\/api.w.org\/{rel}","templated":true}]}}