{"id":205893,"date":"2023-10-05T01:24:09","date_gmt":"2023-10-05T06:24:09","guid":{"rendered":"https:\/\/stagingxx.unisig.com\/leben-in-wisconsin\/"},"modified":"2023-10-05T09:15:08","modified_gmt":"2023-10-05T14:15:08","slug":"leben-in-wisconsin","status":"publish","type":"page","link":"https:\/\/unisig.com\/de\/leben-in-wisconsin","title":{"rendered":"Leben in Wisconsin"},"content":{"rendered":"<div class=\"wpb-content-wrapper\"><p>[vc_row][vc_column]<div class=\"avt_masterslider_el \" >\n\t\t<!-- MasterSlider -->\n\t\t<div id=\"P_MS69d28ed85f14a\" class=\"master-slider-parent ms-parent-id-50\" style=\"\" >\n\n\t\t\t\n\t\t\t<!-- MasterSlider Main -->\n\t\t\t<div id=\"MS69d28ed85f14a\" class=\"master-slider ms-skin-black-2 round-skin\" >\n\t\t\t\t \t\t\t\t \n\n\t\t\t<div  class=\"ms-slide\" data-delay=\"3\" data-fill-mode=\"fill\"   >\n\t\t\t\t\t<img decoding=\"async\" src=\"https:\/\/unisig.com\/wp-content\/plugins\/masterslider\/public\/assets\/css\/blank.gif\" alt=\"\" title=\"SliderA\" data-src=\"https:\/\/unisig.com\/wp-content\/smush-webp\/2023\/09\/SliderA.jpg.webp\" \/>\n\n\n\t\t\t\t<\/div>\n\t\t\t<div  class=\"ms-slide\" data-delay=\"3\" data-fill-mode=\"fill\"   >\n\t\t\t\t\t<img decoding=\"async\" src=\"https:\/\/unisig.com\/wp-content\/plugins\/masterslider\/public\/assets\/css\/blank.gif\" alt=\"\" title=\"SliderB\" data-src=\"https:\/\/unisig.com\/wp-content\/smush-webp\/2023\/09\/SliderB.jpg.webp\" \/>\n\n\n\t\t\t\t<\/div>\n\t\t\t<div  class=\"ms-slide\" data-delay=\"3\" data-fill-mode=\"fill\"   >\n\t\t\t\t\t<img decoding=\"async\" src=\"https:\/\/unisig.com\/wp-content\/plugins\/masterslider\/public\/assets\/css\/blank.gif\" alt=\"\" title=\"SliderD\" data-src=\"https:\/\/unisig.com\/wp-content\/smush-webp\/2023\/09\/SliderD.jpg.webp\" \/>\n\n\n\t\t\t\t<\/div>\n\t\t\t<div  class=\"ms-slide\" data-delay=\"3\" data-fill-mode=\"fill\"   >\n\t\t\t\t\t<img decoding=\"async\" src=\"https:\/\/unisig.com\/wp-content\/plugins\/masterslider\/public\/assets\/css\/blank.gif\" alt=\"\" title=\"SliderE\" data-src=\"https:\/\/unisig.com\/wp-content\/smush-webp\/2023\/09\/SliderE.jpg.webp\" \/>\n\n\n\t\t\t\t<\/div>\n\t\t\t<div  class=\"ms-slide\" data-delay=\"3\" data-fill-mode=\"fill\"   >\n\t\t\t\t\t<img decoding=\"async\" src=\"https:\/\/unisig.com\/wp-content\/plugins\/masterslider\/public\/assets\/css\/blank.gif\" alt=\"\" title=\"SlliderC\" data-src=\"https:\/\/unisig.com\/wp-content\/smush-webp\/2023\/09\/SlliderC.jpg.webp\" \/>\n\n\n\t\t\t\t<\/div>\n\n\t\t\t<\/div>\n\t\t\t<!-- END MasterSlider Main -->\n\n\t\t\t \n\t\t<\/div>\n\t\t<!-- END MasterSlider -->\n\n\t\t<script>\n\t\t( window.MSReady = window.MSReady || [] ).push( function( $ ) {\n\n\t\t\t\"use strict\";\n\t\t\tvar masterslider_f14a = new MasterSlider();\n\n\t\t\t\/\/ slider controls\n\t\t\tmasterslider_f14a.control('arrows'     ,{ autohide:true, overVideo:true  });\n\t\t\t\/\/ slider setup\n\t\t\tmasterslider_f14a.setup(\"MS69d28ed85f14a\", {\n\t\t\t\twidth           : 1600,\n\t\t\t\theight          : 400,\n\t\t\t\tminHeight       : 0,\n\t\t\t\tspace           : 5,\n\t\t\t\tstart           : 1,\n\t\t\t\tgrabCursor      : true,\n\t\t\t\tswipe           : true,\n\t\t\t\tmouse           : true,\n\t\t\t\tkeyboard        : false,\n\t\t\t\tlayout          : \"fullwidth\",\n\t\t\t\twheel           : false,\n\t\t\t\tautoplay        : true,\n                instantStartLayers:false,\n\t\t\t\tmobileBGVideo:false,\n\t\t\t\tloop            : false,\n\t\t\t\tshuffle         : false,\n\t\t\t\tpreload         : 0,\n\t\t\t\theightLimit     : true,\n\t\t\t\tautoHeight      : false,\n\t\t\t\tsmoothHeight    : true,\n\t\t\t\tendPause        : false,\n\t\t\t\toverPause       : true,\n\t\t\t\tfillMode        : \"fill\",\n\t\t\t\tcenterControls  : true,\n\t\t\t\tstartOnAppear   : false,\n\t\t\t\tlayersMode      : \"center\",\n\t\t\t\tautofillTarget  : \"\",\n\t\t\t\thideLayers      : false,\n\t\t\t\tfullscreenMargin: 0,\n\t\t\t\tspeed           : 20,\n\t\t\t\tdir             : \"h\",\n\t\t\t\tresponsive      : true,\n\t\t\t\ttabletWidth     : 768,\n\t\t\t\ttabletHeight    : null,\n\t\t\t\tphoneWidth      : 480,\n\t\t\t\tphoneHeight    : null,\n\t\t\t\tsizingReference : window,\n\t\t\t\tparallaxMode    : 'swipe',\n\t\t\t\tview            : \"fadeBasic\"\n\t\t\t});\n\n\t\t\t\n\t\t\twindow.masterslider_instances = window.masterslider_instances || [];\n\t\t\twindow.masterslider_instances.push( masterslider_f14a );\n\t\t});\n\t\t<\/script>\n\n<\/div>[\/vc_column][\/vc_row][vc_row gap=&#8221;30&#8243;][vc_column width=&#8221;1\/2&#8243;][vc_column_text]<\/p>\n<h4>Ein gro\u00dfartiger Ort zum leben<\/h4>\n<p>UNISIG befindet sich in der s\u00fcd\u00f6stlichen Ecke des sch\u00f6nen Wisconsin. Wir sind nur wenige Kilometer von all dem Sport, dem Nachtleben und den kulturellen Aktivit\u00e4ten entfernt, die Milwaukee zu bieten hat, und eine kurze Fahrt von Dutzenden von Seen, W\u00e4ldern, State Parks und Outdoor-Abenteuern entfernt. Wisconsin bietet vier dramatische Jahreszeiten, und jede hat ihren eigenen Charme. Genie\u00dfen Sie das Trekking durch stille Schneef\u00e4lle oder das Planschen in den k\u00fchlen, klaren Seen &#8211; und vergessen wir nicht die klare, frische Luft der Herbstwanderungen.[\/vc_column_text][\/vc_column][vc_column width=&#8221;1\/2&#8243;][vc_column_text]<\/p>\n<h4>F\u00fcr jeden etwas dabei<\/h4>\n<p>Ganz gleich, ob Sie Musik und Festivals m\u00f6gen oder Schneemobil und Boot fahren, Wisconsin hat f\u00fcr jeden etwas zu bieten. Wir sind sehr stolz auf unsere Schulsysteme und national anerkannten Hochschulen und Universit\u00e4ten. Von Kleinst\u00e4dten bis hin zu Gro\u00dfst\u00e4dten, Sie werden bestimmt etwas zu finden, das Ihnen gef\u00e4llt. UNISIG ist innerhalb von 30 Minuten von einem internationalen Flughafen, zwei Stunden von Chicago entfernt und umgeben von pulsierenden Gemeinden mit Restaurants und Einkaufsm\u00f6glichkeiten in H\u00fclle und F\u00fclle.[\/vc_column_text][\/vc_column][\/vc_row][vc_row][vc_column css=&#8221;.vc_custom_1632590730983{margin-top: 30px !important;margin-bottom: 30px !important;}&#8221;][vc_column_text]<\/p>\n<p style=\"text-align: center;\"><em>Die Fotos auf dieser Seite stammen alle von unseren Mitarbeitern, die zeigen wollten, was ihnen am Leben in Wisconsin am besten gef\u00e4llt<\/em><\/p>\n<p>[\/vc_column_text][\/vc_column][\/vc_row][vc_row][vc_column css=&#8221;.vc_custom_1632590730983{margin-top: 30px !important;margin-bottom: 30px !important;}&#8221;][vc_separator][\/vc_column][\/vc_row][vc_row gap=&#8221;30&#8243; content_placement=&#8221;middle&#8221;][vc_column width=&#8221;1\/2&#8243;][vc_gallery interval=&#8221;3&#8243; images=&#8221;205715,205856,205721,205724,205727,205730,205859,205733&#8243; img_size=&#8221;full&#8221; title=&#8221;Jahreszeiten&#8221;][\/vc_column][vc_column width=&#8221;1\/2&#8243;][vc_column_text]<\/p>\n<h4>Die sch\u00f6nen Jahreszeiten in Wisconsin<\/h4>\n<p>Jede Jahreszeit hat ihren eigenen Charakter und eine Auswahl an Aktivit\u00e4ten f\u00fcr die Einwohner von Wisconsin. Die unvergessliche Sch\u00f6nheit des Winters bildet die Kulisse f\u00fcr Skifahren, Schneemobilfahren, Eisfischen und Rodeln. Bald ist Fr\u00fchling, und die vielen Seen von Wisconsin sind frei zug\u00e4nglich, wenn die Boots-, Segel- und Angelsaison beginnt. Die Sommerzeit ist vollgepackt mit Outdoor-Abenteuern sowie Jahrm\u00e4rktens und anderen Festivals, die man im ganzen Bundesstaat besuchen kann. Wenn der Herbst Abk\u00fchlung bringt, ist es eine gro\u00dfartige Zeit, um zu wandern oder zu campen, eine K\u00fcrbisfarm zu besuchen oder ein Lagerfeuer zu genie\u00dfen &#8211; und die Jagdsaison beginnt.<\/p>\n<p>Motorsport-Enthusiasten haben viele M\u00f6glichkeiten, jede Jahreszeit zu genie\u00dfen, darunter ATV- oder UTV-Offroading, Schneemobilfahren, Motorrad- und Dirtbike-Fahren, Bootfahren und Jetski sowie Truck- und Tractor-Pulling. Weitere gro\u00dfartige Optionen sind Autorennen und Radrennen in Road America, der Milwaukee Mile und lokalen Strecken wie dem Slinger Speedway.[\/vc_column_text][\/vc_column][\/vc_row][vc_row][vc_column css=&#8221;.vc_custom_1632590730983{margin-top: 30px !important;margin-bottom: 30px !important;}&#8221;][vc_separator][\/vc_column][\/vc_row][vc_row gap=&#8221;30&#8243; content_placement=&#8221;middle&#8221; el_class=&#8221;row-reverse&#8221;][vc_column width=&#8221;1\/2&#8243;][vc_column_text]<\/p>\n<h4>Wenn du die Natur magst, wirst du es hier lieben<\/h4>\n<p>Wisconsin ist reich an nat\u00fcrlicher Sch\u00f6nheit und Merkmalen wie Fl\u00fcssen, Seen und W\u00e4ldern und ist ein Paradies f\u00fcr Sportler. Wenn Sie gerne wandern oder Schneeschuhwandern gehen, gibt es im ganzen Bundesstaat Parks und Wanderwege, die Sie erkunden k\u00f6nnen. Jagen und angeln Sie gerne? Dann sind Sie hier genau richtig. Und wenn Sie das Bed\u00fcrfnis nach Geschwindigkeit versp\u00fcren, bietet Wisconsin kilometerlange Strecken f\u00fcr ATV- und Schneemobilfahrten, Dirtbike-Rennen und Drag-Racing-Strecken.<\/p>\n<p>Jede Jahreszeit bietet neue Gr\u00fcnde, Wisconsins unglaubliche Seen und Fl\u00fcsse zu besuchen, malerische Stra\u00dfen, die den Bundesstaat durchqueren, abgelegene Orte zum Wandern, Angeln oder Jagen und vieles mehr. Vom dicht bewaldeten Norden des Bundesstaates \u00fcber die H\u00fcgel und T\u00e4ler des endlosen S\u00fcdwestens bis hin zu den Ufern des Lake Michigan warten Abenteuer auf Sie.[\/vc_column_text][\/vc_column][vc_column width=&#8221;1\/2&#8243;][vc_gallery interval=&#8221;3&#8243; images=&#8221;205742,205745,205748,205863,205754,205739&#8243; img_size=&#8221;full&#8221; title=&#8221;Drau\u00dfen&#8221;][\/vc_column][\/vc_row][vc_row][vc_column css=&#8221;.vc_custom_1632590730983{margin-top: 30px !important;margin-bottom: 30px !important;}&#8221;][vc_separator][\/vc_column][\/vc_row][vc_row gap=&#8221;30&#8243; content_placement=&#8221;middle&#8221;][vc_column width=&#8221;1\/2&#8243;][vc_gallery interval=&#8221;3&#8243; images=&#8221;205866,205760,205763,205766,205769&#8243; img_size=&#8221;full&#8221; title=&#8221;Stadt &amp; Nachtleben&#8221;][\/vc_column][vc_column width=&#8221;1\/2&#8243;][vc_column_text]<\/p>\n<h4>Nachtleben und Lichter der Stadt<\/h4>\n<p>Der Charme von Wisconsin endet nicht dort, wo die B\u00fcrgersteige beginnen. Sportfans finden in Milwaukee und Green Bay viel Grund zum Jubeln, und die Musikszene hier ist unglaublich. Das weltber\u00fchmte Summerfest in Milwaukee zieht Top-K\u00fcnstler aus fast allen Musikgenres an, und Menschen reisen aus dem ganzen Land an, um dieses Festival zu genie\u00dfen, das nur eine kurze Autofahrt von unserer Nachbarschaft entfernt ist.<\/p>\n<p>Restaurants mit kulturellen K\u00f6stlichkeiten oder lokalen Versionen aller Favoriten gibt es in jeder Stadt. Kunstliebhaber werden sich \u00fcber das Milwaukee Symphony Orchestra, das Milwaukee Art Museum, das Milwaukee Repertory Theater und kleinere Organisationen in den Nachbargemeinden freuen.[\/vc_column_text][\/vc_column][\/vc_row][vc_row][vc_column css=&#8221;.vc_custom_1632590730983{margin-top: 30px !important;margin-bottom: 30px !important;}&#8221;][vc_separator][\/vc_column][\/vc_row][vc_row gap=&#8221;30&#8243; content_placement=&#8221;middle&#8221; el_class=&#8221;row-reverse&#8221;][vc_column width=&#8221;1\/2&#8243;][vc_column_text]<\/p>\n<h4>Ihre neue Nachbarschaft<\/h4>\n<p>UNISIG befindet sich im Ort Menomonee Falls, das 1892 gegr\u00fcndet wurde und in dem mehr als 38.000 Menschen leben. &#8220;The Falls&#8221; verf\u00fcgt \u00fcber mehrere mittelgro\u00dfe Hersteller und Gewerbegebiete, eine gro\u00dfe Auswahl an Einkaufsm\u00f6glichkeiten und Restaurants, zahlreiche Parks und Wanderwege, sch\u00f6ne Golfpl\u00e4tze, einen \u00f6ffentlichen K-12-Schulbezirk, der im Bundesstaat auf Platz 25 liegt, und mehrere kirchliche und private Schulen.<\/p>\n<p>Benachbarte Gemeinden wie Milwaukee, Sussex, Germantown, Wauwatosa und Brookfield sind ebenfalls gute M\u00f6glichkeiten, sich niederzulassen. Und das alles innerhalb von 30 Minuten vom Mitchell International Airport, zwei Stunden von Chicago oder Green Bay und vier Stunden von Minneapolis.[\/vc_column_text][\/vc_column][vc_column width=&#8221;1\/2&#8243;][vc_gallery interval=&#8221;3&#8243; images=&#8221;205775,205778,205781,205784,205787,205772&#8243; img_size=&#8221;full&#8221; title=&#8221;Nachbarschaft&#8221;][\/vc_column][\/vc_row][vc_row][vc_column css=&#8221;.vc_custom_1632590730983{margin-top: 30px !important;margin-bottom: 30px !important;}&#8221;][vc_separator][\/vc_column][\/vc_row][vc_row gap=&#8221;30&#8243; content_placement=&#8221;middle&#8221;][vc_column width=&#8221;1\/2&#8243;][vc_gallery interval=&#8221;3&#8243; images=&#8221;205793,205796,205799,205872,205869,205790&#8243; img_size=&#8221;full&#8221; title=&#8221;Gut gerankt&#8221;][\/vc_column][vc_column width=&#8221;1\/2&#8243;][vc_column_text]<\/p>\n<h4>Bundesland mit nationalem Rang<\/h4>\n<p>US News &amp; World Report listet Wisconsin als #8 in der Gesamtrangliste der besten Orte zum Leben. Der Bericht gibt dem Badger State (der Dachs ist unser Staatstier) gute Noten in den Bereichen Bildung, Haushaltsstabilit\u00e4t, Gesundheitsversorgung und allgemeine Chancen. F\u00fcgen Sie den angemessenen Lebenshaltungskostenindex hinzu und Sie haben noch mehr Gr\u00fcnde, Wisconsin zu Ihrem neuen Zuhause zu machen.<\/p>\n<p>Unsere ganzer Stolz, die University of Wisconsin, befindet sich in der Stadt Madison, etwa 90 Minuten vom Hauptsitz der UNISIG entfernt, und es gibt mehrere Satellitencampusse in anderen Gebieten des Bundesstaates, wie Milwaukee, Whitewater, Oshkosh und Green Bay. In der Innenstadt von Milwaukee befinden sich die Marquette University, das Milwaukee Area Technical College und die Milwaukee School of Engineering.<\/p>\n<p>Weitere Schulen in der N\u00e4he sind die Carroll University und das Waukesha County Technical College in Waukesha, Alverno in Milwaukee, die Lawrence University in Appleton und viele mehr.[\/vc_column_text][\/vc_column][\/vc_row][vc_row][vc_column css=&#8221;.vc_custom_1632590730983{margin-top: 30px !important;margin-bottom: 30px !important;}&#8221;][vc_separator][\/vc_column][\/vc_row][vc_row gap=&#8221;30&#8243; content_placement=&#8221;middle&#8221; el_class=&#8221;row-reverse&#8221;][vc_column width=&#8221;1\/2&#8243;][vc_column_text]<\/p>\n<h4>Erfahren Sie mehr \u00fcber Wisconsin<\/h4>\n<ul>\n<li><a href=\"https:\/\/travelwisconsin.com\" target=\"_blank\" rel=\"noopener\">TravelWisconsin.com<\/a><\/li>\n<li><a href=\"https:\/\/www.menomonee-falls.org\/\" target=\"_blank\" rel=\"noopener\">Offizielle Website von Menomonee Falls<\/a><\/li>\n<\/ul>\n<p>[\/vc_column_text][\/vc_column][vc_column width=&#8221;1\/2&#8243;][vc_single_image image=&#8221;205708&#8243; img_size=&#8221;large&#8221;][\/vc_column][\/vc_row][vc_row][vc_column css=&#8221;.vc_custom_1632590730983{margin-top: 30px !important;margin-bottom: 30px !important;}&#8221;][vc_separator][vc_column_text]<\/p>\n<h6 style=\"text-align: center;\">GEF\u00c4LLT IHNEN, WAS SIE SEHEN? <a href=\"https:\/\/unisig.com\/careers-at-unisig\">Informieren Sie sich \u00fcber aktuelle Stellenangebote bei UNISIG<\/a><\/h6>\n<p>[\/vc_column_text][vc_separator][\/vc_column][\/vc_row]<\/p>\n<\/div>","protected":false},"excerpt":{"rendered":"<p>[vc_row][vc_column][\/vc_column][\/vc_row][vc_row gap=&#8221;30&#8243;][vc_column width=&#8221;1\/2&#8243;][vc_column_text] Ein gro\u00dfartiger Ort zum leben UNISIG befindet sich in der s\u00fcd\u00f6stlichen Ecke des sch\u00f6nen Wisconsin. Wir sind nur wenige Kilometer von all dem Sport, dem Nachtleben und den kulturellen Aktivit\u00e4ten entfernt, die Milwaukee zu bieten hat, und eine kurze Fahrt von Dutzenden von Seen, W\u00e4ldern, State Parks und Outdoor-Abenteuern entfernt. Wisconsin bietet<a href=\"https:\/\/unisig.com\/de\/leben-in-wisconsin\" class=\"more-link\">Read More<\/a><\/p>\n","protected":false},"author":20,"featured_media":0,"parent":0,"menu_order":0,"comment_status":"closed","ping_status":"closed","template":"","meta":{"_acf_changed":false,"footnotes":""},"folder":[1175],"class_list":["post-205893","page","type-page","status-publish","hentry"],"acf":[],"_links":{"self":[{"href":"https:\/\/unisig.com\/de\/wp-json\/wp\/v2\/pages\/205893","targetHints":{"allow":["GET"]}}],"collection":[{"href":"https:\/\/unisig.com\/de\/wp-json\/wp\/v2\/pages"}],"about":[{"href":"https:\/\/unisig.com\/de\/wp-json\/wp\/v2\/types\/page"}],"author":[{"embeddable":true,"href":"https:\/\/unisig.com\/de\/wp-json\/wp\/v2\/users\/20"}],"replies":[{"embeddable":true,"href":"https:\/\/unisig.com\/de\/wp-json\/wp\/v2\/comments?post=205893"}],"version-history":[{"count":0,"href":"https:\/\/unisig.com\/de\/wp-json\/wp\/v2\/pages\/205893\/revisions"}],"wp:attachment":[{"href":"https:\/\/unisig.com\/de\/wp-json\/wp\/v2\/media?parent=205893"}],"wp:term":[{"taxonomy":"folder","embeddable":true,"href":"https:\/\/unisig.com\/de\/wp-json\/wp\/v2\/folder?post=205893"}],"curies":[{"name":"wp","href":"https:\/\/api.w.org\/{rel}","templated":true}]}}