{"id":206754,"date":"2024-06-17T08:41:41","date_gmt":"2024-06-17T13:41:41","guid":{"rendered":"https:\/\/stagingxx.unisig.com\/informationen-ressourcen-4\/was-ist-tiefbohren\/haeufig-gestellte-fragen-2\/"},"modified":"2024-06-17T09:36:37","modified_gmt":"2024-06-17T14:36:37","slug":"haeufig-gestellte-fragen-2","status":"publish","type":"page","link":"https:\/\/unisig.com\/de\/informationen-ressourcen-4\/was-ist-tiefbohren\/haeufig-gestellte-fragen\/","title":{"rendered":"H\u00e4ufig gestellte Fragen"},"content":{"rendered":"<div class=\"wpb-content-wrapper\"><p>[vc_row][vc_column][vc_column_text css=&#8221;&#8221;]<\/p>\n<h1>H\u00e4ufig gestellte Fragen<\/h1>\n<p>[\/vc_column_text][vc_empty_space][\/vc_column][\/vc_row][vc_row el_id=&#8221;Flaschenbohren&#8221; el_class=&#8221;anchor&#8221;][vc_column][vc_separator][vc_column_text css=&#8221;&#8221;]<strong>Wie tief ist &#8220;Tief&#8221;-bohren?<\/strong>[\/vc_column_text][vc_column_text css=&#8221;&#8221;]Die Bohrtiefe wird durch die Beschreibung des Verh\u00e4ltnisses von Tiefe zu Durchmesser definiert, und eine tiefe Bohrung hat ein sehr hohes Tiefenverh\u00e4ltnis. Zum Beispiel hat eine Bohrung mit einem Durchmesser von 25 mm, das 100 mm tief ist, ein Verh\u00e4ltnis von 4:1 und gilt nicht als sehr tief. Aber eine Bohrung mit einem Durchmesser von 1 mm und einer Tiefe von 100 mm hat ein Verh\u00e4ltnis von 100:1 \u2013 eine sehr tiefe Bohrung.<\/p>\n<p><a href=\"https:\/\/unisig.com\/de\/informationen-ressourcen-4\/was-ist-tiefbohren\/\">&gt; Lesen Sie mehr: Was ist Tiefbohren?<\/a>[\/vc_column_text][\/vc_column][\/vc_row][vc_row el_id=&#8221;Bodenformung&#8221; el_class=&#8221;anchor&#8221;][vc_column][vc_separator][vc_column_text css=&#8221;&#8221;]<strong>Ab wann ben\u00f6tigt man spezielle Ausr\u00fcstung f\u00fcr das Tiefbohren?<\/strong>[\/vc_column_text][vc_column_text css=&#8221;&#8221;]Wenn das Verh\u00e4ltnis von Bohrtiefe zu Durchmesser 40:1 \u00fcbersteigt, kann eine Tiefbohrmaschine sowohl bei der Bohrleistung als auch bei der Genauigkeit viel bessere Ergebnisse liefern. Hochleistungs-Tiefbohrmaschinen k\u00f6nnen \u00fcber 200:1 Tiefe bis Durchmesser bohren und Nachbearbeitungen durchf\u00fchren.<\/p>\n<p><a href=\"https:\/\/unisig.com\/de\/alle-maschinen\/\">&gt; Suchen Sie in den Tiefbohrmaschinen von UNISIG<\/a>.[\/vc_column_text][\/vc_column][\/vc_row][vc_row el_id=&#8221;Boza&#8221; el_class=&#8221;anchor&#8221;][vc_column][vc_separator][vc_column_text css=&#8221;&#8221;]<strong>Kann ich auf meinem CNC-Bearbeitungszentrum tiefbohren?<\/strong><strong><br \/>\n<\/strong>[\/vc_column_text][vc_column_text css=&#8221;&#8221;]Ja, auf einem CNC-Bearbeitungszentrum kann man tiefbohren; Die Einschr\u00e4nkungen liegen bei <u>sehr tiefen<\/u> Bohrungen, <u>die enge Toleranzen<\/u> und eine hohe Prozesssicherheit erfordern. Bohrungen mit gro\u00dfem Durchmesser k\u00f6nnen die Leistung, das Drehmoment und den Vorschub \u00fcberschreiten, die vom Bearbeitungszentrum zur Verf\u00fcgung stehen. Und auch der K\u00fchlmittelfluss und die Spanabfuhr k\u00f6nnen \u00fcberfordert sein.<\/p>\n<p>&gt; <a href=\"https:\/\/unisig.com\/de\/maschinenfinder\/\">Durchsuchen Sie UNISIG Tiefbohrmaschinen nach Anwendung<\/a>.[\/vc_column_text][\/vc_column][\/vc_row][vc_row el_id=&#8221;bta&#8221; el_class=&#8221;anchor&#8221;][vc_column][vc_separator][vc_column_text css=&#8221;&#8221;]<strong>Wie tief kann man mit einer Tiefbohrmaschine bohren?<\/strong>[\/vc_column_text][vc_column_text css=&#8221;&#8221;]Das Verh\u00e4ltnis von Tiefe zu Durchmesser ist der entscheidende Faktor, aber 12 m [40 Fu\u00df] und tiefer sind bei gr\u00f6\u00dferen Durchmessern mit einer f\u00fcr eine solche Anwendung ausgelegten Maschine m\u00f6glich. Ein kleineres Beispiel w\u00e4re ein Bohrung mit einem Durchmesser von 6,35 mm [0,250 Zoll], die mehr als 1,2 m [2 Fu\u00df] tief ist.<\/p>\n<p><a href=\"https:\/\/unisig.com\/de\/maschinenfinder\/\">&gt; Finden Sie auf unserer Website geeignete UNISIG-Maschinen nach Bohrtiefe und -durchmesser<\/a>.[\/vc_column_text][\/vc_column][\/vc_row][vc_row el_id=&#8221;Aufbohren&#8221; el_class=&#8221;anchor&#8221;][vc_column][vc_separator][vc_column_text css=&#8221;&#8221;]<strong>Ist &#8220;Einlippenbohren&#8221; dasselbe wie Tiefbohren?<\/strong>[\/vc_column_text][vc_column_text css=&#8221;&#8221;]Einlippenbohren ist <u>eine Methode<\/u>\u00a0des Tiefbohrens. Ein Einlippenbohrer ist ein spezieller Bohrertyp mit gerader Nut und einzelner Schneide, bei dem Hochdruckk\u00fchlmittel verwendet wird, das durch den Werkzeugk\u00f6rper zur Schneide geleitet wird. Die Sp\u00e4ne werden \u00fcber die V-f\u00f6rmige Nut des Bohrers aus der Bohrung au\u00dferhalb des Werkzeugs evakuiert.<\/p>\n<p>&gt; <a href=\"https:\/\/unisig.com\/information-and-resources\/what-is-deep-hole-drilling\/what-is-gun-drilling\/\">Erfahren Sie hier mehr:<\/a> <a href=\"https:\/\/unisig.com\/de\/informationen-ressourcen\/was-ist-tiefbohren\/elb-bohren\/\">Was ist Einlippenbohren<\/a>?[\/vc_column_text][\/vc_column][\/vc_row][vc_row el_class=&#8221;anchor&#8221;][vc_column][vc_separator][vc_column_text css=&#8221;&#8221;]<strong>Was h\u00e4lt eine Einlippen-Tiefbohrung gerade?<\/strong>[\/vc_column_text][vc_column_text css=&#8221;&#8221;]Die Spitze eines Tiefbohrers ist au\u00dfermittig, was eine unausgewogene Last gegen die F\u00fchrungsplatten erzeugt, die die Bohrungswand br\u00fcniert und beim Bohren eine F\u00fchrungsbohrung erzeugt.<\/p>\n<p><a href=\"https:\/\/unisig.com\/de\/informationen-ressourcen\/was-ist-tiefbohren\/elb-bohren\/\">&gt; Lesen Sie hier mehr: Was ist Einlippenbohren<\/a>?[\/vc_column_text][\/vc_column][\/vc_row][vc_row el_class=&#8221;anchor&#8221;][vc_column][vc_separator][vc_column_text css=&#8221;&#8221;]<strong>M\u00fcssen Sie vor dem Einlippenbohren vorbohren?<\/strong>[\/vc_column_text][vc_column_text css=&#8221;&#8221;]Ein Einlippenbohrer erfordert ein Pilotbohrung, das etwas gr\u00f6\u00dfer ist als der Durchmesser des Einlippenbohrers, oder im Falle einer Einlippen-Tiefbohrmaschine eine Bohrbuchse, um den Bohrer zu f\u00fchren. Eine konventionelle Vorbohrung ist bei der Verwendung eines Einlippenbohrers nicht w\u00fcnschenswert.<\/p>\n<p>&gt; <a href=\"https:\/\/unisig.com\/de\/informationen-ressourcen\/was-ist-tiefbohren\/elb-bohren\/\">Erfahren Sie hier mehr: Was ist Einlippenbohren<\/a>?[\/vc_column_text][\/vc_column][\/vc_row][vc_row el_class=&#8221;anchor&#8221;][vc_column][vc_separator][vc_column_text css=&#8221;&#8221;]<strong>Was ist der kleinste Durchmesser, den man mit einem Einlippenbohrer bohren k\u00f6nnen?<\/strong>[\/vc_column_text][vc_column_text css=&#8221;&#8221;]Einlippenbohrer sind bis zu 0,5 mm (0,020 Zoll) erh\u00e4ltlich. \u00dcbliche Massenanwendungen f\u00fcr Bohrungen mit kleinem Durchmesser liegen zwischen 1,5 mm und 3 mm (0,06 \u2013 0,12 Zoll).<\/p>\n<p>&gt; <a href=\"https:\/\/unisig.com\/de\/informationen-ressourcen\/was-ist-tiefbohren\/elb-bohren\/\">Erfahren Sie hier mehr: Was ist Einlippenbohren<\/a>?[\/vc_column_text][\/vc_column][\/vc_row][vc_row el_id=&#8221;gegenl\u00e4ufig&#8221; el_class=&#8221;anchor&#8221;][vc_column][vc_separator][vc_column_text css=&#8221;&#8221;]<strong>Welche anderen Methoden k\u00f6nnen f\u00fcr das Tiefbohren verwendet werden?<\/strong>[\/vc_column_text][vc_column_text css=&#8221;&#8221;]Eine weitere h\u00e4ufig verwendete Methode ist das BTA-Bohren. Hochdruckk\u00fchlmittel wird um die Au\u00dfenseite des Bohrers gedr\u00fcckt, und Sp\u00e4ne werden durch die Mitte des Bohrers gesp\u00fclt, um durch das Bohrrohr, das mit dem Bohrkopf verbunden ist, evakuiert zu werden.<\/p>\n<p>&gt; <a href=\"https:\/\/unisig.com\/de\/informationen-ressourcen\/was-ist-tiefbohren\/bta-bohren\/\">Dies l\u00e4sst sich mit den Grafiken auf dieser Seite leichter visualisieren<\/a>.[\/vc_column_text][\/vc_column][\/vc_row][vc_row el_id=&#8221;DHD&#8221; el_class=&#8221;anchor&#8221;][vc_column][vc_separator][vc_column_text css=&#8221;&#8221;]<strong>Was ist besser \u2013 Einlippenbohren oder BTA-Bohren?<\/strong>[\/vc_column_text][vc_column_text css=&#8221;&#8221;]Weder noch &#8211; es kommt auf die Anwendung an. Einer der ersten Faktoren, die zu ber\u00fccksichtigen sind, ist der Durchmesser der Bohrung. Einlippenbohrer werden typischerweise zwischen 0,8 und 50 mm (0,03 \u2013 2,0 Zoll) eingesetzt, w\u00e4hrend BTA-Bohrungen typisch f\u00fcr 13 \u2013 300 mm L\u00f6cher (0,5 \u2013 12,00 Zoll) sind.<\/p>\n<p><a href=\"https:\/\/unisig.com\/de\/informationen-ressourcen\/tiefbohrverfahren\/\">&gt; Diese Referenzseite gibt einen sch\u00f6nen \u00dcberblick \u00fcber Tiefprozesse.<\/a>[\/vc_column_text][\/vc_column][\/vc_row][vc_row el_id=&#8221;d2d&#8221;][vc_column][vc_separator][vc_column_text css=&#8221;&#8221;]<strong>Kann Tiefbohren automatisiert werden?<\/strong>[\/vc_column_text][vc_column_text css=&#8221;&#8221;]Ja, absolut \u2013 UNISIG Tiefbohrmaschinen sind f\u00fcr die Automatisierung ausgelegt. Die Ausr\u00fcstung von Tiefbohrmaschine mit Automatisierung hat mehrere Vorteile:<\/p>\n<ul>\n<li>Erh\u00f6ht die Spindelauslastung<\/li>\n<li>Verbessert die Werkst\u00fcckqualit\u00e4t<\/li>\n<li>Reduziert die R\u00fcst- und Umr\u00fcstzeit<\/li>\n<li>Reduziert die Kosten<\/li>\n<\/ul>\n<p>&gt; <a href=\"https:\/\/unisig.com\/de\/automatisierung\/\">Sehen Sie sich auf dieser Seite Beispiele f\u00fcr die Automatisierung beim Tiefbohren an.<\/a>[\/vc_column_text][\/vc_column][\/vc_row]<\/p>\n<\/div>","protected":false},"excerpt":{"rendered":"<p>[vc_row][vc_column][vc_column_text css=&#8221;&#8221;] H\u00e4ufig gestellte Fragen [\/vc_column_text][vc_empty_space][\/vc_column][\/vc_row][vc_row el_id=&#8221;Flaschenbohren&#8221; el_class=&#8221;anchor&#8221;][vc_column][vc_separator][vc_column_text css=&#8221;&#8221;]Wie tief ist &#8220;Tief&#8221;-bohren?[\/vc_column_text][vc_column_text css=&#8221;&#8221;]Die Bohrtiefe wird durch die Beschreibung des Verh\u00e4ltnisses von Tiefe zu Durchmesser definiert, und eine tiefe Bohrung hat ein sehr hohes Tiefenverh\u00e4ltnis. Zum Beispiel hat eine Bohrung mit einem Durchmesser von 25 mm, das 100 mm tief ist, ein Verh\u00e4ltnis von 4:1 und<a href=\"https:\/\/unisig.com\/de\/informationen-ressourcen-4\/was-ist-tiefbohren\/haeufig-gestellte-fragen\/\" class=\"more-link\">Read More<\/a><\/p>\n","protected":false},"author":22,"featured_media":0,"parent":6554,"menu_order":0,"comment_status":"closed","ping_status":"closed","template":"page-templates\/template-2.php","meta":{"_acf_changed":false,"footnotes":""},"folder":[1185],"class_list":["post-206754","page","type-page","status-publish","hentry"],"acf":[],"_links":{"self":[{"href":"https:\/\/unisig.com\/de\/wp-json\/wp\/v2\/pages\/206754","targetHints":{"allow":["GET"]}}],"collection":[{"href":"https:\/\/unisig.com\/de\/wp-json\/wp\/v2\/pages"}],"about":[{"href":"https:\/\/unisig.com\/de\/wp-json\/wp\/v2\/types\/page"}],"author":[{"embeddable":true,"href":"https:\/\/unisig.com\/de\/wp-json\/wp\/v2\/users\/22"}],"replies":[{"embeddable":true,"href":"https:\/\/unisig.com\/de\/wp-json\/wp\/v2\/comments?post=206754"}],"version-history":[{"count":0,"href":"https:\/\/unisig.com\/de\/wp-json\/wp\/v2\/pages\/206754\/revisions"}],"up":[{"embeddable":true,"href":"https:\/\/unisig.com\/de\/wp-json\/wp\/v2\/pages\/6554"}],"wp:attachment":[{"href":"https:\/\/unisig.com\/de\/wp-json\/wp\/v2\/media?parent=206754"}],"wp:term":[{"taxonomy":"folder","embeddable":true,"href":"https:\/\/unisig.com\/de\/wp-json\/wp\/v2\/folder?post=206754"}],"curies":[{"name":"wp","href":"https:\/\/api.w.org\/{rel}","templated":true}]}}