{"id":210388,"date":"2025-11-11T08:48:03","date_gmt":"2025-11-11T14:48:03","guid":{"rendered":"https:\/\/unisig.com\/?page_id=210388"},"modified":"2026-01-13T11:05:35","modified_gmt":"2026-01-13T17:05:35","slug":"kontakt-landingpage","status":"publish","type":"page","link":"https:\/\/unisig.com\/de\/kontakt-hauptseite\/","title":{"rendered":"Kontakt Hauptseite"},"content":{"rendered":"<div class=\"wpb-content-wrapper\"><p>[vc_section content_placement=&#8221;middle&#8221; el_id=&#8221;Intro&#8221; css=&#8221;.vc_custom_1758055970926{margin-right: 0px !important;margin-left: 0px !important;border-top-width: 0px !important;padding-right: 0px !important;padding-left: 0px !important;border-radius: 3px !important;border-color: #000000 !important;}&#8221;][vc_row gap=&#8221;35&#8243; row_title=&#8221;Desktop Intro&#8221;][vc_column width=&#8221;5\/12&#8243; css=&#8221;.vc_custom_1761151507568{margin-right: 0px !important;margin-left: 0px !important;}&#8221; offset=&#8221;vc_hidden-xs&#8221;][vc_custom_heading text=&#8221;UNISIG Tiefbohrsysteme&#8221; font_container=&#8221;tag:h1|font_size:40|text_align:left|color:%23000000&#8243; google_fonts=&#8221;font_family:Open%20Sans%3A300%2C300italic%2Cregular%2Citalic%2C600%2C600italic%2C700%2C700italic%2C800%2C800italic|font_style:400%20regular%3A400%3Anormal&#8221; css=&#8221;.vc_custom_1762872691497{margin-bottom: 30px !important;}&#8221;][vc_column_text css=&#8221;.vc_custom_1768323926889{margin-bottom: 15px !important;}&#8221;]<\/p>\n<p style=\"font-size: 12pt !important;\">UNISIG hat es sich zur Aufgabe gemacht, unsere Kunden und Interessenten weltweit umfassend zu unterst\u00fctzen. Ganz gleich, ob es sich bei Ihrer Anfrage um <a href=\"\/de\/anforderung-eines-angebots\">den Verkauf<\/a> neuer Maschinen, <a href=\"\/de\/serviceanfrage\">den Service<\/a>, <a href=\"\/de\/ersatzteile\">Ersatzteile<\/a> oder <a href=\"\/de\/kontaktieren-sie-uns\">allgemeine Informationen<\/a> handelt, unsere Teams sind bereit, Sie mit den entsprechenden Ressourcen auszustatten und sicherzustellen, dass Ihre Anforderungen effizient und kompetent erf\u00fcllt werden.<\/p>\n<p>[\/vc_column_text][\/vc_column][vc_column width=&#8221;1\/12&#8243; offset=&#8221;vc_hidden-xs&#8221;][\/vc_column][vc_column width=&#8221;1\/2&#8243; css=&#8221;.vc_custom_1761151517557{margin-top: 80px !important;}&#8221; offset=&#8221;vc_hidden-xs&#8221;][vc_custom_heading text=&#8221;<strong>Rufen Sie uns direkt an<\/strong>&#8221; font_container=&#8221;tag:h2|font_size:22|text_align:left|color:%23000000&#8243; use_theme_fonts=&#8221;yes&#8221; css=&#8221;.vc_custom_1758055997133{margin-bottom: 15px !important;}&#8221;][vc_column_text css=&#8221;&#8221;]<\/p>\n<p style=\"font-size: 12pt !important;\"><strong>UNISIG<\/strong> Globaler Hauptsitz<br \/>\nMontag-Freitag 8-17 Uhr CST<br \/>\n<a href=\"tel:+12622525151\">Tel: +1 262-252-5151<\/a><\/p>\n<p style=\"font-size: 12pt !important;\"><strong>UNISIG GmbH<br \/>\n<\/strong>Montag-Freitag 8-17 Uhr MEZ<strong><br \/>\n<\/strong><a href=\"tel:+4971259687590\">Tel: +49 (0) 7125 9687590<\/a><\/p>\n<p>[\/vc_column_text][\/vc_column][\/vc_row][\/vc_section][vc_section content_placement=&#8221;middle&#8221; css=&#8221;.vc_custom_1758055970926{margin-right: 0px !important;margin-left: 0px !important;border-top-width: 0px !important;padding-right: 0px !important;padding-left: 0px !important;border-radius: 3px !important;border-color: #000000 !important;}&#8221;][vc_row row_title=&#8221;Mobile Intro&#8221;][vc_column width=&#8221;5\/12&#8243; css=&#8221;.vc_custom_1761151475695{margin-right: 0px !important;margin-left: 0px !important;}&#8221; offset=&#8221;vc_hidden-lg vc_hidden-md vc_hidden-sm&#8221;][vc_custom_heading text=&#8221;UNISIG Tiefbohrsysteme&#8221; font_container=&#8221;tag:h1|font_size:40|text_align:left|color:%23000000&#8243; google_fonts=&#8221;font_family:Open%20Sans%3A300%2C300italic%2Cregular%2Citalic%2C600%2C600italic%2C700%2C700italic%2C800%2C800italic|font_style:400%20regular%3A400%3Anormal&#8221; css=&#8221;.vc_custom_1762872899389{margin-bottom: 30px !important;}&#8221;][vc_column_text css=&#8221;.vc_custom_1762872915606{margin-bottom: 15px !important;}&#8221;]<\/p>\n<p style=\"font-size: 12pt !important;\">UNISIG hat es sich zur Aufgabe gemacht, unsere Kunden und Interessenten weltweit umfassend zu unterst\u00fctzen. Ganz gleich, ob es sich bei Ihrer Anfrage um <a href=\"https:\/\/unisig.com\/de\/kontaktieren-sie-uns\/\">den Verkauf<\/a> neuer Maschinen, <a href=\"https:\/\/unisig.com\/de\/kontaktieren-sie-uns\/serviceanfrage\/\">den Service<\/a>, <a href=\"https:\/\/unisig.com\/de\/kontaktieren-sie-uns\/ersatzteile\/\">Ersatzteile<\/a> oder <a href=\"https:\/\/unisig.com\/de\/kontaktieren-sie-uns\/\">allgemeine Informationen<\/a> handelt, unsere Teams sind bereit, Sie mit den entsprechenden Ressourcen auszustatten und sicherzustellen, dass Ihre Anforderungen effizient und kompetent erf\u00fcllt werden.<\/p>\n<p>[\/vc_column_text][\/vc_column][vc_column width=&#8221;1\/12&#8243; offset=&#8221;vc_hidden-lg vc_hidden-md vc_hidden-sm vc_hidden-xs&#8221;][\/vc_column][vc_column width=&#8221;1\/2&#8243; offset=&#8221;vc_hidden-lg vc_hidden-md vc_hidden-sm&#8221; css=&#8221;.vc_custom_1761151751128{margin-top: 20px !important;}&#8221;][vc_custom_heading text=&#8221;<strong>Rufen Sie uns direkt an<\/strong>&#8221; font_container=&#8221;tag:h2|font_size:22|text_align:left|color:%23000000&#8243; use_theme_fonts=&#8221;yes&#8221; css=&#8221;.vc_custom_1758055997133{margin-bottom: 15px !important;}&#8221;][vc_column_text css=&#8221;.vc_custom_1762872945365{margin-bottom: 0px !important;}&#8221;]<\/p>\n<p style=\"font-size: 12pt !important;\"><strong>UNISIG<\/strong> Globaler Hauptsitz<br \/>\nMontag-Freitag 8-17 Uhr CST<br \/>\n<a href=\"tel:+12622525151\">Tel: +1 262-252-5151<\/a><\/p>\n<p style=\"font-size: 12pt !important;\"><strong>UNISIG GmbH<br \/>\n<\/strong>Montag-Freitag 8-17 Uhr MEZ<strong><br \/>\n<\/strong><a href=\"tel:+4971259687590\">Tel: +49 (0) 7125 9687590<\/a><\/p>\n<p>[\/vc_column_text][\/vc_column][\/vc_row][\/vc_section][vc_section full_width=&#8221;stretch_row&#8221; css=&#8221;.vc_custom_1761151763680{margin-top: 20px !important;margin-right: -50px !important;margin-bottom: -30px !important;margin-left: -50px !important;}&#8221; el_id=&#8221;Contact Boxes&#8221;][vc_row gap=&#8221;30&#8243; equal_height=&#8221;yes&#8221; row_title=&#8221;Contact Boxes&#8221; css=&#8221;.vc_custom_1768319132318{background-color: #F6F6F600 !important;border-radius: 10px !important;}&#8221;][vc_column width=&#8221;1\/2&#8243; css=&#8221;.vc_custom_1757534366079{padding-right: 50px !important;padding-left: 50px !important;background-color: #F6F6F6 !important;border-radius: 10px !important;}&#8221;][vc_custom_heading text=&#8221;<strong>Vertrieb<\/strong>&#8221; font_container=&#8221;tag:h2|font_size:25|text_align:left|color:%23000000&#8243; use_theme_fonts=&#8221;yes&#8221; css=&#8221;.vc_custom_1762873134845{margin-bottom: 15px !important;}&#8221;][vc_column_text css=&#8221;.vc_custom_1762873441849{margin-bottom: 15px !important;}&#8221;]<\/p>\n<p style=\"font-size: 12pt !important;\">Unser Vertriebsteam untertst\u00fctzt Sie gerne bei der Auswahl der passenden UNISIG-L\u00f6sung f\u00fcr Ihre Anwendung. Wir helfen Ihnen, die verschiedenen Optionen zu erkunden, Ihre Fragen zu beantworten und sicherzustellen, dass Sie die Maschine, Automatisierung oder das System finden, die am besten zu Ihren Anforderungen an das Tiefbohren passt.<\/p>\n<p>[\/vc_column_text]<div class=\" ubtn-ctn-left my-left-btn\"><a class=\"ubtn-link ult-adjust-bottom-margin ubtn-left ubtn-custom my-left-btn\" href=\"https:\/\/unisig.com\/de\/anforderung-eines-angebots\" target=\"_blank\" rel=\"noopener\" ><button type=\"button\" id=\"ubtn-1465\"  class=\"ubtn ult-adjust-bottom-margin ult-responsive ubtn-custom ubtn-no-hover-bg  none  ubtn-sep-icon ubtn-sep-icon-at-right  ubtn-left   tooltip-69e4c826ae502\"  data-hover=\"#000000\" data-border-color=\"\" data-bg=\"#FFFFFF00\" data-hover-bg=\"#FFFFFF00\" data-border-hover=\"\" data-shadow-hover=\"\" data-shadow-click=\"none\" data-shadow=\"\" data-shd-shadow=\"\"  data-ultimate-target='#ubtn-1465'  data-responsive-json-new='{\"font-size\":\"desktop:16px;\",\"line-height\":\"\"}'  style=\"font-weight:bold;width:190px;min-height:40px;padding:10px 0px;border:none;background: #FFFFFF00;color: #000000;\"><span class=\"ubtn-data ubtn-icon\"><i class=\"Defaults-long-arrow-right\" style=\"font-size:20px;color:#000000;\"><\/i><\/span><span class=\"ubtn-hover\" style=\"background-color:#FFFFFF00\"><\/span><span class=\"ubtn-data ubtn-text \" >Angebot anfordern<\/span><\/button><\/a><\/div>[\/vc_column][vc_column width=&#8221;1\/2&#8243; css=&#8221;.vc_custom_1757534375201{padding-right: 50px !important;padding-left: 50px !important;background-color: #F6F6F6 !important;border-radius: 10px !important;}&#8221;][vc_custom_heading text=&#8221;<strong>Service<\/strong>&#8221; font_container=&#8221;tag:h2|font_size:25|text_align:left|color:%23000000&#8243; use_theme_fonts=&#8221;yes&#8221; css=&#8221;.vc_custom_1762873147639{margin-bottom: 15px !important;}&#8221;][vc_column_text css=&#8221;.vc_custom_1762873526433{margin-bottom: 15px !important;}&#8221;]<\/p>\n<p style=\"font-size: 12pt !important;\">Verlassen Sie sich auf UNISIG f\u00fcr einen reaktionsschnellen und kompetenten Service, damit Ihre Maschinen reibungslos laufen. Unsere Techniker bieten weltweit Fehlerbehebung, Wartung und Vor-Ort-Support und gew\u00e4hrleisten so die Zuverl\u00e4ssigkeit und den langfristigen Nutzen Ihrer Investition.<\/p>\n<p>[\/vc_column_text]<div class=\" ubtn-ctn-left my-left-btn\"><a class=\"ubtn-link ult-adjust-bottom-margin ubtn-left ubtn-custom my-left-btn\" href=\"https:\/\/unisig.com\/de\/serviceanfrage\" target=\"_blank\" rel=\"noopener\" ><button type=\"button\" id=\"ubtn-1323\"  class=\"ubtn ult-adjust-bottom-margin ult-responsive ubtn-custom ubtn-no-hover-bg  none  ubtn-sep-icon ubtn-sep-icon-at-right  ubtn-left   tooltip-69e4c826ae57b\"  data-hover=\"#000000\" data-border-color=\"\" data-bg=\"#FFFFFF00\" data-hover-bg=\"#FFFFFF00\" data-border-hover=\"\" data-shadow-hover=\"\" data-shadow-click=\"none\" data-shadow=\"\" data-shd-shadow=\"\"  data-ultimate-target='#ubtn-1323'  data-responsive-json-new='{\"font-size\":\"desktop:16px;\",\"line-height\":\"\"}'  style=\"font-weight:bold;width:200px;min-height:40px;padding:10px 0px;border:none;background: #FFFFFF00;color: #000000;\"><span class=\"ubtn-data ubtn-icon\"><i class=\"Defaults-long-arrow-right\" style=\"font-size:20px;color:#000000;\"><\/i><\/span><span class=\"ubtn-hover\" style=\"background-color:#FFFFFF00\"><\/span><span class=\"ubtn-data ubtn-text \" >Service kontaktieren<\/span><\/button><\/a><\/div>[\/vc_column][\/vc_row][vc_row gap=&#8221;30&#8243; equal_height=&#8221;yes&#8221; row_title=&#8221;Contact Boxes&#8221; css=&#8221;.vc_custom_1768319085316{background-color: #F6F6F600 !important;border-radius: 10px !important;}&#8221;][vc_column width=&#8221;1\/2&#8243; css=&#8221;.vc_custom_1757534401650{padding-right: 50px !important;padding-left: 50px !important;background-color: #F6F6F6 !important;border-radius: 10px !important;}&#8221;][vc_custom_heading text=&#8221;<strong>Ersatzteile<\/strong>&#8221; font_container=&#8221;tag:h2|font_size:25|text_align:left|color:%23000000&#8243; use_theme_fonts=&#8221;yes&#8221; css=&#8221;.vc_custom_1762873905386{margin-bottom: 15px !important;}&#8221;][vc_column_text css=&#8221;.vc_custom_1762874012370{margin-bottom: 15px !important;}&#8221;]<\/p>\n<p style=\"font-size: 12pt !important;\">Wir f\u00fchren und liefern Originalteile, damit Ihre Maschinen pr\u00e4zise und effizient laufen. Unser Team kann Ihnen helfen, die richtigen Komponenten schnell zu identifizieren und zu bestellen, und so Ausfallzeiten zu minimieren.<\/p>\n<p>[\/vc_column_text]<div class=\" ubtn-ctn-left my-left-btn\"><a class=\"ubtn-link ult-adjust-bottom-margin ubtn-left ubtn-custom my-left-btn\" href=\"https:\/\/unisig.com\/de\/ersatzteile\" target=\"_blank\" rel=\"noopener\" ><button type=\"button\" id=\"ubtn-1742\"  class=\"ubtn ult-adjust-bottom-margin ult-responsive ubtn-custom ubtn-no-hover-bg  none  ubtn-sep-icon ubtn-sep-icon-at-right  ubtn-left   tooltip-69e4c826ae5e3\"  data-hover=\"#000000\" data-border-color=\"\" data-bg=\"#FFFFFF00\" data-hover-bg=\"#FFFFFF00\" data-border-hover=\"\" data-shadow-hover=\"\" data-shadow-click=\"none\" data-shadow=\"\" data-shd-shadow=\"\"  data-ultimate-target='#ubtn-1742'  data-responsive-json-new='{\"font-size\":\"desktop:16px;\",\"line-height\":\"\"}'  style=\"font-weight:bold;width:195px;min-height:30px;padding:10px 0px;border:none;background: #FFFFFF00;color: #000000;\"><span class=\"ubtn-data ubtn-icon\"><i class=\"Defaults-long-arrow-right\" style=\"font-size:20px;color:#000000;\"><\/i><\/span><span class=\"ubtn-hover\" style=\"background-color:#FFFFFF00\"><\/span><span class=\"ubtn-data ubtn-text \" >Ersatzteile anfragen<\/span><\/button><\/a><\/div>[\/vc_column][vc_column width=&#8221;1\/2&#8243; css=&#8221;.vc_custom_1757534409615{padding-right: 50px !important;padding-left: 50px !important;background-color: #F6F6F6 !important;border-radius: 10px !important;}&#8221;][vc_custom_heading text=&#8221;<strong>Allgemein<\/strong>&#8221; font_container=&#8221;tag:h2|font_size:25|text_align:left|color:%23000000&#8243; use_theme_fonts=&#8221;yes&#8221; css=&#8221;.vc_custom_1757534172618{margin-bottom: 15px !important;}&#8221;][vc_column_text css=&#8221;.vc_custom_1762875343248{margin-bottom: 15px !important;}&#8221;]<\/p>\n<p style=\"font-size: 12pt !important;\">Haben Sie eine Frage oder ben\u00f6tigen Sie weitere Informationen? Unser Team vermittelt Ihnen gerne die passenden Ansprechpartner. Ob Sie Unternehmensinformationen, Karrierem\u00f6glichkeiten oder Unterst\u00fctzung beim Einstieg ins Tiefbohren suchen \u2013 wir sorgen daf\u00fcr, dass Ihre Anfrage schnellstm\u00f6glich die richtige Person erreicht.<\/p>\n<p>[\/vc_column_text]<div class=\" ubtn-ctn-left my-left-btn\"><a class=\"ubtn-link ult-adjust-bottom-margin ubtn-left ubtn-custom my-left-btn\" href=\"https:\/\/unisig.com\/de\/kontaktieren-sie-uns\" target=\"_blank\" rel=\"noopener\" ><button type=\"button\" id=\"ubtn-4076\"  class=\"ubtn ult-adjust-bottom-margin ult-responsive ubtn-custom ubtn-no-hover-bg  none  ubtn-sep-icon ubtn-sep-icon-at-right  ubtn-left   tooltip-69e4c826ae633\"  data-hover=\"#000000\" data-border-color=\"\" data-bg=\"#FFFFFF00\" data-hover-bg=\"#FFFFFF00\" data-border-hover=\"\" data-shadow-hover=\"\" data-shadow-click=\"none\" data-shadow=\"\" data-shd-shadow=\"\"  data-ultimate-target='#ubtn-4076'  data-responsive-json-new='{\"font-size\":\"desktop:16px;\",\"line-height\":\"\"}'  style=\"font-weight:bold;width:180px;min-height:40px;padding:10px 0px;border:none;background: #FFFFFF00;color: #000000;\"><span class=\"ubtn-data ubtn-icon\"><i class=\"Defaults-long-arrow-right\" style=\"font-size:20px;color:#000000;\"><\/i><\/span><span class=\"ubtn-hover\" style=\"background-color:#FFFFFF00\"><\/span><span class=\"ubtn-data ubtn-text \" >Eine Frage stellen<\/span><\/button><\/a><\/div>[\/vc_column][\/vc_row][vc_row content_placement=&#8221;top&#8221; min_height=&#8221;300px&#8221; row_title=&#8221;FAQ Header&#8221; css=&#8221;.vc_custom_1759947310505{margin-top: 80px !important;margin-right: -50px !important;margin-bottom: 0px !important;}&#8221; el_class=&#8221;hide-on-mobile&#8221;][vc_column width=&#8221;1\/3&#8243; css=&#8221;.vc_custom_1762540379374{padding-right: 25px !important;padding-left: 20px !important;border-radius: 10px !important;}&#8221; offset=&#8221;vc_hidden-xs&#8221;][vc_column_text css=&#8221;&#8221;]<\/p>\n<p style=\"font-size: 12pt !important;\"><strong>UNISIG<\/strong> Standard-Servicezeiten globaler Hauptsitz<br \/>\nvon 7:00 bis 16:30 Uhr CST<br \/>\n<a href=\"tel:+12622525151\">Tel.: +1 262-252-5151<\/a><\/p>\n<p style=\"font-size: 12pt !important;\"><strong>UNISIG GmbH<br \/>\n<\/strong>Standard-Servicezeiten 8:00-17:00 Uhr MEZ<br \/>\n<a href=\"tel:+4971259687590\">Tel: +49 (0) 7125 9687590<\/a><\/p>\n<p>[\/vc_column_text][\/vc_column][vc_column width=&#8221;2\/3&#8243; offset=&#8221;vc_hidden-xs&#8221;][vc_single_image image=&#8221;209482&#8243; img_size=&#8221;full&#8221; css=&#8221;&#8221;][\/vc_column][\/vc_row][vc_row full_width=&#8221;stretch_row_content_no_spaces&#8221; css=&#8221;.vc_custom_1759947774552{margin-top: 50px !important;}&#8221; row_title=&#8221;FAQ MOBILE&#8221;][vc_column offset=&#8221;vc_hidden-lg vc_hidden-md vc_hidden-sm&#8221;][vc_column_text css=&#8221;.vc_custom_1762539930810{padding-right: 25px !important;padding-left: 25px !important;}&#8221;]<\/p>\n<p style=\"font-size: 12pt !important;\"><strong>UNISIG<\/strong> Standard-Servicezeiten in der globalen Zentrale<br \/>\nvon 7:00 bis 16:30 Uhr CST<br \/>\n<a href=\"tel:+12622525151\">Tel.: +1 262-252-5151<\/a><\/p>\n<p style=\"font-size: 12pt !important;\"><strong>UNISIG GmbH<br \/>\n<\/strong>Standard-Servicezeiten 8:00-17:00 Uhr MESZ<br \/>\n<a href=\"tel:+4971259687590\">Tel: +49 (0) 7125 9687590<\/a><\/p>\n<p>[\/vc_column_text][vc_single_image image=&#8221;209482&#8243; img_size=&#8221;full&#8221; alignment=&#8221;center&#8221; css=&#8221;&#8221;][\/vc_column][\/vc_row][\/vc_section]<\/p>\n<\/div>","protected":false},"excerpt":{"rendered":"<p>[vc_section content_placement=&#8221;middle&#8221; el_id=&#8221;Intro&#8221; css=&#8221;.vc_custom_1758055970926{margin-right: 0px !important;margin-left: 0px !important;border-top-width: 0px !important;padding-right: 0px !important;padding-left: 0px !important;border-radius: 3px !important;border-color: #000000 !important;}&#8221;][vc_row gap=&#8221;35&#8243; row_title=&#8221;Desktop Intro&#8221;][vc_column width=&#8221;5\/12&#8243; css=&#8221;.vc_custom_1761151507568{margin-right: 0px !important;margin-left: 0px !important;}&#8221; offset=&#8221;vc_hidden-xs&#8221;][vc_custom_heading text=&#8221;UNISIG Tiefbohrsysteme&#8221; font_container=&#8221;tag:h1|font_size:40|text_align:left|color:%23000000&#8243; google_fonts=&#8221;font_family:Open%20Sans%3A300%2C300italic%2Cregular%2Citalic%2C600%2C600italic%2C700%2C700italic%2C800%2C800italic|font_style:400%20regular%3A400%3Anormal&#8221; css=&#8221;.vc_custom_1762872691497{margin-bottom: 30px !important;}&#8221;][vc_column_text css=&#8221;.vc_custom_1768323926889{margin-bottom: 15px !important;}&#8221;] UNISIG hat es sich zur Aufgabe gemacht, unsere Kunden und Interessenten weltweit umfassend zu unterst\u00fctzen. Ganz gleich,<a href=\"https:\/\/unisig.com\/de\/kontakt-hauptseite\/\" class=\"more-link\">Read More<\/a><\/p>\n","protected":false},"author":22,"featured_media":209482,"parent":0,"menu_order":0,"comment_status":"closed","ping_status":"closed","template":"page-templates\/template-1.php","meta":{"_acf_changed":false,"footnotes":""},"folder":[],"class_list":["post-210388","page","type-page","status-publish","has-post-thumbnail","hentry"],"acf":[],"_links":{"self":[{"href":"https:\/\/unisig.com\/de\/wp-json\/wp\/v2\/pages\/210388","targetHints":{"allow":["GET"]}}],"collection":[{"href":"https:\/\/unisig.com\/de\/wp-json\/wp\/v2\/pages"}],"about":[{"href":"https:\/\/unisig.com\/de\/wp-json\/wp\/v2\/types\/page"}],"author":[{"embeddable":true,"href":"https:\/\/unisig.com\/de\/wp-json\/wp\/v2\/users\/22"}],"replies":[{"embeddable":true,"href":"https:\/\/unisig.com\/de\/wp-json\/wp\/v2\/comments?post=210388"}],"version-history":[{"count":0,"href":"https:\/\/unisig.com\/de\/wp-json\/wp\/v2\/pages\/210388\/revisions"}],"wp:featuredmedia":[{"embeddable":true,"href":"https:\/\/unisig.com\/de\/wp-json\/wp\/v2\/media\/209482"}],"wp:attachment":[{"href":"https:\/\/unisig.com\/de\/wp-json\/wp\/v2\/media?parent=210388"}],"wp:term":[{"taxonomy":"folder","embeddable":true,"href":"https:\/\/unisig.com\/de\/wp-json\/wp\/v2\/folder?post=210388"}],"curies":[{"name":"wp","href":"https:\/\/api.w.org\/{rel}","templated":true}]}}