{"id":6354,"date":"2020-06-15T10:37:15","date_gmt":"2020-06-15T15:37:15","guid":{"rendered":"https:\/\/stagingxx.unisig.com\/deep-hole-drilling-machine-uebersicht\/"},"modified":"2021-01-25T09:18:06","modified_gmt":"2021-01-25T15:18:06","slug":"tiefbohrmaschinen-uebersicht","status":"publish","type":"page","link":"https:\/\/unisig.com\/de\/informationen-ressourcen\/tiefbohrmaschinen-uebersicht\/","title":{"rendered":"Tiefbohrmaschinen-\u00dcbersicht"},"content":{"rendered":"<div class=\"wpb-content-wrapper\"><p>[vc_row][vc_column][vc_single_image image=&#8221;3792&#8243; img_size=&#8221;full&#8221;][vc_column_text]<\/p>\n<h1>Was ist eine Tiefbohrmaschine?<\/h1>\n<p>[\/vc_column_text][vc_column_text]<\/p>\n<h4>Maschinendefinition<\/h4>\n<p>[\/vc_column_text][vc_column_text]Eine Tiefbohrmaschine ist eine spanabhebende Bearbeitungsmaschine, die entwickelt wurde, um sehr tiefe, pr\u00e4zise Bohrungen in praktisch jedes Metall einzubringen. Tiefbohrmaschinen unterst\u00fctzen spezifische Tiefbohrwekzeuge wie <a href=\"https:\/\/unisig.com\/de\/bta-werkzeuge\/\">BTA-<\/a> und <a href=\"https:\/\/unisig.com\/de\/produktetechnologie\/werkzeuge\/elb-werkzeuge\/\">ELB-Bohrer<\/a>, um den Tiefbohrprozess in der Produktion zu optimieren. Diese Maschinen wurden entwickelt, um die von diesen Werkzeugen verwendete Technologie zu integrieren und alle Aspekte des Prozesses zu optimieren, um tiefe Bohrungen mit h\u00f6chster Genauigkeit, Zuverl\u00e4ssigkeit und Effizienz zu bohren.<\/p>\n<p>Tiefbohrmaschinen sind ideal f\u00fcr eine Vielzahl von Durchmessern von <a href=\"https:\/\/unisig.com\/de\/informationen-ressourcen-4\/was-ist-tiefbohren\/\">Tiefbohrungen<\/a> und Produktionsvolumen und sind f\u00fcr Bohrungen notwendig, die etwa 20:1 Tiefe-zu-Durchmesser-Verh\u00e4ltnis oder h\u00f6her sind. Spezielle Tiefbohrmaschinen bieten die Werkzeugunterst\u00fctzung, K\u00fchlmittelableitung und Prozessr\u00fcckmeldung, die es Herstellern erm\u00f6glicht, ihre Tiefenbohrziele zu erreichen. Diese Funktionen optimieren den Prozess und priorisieren Bohrmethoden f\u00fcr Tiefbohrungen, indem sie die Zykluszeit verk\u00fcrzen, Werkzeuge stabilisieren, Sp\u00e4ne evakuieren und Werkzeugbr\u00fcche und Prozessausf\u00e4lle im Vergleich zu CNC-Bearbeitungszentren verhindern.<\/p>\n<p><a href=\"https:\/\/unisig.com\/de\/informationen-ressourcen-4\/was-ist-tiefbohren\/\">Weiterlesen: Was gilt als Tiefbohrung?<\/a>[\/vc_column_text][vc_column_text]<\/p>\n<h4>Typen von Tiefbohrmaschinen<\/h4>\n<p>[\/vc_column_text][vc_column_text]Es gibt zwei prim\u00e4re Werkzeugtypen, die verwendet werden, um tiefe Bohrungen zu produzieren, Einlippenbohren und BTA-Bohren. Die Anforderungen dieser Werkzeuge bestimmen das Design und die Systeme der Tiefbohrmaschinen, die sie verwenden. In bestimmten F\u00e4llen k\u00f6nnen BTA- und ELB-Prozesse in einer einzigen Maschine mit Umr\u00fcstm\u00f6glichkeit f\u00fcr K\u00fchlmittel- und Werkzeugtechnologie kombiniert werden.<\/p>\n<p>Einlippenbohren wird in der Regel f\u00fcr Tiefbohrungen von 1 mm [0.040 in] bis 50 mm [2.00 in] Durchmesser verwendet, w\u00e4hrend BTA-Bohrungen f\u00fcr Durchmesser von 20 mm [0.80 in] bis 250 mm [10 in] und gr\u00f6\u00dfer geeignet ist.[\/vc_column_text][vc_column_text]<\/p>\n<h2>Weitere Informationen:<\/h2>\n<p>[\/vc_column_text][\/vc_column][\/vc_row][vc_row][vc_column width=&#8221;1\/3&#8243;][vc_single_image image=&#8221;2078&#8243; img_size=&#8221;full&#8221; onclick=&#8221;custom_link&#8221; link=&#8221;https:\/\/unisig.com\/de\/informationen-ressourcen\/was-ist-tiefbohren\/elb-maschinen-uebersicht\/&#8221;][vc_column_text]<\/p>\n<h3><a href=\"https:\/\/unisig.com\/de\/informationen-ressourcen\/was-ist-tiefbohren\/elb-maschinen-uebersicht\/\">ELB-Maschinen \u00dcbersicht<\/a><\/h3>\n<p>[\/vc_column_text][\/vc_column][vc_column width=&#8221;1\/3&#8243;][vc_single_image image=&#8221;2075&#8243; img_size=&#8221;full&#8221; onclick=&#8221;custom_link&#8221; link=&#8221;https:\/\/unisig.com\/de\/informationen-ressourcen\/was-ist-tiefbohren\/bta-maschinen-uebersicht\/&#8221;][vc_column_text]<\/p>\n<h3><a href=\"https:\/\/unisig.com\/de\/informationen-ressourcen\/was-ist-tiefbohren\/bta-maschinen-uebersicht\/\">BTA-Maschinen \u00dcbersicht<\/a><\/h3>\n<p>[\/vc_column_text][\/vc_column][vc_column width=&#8221;1\/3&#8243;][\/vc_column][\/vc_row]<\/p>\n<\/div>","protected":false},"excerpt":{"rendered":"<p>[vc_row][vc_column][vc_single_image image=&#8221;3792&#8243; img_size=&#8221;full&#8221;][vc_column_text] Was ist eine Tiefbohrmaschine? [\/vc_column_text][vc_column_text] Maschinendefinition [\/vc_column_text][vc_column_text]Eine Tiefbohrmaschine ist eine spanabhebende Bearbeitungsmaschine, die entwickelt wurde, um sehr tiefe, pr\u00e4zise Bohrungen in praktisch jedes Metall einzubringen. Tiefbohrmaschinen unterst\u00fctzen spezifische Tiefbohrwekzeuge wie BTA- und ELB-Bohrer, um den Tiefbohrprozess in der Produktion zu optimieren. Diese Maschinen wurden entwickelt, um die von diesen Werkzeugen verwendete Technologie<a href=\"https:\/\/unisig.com\/de\/informationen-ressourcen\/tiefbohrmaschinen-uebersicht\/\" class=\"more-link\">Read More<\/a><\/p>\n","protected":false},"author":3,"featured_media":0,"parent":8416,"menu_order":0,"comment_status":"closed","ping_status":"closed","template":"page-templates\/template-2.php","meta":{"_acf_changed":false,"footnotes":""},"folder":[],"class_list":["post-6354","page","type-page","status-publish","hentry"],"acf":[],"_links":{"self":[{"href":"https:\/\/unisig.com\/de\/wp-json\/wp\/v2\/pages\/6354","targetHints":{"allow":["GET"]}}],"collection":[{"href":"https:\/\/unisig.com\/de\/wp-json\/wp\/v2\/pages"}],"about":[{"href":"https:\/\/unisig.com\/de\/wp-json\/wp\/v2\/types\/page"}],"author":[{"embeddable":true,"href":"https:\/\/unisig.com\/de\/wp-json\/wp\/v2\/users\/3"}],"replies":[{"embeddable":true,"href":"https:\/\/unisig.com\/de\/wp-json\/wp\/v2\/comments?post=6354"}],"version-history":[{"count":0,"href":"https:\/\/unisig.com\/de\/wp-json\/wp\/v2\/pages\/6354\/revisions"}],"up":[{"embeddable":true,"href":"https:\/\/unisig.com\/de\/wp-json\/wp\/v2\/pages\/8416"}],"wp:attachment":[{"href":"https:\/\/unisig.com\/de\/wp-json\/wp\/v2\/media?parent=6354"}],"wp:term":[{"taxonomy":"folder","embeddable":true,"href":"https:\/\/unisig.com\/de\/wp-json\/wp\/v2\/folder?post=6354"}],"curies":[{"name":"wp","href":"https:\/\/api.w.org\/{rel}","templated":true}]}}