{"id":6357,"date":"2020-06-15T10:37:15","date_gmt":"2020-06-15T15:37:15","guid":{"rendered":"https:\/\/stagingxx.unisig.com\/bta-machine-uebersicht\/"},"modified":"2021-01-28T03:58:41","modified_gmt":"2021-01-28T09:58:41","slug":"bta-maschine-uebersicht","status":"publish","type":"page","link":"https:\/\/unisig.com\/de\/informationen-ressourcen\/was-ist-tiefbohren\/bta-maschinen-uebersicht\/","title":{"rendered":"BTA-Maschinen \u00dcbersicht"},"content":{"rendered":"<div class=\"wpb-content-wrapper\"><p>[vc_row][vc_column][vc_column_text]<\/p>\n<h1>BTA-Maschinen \u00dcbersicht<\/h1>\n<p>[\/vc_column_text][\/vc_column][\/vc_row][vc_row][vc_column width=&#8221;2\/3&#8243;][vc_column_text]<\/p>\n<h4>Was ist eine BTA-Tiefbohrmaschine?<\/h4>\n<p>[\/vc_column_text][vc_column_text]Eine BTA-Bohrmaschine ist eine Art von <a href=\"https:\/\/unisig.com\/information-and-resources\/deep-hole-drilling-machines\/\">Tiefbohrmaschine,<\/a> entwickelt und gebaut, um die Leistung von BTA und verwandten Werkzeugen zu maximieren, zum erzeugen von sehr tiefen, pr\u00e4zisen Bohrungen in praktisch jedem Material. Spezialisierte Maschinen integrieren diese leistungsf\u00e4hige Technologie, Werkzeugunterst\u00fctzung, K\u00fchlmitteldruck und Maschinenleistung, die erforderlich sind, um BTA-Tiefbohranwendungen pr\u00e4zise und effizient zu handhaben.<\/p>\n<p>Maschinen basieren auf bew\u00e4hrter Technologie und werden in der Regel basierend auf Werkst\u00fcckgr\u00f6\u00dfe und -form, erforderlichen Produktionsraten und Werkst\u00fccktoleanzen konfiguriert.[\/vc_column_text][vc_column_text]<\/p>\n<h4>Funktionsweise einer BTA-Tiefbohrmaschine<\/h4>\n<p>[\/vc_column_text][vc_column_text]K\u00fchlmittel wird an der Au\u00dfenseite des BTA-Werkzeugs zugef\u00fchrt, w\u00e4hrend ein Motor entweder das Werkzeug oder das Werkst\u00fcck oder beides dreht und ein Vorschubsystem sorgt f\u00fcr den Vortrieb des Werkzeugs, um den Tiefbohrvorgang zu erm\u00f6glichen.<\/p>\n<p>Beim Bohren werden die Sp\u00e4ne durch die Mitte des BTA-Werkzeugs ausgep\u00fclt und durch das Bohrrohr und die Maschinenspindel abgeleitet. Zum Austrag der Sp\u00e4ne ist kein Ausspanen oder unterbrochener Vorschub erforderlich.[\/vc_column_text][vc_single_image image=&#8221;4883&#8243; img_size=&#8221;full&#8221;][vc_column_text]<\/p>\n<h4>Vollst\u00e4ndiges Schema einer typischen BTA-Tiefbohrmaschine<\/h4>\n<p>[\/vc_column_text][vc_single_image image=&#8221;4946&#8243; img_size=&#8221;full&#8221; onclick=&#8221;img_link_large&#8221;][\/vc_column][vc_column width=&#8221;1\/3&#8243;][vc_single_image image=&#8221;4881&#8243; img_size=&#8221;full&#8221; add_caption=&#8221;yes&#8221; onclick=&#8221;img_link_large&#8221;][vc_single_image image=&#8221;4899&#8243; img_size=&#8221;full&#8221; add_caption=&#8221;yes&#8221; onclick=&#8221;img_link_large&#8221;][\/vc_column][\/vc_row][vc_row][vc_column][vc_separator][vc_column_text]<\/p>\n<h4>Komponenten einer BTA-Tiefbohrmaschine<\/h4>\n<p>[\/vc_column_text]<div style=\"width:;\" class=\"cqtooltip-wrapper diagram\" data-opacity=\".8\" data-tooltipanimation=\"grow\" data-tooltipstyle=\"shadow\" data-trigger=\"\" data-maxwidth=\"200\" data-marginoffset=\"\" data-isdisplayall=\"off\" data-displayednum=\"1\"><img decoding=\"async\" data-src=\"https:\/\/unisig.com\/wp-content\/smush-webp\/2016\/06\/bta-deep-hole-drilling-machine-diagram.jpg.webp\" alt=\"deep hole drilling diagram\" width=\"1000\" class=\"smush-dimensions lazyload\" style=\"--smush-image-width: 1000px; --smush-image-aspect-ratio: 1000\/600;\" src=\"data:image\/svg+xml;base64,PHN2ZyB3aWR0aD0iMSIgaGVpZ2h0PSIxIiB4bWxucz0iaHR0cDovL3d3dy53My5vcmcvMjAwMC9zdmciPjwvc3ZnPg==\" data-srcset=\"https:\/\/unisig.com\/wp-content\/smush-webp\/2016\/06\/bta-deep-hole-drilling-machine-diagram.jpg.webp 1000w, https:\/\/unisig.com\/wp-content\/smush-webp\/2016\/06\/bta-deep-hole-drilling-machine-diagram-300x180.jpg.webp 300w, https:\/\/unisig.com\/wp-content\/smush-webp\/2016\/06\/bta-deep-hole-drilling-machine-diagram-150x90.jpg.webp 150w, https:\/\/unisig.com\/wp-content\/smush-webp\/2016\/06\/bta-deep-hole-drilling-machine-diagram-600x360.jpg.webp 600w, https:\/\/unisig.com\/wp-content\/smush-webp\/2016\/06\/bta-deep-hole-drilling-machine-diagram-768x461.jpg.webp 768w\" data-sizes=\"auto\" data-original-sizes=\"(max-width: 1000px) 100vw, 1000px\" \/><div class=\"cq-hotspots\"><div class=\"hotspot-item  \" style=\"top:68.76502946954814%;left:55.89174528301887%;\" data-top=\"68.76502946954814%\" data-left=\"55.89174528301887%\"><a href=\"#\" class=\"cq-tooltip\" style=\"background:#005288;\" data-tooltip=\"\n&lt;strong&gt;Maschine and Optionen:&lt;\/strong&gt;&lt;\/p&gt;\n&lt;ul&gt;\n&lt;li&gt;Maschinenbett&lt;\/li&gt;\n&lt;\/ul&gt;\n&lt;p&gt;\" data-arrowposition=\"\"><span style=\"background:#ffffff;\"><\/span><\/a><\/div><div class=\"hotspot-item  \" style=\"top:69.15245579567781%;left:72.89245283018869%;\" data-top=\"69.15245579567781%\" data-left=\"72.89245283018869%\"><a href=\"#\" class=\"cq-tooltip\" style=\"background:#005288;\" data-tooltip=\"\n&lt;p&gt;&lt;strong&gt;Maschine and Optionen:&lt;\/strong&gt;&lt;\/p&gt;\n&lt;ul&gt;\n&lt;li&gt;Werkzeugspindelkasten&lt;\/li&gt;\n&lt;\/ul&gt;\n&lt;p&gt;\" data-arrowposition=\"top\"><span style=\"background:#ffffff;\"><\/span><\/a><\/div><div class=\"hotspot-item  \" style=\"top:41.38762278978389%;left:10.62385613207547%;\" data-top=\"41.38762278978389%\" data-left=\"10.62385613207547%\"><a href=\"#\" class=\"cq-tooltip\" style=\"background:#005288;\" data-tooltip=\"\n&lt;strong&gt;Maschine and Optionen:&lt;\/strong&gt;&lt;\/p&gt;\n&lt;ul&gt;\n&lt;li&gt;Werkst\u00fcckspindelkasten&lt;\/li&gt;\n&lt;\/ul&gt;\n&lt;p&gt;\" data-arrowposition=\"top\"><span style=\"background:#ffffff;\"><\/span><\/a><\/div><div class=\"hotspot-item  \" style=\"top:57.22612966601179%;left:38.101533018867926%;\" data-top=\"57.22612966601179%\" data-left=\"38.101533018867926%\"><a href=\"#\" class=\"cq-tooltip\" style=\"background:#005288;\" data-tooltip=\"\n&lt;strong&gt;Maschine and Optionen:&lt;\/strong&gt;&lt;\/p&gt;\n&lt;ul&gt;\n&lt;li&gt;BOZA-Schlitten&lt;\/li&gt;\n&lt;\/ul&gt;\n&lt;p&gt;\" data-arrowposition=\"top\"><span style=\"background:#ffffff;\"><\/span><\/a><\/div><div class=\"hotspot-item  \" style=\"top:57.171512770137525%;left:80.42653301886793%;\" data-top=\"57.171512770137525%\" data-left=\"80.42653301886793%\"><a href=\"#\" class=\"cq-tooltip\" style=\"background:#005288;\" data-tooltip=\"\n&lt;strong&gt;Maschine and Optionen:&lt;\/strong&gt;&lt;\/p&gt;\n&lt;ul&gt;\n&lt;li&gt;Schaltschrank&lt;\/li&gt;\n&lt;\/ul&gt;\n&lt;p&gt;\" data-arrowposition=\"top\"><span style=\"background:#ffffff;\"><\/span><\/a><\/div><div class=\"hotspot-item  \" style=\"top:62.47603143418468%;left:39.075235849056604%;\" data-top=\"62.47603143418468%\" data-left=\"39.075235849056604%\"><a href=\"#\" class=\"cq-tooltip\" style=\"background:#005288;\" data-tooltip=\"\n&lt;strong&gt;Maschine and Optionen:&lt;\/strong&gt;&lt;\/p&gt;\n&lt;ul&gt;\n&lt;li&gt;Bedienkonsole&lt;\/li&gt;\n&lt;\/ul&gt;\n&lt;p&gt;&lt;\/p&gt;\n&lt;p&gt;\" data-arrowposition=\"top\"><span style=\"background:#ffffff;\"><\/span><\/a><\/div><div class=\"hotspot-item  \" style=\"top:46.75834970530452%;left:14.11816037735849%;\" data-top=\"46.75834970530452%\" data-left=\"14.11816037735849%\"><a href=\"#\" class=\"cq-tooltip\" style=\"background:#005288;\" data-tooltip=\"\n&lt;strong&gt;Maschine and Optionen:&lt;\/strong&gt;&lt;\/p&gt;\n&lt;ul&gt;\n&lt;li&gt;Fernbedienungskonsole&lt;\/li&gt;\n&lt;\/ul&gt;\n&lt;p&gt;\" data-arrowposition=\"top\"><span style=\"background:#ffffff;\"><\/span><\/a><\/div><div class=\"hotspot-item  \" style=\"top:44.60825147347741%;left:5.972806603773585%;\" data-top=\"44.60825147347741%\" data-left=\"5.972806603773585%\"><a href=\"#\" class=\"cq-tooltip\" style=\"background:#005288;\" data-tooltip=\"\n&lt;strong&gt;Maschine and Optionen:&lt;\/strong&gt;&lt;\/p&gt;\n&lt;ul&gt;\n&lt;li&gt;Hydraulikaggregat&lt;\/li&gt;\n&lt;\/ul&gt;\n&lt;p&gt;&lt;\/p&gt;\n&lt;p&gt;\" data-arrowposition=\"top\"><span style=\"background:#ffffff;\"><\/span><\/a><\/div><div class=\"hotspot-item  \" style=\"top:57.17976424361494%;left:88.6247641509434%;\" data-top=\"57.17976424361494%\" data-left=\"88.6247641509434%\"><a href=\"#\" class=\"cq-tooltip\" style=\"background:#005288;\" data-tooltip=\"\n&lt;strong&gt;Maschine and Optionen:&lt;\/strong&gt;&lt;\/p&gt;\n&lt;ul&gt;\n&lt;li&gt;Schaltschrankk\u00fchler&lt;\/li&gt;\n&lt;\/ul&gt;\n&lt;p&gt;\" data-arrowposition=\"top\"><span style=\"background:#ffffff;\"><\/span><\/a><\/div><div class=\"hotspot-item  \" style=\"top:34.9705304518664%;left:43.37122641509434%;\" data-top=\"34.9705304518664%\" data-left=\"43.37122641509434%\"><a href=\"#\" class=\"cq-tooltip\" style=\"background:#005288;\" data-tooltip=\"\n&lt;strong&gt;K\u00fchlmittelanlage:&lt;\/strong&gt;&lt;\/p&gt;\n&lt;ul&gt;\n&lt;li&gt;Rein\u00f6ltank&lt;\/li&gt;\n&lt;\/ul&gt;\n&lt;p&gt;\" data-arrowposition=\"top\"><span style=\"background:#ffffff;\"><\/span><\/a><\/div><div class=\"hotspot-item  \" style=\"top:51.2803536345776%;left:63.81391509433962%;\" data-top=\"51.2803536345776%\" data-left=\"63.81391509433962%\"><a href=\"#\" class=\"cq-tooltip\" style=\"background:#005288;\" data-tooltip=\"\n&lt;strong&gt;K\u00fchlmittelanlage:&lt;\/strong&gt;&lt;\/p&gt;\n&lt;ul&gt;\n&lt;li&gt;Schmutz\u00f6ltank&lt;\/li&gt;\n&lt;\/ul&gt;\n&lt;p&gt;\" data-arrowposition=\"top\"><span style=\"background:#ffffff;\"><\/span><\/a><\/div><div class=\"hotspot-item  \" style=\"top:27.91139489194499%;left:26.745990566037737%;\" data-top=\"27.91139489194499%\" data-left=\"26.745990566037737%\"><a href=\"#\" class=\"cq-tooltip\" style=\"background:#005288;\" data-tooltip=\"\n&lt;strong&gt;K\u00fchlmittelanlage:&lt;\/strong&gt;&lt;\/p&gt;\n&lt;ul&gt;\n&lt;li&gt;Hochdruckpumpen&lt;\/li&gt;\n&lt;\/ul&gt;\n&lt;p&gt;\" data-arrowposition=\"top\"><span style=\"background:#ffffff;\"><\/span><\/a><\/div><div class=\"hotspot-item  \" style=\"top:49.9147347740668%;left:71.8622641509434%;\" data-top=\"49.9147347740668%\" data-left=\"71.8622641509434%\"><a href=\"#\" class=\"cq-tooltip\" style=\"background:#005288;\" data-tooltip=\"\n&lt;strong&gt;K\u00fchlmittelanlage:&lt;\/strong&gt;&lt;\/p&gt;\n&lt;ul&gt;\n&lt;li&gt;K\u00fchlmittelfilter&lt;\/li&gt;\n&lt;\/ul&gt;\n&lt;p&gt;\" data-arrowposition=\"top\"><span style=\"background:#ffffff;\"><\/span><\/a><\/div><div class=\"hotspot-item  \" style=\"top:68.77053045186639%;left:83.41768867924527%;\" data-top=\"68.77053045186639%\" data-left=\"83.41768867924527%\"><a href=\"#\" class=\"cq-tooltip\" style=\"background:#005288;\" data-tooltip=\"\n&lt;strong&gt;K\u00fchlmittelanlage:&lt;\/strong&gt;&lt;\/p&gt;\n&lt;ul&gt;\n&lt;li&gt;K\u00fchlmittelr\u00fccklauftrog&lt;\/li&gt;\n&lt;\/ul&gt;\n&lt;p&gt;\" data-arrowposition=\"top\"><span style=\"background:#ffffff;\"><\/span><\/a><\/div><div class=\"hotspot-item  \" style=\"top:21.997838899803533%;left:18.067806603773583%;\" data-top=\"21.997838899803533%\" data-left=\"18.067806603773583%\"><a href=\"#\" class=\"cq-tooltip\" style=\"background:#005288;\" data-tooltip=\"\n&lt;strong&gt;K\u00fchlmittelanlage:&lt;\/strong&gt;&lt;\/p&gt;\n&lt;ul&gt;\n&lt;li&gt;K\u00fchlmittel-K\u00e4ltemaschine&lt;\/li&gt;\n&lt;\/ul&gt;\n&lt;p&gt;\" data-arrowposition=\"top\"><span style=\"background:#ffffff;\"><\/span><\/a><\/div><div class=\"hotspot-item  \" style=\"top:29.273084479371313%;left:35.34622641509434%;\" data-top=\"29.273084479371313%\" data-left=\"35.34622641509434%\"><a href=\"#\" class=\"cq-tooltip\" style=\"background:#005288;\" data-tooltip=\"\n&lt;strong&gt;K\u00fchlmittelanlage:&lt;\/strong&gt;&lt;\/p&gt;\n&lt;ul&gt;\n&lt;li&gt;K\u00fchlmittel-\u00d6l-Wasser-W\u00e4rmetauscher&lt;\/li&gt;\n&lt;\/ul&gt;\n&lt;p&gt;\" data-arrowposition=\"top\"><span style=\"background:#ffffff;\"><\/span><\/a><\/div><div class=\"hotspot-item  \" style=\"top:67.98055009823183%;left:79.62936320754717%;\" data-top=\"67.98055009823183%\" data-left=\"79.62936320754717%\"><a href=\"#\" class=\"cq-tooltip\" style=\"background:#005288;\" data-tooltip=\"\n&lt;strong&gt;Sp\u00e4neentsorgung:&lt;\/strong&gt;&lt;\/p&gt;\n&lt;ul&gt;\n&lt;li&gt;Sp\u00e4neauslauf entg. Bohrrichtung&lt;\/li&gt;\n&lt;\/ul&gt;\n&lt;p&gt;\" data-arrowposition=\"top\"><span style=\"background:#ffffff;\"><\/span><\/a><\/div><div class=\"hotspot-item  \" style=\"top:37.13575638506876%;left:6.420742924528302%;\" data-top=\"37.13575638506876%\" data-left=\"6.420742924528302%\"><a href=\"#\" class=\"cq-tooltip\" style=\"background:#005288;\" data-tooltip=\"\n&lt;strong&gt;Sp\u00e4neentsorgung:&lt;\/strong&gt;&lt;\/p&gt;\n&lt;ul&gt;\n&lt;li&gt;Sp\u00e4neauslauf in Bohrrichtung&lt;\/li&gt;\n&lt;\/ul&gt;\n&lt;p&gt;\" data-arrowposition=\"top\"><span style=\"background:#ffffff;\"><\/span><\/a><\/div><div class=\"hotspot-item  \" style=\"top:62.86836935166994%;left:93.34917452830189%;\" data-top=\"62.86836935166994%\" data-left=\"93.34917452830189%\"><a href=\"#\" class=\"cq-tooltip\" style=\"background:#005288;\" data-tooltip=\"\n&lt;strong&gt;Sp\u00e4neentsorgung:&lt;\/strong&gt;&lt;\/p&gt;\n&lt;ul&gt;\n&lt;li&gt;Sp\u00e4nef\u00f6rderer&lt;\/li&gt;\n&lt;li&gt;Sp\u00e4nebrecher\/-zentrifuge&lt;\/li&gt;\n&lt;\/ul&gt;\n&lt;p&gt;\" data-arrowposition=\"top\"><span style=\"background:#ffffff;\"><\/span><\/a><\/div><div class=\"hotspot-item  \" style=\"top:31.237721021611005%;left:5.527724056603774%;\" data-top=\"31.237721021611005%\" data-left=\"5.527724056603774%\"><a href=\"#\" class=\"cq-tooltip\" style=\"background:#005288;\" data-tooltip=\"\n&lt;strong&gt;Sp\u00e4neentsorgung:&lt;\/strong&gt;&lt;\/p&gt;\n&lt;ul&gt;\n&lt;li&gt;Sp\u00e4nekorb\/-wagen&lt;\/li&gt;\n&lt;\/ul&gt;\n&lt;p&gt;\" data-arrowposition=\"top\"><span style=\"background:#ffffff;\"><\/span><\/a><\/div><div class=\"hotspot-item  \" style=\"top:53.67760314341846%;left:40.668042452830186%;\" data-top=\"53.67760314341846%\" data-left=\"40.668042452830186%\"><a href=\"#\" class=\"cq-tooltip\" style=\"background:#005288;\" data-tooltip=\"\n&lt;strong&gt;Zubeh\u00f6r:&lt;\/strong&gt;&lt;\/p&gt;\n&lt;ul&gt;\n&lt;li&gt;BOZA&lt;\/li&gt;\n&lt;li&gt;BOZA Aufnahmereduzierung&lt;\/li&gt;\n&lt;\/ul&gt;\n&lt;p&gt;&lt;\/p&gt;\n&lt;p&gt;\" data-arrowposition=\"top\"><span style=\"background:#ffffff;\"><\/span><\/a><\/div><div class=\"hotspot-item  \" style=\"top:56.81552062868369%;left:51.36191037735849%;\" data-top=\"56.81552062868369%\" data-left=\"51.36191037735849%\"><a href=\"#\" class=\"cq-tooltip\" style=\"background:#005288;\" data-tooltip=\"\n&lt;strong&gt;Zubeh\u00f6r:&lt;\/strong&gt;&lt;\/p&gt;\n&lt;ul&gt;\n&lt;li&gt;Schwingungsd\u00e4mpferschlitten&lt;\/li&gt;\n&lt;li&gt;Schwingungsd\u00e4mpfer&lt;\/li&gt;\n&lt;li&gt;Schwingungsd\u00e4mpfer-Aufnahmereduzierung&lt;\/li&gt;\n&lt;\/ul&gt;\n&lt;p&gt;&lt;\/p&gt;\n&lt;p&gt;\" data-arrowposition=\"top\"><span style=\"background:#ffffff;\"><\/span><\/a><\/div><div class=\"hotspot-item  \" style=\"top:70.95952848722987%;left:76.36721698113207%;\" data-top=\"70.95952848722987%\" data-left=\"76.36721698113207%\"><a href=\"#\" class=\"cq-tooltip\" style=\"background:#005288;\" data-tooltip=\"\n&lt;strong&gt;Zubeh\u00f6r:&lt;\/strong&gt;&lt;\/p&gt;\n&lt;ul&gt;\n&lt;li&gt;Drehdurchf\u00fchrung und Hydraulik f\u00fcrs Sch\u00e4len&lt;\/li&gt;\n&lt;li&gt;Servogesteuerte Bet\u00e4tigung f\u00fcr Auskammerwerkzeuge&lt;\/li&gt;\n&lt;\/ul&gt;\n&lt;p&gt;&lt;\/p&gt;\n&lt;p&gt;\" data-arrowposition=\"top\"><span style=\"background:#ffffff;\"><\/span><\/a><\/div><div class=\"hotspot-item  \" style=\"top:53.28467583497053%;left:36.645400943396226%;\" data-top=\"53.28467583497053%\" data-left=\"36.645400943396226%\"><a href=\"#\" class=\"cq-tooltip\" style=\"background:#005288;\" data-tooltip=\"\n&lt;strong&gt;Werkzeug:&lt;\/strong&gt;&lt;\/p&gt;\n&lt;ul&gt;\n&lt;li&gt;Bohrbuchsenhalter-System&lt;\/li&gt;\n&lt;li&gt;Bohrbuchsen&lt;\/li&gt;\n&lt;\/ul&gt;\n&lt;p&gt;&lt;\/p&gt;\n&lt;p&gt;\" data-arrowposition=\"top\"><span style=\"background:#ffffff;\"><\/span><\/a><\/div><div class=\"hotspot-item  \" style=\"top:54.420432220039295%;left:42.79150943396227%;\" data-top=\"54.420432220039295%\" data-left=\"42.79150943396227%\"><a href=\"#\" class=\"cq-tooltip\" style=\"background:#005288;\" data-tooltip=\"\n&lt;strong&gt;Werkzeug:&lt;\/strong&gt;&lt;\/p&gt;\n&lt;ul&gt;\n&lt;li&gt;Stopfbuchsenpackung&lt;\/li&gt;\n&lt;li&gt;Stopfbuchsen-Reduzierung&lt;\/li&gt;\n&lt;\/ul&gt;\n&lt;p&gt;&lt;\/p&gt;\n&lt;p&gt;\" data-arrowposition=\"top\"><span style=\"background:#ffffff;\"><\/span><\/a><\/div><div class=\"hotspot-item  \" style=\"top:61.72652259332023%;left:57.74080188679245%;\" data-top=\"61.72652259332023%\" data-left=\"57.74080188679245%\"><a href=\"#\" class=\"cq-tooltip\" style=\"background:#005288;\" data-tooltip=\"\n&lt;strong&gt;Werkzeug:&lt;\/strong&gt;&lt;\/p&gt;\n&lt;ul&gt;\n&lt;li&gt;Bohrrohr&lt;\/li&gt;\n&lt;li&gt;Bohrrohr-Gewindeadapter&lt;\/li&gt;\n&lt;\/ul&gt;\n&lt;p&gt;&lt;\/p&gt;\n&lt;p&gt;\" data-arrowposition=\"top\"><span style=\"background:#ffffff;\"><\/span><\/a><\/div><div class=\"hotspot-item  \" style=\"top:59.75088408644401%;left:52.074764150943395%;\" data-top=\"59.75088408644401%\" data-left=\"52.074764150943395%\"><a href=\"#\" class=\"cq-tooltip\" style=\"background:#005288;\" data-tooltip=\"\n&lt;strong&gt;Werkzeug:&lt;\/strong&gt;&lt;\/p&gt;\n&lt;ul&gt;\n&lt;li&gt;Schwingungsd\u00e4mpfereinsatz&lt;\/li&gt;\n&lt;\/ul&gt;\n&lt;p&gt;&lt;\/p&gt;\n&lt;p&gt;\" data-arrowposition=\"top\"><span style=\"background:#ffffff;\"><\/span><\/a><\/div><div class=\"hotspot-item  \" style=\"top:67.38703339882122%;left:68.97075471698113%;\" data-top=\"67.38703339882122%\" data-left=\"68.97075471698113%\"><a href=\"#\" class=\"cq-tooltip\" style=\"background:#005288;\" data-tooltip=\"\n&lt;strong&gt;Werkzeug:&lt;\/strong&gt;&lt;\/p&gt;\n&lt;ul&gt;\n&lt;li&gt;Halbschalenspannung&lt;\/li&gt;\n&lt;li&gt;Halbschaleneinsatz und -abdichtung&lt;\/li&gt;\n&lt;\/ul&gt;\n&lt;p&gt;&lt;\/p&gt;\n&lt;p&gt;\" data-arrowposition=\"top\"><span style=\"background:#ffffff;\"><\/span><\/a><\/div><div class=\"hotspot-item  \" style=\"top:49.549115913555994%;left:37.33985849056604%;\" data-top=\"49.549115913555994%\" data-left=\"37.33985849056604%\"><a href=\"#\" class=\"cq-tooltip\" style=\"background:#005288;\" data-tooltip=\"\n&lt;strong&gt;Werkst\u00fcckhaltung:&lt;\/strong&gt;&lt;\/p&gt;\n&lt;ul&gt;\n&lt;li&gt;BOZA-Backenfutter&lt;\/li&gt;\n&lt;li&gt;Offset Backensatz&lt;\/li&gt;\n&lt;li&gt;Spannkonen&lt;\/li&gt;\n&lt;\/ul&gt;\n&lt;p&gt;&lt;\/p&gt;\n&lt;p&gt;\" data-arrowposition=\"top\"><span style=\"background:#ffffff;\"><\/span><\/a><\/div><div class=\"hotspot-item  \" style=\"top:44.00785854616896%;left:16.493867924528303%;\" data-top=\"44.00785854616896%\" data-left=\"16.493867924528303%\"><a href=\"#\" class=\"cq-tooltip\" style=\"background:#005288;\" data-tooltip=\"\n&lt;strong&gt;Werkst\u00fcckhaltung:&lt;\/strong&gt;&lt;\/p&gt;\n&lt;ul&gt;\n&lt;li&gt;Werkst\u00fcck-Backenfutter, manuell&lt;\/li&gt;\n&lt;li&gt;Werkst\u00fcck-Backenfutter, automatisch&lt;\/li&gt;\n&lt;li&gt;Offset Backens\u00e4tze&lt;\/li&gt;\n&lt;li&gt;Spannkonen&lt;\/li&gt;\n&lt;li&gt;Ausbohrabdichtung&lt;\/li&gt;\n&lt;li&gt;Laterne f\u00fcr das Ziehaufbohren&lt;\/li&gt;\n&lt;\/ul&gt;\n&lt;p&gt;&lt;\/p&gt;\n&lt;p&gt;\" data-arrowposition=\"top\"><span style=\"background:#ffffff;\"><\/span><\/a><\/div><div class=\"hotspot-item  \" style=\"top:44.70787401574803%;left:23.361865407319954%;\" data-top=\"44.70787401574803%\" data-left=\"23.361865407319954%\"><a href=\"#\" class=\"cq-tooltip\" style=\"background:#005288;\" data-tooltip=\"\n&lt;strong&gt;Werkst\u00fcckhaltung:&lt;\/strong&gt;&lt;\/p&gt;\n&lt;ul&gt;\n&lt;li&gt;Rollensetzstock, manuell&lt;\/li&gt;\n&lt;li&gt;Rollensetzstock, automatisch&lt;\/li&gt;\n&lt;\/ul&gt;\n&lt;p&gt;\" data-arrowposition=\"top\"><span style=\"background:#ffffff;\"><\/span><\/a><\/div><\/div><\/div>[\/vc_column][\/vc_row][vc_row][vc_column][vc_column_text]<\/p>\n<h4>Schl\u00fcsselkomponenten f\u00fcr BTA-Tiefbohrmaschinen<\/h4>\n<p>[\/vc_column_text][vc_column_text]Auf typischen BTA-Bohrmaschinen sind mehrere Komponenten vorhanden, unabh\u00e4ngig von der Konfiguration.[\/vc_column_text][vc_column_text]<\/p>\n<h5>Anbohr-Bohrbuchse<\/h5>\n<p>[\/vc_column_text][vc_column_text]Eine Pr\u00e4zisionsbohrf\u00fchrung, die Bohrbuchse liegt am Werkst\u00fcck an, um das BTA-Werkzeug zu f\u00fchren, bis es ins Werkst\u00fcckmaterial eintritt. Diese Buchse erm\u00f6glicht es dem Werkzeug, an der richtigen Position zu starten, und mit dem richtigen Bohrdurchmesser, beides unerl\u00e4sslich f\u00fcr genaue Tiefbohrungen. Die Bohrbuchse arbeitet auch, an das Werkst\u00fcck abzudichten, damit das K\u00fchl-\/Schneidmittel zum Bohrvorgang geleitete werden kann.[\/vc_column_text][vc_column_text]<\/p>\n<h5>BOZA &#8211; Bohr\u00d6lZuf\u00fchrApparat<\/h5>\n<p>[\/vc_column_text][vc_column_text]Ein BOZA dichtet das BTA-Bohrrohr und die Bohrbuchse ab, w\u00e4hrend er das K\u00fchlmittel an der Au\u00dfenseite des Werkzeugs einf\u00fchrt, um eine ununterbrochene Sp\u00e4neableitung w\u00e4hrend des gesamten Bohrvorgangs zu gew\u00e4hrleisten.[\/vc_column_text][vc_column_text]<\/p>\n<h5>Schwingugnsd\u00e4mpfer<\/h5>\n<p>[\/vc_column_text][vc_column_text]Schwingungsd\u00e4mpfer unterst\u00fctzen lange Bohrwerkzeuge unter Drehzahl bei gleichzeitiger \u00dcbertragung des Drehmoments und stabilisieren das Werkzeug f\u00fcr einen genauen Bohrprozess. Diese Baugruppe ist mit rotierenden Lagern und Eins\u00e4tzen ausgestattet, die das Werkzeug einspannen, um die Schwingungsd\u00e4mpfung zu gew\u00e4hrleisten. Maschinen mit gr\u00f6\u00dferen Fahrwegen k\u00f6nnen mehrere Schwingungd\u00e4mpferschlittenr haben, w\u00e4hrend k\u00fcrzere Maschinen m\u00f6glicherweise keine erfordern.[\/vc_column_text][vc_column_text]<\/p>\n<h5>Bohrspindel<\/h5>\n<p>[\/vc_column_text][vc_column_text]Hohe Leistung, exaktes Drehmomentgenauigkeit und geringe Vibrationen sind entscheidend f\u00fcr produktive BTA-Bohrungen. Die Spindel \u00fcbertr\u00e4gt die Leistung und das Drehmoment vom Motor auf das Werkzeug. Sp\u00e4ne und K\u00fchlmittel werden w\u00e4hrend des Betriebs durch eine Bohrung in der Mitte der Spindel ausgeleitet.[\/vc_column_text][vc_column_text]<\/p>\n<h5>K\u00fchlmittelanlage<\/h5>\n<p>[\/vc_column_text][vc_column_text]Die Zuverl\u00e4ssigkeit und Leistung des BTA-Tiefbohrprozesses h\u00e4ngt stark vom K\u00fchlmittelsystem der Maschine ab. Ein logisch konzipiertes Tanksystem beginnt mit dem K\u00fchlmittelvorrat, eine gro\u00dfvolumige Pumpengruppe sorgt daf\u00fcr, die Schneidfl\u00fcssigkeit an das BTA-Werkzeug zu liefern. Sobald das K\u00fchlmittel durch den Metallschneidvorgang geleitet wurde, gelangt es in das Filtersystem. Die K\u00fchlmittelfiltration im niedrigen Mikrometerbereich und die \u00dcberwachung des Filterzustandes verhindern die Ansammlung von Sp\u00e4nen und kleinen Partikeln im Schneidmittel, was zu weniger Ausfallzeiten, l\u00e4ngerer Standzeit und verbesserter Oberfl\u00e4cheng\u00fcte f\u00fchrt.[\/vc_column_text][vc_column_text]<\/p>\n<h5>K\u00fchlmittel Temperaturregelung<\/h5>\n<p>[\/vc_column_text][vc_column_text]Das Schneidprozess am Bohrkopf und das K\u00fchlmittelpumpensystem erzeugt W\u00e4rme, die sich negativ auf Bohrfaktoren wie Standzeit und Genauigkeit sowie die Betriebsbedingungen rund um die Maschine auswirken kann. Um die W\u00e4rme zu kontrollieren, ist entweder ein W\u00e4rmetauscher oder ein K\u00fchler erforderlich, um die Schneidfl\u00fcssigkeit bei der richtigen Temperatur zu halten.[\/vc_column_text][\/vc_column][\/vc_row][vc_row][vc_column][vc_cta h2=&#8221;Finden Sie Ihre BTA-Tiefbohrmaschine&#8221; h2_font_container=&#8221;color:%23005288&#8243; h2_google_fonts=&#8221;font_family:Open%20Sans%3A300%2C300italic%2Cregular%2Citalic%2C600%2C600italic%2C700%2C700italic%2C800%2C800italic|font_style:400%20regular%3A400%3Anormal&#8221; shape=&#8221;square&#8221; style=&#8221;custom&#8221; add_button=&#8221;bottom&#8221; btn_title=&#8221;Zu den BTa-Maschinen&#8221; btn_shape=&#8221;square&#8221; use_custom_fonts_h2=&#8221;true&#8221; btn_add_icon=&#8221;true&#8221; custom_background=&#8221;#e3e3e3&#8243; custom_text=&#8221;#151515&#8243; css=&#8221;.vc_custom_1611827920034{border-top-width: 0px !important;border-right-width: 0px !important;border-bottom-width: 0px !important;border-left-width: 0px !important;}&#8221; btn_link=&#8221;url:http%3A%2F%2Funisig.com%2Fproducts-and-technology%2Fmachines%2Ffind-a-machine%2Fby-process-type%2Fgun-drilling%2F|&#8221;]Durchsuchen Sie UNISIG Tiefbohrmaschinen mit BTA-Werkzeugsystem.[\/vc_cta][\/vc_column][\/vc_row][vc_row][vc_column][vc_column_text][\/vc_column_text][\/vc_column][\/vc_row]<\/p>\n<\/div>","protected":false},"excerpt":{"rendered":"<p>[vc_row][vc_column][vc_column_text] BTA-Maschinen \u00dcbersicht [\/vc_column_text][\/vc_column][\/vc_row][vc_row][vc_column width=&#8221;2\/3&#8243;][vc_column_text] Was ist eine BTA-Tiefbohrmaschine? [\/vc_column_text][vc_column_text]Eine BTA-Bohrmaschine ist eine Art von Tiefbohrmaschine, entwickelt und gebaut, um die Leistung von BTA und verwandten Werkzeugen zu maximieren, zum erzeugen von sehr tiefen, pr\u00e4zisen Bohrungen in praktisch jedem Material. Spezialisierte Maschinen integrieren diese leistungsf\u00e4hige Technologie, Werkzeugunterst\u00fctzung, K\u00fchlmitteldruck und Maschinenleistung, die erforderlich sind, um BTA-Tiefbohranwendungen<a href=\"https:\/\/unisig.com\/de\/informationen-ressourcen\/was-ist-tiefbohren\/bta-maschinen-uebersicht\/\" class=\"more-link\">Read More<\/a><\/p>\n","protected":false},"author":3,"featured_media":0,"parent":6554,"menu_order":0,"comment_status":"closed","ping_status":"closed","template":"page-templates\/template-2.php","meta":{"_acf_changed":false,"footnotes":""},"folder":[],"class_list":["post-6357","page","type-page","status-publish","hentry"],"acf":[],"_links":{"self":[{"href":"https:\/\/unisig.com\/de\/wp-json\/wp\/v2\/pages\/6357","targetHints":{"allow":["GET"]}}],"collection":[{"href":"https:\/\/unisig.com\/de\/wp-json\/wp\/v2\/pages"}],"about":[{"href":"https:\/\/unisig.com\/de\/wp-json\/wp\/v2\/types\/page"}],"author":[{"embeddable":true,"href":"https:\/\/unisig.com\/de\/wp-json\/wp\/v2\/users\/3"}],"replies":[{"embeddable":true,"href":"https:\/\/unisig.com\/de\/wp-json\/wp\/v2\/comments?post=6357"}],"version-history":[{"count":0,"href":"https:\/\/unisig.com\/de\/wp-json\/wp\/v2\/pages\/6357\/revisions"}],"up":[{"embeddable":true,"href":"https:\/\/unisig.com\/de\/wp-json\/wp\/v2\/pages\/6554"}],"wp:attachment":[{"href":"https:\/\/unisig.com\/de\/wp-json\/wp\/v2\/media?parent=6357"}],"wp:term":[{"taxonomy":"folder","embeddable":true,"href":"https:\/\/unisig.com\/de\/wp-json\/wp\/v2\/folder?post=6357"}],"curies":[{"name":"wp","href":"https:\/\/api.w.org\/{rel}","templated":true}]}}