{"id":6362,"date":"2020-06-15T10:37:15","date_gmt":"2020-06-15T15:37:15","guid":{"rendered":"https:\/\/stagingxx.unisig.com\/gundrilling-machine-uebersicht\/"},"modified":"2021-01-28T03:35:33","modified_gmt":"2021-01-28T09:35:33","slug":"elb-maschinen-uebersicht","status":"publish","type":"page","link":"https:\/\/unisig.com\/de\/informationen-ressourcen\/was-ist-tiefbohren\/elb-maschinen-uebersicht\/","title":{"rendered":"ELB-Maschinen \u00dcbersicht"},"content":{"rendered":"<div class=\"wpb-content-wrapper\"><p>[vc_row][vc_column][vc_column_text]<\/p>\n<h1>ELB-Maschinen \u00dcbersicht<\/h1>\n<p>[\/vc_column_text][\/vc_column][\/vc_row][vc_row][vc_column width=&#8221;2\/3&#8243;][vc_column_text]<\/p>\n<h4>Was ist eine ELB-Tiefbohrmaschine?<\/h4>\n<p>[\/vc_column_text][vc_column_text]Eine Einlippentiefbohrmaschine ist eine Art von <a href=\"https:\/\/unisig.com\/de\/informationen-ressourcen\/tiefbohrmaschinen-uebersicht\/\">Tiefbohrmaschinen,<\/a> entwickelt und gebaut, um die die Leistung der Einlippen-Werkzeuge zu maximieren, zum erzeugen von sehr tiefen, pr\u00e4zisen Bohrungen in praktisch jedem Material. Spezialisierte Maschinen integrieren diese leitungsf\u00e4hige Technologie, Werkzeugunterst\u00fctzung, K\u00fchlmitteldruck und Maschinenleistung, die erforderlich sind, um ELB-Tiefbohranwendungen pr\u00e4zise und effizient zu handhaben.<\/p>\n<p>Die Maschinen basieren auf bew\u00e4hrter Technologie und werden in der Regel basierend auf Werkst\u00fcckgr\u00f6\u00dfe und -form, erforderliche Produktionsraten und erforderliche Werkst\u00fccktoleranzen konfiguriert.[\/vc_column_text][vc_column_text]<\/p>\n<h4>Funktionsweise einer ELB-Tiefbohrmaschine<\/h4>\n<p>[\/vc_column_text][vc_column_text]K\u00fchlmittel wird durch die Mitte des ELB-Werkzeugs zugef\u00fchrt, w\u00e4hrend ein Motor entweder das Werkzeug oder das Werkst\u00fcck oder beides dreht. Ein Vorschubsystem sorgt f\u00fcr den Vortrieb des Werkzeugs, um mit dem Bohren zu beginnen. Das Werkzeug wird durch eine Anbohrbuchse pr\u00e4zise in das Werkst\u00fcck gef\u00fchrt.<\/p>\n<p>Beim Bohren werden die Sp\u00e4ne in einer Nut entlang des Einlippenbohres durch das Hochdruckk\u00fchlmittel ausgesp\u00fclt. Zum Austrag der Sp\u00e4ne ist kein Ausspanen oder unterbrochener Vorschub erforderlich.[\/vc_column_text][vc_single_image image=&#8221;4873&#8243; img_size=&#8221;full&#8221;][vc_column_text]<\/p>\n<h4>Vollst\u00e4ndiges Schema einer typischen ELB-Tiefbohrmaschine<\/h4>\n<p>[\/vc_column_text][vc_single_image image=&#8221;4951&#8243; img_size=&#8221;full&#8221; onclick=&#8221;img_link_large&#8221;][\/vc_column][vc_column width=&#8221;1\/3&#8243;][vc_single_image image=&#8221;4909&#8243; img_size=&#8221;full&#8221; add_caption=&#8221;yes&#8221; onclick=&#8221;img_link_large&#8221;][vc_single_image image=&#8221;4910&#8243; img_size=&#8221;full&#8221; add_caption=&#8221;yes&#8221; onclick=&#8221;img_link_large&#8221;][\/vc_column][\/vc_row][vc_row][vc_column][vc_separator][vc_column_text]<\/p>\n<h4>Komponenten einer Einlippen-Tiefbohrmaschine<\/h4>\n<p>[\/vc_column_text]<div style=\"width:;\" class=\"cqtooltip-wrapper diagram\" data-opacity=\"1\" data-tooltipanimation=\"grow\" data-tooltipstyle=\"shadow\" data-trigger=\"\" data-maxwidth=\"240\" data-marginoffset=\"\" data-isdisplayall=\"off\" data-displayednum=\"1\"><img decoding=\"async\" data-src=\"https:\/\/unisig.com\/wp-content\/smush-webp\/2016\/06\/gundrilling-machine-identification-2.jpg.webp\" alt=\"\" width=\"847\" class=\"smush-dimensions lazyload\" style=\"--smush-image-width: 847px; --smush-image-aspect-ratio: 847\/580;\" src=\"data:image\/svg+xml;base64,PHN2ZyB3aWR0aD0iMSIgaGVpZ2h0PSIxIiB4bWxucz0iaHR0cDovL3d3dy53My5vcmcvMjAwMC9zdmciPjwvc3ZnPg==\" data-srcset=\"https:\/\/unisig.com\/wp-content\/smush-webp\/2016\/06\/gundrilling-machine-identification-2.jpg.webp 847w, https:\/\/unisig.com\/wp-content\/smush-webp\/2016\/06\/gundrilling-machine-identification-2-300x205.jpg.webp 300w, https:\/\/unisig.com\/wp-content\/smush-webp\/2016\/06\/gundrilling-machine-identification-2-150x103.jpg.webp 150w, https:\/\/unisig.com\/wp-content\/smush-webp\/2016\/06\/gundrilling-machine-identification-2-600x411.jpg.webp 600w, https:\/\/unisig.com\/wp-content\/smush-webp\/2016\/06\/gundrilling-machine-identification-2-768x526.jpg.webp 768w\" data-sizes=\"auto\" data-original-sizes=\"(max-width: 847px) 100vw, 847px\" \/><div class=\"cq-hotspots\"><div class=\"hotspot-item  \" style=\"top:64.48275862068965%;left:36.540919811320755%;\" data-top=\"64.48275862068965%\" data-left=\"36.540919811320755%\"><a href=\"#\" class=\"cq-tooltip\" style=\"background:rgba(0,82,136,0.8);\" data-tooltip=\"\n&lt;strong&gt;Maschine and Optionen:&lt;\/strong&gt;&lt;\/p&gt;\n&lt;ul&gt;\n&lt;li&gt;Maschinenbett&lt;\/li&gt;\n&lt;\/ul&gt;\n&lt;p&gt;\" data-arrowposition=\"\"><span style=\"background:#ffffff;\"><\/span><\/a><\/div><div class=\"hotspot-item  \" style=\"top:49.497068965517244%;left:37.248466981132076%;\" data-top=\"49.497068965517244%\" data-left=\"37.248466981132076%\"><a href=\"#\" class=\"cq-tooltip\" style=\"background:rgba(0,82,136,0.8);\" data-tooltip=\"\n&lt;strong&gt;Maschine and Optionen:&lt;\/strong&gt;&lt;\/p&gt;\n&lt;ul&gt;\n&lt;li&gt;Werkzeugspindel&lt;\/li&gt;\n&lt;\/ul&gt;\n&lt;p&gt;\" data-arrowposition=\"top\"><span style=\"background:#ffffff;\"><\/span><\/a><\/div><div class=\"hotspot-item  \" style=\"top:32.25568965517242%;left:67.31922169811321%;\" data-top=\"32.25568965517242%\" data-left=\"67.31922169811321%\"><a href=\"#\" class=\"cq-tooltip\" style=\"background:rgba(0,82,136,0.8);\" data-tooltip=\"\n&lt;strong&gt;Machine and Options:&lt;\/strong&gt;&lt;\/p&gt;\n&lt;ul&gt;\n&lt;li&gt;Werkst\u00fcckspindelkasten&lt;\/li&gt;\n&lt;\/ul&gt;\n&lt;p&gt;\" data-arrowposition=\"top\"><span style=\"background:#ffffff;\"><\/span><\/a><\/div><div class=\"hotspot-item  \" style=\"top:51.22120689655173%;left:32.76733490566038%;\" data-top=\"51.22120689655173%\" data-left=\"32.76733490566038%\"><a href=\"#\" class=\"cq-tooltip\" style=\"background:rgba(0,82,136,0.8);\" data-tooltip=\"\n&lt;strong&gt;Maschine and Optionen:&lt;\/strong&gt;&lt;\/p&gt;\n&lt;ul&gt;\n&lt;li&gt;K\u00fchlmittel-Drehdurchf\u00fchrung&lt;\/li&gt;\n&lt;\/ul&gt;\n&lt;p&gt;\" data-arrowposition=\"top\"><span style=\"background:#ffffff;\"><\/span><\/a><\/div><div class=\"hotspot-item  \" style=\"top:35.18672413793104%;left:18.380542452830188%;\" data-top=\"35.18672413793104%\" data-left=\"18.380542452830188%\"><a href=\"#\" class=\"cq-tooltip\" style=\"background:rgba(0,82,136,0.8);\" data-tooltip=\"\n&lt;strong&gt;Maschine and Optionen:&lt;\/strong&gt;&lt;\/p&gt;\n&lt;ul&gt;\n&lt;li&gt;Schaltschrank&lt;\/li&gt;\n&lt;\/ul&gt;\n&lt;p&gt;\" data-arrowposition=\"top\"><span style=\"background:#ffffff;\"><\/span><\/a><\/div><div class=\"hotspot-item  \" style=\"top:50.01431034482759%;left:54.46544811320755%;\" data-top=\"50.01431034482759%\" data-left=\"54.46544811320755%\"><a href=\"#\" class=\"cq-tooltip\" style=\"background:rgba(0,82,136,0.8);\" data-tooltip=\"\n&lt;strong&gt;Maschine and Optionen:&lt;\/strong&gt;&lt;\/p&gt;\n&lt;ul&gt;\n&lt;li&gt;Bedienkonsole&lt;\/li&gt;\n&lt;\/ul&gt;\n&lt;p&gt;\" data-arrowposition=\"top\"><span style=\"background:#ffffff;\"><\/span><\/a><\/div><div class=\"hotspot-item  \" style=\"top:32.600517241379315%;left:10.479563679245283%;\" data-top=\"32.600517241379315%\" data-left=\"10.479563679245283%\"><a href=\"#\" class=\"cq-tooltip\" style=\"background:rgba(0,82,136,0.8);\" data-tooltip=\"\n&lt;strong&gt;Maschine and Optionen:&lt;\/strong&gt;&lt;\/p&gt;\n&lt;ul&gt;\n&lt;li&gt;Signalleuchte&lt;\/li&gt;\n&lt;\/ul&gt;\n&lt;p&gt;\" data-arrowposition=\"top\"><span style=\"background:#ffffff;\"><\/span><\/a><\/div><div class=\"hotspot-item  \" style=\"top:38.80741379310344%;left:53.993750000000006%;\" data-top=\"38.80741379310344%\" data-left=\"53.993750000000006%\"><a href=\"#\" class=\"cq-tooltip\" style=\"background:rgba(0,82,136,0.8);\" data-tooltip=\"\n&lt;strong&gt;K\u00fchlmittelanlage und Sp\u00e4neentsorgung:&lt;\/strong&gt;&lt;\/p&gt;\n&lt;ul&gt;\n&lt;li&gt;Sp\u00e4nekasten&lt;\/li&gt;\n&lt;\/ul&gt;\n&lt;p&gt;\" data-arrowposition=\"top\"><span style=\"background:#ffffff;\"><\/span><\/a><\/div><div class=\"hotspot-item  \" style=\"top:32.25568965517242%;left:42.31922169811321%;\" data-top=\"32.25568965517242%\" data-left=\"42.31922169811321%\"><a href=\"#\" class=\"cq-tooltip\" style=\"background:rgba(0,82,136,0.8);\" data-tooltip=\"\n&lt;strong&gt;K\u00fchlmittelanlage und Sp\u00e4neentsorgung:&lt;\/strong&gt;&lt;\/p&gt;\n&lt;ul&gt;\n&lt;li&gt;K\u00fchlmitteltank&lt;\/li&gt;\n&lt;\/ul&gt;\n&lt;p&gt;\" data-arrowposition=\"top\"><span style=\"background:#ffffff;\"><\/span><\/a><\/div><div class=\"hotspot-item  \" style=\"top:31.73844827586207%;left:27.342806603773585%;\" data-top=\"31.73844827586207%\" data-left=\"27.342806603773585%\"><a href=\"#\" class=\"cq-tooltip\" style=\"background:rgba(0,82,136,0.8);\" data-tooltip=\"\n&lt;strong&gt;K\u00fchlmittelanlage und Sp\u00e4neentsorgung:&lt;\/strong&gt;&lt;\/p&gt;\n&lt;ul&gt;\n&lt;li&gt;Hochdruckpumpen&lt;\/li&gt;\n&lt;\/ul&gt;\n&lt;p&gt;\" data-arrowposition=\"top\"><span style=\"background:#ffffff;\"><\/span><\/a><\/div><div class=\"hotspot-item  \" style=\"top:26.56603448275862%;left:34.06450471698113%;\" data-top=\"26.56603448275862%\" data-left=\"34.06450471698113%\"><a href=\"#\" class=\"cq-tooltip\" style=\"background:rgba(0,82,136,0.8);\" data-tooltip=\"\n&lt;strong&gt;K\u00fchlmittelanlage und Sp\u00e4neentsorgung:&lt;\/strong&gt;&lt;\/p&gt;\n&lt;ul&gt;\n&lt;li&gt;K\u00fchlmittelfilter&lt;\/li&gt;\n&lt;\/ul&gt;\n&lt;p&gt;\" data-arrowposition=\"top\"><span style=\"background:#ffffff;\"><\/span><\/a><\/div><div class=\"hotspot-item  \" style=\"top:13.979879310344826%;left:50.57393867924529%;\" data-top=\"13.979879310344826%\" data-left=\"50.57393867924529%\"><a href=\"#\" class=\"cq-tooltip\" style=\"background:rgba(0,82,136,0.8);\" data-tooltip=\"\n&lt;strong&gt;K\u00fchlmittelanlage und Sp\u00e4neentsorgung:&lt;\/strong&gt;&lt;\/p&gt;\n&lt;ul&gt;\n&lt;li&gt;K\u00e4ltemaschine oder W\u00e4rmetauscher&lt;\/li&gt;\n&lt;\/ul&gt;\n&lt;p&gt;\" data-arrowposition=\"top\"><span style=\"background:#ffffff;\"><\/span><\/a><\/div><div class=\"hotspot-item  \" style=\"top:36.910862068965514%;left:46.21073113207547%;\" data-top=\"36.910862068965514%\" data-left=\"46.21073113207547%\"><a href=\"#\" class=\"cq-tooltip\" style=\"background:rgba(0,82,136,0.8);\" data-tooltip=\"\n&lt;strong&gt;K\u00fchlmittelanlage und Sp\u00e4neentsorgung:&lt;\/strong&gt;&lt;\/p&gt;\n&lt;ul&gt;\n&lt;li&gt;Sp\u00e4nekorb&lt;\/li&gt;\n&lt;\/ul&gt;\n&lt;p&gt;\" data-arrowposition=\"top\"><span style=\"background:#ffffff;\"><\/span><\/a><\/div><div class=\"hotspot-item  \" style=\"top:12.083327586206897%;left:62.956014150943396%;\" data-top=\"12.083327586206897%\" data-left=\"62.956014150943396%\"><a href=\"#\" class=\"cq-tooltip\" style=\"background:rgba(0,82,136,0.8);\" data-tooltip=\"\n&lt;strong&gt;K\u00fchlmittelanlage und Sp\u00e4neentsorgung:&lt;\/strong&gt;&lt;\/p&gt;\n&lt;ul&gt;\n&lt;li&gt;Sp\u00e4nef\u00f6rderer&lt;\/li&gt;\n&lt;\/ul&gt;\n&lt;p&gt;\" data-arrowposition=\"top\"><span style=\"background:#ffffff;\"><\/span><\/a><\/div><div class=\"hotspot-item  \" style=\"top:47.600517241379315%;left:39.96073113207547%;\" data-top=\"47.600517241379315%\" data-left=\"39.96073113207547%\"><a href=\"#\" class=\"cq-tooltip\" style=\"background:rgba(0,82,136,0.8);\" data-tooltip=\"\n&lt;strong&gt;Zubeh\u00f6r und Werkzeug:&lt;\/strong&gt;&lt;\/p&gt;\n&lt;ul&gt;\n&lt;li&gt;Werkzeughalter&lt;\/li&gt;\n&lt;li&gt;Spannzange und Abdichtung&lt;\/li&gt;\n&lt;\/ul&gt;\n&lt;p&gt;\" data-arrowposition=\"top\"><span style=\"background:#ffffff;\"><\/span><\/a><\/div><div class=\"hotspot-item  \" style=\"top:46.04879310344828%;left:43.02676886792453%;\" data-top=\"46.04879310344828%\" data-left=\"43.02676886792453%\"><a href=\"#\" class=\"cq-tooltip\" style=\"background:rgba(0,82,136,0.8);\" data-tooltip=\"\n&lt;strong&gt;Zubeh\u00f6r und Werkzeug:&lt;\/strong&gt;&lt;\/p&gt;\n&lt;ul&gt;\n&lt;li&gt;L\u00fcnettenschlitten&lt;\/li&gt;\n&lt;li&gt;L\u00fcnettenadapters&lt;\/li&gt;\n&lt;\/ul&gt;\n&lt;p&gt;\" data-arrowposition=\"top\"><span style=\"background:#ffffff;\"><\/span><\/a><\/div><div class=\"hotspot-item  \" style=\"top:37.083275862068966%;left:55.644693396226415%;\" data-top=\"37.083275862068966%\" data-left=\"55.644693396226415%\"><a href=\"#\" class=\"cq-tooltip\" style=\"background:rgba(0,82,136,0.8);\" data-tooltip=\"\n&lt;strong&gt;Zubeh\u00f6r und Werkzeug:&lt;\/strong&gt;&lt;\/p&gt;\n&lt;ul&gt;\n&lt;li&gt;Bohrbuchsenhalter&lt;\/li&gt;\n&lt;li&gt;Bohrbuchsen&lt;\/li&gt;\n&lt;\/ul&gt;\n&lt;p&gt;\" data-arrowposition=\"top\"><span style=\"background:#ffffff;\"><\/span><\/a><\/div><div class=\"hotspot-item  \" style=\"top:31.73844827586207%;left:64.7248820754717%;\" data-top=\"31.73844827586207%\" data-left=\"64.7248820754717%\"><a href=\"#\" class=\"cq-tooltip\" style=\"background:rgba(0,82,136,0.8);\" data-tooltip=\"\n&lt;strong&gt;Werkst\u00fcckspannung:&lt;\/strong&gt;&lt;\/p&gt;\n&lt;ul&gt;\n&lt;li&gt;Spannkonen&lt;\/li&gt;\n&lt;li&gt;Backenfutter&lt;\/li&gt;\n&lt;li&gt;Spannzangen&lt;\/li&gt;\n&lt;\/ul&gt;\n&lt;p&gt;\" data-arrowposition=\"top\"><span style=\"background:#ffffff;\"><\/span><\/a><\/div><div class=\"hotspot-item  \" style=\"top:37.77293103448276%;left:57.64941037735849%;\" data-top=\"37.77293103448276%\" data-left=\"57.64941037735849%\"><a href=\"#\" class=\"cq-tooltip\" style=\"background:rgba(0,82,136,0.8);\" data-tooltip=\"\n&lt;strong&gt;Werkst\u00fcckspannung:&lt;\/strong&gt;&lt;\/p&gt;\n&lt;ul&gt;\n&lt;li&gt;Vorzentrierungen&lt;\/li&gt;\n&lt;\/ul&gt;\n&lt;p&gt;\" data-arrowposition=\"top\"><span style=\"background:#ffffff;\"><\/span><\/a><\/div><\/div><\/div>[\/vc_column][\/vc_row][vc_row][vc_column][vc_column_text]<\/p>\n<h4>Schl\u00fcsselkomponenten f\u00fcr ELB-Tiefbohrmaschinen<\/h4>\n<p>[\/vc_column_text][vc_column_text]Einige Komponenten sind auf typischen Bohrmaschinen vorhanden, unabh\u00e4ngig von der Konfiguration.[\/vc_column_text][vc_column_text]<\/p>\n<h5>Anbohr-Bohrbuchse<\/h5>\n<p>[\/vc_column_text][vc_column_text]Eine Pr\u00e4zisionsbohrf\u00fchrung, die Bohrbuchse, liegt am Werkst\u00fcck an, um das Einlippenbohrwerkzeug zu f\u00fchren, bis es ins Werkst\u00fcckmaterial eintritt. Diese Buchse erm\u00f6glicht es dem Werkzeug, an der richtigen Position zu starten, und mit dem richtigen Bohrdurchmesser, beides unerl\u00e4sslich f\u00fcr genaue Tiefbohrungen. Die Bohrbuchse dient auch dazu um das Werkst\u00fcck abzudichten, damit das K\u00fchlmittel w\u00e4hrend des Bohrvorgangs sauber in den Sp\u00e4nekasten abgeleitet wird.[\/vc_column_text][vc_column_text]<\/p>\n<h5>Sp\u00e4nekasten<\/h5>\n<p>[\/vc_column_text][vc_column_text]Der Sp\u00e4nekasten ist eine pr\u00e4zisionsbearbeitete Maschinenkomponente, die f\u00fcr eine genaue Ausrichtung zwischen der Bohrf\u00fchrung der Bohrbuchse und der Bohrachse beibeh\u00e4lt. Da die Sp\u00e4ne durch den K\u00fchlmittelabfluss aus dem Sp\u00e4nekasten gesp\u00fclt werden, leitet ein Kanal in der Maschinenstruktur die Sp\u00e4ne und Fl\u00fcssigkeiten aus dem Bohrvorgang in einen Sp\u00e4nekasten oder einen Sp\u00e4nef\u00f6rderer ab und sorgt f\u00fcr eine saubere Tiefbohrmaschine und Arbeitsumfeld.[\/vc_column_text][vc_column_text]<\/p>\n<h5>L\u00fcnettenbuchsen<\/h5>\n<p>[\/vc_column_text][vc_column_text]L\u00fcnettenf\u00fchrungen unterst\u00fctzen lange Werkzeuge au\u00dferhalb des Werkst\u00fccks, da hohe Drehzahlen und die unsymmetrische Geometrie von Einlippenbohrwerkzeugen ansonsten Vibrationen erzeugen. L\u00fcnettenf\u00fchrungen sind Vorrichtungen, die mit rotierenden Lagern und Eins\u00e4tzen ausgestattet sind, die das Werkzeug umschliessen und den Schaft w\u00e4hrend des Bohrvorgangs stabilisieren. Maschinen mit gr\u00f6\u00dferen Fahrwegen k\u00f6nnen sechs oder mehr mitlaufende L\u00fcnettenschlitten, die ineinander geschoben werden, w\u00e4hrend sich das Werkzeug bewegt, w\u00e4hrend k\u00fcrzere Bohrmaschinen nur \u00fcber einen einzige station\u00e4ren L\u00fcnettenbuchse verf\u00fcgen.[\/vc_column_text][vc_column_text]<\/p>\n<h5>Bohrspindel<\/h5>\n<p>[\/vc_column_text][vc_column_text]Die ELB-Tiefbohrmaschinenspindel \u00fcbertr\u00e4gt die Leistung und Drehmoment vom Motor mit hoher Drehzahl, hoher Pr\u00e4zision und geringen Vibrationen f\u00fcr produktives Einlippenbohren. Die Spindeln laufen auch bei sehr hohen Arbeitszyklen und sind daher so konstruiert, dass sie diesen Bedingungen standhalten. Riemengetriebene Spindeln sind \u00fcblich, aber Anwendungen mit h\u00f6herer Geschwindigkeit k\u00f6nnen einen Integralmotor erfordern.[\/vc_column_text][vc_column_text]<\/p>\n<h5>K\u00fchlmittelsystem<\/h5>\n<p>[\/vc_column_text][vc_column_text]Die Zuverl\u00e4ssigkeit und Leistung des ELB-Tiefbohrprozesses h\u00e4ngt stark vom K\u00fchlmittelsystem der Maschine ab. Ein logisch konzipiertes Tanksystem beginnt mit der Bevorratung von K\u00fchlmittel, und eine gro\u00dfvolumige Pumpengruppe dient dazu, die Schneidfl\u00fcssigkeit an das Bohrwerkzeug zu liefern. Sobald das K\u00fchlmittel den Metallschneidvorgang passiert hat, wird es zur\u00fcck in das Filtersystem geleitet. Die K\u00fchlmittelfiltration im niedrigen Mikrometerbereich und die \u00dcberwachung des Filterzustands verhindern die Ansammlung von Sp\u00e4nen und kleinen Partikeln im Schneidmittel, was zu weniger Ausfallzeiten, h\u00f6herer Standzeit und verbesserter Oberfl\u00e4cheng\u00fcte f\u00fchrt.[\/vc_column_text][vc_column_text]<\/p>\n<h5>K\u00fchlmittel Temperaturregelung<\/h5>\n<p>[\/vc_column_text][vc_column_text]Die Bohrspindel, der Bohrprozess und das K\u00fchlmittelpumpensystem erzeugt W\u00e4rme, die sich negativ auf Bohrfaktoren wie Standzeit und Genauigkeit sowie die Betriebsbedingungen rund um die Maschine auswirken kann. Um die W\u00e4rme zu kontrollieren, ist entweder ein W\u00e4rmetauscher oder ein K\u00fchler erforderlich, um Schneidfl\u00fcssigkeit aufder richtigen Temperatur zu halten.[\/vc_column_text][\/vc_column][\/vc_row][vc_row][vc_column][vc_cta h2=&#8221;Finden Sie Ihre Einlippen-Tiefbohrmaschine&#8221; h2_font_container=&#8221;color:%23005288&#8243; h2_google_fonts=&#8221;font_family:Open%20Sans%3A300%2C300italic%2Cregular%2Citalic%2C600%2C600italic%2C700%2C700italic%2C800%2C800italic|font_style:400%20regular%3A400%3Anormal&#8221; shape=&#8221;square&#8221; style=&#8221;custom&#8221; add_button=&#8221;bottom&#8221; btn_title=&#8221;Zu den ELB-Maschinen&#8221; btn_shape=&#8221;square&#8221; use_custom_fonts_h2=&#8221;true&#8221; btn_add_icon=&#8221;true&#8221; custom_background=&#8221;#e3e3e3&#8243; custom_text=&#8221;#151515&#8243; css=&#8221;.vc_custom_1611668655604{border-top-width: 0px !important;border-right-width: 0px !important;border-bottom-width: 0px !important;border-left-width: 0px !important;}&#8221; btn_link=&#8221;url:%2F%3Fpage_id%3D6601|||&#8221;]Suchen Sie UNISIG Tiefbohrmaschinen mit ELB-Werkzeugsystem.[\/vc_cta][\/vc_column][\/vc_row]<\/p>\n<\/div>","protected":false},"excerpt":{"rendered":"<p>[vc_row][vc_column][vc_column_text] ELB-Maschinen \u00dcbersicht [\/vc_column_text][\/vc_column][\/vc_row][vc_row][vc_column width=&#8221;2\/3&#8243;][vc_column_text] Was ist eine ELB-Tiefbohrmaschine? [\/vc_column_text][vc_column_text]Eine Einlippentiefbohrmaschine ist eine Art von Tiefbohrmaschinen, entwickelt und gebaut, um die die Leistung der Einlippen-Werkzeuge zu maximieren, zum erzeugen von sehr tiefen, pr\u00e4zisen Bohrungen in praktisch jedem Material. Spezialisierte Maschinen integrieren diese leitungsf\u00e4hige Technologie, Werkzeugunterst\u00fctzung, K\u00fchlmitteldruck und Maschinenleistung, die erforderlich sind, um ELB-Tiefbohranwendungen pr\u00e4zise und<a href=\"https:\/\/unisig.com\/de\/informationen-ressourcen\/was-ist-tiefbohren\/elb-maschinen-uebersicht\/\" class=\"more-link\">Read More<\/a><\/p>\n","protected":false},"author":3,"featured_media":0,"parent":6554,"menu_order":0,"comment_status":"closed","ping_status":"closed","template":"page-templates\/template-2.php","meta":{"_acf_changed":false,"footnotes":""},"folder":[],"class_list":["post-6362","page","type-page","status-publish","hentry"],"acf":[],"_links":{"self":[{"href":"https:\/\/unisig.com\/de\/wp-json\/wp\/v2\/pages\/6362","targetHints":{"allow":["GET"]}}],"collection":[{"href":"https:\/\/unisig.com\/de\/wp-json\/wp\/v2\/pages"}],"about":[{"href":"https:\/\/unisig.com\/de\/wp-json\/wp\/v2\/types\/page"}],"author":[{"embeddable":true,"href":"https:\/\/unisig.com\/de\/wp-json\/wp\/v2\/users\/3"}],"replies":[{"embeddable":true,"href":"https:\/\/unisig.com\/de\/wp-json\/wp\/v2\/comments?post=6362"}],"version-history":[{"count":0,"href":"https:\/\/unisig.com\/de\/wp-json\/wp\/v2\/pages\/6362\/revisions"}],"up":[{"embeddable":true,"href":"https:\/\/unisig.com\/de\/wp-json\/wp\/v2\/pages\/6554"}],"wp:attachment":[{"href":"https:\/\/unisig.com\/de\/wp-json\/wp\/v2\/media?parent=6362"}],"wp:term":[{"taxonomy":"folder","embeddable":true,"href":"https:\/\/unisig.com\/de\/wp-json\/wp\/v2\/folder?post=6362"}],"curies":[{"name":"wp","href":"https:\/\/api.w.org\/{rel}","templated":true}]}}