{"id":6374,"date":"2020-06-15T10:42:35","date_gmt":"2020-06-15T15:42:35","guid":{"rendered":"https:\/\/stagingxx.unisig.com\/unisig-ereignisleitfaden\/"},"modified":"2023-05-19T08:26:15","modified_gmt":"2023-05-19T13:26:15","slug":"unisig-ereignisleitfaden","status":"publish","type":"page","link":"https:\/\/unisig.com\/de\/news-events\/naechste-veranstaltungen\/unisig-ereignisleitfaden\/","title":{"rendered":"UNISIG-Ereignisleitfaden"},"content":{"rendered":"<div class=\"wpb-content-wrapper\"><p>[vc_row][vc_column][vc_column_text]<\/p>\n<h1><strong>Teilnahme an der EMO 2019 mit UNISIG<\/strong><\/h1>\n<p>[\/vc_column_text][vc_separator][vc_column_text]<\/p>\n<h6><strong>Termine<\/strong>: 16. &#8211; 21. September 2019 | \u00d6ffnungszeiten: 9:00 &#8211; 18:00 Uhr | <strong>Ort<\/strong>: Hannover Messe | <strong>UNISIG<\/strong> Halle: 15 Stand: D34 | <a href=\"https:\/\/www.emo-hannover.de\/home\" target=\"_blank\" rel=\"noopener noreferrer\">Finden Sie alle Details<\/a><\/h6>\n<p>[\/vc_column_text][\/vc_column][\/vc_row][vc_row][vc_column][vc_separator][\/vc_column][\/vc_row][vc_row][vc_column width=&#8221;1\/2&#8243;][vc_column_text]<\/p>\n<h4><strong>UNISIG ist f\u00fchrend bei Tieflochbohrungen + Automatisierung<\/strong><\/h4>\n<p>Besuchen Sie UNISIG auf der EMO, um Tieflochbohrmaschinen mit Roboterautomatisierung zu finden. Erfahren Sie, wie Automatisierung Ihre Produktion unterst\u00fctzt, Bedienern eine effizientere Und Integration in eine moderne Fertigungsanlage erm\u00f6glicht.<\/p>\n<p><strong>Treffen Sie UNISIG<\/strong>: Sehen Sie sich unsere UNE12-2 Kanonenbohrmaschine mit Roboterteil be- und entladen an. Finden Sie Beispielwerkst\u00fccke aus einer Reihe von Branchen, die die Erwartungen an Tiefbohrungsfunktionen \u00fcbertreffen.<\/p>\n<p><strong>UNISIG Machines<\/strong>: Erfahren Sie mehr \u00fcber unsere neuesten L\u00f6sungen im Tieflochbohren branchen\u00fcbergreifend. Hier finden Sie Informationen zu unseren neuesten L\u00f6sungen f\u00fcr das medizinische Bohren und Formenbau.<\/p>\n<p><strong>Deep Hole Drilling Tools<\/strong>: Treffen Sie unsere Werkzeugpartner und finden Sie eine Reihe von Optionen f\u00fcr Gundrill, BTA, Flaschenbohren, Skiving und Brennen und andere Werkzeuge.<\/p>\n<p><strong>Technisches Team und Ressourcen<\/strong>: Sprechen Sie eins zu eins mit unserem erfahrenen technischen und Vertriebsteam, das Ihnen Ihre Tiefbohrungsanwendung besprechen wird.[\/vc_column_text][vc_btn title=&#8221;TICKET ANFORDERN&#8221; shape=&#8221;square&#8221; link=&#8221;url:mailto%3Apsteimle%40unisig.de%3Fsubject%3DEMO%20Ticket%20Anfrage|target:%20_blank|&#8221;][vc_separator][\/vc_column][vc_column width=&#8221;1\/2&#8243;][vc_video link=&#8221;https:\/\/vimeo.com\/354055368&#8243;][vc_column_text]Sichern Sie sich Ihre Zeit mit UNISIG. Fordern Sie eine Besprechungszeit mit unserem Vertriebsteam an.[\/vc_column_text][vc_btn title=&#8221;TREFFEN SIE SICH MIT UNSEREM TEAM&#8221; shape=&#8221;square&#8221; link=&#8221;url:mailto%3Apsteimle%40unisig.de%3Fsubject%3DEMO-Meetinganfrage|&#8221;][\/vc_column][\/vc_row][vc_row][vc_column][vc_empty_space height=&#8221;20px&#8221;][vc_separator][\/vc_column][\/vc_row][vc_row css=&#8221;.vc_custom_1528989996529{margin-top: -10px !important;padding-right: 10px !important;padding-left: 10px !important;background-color: #f2f2f2 !important;}&#8221;][vc_column width=&#8221;1\/3&#8243; css=&#8221;.vc_custom_1528990311607{padding-top: 0px !important;}&#8221;][vc_column_text]<\/p>\n<h3><a href=\"mailto:psteimle@unisig.de?subject=EMO%20Ticket%20Request\">EMO-Ticketcode anfordern<\/a><\/h3>\n<p>[\/vc_column_text][vc_column_text]EMO ist die branchenf\u00fchrende Veranstaltung f\u00fcr die Metallverarbeitung und bringt ein weltweites Publikum von Herstellern zusammen. Nehmen Sie als Gast von UNISIG teil &#8211; senden Sie <a href=\"mailto:psteimle@unisig.de?subject=EMO%20Ticket%20Request\">eine E-Mail an UNISIG,<\/a> um einen pers\u00f6nlichen Registrierungsticketcode anzufordern.[\/vc_column_text][vc_single_image image=&#8221;5822&#8243; img_size=&#8221;full&#8221; onclick=&#8221;custom_link&#8221; img_link_target=&#8221;_blank&#8221; link=&#8221;https:\/\/www.emo-hannover.de\/en\/info\/for-visitors\/tickets\/&#8221;][vc_btn title=&#8221;TICKET ANFORDERN&#8221; shape=&#8221;square&#8221; link=&#8221;url:mailto%3Apsteimle%40unisig.de%3Fsubject%3DEMO%20Ticket%20Anfrage|target:%20_blank|&#8221;][\/vc_column][vc_column width=&#8221;1\/3&#8243; css=&#8221;.vc_custom_1528990317003{padding-top: 0px !important;}&#8221;][vc_column_text]<\/p>\n<h3>Planen Sie Ihren Aufenthalt<\/h3>\n<p>[\/vc_column_text][vc_column_text]Die EMO bietet Empfehlungen f\u00fcr Hotel- und Reisem\u00f6glichkeiten in der Region. Besuchen Sie emo-hannover.de, um Optionen f\u00fcr Hotels, Privatunterk\u00fcnfte und zus\u00e4tzliche Optionen f\u00fcr Ihren Aufenthalt zu finden.[\/vc_column_text][vc_single_image image=&#8221;5807&#8243; img_size=&#8221;full&#8221; onclick=&#8221;custom_link&#8221; img_link_target=&#8221;_blank&#8221; link=&#8221;https:\/\/www.emo-hannover.de\/en\/info\/for-visitors\/stay\/ _blank&#8221;][vc_btn title=&#8221;HOTELS FINDEN&#8221; shape=&#8221;square&#8221; link=&#8221;url:https%3A%2F%2Fwww.emo-hannover.de%2Fen%2Finfo%2Ffor-visitors%2Fstay%2F|target:%20_blank|&#8221;][\/vc_column][vc_column width=&#8221;1\/3&#8243; css=&#8221;.vc_custom_1528990321763{padding-top: 0px !important;}&#8221;][vc_column_text]<\/p>\n<h3>Besuchen Sie den Stand von UNISIG<\/h3>\n<p>[\/vc_column_text][vc_column_text]UNISIG wird in Halle 15, Stand D34, sein. Planen Sie, unseren Stand zu besuchen und finden Sie unsere gesamte Linie von Tieflochbohrl\u00f6sungen, einschlie\u00dflich unserer UNE-Schie\u00dfmaschine + Roboterautomation.[\/vc_column_text][vc_single_image image=&#8221;5812&#8243; img_size=&#8221;full&#8221; onclick=&#8221;custom_link&#8221; img_link_target=&#8221;_blank&#8221; link=&#8221;https:\/\/ssp.deepmap.de\/respmap\/#\/map\/dmag_emo19\/en _blank&#8221;][vc_btn title=&#8221;ANSICHTSGRUNDRISS&#8221; shape=&#8221;square&#8221; link=&#8221;url:https%3A%2F%2Fssp.deepmap.de%2Frespmap%2F%23%2Fmap%2Fdmag_emo19%2Fen|target:%20_blank|&#8221;][\/vc_column][\/vc_row][vc_row][vc_column][vc_empty_space height=&#8221;20px&#8221;][vc_separator][\/vc_column][\/vc_row][vc_row][vc_column width=&#8221;2\/3&#8243;][vc_column_text]<\/p>\n<h2>EMO-Ereignisinformationen<\/h2>\n<p>[\/vc_column_text][vc_column_text]<strong>UNISIG Stand<\/strong>: Halle 15, Stand D34<\/p>\n<p><strong>Termine<\/strong>: Montag, 16. September &#8211; Samstag, 21. September 2019<\/p>\n<p><strong>Veranstaltungszeiten<\/strong>:<br \/>\nMontag &#8211; Freitag: 9:00 &#8211; 18:00 Uhr<br \/>\nSamstag: 9:00 &#8211; 16:00 Uhr<\/p>\n<p><strong>Besucherinformationen<\/strong>: Detaillierte Besucherinformationen finden Sie auf der EMO Hannover Website.<\/p>\n<p><strong>Einladungen<\/strong>: Bitte <a href=\"mailto:psteimle@unisig.de?subject=EMO%20Invite%20Request\">mailen<\/a> Sie uns f\u00fcr einen benutzerdefinierten Einladungscode, dann registrieren Sie sich bei emo-hannover.de.[\/vc_column_text][vc_btn title=&#8221;TICKET ANFORDERN&#8221; shape=&#8221;square&#8221; link=&#8221;url:mailto%3Apsteimle%40unisig.de%3Fsubject%3DEMO%20Ticket%20Anfrage|target:%20_blank|&#8221;][\/vc_column][vc_column width=&#8221;1\/3&#8243;][vc_single_image image=&#8221;5806&#8243; img_size=&#8221;full&#8221;][\/vc_column][\/vc_row][vc_row][vc_column][vc_empty_space height=&#8221;20px&#8221;][vc_separator][\/vc_column][\/vc_row][vc_row][vc_column width=&#8221;2\/3&#8243;][vc_column_text]<\/p>\n<h2>Hannover-Besichtigung<\/h2>\n<p>[\/vc_column_text][vc_column_text]<strong>Reisen<\/strong>: Hannover bietet internationale Fl\u00fcge \u00fcber den Flughafen Hannover (HAJ) an. Die Unterk\u00fcnfte k\u00f6nnen durch emo-hannover.dekoordiniert werden.<\/p>\n<p><strong>Hannover City Guide<\/strong>: Informationen \u00fcber Restaurants und andere Einrichtungen in der Stadt finden Sie unter <a href=\"https:\/\/www.visit-hannover.com\/en\" target=\"_blank\" rel=\"noopener noreferrer\">Visit-hannover.com.<\/a>[\/vc_column_text][vc_btn title=&#8221;VISIT-HANNOVER.COM&#8221; shape=&#8221;square&#8221; link=&#8221;url:https%3A%2F%2Fwww.visit-hannover.com%2Fen|target:%20_blank|&#8221;][\/vc_column][vc_column width=&#8221;1\/3&#8243;][vc_single_image image=&#8221;5810&#8243; img_size=&#8221;full&#8221;][\/vc_column][\/vc_row]<\/p>\n<\/div>","protected":false},"excerpt":{"rendered":"<p>[vc_row][vc_column][vc_column_text] Teilnahme an der EMO 2019 mit UNISIG [\/vc_column_text][vc_separator][vc_column_text] Termine: 16. &#8211; 21. September 2019 | \u00d6ffnungszeiten: 9:00 &#8211; 18:00 Uhr | Ort: Hannover Messe | UNISIG Halle: 15 Stand: D34 | Finden Sie alle Details [\/vc_column_text][\/vc_column][\/vc_row][vc_row][vc_column][vc_separator][\/vc_column][\/vc_row][vc_row][vc_column width=&#8221;1\/2&#8243;][vc_column_text] UNISIG ist f\u00fchrend bei Tieflochbohrungen + Automatisierung Besuchen Sie UNISIG auf der EMO, um Tieflochbohrmaschinen mit Roboterautomatisierung<a href=\"https:\/\/unisig.com\/de\/news-events\/naechste-veranstaltungen\/unisig-ereignisleitfaden\/\" class=\"more-link\">Read More<\/a><\/p>\n","protected":false},"author":3,"featured_media":0,"parent":6547,"menu_order":0,"comment_status":"closed","ping_status":"closed","template":"","meta":{"_acf_changed":false,"footnotes":""},"folder":[],"class_list":["post-6374","page","type-page","status-publish","hentry"],"acf":[],"_links":{"self":[{"href":"https:\/\/unisig.com\/de\/wp-json\/wp\/v2\/pages\/6374","targetHints":{"allow":["GET"]}}],"collection":[{"href":"https:\/\/unisig.com\/de\/wp-json\/wp\/v2\/pages"}],"about":[{"href":"https:\/\/unisig.com\/de\/wp-json\/wp\/v2\/types\/page"}],"author":[{"embeddable":true,"href":"https:\/\/unisig.com\/de\/wp-json\/wp\/v2\/users\/3"}],"replies":[{"embeddable":true,"href":"https:\/\/unisig.com\/de\/wp-json\/wp\/v2\/comments?post=6374"}],"version-history":[{"count":0,"href":"https:\/\/unisig.com\/de\/wp-json\/wp\/v2\/pages\/6374\/revisions"}],"up":[{"embeddable":true,"href":"https:\/\/unisig.com\/de\/wp-json\/wp\/v2\/pages\/6547"}],"wp:attachment":[{"href":"https:\/\/unisig.com\/de\/wp-json\/wp\/v2\/media?parent=6374"}],"wp:term":[{"taxonomy":"folder","embeddable":true,"href":"https:\/\/unisig.com\/de\/wp-json\/wp\/v2\/folder?post=6374"}],"curies":[{"name":"wp","href":"https:\/\/api.w.org\/{rel}","templated":true}]}}