{"id":6379,"date":"2020-06-15T10:42:36","date_gmt":"2020-06-15T15:42:36","guid":{"rendered":"https:\/\/stagingxx.unisig.com\/une6-medizinische-schiessmaschinen\/"},"modified":"2025-01-24T13:38:57","modified_gmt":"2025-01-24T19:38:57","slug":"une6-medizintechnik-tiefbohren","status":"publish","type":"page","link":"https:\/\/unisig.com\/de\/alle-maschinen\/une6-medizinisches-tiefbohren\/","title":{"rendered":"UNE6 Tiefbohrmaschinen f\u00fcr Medizintechnik"},"content":{"rendered":"<div class=\"wpb-content-wrapper\"><p>[vc_row][vc_column]<div class=\"avt_masterslider_el \" >\n\t\t<!-- MasterSlider -->\n\t\t<div id=\"P_MS69eb4a6132f03\" class=\"master-slider-parent ms-parent-id-29\" style=\"max-width:1000px;\" >\n\n\t\t\t\n\t\t\t<!-- MasterSlider Main -->\n\t\t\t<div id=\"MS69eb4a6132f03\" class=\"master-slider ms-skin-black-2 round-skin\" >\n\t\t\t\t \t\t\t\t \n\n\t\t\t<div  class=\"ms-slide\" data-delay=\"3\" data-fill-mode=\"fill\"   >\n\t\t\t\t\t<img decoding=\"async\" src=\"https:\/\/unisig.com\/wp-content\/plugins\/masterslider\/public\/assets\/css\/blank.gif\" alt=\"\" title=\"IMG_4389\" data-src=\"https:\/\/unisig.com\/wp-content\/smush-webp\/2023\/06\/IMG_4389.jpeg.webp\" \/>\n\n\n\t\t\t\t<\/div>\n\t\t\t<div  class=\"ms-slide\" data-delay=\"3\" data-fill-mode=\"fill\"   >\n\t\t\t\t\t<img decoding=\"async\" src=\"https:\/\/unisig.com\/wp-content\/plugins\/masterslider\/public\/assets\/css\/blank.gif\" alt=\"UNISIG UNE6-2i with dual gripper robot\" title=\"UNE6-2i_Dual_Gripper\" data-src=\"https:\/\/unisig.com\/wp-content\/smush-webp\/2024\/07\/UNE6-2i_Dual_Gripper.jpg.webp\" \/>\n\n\n\t\t\t\t<\/div>\n\t\t\t<div  class=\"ms-slide\" data-delay=\"3\" data-fill-mode=\"fill\"   >\n\t\t\t\t\t<img decoding=\"async\" src=\"https:\/\/unisig.com\/wp-content\/plugins\/masterslider\/public\/assets\/css\/blank.gif\" alt=\"UNISIG UNE6-2i with new HMI\" title=\"UNE6-2i_New_HMI\" data-src=\"https:\/\/unisig.com\/wp-content\/smush-webp\/2024\/07\/UNE6-2i_New_HMI.jpg.webp\" \/>\n\n\n\t\t\t\t<\/div>\n\t\t\t<div  class=\"ms-slide\" data-delay=\"3\" data-fill-mode=\"fill\"   >\n\t\t\t\t\t<img decoding=\"async\" src=\"https:\/\/unisig.com\/wp-content\/plugins\/masterslider\/public\/assets\/css\/blank.gif\" alt=\"UNISIG UNE6-2i with robot and dual independent spindles\" title=\"UNE6-2i_front_Left_Doors_open\" data-src=\"https:\/\/unisig.com\/wp-content\/smush-webp\/2024\/07\/UNE6-2i_front_Left_Doors_open.jpg.webp\" \/>\n\n\n\t\t\t\t<\/div>\n\n\t\t\t<\/div>\n\t\t\t<!-- END MasterSlider Main -->\n\n\t\t\t \n\t\t<\/div>\n\t\t<!-- END MasterSlider -->\n\n\t\t<script>\n\t\t( window.MSReady = window.MSReady || [] ).push( function( $ ) {\n\n\t\t\t\"use strict\";\n\t\t\tvar masterslider_2f03 = new MasterSlider();\n\n\t\t\t\/\/ slider controls\n\t\t\tmasterslider_2f03.control('arrows'     ,{ autohide:true, overVideo:true  });\n\t\t\t\/\/ slider setup\n\t\t\tmasterslider_2f03.setup(\"MS69eb4a6132f03\", {\n\t\t\t\twidth           : 1000,\n\t\t\t\theight          : 600,\n\t\t\t\tminHeight       : 0,\n\t\t\t\tspace           : 0,\n\t\t\t\tstart           : 1,\n\t\t\t\tgrabCursor      : true,\n\t\t\t\tswipe           : true,\n\t\t\t\tmouse           : true,\n\t\t\t\tkeyboard        : false,\n\t\t\t\tlayout          : \"boxed\",\n\t\t\t\twheel           : false,\n\t\t\t\tautoplay        : true,\n                instantStartLayers:false,\n\t\t\t\tmobileBGVideo:false,\n\t\t\t\tloop            : true,\n\t\t\t\tshuffle         : false,\n\t\t\t\tpreload         : 0,\n\t\t\t\theightLimit     : true,\n\t\t\t\tautoHeight      : false,\n\t\t\t\tsmoothHeight    : true,\n\t\t\t\tendPause        : false,\n\t\t\t\toverPause       : true,\n\t\t\t\tfillMode        : \"fill\",\n\t\t\t\tcenterControls  : true,\n\t\t\t\tstartOnAppear   : false,\n\t\t\t\tlayersMode      : \"center\",\n\t\t\t\tautofillTarget  : \"\",\n\t\t\t\thideLayers      : false,\n\t\t\t\tfullscreenMargin: 0,\n\t\t\t\tspeed           : 20,\n\t\t\t\tdir             : \"h\",\n\t\t\t\tresponsive      : true,\n\t\t\t\ttabletWidth     : 768,\n\t\t\t\ttabletHeight    : null,\n\t\t\t\tphoneWidth      : 480,\n\t\t\t\tphoneHeight    : null,\n\t\t\t\tsizingReference : window,\n\t\t\t\tparallaxMode    : 'swipe',\n\t\t\t\tview            : \"basic\"\n\t\t\t});\n\n\t\t\t\n\t\t\twindow.masterslider_instances = window.masterslider_instances || [];\n\t\t\twindow.masterslider_instances.push( masterslider_2f03 );\n\t\t});\n\t\t<\/script>\n\n<\/div>[\/vc_column][\/vc_row][vc_row][vc_column width=&#8221;3\/4&#8243;][vc_column_text]<\/p>\n<h1>UNE6 Tiefbohrmaschinen f\u00fcr die medizinische Fertigung<\/h1>\n<p>[\/vc_column_text][\/vc_column][vc_column width=&#8221;1\/4&#8243;][vc_btn title=&#8221;Schnellanfrage&#8221; shape=&#8221;square&#8221; align=&#8221;right&#8221; css=&#8221;.vc_custom_1737747501276{padding-top: 14px !important;}&#8221; link=&#8221;url:https%3A%2F%2Funisig.com%2Fde%2Fschnellanfrageformular|title:Quick%20Machine%20Request%20DE&#8221; el_class=&#8221;popmake-7864&#8243;][\/vc_column][\/vc_row][vc_row][vc_column][vc_column_text]UNE6 Maschinen sind so konstruiert, dass Hersteller von medizinischen Ger\u00e4ten nach dem Langdrehen ihre Komponenten pr\u00e4zise und produktiv tiefbohren k\u00f6nnen. Unternehmen, die medizinische Komponenten wie orthop\u00e4dische Werkzeuge herstellen, k\u00f6nnen mit UNISIG einen neuen Fertigungsansatz finden und die Abh\u00e4ngigkeit von kan\u00fclierten Materialien reduzieren sowie ihre eigenen F\u00e4higkeiten erweitern.<\/p>\n<p>Unsere UNE6-Einlippentiefbohrmaschinen sind speziell f\u00fcr die Herausforderungen und Dimensionen konzipiert, denen sich die Hersteller von medizinischen Ger\u00e4ten gegen\u00fcbersehen. Die Maschinen sind in der Lage, Bohrungen von 0,8 &#8211; 6,0 mm [0,03 &#8211; 0,24 in] zu bohren, selbst in anspruchsvollen Materialien medizinischer Qualit\u00e4t. Automatisierungsoptionen und eine Konfiguration mit 2 unabh\u00e4ngigen Spindeln erm\u00f6glichen es den Herstellern, eine L\u00f6sung zu finden, die perfekt auf ihre Bed\u00fcrfnisse zugeschnitten ist.[\/vc_column_text][vc_separator][\/vc_column][\/vc_row][vc_row][vc_column][vc_tta_tabs shape=&#8221;square&#8221; color=&#8221;white&#8221; alignment=&#8221;right&#8221; active_section=&#8221;1&#8243; el_class=&#8221;machine-spec-tables&#8221;][vc_tta_section title=&#8221;Metrisch&#8221; tab_id=&#8221;1469812290825-2638acd8-94189b36-e0e4&#8243;][vc_column_text css=&#8221;&#8221;]<\/p>\n<table class=\"rwd-table\">\n<tbody>\n<tr>\n<th>Beschreibung<\/th>\n<th><a href=\"https:\/\/unisig.com\/de\/produkt\/une6\/\">UNE6<\/a><\/th>\n<th><a href=\"https:\/\/unisig.com\/de\/produkt\/une6-2i\/\">UNE6-2i<\/a><\/th>\n<\/tr>\n<tr>\n<td data-th=\"Rated gundrill diameter\">Spindelanzahl<\/td>\n<td data-th=\"UNE6\">1<\/td>\n<td data-th=\"UNE12, 20\">2 unabh\u00e4ngig<\/td>\n<\/tr>\n<tr>\n<td data-th=\"Rated gundrill diameter\">Bohrdurchmesser minimal<\/td>\n<td data-th=\"UNE6\">0,8 mm<\/td>\n<td data-th=\"UNE12, 20\">0,8 mm<\/td>\n<\/tr>\n<tr>\n<td data-th=\"Spindle power\">Bohrdurchmesser maximal<\/td>\n<td data-th=\"UNE6\">6,0 mm<\/td>\n<td data-th=\"UNE12, 20\">6,0 mm<\/td>\n<\/tr>\n<tr>\n<td data-th=\"Spindle nose\">Teilel\u00e4nge maximal<\/td>\n<td data-th=\"UNE6\">750 mm<\/td>\n<td data-th=\"UNE12, 20\">250 oder 750 mm<\/td>\n<\/tr>\n<tr>\n<td data-th=\"Drill depth\">Werkzeugdrehzahl maximal<\/td>\n<td data-th=\"UNE6\">24.000 U\/min<\/td>\n<td data-th=\"UNE12, 20\">24.000 U\/min<\/td>\n<\/tr>\n<tr>\n<td data-th=\"Cutting fluid pressure\">Werkst\u00fcckdrehzahl maximal<\/td>\n<td data-th=\"UNE6\">4.000 U\/min<\/td>\n<td data-th=\"UNE12, 20\">4.000 U\/min<\/td>\n<\/tr>\n<tr>\n<td data-th=\"Cutting fluid flow, maximum\">Kombinierte Drehzahl max.<\/td>\n<td data-th=\"UNE6\">28.000 U\/min<\/td>\n<td data-th=\"UNE12, 20\">28.000 U\/min<\/td>\n<\/tr>\n<tr>\n<td data-th=\"Cutting fluid flow, maximum\">K\u00fchlmitteldruck maximal<\/td>\n<td data-th=\"UNE6\">207 bar<\/td>\n<td data-th=\"UNE12, 20\">207 bar<\/td>\n<\/tr>\n<tr>\n<td colspan=\"3\"><\/td>\n<\/tr>\n<\/tbody>\n<\/table>\n<p>[\/vc_column_text][\/vc_tta_section][vc_tta_section title=&#8221;Zoll&#8221; tab_id=&#8221;1469812290427-4adebc19-72cd9b36-e0e4&#8243;][vc_column_text css=&#8221;&#8221;]<\/p>\n<table class=\"rwd-table\">\n<tbody>\n<tr>\n<th>Beschreibung<\/th>\n<th><a href=\"https:\/\/unisig.com\/de\/produkt\/une6\/\">UNE6<\/a><\/th>\n<th><a href=\"https:\/\/unisig.com\/de\/produkt\/une6-2i\/\">UNE6-2i<\/a><\/th>\n<\/tr>\n<tr>\n<td data-th=\"Rated gundrill diameter\">Spindelanzahl<\/td>\n<td data-th=\"UNE6\">1<\/td>\n<td data-th=\"UNE12, 20\">2 unabh\u00e4ngig<\/td>\n<\/tr>\n<tr>\n<td data-th=\"Rated gundrill diameter\">Bohrdurchmesser minimal<\/td>\n<td data-th=\"UNE6\">0,03 in<\/td>\n<td data-th=\"UNE12, 20\">0,03 in<\/td>\n<\/tr>\n<tr>\n<td data-th=\"Spindle power\">Bohrdurchmesser maximal<\/td>\n<td data-th=\"UNE6\">0,24 in<\/td>\n<td data-th=\"UNE12, 20\">0,24 in<\/td>\n<\/tr>\n<tr>\n<td data-th=\"Spindle nose\">Teilel\u00e4nge maximal<\/td>\n<td data-th=\"UNE6\">30 in<\/td>\n<td data-th=\"UNE12, 20\">10 oder 30 in<\/td>\n<\/tr>\n<tr>\n<td data-th=\"Drill depth\">Werkdrehzahl maximal<\/td>\n<td data-th=\"UNE6\">20.000 U\/min<\/td>\n<td data-th=\"UNE12, 20\">20.000 U\/min<\/td>\n<\/tr>\n<tr>\n<td data-th=\"Cutting fluid pressure\">Werkst\u00fcckdrehzahl maximal<\/td>\n<td data-th=\"UNE6\">4.000 U\/min<\/td>\n<td data-th=\"UNE12, 20\">4.000 U\/min<\/td>\n<\/tr>\n<tr>\n<td data-th=\"Cutting fluid flow, maximum\">Kombinierte Drehzal max.<\/td>\n<td data-th=\"UNE6\">24.000 U\/min<\/td>\n<td data-th=\"UNE12, 20\">24.000 U\/min<\/td>\n<\/tr>\n<tr>\n<td data-th=\"Cutting fluid flow, maximum\">K\u00fchlmitteldruck maximal<\/td>\n<td data-th=\"UNE6\">3.000 psi<\/td>\n<td data-th=\"UNE12, 20\">3.000 psi<\/td>\n<\/tr>\n<tr>\n<td colspan=\"3\"><\/td>\n<\/tr>\n<\/tbody>\n<\/table>\n<p>[\/vc_column_text][\/vc_tta_section][\/vc_tta_tabs][\/vc_column][\/vc_row][vc_row][vc_column][vc_separator][vc_column_text]<\/p>\n<h4>Weitere Informationen:<\/h4>\n<p>[\/vc_column_text][unisig_icon_content icon=&#8221;fas fa-video&#8221;]<a href=\"https:\/\/unisig.com\/de\/news-und-events\/technische-artikel\/une6-2i-doppelgreifer-automatisiertes-einlippenbohren\">UNE6-2i Automatische Doppelgreifer-Tiefbohrmaschine | Video<\/a>[\/unisig_icon_content][unisig_icon_content icon=&#8221;fas fa-video&#8221;]<a href=\"https:\/\/unisig.com\/de\/informationen-ressourcen\/technische-artikel\/un6-2i-unabhaengige-spindeln\/\">UNE6-2i ELB-Bohren mit unabh\u00e4ngigen Spindeln | Video<\/a>[\/unisig_icon_content][unisig_icon_content icon=&#8221;fas fa-cogs&#8221;]<a href=\"https:\/\/unisig.com\/de\/kleinste-durchmesser-fallstudie\/\">Neue M\u00f6glichkeiten er\u00f6ffnet im medizinischen Tiefbohren | Fallstudie<\/a>[\/unisig_icon_content][unisig_icon_content icon=&#8221;fas fa-download&#8221;]<a href=\"https:\/\/unisig.com\/medical-industry-solutions\/\" target=\"_blank\" rel=\"noopener noreferrer\">Brosch\u00fcre L\u00f6sungen f\u00fcr die Medizintechnik | Download<\/a>[\/unisig_icon_content][\/vc_column][\/vc_row][vc_row][vc_column][vc_separator][vc_column_text]<\/p>\n<h4>UNE6 Maschinenempfehlungen:<\/h4>\n<p>[\/vc_column_text][\/vc_column][\/vc_row][vc_row][vc_column width=&#8221;1\/3&#8243;][vc_column_text]<\/p>\n<h5>Empfohlene Werkzeuge<\/h5>\n<p>[\/vc_column_text][vc_column_text]<\/p>\n<ul>\n<li><a href=\"https:\/\/unisig.com\/de\/produktetechnologie\/werkzeuge\/elb-werkzeugbzubehoer\/\">ELB Werkzeugzubeh\u00f6r<\/a><\/li>\n<\/ul>\n<p>[\/vc_column_text][\/vc_column][vc_column width=&#8221;1\/3&#8243;][vc_column_text]<\/p>\n<h5>Empfohlene Automatisierung<\/h5>\n<p>[\/vc_column_text][vc_column_text]<\/p>\n<ul>\n<li><a href=\"https:\/\/unisig.com\/de\/automatisierung\/flexible-automatisierung\/\">Roboterautomatisierung<\/a><\/li>\n<li><a href=\"https:\/\/unisig.com\/de\/automatisierung\/flexible-automatisierung\/\">Robotervorbereitung<\/a><\/li>\n<\/ul>\n<p>[\/vc_column_text][\/vc_column][vc_column width=&#8221;1\/3&#8243;][vc_column_text]<\/p>\n<h5>Empfohlenes Zubeh\u00f6r<\/h5>\n<p>[\/vc_column_text][vc_column_text]<\/p>\n<ul>\n<li><a href=\"https:\/\/unisig.com\/de\/maschinenzubehoer\/tiefbohroel\/\">Tiefbohr\u00f6l<\/a><\/li>\n<li><a href=\"https:\/\/unisig.com\/de\/produktetechnologie\/maschinenzubehoer\/elb-schleifmaschine\/\">ELB-Werkzeugschleifmaschine<\/a><\/li>\n<\/ul>\n<p>[\/vc_column_text][\/vc_column][\/vc_row][vc_row][vc_column][vc_separator][vc_btn title=&#8221;Mein Angebot anfordern&#8221; shape=&#8221;square&#8221; size=&#8221;sm&#8221; align=&#8221;left&#8221; link=&#8221;url:%2F%3Fpage_id%3D6519|||&#8221;][\/vc_column][\/vc_row]<\/p>\n<\/div>","protected":false},"excerpt":{"rendered":"<p>[vc_row][vc_column][\/vc_column][\/vc_row][vc_row][vc_column width=&#8221;3\/4&#8243;][vc_column_text] UNE6 Tiefbohrmaschinen f\u00fcr die medizinische Fertigung [\/vc_column_text][\/vc_column][vc_column width=&#8221;1\/4&#8243;][vc_btn title=&#8221;Schnellanfrage&#8221; shape=&#8221;square&#8221; align=&#8221;right&#8221; css=&#8221;.vc_custom_1737747501276{padding-top: 14px !important;}&#8221; link=&#8221;url:https%3A%2F%2Funisig.com%2Fde%2Fschnellanfrageformular|title:Quick%20Machine%20Request%20DE&#8221; el_class=&#8221;popmake-7864&#8243;][\/vc_column][\/vc_row][vc_row][vc_column][vc_column_text]UNE6 Maschinen sind so konstruiert, dass Hersteller von medizinischen Ger\u00e4ten nach dem Langdrehen ihre Komponenten pr\u00e4zise und produktiv tiefbohren k\u00f6nnen. Unternehmen, die medizinische Komponenten wie orthop\u00e4dische Werkzeuge herstellen, k\u00f6nnen mit UNISIG einen neuen Fertigungsansatz finden und die Abh\u00e4ngigkeit<a href=\"https:\/\/unisig.com\/de\/alle-maschinen\/une6-medizinisches-tiefbohren\/\" class=\"more-link\">Read More<\/a><\/p>\n","protected":false},"author":6,"featured_media":0,"parent":6562,"menu_order":1,"comment_status":"closed","ping_status":"closed","template":"page-templates\/template-2.php","meta":{"_acf_changed":false,"footnotes":""},"folder":[],"class_list":["post-6379","page","type-page","status-publish","hentry"],"acf":[],"_links":{"self":[{"href":"https:\/\/unisig.com\/de\/wp-json\/wp\/v2\/pages\/6379","targetHints":{"allow":["GET"]}}],"collection":[{"href":"https:\/\/unisig.com\/de\/wp-json\/wp\/v2\/pages"}],"about":[{"href":"https:\/\/unisig.com\/de\/wp-json\/wp\/v2\/types\/page"}],"author":[{"embeddable":true,"href":"https:\/\/unisig.com\/de\/wp-json\/wp\/v2\/users\/6"}],"replies":[{"embeddable":true,"href":"https:\/\/unisig.com\/de\/wp-json\/wp\/v2\/comments?post=6379"}],"version-history":[{"count":0,"href":"https:\/\/unisig.com\/de\/wp-json\/wp\/v2\/pages\/6379\/revisions"}],"up":[{"embeddable":true,"href":"https:\/\/unisig.com\/de\/wp-json\/wp\/v2\/pages\/6562"}],"wp:attachment":[{"href":"https:\/\/unisig.com\/de\/wp-json\/wp\/v2\/media?parent=6379"}],"wp:term":[{"taxonomy":"folder","embeddable":true,"href":"https:\/\/unisig.com\/de\/wp-json\/wp\/v2\/folder?post=6379"}],"curies":[{"name":"wp","href":"https:\/\/api.w.org\/{rel}","templated":true}]}}