{"id":6380,"date":"2020-06-15T10:42:36","date_gmt":"2020-06-15T15:42:36","guid":{"rendered":"https:\/\/stagingxx.unisig.com\/unx-serie\/"},"modified":"2025-01-24T13:40:37","modified_gmt":"2025-01-24T19:40:37","slug":"unx-serie","status":"publish","type":"page","link":"https:\/\/unisig.com\/de\/alle-maschinen\/unx-serie\/","title":{"rendered":"UNX-Serie"},"content":{"rendered":"<div class=\"wpb-content-wrapper\"><p>[vc_row][vc_column]<div class=\"avt_masterslider_el \" >\n\t\t<!-- MasterSlider -->\n\t\t<div id=\"P_MS69e0cf28efcf4\" class=\"master-slider-parent ms-parent-id-35\" style=\"max-width:1000px;\" >\n\n\t\t\t\n\t\t\t<!-- MasterSlider Main -->\n\t\t\t<div id=\"MS69e0cf28efcf4\" class=\"master-slider ms-skin-black-2 round-skin\" >\n\t\t\t\t \t\t\t\t \n\n\t\t\t<div  class=\"ms-slide\" data-delay=\"3\" data-fill-mode=\"fill\"   >\n\t\t\t\t\t<img decoding=\"async\" src=\"https:\/\/unisig.com\/wp-content\/plugins\/masterslider\/public\/assets\/css\/blank.gif\" alt=\"UNX20-CP-4000 Overall view\" title=\"UNX20-CP-4000 Overall\" data-src=\"https:\/\/unisig.com\/wp-content\/smush-webp\/2023\/08\/UNX20-CP-4000-Overall.jpg.webp\" \/>\n\n\n\t\t\t\t<\/div>\n\t\t\t<div  class=\"ms-slide\" data-delay=\"3\" data-fill-mode=\"fill\"   >\n\t\t\t\t\t<img decoding=\"async\" src=\"https:\/\/unisig.com\/wp-content\/plugins\/masterslider\/public\/assets\/css\/blank.gif\" alt=\"UNX20-CP-4000 Front View\" title=\"UNX20-CP-4000 Front\" data-src=\"https:\/\/unisig.com\/wp-content\/smush-webp\/2023\/08\/UNX20-CP-4000-Front.jpg.webp\" \/>\n\n\n\t\t\t\t<\/div>\n\t\t\t<div  class=\"ms-slide\" data-delay=\"3\" data-fill-mode=\"fill\"   >\n\t\t\t\t\t<img decoding=\"async\" src=\"https:\/\/unisig.com\/wp-content\/plugins\/masterslider\/public\/assets\/css\/blank.gif\" alt=\"\" title=\"UNX Workpiece Gundrilled and BTA drilled \" data-src=\"https:\/\/unisig.com\/wp-content\/smush-webp\/2020\/06\/UNX-Workpiece-Gundrilled-and-BTA-drilled.jpg.webp\" \/>\n\n\n\t\t\t\t<\/div>\n\t\t\t<div  class=\"ms-slide\" data-delay=\"3\" data-fill-mode=\"fill\"   >\n\t\t\t\t\t<img decoding=\"async\" src=\"https:\/\/unisig.com\/wp-content\/plugins\/masterslider\/public\/assets\/css\/blank.gif\" alt=\"\" title=\"UNX Workpiece Front\" data-src=\"https:\/\/unisig.com\/wp-content\/smush-webp\/2020\/06\/UNX-Workpiece-Front.jpg.webp\" \/>\n\n\n\t\t\t\t<\/div>\n\t\t\t<div  class=\"ms-slide\" data-delay=\"3\" data-fill-mode=\"fill\"   >\n\t\t\t\t\t<img decoding=\"async\" src=\"https:\/\/unisig.com\/wp-content\/plugins\/masterslider\/public\/assets\/css\/blank.gif\" alt=\"\" title=\"UNX Workpiece\" data-src=\"https:\/\/unisig.com\/wp-content\/smush-webp\/2020\/06\/UNX-Workpiece.jpg.webp\" \/>\n\n\n\t\t\t\t<\/div>\n\n\t\t\t<\/div>\n\t\t\t<!-- END MasterSlider Main -->\n\n\t\t\t \n\t\t<\/div>\n\t\t<!-- END MasterSlider -->\n\n\t\t<script>\n\t\t( window.MSReady = window.MSReady || [] ).push( function( $ ) {\n\n\t\t\t\"use strict\";\n\t\t\tvar masterslider_fcf4 = new MasterSlider();\n\n\t\t\t\/\/ slider controls\n\t\t\tmasterslider_fcf4.control('arrows'     ,{ autohide:true, overVideo:true  });\n\t\t\t\/\/ slider setup\n\t\t\tmasterslider_fcf4.setup(\"MS69e0cf28efcf4\", {\n\t\t\t\twidth           : 1000,\n\t\t\t\theight          : 500,\n\t\t\t\tminHeight       : 0,\n\t\t\t\tspace           : 0,\n\t\t\t\tstart           : 1,\n\t\t\t\tgrabCursor      : true,\n\t\t\t\tswipe           : true,\n\t\t\t\tmouse           : true,\n\t\t\t\tkeyboard        : false,\n\t\t\t\tlayout          : \"boxed\",\n\t\t\t\twheel           : false,\n\t\t\t\tautoplay        : true,\n                instantStartLayers:false,\n\t\t\t\tmobileBGVideo:false,\n\t\t\t\tloop            : true,\n\t\t\t\tshuffle         : false,\n\t\t\t\tpreload         : 0,\n\t\t\t\theightLimit     : true,\n\t\t\t\tautoHeight      : false,\n\t\t\t\tsmoothHeight    : true,\n\t\t\t\tendPause        : false,\n\t\t\t\toverPause       : true,\n\t\t\t\tfillMode        : \"fill\",\n\t\t\t\tcenterControls  : true,\n\t\t\t\tstartOnAppear   : false,\n\t\t\t\tlayersMode      : \"center\",\n\t\t\t\tautofillTarget  : \"\",\n\t\t\t\thideLayers      : false,\n\t\t\t\tfullscreenMargin: 0,\n\t\t\t\tspeed           : 20,\n\t\t\t\tdir             : \"h\",\n\t\t\t\tresponsive      : true,\n\t\t\t\ttabletWidth     : 768,\n\t\t\t\ttabletHeight    : null,\n\t\t\t\tphoneWidth      : 480,\n\t\t\t\tphoneHeight    : null,\n\t\t\t\tsizingReference : window,\n\t\t\t\tparallaxMode    : 'swipe',\n\t\t\t\tview            : \"basic\"\n\t\t\t});\n\n\t\t\t\n\t\t\twindow.masterslider_instances = window.masterslider_instances || [];\n\t\t\twindow.masterslider_instances.push( masterslider_fcf4 );\n\t\t});\n\t\t<\/script>\n\n<\/div>[\/vc_column][\/vc_row][vc_row][vc_column width=&#8221;3\/4&#8243;][vc_column_text]<\/p>\n<h1>UNX-Serie exzentrische Tiefbohrmaschinen<\/h1>\n<p>[\/vc_column_text][\/vc_column][vc_column width=&#8221;1\/4&#8243;][vc_btn title=&#8221;Mein Angebot anfordern&#8221; shape=&#8221;square&#8221; align=&#8221;right&#8221; css=&#8221;.vc_custom_1737747632971{padding-top: 14px !important;}&#8221; link=&#8221;url:https%3A%2F%2Funisig.com%2Fde%2Fschnellanfrageformular|title:Quick%20Machine%20Request%20DE&#8221; el_class=&#8221;popmake-7864&#8243;][\/vc_column][\/vc_row][vc_row][vc_column][vc_column_text]<\/p>\n<div>Die UNX-Maschinen wurden entwickelt, um den Herausforderungen von au\u00dfermittigen Bohrungen mit extremen Tiefen-zu-Durchmesser-Verh\u00e4ltnissen gerecht zu werden. Diese Maschinen erzeugen automatisch tiefe Bohrungen in langen, schweren Werkst\u00fccken ohne Genauigkeitsverlust. Und das Modell UNX50- kann dabei neben Einlippenbohren auch BTA-Tiefbohrungen durchzuf\u00fchren.<\/div>\n<div><\/div>\n<div>UNISIGs Technologie zur Prozess\u00fcberwachung und -steuerung arbeitet mit einer pr\u00e4zisen Maschinenstruktur zusammen, die es Benutzern erm\u00f6glicht, problematische Bohraufgaben jeden Tag sicher zu meistern.<\/div>\n<div><\/div>\n<p>[\/vc_column_text][vc_separator][vc_column_text]<\/p>\n<h5>Es stehen drei Bewegungsprofile zur Verf\u00fcgung um Ihren Anforderungen entsprechen:<\/h5>\n<p>[\/vc_column_text][\/vc_column][\/vc_row][vc_row][vc_column width=&#8221;1\/3&#8243;][vc_single_image image=&#8221;6316&#8243; img_size=&#8221;150&#215;150&#8243; alignment=&#8221;center&#8221;][vc_column_text]Die kartesische Positionierung <strong>[C]<\/strong> h\u00e4lt ein station\u00e4res Werkst\u00fcck bei und bewegt die Bohrspindel in der X- und Y-Achse.[\/vc_column_text][\/vc_column][vc_column width=&#8221;1\/3&#8243;][vc_single_image image=&#8221;6318&#8243; img_size=&#8221;150&#215;150&#8243; alignment=&#8221;center&#8221;][vc_column_text]Die polare Positionierung <strong>[P]<\/strong> rotiert ein zylindrisches Teil auf seiner Achse, die X-Achse positioniert die Bohrspindel mit dem gew\u00fcnschten Abstand vom Zentrum.[\/vc_column_text][\/vc_column][vc_column width=&#8221;1\/3&#8243;][vc_single_image image=&#8221;6317&#8243; img_size=&#8221;150&#215;150&#8243; alignment=&#8221;center&#8221;][vc_column_text]Die kartesische und polare Positionierung <strong><br \/>\n[CP]<br \/>\n<\/strong>kombiniert mit fortschrittlichen Bewegungssteuerung kombiniert, um die h\u00f6chste Genauigkeit beim Bohren kleiner Durchmesser und extremen Bohrtiefen.[\/vc_column_text][\/vc_column][\/vc_row][vc_row][vc_column][vc_tta_tabs shape=&#8221;square&#8221; color=&#8221;white&#8221; alignment=&#8221;right&#8221; active_section=&#8221;1&#8243; el_class=&#8221;machine-spec-tables&#8221;][vc_tta_section title=&#8221;Metrisch&#8221; tab_id=&#8221;1469812290825-2638acd8-9418ae15-49e5&#8243;][vc_column_text]<\/p>\n<table class=\"rwd-table2\">\n<tbody>\n<tr>\n<th>Dimension<\/th>\n<th><a href=\"https:\/\/unisig.com\/de\/produkt\/unx-20-cp\/\">UNX20<\/a><\/th>\n<th><a href=\"https:\/\/unisig.com\/de\/produkt\/unx-25-c\/\">UNX25<\/a><\/th>\n<th><a href=\"https:\/\/unisig.com\/de\/produkt\/unx-50-p\/\">UNX40<\/a><\/th>\n<th><a href=\"https:\/\/unisig.com\/de\/produkt\/unx-50-p\/\">UNX50<\/a><\/th>\n<\/tr>\n<tr>\n<td data-th=\"TOOLTYPE\"><strong>Werkzeugtyp<\/strong><\/td>\n<td data-th=\"UNX20\">ELB<\/td>\n<td data-th=\"UNX25\">ELB<\/td>\n<td data-th=\"UNX40\">ELB<\/td>\n<td data-th=\"UNX50\">ELB\/BTA<\/td>\n<\/tr>\n<tr>\n<td data-th=\"DrillDiameter\">Bohrdurchmesser max.<\/td>\n<td data-th=\"UNX20\">20 mm<\/td>\n<td data-th=\"UNX25\">25 mm<\/td>\n<td data-th=\"UNX40\">40 mm<\/td>\n<td data-th=\"UNX50\">50 mm<\/td>\n<\/tr>\n<tr>\n<td data-th=\"counterbore\">Aufbohrdurchmesser max.<\/td>\n<td data-th=\"UNX20\">&#8211;<\/td>\n<td data-th=\"UNX25\">&#8211;<\/td>\n<td data-th=\"UNX40\">&#8211;<\/td>\n<td data-th=\"UNX50\">65 mm<\/td>\n<\/tr>\n<tr>\n<td data-th=\"Motion profile\">Bewegungsprofil<\/td>\n<td data-th=\"UNX20\">Kartesisch + Polar [CP]<\/td>\n<td data-th=\"UNX25\">Kartesisch [C] oder Polar [P]<\/td>\n<td data-th=\"UNX40\">Polar [P]<\/td>\n<td data-th=\"UNX50\">Polar [P]<\/td>\n<\/tr>\n<tr>\n<td data-th=\"single stroke drilling depth\">Bohrtiefe im einem Hub<\/td>\n<td data-th=\"UNX50\">1.500 mm<\/td>\n<td data-th=\"UNX50\">1.500 mm [C]<\/p>\n<p>2.000 mm [P]<\/p>\n<p>3.000 mm [P]<\/td>\n<td data-th=\"\">1.500 mm<\/p>\n<p>2.000 mm<\/p>\n<p>3.000 mm<\/td>\n<td data-th=\"\">1.500 mm<\/p>\n<p>2.000 mm<\/p>\n<p>3.000 mm<\/td>\n<\/tr>\n<tr>\n<td data-th=\"TRAVELS\">Werkst\u00fcckl\u00e4ngen<\/td>\n<td data-th=\"USC-2M\">2.000 mm<\/p>\n<p>3.000 mm<\/p>\n<p>4.000 mm<\/p>\n<p>6.000 mm<\/p>\n<p>10.000 mm<\/td>\n<td data-th=\"USC-3M\">2.000 mm<\/p>\n<p>3.000 mm<\/p>\n<p>4.000 mm<\/p>\n<p>6.000 mm<\/p>\n<p>10.000 mm<\/td>\n<td data-th=\"USC-2M-BTA\">2.000 mm<\/p>\n<p>3.000 mm<\/p>\n<p>4.000 mm<\/p>\n<p>6.000 mm<\/p>\n<p>10.000 mm<\/td>\n<td data-th=\"USC-3M-BTA\">2.000 mm<\/p>\n<p>3.000 mm<\/p>\n<p>4.000 mm<\/p>\n<p>6.000 mm<\/p>\n<p>10.000 mm<\/td>\n<\/tr>\n<\/tbody>\n<\/table>\n<p>[\/vc_column_text][\/vc_tta_section][vc_tta_section title=&#8221;Zoll&#8221; tab_id=&#8221;1469812290427-4adebc19-72cdae15-49e5&#8243;][vc_column_text]<\/p>\n<table class=\"rwd-table2\">\n<tbody>\n<tr>\n<th>Dimension<\/th>\n<th><a href=\"https:\/\/unisig.com\/de\/produkt\/unx-20-cp\/\">UNX20<\/a><\/th>\n<th><a href=\"https:\/\/unisig.com\/de\/produkt\/unx-25-c\/\">UNX25<\/a><\/th>\n<th><a href=\"https:\/\/unisig.com\/de\/produkt\/unx-50-p\/\">UNX40<\/a><\/th>\n<th><a href=\"https:\/\/unisig.com\/de\/produkt\/unx-50-p\/\">UNX50<\/a><\/th>\n<\/tr>\n<tr>\n<td data-th=\"TOOLTYPE\"><strong>Werkzeugtyp<\/strong><\/td>\n<td data-th=\"UNX20\">ELB<\/td>\n<td data-th=\"UNX25\">ELB<\/td>\n<td data-th=\"UNX40\">ELB<\/td>\n<td data-th=\"UNX50\">ELB\/BTA<\/td>\n<\/tr>\n<tr>\n<td data-th=\"DrillDiameter\">Bohrdurchmesser max.<\/td>\n<td data-th=\"UNX20\">0,79 in<\/td>\n<td data-th=\"UNX25\">1.00 in<\/td>\n<td data-th=\"UNX40\">1.57 in<\/td>\n<td data-th=\"UNX50\">2.0 in<\/td>\n<\/tr>\n<tr>\n<td data-th=\"counterbore\">Aufbohrdurchmesser max.<\/td>\n<td data-th=\"UNX20\">&#8211;<\/td>\n<td data-th=\"UNX25\">&#8211;<\/td>\n<td data-th=\"UNX40\">&#8211;<\/td>\n<td data-th=\"UNX50\">2.6 in<\/td>\n<\/tr>\n<tr>\n<td data-th=\"Motion profile\">Bewegungsprofil<\/td>\n<td data-th=\"UNX20\">Kartesisch + Polar [CP]<\/td>\n<td data-th=\"UNX25\">Kartesisch [C] oder Polar [P]<\/td>\n<td data-th=\"UNX40\">Polar [P]<\/td>\n<td data-th=\"UNX50\">Polar [P]<\/td>\n<\/tr>\n<tr>\n<td data-th=\"single stroke drilling depth\">Bohrtiefe in einem Hub<\/td>\n<td data-th=\"UNX50\">59 in<\/td>\n<td data-th=\"UNX50\">59 in<\/p>\n<p>79 in<\/p>\n<p>118 in<\/td>\n<td data-th=\"\">59 in<\/p>\n<p>79 in<\/p>\n<p>118 in<\/td>\n<td data-th=\"\">59 in<\/p>\n<p>79 in<\/p>\n<p>118 in<\/td>\n<\/tr>\n<tr>\n<td data-th=\"TRAVELS\">Werkst\u00fcckl\u00e4ngen<\/td>\n<td data-th=\"USC-2M\">79 in<\/p>\n<p>118 in<\/p>\n<p>158 in<\/p>\n<p>236 in<\/p>\n<p>394 in<\/td>\n<td data-th=\"USC-3M\">79 in<\/p>\n<p>118 in<\/p>\n<p>158 in<\/p>\n<p>236 in<\/p>\n<p>394 in<\/td>\n<td data-th=\"USC-2M-BTA\">79 in<\/p>\n<p>118 in<\/p>\n<p>158 in<\/p>\n<p>236 in<\/p>\n<p>394 in<\/td>\n<td data-th=\"USC-3M-BTA\">79 in<\/p>\n<p>118 in<\/p>\n<p>158 in<\/p>\n<p>236 in<\/p>\n<p>394 in<\/td>\n<\/tr>\n<\/tbody>\n<\/table>\n<p>[\/vc_column_text][\/vc_tta_section][\/vc_tta_tabs][\/vc_column][\/vc_row][vc_row][vc_column][vc_separator][vc_column_text]<\/p>\n<h4>Weitere Informationen:<\/h4>\n<p>[\/vc_column_text][unisig_icon_content icon=&#8221;fas fa-video&#8221;]<a href=\"https:\/\/unisig.com\/news-events\/unx-machine-preview\/\" target=\"_blank\" rel=\"Machine Preview UNX noopener noreferrer\">UNX Machine Preview | Video<\/a>[\/unisig_icon_content][unisig_icon_content icon=&#8221;fas fa-video&#8221;]<a href=\"https:\/\/unisig.com\/de\/unx-imts-tv\" target=\"_blank\" rel=\"Demo Drilling IMTStv Off-Center Series UNX noopener on noreferrer\">UNX Series Off-Center Drilling Demo on IMTStv | Video<\/a>[\/unisig_icon_content][\/vc_column][\/vc_row][vc_row][vc_column][vc_separator][vc_btn title=&#8221;Mein Angebot anfordern&#8221; shape=&#8221;square&#8221; size=&#8221;sm&#8221; link=&#8221;url:http%3A%2F%2Funisig.com%2Fhow-to-buy%2Frequest-a-quote%2F|&#8221;][\/vc_column][\/vc_row]<\/p>\n<\/div>","protected":false},"excerpt":{"rendered":"<p>[vc_row][vc_column][\/vc_column][\/vc_row][vc_row][vc_column width=&#8221;3\/4&#8243;][vc_column_text] UNX-Serie exzentrische Tiefbohrmaschinen [\/vc_column_text][\/vc_column][vc_column width=&#8221;1\/4&#8243;][vc_btn title=&#8221;Mein Angebot anfordern&#8221; shape=&#8221;square&#8221; align=&#8221;right&#8221; css=&#8221;.vc_custom_1737747632971{padding-top: 14px !important;}&#8221; link=&#8221;url:https%3A%2F%2Funisig.com%2Fde%2Fschnellanfrageformular|title:Quick%20Machine%20Request%20DE&#8221; el_class=&#8221;popmake-7864&#8243;][\/vc_column][\/vc_row][vc_row][vc_column][vc_column_text] Die UNX-Maschinen wurden entwickelt, um den Herausforderungen von au\u00dfermittigen Bohrungen mit extremen Tiefen-zu-Durchmesser-Verh\u00e4ltnissen gerecht zu werden. Diese Maschinen erzeugen automatisch tiefe Bohrungen in langen, schweren Werkst\u00fccken ohne Genauigkeitsverlust. Und das Modell UNX50- kann dabei neben Einlippenbohren auch BTA-Tiefbohrungen<a href=\"https:\/\/unisig.com\/de\/alle-maschinen\/unx-serie\/\" class=\"more-link\">Read More<\/a><\/p>\n","protected":false},"author":3,"featured_media":0,"parent":6562,"menu_order":1,"comment_status":"closed","ping_status":"closed","template":"page-templates\/template-2.php","meta":{"_acf_changed":false,"footnotes":""},"folder":[],"class_list":["post-6380","page","type-page","status-publish","hentry"],"acf":[],"_links":{"self":[{"href":"https:\/\/unisig.com\/de\/wp-json\/wp\/v2\/pages\/6380","targetHints":{"allow":["GET"]}}],"collection":[{"href":"https:\/\/unisig.com\/de\/wp-json\/wp\/v2\/pages"}],"about":[{"href":"https:\/\/unisig.com\/de\/wp-json\/wp\/v2\/types\/page"}],"author":[{"embeddable":true,"href":"https:\/\/unisig.com\/de\/wp-json\/wp\/v2\/users\/3"}],"replies":[{"embeddable":true,"href":"https:\/\/unisig.com\/de\/wp-json\/wp\/v2\/comments?post=6380"}],"version-history":[{"count":0,"href":"https:\/\/unisig.com\/de\/wp-json\/wp\/v2\/pages\/6380\/revisions"}],"up":[{"embeddable":true,"href":"https:\/\/unisig.com\/de\/wp-json\/wp\/v2\/pages\/6562"}],"wp:attachment":[{"href":"https:\/\/unisig.com\/de\/wp-json\/wp\/v2\/media?parent=6380"}],"wp:term":[{"taxonomy":"folder","embeddable":true,"href":"https:\/\/unisig.com\/de\/wp-json\/wp\/v2\/folder?post=6380"}],"curies":[{"name":"wp","href":"https:\/\/api.w.org\/{rel}","templated":true}]}}