{"id":6394,"date":"2020-06-15T10:42:41","date_gmt":"2020-06-15T15:42:41","guid":{"rendered":"https:\/\/stagingxx.unisig.com\/europa-vertreter\/"},"modified":"2021-03-31T09:32:38","modified_gmt":"2021-03-31T14:32:38","slug":"europa-vertreter","status":"publish","type":"page","link":"https:\/\/unisig.com\/de\/unisig-vertretungen\/europa\/","title":{"rendered":"Europa-Vertretung"},"content":{"rendered":"<div class=\"wpb-content-wrapper\"><p>[vc_row][vc_column][vc_column_text]<\/p>\n<h1>Exklusive UNISIG-Vertretung &#8211; Europa<\/h1>\n<p>[\/vc_column_text][vc_row_inner css=&#8221;.vc_custom_1474468795796{background-color: #f8f8f8 !important;}&#8221;][vc_column_inner width=&#8221;1\/2&#8243;][vc_single_image image=&#8221;3672&#8243; img_size=&#8221;full&#8221;][\/vc_column_inner][vc_column_inner width=&#8221;1\/2&#8243;][vc_column_text]<\/p>\n<p style=\"text-align: justify;\">UNISIG Vertrieb und Service in Europa werden von der UNISIG GmbH in Deutschland verwaltet.<\/p>\n<p style=\"text-align: justify;\">Bitte kontaktieren Sie <a href=\"https:\/\/unisig.com\/de\/kontaktieren-sie-uns-old\/?lang=de\">uns,<\/a> um Ihre Bewerbung zu besprechen, oder fordern Sie <a href=\"\/?page_id=6519&#038;lang=de\">online ein Angebot<\/a> an.<\/p>\n<p><strong>UNISIG GmbH<\/strong><br \/>\nHeuweg 3<br \/>\n72574 Bad Urach. Deutschland<br \/>\n<a href=\"https:\/\/unisig.com\/why-unisig\/corporate-structure\/imprint\" target=\"_blank\" rel=\"noopener noreferrer\">Impressum<\/a><\/p>\n<p><strong>Telefon:<\/strong> +49 (0) 7125 96875 90<br \/>\n<strong>Fax:<\/strong> +49 (0) 7125 96875 99<br \/>\n<strong>E-Mail:<\/strong> <a href=\"mailto:info@unisig.de\">info@unisig.de<\/a><\/p>\n<p>Bitte kontaktieren Sie UNISIG direkt, um sich \u00fcber unsere Produkte und Dienstleistungen in Europa, einschlie\u00dflich der T\u00fcrkei und Russland, zu erkundigen.[\/vc_column_text][\/vc_column_inner][\/vc_row_inner][vc_empty_space][vc_separator][\/vc_column][\/vc_row][vc_row][vc_column][vc_cta h2=&#8221;Weitere Informationen anfordern&#8221; h2_font_container=&#8221;color:%23005288&#8243; h2_google_fonts=&#8221;font_family:Open%20Sans%3A300%2C300italic%2Cregular%2Citalic%2C600%2C600italic%2C700%2C700italic%2C800%2C800italic|font_style:400%20regular%3A400%3Anormal&#8221; shape=&#8221;square&#8221; style=&#8221;custom&#8221; add_button=&#8221;bottom&#8221; btn_title=&#8221;Informationen anfordern&#8221; btn_shape=&#8221;square&#8221; use_custom_fonts_h2=&#8221;true&#8221; custom_background=&#8221;#e3e3e3&#8243; custom_text=&#8221;#151515&#8243; css=&#8221;.vc_custom_1470401803406{border-top-width: 0px !important;border-right-width: 0px !important;border-bottom-width: 0px !important;border-left-width: 0px !important;}&#8221; btn_link=&#8221;url:http%3A%2F%2Funisig.com%2Fhow-to-buy%2Frequest-a-quote%2F|&#8221;]Senden Sie Ihre Bewerbung f\u00fcr ein Angebot oder zus\u00e4tzliche Informationen, einschlie\u00dflich Vertriebsmitarbeiter in Ihrer N\u00e4he.[\/vc_cta][\/vc_column][\/vc_row]<\/p>\n<\/div>","protected":false},"excerpt":{"rendered":"<p>[vc_row][vc_column][vc_column_text] Exklusive UNISIG-Vertretung &#8211; Europa [\/vc_column_text][vc_row_inner css=&#8221;.vc_custom_1474468795796{background-color: #f8f8f8 !important;}&#8221;][vc_column_inner width=&#8221;1\/2&#8243;][vc_single_image image=&#8221;3672&#8243; img_size=&#8221;full&#8221;][\/vc_column_inner][vc_column_inner width=&#8221;1\/2&#8243;][vc_column_text] UNISIG Vertrieb und Service in Europa werden von der UNISIG GmbH in Deutschland verwaltet. Bitte kontaktieren Sie uns, um Ihre Bewerbung zu besprechen, oder fordern Sie online ein Angebot an. UNISIG GmbH Heuweg 3 72574 Bad Urach. Deutschland Impressum Telefon: +49 (0)<a href=\"https:\/\/unisig.com\/de\/unisig-vertretungen\/europa\/\" class=\"more-link\">Read More<\/a><\/p>\n","protected":false},"author":3,"featured_media":0,"parent":6544,"menu_order":0,"comment_status":"closed","ping_status":"closed","template":"page-templates\/template-2.php","meta":{"_acf_changed":false,"footnotes":""},"folder":[],"class_list":["post-6394","page","type-page","status-publish","hentry"],"acf":[],"_links":{"self":[{"href":"https:\/\/unisig.com\/de\/wp-json\/wp\/v2\/pages\/6394","targetHints":{"allow":["GET"]}}],"collection":[{"href":"https:\/\/unisig.com\/de\/wp-json\/wp\/v2\/pages"}],"about":[{"href":"https:\/\/unisig.com\/de\/wp-json\/wp\/v2\/types\/page"}],"author":[{"embeddable":true,"href":"https:\/\/unisig.com\/de\/wp-json\/wp\/v2\/users\/3"}],"replies":[{"embeddable":true,"href":"https:\/\/unisig.com\/de\/wp-json\/wp\/v2\/comments?post=6394"}],"version-history":[{"count":0,"href":"https:\/\/unisig.com\/de\/wp-json\/wp\/v2\/pages\/6394\/revisions"}],"up":[{"embeddable":true,"href":"https:\/\/unisig.com\/de\/wp-json\/wp\/v2\/pages\/6544"}],"wp:attachment":[{"href":"https:\/\/unisig.com\/de\/wp-json\/wp\/v2\/media?parent=6394"}],"wp:term":[{"taxonomy":"folder","embeddable":true,"href":"https:\/\/unisig.com\/de\/wp-json\/wp\/v2\/folder?post=6394"}],"curies":[{"name":"wp","href":"https:\/\/api.w.org\/{rel}","templated":true}]}}