{"id":6403,"date":"2020-06-15T10:42:43","date_gmt":"2020-06-15T15:42:43","guid":{"rendered":"https:\/\/stagingxx.unisig.com\/bta-werkzeuge\/"},"modified":"2023-07-25T02:22:55","modified_gmt":"2023-07-25T07:22:55","slug":"bta-werkzeuge","status":"publish","type":"page","link":"https:\/\/unisig.com\/de\/bta-werkzeuge\/","title":{"rendered":"BTA-Werkzeuge"},"content":{"rendered":"<div class=\"wpb-content-wrapper\"><p>[vc_row][vc_column]<div class=\"avt_masterslider_el \" >\n\t\t<!-- MasterSlider -->\n\t\t<div id=\"P_MS69e0cee323922\" class=\"master-slider-parent ms-parent-id-22\" style=\"max-width:1000px;\" >\n\n\t\t\t\n\t\t\t<!-- MasterSlider Main -->\n\t\t\t<div id=\"MS69e0cee323922\" class=\"master-slider ms-skin-black-2 round-skin\" >\n\t\t\t\t \t\t\t\t \n\n\t\t\t<div  class=\"ms-slide\" data-delay=\"3\" data-fill-mode=\"fill\"   >\n\t\t\t\t\t<img decoding=\"async\" src=\"https:\/\/unisig.com\/wp-content\/plugins\/masterslider\/public\/assets\/css\/blank.gif\" alt=\"\" title=\"bta-deep-hole-drilling-tools\" data-src=\"https:\/\/unisig.com\/wp-content\/smush-webp\/2016\/10\/bta-deep-hole-drilling-tools.jpg.webp\" \/>\n\n\n\t\t\t\t<\/div>\n\t\t\t<div  class=\"ms-slide\" data-delay=\"3\" data-fill-mode=\"fill\"   >\n\t\t\t\t\t<img decoding=\"async\" src=\"https:\/\/unisig.com\/wp-content\/plugins\/masterslider\/public\/assets\/css\/blank.gif\" alt=\"\" title=\"bta-tools-indexable\" data-src=\"https:\/\/unisig.com\/wp-content\/smush-webp\/2016\/10\/bta-tools-indexable.jpg.webp\" \/>\n\n\n\t\t\t\t<\/div>\n\t\t\t<div  class=\"ms-slide\" data-delay=\"3\" data-fill-mode=\"fill\"   >\n\t\t\t\t\t<img decoding=\"async\" src=\"https:\/\/unisig.com\/wp-content\/plugins\/masterslider\/public\/assets\/css\/blank.gif\" alt=\"\" title=\"counterboring-drilling-machine\" data-src=\"https:\/\/unisig.com\/wp-content\/smush-webp\/2016\/07\/counterboring-drilling-machine.jpg.webp\" \/>\n\n\n\t\t\t\t<\/div>\n\t\t\t<div  class=\"ms-slide\" data-delay=\"3\" data-fill-mode=\"fill\"   >\n\t\t\t\t\t<img decoding=\"async\" src=\"https:\/\/unisig.com\/wp-content\/plugins\/masterslider\/public\/assets\/css\/blank.gif\" alt=\"\" title=\"trepanning-drilling-tool\" data-src=\"https:\/\/unisig.com\/wp-content\/smush-webp\/2016\/10\/trepanning-drilling-tool.jpg.webp\" \/>\n\n\n\t\t\t\t<\/div>\n\t\t\t<div  class=\"ms-slide\" data-delay=\"3\" data-fill-mode=\"fill\"   >\n\t\t\t\t\t<img decoding=\"async\" src=\"https:\/\/unisig.com\/wp-content\/plugins\/masterslider\/public\/assets\/css\/blank.gif\" alt=\"\" title=\"pull-boring-machine\" data-src=\"https:\/\/unisig.com\/wp-content\/smush-webp\/2016\/07\/pull-boring-machine.jpg.webp\" \/>\n\n\n\t\t\t\t<\/div>\n\t\t\t<div  class=\"ms-slide\" data-delay=\"3\" data-fill-mode=\"fill\"   >\n\t\t\t\t\t<img decoding=\"async\" src=\"https:\/\/unisig.com\/wp-content\/plugins\/masterslider\/public\/assets\/css\/blank.gif\" alt=\"\" title=\"skiving-roller-burnishing-tool\" data-src=\"https:\/\/unisig.com\/wp-content\/smush-webp\/2016\/09\/skiving-roller-burnishing-tool.jpg.webp\" \/>\n\n\n\t\t\t\t<\/div>\n\n\t\t\t<\/div>\n\t\t\t<!-- END MasterSlider Main -->\n\n\t\t\t \n\t\t<\/div>\n\t\t<!-- END MasterSlider -->\n\n\t\t<script>\n\t\t( window.MSReady = window.MSReady || [] ).push( function( $ ) {\n\n\t\t\t\"use strict\";\n\t\t\tvar masterslider_3922 = new MasterSlider();\n\n\t\t\t\/\/ slider controls\n\t\t\tmasterslider_3922.control('arrows'     ,{ autohide:true, overVideo:true  });\n\t\t\t\/\/ slider setup\n\t\t\tmasterslider_3922.setup(\"MS69e0cee323922\", {\n\t\t\t\twidth           : 1000,\n\t\t\t\theight          : 600,\n\t\t\t\tminHeight       : 0,\n\t\t\t\tspace           : 0,\n\t\t\t\tstart           : 1,\n\t\t\t\tgrabCursor      : true,\n\t\t\t\tswipe           : true,\n\t\t\t\tmouse           : true,\n\t\t\t\tkeyboard        : false,\n\t\t\t\tlayout          : \"boxed\",\n\t\t\t\twheel           : false,\n\t\t\t\tautoplay        : true,\n                instantStartLayers:false,\n\t\t\t\tmobileBGVideo:false,\n\t\t\t\tloop            : true,\n\t\t\t\tshuffle         : false,\n\t\t\t\tpreload         : 0,\n\t\t\t\theightLimit     : true,\n\t\t\t\tautoHeight      : false,\n\t\t\t\tsmoothHeight    : true,\n\t\t\t\tendPause        : false,\n\t\t\t\toverPause       : true,\n\t\t\t\tfillMode        : \"fill\",\n\t\t\t\tcenterControls  : true,\n\t\t\t\tstartOnAppear   : false,\n\t\t\t\tlayersMode      : \"center\",\n\t\t\t\tautofillTarget  : \"\",\n\t\t\t\thideLayers      : false,\n\t\t\t\tfullscreenMargin: 0,\n\t\t\t\tspeed           : 20,\n\t\t\t\tdir             : \"h\",\n\t\t\t\tresponsive      : true,\n\t\t\t\ttabletWidth     : 768,\n\t\t\t\ttabletHeight    : null,\n\t\t\t\tphoneWidth      : 480,\n\t\t\t\tphoneHeight    : null,\n\t\t\t\tsizingReference : window,\n\t\t\t\tparallaxMode    : 'swipe',\n\t\t\t\tview            : \"basic\"\n\t\t\t});\n\n\t\t\t\n\t\t\twindow.masterslider_instances = window.masterslider_instances || [];\n\t\t\twindow.masterslider_instances.push( masterslider_3922 );\n\t\t});\n\t\t<\/script>\n\n<\/div>[vc_column_text]<\/p>\n<h1>BTA-Werkzeuge<\/h1>\n<p>[\/vc_column_text][vc_column_text]BTA-Tiefbohrwerkzeuge werden f\u00fcr Bohrdurchmesser von 12 mm [0,47 in] Durchmesser und gr\u00f6\u00dfer eingesetzt. Diese BTA-Werkzeuge werden von weltweit f\u00fchrenden Schneidwerkzeugherstellern bereitgestellt und in UNISIG-Tiefbohrmaschinen integriert, um die Leistungs- und Produktionsziele der Kunden zu erreichen. Komplexe Projekte werden mit reduziertem Risiko zuverl\u00e4ssig abgewickelt.<\/p>\n<p>UNISIG arbeitet mit allen gro\u00dfen Herstellern von Tiefbohrwerkzeugen zusammen, um optimale L\u00f6sungen f\u00fcr unsere Kunden auszuw\u00e4hlen und anzubieten. BTA-Werkzeuge werden mit UNISIG-Tiefbohrsystemen in Projekten mit Prozesskooperation, schl\u00fcsselfertigen Systemen sowie Bohrservice und Tests in unserem Technologiezentrum bereitgestellt. BTA-Bohrwerkzeuge werden ansonsten auf der Grundlage unserer umfangreichen technischen und praktischen Erfahrung mit Werkzeugen und Anwendungen und unserer guten Beziehungen auf technischer Ebene mit BTA-Werkzeugherstellern empfohlen.[\/vc_column_text][\/vc_column][\/vc_row][vc_row][vc_column][vc_text_separator title=&#8221;Finden BTA Bohrwerkzeuge&#8221; title_align=&#8221;separator_align_left&#8221;][vc_column_text]<\/p>\n<h3>BTA Bohrwerkzeuge<\/h3>\n<p>[\/vc_column_text][vc_column_text]BTA-Bohrwerkzeuge erzeugen tiefe Bohrungen in Metall, wobei unter hohem Druck stehendes K\u00fchlmittel extern zugef\u00fchrt wird. Beim BTA-Bohren wird Hochdruck-K\u00fchlmittel durch den Raum zwischen der fertigen Bohrung und der Au\u00dfenseite des Werkzeugs eingef\u00fchrt, und die Sp\u00e4ne werden durch das Werkzeug, das Bohrrohr und die Maschinenspindel abgef\u00fchrt.<\/p>\n<p>BTA Tiefbohrwerkzeuge erreichen \u00fcblicherweise 3-5 mal h\u00f6here Vorschubraten als Einlippenbohrwerkzeuge.<\/p>\n<p><a href=\"https:\/\/unisig.com\/de\/informationen-ressourcen\/tiefbohrverfahren\/bta-bohren\/\">Klicken Sie hier, um mehr \u00fcber das BTA-Bohrverfahren zu erfahren.<\/a><\/p>\n<p>BTA Bohrer sind als gel\u00f6tete Werkzeuge als auch als Werkzeuge mit Wechselschneiden erh\u00e4ltlich, bei denen dann nur die Hartmetallschneiden getauscht werden m\u00fcssen.[\/vc_column_text][\/vc_column][\/vc_row][vc_row][vc_column width=&#8221;1\/4&#8243;][vc_single_image image=&#8221;3887&#8243; img_size=&#8221;full&#8221;][\/vc_column][vc_column width=&#8221;3\/4&#8243;][vc_column_text]<\/p>\n<h5 style=\"text-align: left;\"><strong>Gel\u00f6te BTA-Werkzeuge<\/strong><\/h5>\n<p>[\/vc_column_text][vc_column_text]<\/p>\n<p style=\"text-align: left;\">Gel\u00f6te BTA-Bohrwerkzeuge sind Einwegwerkzeuge, die sich zum Einbringen tiefer Bohrungen mit relativ kleinerem Durchmesser eignen.<\/p>\n<p>[\/vc_column_text][vc_column_text]12 &#8211; 65 mm [0 .47 &#8211; 2.56 in]<\/p>\n<p>F\u00fcr Vollbohren<\/p>\n<p>Externe K\u00fchlmittelzufuhr[\/vc_column_text][vc_column_text]<a href=\"https:\/\/unisig.com\/de\/kontaktieren-sie-uns-old\/\">Informationen anfordern &gt;<\/a>[\/vc_column_text][\/vc_column][\/vc_row][vc_row][vc_column][vc_separator][\/vc_column][\/vc_row][vc_row][vc_column width=&#8221;1\/4&#8243;][vc_single_image image=&#8221;3886&#8243; img_size=&#8221;full&#8221;][\/vc_column][vc_column width=&#8221;3\/4&#8243;][vc_column_text]<\/p>\n<h5 style=\"text-align: left;\"><strong>Indexierbare BTA-Tools<\/strong><\/h5>\n<p>[\/vc_column_text][vc_column_text]<\/p>\n<p style=\"text-align: left;\">BTA-Bohrwerkzeuge mit Schneidplatten verwenden Hartmetalleins\u00e4tze, die w\u00e4hrend des Metallschneidprozesses verschlei\u00dfen. Sie werden dann einfach am Werkzeuggrundk\u00f6rpers ausgetauscht.<\/p>\n<p>[\/vc_column_text][vc_column_text]25 &#8211; 630 mm [0 .93 &#8211; 24.8 in]<\/p>\n<p>F\u00fcr Vollbohren<\/p>\n<p>Externe K\u00fchlmittelzufuhr[\/vc_column_text][vc_column_text]<a href=\"https:\/\/unisig.com\/de\/kontaktieren-sie-uns-old\/\">Informationen anfordern &gt;<\/a>[\/vc_column_text][\/vc_column][\/vc_row][vc_row][vc_column][vc_separator][vc_column_text]<\/p>\n<h3>Weitere Werkzeuge f\u00fcr den Einsatz auf BTA-Maschinen<\/h3>\n<p>[\/vc_column_text][vc_column_text]Neben den Vollbohrwerkzeugen k\u00f6nnen weitere Werkzeuge auf BTA-Tiefbohrmaschinen eingesetzt werden um spezifische Bohrungseigenschaften oder strenge Toleranzen zu erreichen.[\/vc_column_text][\/vc_column][\/vc_row][vc_row][vc_column width=&#8221;1\/4&#8243;][vc_single_image image=&#8221;1681&#8243; img_size=&#8221;full&#8221;][\/vc_column][vc_column width=&#8221;3\/4&#8243;][vc_column_text]<\/p>\n<h5 style=\"text-align: left;\"><strong>Aufbohrwerkzeuge<\/strong><\/h5>\n<p>[\/vc_column_text][vc_column_text]<\/p>\n<p style=\"text-align: left;\">Aufbohrwerkzeuge werden zur Aufweiten bestehender Bohrungen verwendet, die entweder gebohrt oder gegossen werden. Das Aufbohren wird im Allgemeinen so konfiguriert, dass eine fertige Bohrung auf Geradheit hin vorgebohrt wird, wobei F\u00fchrungsleisten eingesetzt verwendet werden, die durch die vorhandene Bohrung unterst\u00fctzt werden. Es kann auch so konfiguriert werden, dass es strenge Anforderungen an die Konzentrizit\u00e4t erf\u00fcllt, wobei der Durchmesser der Vorbohrung als F\u00fchrung verwendet wird. Dieses Verfahren ist mit Mehrschneiden-Aufbohrwerkzeugen f\u00fcr einen hohen Materialabtrag geeignet.<\/p>\n<p>[\/vc_column_text][vc_column_text]20 &#8211; 630 mm [0 .79 &#8211; 24.8 in]<\/p>\n<p>Vergr\u00f6\u00dfert vorhandene Bohrungen<\/p>\n<p>Externe K\u00fchlmittelzufuhr[\/vc_column_text][vc_column_text]<a href=\"https:\/\/unisig.com\/de\/kontaktieren-sie-uns-old\/\">Informationen anfordern &gt;<\/a>[\/vc_column_text][\/vc_column][\/vc_row][vc_row][vc_column][vc_separator][\/vc_column][\/vc_row][vc_row][vc_column width=&#8221;1\/4&#8243;][vc_single_image image=&#8221;1679&#8243; img_size=&#8221;full&#8221;][\/vc_column][vc_column width=&#8221;3\/4&#8243;][vc_column_text]<\/p>\n<h5 style=\"text-align: left;\"><strong>Zieh-Aufbohrwerkzeuge<\/strong><\/h5>\n<p>[\/vc_column_text][vc_column_text]<\/p>\n<p style=\"text-align: left;\">Zieh-Aufbohren ist eine besondere Art des Aufbohrens, in der das Werkzeug durch die bestehende Bohrung gezogen wird. Das Bohrrohr unter Spannung sorgt hierbei f\u00fcr au\u00dfergew\u00f6hnlich niedrige Geradheitstoleranzen durch exakte F\u00fchrung des Werkzeugs auf der Maschinenachse. Ziehaufbohren kann aber auch zur Beibehaltung gleichm\u00e4\u00dfiger Wandst\u00e4rken eingesetzt werden durch F\u00fchrung in der vorhandenen Bohrung.<\/p>\n<p>[\/vc_column_text][vc_column_text]20 &#8211; 630 mm [0 .79 &#8211; 24.8 in]<\/p>\n<p>Verbessert Geradheit vorhandene Bohrungen<\/p>\n<p>Externe K\u00fchlmittelzufuhr[\/vc_column_text][vc_column_text]<a href=\"https:\/\/unisig.com\/de\/kontaktieren-sie-uns-old\/\">Informationen anfordern &gt;<\/a>[\/vc_column_text][\/vc_column][\/vc_row][vc_row][vc_column][vc_separator][\/vc_column][\/vc_row][vc_row][vc_column width=&#8221;1\/4&#8243;][vc_single_image image=&#8221;1678&#8243; img_size=&#8221;full&#8221;][\/vc_column][vc_column width=&#8221;3\/4&#8243;][vc_column_text]<\/p>\n<h5 style=\"text-align: left;\"><strong>Kernbohrwerkzeuge<\/strong><\/h5>\n<p>[\/vc_column_text][vc_column_text]<\/p>\n<p style=\"text-align: left;\">Kernbohrwerkzeuge werden eingesetzt, um eine Bohrung in Vollmaterial einzubringen, indem nur ein Ring unter Belassung eines Materialkernes herausgeschnitten wird. Kernbohren erm\u00f6glicht das Einbringen gr\u00f6\u00dferer Bohrdurchmesser mit weniger aufgewendeter Maschinenleistung, zudem wird der Materialkern h\u00e4ufig f\u00fcr andere Produkte weiterverwendet.<\/p>\n<p>[\/vc_column_text][vc_column_text]20 &#8211; 500 mm [0 .79 &#8211; 20.0 in]<\/p>\n<p>F\u00fcr gr\u00f6\u00dfere Bohrungen in Vollmaterial, bel\u00e4\u00dft wiederverwendbaren Materialkern<\/p>\n<p>Externe K\u00fchlmittelzufuhr[\/vc_column_text][vc_column_text]<a href=\"https:\/\/unisig.com\/de\/kontaktieren-sie-uns-old\/\">Informationen anfordern &gt;<\/a>[\/vc_column_text][\/vc_column][\/vc_row][vc_row][vc_column][vc_separator][\/vc_column][\/vc_row][vc_row][vc_column width=&#8221;1\/4&#8243;][vc_single_image image=&#8221;1676&#8243; img_size=&#8221;full&#8221;][\/vc_column][vc_column width=&#8221;3\/4&#8243;][vc_column_text]<\/p>\n<h5 style=\"text-align: left;\"><strong>Sch\u00e4l- und Glattwalzwerkzeuge<\/strong><\/h5>\n<p>[\/vc_column_text][vc_column_text]<\/p>\n<p style=\"text-align: left;\">Sch\u00e4len und Glattwalzen ist eine Kombioperation die zwei Bearbeitungsschritte in einen Arbeitsdurchgang f\u00fcr die Fertigbearbeitung von Hydraulikzylindern vereint. Das Sch\u00e4lwerkzeug kann hierbei vereinfacht als eine Art schwimmendes Reibwerkzeug gesehen werden, das mehrfache Schneidplatten \u00fcber den Umfang f\u00fcr eine schnelle Zerspanung und perfekte Rundheit einsetzt. Das Glattwalzen ist ein Proze\u00df der Kaltumformung. Erh\u00f6hungen werden weggedr\u00fcckt, T\u00e4ler aufgef\u00fcllt f\u00fcr eine perfekte, hochgl\u00e4nzende Oberfl\u00e4che.<\/p>\n<p>[\/vc_column_text][vc_column_text]20 &#8211; 500 mm [0 .79 &#8211; 20.0 in]<\/p>\n<p>Oberfl\u00e4chenbearbeitung vorhandener Bohrung f\u00fcr extrem hohe Oberfl\u00e4chenanforderungen<\/p>\n<p>Externe K\u00fchlmittelzufuhr[\/vc_column_text][vc_column_text]<a href=\"https:\/\/unisig.com\/de\/kontaktieren-sie-uns-old\/\">Informationen anfordern &gt;<\/a>[\/vc_column_text][\/vc_column][\/vc_row][vc_row][vc_column][vc_separator][\/vc_column][\/vc_row][vc_row][vc_column width=&#8221;1\/4&#8243;][vc_single_image image=&#8221;1680&#8243; img_size=&#8221;full&#8221;][\/vc_column][vc_column width=&#8221;3\/4&#8243;][vc_column_text]<\/p>\n<h5 style=\"text-align: left;\"><strong>Bodenformwerkzeuge<\/strong><\/h5>\n<p>[\/vc_column_text][vc_column_text]<\/p>\n<p style=\"text-align: left;\">Bodenformwerkzeuge werden eingesetzt, um in den Bohrgrund einer Blindbohrung ein bestimmtes Profil einzubringen. Diese Werkzeuge sind besondere Ausgestaltung der Formwerkzeuge die auf Tiefbohrmaschinen eingesetzt werden. Bodenformwerkzeuge werden mithilfe von F\u00fchrungsleisten in der vorhandenen Bohrung gef\u00fchrt um extrem strenge Toleranzanforderungen w\u00e4hrend dieses Prozesses einzuhalten. \u00dcbliche Formen sind Radien, Stufen sowie flache B\u00f6den und werden \u00fcblicherweise f\u00fcr Anwendungen in der Luft- und Raumfahrt ben\u00f6tigt.<\/p>\n<p>[\/vc_column_text][vc_column_text]20 &#8211; 500 mm [0 .79 &#8211; 20.0 in]<\/p>\n<p>Werkzeuge erzeugen Profile am vorhandenen Bohrgrund<\/p>\n<p>Externe K\u00fchlmittelzufuhr[\/vc_column_text][vc_column_text]<a href=\"https:\/\/unisig.com\/de\/kontaktieren-sie-uns-old\/\">Informationen anfordern &gt;<\/a>[\/vc_column_text][\/vc_column][\/vc_row][vc_row][vc_column][vc_separator][\/vc_column][\/vc_row][vc_row][vc_column width=&#8221;1\/4&#8243;][vc_single_image image=&#8221;1675&#8243; img_size=&#8221;full&#8221;][\/vc_column][vc_column width=&#8221;3\/4&#8243;][vc_column_text]<\/p>\n<h5 style=\"text-align: left;\"><strong>Auskammerwerkzeuge, Bottle-Boring<\/strong><\/h5>\n<p>[\/vc_column_text][vc_column_text]<\/p>\n<p style=\"text-align: left;\">Auskammerwerkzeuge schaffen interne Profile innerhalb der L\u00e4nge einer Bohrung. Das Schneidwerkzeug wird hierbei mit einer weiteren CNC-Achse auf der Tiefbohrmaschine aus- und eingefahren, um die gew\u00fcnschte Kontur innerhalb des Werkst\u00fcck zu erzeugen.<\/p>\n<p>[\/vc_column_text][vc_column_text]Spezielle Anwendung<\/p>\n<p>Erstellt ein spezifisches Profil innerhalb einer vorhandenen Bohrung<\/p>\n<p>Externe K\u00fchlmittelzufuhr[\/vc_column_text][vc_column_text]<a href=\"https:\/\/unisig.com\/de\/kontaktieren-sie-uns-old\/\">Informationen anfordern &gt;<\/a>[\/vc_column_text][\/vc_column][\/vc_row][vc_row][vc_column][vc_separator][\/vc_column][\/vc_row][vc_row][vc_column width=&#8221;1\/4&#8243;][vc_single_image image=&#8221;3923&#8243; img_size=&#8221;full&#8221;][\/vc_column][vc_column width=&#8221;3\/4&#8243;][vc_column_text]<\/p>\n<h5 style=\"text-align: left;\"><strong>Rohr-Fertigbearbeitung, Aufbohren gro\u00dfer Durchmesser<\/strong><\/h5>\n<p>[\/vc_column_text][vc_column_text]<\/p>\n<p style=\"text-align: left;\">Die Fertigbearbeitung extrem gro\u00dfer Durchmesser erfordert speziell konfigurierte Aufbohrwerkzeuge und extreme K\u00fchlmittelmengen. Diese Aufbohrwerkzeuge f\u00fcr gro\u00dfe Durchmesser arbeiten im sto\u00dfenden Betrieb mit einer inneren K\u00fchlmittelzufuhr, kombiniert mit BTA Einsatzschneiden.<\/p>\n<p>[\/vc_column_text][vc_column_text]300 &#8211; 1.200 mm [12 .0 &#8211; 48.0 in]<\/p>\n<p>Spezielle Konfiguration f\u00fcr extrem gro\u00dfe Durchmesser<\/p>\n<p>Internes K\u00fchlmittel[\/vc_column_text][vc_column_text]<a href=\"https:\/\/unisig.com\/de\/kontaktieren-sie-uns-old\/\">Informationen anfordern &gt;<\/a>[\/vc_column_text][\/vc_column][\/vc_row][vc_row][vc_column][vc_separator][vc_column_text]BTA-Werkzeuge sind Teil eines Gesamtsystems von Tiefbohrmaschinen und dem geeigneten Werkzeugzubeh\u00f6r.<\/p>\n<p><a href=\"https:\/\/unisig.com\/de\/informationen-ressourcen\/tiefbohrverfahren\/bta-bohren\/\">Finden BTA Tiefbohrmaschinen &gt;<\/a><\/p>\n<p><a href=\"https:\/\/unisig.com\/de\/produktetechnologie\/werkzeuge\/bta-werkzeugzubehoer\/\">Finden BTA Werkzeugzubeh\u00f6r &gt;<\/a>[\/vc_column_text][\/vc_column][\/vc_row][vc_row][vc_column][vc_cta h2=&#8221;Informationen anfordern&#8221; h2_font_container=&#8221;color:%23005288&#8243; h2_google_fonts=&#8221;font_family:Open%20Sans%3A300%2C300italic%2Cregular%2Citalic%2C600%2C600italic%2C700%2C700italic%2C800%2C800italic|font_style:400%20regular%3A400%3Anormal&#8221; shape=&#8221;square&#8221; style=&#8221;custom&#8221; add_button=&#8221;bottom&#8221; btn_title=&#8221;Meine Anwendung senden&#8221; btn_shape=&#8221;square&#8221; use_custom_fonts_h2=&#8221;true&#8221; btn_add_icon=&#8221;true&#8221; custom_background=&#8221;#e3e3e3&#8243; custom_text=&#8221;#151515&#8243; css=&#8221;.vc_custom_1599469867946{border-top-width: 0px !important;border-right-width: 0px !important;border-bottom-width: 0px !important;border-left-width: 0px !important;}&#8221; btn_link=&#8221;url:%2F%3Fpage_id%3D6519|||&#8221;]Fordern Sie Informationen \u00fcber BTA-Werkzeuge an, oder \u00fcbermitteln Sie Ihre Anwendung zur \u00dcberpr\u00fcfung.[\/vc_cta][\/vc_column][\/vc_row]<\/p>\n<\/div>","protected":false},"excerpt":{"rendered":"<p>[vc_row][vc_column][vc_column_text] BTA-Werkzeuge [\/vc_column_text][vc_column_text]BTA-Tiefbohrwerkzeuge werden f\u00fcr Bohrdurchmesser von 12 mm [0,47 in] Durchmesser und gr\u00f6\u00dfer eingesetzt. Diese BTA-Werkzeuge werden von weltweit f\u00fchrenden Schneidwerkzeugherstellern bereitgestellt und in UNISIG-Tiefbohrmaschinen integriert, um die Leistungs- und Produktionsziele der Kunden zu erreichen. Komplexe Projekte werden mit reduziertem Risiko zuverl\u00e4ssig abgewickelt. UNISIG arbeitet mit allen gro\u00dfen Herstellern von Tiefbohrwerkzeugen zusammen, um optimale<a href=\"https:\/\/unisig.com\/de\/bta-werkzeuge\/\" class=\"more-link\">Read More<\/a><\/p>\n","protected":false},"author":3,"featured_media":0,"parent":0,"menu_order":0,"comment_status":"closed","ping_status":"closed","template":"page-templates\/template-2.php","meta":{"_acf_changed":false,"footnotes":""},"folder":[],"class_list":["post-6403","page","type-page","status-publish","hentry"],"acf":[],"_links":{"self":[{"href":"https:\/\/unisig.com\/de\/wp-json\/wp\/v2\/pages\/6403","targetHints":{"allow":["GET"]}}],"collection":[{"href":"https:\/\/unisig.com\/de\/wp-json\/wp\/v2\/pages"}],"about":[{"href":"https:\/\/unisig.com\/de\/wp-json\/wp\/v2\/types\/page"}],"author":[{"embeddable":true,"href":"https:\/\/unisig.com\/de\/wp-json\/wp\/v2\/users\/3"}],"replies":[{"embeddable":true,"href":"https:\/\/unisig.com\/de\/wp-json\/wp\/v2\/comments?post=6403"}],"version-history":[{"count":0,"href":"https:\/\/unisig.com\/de\/wp-json\/wp\/v2\/pages\/6403\/revisions"}],"wp:attachment":[{"href":"https:\/\/unisig.com\/de\/wp-json\/wp\/v2\/media?parent=6403"}],"wp:term":[{"taxonomy":"folder","embeddable":true,"href":"https:\/\/unisig.com\/de\/wp-json\/wp\/v2\/folder?post=6403"}],"curies":[{"name":"wp","href":"https:\/\/api.w.org\/{rel}","templated":true}]}}