{"id":6405,"date":"2020-06-15T10:42:44","date_gmt":"2020-06-15T15:42:44","guid":{"rendered":"https:\/\/stagingxx.unisig.com\/gundrill-werkzeuge\/"},"modified":"2023-07-25T02:24:19","modified_gmt":"2023-07-25T07:24:19","slug":"einlippenbohrwerkzeuge","status":"publish","type":"page","link":"https:\/\/unisig.com\/de\/produktetechnologie\/werkzeuge\/elb-werkzeuge\/","title":{"rendered":"Einlippenbohr-Werkzeuge"},"content":{"rendered":"<div class=\"wpb-content-wrapper\"><p>[vc_row][vc_column]<div class=\"avt_masterslider_el \" >\n\t\t<!-- MasterSlider -->\n\t\t<div id=\"P_MS69de48cd2eb84\" class=\"master-slider-parent ms-parent-id-23\" style=\"max-width:1000px;\" >\n\n\t\t\t\n\t\t\t<!-- MasterSlider Main -->\n\t\t\t<div id=\"MS69de48cd2eb84\" class=\"master-slider ms-skin-black-2 round-skin\" >\n\t\t\t\t \t\t\t\t \n\n\t\t\t<div  class=\"ms-slide\" data-delay=\"3\" data-fill-mode=\"fill\"   >\n\t\t\t\t\t<img decoding=\"async\" src=\"https:\/\/unisig.com\/wp-content\/plugins\/masterslider\/public\/assets\/css\/blank.gif\" alt=\"\" title=\"gundrill-tooling-rack\" data-src=\"https:\/\/unisig.com\/wp-content\/smush-webp\/2016\/10\/gundrill-tooling-rack.jpg.webp\" \/>\n\n\n\t\t\t\t<\/div>\n\t\t\t<div  class=\"ms-slide\" data-delay=\"3\" data-fill-mode=\"fill\"   >\n\t\t\t\t\t<img decoding=\"async\" src=\"https:\/\/unisig.com\/wp-content\/plugins\/masterslider\/public\/assets\/css\/blank.gif\" alt=\"\" title=\"gundrilling-tooling-detail\" data-src=\"https:\/\/unisig.com\/wp-content\/smush-webp\/2016\/06\/gundrilling-tooling-detail.jpg.webp\" \/>\n\n\n\t\t\t\t<\/div>\n\t\t\t<div  class=\"ms-slide\" data-delay=\"3\" data-fill-mode=\"fill\"   >\n\t\t\t\t\t<img decoding=\"async\" src=\"https:\/\/unisig.com\/wp-content\/plugins\/masterslider\/public\/assets\/css\/blank.gif\" alt=\"\" title=\"gundrilling-machine-detail-UNISIG\" data-src=\"https:\/\/unisig.com\/wp-content\/uploads\/2016\/07\/gundrilling-machine-detail-UNISIG-1000x600.jpg\" \/>\n\n\n\t\t\t\t<\/div>\n\t\t\t<div  class=\"ms-slide\" data-delay=\"3\" data-fill-mode=\"fill\"   >\n\t\t\t\t\t<img decoding=\"async\" src=\"https:\/\/unisig.com\/wp-content\/plugins\/masterslider\/public\/assets\/css\/blank.gif\" alt=\"\" title=\"gun-drilling-tools-indexable\" data-src=\"https:\/\/unisig.com\/wp-content\/smush-webp\/2016\/10\/gun-drilling-tools-indexable.jpg.webp\" \/>\n\n\n\t\t\t\t<\/div>\n\t\t\t<div  class=\"ms-slide\" data-delay=\"3\" data-fill-mode=\"fill\"   >\n\t\t\t\t\t<img decoding=\"async\" src=\"https:\/\/unisig.com\/wp-content\/plugins\/masterslider\/public\/assets\/css\/blank.gif\" alt=\"\" title=\"what-is-a-gun-drilling-tool\" data-src=\"https:\/\/unisig.com\/wp-content\/smush-webp\/2016\/06\/what-is-a-gun-drilling-tool.jpg.webp\" \/>\n\n\n\t\t\t\t<\/div>\n\t\t\t<div  class=\"ms-slide\" data-delay=\"3\" data-fill-mode=\"fill\"   >\n\t\t\t\t\t<img decoding=\"async\" src=\"https:\/\/unisig.com\/wp-content\/plugins\/masterslider\/public\/assets\/css\/blank.gif\" alt=\"\" title=\"gun-drilling-tools\" data-src=\"https:\/\/unisig.com\/wp-content\/smush-webp\/2016\/10\/gun-drilling-tools.jpg.webp\" \/>\n\n\n\t\t\t\t<\/div>\n\n\t\t\t<\/div>\n\t\t\t<!-- END MasterSlider Main -->\n\n\t\t\t \n\t\t<\/div>\n\t\t<!-- END MasterSlider -->\n\n\t\t<script>\n\t\t( window.MSReady = window.MSReady || [] ).push( function( $ ) {\n\n\t\t\t\"use strict\";\n\t\t\tvar masterslider_eb84 = new MasterSlider();\n\n\t\t\t\/\/ slider controls\n\t\t\tmasterslider_eb84.control('arrows'     ,{ autohide:true, overVideo:true  });\n\t\t\t\/\/ slider setup\n\t\t\tmasterslider_eb84.setup(\"MS69de48cd2eb84\", {\n\t\t\t\twidth           : 1000,\n\t\t\t\theight          : 600,\n\t\t\t\tminHeight       : 0,\n\t\t\t\tspace           : 0,\n\t\t\t\tstart           : 1,\n\t\t\t\tgrabCursor      : true,\n\t\t\t\tswipe           : true,\n\t\t\t\tmouse           : true,\n\t\t\t\tkeyboard        : false,\n\t\t\t\tlayout          : \"boxed\",\n\t\t\t\twheel           : false,\n\t\t\t\tautoplay        : true,\n                instantStartLayers:false,\n\t\t\t\tmobileBGVideo:false,\n\t\t\t\tloop            : true,\n\t\t\t\tshuffle         : false,\n\t\t\t\tpreload         : 0,\n\t\t\t\theightLimit     : true,\n\t\t\t\tautoHeight      : false,\n\t\t\t\tsmoothHeight    : true,\n\t\t\t\tendPause        : false,\n\t\t\t\toverPause       : true,\n\t\t\t\tfillMode        : \"fill\",\n\t\t\t\tcenterControls  : true,\n\t\t\t\tstartOnAppear   : false,\n\t\t\t\tlayersMode      : \"center\",\n\t\t\t\tautofillTarget  : \"\",\n\t\t\t\thideLayers      : false,\n\t\t\t\tfullscreenMargin: 0,\n\t\t\t\tspeed           : 20,\n\t\t\t\tdir             : \"h\",\n\t\t\t\tresponsive      : true,\n\t\t\t\ttabletWidth     : 768,\n\t\t\t\ttabletHeight    : null,\n\t\t\t\tphoneWidth      : 480,\n\t\t\t\tphoneHeight    : null,\n\t\t\t\tsizingReference : window,\n\t\t\t\tparallaxMode    : 'swipe',\n\t\t\t\tview            : \"basic\"\n\t\t\t});\n\n\t\t\t\n\t\t\twindow.masterslider_instances = window.masterslider_instances || [];\n\t\t\twindow.masterslider_instances.push( masterslider_eb84 );\n\t\t});\n\t\t<\/script>\n\n<\/div>[vc_column_text]<\/p>\n<h1>Einlippenbohrwerkzeuge<\/h1>\n<p>[\/vc_column_text][vc_column_text]<\/p>\n<p>Einlippenbohrer werden f\u00fcr Bohrungen mit einem Durchmesser von 0,5 mm [0,02 in] bis 50 mm [2,00 in] verwendet. ELB-Werkzeuge f\u00fcr den Einsatz in UNISIG-Tiefbohrmaschinen werden von weltweit f\u00fchrenden Schneidwerkzeugherstellern angeboten und auf der Grundlage umfangreicher Erfahrungen mit Werkzeugherstellern und -anwendungen ausgew\u00e4hlt, um die Leistungs- und Produktionsziele der Kunden auch bei anspruchsvollen Anwendungen zu erf\u00fcllen.<\/p>\n<p>UNISIG arbeitet mit allen gro\u00dfen ELB-Werkzeugherstellern zusammen und hat zu jedem dieser Hersteller gute Beziehungen auf technischer Ebene aufgebaut, um unseren Kunden optimale L\u00f6sungen zu bieten. UNISIG liefert Einlippenbohrer f\u00fcr Projekte mit Prozesskooperation, schl\u00fcsselfertige Systeme sowie Bohrservice und Tests in unserem Technologiezentrum. Einlippenbohrwerkzeuge werden ansonsten aufgrund unserer umfangreichen technischen und praktischen Erfahrung sowohl mit ELB-Werkzeugen als auch mit Tiefbohranwendungen empfohlen.<\/p>\n<p>[\/vc_column_text][\/vc_column][\/vc_row][vc_row][vc_column][vc_text_separator title=&#8221;ELB Werkzeuge finden&#8221; title_align=&#8221;separator_align_left&#8221;][vc_column_text]<\/p>\n<h3>Einlippenbohrwerkzeuge<\/h3>\n<p>[\/vc_column_text][vc_column_text]ELB-Werkzeuge sind verschleissende Werkzeugkomponenten, die K\u00fchlmittel durch die Maschinenspindel und die Mitte des Werkzeugs einleiten und Sp\u00e4ne in einer Nut \u00fcber die L\u00e4nge des Werkzeugs abf\u00fchren, um extrem pr\u00e4zise tiefe Bohrungen in Metallwerkst\u00fccken zu erzeugen.<\/p>\n<p>Einlippenbohrer k\u00f6nnen mehrmals auf einer speziellen\u00a0<a href=\"https:\/\/unisig.com\/de\/produktetechnologie\/maschinenzubehoer\/elb-schleifmaschine\/\">ELB-Werkzeugschleifmaschine <\/a>oder CNC-Schleifmaschine nachgeschliffen werden. Zus\u00e4tzlich k\u00f6nnen spezielle Formen in ELB-Werkzeugspitzen f\u00fcr Formwerkzeugoperationen eingeschliffen werden.<\/p>\n<p><a href=\"https:\/\/unisig.com\/de\/informationen-ressourcen-4\/was-ist-tiefbohren\/\">Hier erfahren SIe mehr \u00fcber den Einlippenbohrproze\u00df.<\/a><\/p>\n<p>Einlippenbohrer sind erh\u00e4ltlich in den Ausf\u00fchrungen Vollhartmetall, Gel\u00f6tet und mit Einsatzschneiden.[\/vc_column_text][\/vc_column][\/vc_row][vc_row][vc_column width=&#8221;1\/4&#8243;][vc_single_image image=&#8221;3936&#8243; img_size=&#8221;full&#8221;][\/vc_column][vc_column width=&#8221;3\/4&#8243;][vc_column_text]<\/p>\n<p><strong>Vollhartmetall-Einlippenbohrer<\/strong><\/p>\n<p>[\/vc_column_text][vc_column_text]<\/p>\n<p>Die Vollhartmetall-Einlippenbohrer verf\u00fcgen \u00fcber eine Spitze und Werkzeugschaft die aus einem einteiligen Hartmetall gefertigt sind, das auf die Aufnahmeh\u00fclse gel\u00f6tet wird.<\/p>\n<p>Vollhartmetallbohrer sind sehr steif und k\u00f6nnen daher hohen Vorschub und hohe Genauigkeit erzielen. Ihre typische kurze L\u00e4nge erm\u00f6glicht es, nachgeschliffen und nachbeschichtet zu werden mit konventioneller Ausr\u00fcstung, f\u00fcr h\u00f6chste Bohrleistung und gr\u00f6\u00dfte Produktionsvolumen.<\/p>\n<p>Die maximale Gesamtl\u00e4nge von Vollhartmetallwerkzeugen ist begrenzt, und die Grundkosten sind h\u00f6her als die gel\u00f6teter Einlippenbohrer, besonder bei gr\u00f6\u00dferen Durchmessern.<\/p>\n<p>[\/vc_column_text][vc_column_text]0,5 &#8211; 12 mm [0 .02 &#8211; 0.47 in]<\/p>\n<p>F\u00fcr Vollbohren<\/p>\n<p>Internes K\u00fchlmittel[\/vc_column_text][vc_column_text]<a href=\"https:\/\/unisig.com\/de\/kontaktieren-sie-uns-old\/\">Informationen anfordern &gt;<\/a>[\/vc_column_text][\/vc_column][\/vc_row][vc_row][vc_column][vc_separator][\/vc_column][\/vc_row][vc_row][vc_column width=&#8221;1\/4&#8243;][vc_single_image image=&#8221;3935&#8243; img_size=&#8221;full&#8221;][\/vc_column][vc_column width=&#8221;3\/4&#8243;][vc_column_text]<\/p>\n<p><strong>Gel\u00f6te Einlippenbohrer<\/strong><\/p>\n<p>[\/vc_column_text][vc_column_text]<\/p>\n<p>Diese Einlippenbohrer werden aus einer Hartmetallspitze gefertigt, die mit einem Stahlschaft und einer Aufnahmeh\u00fclse verl\u00f6tet werden.<\/p>\n<p>Diese Werkzeuge k\u00f6nnen in nahezu jeder gew\u00fcnschten L\u00e4nge hergestellt werden und sind sehr \u00f6konomisch. Die gel\u00f6teten Einlippenbohrer sind aufgrund ihrer Vielseitigkeit, den verh\u00e4ltnism\u00e4\u00dfig niedrigen Kosten und kurzer Beschaffungszeit in der Fertigung sehr verbreitet.<\/p>\n<p>Die gel\u00f6teten ELB-Werkzeuge sind weniger starr als die Vollhartmetallwerkzeuge und haben geringere Vorschubraten und leicht verminderte Genauigkeit in sehr kleineren Gr\u00f6\u00dfen.<\/p>\n<p>[\/vc_column_text][vc_column_text]2 &#8211; 50 mm [0 .08 &#8211; 2.00 in]<\/p>\n<p>F\u00fcr Vollbohren<\/p>\n<p>Internes K\u00fchlmittel[\/vc_column_text][vc_column_text]<a href=\"https:\/\/unisig.com\/de\/kontaktieren-sie-uns-old\/\">Informationen anfordern &gt;<\/a>[\/vc_column_text][\/vc_column][\/vc_row][vc_row][vc_column][vc_separator][\/vc_column][\/vc_row][vc_row][vc_column width=&#8221;1\/4&#8243;][vc_single_image image=&#8221;3934&#8243; img_size=&#8221;full&#8221;][\/vc_column][vc_column width=&#8221;3\/4&#8243;][vc_column_text]<\/p>\n<p><strong>Einlippenbohrer mit Wendeschneidplatten<\/strong><\/p>\n<p>[\/vc_column_text][vc_column_text]<\/p>\n<p>Einlippenbohrer mit Wendeschneidplatten verf\u00fcgen \u00fcber einen maschinell bearbeiteten Stahlschaft und Aufnahmeh\u00fclse mit austauschbaren Einsatzschneiden und F\u00fchrungsleisten.<\/p>\n<p>Diese Werkzeuge erlauben sehr hohe Vorsch\u00fcbe und bieten einen schnellen und \u00f6konomischen Weg die Einsatzschneiden und F\u00fchrungsleisten direkt auf der Maschine zu wechseln, ohne die Werkzeuge f\u00fcr ein Nachschleifen entnehmen zu m\u00fcssen.<\/p>\n<p>Der Bohrungsdurchmesser ist in der Regel etwas weniger pr\u00e4zise als bei einem Vollhartmetall- oder gel\u00f6teten Einlippenbohrer, bei denen der Hartmetallkopf auf den gew\u00fcnschten Durchmesser geschliffen wird, anstatt auf maschinell gefertigte Aufnahmesitze f\u00fcr die Einsatzschneiden, mit gr\u00f6\u00dferen Toleranzen, zu setzen. Die Anfangsinvestition f\u00fcr die Wendeplattenwerkzeuge ist h\u00f6her als bei vergleichbaren gel\u00f6teten Werkzeugen, so dass Sie generell eher f\u00fcr Anwendungen mit h\u00f6heren Produktionsvolumen eingesetzt werden.<\/p>\n<p>[\/vc_column_text][vc_column_text]13,5 &#8211; 50 mm [0 .53 &#8211; 2.00 in]<\/p>\n<p>F\u00fcr Vollbohren<\/p>\n<p>Internes K\u00fchlmittel[\/vc_column_text][vc_column_text]<a href=\"https:\/\/unisig.com\/de\/kontaktieren-sie-uns-old\/\">Informationen anfordern &gt;<\/a>[\/vc_column_text][\/vc_column][\/vc_row][vc_row][vc_column][vc_separator][vc_column_text]Einlippenbohrer arbeiten als Teil eines Systems von Tiefbohrmaschinen und Werkzeugzubeh\u00f6r.<\/p>\n<p><a href=\"https:\/\/unisig.com\/de\/informationen-ressourcen\/tiefbohrverfahren\/einlippenbohren\/\">Finden Sie ELB-Maschinen &gt;<\/a><\/p>\n<p><a href=\"https:\/\/unisig.com\/de\/produktetechnologie\/werkzeuge\/elb-werkzeugbzubehoer\/\">Finden Sie ELB-Werkzeugzubeh\u00f6r &gt;<\/a>[\/vc_column_text][\/vc_column][\/vc_row][vc_row][vc_column][vc_cta h2=&#8221;Informationen anfordern&#8221; h2_font_container=&#8221;color:%23005288&#8243; h2_google_fonts=&#8221;font_family:Open%20Sans%3A300%2C300italic%2Cregular%2Citalic%2C600%2C600italic%2C700%2C700italic%2C800%2C800italic|font_style:400%20regular%3A400%3Anormal&#8221; shape=&#8221;square&#8221; style=&#8221;custom&#8221; add_button=&#8221;bottom&#8221; btn_title=&#8221;Meine Anwendung anfragen&#8221; btn_shape=&#8221;square&#8221; use_custom_fonts_h2=&#8221;true&#8221; btn_add_icon=&#8221;true&#8221; custom_background=&#8221;#e3e3e3&#8243; custom_text=&#8221;#151515&#8243; css=&#8221;.vc_custom_1600095332736{border-top-width: 0px !important;border-right-width: 0px !important;border-bottom-width: 0px !important;border-left-width: 0px !important;}&#8221; btn_link=&#8221;url:%2F%3Fpage_id%3D6519|||&#8221;]Fordern Sie Informationen \u00fcber ELB-Werkzeuge an, oder senden Sie uns Ihre Anwendung zur \u00dcberpr\u00fcfung ein.[\/vc_cta][\/vc_column][\/vc_row]<\/p>\n<\/div>","protected":false},"excerpt":{"rendered":"<p>[vc_row][vc_column][vc_column_text] Einlippenbohrwerkzeuge [\/vc_column_text][vc_column_text] Einlippenbohrer werden f\u00fcr Bohrungen mit einem Durchmesser von 0,5 mm [0,02 in] bis 50 mm [2,00 in] verwendet. ELB-Werkzeuge f\u00fcr den Einsatz in UNISIG-Tiefbohrmaschinen werden von weltweit f\u00fchrenden Schneidwerkzeugherstellern angeboten und auf der Grundlage umfangreicher Erfahrungen mit Werkzeugherstellern und -anwendungen ausgew\u00e4hlt, um die Leistungs- und Produktionsziele der Kunden auch bei anspruchsvollen Anwendungen<a href=\"https:\/\/unisig.com\/de\/produktetechnologie\/werkzeuge\/elb-werkzeuge\/\" class=\"more-link\">Read More<\/a><\/p>\n","protected":false},"author":3,"featured_media":0,"parent":0,"menu_order":0,"comment_status":"closed","ping_status":"closed","template":"page-templates\/template-2.php","meta":{"_acf_changed":false,"footnotes":""},"folder":[],"class_list":["post-6405","page","type-page","status-publish","hentry"],"acf":[],"_links":{"self":[{"href":"https:\/\/unisig.com\/de\/wp-json\/wp\/v2\/pages\/6405","targetHints":{"allow":["GET"]}}],"collection":[{"href":"https:\/\/unisig.com\/de\/wp-json\/wp\/v2\/pages"}],"about":[{"href":"https:\/\/unisig.com\/de\/wp-json\/wp\/v2\/types\/page"}],"author":[{"embeddable":true,"href":"https:\/\/unisig.com\/de\/wp-json\/wp\/v2\/users\/3"}],"replies":[{"embeddable":true,"href":"https:\/\/unisig.com\/de\/wp-json\/wp\/v2\/comments?post=6405"}],"version-history":[{"count":0,"href":"https:\/\/unisig.com\/de\/wp-json\/wp\/v2\/pages\/6405\/revisions"}],"wp:attachment":[{"href":"https:\/\/unisig.com\/de\/wp-json\/wp\/v2\/media?parent=6405"}],"wp:term":[{"taxonomy":"folder","embeddable":true,"href":"https:\/\/unisig.com\/de\/wp-json\/wp\/v2\/folder?post=6405"}],"curies":[{"name":"wp","href":"https:\/\/api.w.org\/{rel}","templated":true}]}}