{"id":6424,"date":"2020-06-15T10:43:06","date_gmt":"2020-06-15T15:43:06","guid":{"rendered":"https:\/\/stagingxx.unisig.com\/glossar-der-tiefbohrungen\/"},"modified":"2024-06-11T02:26:46","modified_gmt":"2024-06-11T07:26:46","slug":"glossar-der-tiefbohrbegriffe-2","status":"publish","type":"page","link":"https:\/\/unisig.com\/de\/informationen-ressourcen\/was-ist-tiefbohren\/glossar-der-tiefbohrbegriffe\/","title":{"rendered":"Glossar der Tiefbohrbegriffe"},"content":{"rendered":"<div class=\"wpb-content-wrapper\"><p>[vc_row][vc_column][vc_single_image image=&#8221;4579&#8243; img_size=&#8221;full&#8221;][vc_column_text]<\/p>\n<h1>Glossar der Tiefbohrbegriffe<\/h1>\n<p>[\/vc_column_text][vc_column_text]Tiefbohren ist ein spanabhebender Prozess, der mit Pr\u00e4zisionswerkzeugen durchgef\u00fchrt wird. Viele Standardbegriffe, die in der Fertigungstechnologie verwendet werden gelten, jedoch gibt es einige spezielle Begriffe und Akronyme, die nur f\u00fcr Tiefbohrungen gelten, die nicht sofort ohne Erkl\u00e4rung verstanden werden k\u00f6nnen. Im Folgenden finden Sie ein kurzes Glossar der Begriffe, die bei der Arbeit mit Tiefbohranwendungen n\u00fctzlich sind.[\/vc_column_text][vc_empty_space][\/vc_column][\/vc_row][vc_row el_id=&#8221;aufbohren&#8221; el_class=&#8221;anchor&#8221;][vc_column][vc_separator][vc_column_text]<strong>Aufbohrwerkzeug<\/strong>[\/vc_column_text][vc_column_text]Ein Werkzeug, das verwendet wird, um vorhandene Bohrungen zu vergr\u00f6\u00dfern, indem Material f\u00fcr einen gr\u00f6\u00dferen Innendurchmesser abgetragen wird, das auf einer BTA-Tiefbohrmaschine verwendet wird.[\/vc_column_text][\/vc_column][\/vc_row][vc_row el_id=&#8221;auskammern&#8221; el_class=&#8221;anchor&#8221;][vc_column][vc_separator][vc_column_text]<strong>Auskammerwerkzeug<\/strong>[\/vc_column_text][vc_column_text]Ein Werkzeug, das eingesetzt wird, um ein internes Profil innerhalb der L\u00e4nge einer Bohrung zu bearbeiten, mit einem Schneideinsatz, der auf einer mit CNC-Steuerung ausger\u00fcsteten BTA-Tiefbohrmaschine aus- oder eingefahren wird.[\/vc_column_text][\/vc_column][\/vc_row][vc_row el_id=&#8221;bodenformung&#8221; el_class=&#8221;anchor&#8221;][vc_column][vc_separator][vc_column_text]<strong>Boden-Formwerkzeug<\/strong>[\/vc_column_text][vc_column_text]Ein Werkzeug, das verwendet wird, um ein Profil in den Boden einer Sacklochbohrung einzubringen, oft in Formen wie Radien, Stufen und flachen B\u00f6den. Eingesetzt auf einer BTA-Tiefbohrmaschine.[\/vc_column_text][\/vc_column][\/vc_row][vc_row el_id=&#8221;boza&#8221; el_class=&#8221;anchor&#8221;][vc_column][vc_separator][vc_column_text]<strong>BOZA (BOhr\u00f6l-Zuf\u00fchr-Apparat)<\/strong><strong><br \/>\n<\/strong>[\/vc_column_text][vc_column_text]Eine Baugruppe, das auf einer BTA-Maschine montiert ist, um das K\u00fchl\/Schneidmittel zum Bohrprozess zuzuf\u00fchren und um die Bohrbuchse genau am Anfang der Bohrung zu lokalisieren, w\u00e4hrend eine Dichtung um das Bohrrohr bereitgestellt wird. Rotierende BOZAs dienen als Reitstock zur Unterst\u00fctzung eines zylindrischen Werkst\u00fccks und verf\u00fcgen \u00fcber Pr\u00e4zisionslager und Dichtungen, die das unter Druck stehende Schneidmittel abdichten.[\/vc_column_text][\/vc_column][\/vc_row][vc_row el_id=&#8221;bta&#8221; el_class=&#8221;anchor&#8221;][vc_column][vc_separator][vc_column_text]<strong>BTA (Boring and Trepanning Association)<\/strong>[\/vc_column_text][vc_column_text]Der Begriff bezieht sich auf Tiefbohrwerkzeuge, bei denen Schneidfl\u00fcssigkeit um die Au\u00dfenseite des Bohrwerkzeugs eingef\u00fchrt wird und Sp\u00e4ne durch die Mitte des Werkzeugs abgeleitet werden. Diese Werkzeuge sind normalerweise gr\u00f6\u00dfer als ELB-Werkzeuge. <a href=\"https:\/\/unisig.com\/de\/informationen-ressourcen\/was-ist-tiefbohren\/bta-bohren\/\">Mehr \u00fcber BTA-Bohren<\/a>[\/vc_column_text][\/vc_column][\/vc_row][vc_row el_id=&#8221;rotaryunion&#8221; el_class=&#8221;anchor&#8221;][vc_column][vc_separator][vc_column_text]<strong>Drehdurchf\u00fchrung<\/strong>[\/vc_column_text][vc_column_text]Ein Ger\u00e4t, das an der R\u00fcckseite einer Eilippenbohrspindel montiert ist und zum Einf\u00fchren von K\u00fchl-\/Schneidmittel aus einer nichtrotierenden Zuleitung in die rotierende Bohrspindel und das rotierende Bohrwerkzeug dient.[\/vc_column_text][\/vc_column][\/vc_row][vc_row el_id=&#8221;gundrill&#8221; el_class=&#8221;anchor&#8221;][vc_column][vc_separator][vc_column_text]<strong>Einlippenbohrer<\/strong>[\/vc_column_text][vc_column_text]Ein Begriff f\u00fcr das Tiefbohrwerkzeug, das eine einzige effektive Schneidkante verwendet, Einlippenbohrer erzeugen tiefe Bohrungen mit hoher Pr\u00e4zision und Produktivit\u00e4t. ELB-Bohrer wurden urspr\u00fcnglich f\u00fcr die Herstellung von Gewehrl\u00e4ufen entwickelt, werden heute aber in allen Branchen eingesetzt. Diese Werkzeuge sind in der Regel f\u00fcr kleinere Durchmesser geeignet als BTA-Werkzeuge. <a href=\"https:\/\/unisig.com\/de\/informationen-ressourcen\/was-ist-tiefbohren\/elb-bohren\/\">Mehr zum ELB-Bohren.<\/a>[\/vc_column_text][\/vc_column][\/vc_row][vc_row el_id=&#8221;sts&#8221; el_class=&#8221;anchor&#8221;][vc_column][vc_separator][vc_column_text]<strong>Einrohrsystem \/ Single Tube System (STS)<\/strong>[\/vc_column_text][vc_column_text]Ein alternativer Begriff f\u00fcr das <a href=\"#bta\">BTA-System,<\/a> das fr\u00fcher vom Werkzeughersteller Sandvik verwendet wurde.[\/vc_column_text][\/vc_column][\/vc_row][vc_row el_id=&#8221;ejector&#8221; el_class=&#8221;anchor&#8221;][vc_column][vc_separator][vc_column_text]<strong>Ejektorbohr<\/strong><strong>en<\/strong>[\/vc_column_text][vc_column_text]Ein Begriff, der sich auf das Zweirohrsystem bezieht, das zuvor vom Werkzeughersteller Sandvik verwendet wurde.[\/vc_column_text][\/vc_column][\/vc_row][vc_row el_id=&#8221;facet&#8221; el_class=&#8221;anchor&#8221;][vc_column][vc_separator][vc_column_text]<strong>Facettenschliff &#8211; Einlippenbohren<\/strong>[\/vc_column_text][vc_column_text]Eine ELB-Spitzengeometrie, bei der unterschiedliche geometrische Merkmale angeschliffen werden, um die Schneidkante, den Sp\u00e4nefreischnitt und das K\u00fchlmittelablauf zu erzeugen. Diese Eigenschaften (Facetten) werden je nach Bedarf f\u00fcr verschiedene Materialien und Anwendungen angepasst und k\u00f6nnen f\u00fcr die Serienproduktion wiederholt werden.[\/vc_column_text][\/vc_column][\/vc_row][vc_row el_id=&#8221;gegenlauf&#8221; el_class=&#8221;anchor&#8221;][vc_column][vc_separator][vc_column_text]<strong>Gegenlauf<\/strong>[\/vc_column_text][vc_column_text]Eine Betriebsart f\u00fcr das Tiefbohren zylindrischer Teile, bei der sich das Werkst\u00fcck in die entgegengesetzte Richtung des Werkzeugs dreht, das ebenfalls rotiert, um die Konzentrizit\u00e4t der Bohrung zu verbessern.[\/vc_column_text][\/vc_column][\/vc_row][vc_row el_id=&#8221;sweep&#8221; el_class=&#8221;anchor&#8221;][vc_column][vc_separator][vc_column_text]<strong>Gleitschliff &#8211; Einlippenbohrer<\/strong>[\/vc_column_text][vc_column_text]Eine Gleitschliff-Spitzengeometire beim Einlippenbohrer, bei der bestimmte geometrische Merkmale vereinigt werden, um Spanfreischnitt und K\u00fchlmittelablauf zu erzeugen. Eine Nockenhalterung wird verwendet, um die Gleitschliffgeometrie zu erzeugen, und die prim\u00e4ren Merkmale werden je nach Bedarf f\u00fcr verschiedene Materialien angepasst.[\/vc_column_text][\/vc_column][\/vc_row][vc_row el_id=&#8221;trepan&#8221; el_class=&#8221;anchor&#8221;][vc_column][vc_separator][vc_column_text]<strong>Kernbohrwerkzeug<\/strong>[\/vc_column_text][vc_column_text]Ein Werkzeug, das verwendet wird, um eine tiefe Bohrung ins Vollmaterial einzubringen, indem ein Ring im material herausgeschnitten wird wobei ein fester Materialkern in der Mitte verbleibt, ausgef\u00fchrt auf f\u00fcr den BTA-Prozess ausger\u00fcsteten Tiefbohrmachinen.[\/vc_column_text][\/vc_column][\/vc_row][vc_row el_id=&#8221;whipadapter&#8221; el_class=&#8221;anchor&#8221;][vc_column][vc_separator][vc_column_text]<strong>L\u00fcnettenadapter<\/strong>[\/vc_column_text][vc_column_text]Eine Baugruppe, die aus einem Geh\u00e4use und Lager besteht, die in die Aufnahmen der L\u00fcnettenschlitten einer Tiefbohrmaschine montiert wird und die eine L\u00fcnettenbuchse im Inneren h\u00e4lt. Der Aufnahmedurchmesser des L\u00fcnettenschlittens ist bei einem Maschinentyp \u00fcblich. Die Gr\u00f6\u00dfe des L\u00fcnettenadapters und der Lagergr\u00f6\u00dfe wird basierend auf der L\u00fcnettenbuchsengr\u00f6\u00dfe ausgew\u00e4hlt, die mit einem bestimmten ELB-Werkzeug kompatibel ist.[\/vc_column_text][\/vc_column][\/vc_row][vc_row el_id=&#8221;snapguide&#8221; el_class=&#8221;anchor&#8221;][vc_column][vc_separator][vc_column_text]<strong>L\u00fcnettenbuchse<\/strong>[\/vc_column_text][vc_column_text]Kunststoffbuchse die im <a href=\"#whipadapter\">L\u00fcnettenadapter<\/a> eingesetzt wird zur Stabilisierung von Einlippenbohrern und kleineren BTA-Bohrrohren, zur Reduzierungen der Vibrationen und f\u00fcr eine verbesserte Bohrungsgenauigkeit.[\/vc_column_text][\/vc_column][\/vc_row][vc_row el_id=&#8221;skiving&#8221; el_class=&#8221;anchor&#8221;][vc_column][vc_separator][vc_column_text]<strong>Sch\u00e4l- und Glattwalzwerkzeug<\/strong>[\/vc_column_text][vc_column_text]Ein Werkzeug, das zwei Arbeitsschritte in einem Durchgang ausf\u00fchrt &#8211; Materialabtrag mit Sch\u00e4lmessern und Kaltumformung mit Glattwalzrollen &#8211; um den Innendurchmesser eines Rohres fertig zu bearbeiten, das typischerweise in der Hydraulikzylinderfertigung eingesetzt wird.[\/vc_column_text][\/vc_column][\/vc_row][vc_row el_id=&#8221;dhm&#8221; el_class=&#8221;anchor&#8221;][vc_column][vc_separator][vc_column_text]<strong>Tiefbohrbearbeitung (DHM)<\/strong>[\/vc_column_text][vc_column_text]Eine Erweiterung des Tiefbohrens, die bearbeitete Merkmale in tiefen Bohrungen erzeugt. <a href=\"#aufbohren\">Aufbohren,<\/a> <a href=\"#bodenformung\">Bodenformen<\/a>\u00a0und <a href=\"#auskammern\">Auskammern<\/a> sind g\u00e4ngige Methoden der Tiefbohrbearbeitung.[\/vc_column_text][\/vc_column][\/vc_row][vc_row el_id=&#8221;dhd&#8221; el_class=&#8221;anchor&#8221;][vc_column][vc_separator][vc_column_text]<strong>Tiefbohren (DHD)<\/strong>[\/vc_column_text][vc_column_text]Ein breiter Begriff, der f\u00fcr Bohrungen mit einem hohen Tiefen-zu-Durchmesser-Verh\u00e4ltnis (D:d) verwendet wird, in der Regel 10:1 oder h\u00f6her. Einlippenbohren und BTA-Bohren sind dabei beides, Varianten und Werkzeugsysteme f\u00fcr das Tiefbohren. <a href=\"https:\/\/unisig.com\/de\/informationen-ressourcen-4\/was-ist-tiefbohren\/\">Mehr \u00fcber Tiefbohren<\/a>[\/vc_column_text][\/vc_column][\/vc_row][vc_row el_id=&#8221;d2d&#8221;][vc_column][vc_separator][vc_column_text]<strong>Verh\u00e4ltnis Tiefe zu Durchmesser (D:d)<\/strong>[\/vc_column_text][vc_column_text]Ein mathematisches Verh\u00e4ltnis einer Bohrungstiefe (D) relativ zum Bohrungsdurchmesser (d). Dieses Verh\u00e4ltnis bestimmt, welche Bohrungen als Tiefbohrungen gelten, in der Regel 10:1 und gr\u00f6\u00dfer.[\/vc_column_text][\/vc_column][\/vc_row][vc_row el_id=&#8221;pullboring&#8221;][vc_column][vc_separator][vc_column_text]<strong>Zieh-Aufbohrwerkzeug<\/strong>[\/vc_column_text][vc_column_text]Ein Werkzeug, das verwendet wird, um vorhandene Bohrungen mit au\u00dfergew\u00f6hnlicher Geradheit zu vergr\u00f6\u00dfern, indem es durch die Austritts\u00f6ffnung des vorhergehende Vollbohrung mit einem unter Zug stehenden Bohrwerkzeug und Bohrrohr zum Ausgangspunkt zur\u00fcckgezogen wird. Zieh-Aufbohren ist eine Form des <a href=\"#aufbohren\">Aufbohrens.<\/a>[\/vc_column_text][\/vc_column][\/vc_row][vc_row][vc_column][\/vc_column][\/vc_row]<\/p>\n<\/div>","protected":false},"excerpt":{"rendered":"<p>[vc_row][vc_column][vc_single_image image=&#8221;4579&#8243; img_size=&#8221;full&#8221;][vc_column_text] Glossar der Tiefbohrbegriffe [\/vc_column_text][vc_column_text]Tiefbohren ist ein spanabhebender Prozess, der mit Pr\u00e4zisionswerkzeugen durchgef\u00fchrt wird. Viele Standardbegriffe, die in der Fertigungstechnologie verwendet werden gelten, jedoch gibt es einige spezielle Begriffe und Akronyme, die nur f\u00fcr Tiefbohrungen gelten, die nicht sofort ohne Erkl\u00e4rung verstanden werden k\u00f6nnen. Im Folgenden finden Sie ein kurzes Glossar der Begriffe,<a href=\"https:\/\/unisig.com\/de\/informationen-ressourcen\/was-ist-tiefbohren\/glossar-der-tiefbohrbegriffe\/\" class=\"more-link\">Read More<\/a><\/p>\n","protected":false},"author":3,"featured_media":0,"parent":6554,"menu_order":0,"comment_status":"closed","ping_status":"closed","template":"page-templates\/template-2.php","meta":{"_acf_changed":false,"footnotes":""},"folder":[],"class_list":["post-6424","page","type-page","status-publish","hentry"],"acf":[],"_links":{"self":[{"href":"https:\/\/unisig.com\/de\/wp-json\/wp\/v2\/pages\/6424","targetHints":{"allow":["GET"]}}],"collection":[{"href":"https:\/\/unisig.com\/de\/wp-json\/wp\/v2\/pages"}],"about":[{"href":"https:\/\/unisig.com\/de\/wp-json\/wp\/v2\/types\/page"}],"author":[{"embeddable":true,"href":"https:\/\/unisig.com\/de\/wp-json\/wp\/v2\/users\/3"}],"replies":[{"embeddable":true,"href":"https:\/\/unisig.com\/de\/wp-json\/wp\/v2\/comments?post=6424"}],"version-history":[{"count":0,"href":"https:\/\/unisig.com\/de\/wp-json\/wp\/v2\/pages\/6424\/revisions"}],"up":[{"embeddable":true,"href":"https:\/\/unisig.com\/de\/wp-json\/wp\/v2\/pages\/6554"}],"wp:attachment":[{"href":"https:\/\/unisig.com\/de\/wp-json\/wp\/v2\/media?parent=6424"}],"wp:term":[{"taxonomy":"folder","embeddable":true,"href":"https:\/\/unisig.com\/de\/wp-json\/wp\/v2\/folder?post=6424"}],"curies":[{"name":"wp","href":"https:\/\/api.w.org\/{rel}","templated":true}]}}