{"id":6425,"date":"2020-06-15T10:43:06","date_gmt":"2020-06-15T15:43:06","guid":{"rendered":"https:\/\/stagingxx.unisig.com\/bta-maschinen-der-b-serie-800mm-schaukel\/"},"modified":"2025-01-13T13:30:01","modified_gmt":"2025-01-13T19:30:01","slug":"bta-maschinen-unter-800mm-umlauf-2","status":"publish","type":"page","link":"https:\/\/unisig.com\/de\/alle-maschinen\/b-serie-bis-800mm\/","title":{"rendered":"BTA-Maschinen der B-Serie unter 800 mm Umlauf"},"content":{"rendered":"<div class=\"wpb-content-wrapper\"><p>[vc_row][vc_column]<div class=\"avt_masterslider_el \" >\n\t\t<!-- MasterSlider -->\n\t\t<div id=\"P_MS69d8c2bc78a2c\" class=\"master-slider-parent ms-parent-id-9\" style=\"max-width:1000px;\" >\n\n\t\t\t\n\t\t\t<!-- MasterSlider Main -->\n\t\t\t<div id=\"MS69d8c2bc78a2c\" class=\"master-slider ms-skin-black-2 round-skin\" >\n\t\t\t\t \t\t\t\t \n\n\t\t\t<div  class=\"ms-slide\" data-delay=\"3\" data-fill-mode=\"fill\"   >\n\t\t\t\t\t<img decoding=\"async\" src=\"https:\/\/unisig.com\/wp-content\/plugins\/masterslider\/public\/assets\/css\/blank.gif\" alt=\"\" title=\"B380-1.5M_angle_1000x600\" data-src=\"https:\/\/unisig.com\/wp-content\/smush-webp\/2025\/06\/B380-1.5M_angle_1000x600.jpg.webp\" \/>\n\n\n\t\t\t\t<\/div>\n\t\t\t<div  class=\"ms-slide\" data-delay=\"3\" data-fill-mode=\"fill\"   >\n\t\t\t\t\t<img decoding=\"async\" src=\"https:\/\/unisig.com\/wp-content\/plugins\/masterslider\/public\/assets\/css\/blank.gif\" alt=\"\" title=\"B500-4_Right_center_door_open\" data-src=\"https:\/\/unisig.com\/wp-content\/uploads\/2025\/06\/B500-4_Right_center_door_open-scaled-1000x600.jpg\" \/>\n\n\n\t\t\t\t<\/div>\n\t\t\t<div  class=\"ms-slide\" data-delay=\"3\" data-fill-mode=\"fill\"   >\n\t\t\t\t\t<img decoding=\"async\" src=\"https:\/\/unisig.com\/wp-content\/plugins\/masterslider\/public\/assets\/css\/blank.gif\" alt=\"\" title=\"B600-3M doors open\" data-src=\"https:\/\/unisig.com\/wp-content\/uploads\/2025\/06\/B600-3M-doors-open-scaled-1000x600.jpg\" \/>\n\n\n\t\t\t\t<\/div>\n\t\t\t<div  class=\"ms-slide\" data-delay=\"3\" data-fill-mode=\"fill\"   >\n\t\t\t\t\t<img decoding=\"async\" src=\"https:\/\/unisig.com\/wp-content\/plugins\/masterslider\/public\/assets\/css\/blank.gif\" alt=\"\" title=\"deep-hole-drilling-machines-bta-b630\" data-src=\"https:\/\/unisig.com\/wp-content\/smush-webp\/2021\/01\/www.bta-operator-at-B700-machine-for-web-1000x600-1.jpg.webp\" \/>\n\n\n\t\t\t\t<\/div>\n\t\t\t<div  class=\"ms-slide\" data-delay=\"3\" data-fill-mode=\"fill\"   >\n\t\t\t\t\t<img decoding=\"async\" src=\"https:\/\/unisig.com\/wp-content\/plugins\/masterslider\/public\/assets\/css\/blank.gif\" alt=\"\" title=\"www.UNISIG B700 with landing gear strut for web 1000x600\" data-src=\"https:\/\/unisig.com\/wp-content\/smush-webp\/2021\/01\/www.UNISIG-B700-with-landing-gear-strut-for-web-1000x600-1.jpg.webp\" \/>\n\n\n\t\t\t\t<\/div>\n\t\t\t<div  class=\"ms-slide\" data-delay=\"3\" data-fill-mode=\"fill\"   >\n\t\t\t\t\t<img decoding=\"async\" src=\"https:\/\/unisig.com\/wp-content\/plugins\/masterslider\/public\/assets\/css\/blank.gif\" alt=\"\" title=\"bta-deep-hole-drilling-machine-detail-b1000\" data-src=\"https:\/\/unisig.com\/wp-content\/smush-webp\/2021\/01\/www.B500-6M-for-web-1000x6001-1.jpg.webp\" \/>\n\n\n\t\t\t\t<\/div>\n\n\t\t\t<\/div>\n\t\t\t<!-- END MasterSlider Main -->\n\n\t\t\t \n\t\t<\/div>\n\t\t<!-- END MasterSlider -->\n\n\t\t<script>\n\t\t( window.MSReady = window.MSReady || [] ).push( function( $ ) {\n\n\t\t\t\"use strict\";\n\t\t\tvar masterslider_8a2c = new MasterSlider();\n\n\t\t\t\/\/ slider controls\n\t\t\tmasterslider_8a2c.control('arrows'     ,{ autohide:true, overVideo:true  });\n\t\t\t\/\/ slider setup\n\t\t\tmasterslider_8a2c.setup(\"MS69d8c2bc78a2c\", {\n\t\t\t\twidth           : 1000,\n\t\t\t\theight          : 600,\n\t\t\t\tminHeight       : 0,\n\t\t\t\tspace           : 0,\n\t\t\t\tstart           : 1,\n\t\t\t\tgrabCursor      : true,\n\t\t\t\tswipe           : true,\n\t\t\t\tmouse           : true,\n\t\t\t\tkeyboard        : false,\n\t\t\t\tlayout          : \"boxed\",\n\t\t\t\twheel           : false,\n\t\t\t\tautoplay        : true,\n                instantStartLayers:false,\n\t\t\t\tmobileBGVideo:false,\n\t\t\t\tloop            : true,\n\t\t\t\tshuffle         : false,\n\t\t\t\tpreload         : 0,\n\t\t\t\theightLimit     : true,\n\t\t\t\tautoHeight      : false,\n\t\t\t\tsmoothHeight    : true,\n\t\t\t\tendPause        : false,\n\t\t\t\toverPause       : true,\n\t\t\t\tfillMode        : \"fill\",\n\t\t\t\tcenterControls  : true,\n\t\t\t\tstartOnAppear   : false,\n\t\t\t\tlayersMode      : \"center\",\n\t\t\t\tautofillTarget  : \"\",\n\t\t\t\thideLayers      : false,\n\t\t\t\tfullscreenMargin: 0,\n\t\t\t\tspeed           : 20,\n\t\t\t\tdir             : \"h\",\n\t\t\t\tresponsive      : true,\n\t\t\t\ttabletWidth     : 768,\n\t\t\t\ttabletHeight    : null,\n\t\t\t\tphoneWidth      : 480,\n\t\t\t\tphoneHeight    : null,\n\t\t\t\tsizingReference : window,\n\t\t\t\tparallaxMode    : 'swipe',\n\t\t\t\tview            : \"basic\"\n\t\t\t});\n\n\t\t\t\n\t\t\twindow.masterslider_instances = window.masterslider_instances || [];\n\t\t\twindow.masterslider_instances.push( masterslider_8a2c );\n\t\t});\n\t\t<\/script>\n\n<\/div>[\/vc_column][\/vc_row][vc_row css=&#8221;.vc_custom_1491237027870{padding-top: 14px !important;}&#8221;][vc_column width=&#8221;3\/4&#8243;][vc_column_text]<\/p>\n<h1>B-Serie BTA-Maschinen unter 800 mm Umlauf<\/h1>\n<p>[\/vc_column_text][\/vc_column][vc_column width=&#8221;1\/4&#8243;][vc_btn title=&#8221;Schnellanfrage&#8221; shape=&#8221;square&#8221; align=&#8221;right&#8221; css=&#8221;&#8221; link=&#8221;url:http%3A%2F%2Funisig.com%2Fpopup%2Fquick-machine-request%2F|title:Quick%20Machine%20Request%20DE&#8221; el_class=&#8221;popmake-7864&#8243;][\/vc_column][\/vc_row][vc_row css=&#8221;.vc_custom_1491237027870{padding-top: 14px !important;}&#8221;][vc_column][vc_column_text]Die Maschinen der B-Serie bearbeiten eine beeindruckende Bandbreite an zentrischen BTA-Bohrungen und sind damit die ideale L\u00f6sung f\u00fcr die Mehrzahl der Tiefbohranwendungen mit BTA-Durchmessern, mit einer kurzen Bauzeit und intuitiver Bedienung. Diese Maschinen sind Teil eines kompletten Tiefbohrsystems und erm\u00f6glichen Herstellern in fast allen Branchen sofortige Produktivit\u00e4t mit leistungsf\u00e4higer Technologie.<\/p>\n<p>Diese Serie verwendet BTA- und verwandte Werkzeuge zur Herstellung von Zentrumsbohrungen an Werkst\u00fccken mit einer Tiefe von bis zu 12 m und erf\u00fcllt die h\u00f6chsten Toleranzstandards, selbst bei anspruchsvollen Anwendungen. Dank der intelligenten Steuerung sind die Bediener in der Lage, Programme schnell und pr\u00e4zise einzugeben und auszuf\u00fchren und die Grenzen des BTA-Tiefbohrens zu erweitern, wobei sie w\u00e4hrend des gesamten Prozesses von UNISIG unterst\u00fctzt und geschult werden.[\/vc_column_text][vc_separator][\/vc_column][\/vc_row][vc_row][vc_column][vc_tta_tabs shape=&#8221;square&#8221; color=&#8221;white&#8221; alignment=&#8221;right&#8221; active_section=&#8221;1&#8243; el_class=&#8221;machine-spec-tables&#8221;][vc_tta_section title=&#8221;Metrisch&#8221; tab_id=&#8221;1469812290825-2638acd8-9418e6d5-cc7c&#8221;][vc_column_text css=&#8221;&#8221;]<\/p>\n<table class=\"rwd-table\">\n<tbody>\n<tr>\n<th>Beschreibung<\/th>\n<th><a href=\"https:\/\/unisig.com\/de\/produkt\/b380\/\">B380<\/a><\/th>\n<th><a href=\"https:\/\/unisig.com\/de\/produkt\/b500\/\">B500<\/a><\/th>\n<th><a href=\"https:\/\/unisig.com\/de\/produkt\/b600\/\">B600<\/a><\/th>\n<th><a href=\"https:\/\/unisig.com\/de\/produkt\/b700\/\">B700<\/a><\/th>\n<\/tr>\n<tr>\n<td data-th=\"DIMENSION\"><strong>Abmessungen<\/strong><\/td>\n<td data-th=\"B380\"><\/td>\n<td data-th=\"B500\"><\/td>\n<td data-th=\"B600\"><\/td>\n<td data-th=\"B700\"><\/td>\n<\/tr>\n<tr>\n<td data-th=\"Swing Over Bed\">Umlaufdurchmesser<\/td>\n<td data-th=\"B380\">380 mm<\/td>\n<td data-th=\"B500\">500 mm<\/td>\n<td data-th=\"B600\">600 mm<\/td>\n<td data-th=\"B700\">700 mm<\/td>\n<\/tr>\n<tr>\n<td data-th=\"Drilling depths- Ballscrew drive\">Bohrtiefen- Kugelgewindetrieb<\/td>\n<td data-th=\"B380\">1,5 m<\/p>\n<p>2 m<\/p>\n<p>3 m<\/p>\n<p>4 m<\/td>\n<td data-th=\"B500\">2 m<\/p>\n<p>3 m<\/p>\n<p>4 m<\/p>\n<p>6 m<\/td>\n<td data-th=\"B600\">2 m<\/p>\n<p>3 m<\/p>\n<p>4 m<\/p>\n<p>6 m<\/td>\n<td data-th=\"B700\">2 m<\/p>\n<p>3 m<\/p>\n<p>4 m<\/p>\n<p>6 m<\/td>\n<\/tr>\n<tr>\n<td data-th=\"Drilling depths - Rack and pinion drive\">Bohrtiefen &#8211; Zahnstangenantrieb<\/td>\n<td data-th=\"B380\">&#8211;<\/td>\n<td data-th=\"B500\">8 m<\/p>\n<p>10 m und l\u00e4nger<\/td>\n<td data-th=\"B600\">8 m<\/p>\n<p>10 m und l\u00e4nger<\/td>\n<td data-th=\"B700\">8 m<\/p>\n<p>10 m und l\u00e4nger<\/td>\n<\/tr>\n<tr>\n<td data-th=\"DIMENSION\"><strong>Leistung<\/strong><\/td>\n<td data-th=\"B380\"><\/td>\n<td data-th=\"B500\"><\/td>\n<td data-th=\"B600\"><\/td>\n<td data-th=\"B700\"><\/td>\n<\/tr>\n<tr>\n<td data-th=\"Max drilling diameter from solid (Nickel Alloy)\">Vollbohrdurchmesser (Legierungen, Nickel)<\/td>\n<td data-th=\"B380\">65 mm<\/td>\n<td data-th=\"B500\">100 mm<\/td>\n<td data-th=\"B600\">125 mm<\/td>\n<td data-th=\"B700\">180 mm<\/td>\n<\/tr>\n<tr>\n<td data-th=\"Max drilling diameter from solid (Carbon Steel)\">Vollbohrdurchmesser (Kohlenstoffstahl, St52)<\/td>\n<td data-th=\"B380\">80 mm<\/td>\n<td data-th=\"B500\">125 mm<\/td>\n<td data-th=\"B600\">150 mm<\/td>\n<td data-th=\"B700\">200 mm<\/td>\n<\/tr>\n<tr>\n<td data-th=\"Maximum tool diameter\">Werkzeugdurchmesser max.<\/td>\n<td data-th=\"B380\">100 mm<\/td>\n<td data-th=\"B500\">160 mm<\/td>\n<td data-th=\"B600\">200 mm<\/td>\n<td data-th=\"B700\">300 mm<\/td>\n<\/tr>\n<tr>\n<td data-th=\"WORKPIECE WEIGHT\"><strong>WERKST\u00dcCKGEWICHT<\/strong><\/td>\n<td data-th=\"B380\"><\/td>\n<td data-th=\"B500\"><\/td>\n<td data-th=\"B600\"><\/td>\n<td data-th=\"B700\"><\/td>\n<\/tr>\n<tr>\n<td data-th=\"Between centers\">Zwischen den Spitzen<\/td>\n<td data-th=\"B380\">1,0 t<\/td>\n<td data-th=\"B500\">3,0 t<\/td>\n<td data-th=\"B600\">3,0 t<\/td>\n<td data-th=\"B700\">4,5 t<\/td>\n<\/tr>\n<tr>\n<td data-th=\"(1) Workpiece steady\">(1) Rollensetzstock<\/td>\n<td data-th=\"B380\">1,5 t<\/td>\n<td data-th=\"B500\">4,0 t<\/td>\n<td data-th=\"B600\">4,0 t<\/td>\n<td data-th=\"B700\">6,8 t<\/td>\n<\/tr>\n<tr>\n<td data-th=\"(2) Workpiece steady\">(2) Rollensetzstock<\/td>\n<td data-th=\"B380\">2,0 t<\/td>\n<td data-th=\"B500\">5,0 t<\/td>\n<td data-th=\"B600\">5,0 t<\/td>\n<td data-th=\"B700\">9,0 t<\/td>\n<\/tr>\n<\/tbody>\n<\/table>\n<p>[\/vc_column_text][\/vc_tta_section][vc_tta_section title=&#8221;Zoll&#8221; tab_id=&#8221;1469812290427-4adebc19-72cde6d5-cc7c&#8221;][vc_column_text css=&#8221;&#8221;]<\/p>\n<table class=\"rwd-table\">\n<tbody>\n<tr>\n<th>Beschreibung<\/th>\n<th><a href=\"https:\/\/unisig.com\/de\/produkt\/b380\/\">B380<\/a><\/th>\n<th><a href=\"https:\/\/unisig.com\/de\/produkt\/b500\/\">B500<\/a><\/th>\n<th><a href=\"https:\/\/unisig.com\/de\/produkt\/b600\/\">B600<\/a><\/th>\n<th><a href=\"https:\/\/unisig.com\/de\/produkt\/b700\/\">B700<\/a><\/th>\n<\/tr>\n<tr>\n<td data-th=\"DIMENSION\"><strong>Abmessungen<\/strong><\/td>\n<td data-th=\"B380\"><\/td>\n<td data-th=\"B500\"><\/td>\n<td data-th=\"B600\"><\/td>\n<td data-th=\"B700\"><\/td>\n<\/tr>\n<tr>\n<td data-th=\"Swing Over Bed\">Umlaufdurchmesser<\/td>\n<td data-th=\"B380\">15.0 in<\/td>\n<td data-th=\"B500\">19,7 in<\/td>\n<td data-th=\"B600\">23,6 in<\/td>\n<td data-th=\"B700\">27,6 in<\/td>\n<\/tr>\n<tr>\n<td data-th=\"BTA Solid Drill\">Bohrtiefen- Kugelgewindetrieb<\/td>\n<td data-th=\"B380\">5 ft<\/p>\n<p>6 ft<\/p>\n<p>10 ft<\/td>\n<td data-th=\"B500\">6 ft<\/p>\n<p>10 ft<\/p>\n<p>13 ft<\/p>\n<p>20 ft<\/td>\n<td data-th=\"B600\">6 ft<\/p>\n<p>10 ft<\/p>\n<p>13 ft<\/p>\n<p>20 ft<\/td>\n<td data-th=\"B700\">6 ft<\/p>\n<p>10 ft<\/p>\n<p>13 ft<\/p>\n<p>20 ft<\/td>\n<\/tr>\n<tr>\n<td data-th=\"Drilling depths - Rack and pinion drive\">Bohrtiefen &#8211; Zahnstangenantrieb<\/td>\n<td data-th=\"B380\">&#8211;<\/td>\n<td data-th=\"B500\">26 ft<\/p>\n<p>32 ft und l\u00e4nger<\/td>\n<td data-th=\"B600\">26 ft<\/p>\n<p>32 ft und l\u00e4nger<\/td>\n<td data-th=\"B700\">26 ft<\/p>\n<p>32 ft und l\u00e4nger<\/td>\n<\/tr>\n<tr>\n<td data-th=\"DIMENSION\"><strong>Leistung<\/strong><\/td>\n<td data-th=\"B380\"><\/td>\n<td data-th=\"B500\"><\/td>\n<td data-th=\"B600\"><\/td>\n<td data-th=\"B700\"><\/td>\n<\/tr>\n<tr>\n<td data-th=\"Max drilling diameter from solid (Nickel Alloy)\">Vollbohrdurchmesser (Legierungen, Nickel)<\/td>\n<td data-th=\"B380\">2.6 in<\/td>\n<td data-th=\"B500\">4,0 in<\/td>\n<td data-th=\"B600\">5,0 in<\/td>\n<td data-th=\"B700\">7,0 in<\/td>\n<\/tr>\n<tr>\n<td data-th=\"Max drilling diameter from solid (Carbon Steel)\">Vollbohrdurchmesser (St52, Kohlenstoffstahl)<\/td>\n<td data-th=\"B380\">3.1 in<\/td>\n<td data-th=\"B500\">5,0 in<\/td>\n<td data-th=\"B600\">6,0 in<\/td>\n<td data-th=\"B700\">8,0 in<\/td>\n<\/tr>\n<tr>\n<td data-th=\"Maximum tool diameter\">Werkzeugdurchmesser max.<\/td>\n<td data-th=\"B380\">4,0 in<\/td>\n<td data-th=\"B500\">6.3 in<\/td>\n<td data-th=\"B600\">8,0 in<\/td>\n<td data-th=\"B700\">12,0 in<\/td>\n<\/tr>\n<tr>\n<td data-th=\"WORKPIECE WEIGHT\"><strong>WERKST\u00dcCKGEWICHT<\/strong><\/td>\n<\/tr>\n<tr>\n<td data-th=\"Between centers\">Zwischen den Spitzen<\/td>\n<td data-th=\"B380\">2.210 lbs<\/td>\n<td data-th=\"B500\">6.620 lbs<\/td>\n<td data-th=\"B600\">6.620 lbs<\/td>\n<td data-th=\"B700\">9.920 lbs<\/td>\n<\/tr>\n<tr>\n<td data-th=\"(1) Workpiece steady\">(1) Rollensetzstock<\/td>\n<td data-th=\"B380\">3.310 lbs<\/td>\n<td data-th=\"B500\">8.820 lbs<\/td>\n<td data-th=\"B600\">8.820 lbs<\/td>\n<td data-th=\"B700\">14.990 lbs<\/td>\n<\/tr>\n<tr>\n<td data-th=\"(2) Workpiece steady\">(2) Rollensetzstock<\/td>\n<td data-th=\"B380\">4.410 lbs<\/td>\n<td data-th=\"B500\">11.030 lbs<\/td>\n<td data-th=\"B600\">11.030 lbs<\/td>\n<td data-th=\"B700\">19.850 lbs<\/td>\n<\/tr>\n<\/tbody>\n<\/table>\n<p>[\/vc_column_text][\/vc_tta_section][\/vc_tta_tabs][vc_column_text]B700-Modelle sind mit einer Werkst\u00fcck-Tiefbettoption erh\u00e4ltlich und bieten eine erh\u00f6hten maximalen Werkst\u00fcckumlauf, der typischerweise f\u00fcr Luft- und Raumfahrtanwendungen genutzt wird.[\/vc_column_text][\/vc_column][\/vc_row][vc_row][vc_column][vc_separator][vc_column_text]<\/p>\n<h4>Weitere Informationen:<\/h4>\n<p>[\/vc_column_text][unisig_icon_content icon=&#8221;fa fa-video-camera&#8221;]B600 with Robotic Automation | Video[\/unisig_icon_content][unisig_icon_content icon=&#8221;fa fa-video-camera&#8221;]<a href=\"https:\/\/unisig.com\/news-and-events\/technical-articles\/BTA-deep-hole-drilling-machine-video-B700\">B700 Machine Operation | Video<\/a>[\/unisig_icon_content][unisig_icon_content icon=&#8221;fa fa-cogs&#8221;]<a href=\"https:\/\/unisig.com\/news-and-events\/case-studies\/aerospace-drilling-drop-bed\/\" target=\"_blank\" rel=\"noopener noreferrer\">Landing Gear Drilling on the B700 Drop Bed | Case Study<\/a>[\/unisig_icon_content][\/vc_column][\/vc_row][vc_row][vc_column][vc_separator][vc_column_text]<\/p>\n<h4>Weitere Informationen zur B-Serie<\/h4>\n<p>[\/vc_column_text][\/vc_column][\/vc_row][vc_row][vc_column width=&#8221;1\/3&#8243;][vc_column_text]<\/p>\n<h5>Empfohlene Werkzeuge<\/h5>\n<p>[\/vc_column_text][vc_column_text]<\/p>\n<ul>\n<li><a href=\"https:\/\/unisig.com\/de\/produktetechnologie\/werkzeuge\/bta-werkzeugzubehoer\/\">BTA Werkzeugzubeh\u00f6r<\/a><\/li>\n<\/ul>\n<p>[\/vc_column_text][\/vc_column][vc_column width=&#8221;1\/3&#8243;][vc_column_text]<\/p>\n<h5>Empfohlene Automatisierung<\/h5>\n<p>[\/vc_column_text][vc_column_text]<\/p>\n<ul>\n<li><a href=\"https:\/\/unisig.com\/de\/automatisierung\/flexible-automatisierung\/\">Servo-Portallader<\/a><\/li>\n<li><a href=\"https:\/\/unisig.com\/de\/automatisierung\/kundenspezifische-automatisierung\/\">Pick &amp; Place<\/a><\/li>\n<li><a href=\"https:\/\/unisig.com\/de\/automatisierung\/kundenspezifische-automatisierung\/\">Magazinlader<\/a><\/li>\n<\/ul>\n<p>[\/vc_column_text][\/vc_column][vc_column width=&#8221;1\/3&#8243;][vc_column_text]<\/p>\n<h5>Empfohlenes Zubeh\u00f6r<\/h5>\n<p>[\/vc_column_text][vc_column_text]<\/p>\n<ul>\n<li><a href=\"https:\/\/unisig.com\/de\/maschinenzubehoer\/tiefbohroel\/\">Tiefbohr\u00f6l<\/a><\/li>\n<\/ul>\n<p>[\/vc_column_text][\/vc_column][\/vc_row][vc_row][vc_column][vc_separator][vc_btn title=&#8221;Mein Angebot anfordern&#8221; shape=&#8221;square&#8221; size=&#8221;sm&#8221; link=&#8221;url:%2F%3Fpage_id%3D6519|||&#8221;][\/vc_column][\/vc_row]<\/p>\n<\/div>","protected":false},"excerpt":{"rendered":"<p>[vc_row][vc_column][\/vc_column][\/vc_row][vc_row css=&#8221;.vc_custom_1491237027870{padding-top: 14px !important;}&#8221;][vc_column width=&#8221;3\/4&#8243;][vc_column_text] B-Serie BTA-Maschinen unter 800 mm Umlauf [\/vc_column_text][\/vc_column][vc_column width=&#8221;1\/4&#8243;][vc_btn title=&#8221;Schnellanfrage&#8221; shape=&#8221;square&#8221; align=&#8221;right&#8221; css=&#8221;&#8221; link=&#8221;url:http%3A%2F%2Funisig.com%2Fpopup%2Fquick-machine-request%2F|title:Quick%20Machine%20Request%20DE&#8221; el_class=&#8221;popmake-7864&#8243;][\/vc_column][\/vc_row][vc_row css=&#8221;.vc_custom_1491237027870{padding-top: 14px !important;}&#8221;][vc_column][vc_column_text]Die Maschinen der B-Serie bearbeiten eine beeindruckende Bandbreite an zentrischen BTA-Bohrungen und sind damit die ideale L\u00f6sung f\u00fcr die Mehrzahl der Tiefbohranwendungen mit BTA-Durchmessern, mit einer kurzen Bauzeit und intuitiver Bedienung. Diese Maschinen sind<a href=\"https:\/\/unisig.com\/de\/alle-maschinen\/b-serie-bis-800mm\/\" class=\"more-link\">Read More<\/a><\/p>\n","protected":false},"author":3,"featured_media":0,"parent":6562,"menu_order":0,"comment_status":"closed","ping_status":"closed","template":"page-templates\/template-2.php","meta":{"_acf_changed":false,"footnotes":""},"folder":[],"class_list":["post-6425","page","type-page","status-publish","hentry"],"acf":[],"_links":{"self":[{"href":"https:\/\/unisig.com\/de\/wp-json\/wp\/v2\/pages\/6425","targetHints":{"allow":["GET"]}}],"collection":[{"href":"https:\/\/unisig.com\/de\/wp-json\/wp\/v2\/pages"}],"about":[{"href":"https:\/\/unisig.com\/de\/wp-json\/wp\/v2\/types\/page"}],"author":[{"embeddable":true,"href":"https:\/\/unisig.com\/de\/wp-json\/wp\/v2\/users\/3"}],"replies":[{"embeddable":true,"href":"https:\/\/unisig.com\/de\/wp-json\/wp\/v2\/comments?post=6425"}],"version-history":[{"count":0,"href":"https:\/\/unisig.com\/de\/wp-json\/wp\/v2\/pages\/6425\/revisions"}],"up":[{"embeddable":true,"href":"https:\/\/unisig.com\/de\/wp-json\/wp\/v2\/pages\/6562"}],"wp:attachment":[{"href":"https:\/\/unisig.com\/de\/wp-json\/wp\/v2\/media?parent=6425"}],"wp:term":[{"taxonomy":"folder","embeddable":true,"href":"https:\/\/unisig.com\/de\/wp-json\/wp\/v2\/folder?post=6425"}],"curies":[{"name":"wp","href":"https:\/\/api.w.org\/{rel}","templated":true}]}}