{"id":6426,"date":"2020-06-15T10:43:06","date_gmt":"2020-06-15T15:43:06","guid":{"rendered":"https:\/\/stagingxx.unisig.com\/bta-bohrrohre\/"},"modified":"2026-04-08T07:46:51","modified_gmt":"2026-04-08T12:46:51","slug":"bta-bohrrohre","status":"publish","type":"page","link":"https:\/\/unisig.com\/de\/bta-bohrrohre\/","title":{"rendered":"BTA Bohrrohre"},"content":{"rendered":"<div class=\"wpb-content-wrapper\"><p>[vc_row][vc_column][vc_single_image image=&#8221;8982&#8243; img_size=&#8221;full&#8221;][\/vc_column][\/vc_row][vc_row][vc_column width=&#8221;5\/6&#8243;][vc_column_text]<\/p>\n<h1>BTA Bohrrohre<\/h1>\n<p>[\/vc_column_text][vc_column_text]BTA Bohrrohre dienen zum Einbinden von <a href=\"https:\/\/unisig.com\/de\/bta-werkzeuge\/\">BTA-Werkzeugen.<\/a><\/p>\n<p>(auch als STS oder Einrohrsystem bezeichnet) an die Spindel der Tiefbohrmaschine, um ein starres, sicheres Bohren zu erm\u00f6glichen. Die Gr\u00f6\u00dfen der Bohrrohre sind standardisiert und f\u00fcr einen gewissen Bohrdurchmesserbereich ausgelegt.<\/p>\n<p>Standardanschl\u00fcsse erm\u00f6glichen eine einfache Installation und Austauschbarkeit von BTA-Werkzeugen und Zubeh\u00f6r. 4- und 1-Gang-Gewindeverbindungen sind bei den meisten Tiefbohrdurchmessern \u00fcblich, Flanschverbindungen bieten eine stabile Verbindung f\u00fcr Bohrungen mit gro\u00dfem Durchmesser. Adapter sind erh\u00e4ltlich, um den Durchmesserbereich der Bohrrohre zu erweitern oder um zwischen den Anschlussstypen zu adaptieren.[\/vc_column_text][vc_raw_html css=&#8221;&#8221;]JTNDZGl2JTIwc3R5bGUlM0QlMjJ0ZXh0LWFsaWduJTNBJTIwbGVmdCUzQiUyMiUzRSUwRCUwQSUyMCUyMCUyMCUyMCUzQ2ElMjBocmVmJTNEJTIyaHR0cCUzQSUyRiUyRnVuaXNpZy5jb20lMkZkZSUyRmJ0YS1ib2hycm9ocmUlMkYlMjIlMjAlMEQlMEElMjAlMjAlMjAlMjAlMjAlMjAlMjBjbGFzcyUzRCUyMmN1c3RvbS1hY3Rpb24tYnV0dG9uJTIwY3VzdG9tLWFjdGlvbi1idXR0b24tLWZpbGxlZCUyMHBvcG1ha2UtODM3MSUyMiUzRSUwRCUwQSUyMCUyMCUyMCUyMCUyMCUyMCUyMCUyMEJvaHJyb2hyZSUyMGFuZnJhZ2VuJTBEJTBBJTIwJTIwJTIwJTIwJTNDJTJGYSUzRSUwRCUwQSUzQyUyRmRpdiUzRSUwRCUwQSUwRCUwQSUzQyUyMS0tJTIwJTBEJTBBVE8lMjBFRElUJTNBJTBEJTBBMS4lMjBDaGFuZ2UlMjAlMjIlMjMlMjIlMjB0byUyMHlvdXIlMjBsaW5rJTIwJTI4ZXhhbXBsZSUzQSUyMGhyZWYlM0QlMjJodHRwcyUzQSUyRiUyRnlvdXJzaXRlLmNvbSUyRmZpbGUucGRmJTIyJTI5JTBEJTBBMi4lMjBDaGFuZ2UlMjAlMjJEb3dubG9hZCUyMiUyMHRvJTIweW91ciUyMGJ1dHRvbiUyMHRleHQlMEQlMEEzLiUyMEtlZXAlMjB0aGUlMjBjbGFzcyUyMG5hbWVzJTIwdW5jaGFuZ2VkJTBEJTBBLS0lM0U=[\/vc_raw_html][\/vc_column][\/vc_row][vc_row][vc_column][vc_separator][vc_column_text]<\/p>\n<h3>Verbindungstyp w\u00e4hlen:<\/h3>\n<p>BTA-Bohrrohranschl\u00fcsse sollten zum Werkzeug oder Adapter passen.[\/vc_column_text][\/vc_column][\/vc_row][vc_row][vc_column width=&#8221;1\/6&#8243;][vc_single_image image=&#8221;8985&#8243; img_size=&#8221;full&#8221;][\/vc_column][vc_column width=&#8221;5\/6&#8243;][vc_column_text]<strong>4-g\u00e4ngige Gewindeverbindung<\/strong><\/p>\n<p>4-g\u00e4ngige Gewinde sind in vielen BTA-Tiefbohranlagen \u00fcblich, oft wegen der Leistungsvorteile, wie z.B. Widerstand gegen &#8220;Kleben&#8221; und leichteres L\u00f6sen nach dem Bohren. 4-g\u00e4ngige Gewinde erm\u00f6glichen auch die Verwendung gr\u00f6\u00dferer Gewindesteigungen bei d\u00fcnnwandigen Werkzeugen durch die Verwendung einer reduzierten Gewindetiefe.<br \/>\n[\/vc_column_text][\/vc_column][\/vc_row][vc_row][vc_column width=&#8221;1\/6&#8243;][vc_single_image image=&#8221;8984&#8243; img_size=&#8221;full&#8221;][\/vc_column][vc_column width=&#8221;5\/6&#8243;][vc_column_text]<strong>1-g\u00e4ngige Gewindeverbindung<\/strong><\/p>\n<p>1-g\u00e4ngige- oder Einfachgewintetypen sind in vielen BTA-Werkzeugsystemen sowie bei alternativen Prozessen wie Sch\u00e4len und Rollieren \u00fcblich. 1-g\u00e4ngige Werkzeuge lassen sich leicht installieren und reduzieren die L\u00e4nge des gesamten Werkzeugaufbaus.[\/vc_column_text][\/vc_column][\/vc_row][vc_row][vc_column width=&#8221;1\/6&#8243;][vc_single_image image=&#8221;8983&#8243; img_size=&#8221;full&#8221;][\/vc_column][vc_column width=&#8221;5\/6&#8243;][vc_column_text]<strong>Flansch-Verbindung<\/strong><\/p>\n<p>Flanschverbindungen werden standardm\u00e4ig f\u00fcr gr\u00f6\u00dfere Werkzeuge eingesetzt und nutzen 4 Bolzen und Mitnehmer f\u00fcr eine robuste Verbindung mit hohen Drehmoment. Mit einer Flanschverbindung entf\u00e4llt die Notwendigkeit f\u00fcr gro\u00dfe, teure Gewinde, zudem verringert sich die gesamte L\u00e4nge des Setups und erm\u00f6glicht eine einfache Werkzeuginstallation und Umr\u00fcstung.<br \/>\n[\/vc_column_text][\/vc_column][\/vc_row][vc_row][vc_column][vc_separator][\/vc_column][\/vc_row][vc_row][vc_column width=&#8221;5\/6&#8243;][vc_column_text]<\/p>\n<h3>W\u00e4hlen Sie BTA Bohrrohre:<\/h3>\n<p>BTA Bohrrohre sind in Standardgr\u00f6\u00dfen je nach Werkzeugdurchmesser erh\u00e4ltlich. Die ben\u00f6tige L\u00e4nge ergibt sich aus der Verlustl\u00e4nge der Maschine und den Werkst\u00fcck-Spezifikationen. [\/vc_column_text][\/vc_column][\/vc_row][vc_row row_title=&#8221;Download Section&#8221;][vc_column width=&#8221;1\/3&#8243;][\/vc_column][vc_column width=&#8221;1\/3&#8243;][vc_single_image image=&#8221;211352&#8243; img_size=&#8221;Medium&#8221; alignment=&#8221;center&#8221; css=&#8221;.vc_custom_1775077860021{margin-left: -15px !important;}&#8221;][vc_raw_html css=&#8221;&#8221;]JTNDY2VudGVyJTNFJTBEJTBBJTIwJTIwJTIwJTIwJTNDYSUyMGhyZWYlM0QlMjJodHRwcyUzQSUyRiUyRnVuaXNpZy5jb20lMkZ3cC1jb250ZW50JTJGdXBsb2FkcyUyRjIwMjYlMkYwNCUyRkJUQS1EcmlsbC1UdWJlcy1NYXJjaC0yMDI2LnBkZiUyMiUyMCUwRCUwQSUyMCUyMCUyMCUyMCUyMCUyMCUyMGNsYXNzJTNEJTIyY3VzdG9tLWFjdGlvbi1idXR0b24lMjBjdXN0b20tYWN0aW9uLWJ1dHRvbi0tZmlsbGVkJTIyJTBEJTBBJTIwJTIwJTIwJTIwJTIwJTIwJTIwdGFyZ2V0JTNEJTIyX2JsYW5rJTIyJTIwJTBEJTBBJTIwJTIwJTIwJTIwJTIwJTIwJTIwcmVsJTNEJTIybm9vcGVuZXIlMjBub3JlZmVycmVyJTIyJTNFJTBEJTBBJTIwJTIwJTIwJTIwJTIwJTIwJTIwJTIwRG93bmxvYWQlMEQlMEElMjAlMjAlMjAlMjAlM0MlMkZhJTNFJTBEJTBBJTNDJTJGY2VudGVyJTNFJTBEJTBBJTBEJTBBJTNDJTIxLS0lMjAlMEQlMEFUTyUyMEVESVQlM0ElMEQlMEExLiUyMENoYW5nZSUyMCUyMiUyMyUyMiUyMHRvJTIweW91ciUyMGxpbmslMjAlMjhleGFtcGxlJTNBJTIwaHJlZiUzRCUyMmh0dHBzJTNBJTJGJTJGeW91cnNpdGUuY29tJTJGZmlsZS5wZGYlMjIlMjklMEQlMEEyLiUyMENoYW5nZSUyMCUyMkRvd25sb2FkJTIyJTIwdG8lMjB5b3VyJTIwYnV0dG9uJTIwdGV4dCUwRCUwQTMuJTIwS2VlcCUyMHRoZSUyMGNsYXNzJTIwbmFtZXMlMjB1bmNoYW5nZWQlMEQlMEEtLSUzRQ==[\/vc_raw_html][\/vc_column][vc_column width=&#8221;1\/3&#8243;][\/vc_column][\/vc_row][vc_row][vc_column][vc_separator][\/vc_column][\/vc_row][vc_row el_class=&#8221;x-hidden-desktop&#8221;][vc_column width=&#8221;5\/6&#8243;][vc_column_text]<\/p>\n<h3>Gr\u00f6\u00dfen- und Anschlu\u00dfadapter hinzuf\u00fcgen:<\/h3>\n<p>[\/vc_column_text][\/vc_column][\/vc_row][vc_row][vc_column width=&#8221;1\/6&#8243;][vc_single_image image=&#8221;11251&#8243; img_size=&#8221;full&#8221;][\/vc_column][vc_column width=&#8221;5\/6&#8243;][vc_column_text]<strong>Gr\u00f6\u00dfenadapter<\/strong><\/p>\n<p>Gr\u00f6\u00dfenadapter sind so konzipiert, dass ein Bohrrohr mit einem gr\u00f6\u00dferen Durchmesserbereich eingesetzt werden kann. Diese werden \u00fcblicherweise f\u00fcr Operationen verwendet, die eine BTA Voillbohrung erfordern, gefolgt von einem Aufbohrvorgang. Gr\u00f6\u00dfenadapter sind am effektivsten, wenn Sie in Materialen mit niedriger Festigkeit und kurzer Spanbildung eingesetzt werden.[\/vc_column_text][\/vc_column][\/vc_row][vc_row][vc_column width=&#8221;1\/6&#8243;][vc_single_image image=&#8221;11250&#8243; img_size=&#8221;full&#8221;][\/vc_column][vc_column width=&#8221;5\/6&#8243;][vc_column_text css=&#8221;&#8221;]<strong>Anschlu\u00dfadapter<\/strong><\/p>\n<p>Verbindungstyp-Adapter werden verwendet, wenn Werkzeug und Bohrrohr unterschiedliche Verbindungssysteme aufweisen. Dies erm\u00f6glicht ein Bohrrohr und Werkzeugzubeh\u00f6rsatz mit einer gr\u00f6\u00dferen Anzahl von Bohrk\u00f6pfen unterschiedlicher Hersteller einzusetzen und zudem das Gewindeende vor Besch\u00e4digung zu sch\u00fctzen.<\/p>\n<p>&gt;&gt; <a href=\"https:\/\/unisig.com\/wp-content\/uploads\/2026\/04\/BTA-Drill-Tube-Adapter-March-2026.pdf\" target=\"_blank\" rel=\"noopener\">BTA Bohrrohr-Adapter \u00dcbersicht<\/a>[\/vc_column_text][\/vc_column][\/vc_row][vc_row hide_element=&#8221;true&#8221;][vc_column][vc_single_image image=&#8221;8986&#8243; img_size=&#8221;full&#8221; css=&#8221;&#8221;][\/vc_column][\/vc_row][vc_row][vc_column][vc_cta h2=&#8221;Anfrage f\u00fcr BTA-Bohrrohre einsenden&#8221; h2_font_container=&#8221;color:%23005288&#8243; h2_google_fonts=&#8221;font_family:Open%20Sans%3A300%2C300italic%2Cregular%2Citalic%2C600%2C600italic%2C700%2C700italic%2C800%2C800italic|font_style:400%20regular%3A400%3Anormal&#8221; shape=&#8221;square&#8221; style=&#8221;custom&#8221; add_button=&#8221;bottom&#8221; btn_title=&#8221;Bohrrohre anfragen&#8221; btn_shape=&#8221;square&#8221; css=&#8221;.vc_custom_1606812331266{border-top-width: 0px !important;border-right-width: 0px !important;border-bottom-width: 0px !important;border-left-width: 0px !important;}&#8221; use_custom_fonts_h2=&#8221;true&#8221; btn_add_icon=&#8221;true&#8221; custom_background=&#8221;#e3e3e3&#8243; custom_text=&#8221;#151515&#8243; btn_link=&#8221;url:https%3A%2F%2Funisig.com%2Fde%2Fbohrrohranfrage%2F|title:BTA%20Bohrrohranfrage%2032||&#8221; btn_el_class=&#8221;popmake-8371&#8243;]Senden Sie Ihre Anfrage f\u00fcr BTA-Bohrrohre, und unser Vertriebsteam wird mit Ihnen in Verbindung setzen.[\/vc_cta][\/vc_column][\/vc_row]<\/p>\n<\/div>","protected":false},"excerpt":{"rendered":"<p>[vc_row][vc_column][vc_single_image image=&#8221;8982&#8243; img_size=&#8221;full&#8221;][\/vc_column][\/vc_row][vc_row][vc_column width=&#8221;5\/6&#8243;][vc_column_text] BTA Bohrrohre [\/vc_column_text][vc_column_text]BTA Bohrrohre dienen zum Einbinden von BTA-Werkzeugen. (auch als STS oder Einrohrsystem bezeichnet) an die Spindel der Tiefbohrmaschine, um ein starres, sicheres Bohren zu erm\u00f6glichen. Die Gr\u00f6\u00dfen der Bohrrohre sind standardisiert und f\u00fcr einen gewissen Bohrdurchmesserbereich ausgelegt. Standardanschl\u00fcsse erm\u00f6glichen eine einfache Installation und Austauschbarkeit von BTA-Werkzeugen und Zubeh\u00f6r. 4-<a href=\"https:\/\/unisig.com\/de\/bta-bohrrohre\/\" class=\"more-link\">Read More<\/a><\/p>\n","protected":false},"author":3,"featured_media":8982,"parent":0,"menu_order":0,"comment_status":"closed","ping_status":"closed","template":"page-templates\/template-2.php","meta":{"_acf_changed":false,"footnotes":""},"folder":[],"class_list":["post-6426","page","type-page","status-publish","has-post-thumbnail","hentry"],"acf":[],"_links":{"self":[{"href":"https:\/\/unisig.com\/de\/wp-json\/wp\/v2\/pages\/6426","targetHints":{"allow":["GET"]}}],"collection":[{"href":"https:\/\/unisig.com\/de\/wp-json\/wp\/v2\/pages"}],"about":[{"href":"https:\/\/unisig.com\/de\/wp-json\/wp\/v2\/types\/page"}],"author":[{"embeddable":true,"href":"https:\/\/unisig.com\/de\/wp-json\/wp\/v2\/users\/3"}],"replies":[{"embeddable":true,"href":"https:\/\/unisig.com\/de\/wp-json\/wp\/v2\/comments?post=6426"}],"version-history":[{"count":11,"href":"https:\/\/unisig.com\/de\/wp-json\/wp\/v2\/pages\/6426\/revisions"}],"predecessor-version":[{"id":211471,"href":"https:\/\/unisig.com\/de\/wp-json\/wp\/v2\/pages\/6426\/revisions\/211471"}],"wp:featuredmedia":[{"embeddable":true,"href":"https:\/\/unisig.com\/de\/wp-json\/wp\/v2\/media\/8982"}],"wp:attachment":[{"href":"https:\/\/unisig.com\/de\/wp-json\/wp\/v2\/media?parent=6426"}],"wp:term":[{"taxonomy":"folder","embeddable":true,"href":"https:\/\/unisig.com\/de\/wp-json\/wp\/v2\/folder?post=6426"}],"curies":[{"name":"wp","href":"https:\/\/api.w.org\/{rel}","templated":true}]}}