{"id":6480,"date":"2020-06-15T10:47:47","date_gmt":"2020-06-15T15:47:47","guid":{"rendered":"https:\/\/stagingxx.unisig.com\/unser-herstellungsprozess\/"},"modified":"2020-06-15T10:47:47","modified_gmt":"2020-06-15T15:47:47","slug":"unser-herstellungsprozess","status":"publish","type":"page","link":"https:\/\/unisig.com\/de\/unser-herstellungsprozess\/","title":{"rendered":"Unser Herstellungsprozess"},"content":{"rendered":"<div class=\"wpb-content-wrapper\"><p>[vc_row][vc_column][vc_single_image image=&#8221;1064&#8243; img_size=&#8221;full&#8221;][vc_column_text]<\/p>\n<h1>Unser Herstellungsprozess<\/h1>\n<p>[\/vc_column_text][vc_column_text]UNISIG entwickelt starre, genaue Maschinenstrukturen, die dann mit den neuesten verf\u00fcgbaren Technologien getestet werden. Die nahtlose Integration elektrischer und mechanischer Systeme macht Maschinen intelligenter und einfacher zu bedienen. Wir konstruieren Systeme von Grund auf, um eine einfache Wartung zu erleichtern und mit neuen Werkzeuggenerationen kompatibel zu sein, w\u00e4hrend sie entwickelt werden.<\/p>\n<p>Wir entwickeln langlebige Werkzeuge und Automatisierung zusammen mit Tiefbohrmaschinen, um ein integriertes System zu schaffen, das einfach zu bedienen ist. In Kombination mit einem hohen Ma\u00df an Kundenservice und Schulung werden Sie in k\u00fcrzester Zeit mit Leichtigkeit bohren.<\/p>\n<p>Unsere Teams von Ingenieuren erstellen ma\u00dfgeschneiderte Produkte f\u00fcr die individuellen Bed\u00fcrfnisse unserer Kunden. Maschinenbauingenieure erstellen spezielle Maschinenoptionen und voll benutzerdefinierte Maschinen. Elektroingenieure und Softwareentwickler stellen fortschrittliche Prozess\u00fcberwachungssysteme und adaptive Steuerungen vor. Prozessingenieure erleichtern schwierige Anwendungen. Wir bieten auch Geometrieentwicklung und Anwendungstests f\u00fcr Schneidwerkzeuge sowie Standard- und kundenspezifische Arbeitsvorrichtungen f\u00fcr Kunden an, die vollst\u00e4ndige Dokumentations- und Inspektionsberichte enthalten. F\u00fcr unsere Kunden mit dem gr\u00f6\u00dften Anpassungsbedarf produzieren wir schl\u00fcsselfertige und kollaborative Systeme.[\/vc_column_text][\/vc_column][\/vc_row]<\/p>\n<\/div>","protected":false},"excerpt":{"rendered":"<p>[vc_row][vc_column][vc_single_image image=&#8221;1064&#8243; img_size=&#8221;full&#8221;][vc_column_text] Unser Herstellungsprozess [\/vc_column_text][vc_column_text]UNISIG entwickelt starre, genaue Maschinenstrukturen, die dann mit den neuesten verf\u00fcgbaren Technologien getestet werden. Die nahtlose Integration elektrischer und mechanischer Systeme macht Maschinen intelligenter und einfacher zu bedienen. Wir konstruieren Systeme von Grund auf, um eine einfache Wartung zu erleichtern und mit neuen Werkzeuggenerationen kompatibel zu sein, w\u00e4hrend sie entwickelt<a href=\"https:\/\/unisig.com\/de\/unser-herstellungsprozess\/\" class=\"more-link\">Read More<\/a><\/p>\n","protected":false},"author":3,"featured_media":0,"parent":0,"menu_order":0,"comment_status":"closed","ping_status":"closed","template":"page-templates\/template-2.php","meta":{"_acf_changed":false,"footnotes":""},"folder":[],"class_list":["post-6480","page","type-page","status-publish","hentry"],"acf":[],"_links":{"self":[{"href":"https:\/\/unisig.com\/de\/wp-json\/wp\/v2\/pages\/6480","targetHints":{"allow":["GET"]}}],"collection":[{"href":"https:\/\/unisig.com\/de\/wp-json\/wp\/v2\/pages"}],"about":[{"href":"https:\/\/unisig.com\/de\/wp-json\/wp\/v2\/types\/page"}],"author":[{"embeddable":true,"href":"https:\/\/unisig.com\/de\/wp-json\/wp\/v2\/users\/3"}],"replies":[{"embeddable":true,"href":"https:\/\/unisig.com\/de\/wp-json\/wp\/v2\/comments?post=6480"}],"version-history":[{"count":0,"href":"https:\/\/unisig.com\/de\/wp-json\/wp\/v2\/pages\/6480\/revisions"}],"wp:attachment":[{"href":"https:\/\/unisig.com\/de\/wp-json\/wp\/v2\/media?parent=6480"}],"wp:term":[{"taxonomy":"folder","embeddable":true,"href":"https:\/\/unisig.com\/de\/wp-json\/wp\/v2\/folder?post=6480"}],"curies":[{"name":"wp","href":"https:\/\/api.w.org\/{rel}","templated":true}]}}