{"id":6482,"date":"2020-06-15T10:47:47","date_gmt":"2020-06-15T15:47:47","guid":{"rendered":"https:\/\/stagingxx.unisig.com\/geschichte\/"},"modified":"2025-03-24T08:33:36","modified_gmt":"2025-03-24T13:33:36","slug":"geschichte","status":"publish","type":"page","link":"https:\/\/unisig.com\/de\/warum-unisig\/geschichte\/","title":{"rendered":"Geschichte"},"content":{"rendered":"<div class=\"wpb-content-wrapper\"><p>[vc_row][vc_column][vc_single_image image=&#8221;10076&#8243; img_size=&#8221;full&#8221;][vc_column_text]<\/p>\n<h1>Unternehmensgeschichte<\/h1>\n<p>[\/vc_column_text][vc_column_text]UNISIG wurde 1981 gegr\u00fcndet, um Tiefbohrmaschinen, Zubeh\u00f6r und damit verbundene Dienstleistungen f\u00fcr den US-Markt anzubieten. Zu Beginn seiner Geschichte hat sich UNISIG einen Ruf f\u00fcr starke Unterst\u00fctzung von Tiefbohranwendungen f\u00fcr Kunden in vielen verschiedenen Branchen erarbeitet.<\/p>\n<p>1995 wurde UNISIG von Entrust Manufacturing Technologies, Inc. \u00fcbernommen und in ihren Hauptsitz in der N\u00e4he von Milwaukee, Wisconsin, verlegt. Entrust investierte massiv in die Weiterentwicklung von UNISIG Tiefbohrmaschinen und verwandten Produkten. Alles wurde in Frage gestellt und konventionelle Einschr\u00e4nkungen mit einer neuen Perspektive in Frage gestellt. Starke Engineering- und Fertigungskapazit\u00e4ten stie\u00dfen an die Grenzen dessen, was in der Branche m\u00f6glich war.<\/p>\n<p>Daraus resultiert eine moderne, umfassende Produktlinie, die sich auf Technologie, Leistung und hohe Zuverl\u00e4ssigkeitsstandards von Pr\u00e4zisionswerkzeugmaschinen konzentriert. UNISIG Produkte werden weltweit unterst\u00fctzt, mit Installationen in Nord- und S\u00fcdamerika, Europa und Asien.<\/p>\n<p>Durch die gemeinsame Geschichte von Entrust und UNISIG gibt es einen gemeinsamen Trend zu stetigem Wachstum, Investitionen und Innovation. Dies hat es uns erm\u00f6glicht, eine starke Organisation aufzubauen, die in der Lage ist, unsere Kunden bei ihren anspruchsvollsten Projekten zu unterst\u00fctzen.[\/vc_column_text][vc_separator][\/vc_column][\/vc_row][vc_row][vc_column][vc_column_text]<\/p>\n<h2>Unsere Historische Zeitleiste<\/h2>\n<p>[\/vc_column_text][vc_row_inner][vc_column_inner width=&#8221;1\/6&#8243; css=&#8221;.vc_custom_1471354914416{border-left-width: 1px !important;border-left-color: #eeeeee !important;border-left-style: solid !important;}&#8221;][vc_column_text]<\/p>\n<h4>1973<\/h4>\n<p>[\/vc_column_text][vc_single_image image=&#8221;3543&#8243; img_size=&#8221;full&#8221;][vc_column_text]Entrust wurde als Entrust Tool and Design Co., Inc. von John Korosec in Menomonee Falls, Wisconsin gegr\u00fcndet.<\/p>\n<p>Entrust fertigt Sondermaschinen und bieter Lohnfertigung als Dienstleistung an.[\/vc_column_text][\/vc_column_inner][vc_column_inner width=&#8221;1\/6&#8243; css=&#8221;.vc_custom_1471354910175{border-left-width: 1px !important;border-left-color: #eeeeee !important;border-left-style: solid !important;}&#8221;][vc_column_text]<\/p>\n<h4>1981<\/h4>\n<p>[\/vc_column_text][vc_single_image image=&#8221;3547&#8243; img_size=&#8221;full&#8221;][vc_column_text]UNISIG wird in Elgin, Illinois, von der Schweizerischen Industrie Gesellschaft (SIG) und dem US-Unternehmen United Technical gegr\u00fcndet, um Tiefbohrausr\u00fcstung und -technologie auf dem US-Markt anzubieten.[\/vc_column_text][\/vc_column_inner][vc_column_inner width=&#8221;1\/6&#8243; css=&#8221;.vc_custom_1471354905727{border-left-width: 1px !important;border-left-color: #eeeeee !important;border-left-style: solid !important;}&#8221;][vc_column_text]<\/p>\n<h4>1982<\/h4>\n<p>[\/vc_column_text][vc_single_image image=&#8221;3545&#8243; img_size=&#8221;full&#8221;][vc_column_text]Die erste Erweiterung des Entrust Werkes erh\u00f6ht die Maschinen-Montage- und Produktionskapazit\u00e4t.[\/vc_column_text][\/vc_column_inner][vc_column_inner width=&#8221;1\/6&#8243; css=&#8221;.vc_custom_1471354901559{border-left-width: 1px !important;border-left-color: #eeeeee !important;border-left-style: solid !important;}&#8221;][vc_column_text]<\/p>\n<h4>1985<\/h4>\n<p>[\/vc_column_text][vc_single_image image=&#8221;3549&#8243; img_size=&#8221;full&#8221;][vc_column_text]Entrust beginnt Systemintegration von CNC-Maschinen und Automatisierung[\/vc_column_text][\/vc_column_inner][vc_column_inner width=&#8221;1\/6&#8243; css=&#8221;.vc_custom_1471354897481{border-left-width: 1px !important;border-left-color: #eeeeee !important;border-left-style: solid !important;}&#8221;][vc_column_text]<\/p>\n<h4>1989<\/h4>\n<p>[\/vc_column_text][vc_single_image image=&#8221;3550&#8243; img_size=&#8221;full&#8221;][vc_column_text]Zweite gro\u00dfe Werkserweiterung f\u00fcr gro\u00dfe integrierte Systemmontage erforderlich.[\/vc_column_text][\/vc_column_inner][vc_column_inner width=&#8221;1\/6&#8243; css=&#8221;.vc_custom_1471354892130{border-left-width: 1px !important;border-left-color: #eeeeee !important;border-left-style: solid !important;}&#8221;][vc_column_text]<\/p>\n<h4>1994<\/h4>\n<p>[\/vc_column_text][vc_single_image image=&#8221;3544&#8243; img_size=&#8221;full&#8221;][vc_column_text]Der derzeitige CEO Anthony Fettig beginnt in der Entwicklungsabteilung von Entrust.[\/vc_column_text][\/vc_column_inner][\/vc_row_inner][vc_empty_space height=&#8221;20&#8243;][vc_row_inner][vc_column_inner width=&#8221;1\/6&#8243; css=&#8221;.vc_custom_1471354688216{border-left-width: 1px !important;border-left-color: #eeeeee !important;border-left-style: solid !important;}&#8221;][vc_column_text]<\/p>\n<h4>1995<\/h4>\n<p>[\/vc_column_text][vc_single_image image=&#8221;3551&#8243; img_size=&#8221;full&#8221;][vc_column_text]Entrust erwirbt die Marke UNISIG als Produktsparte von Entrust. UNISIG beginnt, die Leistungserwartungen im Tiefbohren neu zu definieren.[\/vc_column_text][\/vc_column_inner][vc_column_inner width=&#8221;1\/6&#8243; css=&#8221;.vc_custom_1471353516479{border-left-width: 1px !important;border-left-color: #eeeeee !important;border-left-style: solid !important;}&#8221;][vc_column_text]<\/p>\n<h4>1997<\/h4>\n<p>[\/vc_column_text][vc_single_image image=&#8221;3546&#8243; img_size=&#8221;full&#8221;][vc_column_text]Die derzeitige Pr\u00e4sidentin Tanya Palmer f\u00e4ngt als Controller bei Entrust an.[\/vc_column_text][\/vc_column_inner][vc_column_inner width=&#8221;1\/6&#8243; css=&#8221;.vc_custom_1471353625608{border-left-width: 1px !important;border-left-color: #eeeeee !important;border-left-style: solid !important;}&#8221;][vc_column_text]<\/p>\n<h4>2003<\/h4>\n<p>[\/vc_column_text][vc_single_image image=&#8221;3559&#8243; img_size=&#8221;full&#8221;][vc_column_text]Das aktuelle Management-Team wird eingesetzt. Eine Wachstumsstrategie wird entwickelt, um ein umfangreiches internationales Gesch\u00e4ft sowie steigende Ums\u00e4tze in den nordamerikanischen M\u00e4rkten einzubeziehen.<\/p>\n<p>Das Wachstum setzt sich durch asiatischen und europ\u00e4ischen Vertrieb fort.[\/vc_column_text][\/vc_column_inner][vc_column_inner width=&#8221;1\/6&#8243; css=&#8221;.vc_custom_1471353636948{border-left-width: 1px !important;border-left-color: #eeeeee !important;border-left-style: solid !important;}&#8221;][vc_column_text]<\/p>\n<h4>2007<\/h4>\n<p>[\/vc_column_text][vc_single_image image=&#8221;3556&#8243; img_size=&#8221;full&#8221;][vc_column_text]UNISIG Express-Lieferprogramm zur drastischen Reduzierung der Vorlaufzeit auf Hochleistungs-BTA-Maschinen und Zubeh\u00f6r.[\/vc_column_text][\/vc_column_inner][vc_column_inner width=&#8221;1\/6&#8243; css=&#8221;.vc_custom_1471353650236{border-left-width: 1px !important;border-left-color: #eeeeee !important;border-left-style: solid !important;}&#8221;][vc_column_text]<\/p>\n<h4>2009<\/h4>\n<p>[\/vc_column_text][vc_single_image image=&#8221;3566&#8243; img_size=&#8221;full&#8221;][vc_column_text]Klares Bekenntnis der Aktion\u00e4re f\u00fcr bedeutende Investitionen in UNISIG als weltweit f\u00fchrendes Unternehmen in der Tiefbohrtechnologie.[\/vc_column_text][\/vc_column_inner][vc_column_inner width=&#8221;1\/6&#8243; css=&#8221;.vc_custom_1471353662091{border-left-width: 1px !important;border-left-color: #eeeeee !important;border-left-style: solid !important;}&#8221;][vc_column_text]<\/p>\n<h4>2010<\/h4>\n<p>[\/vc_column_text][vc_single_image image=&#8221;3560&#8243; img_size=&#8221;full&#8221;][vc_column_text]UNISG Werkserweiterung umfasst 50-t Kr\u00e4ne und eine 12 Meter [42 ft] hohe Montagehalle.[\/vc_column_text][\/vc_column_inner][\/vc_row_inner][vc_empty_space height=&#8221;20&#8243;][vc_row_inner][vc_column_inner width=&#8221;1\/6&#8243; css=&#8221;.vc_custom_1471354703028{border-left-width: 1px !important;border-left-color: #eeeeee !important;border-left-style: solid !important;}&#8221;][vc_column_text]<\/p>\n<h4>2011<\/h4>\n<p>[\/vc_column_text][vc_single_image image=&#8221;3564&#8243; img_size=&#8221;full&#8221;][vc_column_text]UNISIG GmbH wird als deutsche Tochtergesellschaft gegr\u00fcndet, um den europ\u00e4ischen Markt zu bedienen.<\/p>\n<p>Entrust \u00e4ndert den Namen in Entrust Manufacturing Technologies, Inc., um die Produktentwicklung und die Investitionsrichtung wiederzuspiegeln.[\/vc_column_text][\/vc_column_inner][vc_column_inner width=&#8221;1\/6&#8243; css=&#8221;.vc_custom_1471353516479{border-left-width: 1px !important;border-left-color: #eeeeee !important;border-left-style: solid !important;}&#8221;][vc_column_text]<\/p>\n<h4>2013<\/h4>\n<p>[\/vc_column_text][vc_single_image image=&#8221;3555&#8243; img_size=&#8221;full&#8221;][vc_column_text]UNISIG Tech Center f\u00fcr fortschrittlichen Tiefbohr-Prototypenservice eingerichtet.[\/vc_column_text][\/vc_column_inner][vc_column_inner width=&#8221;1\/6&#8243; css=&#8221;.vc_custom_1471353625608{border-left-width: 1px !important;border-left-color: #eeeeee !important;border-left-style: solid !important;}&#8221;][vc_column_text]<\/p>\n<h4>2015<\/h4>\n<p>[\/vc_column_text][vc_single_image image=&#8221;3562&#8243; img_size=&#8221;full&#8221;][vc_column_text]Umfangreiche Investitionen in Anlagen, Werkzeugmaschinen und Technologien zur Steigerung der Kapazit\u00e4ten f\u00fcr die Gro\u00df- und Engtoleranzfertigung kritischer Komponenten.[\/vc_column_text][\/vc_column_inner][vc_column_inner width=&#8221;1\/6&#8243; css=&#8221;.vc_custom_1471353636948{border-left-width: 1px !important;border-left-color: #eeeeee !important;border-left-style: solid !important;}&#8221;][vc_column_text]<\/p>\n<h4>2019<\/h4>\n<p>[\/vc_column_text][vc_single_image image=&#8221;201717&#8243; img_size=&#8221;full&#8221;][vc_column_text]Werkserweiterung auf \u00fcber 10.000 m\u00b2 (100.000 sq ft) mit zus\u00e4tzlichen Technologien f\u00fcr die Produktion und erweitertem Inventar.[\/vc_column_text][\/vc_column_inner][vc_column_inner width=&#8221;1\/6&#8243; css=&#8221;.vc_custom_1692028141597{border-left-width: 1px !important;border-left-color: #eeeeee !important;border-left-style: solid !important;}&#8221;][vc_column_text]<\/p>\n<h4>2023<\/h4>\n<p>[\/vc_column_text][vc_single_image image=&#8221;205675&#8243; img_size=&#8221;full&#8221;][vc_column_text css=&#8221;&#8221;]<\/p>\n<div>UNISIG Blechbe- arbeitung wurde zur Unterst\u00fctzung der Eigenproduktion von Maschinen-komponenten eingerichtet.<\/div>\n<div><\/div>\n<div>Mit der Einrichtung dieser Abteilung wurden eine CNC-Abkantpresse, Faserlaser, MIG- und WIG-Schwei\u00dfen installiert.<\/div>\n<p>[\/vc_column_text][\/vc_column_inner][vc_column_inner width=&#8221;1\/6&#8243; css=&#8221;.vc_custom_1742580308218{border-left-width: 1px !important;border-left-style: solid !important;border-color: #EEEEEE !important;}&#8221;][vc_column_text css=&#8221;&#8221;]<\/p>\n<h4>2025<\/h4>\n<p>[\/vc_column_text][vc_single_image image=&#8221;208188&#8243; img_size=&#8221;full&#8221; css=&#8221;&#8221;][vc_column_text css=&#8221;&#8221;]Vollst\u00e4ndig implementiertes, leistungsstarkes ERP-System, das unser Gesch\u00e4ft vorantreibt \u2013 es vereint Engineering, Produktion, Materialkontrolle, Inventar, Service und Teile auf einer gemeinsamen Planungsplattform f\u00fcr verbesserte Abl\u00e4ufe, interne Automatisierung und gesteigerte Leistung im Kundenservice.[\/vc_column_text][\/vc_column_inner][\/vc_row_inner][vc_empty_space height=&#8221;20&#8243;][\/vc_column][\/vc_row][vc_row][vc_column][vc_column_text]Erfahren Sie mehr \u00fcber UNISIG:<\/p>\n<ul>\n<li><a href=\"https:\/\/unisig.com\/de\/ueber-unisig\/\">Warum UNISIG<\/a><\/li>\n<li><a href=\"https:\/\/unisig.com\/de\/warum-unisig\/unser-hauptsitz\/?lang=de\">Unser Hauptsitz<\/a><\/li>\n<li><a href=\"https:\/\/unisig.com\/de\/warum-unisig\/unternehmensstruktur\/\">Unternehmensstruktur<\/a><\/li>\n<li><a href=\"https:\/\/unisig.com\/careers-at-unisig\" target=\"_blank\" rel=\"noopener noreferrer\">Karriere<\/a><\/li>\n<\/ul>\n<p>[\/vc_column_text][\/vc_column][\/vc_row]<\/p>\n<\/div>","protected":false},"excerpt":{"rendered":"<p>[vc_row][vc_column][vc_single_image image=&#8221;10076&#8243; img_size=&#8221;full&#8221;][vc_column_text] Unternehmensgeschichte [\/vc_column_text][vc_column_text]UNISIG wurde 1981 gegr\u00fcndet, um Tiefbohrmaschinen, Zubeh\u00f6r und damit verbundene Dienstleistungen f\u00fcr den US-Markt anzubieten. Zu Beginn seiner Geschichte hat sich UNISIG einen Ruf f\u00fcr starke Unterst\u00fctzung von Tiefbohranwendungen f\u00fcr Kunden in vielen verschiedenen Branchen erarbeitet. 1995 wurde UNISIG von Entrust Manufacturing Technologies, Inc. \u00fcbernommen und in ihren Hauptsitz in der<a href=\"https:\/\/unisig.com\/de\/warum-unisig\/geschichte\/\" class=\"more-link\">Read More<\/a><\/p>\n","protected":false},"author":3,"featured_media":0,"parent":6569,"menu_order":0,"comment_status":"closed","ping_status":"closed","template":"page-templates\/template-2.php","meta":{"_acf_changed":false,"footnotes":""},"folder":[],"class_list":["post-6482","page","type-page","status-publish","hentry"],"acf":[],"_links":{"self":[{"href":"https:\/\/unisig.com\/de\/wp-json\/wp\/v2\/pages\/6482","targetHints":{"allow":["GET"]}}],"collection":[{"href":"https:\/\/unisig.com\/de\/wp-json\/wp\/v2\/pages"}],"about":[{"href":"https:\/\/unisig.com\/de\/wp-json\/wp\/v2\/types\/page"}],"author":[{"embeddable":true,"href":"https:\/\/unisig.com\/de\/wp-json\/wp\/v2\/users\/3"}],"replies":[{"embeddable":true,"href":"https:\/\/unisig.com\/de\/wp-json\/wp\/v2\/comments?post=6482"}],"version-history":[{"count":0,"href":"https:\/\/unisig.com\/de\/wp-json\/wp\/v2\/pages\/6482\/revisions"}],"up":[{"embeddable":true,"href":"https:\/\/unisig.com\/de\/wp-json\/wp\/v2\/pages\/6569"}],"wp:attachment":[{"href":"https:\/\/unisig.com\/de\/wp-json\/wp\/v2\/media?parent=6482"}],"wp:term":[{"taxonomy":"folder","embeddable":true,"href":"https:\/\/unisig.com\/de\/wp-json\/wp\/v2\/folder?post=6482"}],"curies":[{"name":"wp","href":"https:\/\/api.w.org\/{rel}","templated":true}]}}