{"id":6488,"date":"2020-06-15T10:47:47","date_gmt":"2020-06-15T15:47:47","guid":{"rendered":"https:\/\/stagingxx.unisig.com\/unsere-muttergesellschaft\/"},"modified":"2020-06-15T10:47:47","modified_gmt":"2020-06-15T15:47:47","slug":"unsere-muttergesellschaft","status":"publish","type":"page","link":"https:\/\/unisig.com\/de\/unsere-muttergesellschaft\/","title":{"rendered":"Unsere Muttergesellschaft"},"content":{"rendered":"<div class=\"wpb-content-wrapper\"><p>[vc_row][vc_column][vc_single_image image=&#8221;1064&#8243; img_size=&#8221;full&#8221;][vc_column_text]<\/p>\n<h1>Unsere Muttergesellschaft<\/h1>\n<p>[\/vc_column_text][vc_column_text]UNISIG ist die Tieflochbohrabteilung von Entrust Manufacturing Technologies, Inc. Entrust hat seinen Hauptsitz in Menomonee Falls, Wisconsin, und bietet der Branche hochwertige Werkzeugmaschinen, Engineering-Dienstleistungen sowie Vertrags- und Prototypenbearbeitungen.<\/p>\n<p>Entrust wurde 1973 als Entrust Tool and Design Co., Inc. gegr\u00fcndet und verf\u00fcgt \u00fcber umfangreiche Ressourcen, um L\u00f6sungen f\u00fcr die Fertigungs- und Werkzeugmaschinenindustrie vom Maschinenbau bis zum Endprodukt zu entwickeln. Die F\u00e4higkeiten von Entrust reichen vom Engineering und Produktmanagement bis hin zur Fertigung, Montage und Programmierung komplexer Fertigungskomponenten und Maschinensysteme. Entrust f\u00fchrt auch Pr\u00e4zisionsauftragsbearbeitungen f\u00fcr Gro\u00dfbauteile sowie Gewehrlaufrohlinge durch.<\/p>\n<p>Entrust ist ein privat gef\u00fchrtes Unternehmen und Mitglied von AMT, AMBA und NSSF. Erfahren Sie mehr auf unserer Website, <a href=\"http:\/\/www.entrustmt.com\" target=\"_blank\" rel=\"noopener\">www.entrustmt.com<\/a>.[\/vc_column_text][\/vc_column][\/vc_row]<\/p>\n<\/div>","protected":false},"excerpt":{"rendered":"<p>[vc_row][vc_column][vc_single_image image=&#8221;1064&#8243; img_size=&#8221;full&#8221;][vc_column_text] Unsere Muttergesellschaft [\/vc_column_text][vc_column_text]UNISIG ist die Tieflochbohrabteilung von Entrust Manufacturing Technologies, Inc. Entrust hat seinen Hauptsitz in Menomonee Falls, Wisconsin, und bietet der Branche hochwertige Werkzeugmaschinen, Engineering-Dienstleistungen sowie Vertrags- und Prototypenbearbeitungen. Entrust wurde 1973 als Entrust Tool and Design Co., Inc. gegr\u00fcndet und verf\u00fcgt \u00fcber umfangreiche Ressourcen, um L\u00f6sungen f\u00fcr die Fertigungs- und<a href=\"https:\/\/unisig.com\/de\/unsere-muttergesellschaft\/\" class=\"more-link\">Read More<\/a><\/p>\n","protected":false},"author":3,"featured_media":0,"parent":0,"menu_order":0,"comment_status":"closed","ping_status":"closed","template":"page-templates\/template-2.php","meta":{"_acf_changed":false,"footnotes":""},"folder":[],"class_list":["post-6488","page","type-page","status-publish","hentry"],"acf":[],"_links":{"self":[{"href":"https:\/\/unisig.com\/de\/wp-json\/wp\/v2\/pages\/6488","targetHints":{"allow":["GET"]}}],"collection":[{"href":"https:\/\/unisig.com\/de\/wp-json\/wp\/v2\/pages"}],"about":[{"href":"https:\/\/unisig.com\/de\/wp-json\/wp\/v2\/types\/page"}],"author":[{"embeddable":true,"href":"https:\/\/unisig.com\/de\/wp-json\/wp\/v2\/users\/3"}],"replies":[{"embeddable":true,"href":"https:\/\/unisig.com\/de\/wp-json\/wp\/v2\/comments?post=6488"}],"version-history":[{"count":0,"href":"https:\/\/unisig.com\/de\/wp-json\/wp\/v2\/pages\/6488\/revisions"}],"wp:attachment":[{"href":"https:\/\/unisig.com\/de\/wp-json\/wp\/v2\/media?parent=6488"}],"wp:term":[{"taxonomy":"folder","embeddable":true,"href":"https:\/\/unisig.com\/de\/wp-json\/wp\/v2\/folder?post=6488"}],"curies":[{"name":"wp","href":"https:\/\/api.w.org\/{rel}","templated":true}]}}