{"id":6499,"date":"2020-06-15T10:47:52","date_gmt":"2020-06-15T15:47:52","guid":{"rendered":"https:\/\/stagingxx.unisig.com\/unternehmensstruktur\/"},"modified":"2021-03-30T10:03:49","modified_gmt":"2021-03-30T15:03:49","slug":"unternehmensstruktur","status":"publish","type":"page","link":"https:\/\/unisig.com\/de\/warum-unisig\/unternehmensstruktur\/","title":{"rendered":"Unternehmensstruktur"},"content":{"rendered":"<div class=\"wpb-content-wrapper\"><p>[vc_row][vc_column][vc_column_text]<\/p>\n<h1>Unternehmensstruktur<\/h1>\n<p>[\/vc_column_text][vc_column_text]UNISIG ist ein Produktbereich von Entrust Manufacturing Technologies, Inc., einem f\u00fchrenden Hersteller von Pr\u00e4zisionswerkzeugmaschinen und Automatisierung. Entrust ist ein privat gef\u00fchrtes US-Unternehmen mit den Hauptaktion\u00e4ren, die das Unternehmen aktiv f\u00fchren.<\/p>\n<p>Die UNISIG GmbH ist eine hundertprozentige Tochtergesellschaft von Entrust, die Vertriebs- und Serviceunterst\u00fctzung f\u00fcr UNISIG Tieflochbohrsysteme in Europa bietet.<\/p>\n<p>Kontaktadressen:<\/p>\n<p><strong>UNISIG Tieflochbohrsysteme<\/strong><br \/>\nDivision of Entrust Manufacturing Technologies, Inc.<br \/>\nN58W14630 Shawn Circle<br \/>\nMenomonee Falls, Wisconsin 53051, USA<\/p>\n<p><strong>UNISIG GmbH<\/strong><br \/>\nHeuweg 3, 72574<br \/>\nBad Urach, Deutschland<br \/>\n<a href=\"https:\/\/unisig.com\/why-unisig\/corporate-structure\/imprint\">Impressum<\/a><\/p>\n<p>UNISIG und die gegenl\u00e4ufigen Fadenkreuz-Logos sind eingetragene Marken, alle Rechte vorbehalten. Weitere Informationen zu Entrust finden Sie unter <a href=\"http:\/\/www.entrustmt.com\" target=\"_blank\" rel=\"noopener noreferrer\">www.entrustmt.com<\/a>[\/vc_column_text][vc_separator][\/vc_column][\/vc_row][vc_row][vc_column][vc_column_text]Erfahren Sie mehr \u00fcber UNISIG:<\/p>\n<ul>\n<li><a href=\"https:\/\/unisig.com\/de\/ueber-unisig\/\">Warum UNISIG<\/a><\/li>\n<li><a href=\"https:\/\/unisig.com\/why-unisig\/engineering-and-manufacturing\/\">Engineering und Fertigung<\/a><\/li>\n<li><a href=\"https:\/\/unisig.com\/de\/warum-unisig\/unser-hauptsitz\/?lang=de\">Unser Hauptsitz<\/a><\/li>\n<li><a href=\"https:\/\/unisig.com\/de\/warum-unisig\/geschichte\/?lang=de\">Geschichte<\/a><\/li>\n<li><a href=\"https:\/\/unisig.com\/careers-at-unisig\" target=\"_blank\" rel=\"noopener noreferrer\">Karriere<\/a><\/li>\n<\/ul>\n<p>[\/vc_column_text][\/vc_column][\/vc_row]<\/p>\n<\/div>","protected":false},"excerpt":{"rendered":"<p>[vc_row][vc_column][vc_column_text] Unternehmensstruktur [\/vc_column_text][vc_column_text]UNISIG ist ein Produktbereich von Entrust Manufacturing Technologies, Inc., einem f\u00fchrenden Hersteller von Pr\u00e4zisionswerkzeugmaschinen und Automatisierung. Entrust ist ein privat gef\u00fchrtes US-Unternehmen mit den Hauptaktion\u00e4ren, die das Unternehmen aktiv f\u00fchren. Die UNISIG GmbH ist eine hundertprozentige Tochtergesellschaft von Entrust, die Vertriebs- und Serviceunterst\u00fctzung f\u00fcr UNISIG Tieflochbohrsysteme in Europa bietet. Kontaktadressen: UNISIG Tieflochbohrsysteme Division<a href=\"https:\/\/unisig.com\/de\/warum-unisig\/unternehmensstruktur\/\" class=\"more-link\">Read More<\/a><\/p>\n","protected":false},"author":3,"featured_media":0,"parent":6569,"menu_order":0,"comment_status":"closed","ping_status":"closed","template":"page-templates\/template-2.php","meta":{"_acf_changed":false,"footnotes":""},"folder":[],"class_list":["post-6499","page","type-page","status-publish","hentry"],"acf":[],"_links":{"self":[{"href":"https:\/\/unisig.com\/de\/wp-json\/wp\/v2\/pages\/6499","targetHints":{"allow":["GET"]}}],"collection":[{"href":"https:\/\/unisig.com\/de\/wp-json\/wp\/v2\/pages"}],"about":[{"href":"https:\/\/unisig.com\/de\/wp-json\/wp\/v2\/types\/page"}],"author":[{"embeddable":true,"href":"https:\/\/unisig.com\/de\/wp-json\/wp\/v2\/users\/3"}],"replies":[{"embeddable":true,"href":"https:\/\/unisig.com\/de\/wp-json\/wp\/v2\/comments?post=6499"}],"version-history":[{"count":0,"href":"https:\/\/unisig.com\/de\/wp-json\/wp\/v2\/pages\/6499\/revisions"}],"up":[{"embeddable":true,"href":"https:\/\/unisig.com\/de\/wp-json\/wp\/v2\/pages\/6569"}],"wp:attachment":[{"href":"https:\/\/unisig.com\/de\/wp-json\/wp\/v2\/media?parent=6499"}],"wp:term":[{"taxonomy":"folder","embeddable":true,"href":"https:\/\/unisig.com\/de\/wp-json\/wp\/v2\/folder?post=6499"}],"curies":[{"name":"wp","href":"https:\/\/api.w.org\/{rel}","templated":true}]}}