{"id":6504,"date":"2020-06-15T10:47:52","date_gmt":"2020-06-15T15:47:52","guid":{"rendered":"https:\/\/stagingxx.unisig.com\/engineering-und-fertigung\/"},"modified":"2021-03-30T10:03:50","modified_gmt":"2021-03-30T15:03:50","slug":"engineering-und-fertigung","status":"publish","type":"page","link":"https:\/\/unisig.com\/de\/warum-unisig\/engineering-und-fertigung\/","title":{"rendered":"Engineering und Fertigung"},"content":{"rendered":"<div class=\"wpb-content-wrapper\"><p>[vc_row][vc_column][vc_single_image image=&#8221;3397&#8243; img_size=&#8221;full&#8221;][vc_column_text]<\/p>\n<h1>Engineering und Fertigung<\/h1>\n<p>[\/vc_column_text][vc_column_text]UNISIG-Maschinen werden von Menschen entwickelt und hergestellt, die Werkzeugmaschinen verstehen und sich f\u00fcr Pr\u00e4zision und Leistung begeistern.<\/p>\n<p>Wir glauben, dass Engineering und Fertigung eng zusammenarbeiten sollten, um die beste Kombination aus Leistung, Zuverl\u00e4ssigkeit und Wert zu erreichen. Eine starke Materialkontrollgruppe, erfahrenes Management und der Einsatz von Business Intelligence-Technologie bringen alles zusammen.<\/p>\n<p>Unsere Ingenieure werden mit fortschrittlichen 3D-Modellierungs- und Simulationswerkzeugen geschult, die es uns erm\u00f6glichen, virtuelle Prototypen zu erstellen und technisches Personal und Kunden in Design-Reviews einzubinden, um unsere Konzepte zu verbessern, bevor wir sie zum Leben erwecken.<\/p>\n<p>Kritische Komponenten werden in unserem Hauptwerk in Menomonee Falls, Wisconsin, hergestellt. Wir haben in Ausr\u00fcstung, Werkzeuge und Schulungen investiert, die es uns erm\u00f6glichen, komplexe Pr\u00e4zisionsteile effizient mit ungew\u00f6hnlich genauen Ergebnissen zu bearbeiten.<\/p>\n<p>Unsere Gussteile, Schmiedeteile und Schwei\u00dfkonstruktionen stammen von Anbietern in der N\u00e4he unseres Werks im Mittleren Westen und wir pflegen langj\u00e4hrige Beziehungen zu hochwertigen Anbietern von W\u00e4rmebehandlung, Beschichtungen und anderen Spezialdienstleistungen, die f\u00fcr die Herstellung von Hochleistungsger\u00e4ten erforderlich sind.<\/p>\n<p>UNISIG Maschinen folgen der metrischen Norm und wir wenden verschiedene ISO-, DIN- und AGMA-Standards w\u00e4hrend des gesamten Konstruktionsprozesses an. Wir w\u00e4hlen gekaufte Komponenten basierend auf ihrer bew\u00e4hrten Leistung und globalen Support-Pr\u00e4senz aus. Unsere Lieferantenbeziehungen und unser Gesch\u00e4ftsvolumen erm\u00f6glichen es unseren Kunden, diese Premium-Komponenten zu den niedrigsten Kosten zu erhalten.<\/p>\n<p>Wir verwenden elektrische Steuerungssysteme von Branchenf\u00fchrern wie Siemens, Fanuc, Heidenhain und Allen Bradley. Die elektrischen Systeme f\u00fcr unsere Maschinen werden von UNISIG in unserer Produktionsst\u00e4tte nach DEN Richtlinien NEC, NFPA, IEC, CSA und CE entwickelt, montiert und vollst\u00e4ndig getestet.<\/p>\n<p>Unser Build-Team arbeitet in einer klimagesteuerten Umgebung, die mit effizienten Materialhandhabungssystemen ausgestattet ist und durch Pr\u00e4zisionswerkzeuge und Messger\u00e4te unterst\u00fctzt wird. Jede Maschine wird in unserer Anlage komplett montiert und gr\u00fcndlich getestet.<\/p>\n<p>Wir laden unsere Kunden ein, uns zu besuchen, w\u00e4hrend ihre Maschine im Bau ist, um zu sehen, wie wir alles zusammenbringen. Nach Abschluss wird vor dem Verpacken und Verpacken ein Maschinenablauf und schulungen angeboten.[\/vc_column_text][vc_separator][\/vc_column][\/vc_row][vc_row][vc_column][vc_column_text]Erfahren Sie mehr \u00fcber UNISIG:<\/p>\n<ul>\n<li><a href=\"https:\/\/unisig.com\/de\/ueber-unisig\/\">Warum UNISIG<\/a><\/li>\n<li><a href=\"https:\/\/unisig.com\/de\/warum-unisig\/unser-hauptsitz\/?lang=de\">Unser Hauptsitz<\/a><\/li>\n<li><a href=\"https:\/\/unisig.com\/de\/warum-unisig\/unternehmensstruktur\/?lang=de\">Unternehmensstruktur<\/a><\/li>\n<li><a href=\"https:\/\/unisig.com\/de\/warum-unisig\/geschichte\/?lang=de\">Geschichte<\/a><\/li>\n<li><a href=\"https:\/\/unisig.com\/careers-at-unisig\" target=\"_blank\" rel=\"noopener noreferrer\">Karriere<\/a><\/li>\n<\/ul>\n<p>[\/vc_column_text][\/vc_column][\/vc_row]<\/p>\n<\/div>","protected":false},"excerpt":{"rendered":"<p>[vc_row][vc_column][vc_single_image image=&#8221;3397&#8243; img_size=&#8221;full&#8221;][vc_column_text] Engineering und Fertigung [\/vc_column_text][vc_column_text]UNISIG-Maschinen werden von Menschen entwickelt und hergestellt, die Werkzeugmaschinen verstehen und sich f\u00fcr Pr\u00e4zision und Leistung begeistern. Wir glauben, dass Engineering und Fertigung eng zusammenarbeiten sollten, um die beste Kombination aus Leistung, Zuverl\u00e4ssigkeit und Wert zu erreichen. Eine starke Materialkontrollgruppe, erfahrenes Management und der Einsatz von Business Intelligence-Technologie bringen<a href=\"https:\/\/unisig.com\/de\/warum-unisig\/engineering-und-fertigung\/\" class=\"more-link\">Read More<\/a><\/p>\n","protected":false},"author":3,"featured_media":0,"parent":6569,"menu_order":0,"comment_status":"closed","ping_status":"closed","template":"page-templates\/template-2.php","meta":{"_acf_changed":false,"footnotes":""},"folder":[],"class_list":["post-6504","page","type-page","status-publish","hentry"],"acf":[],"_links":{"self":[{"href":"https:\/\/unisig.com\/de\/wp-json\/wp\/v2\/pages\/6504","targetHints":{"allow":["GET"]}}],"collection":[{"href":"https:\/\/unisig.com\/de\/wp-json\/wp\/v2\/pages"}],"about":[{"href":"https:\/\/unisig.com\/de\/wp-json\/wp\/v2\/types\/page"}],"author":[{"embeddable":true,"href":"https:\/\/unisig.com\/de\/wp-json\/wp\/v2\/users\/3"}],"replies":[{"embeddable":true,"href":"https:\/\/unisig.com\/de\/wp-json\/wp\/v2\/comments?post=6504"}],"version-history":[{"count":0,"href":"https:\/\/unisig.com\/de\/wp-json\/wp\/v2\/pages\/6504\/revisions"}],"up":[{"embeddable":true,"href":"https:\/\/unisig.com\/de\/wp-json\/wp\/v2\/pages\/6569"}],"wp:attachment":[{"href":"https:\/\/unisig.com\/de\/wp-json\/wp\/v2\/media?parent=6504"}],"wp:term":[{"taxonomy":"folder","embeddable":true,"href":"https:\/\/unisig.com\/de\/wp-json\/wp\/v2\/folder?post=6504"}],"curies":[{"name":"wp","href":"https:\/\/api.w.org\/{rel}","templated":true}]}}