{"id":6505,"date":"2020-06-15T10:47:52","date_gmt":"2020-06-15T15:47:52","guid":{"rendered":"https:\/\/stagingxx.unisig.com\/fraesen-und-bearbeiten\/"},"modified":"2025-01-16T08:58:27","modified_gmt":"2025-01-16T14:58:27","slug":"fraesen-und-bearbeiten","status":"publish","type":"page","link":"https:\/\/unisig.com\/de\/informationen-ressourcen\/tiefbohrverfahren\/fraesen-und-bearbeiten\/","title":{"rendered":"Fr\u00e4sen und Bearbeiten"},"content":{"rendered":"<div class=\"wpb-content-wrapper\"><p>[vc_row][vc_column][vc_column_text]<\/p>\n<h1>Fr\u00e4sen und Bearbeitung<\/h1>\n<p>[\/vc_column_text][vc_column_text]Bestimmte UNISIG-Maschinenmodelle beinhalten Fr\u00e4sen und Bearbeiten als Erg\u00e4nzung zum Pr\u00e4zisions-Tiefbohren. Zus\u00e4tzliche dynamische Bearbeitungsfunktionen f\u00fchren zu einer Reduzierung der R\u00fcstzeiten und einer verbesserter Rentabilit\u00e4t bei der Herstellung komplexer Werkst\u00fccke von Anfang bis Ende. Fr\u00e4sen, Bohren, Gewindebohren, Gewindefr\u00e4sen, Konturieren und andere CNC-Bearbeitungen sowie bis zu 5-Achsen-Positionierung sind auf einem UNISIG Tiefbohr- und Bearbeitungszentrum hochproduktiv.[\/vc_column_text][vc_separator][vc_column_text]<\/p>\n<h2>Maschinen mit Fr\u00e4s- und Bearbeitungsoption finden<\/h2>\n<p>[\/vc_column_text][\/vc_column][\/vc_row][vc_row][vc_column width=&#8221;1\/3&#8243;][vc_single_image image=&#8221;207811&#8243; img_size=&#8221;full&#8221; onclick=&#8221;custom_link&#8221; css=&#8221;&#8221; link=&#8221;\/?page_id=6366&#8243;][vc_column_text]<\/p>\n<h4><a href=\"https:\/\/unisig.com\/de\/alle-maschinen\/tiefbohr-und-fraeszentren\/\">USC-M-Serie<\/a><\/h4>\n<p>[\/vc_column_text][vc_column_text]Die Maschinen der USC-M-Serie kombinieren Tiefbohren und Fr\u00e4sen in einer einzigen Maschine, was zu erheblichen Verbesserungen der Leistungsf\u00e4higkeit und des Durchsatzes f\u00fchrt.<\/p>\n<h5>Entwickelt f\u00fcr:<\/h5>\n<ul>\n<li>Einlippenbohren, BTA, Bearbeitung<\/li>\n<li>Bohrdurchmesser bis 50 mm [2 .00 in]<\/li>\n<li>Kubische Werkst\u00fccke<\/li>\n<li>Formenbauanwendungen<\/li>\n<\/ul>\n<p>[\/vc_column_text][\/vc_column][vc_column width=&#8221;1\/3&#8243;][vc_single_image image=&#8221;207817&#8243; img_size=&#8221;full&#8221; onclick=&#8221;custom_link&#8221; css=&#8221;&#8221; link=&#8221;\/?page_id=6657&#8243;][vc_column_text]<\/p>\n<h4><a href=\"https:\/\/unisig.com\/de\/alle-maschinen\/usc-maschinen-fuer-grossteile\/\">USC-Serie<\/a><\/h4>\n<p>[\/vc_column_text][vc_column_text]Fahrst\u00e4ndermaschinen der USC-Serie erlauben die Bearbeitung gr\u00f6\u00dferer und schwererer Werkst\u00fccke mit Robustheit und Genauigkeit.<\/p>\n<h5>Entwickelt f\u00fcr:<\/h5>\n<ul>\n<li>BTA, Bearbeitung<\/li>\n<li>Bohrdurchmesser bis 102 mm [4 .00 in]<\/li>\n<li>Gro\u00dfvolumige Werkst\u00fccke<\/li>\n<\/ul>\n<p>[\/vc_column_text][\/vc_column][\/vc_row][vc_row][vc_column][vc_cta h2=&#8221;Anwendung einsenden&#8221; h2_font_container=&#8221;color:%23005288&#8243; h2_google_fonts=&#8221;font_family:Open%20Sans%3A300%2C300italic%2Cregular%2Citalic%2C600%2C600italic%2C700%2C700italic%2C800%2C800italic|font_style:400%20regular%3A400%3Anormal&#8221; shape=&#8221;square&#8221; style=&#8221;custom&#8221; add_button=&#8221;bottom&#8221; btn_title=&#8221;Anwendung einsenden&#8221; btn_shape=&#8221;square&#8221; css=&#8221;.vc_custom_1605885183369{border-top-width: 0px !important;border-right-width: 0px !important;border-bottom-width: 0px !important;border-left-width: 0px !important;}&#8221; use_custom_fonts_h2=&#8221;true&#8221; custom_background=&#8221;#e3e3e3&#8243; custom_text=&#8221;#151515&#8243; btn_link=&#8221;url:%2F%3Fpage_id%3D6519|||&#8221;]Senden Sie Ihre Anwendung f\u00fcr f\u00fcr ein Maschinenangebot.[\/vc_cta][\/vc_column][\/vc_row]<\/p>\n<\/div>","protected":false},"excerpt":{"rendered":"<p>[vc_row][vc_column][vc_column_text] Fr\u00e4sen und Bearbeitung [\/vc_column_text][vc_column_text]Bestimmte UNISIG-Maschinenmodelle beinhalten Fr\u00e4sen und Bearbeiten als Erg\u00e4nzung zum Pr\u00e4zisions-Tiefbohren. Zus\u00e4tzliche dynamische Bearbeitungsfunktionen f\u00fchren zu einer Reduzierung der R\u00fcstzeiten und einer verbesserter Rentabilit\u00e4t bei der Herstellung komplexer Werkst\u00fccke von Anfang bis Ende. Fr\u00e4sen, Bohren, Gewindebohren, Gewindefr\u00e4sen, Konturieren und andere CNC-Bearbeitungen sowie bis zu 5-Achsen-Positionierung sind auf einem UNISIG Tiefbohr- und Bearbeitungszentrum<a href=\"https:\/\/unisig.com\/de\/informationen-ressourcen\/tiefbohrverfahren\/fraesen-und-bearbeiten\/\" class=\"more-link\">Read More<\/a><\/p>\n","protected":false},"author":3,"featured_media":0,"parent":6587,"menu_order":0,"comment_status":"closed","ping_status":"closed","template":"page-templates\/template-2.php","meta":{"_acf_changed":false,"footnotes":""},"folder":[],"class_list":["post-6505","page","type-page","status-publish","hentry"],"acf":[],"_links":{"self":[{"href":"https:\/\/unisig.com\/de\/wp-json\/wp\/v2\/pages\/6505","targetHints":{"allow":["GET"]}}],"collection":[{"href":"https:\/\/unisig.com\/de\/wp-json\/wp\/v2\/pages"}],"about":[{"href":"https:\/\/unisig.com\/de\/wp-json\/wp\/v2\/types\/page"}],"author":[{"embeddable":true,"href":"https:\/\/unisig.com\/de\/wp-json\/wp\/v2\/users\/3"}],"replies":[{"embeddable":true,"href":"https:\/\/unisig.com\/de\/wp-json\/wp\/v2\/comments?post=6505"}],"version-history":[{"count":0,"href":"https:\/\/unisig.com\/de\/wp-json\/wp\/v2\/pages\/6505\/revisions"}],"up":[{"embeddable":true,"href":"https:\/\/unisig.com\/de\/wp-json\/wp\/v2\/pages\/6587"}],"wp:attachment":[{"href":"https:\/\/unisig.com\/de\/wp-json\/wp\/v2\/media?parent=6505"}],"wp:term":[{"taxonomy":"folder","embeddable":true,"href":"https:\/\/unisig.com\/de\/wp-json\/wp\/v2\/folder?post=6505"}],"curies":[{"name":"wp","href":"https:\/\/api.w.org\/{rel}","templated":true}]}}