{"id":6522,"date":"2020-06-15T10:54:14","date_gmt":"2020-06-15T15:54:14","guid":{"rendered":"https:\/\/stagingxx.unisig.com\/allgemeine-geschaeftsbedingungen\/"},"modified":"2020-06-15T10:54:14","modified_gmt":"2020-06-15T15:54:14","slug":"allgemeine-geschaeftsbedingungen","status":"publish","type":"page","link":"https:\/\/unisig.com\/de\/feindruck\/allgemeine-geschaeftsbedingungen\/","title":{"rendered":"Allgemeine Gesch\u00e4ftsbedingungen"},"content":{"rendered":"<div class=\"wpb-content-wrapper\"><p>[vc_row][vc_column][vc_column_text]<\/p>\n<h1>Allgemeine Gesch\u00e4ftsbedingungen<\/h1>\n<p>Ihr Zugriff und Ihre Nutzung von unisig.com unterliegt den folgenden Gesch\u00e4ftsbedingungen und allen anwendbaren Gesetzen. Durch die Nutzung der Website akzeptieren Sie die Gesch\u00e4ftsbedingungen und erkennen an, dass jede andere Vereinbarung zwischen Ihnen und der UNISIG-Abteilung von Entrust Manufacturing Technologies, Inc. (&#8220;UNISIG&#8221;) ausgesetzt ist und keine Kraft oder Wirkung hat.<\/p>\n<h3>Bild- und Mediennutzung und Urheberrecht<\/h3>\n<p>Alle Auf dieser Website enthaltenen Medien, einschlie\u00dflich Bilder, Renderings, Diagramme und Videos, sind Eigentum von UNISIG und d\u00fcrfen ohne vorherige Genehmigung nicht verwendet, reproduziert oder ver\u00e4ndert werden. Anfragen zur Verwendung von Medien k\u00f6nnen an webmaster@unisig.com gesendet werden und enthalten die beabsichtigte Verwendung f\u00fcr UNISIG-Websitebilder.<\/p>\n<h3>Allgemeine Gesch\u00e4ftsbedingungen der Website<\/h3>\n<ol>\n<li>Copyright 2016 UNISIG Divison von Entrust Manufacturing Technologies. Alle Rechte vorbehalten. UNISIG beh\u00e4lt sich das Eigentum an allen Rechten, Titeln und Interessen an allen Urheberrechten an allen Dokumenten, Texten, Bildern und Logos vor.<\/li>\n<li>Alles, was Sie auf der Website lesen oder sehen, ist urheberrechtlich gesch\u00fctzt und darf nicht von anderen Parteien verwendet werden, es sei denn, dies ist in diesen Allgemeinen Gesch\u00e4ftsbedingungen oder wie auf der Website angegeben.<\/li>\n<li>UNISIG unternimmt angemessene Anstrengungen, um genaue und aktuelle Informationen auf der Website einzuschlie\u00dfen, \u00fcbernimmt jedoch keine Gew\u00e4hr f\u00fcr deren Richtigkeit. UNISIG \u00fcbernimmt keine Haftung oder Verantwortung f\u00fcr Fehler oder Auslassungen in der Inhalte.<\/li>\n<li>Ihre Nutzung der Website erfolgt auf eigene Gefahr. UNISIG, noch jede andere Partei, die an der Produktion, Wartung oder Lieferung der Website beteiligt ist, haftet f\u00fcr direkte, zuf\u00e4llige, Folge-, indirekte oder Strafsch\u00e4den aus der Nutzung der Website. UNISIG \u00fcbernimmt auch keine Verantwortung f\u00fcr Sch\u00e4den aufgrund von Computerviren, die Ihre Computerausr\u00fcstung aufgrund Ihres Zugriffs auf und\/oder der Nutzung der Website oder durch das Herunterladen von Medien von der Website infizieren k\u00f6nnen.<\/li>\n<li>Mitteilungen oder Materialien, die Sie per E-Mail oder auf andere Weise an die Website \u00fcbermitteln, einschlie\u00dflich Daten, Fragen, Kommentare, Vorschl\u00e4ge und dergleichen, sind als nicht vertraulich und nicht urheberrechtlich gesch\u00fctzt zu behandeln, es sei denn, es handelt sich um rechtssignierte Schutzma\u00dfnahmen, sofern dies erforderlich ist. UNISIG kann Ihre \u00fcber die Website \u00fcbermittelten Beitr\u00e4ge in zuk\u00fcnftigen Kommunikations-, Marketingprodukten und\/oder Technologieentwicklungen verwenden.<\/li>\n<li>Bilder von Personen oder Orten auf der Website sind Eigentum von UNISIG oder werden mit Genehmigung von UNISIG verwendet. Die unbefugte Verwendung von Bildern von Personen oder Eigentum kann gegen Urheberrechtsgesetze, Markengesetze, Datenschutz- und Publizit\u00e4tsgesetze sowie Kommunikationsvorschriften versto\u00dfen.<\/li>\n<li>UNISIG hat nicht alle mit dieser Website verkn\u00fcpften Websites \u00fcberpr\u00fcft und ist nicht verantwortlich f\u00fcr den Inhalt oder die Genauigkeit der Informationen \u00fcber eine Off-Site-Seite oder eine Seite, die mit dieser Website verkn\u00fcpft ist. Ihre Verlinkung auf andere Off-Site-Seiten erfolgt auf eigene Gefahr.<\/li>\n<li>Die Gesch\u00e4ftsbedingungen der unisig.com k\u00f6nnen jederzeit aktualisiert werden und werden in dieser Ver\u00f6ffentlichung aktualisiert. Sie sind an solche \u00dcberarbeitungen gebunden und sollten diese Seite von Zeit zu Zeit besuchen, um auf dem Laufenden zu bleiben. F\u00fcr weitere Informationen kontaktieren Sie uns bitte unter webmaster@unisig.com.<\/li>\n<\/ol>\n<p><em>Aktualisiert August 2016<\/em>[\/vc_column_text][\/vc_column][\/vc_row]<\/p>\n<\/div>","protected":false},"excerpt":{"rendered":"<p>[vc_row][vc_column][vc_column_text] Allgemeine Gesch\u00e4ftsbedingungen Ihr Zugriff und Ihre Nutzung von unisig.com unterliegt den folgenden Gesch\u00e4ftsbedingungen und allen anwendbaren Gesetzen. Durch die Nutzung der Website akzeptieren Sie die Gesch\u00e4ftsbedingungen und erkennen an, dass jede andere Vereinbarung zwischen Ihnen und der UNISIG-Abteilung von Entrust Manufacturing Technologies, Inc. (&#8220;UNISIG&#8221;) ausgesetzt ist und keine Kraft oder Wirkung hat. Bild- und<a href=\"https:\/\/unisig.com\/de\/feindruck\/allgemeine-geschaeftsbedingungen\/\" class=\"more-link\">Read More<\/a><\/p>\n","protected":false},"author":3,"featured_media":0,"parent":6578,"menu_order":0,"comment_status":"closed","ping_status":"closed","template":"page-templates\/template-2.php","meta":{"_acf_changed":false,"footnotes":""},"folder":[],"class_list":["post-6522","page","type-page","status-publish","hentry"],"acf":[],"_links":{"self":[{"href":"https:\/\/unisig.com\/de\/wp-json\/wp\/v2\/pages\/6522","targetHints":{"allow":["GET"]}}],"collection":[{"href":"https:\/\/unisig.com\/de\/wp-json\/wp\/v2\/pages"}],"about":[{"href":"https:\/\/unisig.com\/de\/wp-json\/wp\/v2\/types\/page"}],"author":[{"embeddable":true,"href":"https:\/\/unisig.com\/de\/wp-json\/wp\/v2\/users\/3"}],"replies":[{"embeddable":true,"href":"https:\/\/unisig.com\/de\/wp-json\/wp\/v2\/comments?post=6522"}],"version-history":[{"count":0,"href":"https:\/\/unisig.com\/de\/wp-json\/wp\/v2\/pages\/6522\/revisions"}],"up":[{"embeddable":true,"href":"https:\/\/unisig.com\/de\/wp-json\/wp\/v2\/pages\/6578"}],"wp:attachment":[{"href":"https:\/\/unisig.com\/de\/wp-json\/wp\/v2\/media?parent=6522"}],"wp:term":[{"taxonomy":"folder","embeddable":true,"href":"https:\/\/unisig.com\/de\/wp-json\/wp\/v2\/folder?post=6522"}],"curies":[{"name":"wp","href":"https:\/\/api.w.org\/{rel}","templated":true}]}}