{"id":6532,"date":"2020-06-15T10:54:16","date_gmt":"2020-06-15T15:54:16","guid":{"rendered":"https:\/\/stagingxx.unisig.com\/produkte-technologie\/automatisierung\/"},"modified":"2025-01-24T14:19:01","modified_gmt":"2025-01-24T20:19:01","slug":"automatisierung","status":"publish","type":"page","link":"https:\/\/unisig.com\/de\/automatisierung\/","title":{"rendered":"Automatisierung f\u00fcr Tiefbohrsysteme"},"content":{"rendered":"<div class=\"wpb-content-wrapper\"><p>[vc_row][vc_column][vc_single_image image=&#8221;1722&#8243; img_size=&#8221;full&#8221;][vc_column_text]<\/p>\n<h1>Automatisierung f\u00fcr Tiefbohrsysteme<\/h1>\n<p>[\/vc_column_text][vc_column_text]Automatisierungsl\u00f6sungen werden fachm\u00e4nnisch konstruiert und in Tiefbohrsysteme integriert, um die Effizienz im Fertigungsproze\u00df zu steigern. Automatisierung ist sehr h\u00e4ufig ein Bestandteil von Tiefbohr-Fertigungszellen und kann entweder nur eine Maschine bedienen, oder dazu eingesetzt werden verschiedene Maschinen oder Prozesse zu kombinieren.<\/p>\n<p>UNISIGs Erfahrung in der Entwicklung und Integration sicherer und effektiver Automatisierung zahlt sich aus, ob es sich um Standard-Automatisierung oder eine spezialisierte L\u00f6sung f\u00fcr die Anforderungen ihrer Produktion oder Fertigungseinrichtungen handelt. Mit einer Automatisierungsl\u00f6sung nutzen Sie das ganze Potential Ihrer Tiefbohrmaschine.[\/vc_column_text][vc_text_separator title=&#8221;Finden Sie Automatisierungsl\u00f6sungen&#8221; title_align=&#8221;separator_align_left&#8221;][\/vc_column][\/vc_row][vc_row][vc_column width=&#8221;1\/3&#8243;][vc_single_image image=&#8221;1723&#8243; img_size=&#8221;full&#8221; onclick=&#8221;custom_link&#8221; link=&#8221;\/?page_id=6563&#8243;][vc_column_text]<\/p>\n<h3>Flexible Automatisierung<\/h3>\n<p>[\/vc_column_text][vc_column_text]Flexible Automatisierungsl\u00f6sungen bieten vielseitige Funktionen, die in das Maschinendesign integriert oder unabh\u00e4ngig voneinander entworfen werden k\u00f6nnen, um den Betrieb einer einzelnen Maschine zu automatisieren oder mehrere Maschinen zu einer automatisierten Zelle zusammenzufassen.<\/p>\n<p>Roboter-Automatisierung | Roboter-Vorbereitung | Palettenf\u00f6rderer | Palettenwechsler | Servo-Portallader[\/vc_column_text][\/vc_column][vc_column width=&#8221;1\/3&#8243;][vc_single_image image=&#8221;1725&#8243; img_size=&#8221;full&#8221; onclick=&#8221;custom_link&#8221; link=&#8221;\/?page_id=6570&#8243;][vc_column_text]<\/p>\n<h3>Maschinen-Automatisierung<\/h3>\n<p>[\/vc_column_text][vc_column_text]Maschinenautomationsl\u00f6sungen sind maschinenmontierte, integrierte Komponenten, einschlie\u00dflich der Funktionen f\u00fcr das Laden und die Handhabung von Teilen. Diese werden in das Maschinendesign integriert und so programmiert, dass sie integral mit dem restlichen System funktionieren.<\/p>\n<p>Programmierbare intelligente F\u00f6rderer | Hubbalken<\/p>\n<p>[\/vc_column_text][\/vc_column][vc_column width=&#8221;1\/3&#8243;][vc_single_image image=&#8221;1724&#8243; img_size=&#8221;full&#8221; onclick=&#8221;custom_link&#8221; link=&#8221;\/?page_id=6573&#8243;][vc_column_text]<\/p>\n<h3>Kundenspezifische Automatisierung<\/h3>\n<p>[\/vc_column_text][vc_column_text]F\u00fcr umfangreichere Automatisierungsanforderungen kann die kundenspezifische Automatisierung auf der Grundlage von Erfahrungen mit diesen Anwendungsarten programmiert und integriert werden. Zu den kundenspezifischen Automatisierungsfunktionen geh\u00f6ren kundenspezifische Feeder und Lader, die f\u00fcr Produktions-, Anwendungs-, Budget- und Anlagenanforderungen optimiert sind.<\/p>\n<p>Pick und Place| Schwergutlader | Magazinlader | Massenlader[\/vc_column_text][\/vc_column][\/vc_row]<\/p>\n<\/div>","protected":false},"excerpt":{"rendered":"<p>[vc_row][vc_column][vc_single_image image=&#8221;1722&#8243; img_size=&#8221;full&#8221;][vc_column_text] Automatisierung f\u00fcr Tiefbohrsysteme [\/vc_column_text][vc_column_text]Automatisierungsl\u00f6sungen werden fachm\u00e4nnisch konstruiert und in Tiefbohrsysteme integriert, um die Effizienz im Fertigungsproze\u00df zu steigern. Automatisierung ist sehr h\u00e4ufig ein Bestandteil von Tiefbohr-Fertigungszellen und kann entweder nur eine Maschine bedienen, oder dazu eingesetzt werden verschiedene Maschinen oder Prozesse zu kombinieren. UNISIGs Erfahrung in der Entwicklung und Integration sicherer und<a href=\"https:\/\/unisig.com\/de\/automatisierung\/\" class=\"more-link\">Read More<\/a><\/p>\n","protected":false},"author":3,"featured_media":0,"parent":0,"menu_order":0,"comment_status":"closed","ping_status":"closed","template":"page-templates\/template-2.php","meta":{"_acf_changed":false,"footnotes":""},"folder":[],"class_list":["post-6532","page","type-page","status-publish","hentry"],"acf":[],"_links":{"self":[{"href":"https:\/\/unisig.com\/de\/wp-json\/wp\/v2\/pages\/6532","targetHints":{"allow":["GET"]}}],"collection":[{"href":"https:\/\/unisig.com\/de\/wp-json\/wp\/v2\/pages"}],"about":[{"href":"https:\/\/unisig.com\/de\/wp-json\/wp\/v2\/types\/page"}],"author":[{"embeddable":true,"href":"https:\/\/unisig.com\/de\/wp-json\/wp\/v2\/users\/3"}],"replies":[{"embeddable":true,"href":"https:\/\/unisig.com\/de\/wp-json\/wp\/v2\/comments?post=6532"}],"version-history":[{"count":0,"href":"https:\/\/unisig.com\/de\/wp-json\/wp\/v2\/pages\/6532\/revisions"}],"wp:attachment":[{"href":"https:\/\/unisig.com\/de\/wp-json\/wp\/v2\/media?parent=6532"}],"wp:term":[{"taxonomy":"folder","embeddable":true,"href":"https:\/\/unisig.com\/de\/wp-json\/wp\/v2\/folder?post=6532"}],"curies":[{"name":"wp","href":"https:\/\/api.w.org\/{rel}","templated":true}]}}