{"id":6536,"date":"2020-06-15T10:54:17","date_gmt":"2020-06-15T15:54:17","guid":{"rendered":"https:\/\/stagingxx.unisig.com\/produkte-technologie\/maschinenzubehoer\/"},"modified":"2020-12-01T02:54:23","modified_gmt":"2020-12-01T08:54:23","slug":"maschinenzubehoer","status":"publish","type":"page","link":"https:\/\/unisig.com\/de\/maschinenzubehoer\/","title":{"rendered":"Tiefbohrmaschinen-Zubeh\u00f6r"},"content":{"rendered":"<div class=\"wpb-content-wrapper\"><p>[vc_row][vc_column][vc_single_image image=&#8221;2075&#8243; img_size=&#8221;full&#8221;][vc_column_text]<\/p>\n<h1>Tiefbohrmaschinen-Zubeh\u00f6r<\/h1>\n<p>[\/vc_column_text][vc_column_text]UNISIG Maschinenzubeh\u00f6r erh\u00f6ht die Leistungsf\u00e4higkeit einer BTA oder ELB Tiefbohrmaschine und ist sowohl als Teil der Orginalausr\u00fcstung, als auch f\u00fcr sp\u00e4teres Nachr\u00fcsten erh\u00e4ltlich.[\/vc_column_text][\/vc_column][\/vc_row][vc_row][vc_column][vc_separator][\/vc_column][\/vc_row][vc_row][vc_column width=&#8221;1\/4&#8243;][vc_single_image image=&#8221;2232&#8243; img_size=&#8221;full&#8221; onclick=&#8221;custom_link&#8221; link=&#8221;https:\/\/unisig.com\/products-and-technology\/machine-accessories\/deep-hole-drilling-oil\/&#8221;][\/vc_column][vc_column width=&#8221;3\/4&#8243;][vc_column_text]<\/p>\n<h4><a href=\"https:\/\/unisig.com\/de\/maschinenzubehoer\/tiefbohroel\/\">Tiefbohr\u00f6l<\/a><\/h4>\n<p>[\/vc_column_text][vc_column_text]Speziell formuliertes UNISIG Tieflochbohr\u00f6l ist optimal f\u00fcr Hochdruck-BTA- und Schie\u00dfoperationen.[\/vc_column_text][vc_column_text]<a href=\"https:\/\/unisig.com\/de\/maschinenzubehoer\/tiefbohroel\/\">Weitere Informationen &gt;<\/a>[\/vc_column_text][\/vc_column][\/vc_row][vc_row][vc_column][vc_separator][\/vc_column][\/vc_row][vc_row][vc_column width=&#8221;1\/4&#8243;][vc_single_image image=&#8221;2231&#8243; img_size=&#8221;full&#8221; onclick=&#8221;custom_link&#8221; link=&#8221;https:\/\/unisig.com\/products-and-technology\/machine-accessories\/gundrill-grinder\/&#8221;][\/vc_column][vc_column width=&#8221;3\/4&#8243;][vc_column_text]<\/p>\n<h4><a href=\"https:\/\/unisig.com\/de\/produktetechnologie\/maschinenzubehoer\/elb-schleifmaschine\/\">ELB-Werkzeugschleifmaschine<\/a><\/h4>\n<p>[\/vc_column_text][vc_column_text]UNISIG&#8217;s ELB Werkzeugschleifsystem kombiniert Hochleistungsschleifen mit modernster Optik und Messtechnik-Software f\u00fcr zuverl\u00e4ssiges, wiederholbares Nachschleifen.[\/vc_column_text][vc_column_text]<a href=\"https:\/\/unisig.com\/de\/produktetechnologie\/maschinenzubehoer\/elb-schleifmaschine\/\">Weitere Informationen &gt;<\/a>[\/vc_column_text][\/vc_column][\/vc_row][vc_row][vc_column][vc_separator][\/vc_column][\/vc_row]<\/p>\n<\/div>","protected":false},"excerpt":{"rendered":"<p>[vc_row][vc_column][vc_single_image image=&#8221;2075&#8243; img_size=&#8221;full&#8221;][vc_column_text] Tiefbohrmaschinen-Zubeh\u00f6r [\/vc_column_text][vc_column_text]UNISIG Maschinenzubeh\u00f6r erh\u00f6ht die Leistungsf\u00e4higkeit einer BTA oder ELB Tiefbohrmaschine und ist sowohl als Teil der Orginalausr\u00fcstung, als auch f\u00fcr sp\u00e4teres Nachr\u00fcsten erh\u00e4ltlich.[\/vc_column_text][\/vc_column][\/vc_row][vc_row][vc_column][vc_separator][\/vc_column][\/vc_row][vc_row][vc_column width=&#8221;1\/4&#8243;][vc_single_image image=&#8221;2232&#8243; img_size=&#8221;full&#8221; onclick=&#8221;custom_link&#8221; link=&#8221;https:\/\/unisig.com\/products-and-technology\/machine-accessories\/deep-hole-drilling-oil\/&#8221;][\/vc_column][vc_column width=&#8221;3\/4&#8243;][vc_column_text] Tiefbohr\u00f6l [\/vc_column_text][vc_column_text]Speziell formuliertes UNISIG Tieflochbohr\u00f6l ist optimal f\u00fcr Hochdruck-BTA- und Schie\u00dfoperationen.[\/vc_column_text][vc_column_text]Weitere Informationen &gt;[\/vc_column_text][\/vc_column][\/vc_row][vc_row][vc_column][vc_separator][\/vc_column][\/vc_row][vc_row][vc_column width=&#8221;1\/4&#8243;][vc_single_image image=&#8221;2231&#8243; img_size=&#8221;full&#8221; onclick=&#8221;custom_link&#8221; link=&#8221;https:\/\/unisig.com\/products-and-technology\/machine-accessories\/gundrill-grinder\/&#8221;][\/vc_column][vc_column width=&#8221;3\/4&#8243;][vc_column_text] ELB-Werkzeugschleifmaschine [\/vc_column_text][vc_column_text]UNISIG&#8217;s ELB<a href=\"https:\/\/unisig.com\/de\/maschinenzubehoer\/\" class=\"more-link\">Read More<\/a><\/p>\n","protected":false},"author":3,"featured_media":0,"parent":0,"menu_order":0,"comment_status":"closed","ping_status":"closed","template":"page-templates\/template-2.php","meta":{"_acf_changed":false,"footnotes":""},"folder":[],"class_list":["post-6536","page","type-page","status-publish","hentry"],"acf":[],"_links":{"self":[{"href":"https:\/\/unisig.com\/de\/wp-json\/wp\/v2\/pages\/6536","targetHints":{"allow":["GET"]}}],"collection":[{"href":"https:\/\/unisig.com\/de\/wp-json\/wp\/v2\/pages"}],"about":[{"href":"https:\/\/unisig.com\/de\/wp-json\/wp\/v2\/types\/page"}],"author":[{"embeddable":true,"href":"https:\/\/unisig.com\/de\/wp-json\/wp\/v2\/users\/3"}],"replies":[{"embeddable":true,"href":"https:\/\/unisig.com\/de\/wp-json\/wp\/v2\/comments?post=6536"}],"version-history":[{"count":0,"href":"https:\/\/unisig.com\/de\/wp-json\/wp\/v2\/pages\/6536\/revisions"}],"wp:attachment":[{"href":"https:\/\/unisig.com\/de\/wp-json\/wp\/v2\/media?parent=6536"}],"wp:term":[{"taxonomy":"folder","embeddable":true,"href":"https:\/\/unisig.com\/de\/wp-json\/wp\/v2\/folder?post=6536"}],"curies":[{"name":"wp","href":"https:\/\/api.w.org\/{rel}","templated":true}]}}