{"id":6539,"date":"2020-06-15T10:54:18","date_gmt":"2020-06-15T15:54:18","guid":{"rendered":"https:\/\/stagingxx.unisig.com\/informationen-ressourcen\/fallstudien\/"},"modified":"2021-01-26T06:27:12","modified_gmt":"2021-01-26T12:27:12","slug":"fallstudien","status":"publish","type":"page","link":"https:\/\/unisig.com\/de\/news-und-events\/fallstudien\/","title":{"rendered":"Fallstudien"},"content":{"rendered":"<div class=\"wpb-content-wrapper\"><p>[vc_row][vc_column][vc_column_text]<\/p>\n<h1>UNISIG-Fallstudien<\/h1>\n<p>[\/vc_column_text][vc_column_text]UNISIG hat unseren Kunden in vielen verschiedenen Branchen Hunderte von hochwertigen Maschinen zur Verf\u00fcgung gestellt. Zus\u00e4tzlich zu den Maschinen bieten wir Anwendungstechnik, Installationsservice und Schulungen auf der ganzen Welt, um unseren Kunden zu helfen, erfolgreich zu sein, wenn sie investieren, um ihre Produktionsziele zu erreichen.<\/p>\n<p>Im Folgenden finden Sie ausgew\u00e4hlte aktuelle Projektzusammenfassungen.[\/vc_column_text][vc_basic_grid post_type=&#8221;post&#8221; max_items=&#8221;-1&#8243; style=&#8221;pagination&#8221; items_per_page=&#8221;6&#8243; element_width=&#8221;6&#8243; paging_design=&#8221;pagination_default&#8221; item=&#8221;2343&#8243; initial_loading_animation=&#8221;none&#8221; grid_id=&#8221;vc_gid:1593176564739-e5205756-7aa9-6&#8243; taxonomies=&#8221;58&#8243;][\/vc_column][\/vc_row][vc_row][vc_column][vc_cta h2=&#8221;Senden Sie Ihre Bewerbung&#8221; h2_font_container=&#8221;color:%23005288&#8243; h2_google_fonts=&#8221;font_family:Open%20Sans%3A300%2C300italic%2Cregular%2Citalic%2C600%2C600italic%2C700%2C700italic%2C800%2C800italic|font_style:400%20regular%3A400%3Anormal&#8221; shape=&#8221;square&#8221; style=&#8221;custom&#8221; add_button=&#8221;bottom&#8221; btn_title=&#8221;Antrag einreichen&#8221; btn_shape=&#8221;square&#8221; use_custom_fonts_h2=&#8221;true&#8221; custom_background=&#8221;#e3e3e3&#8243; custom_text=&#8221;#151515&#8243; css=&#8221;.vc_custom_1470859039646{border-top-width: 0px !important;border-right-width: 0px !important;border-bottom-width: 0px !important;border-left-width: 0px !important;}&#8221; btn_link=&#8221;url:http%3A%2F%2Funisig.com%2Fhow-to-buy%2Frequest-a-quote%2F|&#8221;]Reichen Sie Ihren Tiefbohrantrag f\u00fcr eine technische \u00dcberpr\u00fcfung ein.[\/vc_cta][\/vc_column][\/vc_row]<\/p>\n<\/div>","protected":false},"excerpt":{"rendered":"<p>[vc_row][vc_column][vc_column_text] UNISIG-Fallstudien [\/vc_column_text][vc_column_text]UNISIG hat unseren Kunden in vielen verschiedenen Branchen Hunderte von hochwertigen Maschinen zur Verf\u00fcgung gestellt. Zus\u00e4tzlich zu den Maschinen bieten wir Anwendungstechnik, Installationsservice und Schulungen auf der ganzen Welt, um unseren Kunden zu helfen, erfolgreich zu sein, wenn sie investieren, um ihre Produktionsziele zu erreichen. Im Folgenden finden Sie ausgew\u00e4hlte aktuelle Projektzusammenfassungen.[\/vc_column_text][vc_basic_grid post_type=&#8221;post&#8221;<a href=\"https:\/\/unisig.com\/de\/news-und-events\/fallstudien\/\" class=\"more-link\">Read More<\/a><\/p>\n","protected":false},"author":3,"featured_media":0,"parent":8416,"menu_order":0,"comment_status":"closed","ping_status":"closed","template":"page-templates\/template-2.php","meta":{"_acf_changed":false,"footnotes":""},"folder":[],"class_list":["post-6539","page","type-page","status-publish","hentry"],"acf":[],"_links":{"self":[{"href":"https:\/\/unisig.com\/de\/wp-json\/wp\/v2\/pages\/6539","targetHints":{"allow":["GET"]}}],"collection":[{"href":"https:\/\/unisig.com\/de\/wp-json\/wp\/v2\/pages"}],"about":[{"href":"https:\/\/unisig.com\/de\/wp-json\/wp\/v2\/types\/page"}],"author":[{"embeddable":true,"href":"https:\/\/unisig.com\/de\/wp-json\/wp\/v2\/users\/3"}],"replies":[{"embeddable":true,"href":"https:\/\/unisig.com\/de\/wp-json\/wp\/v2\/comments?post=6539"}],"version-history":[{"count":0,"href":"https:\/\/unisig.com\/de\/wp-json\/wp\/v2\/pages\/6539\/revisions"}],"up":[{"embeddable":true,"href":"https:\/\/unisig.com\/de\/wp-json\/wp\/v2\/pages\/8416"}],"wp:attachment":[{"href":"https:\/\/unisig.com\/de\/wp-json\/wp\/v2\/media?parent=6539"}],"wp:term":[{"taxonomy":"folder","embeddable":true,"href":"https:\/\/unisig.com\/de\/wp-json\/wp\/v2\/folder?post=6539"}],"curies":[{"name":"wp","href":"https:\/\/api.w.org\/{rel}","templated":true}]}}