{"id":6544,"date":"2020-06-15T10:54:19","date_gmt":"2020-06-15T15:54:19","guid":{"rendered":"https:\/\/stagingxx.unisig.com\/unisig-vertreter\/"},"modified":"2021-03-31T09:27:09","modified_gmt":"2021-03-31T14:27:09","slug":"unisig-vertretungen","status":"publish","type":"page","link":"https:\/\/unisig.com\/de\/ihre-vertretung\/","title":{"rendered":"UNISIG-Vertretungen"},"content":{"rendered":"<div class=\"wpb-content-wrapper\"><p>[vc_row][vc_column][vc_column_text]<\/p>\n<h1>Exklusive UNISIG-Vertretungen<\/h1>\n<p>[\/vc_column_text][vc_column_text]UNISIG Vertrieb und Service werden von unserem Hauptsitz in den USA verwaltet, zusammen mit einem engagierten Netzwerk von exklusiven Vertretern auf der ganzen Welt. Klicken Sie auf Ihre Region, um Informationen \u00fcber Mitarbeiter in Ihrer N\u00e4he zu finden.[\/vc_column_text][\/vc_column][\/vc_row][vc_row][vc_column][vc_column_text]\n<style>\n\t#hotspot-10959 .hotspots-image-container,\n\t#hotspot-10959 .leaflet-container {\n\t\tbackground: #efefef\t}\n\n\t#hotspot-10959 .hotspots-placeholder {\n\t\tbackground: #2E2D29;\n\t\tborder: 0 #2E2D29 solid;\n\t\tcolor: #DFEBE5;\n\t}\n\n\t#hotspot-10959 .hotspot-title {\n\t\tcolor: #93C7A4;\n\t}\n\n\t\t\t#hotspot-10959 .hotspot-default {\n\t\t\tstroke-width: 2;\n\t\t\tfill: #ffffff;\n\t\t\tfill-opacity: 0;\n\t\t\tstroke: #ffffff;\n\t\t\tstroke-opacity: 0;\n\t\t}\n\t\t#hotspot-10959 .hotspot-default:hover,\n\t\t#hotspot-10959 .hotspot-default:focus-visible,\n\t\t#hotspot-10959 .hotspot-default.hotspot-active {\n\t\t\tfill: #005288;\n\t\t\tfill-opacity: 0.71;\n\t\t\tstroke: #005288;\n\t\t\tstroke-opacity: 1.01;\n\t\t}\n\t\t#hotspot-10959 .leaflet-tooltip,\n\t#hotspot-10959 .leaflet-rrose-content-wrapper {\n\t\tbackground: #2E2D29;\n\t\tborder-color: #2E2D29;\n\t\tcolor: #DFEBE5;\n\t}\n\n\t#hotspot-10959 a.leaflet-rrose-close-button {\n\t\tcolor: #93C7A4;\n\t}\n\n\t#hotspot-10959 .leaflet-rrose-tip {\n\t\tbackground: #2E2D29;\n\t}\n\n\t#hotspot-10959 .leaflet-popup-scrolled {\n\t\tborder-bottom-color: #DFEBE5;\n\t\tborder-top-color: #DFEBE5;\n\t}\n\n\t#hotspot-10959 .leaflet-tooltip-top:before {\n\t\tborder-top-color: #2E2D29;\n\t}\n\n\t#hotspot-10959 .leaflet-tooltip-bottom:before {\n\t\tborder-bottom-color: #2E2D29;\n\t}\n\t#hotspot-10959 .leaflet-tooltip-left:before {\n\t\tborder-left-color: #2E2D29;\n\t}\n\t#hotspot-10959 .leaflet-tooltip-right:before {\n\t\tborder-right-color: #2E2D29;\n\t}\n<\/style>\n\n\t\n\t<div class=\"hotspots-container links-only layout-left event-click\" id=\"hotspot-10959\" data-layout=\"left\" data-trigger=\"click\">\n\t\t<div class=\"hotspots-interaction\">\n\t\t\t<div class=\"hotspots-image-container\">\n\t<img\n\t\twidth=\"1425\"\n\t\theight=\"625\"\n\t\tsrc=\"https:\/\/unisig.com\/wp-content\/smush-webp\/2020\/10\/BlankMap-World-v6-Borders.png.webp\"\n\t\talt=\"Find Your Rep &#8211; DE\"\n\t\tclass=\"hotspots-image skip-lazy\"\n\t\tusemap=\"#hotspots-image-10959\"\n\t\tdata-image-title=\"Find Your Rep &#8211; DE\"\n\t\tdata-image-description=\"\"\n\t\tdata-event-trigger=\"click\"\n\t\tdata-always-visible=\"false\"\n\t\tdata-id=\"10959\"\n\t\tdata-no-lazy=\"1\"\n\t\tdata-lazy-src=\"\"\n\t\tdata-lazy=\"false\"\n\t\tloading=\"eager\"\n\t\tdata-skip-lazy=\"1\"\n\t\t srcset=\"https:\/\/unisig.com\/wp-content\/smush-webp\/2020\/10\/BlankMap-World-v6-Borders.png.webp 1425w, https:\/\/unisig.com\/wp-content\/smush-webp\/2020\/10\/BlankMap-World-v6-Borders-300x132.png.webp 300w, https:\/\/unisig.com\/wp-content\/smush-webp\/2020\/10\/BlankMap-World-v6-Borders-150x66.png.webp 150w, https:\/\/unisig.com\/wp-content\/smush-webp\/2020\/10\/BlankMap-World-v6-Borders-600x263.png.webp 600w, https:\/\/unisig.com\/wp-content\/smush-webp\/2020\/10\/BlankMap-World-v6-Borders-1024x449.png.webp 1024w, https:\/\/unisig.com\/wp-content\/smush-webp\/2020\/10\/BlankMap-World-v6-Borders-768x337.png.webp 768w, https:\/\/unisig.com\/wp-content\/smush-webp\/2020\/10\/BlankMap-World-v6-Borders-32x14.png.webp 32w, https:\/\/unisig.com\/wp-content\/uploads\/2020\/10\/BlankMap-World-v6-Borders-1200x526.png 1200w\" sizes=\"(max-width: 1425px) 100vw, 1425px\">\n<\/div>\t\t<\/div>\n\t\t<map name=\"hotspots-image-10959\" class=\"hotspots-map\">\n\t\t\t\t\t\t\t\t\t\t\t<area\n\t\t\t\t\tshape=\"polygon\"\n\t\t\t\t\tcoords=\"391,59,377,64,371,55,359,57,351,65,337,63,318,63,303,65,288,60,270,56,247,56,231,60,208,56,187,51,163,56,139,63,142,69,133,71,121,79,129,81,115,85,107,94,103,101,98,109,86,117,119,104,140,98,159,95,178,104,184,119,183,130,181,145,175,164,161,180,161,205,171,219,177,245,188,260,189,248,190,241,183,226,199,255,207,279,238,296,255,296,271,311,286,325,299,323,288,299,274,291,281,270,273,267,265,277,249,280,239,264,249,240,265,231,278,233,289,226,300,231,305,245,312,252,315,224,332,214,344,192,374,173,391,164,407,164,406,151,406,136,435,131,444,127,434,116,434,102,422,101,415,107,412,93,400,86,391,86,384,99,381,110,365,120,355,133,351,115,331,106,329,95,351,83,368,77,387,71,399,63\"\n\t\t\t\t\thref=\"https:\/\/unisig.com\/de\/de\/unisig-vertretungen\/nordamerika\/\"\n\t\t\t\t\trel=\"\"\n\t\t\t\t\ttitle=\"Nordamerika\"\n\t\t\t\t\talt=\"Nordamerika\"\n\t\t\t\t\tdata-action=\"url\"\n\t\t\t\t\tdata-color-scheme=\"\"\n\t\t\t\t\ttarget=\"\"\n\t\t\t\t\tclass=\"url-area\"\n\t\t\t\t\t>\n\t\t\t\t\t\t\t\t\t\t\t<area\n\t\t\t\t\tshape=\"polygon\"\n\t\t\t\t\tcoords=\"335,308,310,325,314,342,298,364,300,384,309,407,324,428,344,445,351,464,349,488,354,516,355,542,364,564,373,589,388,605,399,599,396,582,397,566,403,540,421,532,431,515,446,487,457,468,469,466,477,443,488,412,493,384,459,374,443,364,428,363,424,345,412,336,399,336,378,320\"\n\t\t\t\t\thref=\"https:\/\/unisig.com\/de\/unisig-vertretungen\/suedamerika\/\"\n\t\t\t\t\trel=\"\"\n\t\t\t\t\ttitle=\"S\u00fcdamerika\"\n\t\t\t\t\talt=\"S\u00fcdamerika\"\n\t\t\t\t\tdata-action=\"url\"\n\t\t\t\t\tdata-color-scheme=\"\"\n\t\t\t\t\ttarget=\"\"\n\t\t\t\t\tclass=\"url-area\"\n\t\t\t\t\t>\n\t\t\t\t\t\t\t\t\t\t\t<area\n\t\t\t\t\tshape=\"polygon\"\n\t\t\t\t\tcoords=\"674,195,642,198,625,204,614,202,600,220,578,241,569,266,569,280,569,300,574,316,588,335,605,344,629,344,654,336,668,344,676,356,681,383,689,412,684,440,695,471,705,498,712,520,741,522,774,490,780,470,802,438,811,414,801,384,823,358,844,330,850,312,818,312,800,293,778,246,766,219\"\n\t\t\t\t\thref=\"https:\/\/unisig.com\/de\/unisig-vertretungen\/afrika\/\"\n\t\t\t\t\trel=\"\"\n\t\t\t\t\ttitle=\"Afrika\"\n\t\t\t\t\talt=\"Afrika\"\n\t\t\t\t\tdata-action=\"url\"\n\t\t\t\t\tdata-color-scheme=\"\"\n\t\t\t\t\ttarget=\"\"\n\t\t\t\t\tclass=\"url-area\"\n\t\t\t\t\t>\n\t\t\t\t\t\t\t\t\t\t\t<area\n\t\t\t\t\tshape=\"polygon\"\n\t\t\t\t\tcoords=\"738,56,743,80,739,101,751,115,765,131,787,142,774,157,756,158,745,175,751,181,771,176,795,181,803,180,814,197,795,198,773,200,749,200,739,180,727,201,718,183,705,169,686,161,703,176,708,185,701,191,689,178,675,168,650,177,635,193,617,200,602,192,606,165,633,169,635,153,623,143,626,130,610,133,610,118,631,102,639,117,646,125,646,131,663,124,673,115,667,105,663,90,692,64,719,53,729,57,736,58\"\n\t\t\t\t\thref=\"https:\/\/unisig.com\/de\/unisig-vertretungen\/europa\/\"\n\t\t\t\t\trel=\"\"\n\t\t\t\t\ttitle=\"Europa\"\n\t\t\t\t\talt=\"Europa\"\n\t\t\t\t\tdata-action=\"url\"\n\t\t\t\t\tdata-color-scheme=\"\"\n\t\t\t\t\ttarget=\"\"\n\t\t\t\t\tclass=\"url-area\"\n\t\t\t\t\t>\n\t\t\t\t\t\t\t\t\t\t\t<area\n\t\t\t\t\tshape=\"polygon\"\n\t\t\t\t\tcoords=\"952,141,934,160,926,183,908,218,906,252,927,270,943,306,961,330,969,307,977,290,1004,263,1022,275,1027,294,1045,316,1053,338,1065,357,1071,354,1064,339,1050,311,1054,302,1069,318,1080,319,1089,302,1072,272,1087,268,1116,258,1126,229,1112,206,1113,192,1095,190,1107,178,1114,185,1128,193,1142,207,1147,196,1134,183,1149,167,1137,150,1109,142,1090,122,1073,138,1026,142,1005,130,988,136\"\n\t\t\t\t\thref=\"https:\/\/unisig.com\/de\/unisig-vertretungen\/asien\/\"\n\t\t\t\t\trel=\"\"\n\t\t\t\t\ttitle=\"Asien\"\n\t\t\t\t\talt=\"Asien\"\n\t\t\t\t\tdata-action=\"url\"\n\t\t\t\t\tdata-color-scheme=\"\"\n\t\t\t\t\ttarget=\"\"\n\t\t\t\t\tclass=\"url-area\"\n\t\t\t\t\t>\n\t\t\t\t\t\t\t\t\t\t\t<area\n\t\t\t\t\tshape=\"polygon\"\n\t\t\t\t\tcoords=\"796,218,780,237,821,309,850,296,882,266,868,250,853,257,848,247,833,235,811,229\"\n\t\t\t\t\thref=\"https:\/\/unisig.com\/de\/unisig-vertretungen\/naher-osten\/\"\n\t\t\t\t\trel=\"\"\n\t\t\t\t\ttitle=\"Naher Osten\"\n\t\t\t\t\talt=\"Naher Osten\"\n\t\t\t\t\tdata-action=\"url\"\n\t\t\t\t\tdata-color-scheme=\"\"\n\t\t\t\t\ttarget=\"\"\n\t\t\t\t\tclass=\"url-area\"\n\t\t\t\t\t>\n\t\t\t\t\t<\/map>\n\n\t\t\n\t\t\t\t\t\t\t\t\t\t\t\t\t\t\t\t\t\t\t\t\t<\/div>\n\n[\/vc_column_text][\/vc_column][\/vc_row][vc_row][vc_column][vc_cta h2=&#8221;Weitere Informationen anfordern&#8221; h2_font_container=&#8221;color:%23005288&#8243; h2_google_fonts=&#8221;font_family:Open%20Sans%3A300%2C300italic%2Cregular%2Citalic%2C600%2C600italic%2C700%2C700italic%2C800%2C800italic|font_style:400%20regular%3A400%3Anormal&#8221; shape=&#8221;square&#8221; style=&#8221;custom&#8221; add_button=&#8221;bottom&#8221; btn_title=&#8221;Informationen anfordern&#8221; btn_shape=&#8221;square&#8221; use_custom_fonts_h2=&#8221;true&#8221; custom_background=&#8221;#e3e3e3&#8243; custom_text=&#8221;#151515&#8243; css=&#8221;.vc_custom_1470401803406{border-top-width: 0px !important;border-right-width: 0px !important;border-bottom-width: 0px !important;border-left-width: 0px !important;}&#8221; btn_link=&#8221;url:http%3A%2F%2Funisig.com%2Fhow-to-buy%2Frequest-a-quote%2F|&#8221;]Senden Sie Ihre Bewerbung f\u00fcr ein Angebot oder zus\u00e4tzliche Informationen, einschlie\u00dflich Vertriebsmitarbeiter in Ihrer N\u00e4he.[\/vc_cta][\/vc_column][\/vc_row]<\/p>\n<\/div>","protected":false},"excerpt":{"rendered":"<p>[vc_row][vc_column][vc_column_text] Exklusive UNISIG-Vertretungen [\/vc_column_text][vc_column_text]UNISIG Vertrieb und Service werden von unserem Hauptsitz in den USA verwaltet, zusammen mit einem engagierten Netzwerk von exklusiven Vertretern auf der ganzen Welt. Klicken Sie auf Ihre Region, um Informationen \u00fcber Mitarbeiter in Ihrer N\u00e4he zu finden.[\/vc_column_text][\/vc_column][\/vc_row][vc_row][vc_column][vc_column_text][\/vc_column_text][\/vc_column][\/vc_row][vc_row][vc_column][vc_cta h2=&#8221;Weitere Informationen anfordern&#8221; h2_font_container=&#8221;color:%23005288&#8243; h2_google_fonts=&#8221;font_family:Open%20Sans%3A300%2C300italic%2Cregular%2Citalic%2C600%2C600italic%2C700%2C700italic%2C800%2C800italic|font_style:400%20regular%3A400%3Anormal&#8221; shape=&#8221;square&#8221; style=&#8221;custom&#8221; add_button=&#8221;bottom&#8221; btn_title=&#8221;Informationen anfordern&#8221; btn_shape=&#8221;square&#8221; use_custom_fonts_h2=&#8221;true&#8221; custom_background=&#8221;#e3e3e3&#8243; custom_text=&#8221;#151515&#8243;<a href=\"https:\/\/unisig.com\/de\/ihre-vertretung\/\" class=\"more-link\">Read More<\/a><\/p>\n","protected":false},"author":3,"featured_media":0,"parent":0,"menu_order":0,"comment_status":"closed","ping_status":"closed","template":"page-templates\/template-2.php","meta":{"_acf_changed":false,"footnotes":""},"folder":[],"class_list":["post-6544","page","type-page","status-publish","hentry"],"acf":[],"_links":{"self":[{"href":"https:\/\/unisig.com\/de\/wp-json\/wp\/v2\/pages\/6544","targetHints":{"allow":["GET"]}}],"collection":[{"href":"https:\/\/unisig.com\/de\/wp-json\/wp\/v2\/pages"}],"about":[{"href":"https:\/\/unisig.com\/de\/wp-json\/wp\/v2\/types\/page"}],"author":[{"embeddable":true,"href":"https:\/\/unisig.com\/de\/wp-json\/wp\/v2\/users\/3"}],"replies":[{"embeddable":true,"href":"https:\/\/unisig.com\/de\/wp-json\/wp\/v2\/comments?post=6544"}],"version-history":[{"count":0,"href":"https:\/\/unisig.com\/de\/wp-json\/wp\/v2\/pages\/6544\/revisions"}],"wp:attachment":[{"href":"https:\/\/unisig.com\/de\/wp-json\/wp\/v2\/media?parent=6544"}],"wp:term":[{"taxonomy":"folder","embeddable":true,"href":"https:\/\/unisig.com\/de\/wp-json\/wp\/v2\/folder?post=6544"}],"curies":[{"name":"wp","href":"https:\/\/api.w.org\/{rel}","templated":true}]}}