{"id":6549,"date":"2020-06-15T10:54:20","date_gmt":"2020-06-15T15:54:20","guid":{"rendered":"https:\/\/stagingxx.unisig.com\/informationen-ressourcen\/haeufige-anwendungen\/"},"modified":"2021-02-01T01:35:46","modified_gmt":"2021-02-01T07:35:46","slug":"typische-anwendungen","status":"publish","type":"page","link":"https:\/\/unisig.com\/de\/informationen-und-ressourcen\/anwendungen\/","title":{"rendered":"Typische Anwendungen"},"content":{"rendered":"<div class=\"wpb-content-wrapper\"><p>[vc_row][vc_column]<div class=\"avt_masterslider_el \" >\n\t\t<!-- MasterSlider -->\n\t\t<div id=\"P_MS69f2eba395139\" class=\"master-slider-parent ms-parent-id-20\" style=\"max-width:1000px;\" >\n\n\t\t\t\n\t\t\t<!-- MasterSlider Main -->\n\t\t\t<div id=\"MS69f2eba395139\" class=\"master-slider ms-skin-black-2 round-skin\" >\n\t\t\t\t \t\t\t\t \n\n\t\t\t<div  class=\"ms-slide\" data-delay=\"3\" data-fill-mode=\"fill\"   >\n\t\t\t\t\t<img decoding=\"async\" src=\"https:\/\/unisig.com\/wp-content\/plugins\/masterslider\/public\/assets\/css\/blank.gif\" alt=\"\" title=\"deep-hole-drilling-for-military-defense-armament\" data-src=\"https:\/\/unisig.com\/wp-content\/smush-webp\/2016\/06\/deep-hole-drilling-for-military-defense-armament.jpg.webp\" \/>\n\n\n\t\t\t\t<\/div>\n\t\t\t<div  class=\"ms-slide\" data-delay=\"3\" data-fill-mode=\"fill\"   >\n\t\t\t\t\t<img decoding=\"async\" src=\"https:\/\/unisig.com\/wp-content\/plugins\/masterslider\/public\/assets\/css\/blank.gif\" alt=\"\" title=\"deep-hole-drilling-for-aerospace-components\" data-src=\"https:\/\/unisig.com\/wp-content\/smush-webp\/2016\/06\/deep-hole-drilling-for-aerospace-components.jpg.webp\" \/>\n\n\n\t\t\t\t<\/div>\n\t\t\t<div  class=\"ms-slide\" data-delay=\"3\" data-fill-mode=\"fill\"   >\n\t\t\t\t\t<img decoding=\"async\" src=\"https:\/\/unisig.com\/wp-content\/plugins\/masterslider\/public\/assets\/css\/blank.gif\" alt=\"\" title=\"deep-hole-drilling-oil-and-gas-exploration\" data-src=\"https:\/\/unisig.com\/wp-content\/smush-webp\/2016\/06\/deep-hole-drilling-oil-and-gas-exploration.jpg.webp\" \/>\n\n\n\t\t\t\t<\/div>\n\t\t\t<div  class=\"ms-slide\" data-delay=\"3\" data-fill-mode=\"fill\"   >\n\t\t\t\t\t<img decoding=\"async\" src=\"https:\/\/unisig.com\/wp-content\/plugins\/masterslider\/public\/assets\/css\/blank.gif\" alt=\"\" title=\"deep-hole-drilling-medical-tooling\" data-src=\"https:\/\/unisig.com\/wp-content\/smush-webp\/2016\/06\/deep-hole-drilling-medical-tooling.jpg.webp\" \/>\n\n\n\t\t\t\t<\/div>\n\t\t\t<div  class=\"ms-slide\" data-delay=\"3\" data-fill-mode=\"fill\"   >\n\t\t\t\t\t<img decoding=\"async\" src=\"https:\/\/unisig.com\/wp-content\/plugins\/masterslider\/public\/assets\/css\/blank.gif\" alt=\"\" title=\"deep-hole-drilling-for-automotive-applications\" data-src=\"https:\/\/unisig.com\/wp-content\/smush-webp\/2016\/06\/deep-hole-drilling-for-automotive-applications.jpg.webp\" \/>\n\n\n\t\t\t\t<\/div>\n\n\t\t\t<\/div>\n\t\t\t<!-- END MasterSlider Main -->\n\n\t\t\t \n\t\t<\/div>\n\t\t<!-- END MasterSlider -->\n\n\t\t<script>\n\t\t( window.MSReady = window.MSReady || [] ).push( function( $ ) {\n\n\t\t\t\"use strict\";\n\t\t\tvar masterslider_5139 = new MasterSlider();\n\n\t\t\t\/\/ slider controls\n\t\t\tmasterslider_5139.control('arrows'     ,{ autohide:true, overVideo:true  });\n\t\t\t\/\/ slider setup\n\t\t\tmasterslider_5139.setup(\"MS69f2eba395139\", {\n\t\t\t\twidth           : 1000,\n\t\t\t\theight          : 600,\n\t\t\t\tminHeight       : 0,\n\t\t\t\tspace           : 0,\n\t\t\t\tstart           : 1,\n\t\t\t\tgrabCursor      : true,\n\t\t\t\tswipe           : true,\n\t\t\t\tmouse           : true,\n\t\t\t\tkeyboard        : false,\n\t\t\t\tlayout          : \"boxed\",\n\t\t\t\twheel           : false,\n\t\t\t\tautoplay        : true,\n                instantStartLayers:false,\n\t\t\t\tmobileBGVideo:false,\n\t\t\t\tloop            : true,\n\t\t\t\tshuffle         : false,\n\t\t\t\tpreload         : 0,\n\t\t\t\theightLimit     : true,\n\t\t\t\tautoHeight      : false,\n\t\t\t\tsmoothHeight    : true,\n\t\t\t\tendPause        : false,\n\t\t\t\toverPause       : true,\n\t\t\t\tfillMode        : \"fill\",\n\t\t\t\tcenterControls  : true,\n\t\t\t\tstartOnAppear   : false,\n\t\t\t\tlayersMode      : \"center\",\n\t\t\t\tautofillTarget  : \"\",\n\t\t\t\thideLayers      : false,\n\t\t\t\tfullscreenMargin: 0,\n\t\t\t\tspeed           : 20,\n\t\t\t\tdir             : \"h\",\n\t\t\t\tresponsive      : true,\n\t\t\t\ttabletWidth     : 768,\n\t\t\t\ttabletHeight    : null,\n\t\t\t\tphoneWidth      : 480,\n\t\t\t\tphoneHeight    : null,\n\t\t\t\tsizingReference : window,\n\t\t\t\tparallaxMode    : 'swipe',\n\t\t\t\tview            : \"basic\"\n\t\t\t});\n\n\t\t\t\n\t\t\twindow.masterslider_instances = window.masterslider_instances || [];\n\t\t\twindow.masterslider_instances.push( masterslider_5139 );\n\t\t});\n\t\t<\/script>\n\n<\/div>[vc_column_text]<\/p>\n<h1>Typische Tiefbohranwendungen<\/h1>\n<p>[\/vc_column_text][vc_row_inner][vc_column_inner width=&#8221;5\/6&#8243;][vc_column_text]Tiefbohrungen gibt es in einer Vielzahl von Anwendungen, sie kommen in fast jeder Branche vor, jede mit ihren eigenen strengen Anforderungen und einzigartigen Herausforderungen, von engen Toleranzen \u00fcber harte Materialien bis hin zu hohen Produktionszielen.<\/p>\n<p>Die folgenden Beispiele sind typische Anwendungen, Prozesse und Toleranzen, und obwohl es sich um symbolische Teilezeichnungen handelt, sind diese ein Hinweis darauf, was auf UNISIG Tiefbohrmaschinen mit ordnungsgem\u00e4\u00dfer Maschinenkonfiguration, Werkzeug- und Prozesskenntnissen m\u00f6glich ist.<\/p>\n<p><em>Klicken Sie auf jedes Bild, um es zu vergr\u00f6\u00dfern.<\/em>[\/vc_column_text][\/vc_column_inner][vc_column_inner width=&#8221;1\/6&#8243;][vc_single_image image=&#8221;2942&#8243; img_size=&#8221;full&#8221; onclick=&#8221;img_link_large&#8221;][\/vc_column_inner][\/vc_row_inner][\/vc_column][\/vc_row][vc_row css=&#8221;.vc_custom_1479228771391{background-color: #f6f6f6 !important;}&#8221;][vc_column css=&#8221;.vc_custom_1479228598017{padding-top: -15px !important;}&#8221;][vc_column_text]<\/p>\n<h2>Kraftstoff- Einspritzk\u00f6rper<\/h2>\n<p>Hochpr\u00e4zise, gro\u00dfvolumige Teile erfordern mehrere Bohrungen bei extremen Toleranzen, die durch ein 3-Spindel-ELB-Tiefbohrzentrum mit Roboter- und Ladebandautomatisierung erreicht werden.[\/vc_column_text][\/vc_column][\/vc_row][vc_row css=&#8221;.vc_custom_1479164371490{background-color: #f6f6f6 !important;}&#8221;][vc_column width=&#8221;3\/4&#8243;][vc_single_image image=&#8221;4143&#8243; img_size=&#8221;full&#8221; onclick=&#8221;img_link_large&#8221;][vc_column_text]<strong>Operationen:<br \/>\n<\/strong> 3-stufiges <a href=\"https:\/\/unisig.com\/de\/informationen-ressourcen\/tiefbohrverfahren\/einlippenbohren\/\">Einlippenbohren<\/a><\/p>\n<p><strong>Maschine:<br \/>\n<\/strong> UNISIG UNI6, 3-spindlig mit <a href=\"https:\/\/unisig.com\/de\/automatisierung\/\">Automatisierung<\/a>[\/vc_column_text][\/vc_column][vc_column width=&#8221;1\/4&#8243;][vc_single_image image=&#8221;3041&#8243; img_size=&#8221;full&#8221; onclick=&#8221;img_link_large&#8221;][vc_single_image image=&#8221;4141&#8243; img_size=&#8221;full&#8221; onclick=&#8221;img_link_large&#8221;][vc_column_text]<a href=\"\/?page_id=6519\">Senden Sie Ihre Anwendung &gt;<\/a>[\/vc_column_text][\/vc_column][\/vc_row][vc_row][vc_column][vc_empty_space][\/vc_column][\/vc_row][vc_row css=&#8221;.vc_custom_1479164589101{background-color: #f6f6f6 !important;}&#8221;][vc_column][vc_column_text]<\/p>\n<h2>Commonrails f\u00fcr Dieselmotoren<\/h2>\n<p>Commonrails ben\u00f6tigen kleine gerade Bohrungen, die unter extrem hohem Kraftstoffdruck nicht versagen. Einlippenbohren ist in der Lage, Bohrungen zu erreichen, die diesen strengen Toleranzen entsprechen.[\/vc_column_text][\/vc_column][\/vc_row][vc_row css=&#8221;.vc_custom_1479164597351{background-color: #f6f6f6 !important;}&#8221;][vc_column width=&#8221;3\/4&#8243;][vc_single_image image=&#8221;4163&#8243; img_size=&#8221;full&#8221; onclick=&#8221;img_link_large&#8221;][vc_column_text]<strong>Operationen: <\/strong><a href=\"https:\/\/unisig.com\/de\/informationen-ressourcen\/tiefbohrverfahren\/einlippenbohren\/\">Einlippenbohren<\/a><strong><br \/>\n<\/strong><\/p>\n<p><strong>Maschine:<br \/>\n<\/strong> UNISIG UNI 4-spindlig<br \/>\nmit <a href=\"https:\/\/unisig.com\/de\/automatisierung\/\">Automatisierung<\/a>[\/vc_column_text][\/vc_column][vc_column width=&#8221;1\/4&#8243;][vc_single_image image=&#8221;3042&#8243; img_size=&#8221;full&#8221; onclick=&#8221;img_link_large&#8221;][vc_single_image image=&#8221;4169&#8243; img_size=&#8221;full&#8221; onclick=&#8221;img_link_large&#8221;][vc_column_text]<a href=\"\/?page_id=6519\">Senden Sie Ihre Anwendung &gt;<\/a>[\/vc_column_text][\/vc_column][\/vc_row][vc_row][vc_column][vc_empty_space][\/vc_column][\/vc_row][vc_row css=&#8221;.vc_custom_1479228805938{background-color: #f6f6f6 !important;}&#8221;][vc_column][vc_column_text]<\/p>\n<h2>W\u00e4rmetauscher Rohrboden<\/h2>\n<p>Tausende von pr\u00e4zisen Bohrungen sind auf einer Mehrspindelrohr-Rohrbohrmaschine schnell und effizient produzierbar.[\/vc_column_text][\/vc_column][\/vc_row][vc_row css=&#8221;.vc_custom_1479228818958{background-color: #f6f6f6 !important;}&#8221;][vc_column width=&#8221;3\/4&#8243;][vc_single_image image=&#8221;4165&#8243; img_size=&#8221;full&#8221; onclick=&#8221;img_link_large&#8221;][vc_column_text]<strong>Operationen:<br \/>\n<\/strong> BTA Vollbohren mit mehreren Spindeln<br \/>\n2160 Bohrungen pro Werkst\u00fcck<\/p>\n<p><strong>Maschine:<br \/>\n<\/strong> <a href=\"https:\/\/unisig.com\/de\/alle-maschinen\/usc-ts-rohrbodenmaschinen\/\">UNISIG USC-TS50<\/a>[\/vc_column_text][\/vc_column][vc_column width=&#8221;1\/4&#8243;][vc_single_image image=&#8221;3043&#8243; img_size=&#8221;full&#8221; onclick=&#8221;img_link_large&#8221;][vc_single_image image=&#8221;4177&#8243; img_size=&#8221;full&#8221; onclick=&#8221;img_link_large&#8221;][vc_single_image image=&#8221;4176&#8243; img_size=&#8221;full&#8221; onclick=&#8221;img_link_large&#8221;][vc_column_text]<a href=\"\/?page_id=6519\">Senden Sie Ihre Anwendung &gt;<\/a>[\/vc_column_text][\/vc_column][\/vc_row][vc_row][vc_column][vc_empty_space][\/vc_column][\/vc_row][vc_row css=&#8221;.vc_custom_1479237606132{background-color: #f6f6f6 !important;}&#8221;][vc_column][vc_column_text]<\/p>\n<h2>Flugzeugfahrwerke<\/h2>\n<p>Bohren- und Konturieren von Fahrwerkszylindern w\u00e4hrend gleichzeitig extreme Geradheitstoleranzen in hochfesten Legierungen eingehalten werden m\u00fcssen.[\/vc_column_text][\/vc_column][\/vc_row][vc_row css=&#8221;.vc_custom_1479237619287{background-color: #f6f6f6 !important;}&#8221;][vc_column width=&#8221;3\/4&#8243;][vc_single_image image=&#8221;4181&#8243; img_size=&#8221;full&#8221; onclick=&#8221;img_link_large&#8221;][vc_column_text]<strong>Operationen:<br \/>\n<\/strong> BTA Vollbohren<br \/>\nBodenkonturformung<br \/>\nZentrale Druckanschlussbohrung<\/p>\n<p><strong>Maschine:<br \/>\n<\/strong> <a href=\"https:\/\/unisig.com\/de\/alle-maschinen\/b-serie-bis-800mm\/\">UNISIG B500<\/a>[\/vc_column_text][\/vc_column][vc_column width=&#8221;1\/4&#8243;][vc_single_image image=&#8221;4190&#8243; img_size=&#8221;full&#8221; onclick=&#8221;img_link_large&#8221;][vc_single_image image=&#8221;4188&#8243; img_size=&#8221;full&#8221; onclick=&#8221;img_link_large&#8221;][vc_single_image image=&#8221;4187&#8243; img_size=&#8221;full&#8221; onclick=&#8221;img_link_large&#8221;][vc_column_text]<a href=\"\/?page_id=6519&amp;lang=de\">Senden Sie Ihre Anwendung &gt;<\/a>[\/vc_column_text][\/vc_column][\/vc_row][vc_row][vc_column][vc_empty_space][\/vc_column][\/vc_row][vc_row css=&#8221;.vc_custom_1479237744950{background-color: #f6f6f6 !important;}&#8221;][vc_column][vc_column_text]<\/p>\n<h2>Fluidaggregate<\/h2>\n<p>Eine Reihe von Bohrungen werden in einem Stahlblock f\u00fcr hydraulische Fracking-Anlagen gebohrt. Ein schweres Werkst\u00fcck und strenge Toleranzen erfordern leistungsf\u00e4hige Maschinen und Werkzeuge.[\/vc_column_text][\/vc_column][\/vc_row][vc_row css=&#8221;.vc_custom_1479237752768{background-color: #f6f6f6 !important;}&#8221;][vc_column width=&#8221;3\/4&#8243;][vc_single_image image=&#8221;4162&#8243; img_size=&#8221;full&#8221; onclick=&#8221;img_link_large&#8221;][vc_column_text]<strong>Operationen:<br \/>\n<\/strong> <a href=\"https:\/\/unisig.com\/de\/informationen-ressourcen\/tiefbohrverfahren\/bta-bohren\/\">BTA Vollbohren<\/a><\/p>\n<p><strong>Maschine:<br \/>\n<\/strong> <a href=\"https:\/\/unisig.com\/de\/alle-maschinen\/usc-maschinen-fuer-grossteile\/\">UNISIG USC-100<\/a>[\/vc_column_text][\/vc_column][vc_column width=&#8221;1\/4&#8243;][vc_single_image image=&#8221;3040&#8243; img_size=&#8221;full&#8221; onclick=&#8221;img_link_large&#8221;][vc_single_image image=&#8221;4189&#8243; img_size=&#8221;full&#8221; onclick=&#8221;img_link_large&#8221;][vc_column_text]<a href=\"\/?page_id=6519&amp;lang=de\">Senden Sie Ihre Anwendung &gt;<\/a>[\/vc_column_text][\/vc_column][\/vc_row][vc_row][vc_column][vc_empty_space][\/vc_column][\/vc_row][vc_row css=&#8221;.vc_custom_1479237769056{background-color: #f6f6f6 !important;}&#8221;][vc_column][vc_column_text]<\/p>\n<h2>Hydraulikzylinder Innenbohrung<\/h2>\n<p>Finish einer vorhandenen Bohrung zu spiegelnder Oberfl\u00e4cheng\u00fcte f\u00fcr \u00fcberlegene Hydraulikzylinder.[\/vc_column_text][\/vc_column][\/vc_row][vc_row css=&#8221;.vc_custom_1479237784222{background-color: #f6f6f6 !important;}&#8221;][vc_column width=&#8221;3\/4&#8243;][vc_single_image image=&#8221;4161&#8243; img_size=&#8221;full&#8221; onclick=&#8221;img_link_large&#8221;][vc_column_text]<strong>Operationen:<br \/>\n<\/strong> Kombiniertes Sch\u00e4len und Glattwalzen in einem Arbeitsgang, nachdem das Auge mit dem Werkst\u00fcck verschwei\u00dft wurde<\/p>\n<p><strong>Maschine:<br \/>\n<\/strong> <a href=\"https:\/\/unisig.com\/de\/alle-maschinen\/schaelen-und-glattwalzen\/\">UNISIG S600<\/a>[\/vc_column_text][\/vc_column][vc_column width=&#8221;1\/4&#8243;][vc_single_image image=&#8221;3044&#8243; img_size=&#8221;full&#8221; onclick=&#8221;img_link_large&#8221;][vc_single_image image=&#8221;4197&#8243; img_size=&#8221;full&#8221; onclick=&#8221;img_link_large&#8221;][vc_column_text]<a href=\"\/?page_id=6519\">Senden Sie Ihre Anwendung&gt;<\/a>[\/vc_column_text][\/vc_column][\/vc_row][vc_row][vc_column][vc_empty_space][\/vc_column][\/vc_row][vc_row css=&#8221;.vc_custom_1479237796695{background-color: #f6f6f6 !important;}&#8221;][vc_column][vc_column_text]<\/p>\n<h2>\u00d6lfeldexplorationsausr\u00fcstung<\/h2>\n<p>Erzeugen Sie Bohrungen in extremen Tiefen-zu-Durchmesser-Verh\u00e4ltnissen in langen Werkst\u00fccken, ohne die Genauigkeit bei Rundheit oder Wandst\u00e4rke zu beeintr\u00e4chtigen.[\/vc_column_text][\/vc_column][\/vc_row][vc_row css=&#8221;.vc_custom_1479237808724{background-color: #f6f6f6 !important;}&#8221;][vc_column width=&#8221;3\/4&#8243;][vc_single_image image=&#8221;4160&#8243; img_size=&#8221;full&#8221; onclick=&#8221;img_link_large&#8221;][vc_column_text]<strong>Operationen:<br \/>\n<\/strong> Ziehaufbohren mit Bohrohr unter Spannung<br \/>\nGlattwalzen zur Oberfl\u00e4chenkonditionierung<\/p>\n<p><strong>Maschine:<br \/>\n<\/strong> <a href=\"https:\/\/unisig.com\/de\/alle-maschinen\/b-serie-bis-800mm\/\">UNISIG B600<\/a>[\/vc_column_text][\/vc_column][vc_column width=&#8221;1\/4&#8243;][vc_single_image image=&#8221;3045&#8243; img_size=&#8221;full&#8221; onclick=&#8221;img_link_large&#8221;][vc_single_image image=&#8221;4195&#8243; img_size=&#8221;full&#8221; onclick=&#8221;img_link_large&#8221;][vc_column_text]<a href=\"\/?page_id=6519\">Senden Sie Ihre Anwendung &gt;<\/a>[\/vc_column_text][\/vc_column][\/vc_row][vc_row][vc_column][vc_empty_space][\/vc_column][\/vc_row][vc_row css=&#8221;.vc_custom_1479237819915{background-color: #f6f6f6 !important;}&#8221;][vc_column][vc_column_text]<\/p>\n<h2>\u00d6lfeld-Bohrloch-Exploration<\/h2>\n<p>Kernbohren in extremen Tiefen-zu-Durchmesser-Verh\u00e4ltnissen in langen Werkst\u00fccken ohne Einbu\u00dfen bei Rundheit oder Wandst\u00e4rke.[\/vc_column_text][\/vc_column][\/vc_row][vc_row css=&#8221;.vc_custom_1479237828447{background-color: #f6f6f6 !important;}&#8221;][vc_column width=&#8221;3\/4&#8243;][vc_single_image image=&#8221;4159&#8243; img_size=&#8221;full&#8221; onclick=&#8221;img_link_large&#8221;][vc_column_text]<strong>Operationen:<br \/>\n<\/strong><a href=\"https:\/\/unisig.com\/de\/informationen-ressourcen\/tiefbohrverfahren\/kernbohren\/\">Kernbohren<\/a> im Vollmaterial wobei ein<br \/>\nwiederverwendbarer Kern verbleibt<\/p>\n<p><strong>Maschine:<br \/>\n<\/strong> <a href=\"https:\/\/unisig.com\/de\/alle-maschinen\/b-serie-ueber-800\/\">UNISIG B850<\/a>[\/vc_column_text][\/vc_column][vc_column width=&#8221;1\/4&#8243;][vc_single_image image=&#8221;3039&#8243; img_size=&#8221;full&#8221; onclick=&#8221;img_link_large&#8221;][vc_single_image image=&#8221;4196&#8243; img_size=&#8221;full&#8221; onclick=&#8221;img_link_large&#8221;][vc_column_text]<a href=\"\/?page_id=6519\">Senden Sie Ihre Anwendung &gt;<\/a>[\/vc_column_text][\/vc_column][\/vc_row]<\/p>\n<\/div>","protected":false},"excerpt":{"rendered":"<p>[vc_row][vc_column][vc_column_text] Typische Tiefbohranwendungen [\/vc_column_text][vc_row_inner][vc_column_inner width=&#8221;5\/6&#8243;][vc_column_text]Tiefbohrungen gibt es in einer Vielzahl von Anwendungen, sie kommen in fast jeder Branche vor, jede mit ihren eigenen strengen Anforderungen und einzigartigen Herausforderungen, von engen Toleranzen \u00fcber harte Materialien bis hin zu hohen Produktionszielen. Die folgenden Beispiele sind typische Anwendungen, Prozesse und Toleranzen, und obwohl es sich um symbolische Teilezeichnungen<a href=\"https:\/\/unisig.com\/de\/informationen-und-ressourcen\/anwendungen\/\" class=\"more-link\">Read More<\/a><\/p>\n","protected":false},"author":3,"featured_media":0,"parent":0,"menu_order":0,"comment_status":"closed","ping_status":"closed","template":"page-templates\/template-2.php","meta":{"_acf_changed":false,"footnotes":""},"folder":[],"class_list":["post-6549","page","type-page","status-publish","hentry"],"acf":[],"_links":{"self":[{"href":"https:\/\/unisig.com\/de\/wp-json\/wp\/v2\/pages\/6549","targetHints":{"allow":["GET"]}}],"collection":[{"href":"https:\/\/unisig.com\/de\/wp-json\/wp\/v2\/pages"}],"about":[{"href":"https:\/\/unisig.com\/de\/wp-json\/wp\/v2\/types\/page"}],"author":[{"embeddable":true,"href":"https:\/\/unisig.com\/de\/wp-json\/wp\/v2\/users\/3"}],"replies":[{"embeddable":true,"href":"https:\/\/unisig.com\/de\/wp-json\/wp\/v2\/comments?post=6549"}],"version-history":[{"count":0,"href":"https:\/\/unisig.com\/de\/wp-json\/wp\/v2\/pages\/6549\/revisions"}],"wp:attachment":[{"href":"https:\/\/unisig.com\/de\/wp-json\/wp\/v2\/media?parent=6549"}],"wp:term":[{"taxonomy":"folder","embeddable":true,"href":"https:\/\/unisig.com\/de\/wp-json\/wp\/v2\/folder?post=6549"}],"curies":[{"name":"wp","href":"https:\/\/api.w.org\/{rel}","templated":true}]}}