{"id":6554,"date":"2020-06-15T10:54:22","date_gmt":"2020-06-15T15:54:22","guid":{"rendered":"https:\/\/stagingxx.unisig.com\/informationen-ressourcen\/was-ist-deep-hole-drilling\/"},"modified":"2025-01-24T13:07:53","modified_gmt":"2025-01-24T19:07:53","slug":"was-ist-tiefbohren","status":"publish","type":"page","link":"https:\/\/unisig.com\/de\/informationen-ressourcen-4\/was-ist-tiefbohren\/","title":{"rendered":"Was ist Tiefbohren"},"content":{"rendered":"<div class=\"wpb-content-wrapper\"><p>[vc_row][vc_column][vc_single_image image=&#8221;1568&#8243; img_size=&#8221;full&#8221;][vc_column_text]<\/p>\n<h1>Was ist Tiefbohren?<\/h1>\n<p>[\/vc_column_text][vc_column_text]<img decoding=\"async\" class=\"alignright size-medium wp-image-1584 lazyload\" data-src=\"https:\/\/unisig.com\/wp-content\/smush-webp\/2016\/06\/deep-hole-drilling-depth-to-diameter-hole-ratio-300x264.png.webp\" alt=\"deep-hole-drilling-depth-to-diameter-hole-ratio\" width=\"300\" height=\"264\" data-srcset=\"https:\/\/unisig.com\/wp-content\/smush-webp\/2016\/06\/deep-hole-drilling-depth-to-diameter-hole-ratio-300x264.png.webp 300w, https:\/\/unisig.com\/wp-content\/smush-webp\/2016\/06\/deep-hole-drilling-depth-to-diameter-hole-ratio-150x132.png.webp 150w, https:\/\/unisig.com\/wp-content\/smush-webp\/2016\/06\/deep-hole-drilling-depth-to-diameter-hole-ratio-600x528.png.webp 600w, https:\/\/unisig.com\/wp-content\/smush-webp\/2016\/06\/deep-hole-drilling-depth-to-diameter-hole-ratio-32x28.png.webp 32w, https:\/\/unisig.com\/wp-content\/smush-webp\/2016\/06\/deep-hole-drilling-depth-to-diameter-hole-ratio.png.webp 682w\" data-sizes=\"auto\" src=\"data:image\/svg+xml;base64,PHN2ZyB3aWR0aD0iMSIgaGVpZ2h0PSIxIiB4bWxucz0iaHR0cDovL3d3dy53My5vcmcvMjAwMC9zdmciPjwvc3ZnPg==\" style=\"--smush-placeholder-width: 300px; --smush-placeholder-aspect-ratio: 300\/264;\" data-original-sizes=\"(max-width: 300px) 100vw, 300px\" \/>Eine Tiefbohrung wird durch das Tiefen-zu-Durchmesser-Verh\u00e4ltnis (D:d) definiert, und in der Regel werden Bohrungen mit Bohrtiefen gr\u00f6\u00dfer als 10:1 als Tiefbohrungen betrachtet. F\u00fcr das Tiefbohren in Metall gibt es eine ganze Reihe von Anwendungen in verschiedenen Branchen, wobei die Urspr\u00fcnge der Technik auf die Notwendigkeit geraderer, genauerer Gewehrl\u00e4ufe zur\u00fcckgeht. Mittlerweile findet das Tiefbohrverfahren jedoch auch in den meisten anderen Branchen Anwendung um die jeweiligen Fertigungsprozesse zu verbessern.<\/p>\n<p>Das Tiefbohren wird in zwei Varianten und Werkzeugsystemen ausgef\u00fchrt, dem <a href=\"https:\/\/unisig.com\/de\/informationen-ressourcen\/was-ist-tiefbohren\/bta-bohren\/\">BTA-Bohren<\/a> und dem <a href=\"https:\/\/unisig.com\/de\/informationen-ressourcen\/was-ist-tiefbohren\/elb-bohren\/\">Einlippenbohren<\/a>. Daneben gibt es weitere Verfahren, die f\u00fcr spezifische Toleranzziele entwickelt wurden und in der Regel auf Tiefbohrmaschinen im BTA-Stil durchgef\u00fchrt werden. Tiefbohren wird in einer Vielzahl von Materialien von Aluminium bis zu Superlegierungen eingesetzt und ist in der Lage, hochgenaue Durchmesser, Geradheit und \u00fcberlegene Oberfl\u00e4cheng\u00fcte in Werkst\u00fccken zu erreichen.<\/p>\n<p>Tiefbohrverfahren arbeiten mit speziellen Werkzeugen und Werkzeugzubeh\u00f6r um K\u00fchlmittel unter Hochdruck zuzuf\u00fchren, die Sp\u00e4ne sauber auszuleiten und Bohrungen mit Tiefen-Zu-Durchmesser-Verh\u00e4ltnissen in Metall zu erreichen, die \u00fcber das hinausgehen, was eine gew\u00f6hnliche CNC-Maschine erreichen kann. So k\u00f6nnen Hersteller ihre Fertigungstoleranzen und Produktionsanforderungen zuverl\u00e4ssig, pr\u00e4zise und effizient erf\u00fcllen.<\/p>\n<p>Tiefbohren wird in der Regel auf speziellen <a href=\"https:\/\/unisig.com\/de\/informationen-ressourcen\/tiefbohrmaschinen-uebersicht\/\">Tiefbohrmaschinen<\/a> durchgef\u00fchrt, die entwickelt und hergestellt werden, um die Bearbeitungsprozesse f\u00fcr Geradheit und Effizienz zu optimieren. Fortschritte in der Technologie erm\u00f6glichen es auf CNC-Bearbeitungszentren, die mit Hochdruckk\u00fchlmittel durch die Spindel ausgestattet sind, bis zu einem begrenzten Tiefen-zu-Durchmesser-Verh\u00e4ltnis im ELB-Verfahren tiefzubohren. UNISIG produziert hochleistungsf\u00e4hige <a href=\"https:\/\/unisig.com\/de\/informationen-ressourcen\/was-ist-tiefbohren\/bta-maschinen-uebersicht\/\">BTA-<\/a> und <a href=\"https:\/\/unisig.com\/de\/informationen-ressourcen\/was-ist-tiefbohren\/elb-maschinen-uebersicht\/\">ELB-Tiefbohrmaschinen<\/a> f\u00fcr Anwendungen mit einem Tiefenverh\u00e4ltnis D:d von mehr als 400:1 .[\/vc_column_text][\/vc_column][\/vc_row][vc_row][vc_column][vc_column_text]<\/p>\n<h2>Der Tiefbohrprozess<\/h2>\n<p>[\/vc_column_text][vc_column_text]<\/p>\n<h5><img decoding=\"async\" class=\"alignright size-medium wp-image-1570 lazyload\" data-src=\"https:\/\/unisig.com\/wp-content\/smush-webp\/2016\/06\/counter-rotating-deep-hole-drilling-tool-diagram-300x180.png.webp\" alt=\"counter-rotating-deep-hole-drilling-tool-diagram\" width=\"300\" height=\"180\" data-srcset=\"https:\/\/unisig.com\/wp-content\/smush-webp\/2016\/06\/counter-rotating-deep-hole-drilling-tool-diagram-300x180.png.webp 300w, https:\/\/unisig.com\/wp-content\/smush-webp\/2016\/06\/counter-rotating-deep-hole-drilling-tool-diagram-150x90.png.webp 150w, https:\/\/unisig.com\/wp-content\/smush-webp\/2016\/06\/counter-rotating-deep-hole-drilling-tool-diagram-600x360.png.webp 600w, https:\/\/unisig.com\/wp-content\/smush-webp\/2016\/06\/counter-rotating-deep-hole-drilling-tool-diagram-768x461.png.webp 768w, https:\/\/unisig.com\/wp-content\/smush-webp\/2016\/06\/counter-rotating-deep-hole-drilling-tool-diagram-32x19.png.webp 32w, https:\/\/unisig.com\/wp-content\/smush-webp\/2016\/06\/counter-rotating-deep-hole-drilling-tool-diagram.png.webp 1000w\" data-sizes=\"auto\" src=\"data:image\/svg+xml;base64,PHN2ZyB3aWR0aD0iMSIgaGVpZ2h0PSIxIiB4bWxucz0iaHR0cDovL3d3dy53My5vcmcvMjAwMC9zdmciPjwvc3ZnPg==\" style=\"--smush-placeholder-width: 300px; --smush-placeholder-aspect-ratio: 300\/180;\" data-original-sizes=\"(max-width: 300px) 100vw, 300px\" \/>Rotierendes Werkzeug<\/h5>\n<ul>\n<li>Typischerweise f\u00fcr nicht symmetrische Bauteile oder mit exzentrischen Bohrungen<\/li>\n<li>Die Schnittgeschwindigkeit wird durch die Werkzeugspindeldrehzahl bestimmt<\/li>\n<li>Der Mittenverlauf kann im Vergleich zu rotierendem Werkst\u00fcck oder Gegenlauf signifikant sein<\/li>\n<\/ul>\n<h5>Rotierendes Werkst\u00fcck<\/h5>\n<ul>\n<li>Typischerweise f\u00fcr zylindrische Werkst\u00fccke mit einer tiefen, zentrischen Bohrung<\/li>\n<li>Schnittgeschwindigkeit durch Teil bestimmt, hohe Drehzahlen erfordern gute Wucht<\/li>\n<li>Der Bohrungsverlauf wird im Vergleich zum rotierenden Werkzeug reduziert<\/li>\n<\/ul>\n<h5>Gegenl\u00e4ufige Rotation von Werkzeug und Werkst\u00fcck<\/h5>\n<ul>\n<li>Idealer Prozess f\u00fcr zylindrische Werkst\u00fccke mit tiefer, zentrischer Bohrung<\/li>\n<li>Die Schnittgeschwindigkeit wird durch eine Kombination von Werkzeug- und Werkst\u00fcckdrehung bestimmt<\/li>\n<li>Bietet optimale Bohrungsgeradheit und Konzentrizit\u00e4t<\/li>\n<\/ul>\n<p>[\/vc_column_text][vc_column_text]<\/p>\n<h2>Tiefbohrwerkzeuge<\/h2>\n<p>[\/vc_column_text][vc_column_text]<\/p>\n<h5><img decoding=\"async\" class=\"alignright size-medium wp-image-1573 lazyload\" data-src=\"https:\/\/unisig.com\/wp-content\/smush-webp\/2016\/06\/deep-hole-drilling-bta-and-gun-drill-tools-300x180.jpg.webp\" alt=\"deep-hole-drilling-bta-and-gun-drill-tools\" width=\"300\" height=\"180\" data-srcset=\"https:\/\/unisig.com\/wp-content\/smush-webp\/2016\/06\/deep-hole-drilling-bta-and-gun-drill-tools-300x180.jpg.webp 300w, https:\/\/unisig.com\/wp-content\/smush-webp\/2016\/06\/deep-hole-drilling-bta-and-gun-drill-tools-150x90.jpg.webp 150w, https:\/\/unisig.com\/wp-content\/smush-webp\/2016\/06\/deep-hole-drilling-bta-and-gun-drill-tools-600x360.jpg.webp 600w, https:\/\/unisig.com\/wp-content\/smush-webp\/2016\/06\/deep-hole-drilling-bta-and-gun-drill-tools-768x461.jpg.webp 768w, https:\/\/unisig.com\/wp-content\/smush-webp\/2016\/06\/deep-hole-drilling-bta-and-gun-drill-tools-32x19.jpg.webp 32w, https:\/\/unisig.com\/wp-content\/smush-webp\/2016\/06\/deep-hole-drilling-bta-and-gun-drill-tools.jpg.webp 1000w\" data-sizes=\"auto\" src=\"data:image\/svg+xml;base64,PHN2ZyB3aWR0aD0iMSIgaGVpZ2h0PSIxIiB4bWxucz0iaHR0cDovL3d3dy53My5vcmcvMjAwMC9zdmciPjwvc3ZnPg==\" style=\"--smush-placeholder-width: 300px; --smush-placeholder-aspect-ratio: 300\/180;\" data-original-sizes=\"(max-width: 300px) 100vw, 300px\" \/>Einlippenbohr-Werkzeuge<\/h5>\n<ul>\n<li><a href=\"https:\/\/unisig.com\/de\/informationen-ressourcen\/was-ist-tiefbohren\/elb-bohren\/\">Einlippenbohren<\/a> wird f\u00fcr kleinere Bohrdurchmesser verwendet, typischerweise 1 &#8211; 50 mm [0 .04 &#8211; 2.00 in]<\/li>\n<li>Hochdruckk\u00fchlmittel wird durch die Spindel und die Mitte des Einlippenbohrers eingef\u00fchrt<\/li>\n<li>Die Sp\u00e4ne werden durch eine v-f\u00f6rmige Nut entlang des Werkzeugs abgef\u00fchrt<\/li>\n<li>ELB-Werkzeugspitzen werden angeschliffen, um Bohrziele zu erreichen und die<br \/>\nStandzeit zu verl\u00e4ngern<\/li>\n<\/ul>\n<p>&nbsp;<\/p>\n<p><a href=\"https:\/\/unisig.com\/de\/produktetechnologie\/werkzeuge\/elb-werkzeuge\/\">Mehr \u00fcber ELB Werkzeuge &gt;<\/a><\/p>\n<h5>BTA-Werkzeuge<\/h5>\n<ul>\n<li><a href=\"https:\/\/unisig.com\/de\/informationen-ressourcen\/was-ist-tiefbohren\/bta-bohren\/\">BTA Tiefbohren<\/a> wird f\u00fcr gr\u00f6\u00dfere Bohrungen mit einem Durchmesser von typischerweise 20 &#8211; 200 mm verwendet [0 .80 &#8211; 8.00 in]<\/li>\n<li>Hochdruckk\u00fchlmittel wird durch die Bohr\u00f6lzuf\u00fchrung an der Au\u00dfenseite des Werkzeugs eingef\u00fchrt<\/li>\n<li>Die Sp\u00e4ne werden durch den Werkzeugkopf und durch das Bohrrohr und die Bohrspindel abgef\u00fchrt<\/li>\n<li>BTA-Bohrungen erm\u00f6glichen in der Regel eine 5-7-mal h\u00f6here Vorschubrate als das Einlippenbohren und erfordern eine h\u00f6here Leistung<\/li>\n<li>Zus\u00e4tzliche gr\u00f6\u00dfere Durchmesser k\u00f6nnen auf BTA-Maschinen mit sekund\u00e4ren Tiefbohrungen, wie z.B. dem Aufbohren erzeugt werden<\/li>\n<\/ul>\n<p>&nbsp;<\/p>\n<p><a href=\"https:\/\/unisig.com\/de\/alle-maschinen\/uni-serie-tiefbohrmaschinen\/\">Mehr \u00fcber BTA-Werkzeuge &gt;<\/a>[\/vc_column_text][vc_column_text]<\/p>\n<h2>Tiefbohrbearbeitung und andere Prozesse<\/h2>\n<p>[\/vc_column_text][vc_column_text]<\/p>\n<ul>\n<li>Nach dem Bohren k\u00f6nnen zus\u00e4tzliche Bearbeitungsmethoden die Konzentrizit\u00e4t, Geradheit und Oberfl\u00e4cheng\u00fcte der Tiefbohrung weiter verbessern und komplexe Merkmale hinzuf\u00fcgen. Diese Methoden bearbeiten die Innenfl\u00e4che des Bohrung, \u00e4hnlich wie andere externe Bearbeitungsprozesse, und k\u00f6nnen meistens auf BTA Tiefbohrmaschinen durchgef\u00fchrt werden.<\/li>\n<li>Diese Bearbeitungsprozesse werden in der Regel an einem Werkst\u00fcck mit einer vorhandenen Bohrung durchgef\u00fchrt, nach von vorherigem Vollbohren oder in einen Schleuderguss. Viele dieser Tiefbohrbearbeitungsprozesse sind f\u00fcr spezifische Anwendungen optimiert, wie z.B. Sch\u00e4l- und Glattwalz-Maschinen f\u00fcr die Hydraulikzylinderindustrie oder das Auskammern f\u00fcr Fahrgestellkomponenten.<\/li>\n<\/ul>\n<p>[\/vc_column_text][\/vc_column][\/vc_row][vc_row][vc_column][vc_column_text]<\/p>\n<h4>Erfahren Sie mehr \u00fcber das Tiefbohren:<\/h4>\n<p>[\/vc_column_text][\/vc_column][\/vc_row][vc_row][vc_column width=&#8221;1\/2&#8243;][vc_single_image image=&#8221;1577&#8243; img_size=&#8221;full&#8221; onclick=&#8221;custom_link&#8221; link=&#8221;https:\/\/unisig.com\/de\/informationen-ressourcen\/was-ist-tiefbohren\/elb-bohren\/&#8221;][vc_column_text]<\/p>\n<h5><a href=\"https:\/\/unisig.com\/de\/informationen-ressourcen\/was-ist-tiefbohren\/elb-bohren\/\">Einlippen-Tiefbohren<\/a><\/h5>\n<p>[\/vc_column_text][vc_column_text]Mehr \u00fcber das <a href=\"https:\/\/unisig.com\/de\/informationen-ressourcen\/was-ist-tiefbohren\/elb-bohren\/\">ELB-Tiefbohren,<\/a> Prozessparameter und wann es die ideale Tiefbohrl\u00f6sung darstellt.[\/vc_column_text][vc_column_text]<a href=\"https:\/\/unisig.com\/de\/informationen-ressourcen\/was-ist-tiefbohren\/elb-bohren\/\">Weitere Informationen &gt;<\/a>[\/vc_column_text][\/vc_column][vc_column width=&#8221;1\/2&#8243;][vc_single_image image=&#8221;1598&#8243; img_size=&#8221;full&#8221; onclick=&#8221;custom_link&#8221; link=&#8221;https:\/\/unisig.com\/de\/informationen-ressourcen\/was-ist-tiefbohren\/bta-bohren\/&#8221;][vc_column_text]<\/p>\n<h5><a href=\"https:\/\/unisig.com\/de\/informationen-ressourcen\/was-ist-tiefbohren\/bta-bohren\/\">BTA Tiefbohren<\/a><\/h5>\n<p>[\/vc_column_text][vc_column_text]Mehr \u00fcber das <a href=\"https:\/\/unisig.com\/de\/informationen-ressourcen\/was-ist-tiefbohren\/bta-bohren\/\">BTA-Tiefbohren<\/a>, zus\u00e4tzliche Bearbeitungsmethoden, die auf BTA-Maschinen durchgef\u00fchrt werden k\u00f6nnen und die Vorteile des BTA-Tiefbohrens.[\/vc_column_text][vc_column_text]<a href=\"https:\/\/unisig.com\/de\/informationen-ressourcen\/was-ist-tiefbohren\/bta-bohren\/\">Weitere Informationen &gt;<\/a>[\/vc_column_text][\/vc_column][\/vc_row]<\/p>\n<\/div>","protected":false},"excerpt":{"rendered":"<p>[vc_row][vc_column][vc_single_image image=&#8221;1568&#8243; img_size=&#8221;full&#8221;][vc_column_text] Was ist Tiefbohren? [\/vc_column_text][vc_column_text]Eine Tiefbohrung wird durch das Tiefen-zu-Durchmesser-Verh\u00e4ltnis (D:d) definiert, und in der Regel werden Bohrungen mit Bohrtiefen gr\u00f6\u00dfer als 10:1 als Tiefbohrungen betrachtet. F\u00fcr das Tiefbohren in Metall gibt es eine ganze Reihe von Anwendungen in verschiedenen Branchen, wobei die Urspr\u00fcnge der Technik auf die Notwendigkeit geraderer, genauerer Gewehrl\u00e4ufe zur\u00fcckgeht.<a href=\"https:\/\/unisig.com\/de\/informationen-ressourcen-4\/was-ist-tiefbohren\/\" class=\"more-link\">Read More<\/a><\/p>\n","protected":false},"author":3,"featured_media":0,"parent":8416,"menu_order":0,"comment_status":"closed","ping_status":"closed","template":"page-templates\/template-2.php","meta":{"_acf_changed":false,"footnotes":""},"folder":[],"class_list":["post-6554","page","type-page","status-publish","hentry"],"acf":[],"_links":{"self":[{"href":"https:\/\/unisig.com\/de\/wp-json\/wp\/v2\/pages\/6554","targetHints":{"allow":["GET"]}}],"collection":[{"href":"https:\/\/unisig.com\/de\/wp-json\/wp\/v2\/pages"}],"about":[{"href":"https:\/\/unisig.com\/de\/wp-json\/wp\/v2\/types\/page"}],"author":[{"embeddable":true,"href":"https:\/\/unisig.com\/de\/wp-json\/wp\/v2\/users\/3"}],"replies":[{"embeddable":true,"href":"https:\/\/unisig.com\/de\/wp-json\/wp\/v2\/comments?post=6554"}],"version-history":[{"count":0,"href":"https:\/\/unisig.com\/de\/wp-json\/wp\/v2\/pages\/6554\/revisions"}],"up":[{"embeddable":true,"href":"https:\/\/unisig.com\/de\/wp-json\/wp\/v2\/pages\/8416"}],"wp:attachment":[{"href":"https:\/\/unisig.com\/de\/wp-json\/wp\/v2\/media?parent=6554"}],"wp:term":[{"taxonomy":"folder","embeddable":true,"href":"https:\/\/unisig.com\/de\/wp-json\/wp\/v2\/folder?post=6554"}],"curies":[{"name":"wp","href":"https:\/\/api.w.org\/{rel}","templated":true}]}}