{"id":6557,"date":"2020-06-15T10:54:23","date_gmt":"2020-06-15T15:54:23","guid":{"rendered":"https:\/\/stagingxx.unisig.com\/produkte-technologie\/werkzeuge\/"},"modified":"2020-11-30T07:58:18","modified_gmt":"2020-11-30T13:58:18","slug":"werkzeuge","status":"publish","type":"page","link":"https:\/\/unisig.com\/de\/produktetechnologie\/tiefbohrwerkzeuge\/","title":{"rendered":"Tiefbohrwerkzeuge"},"content":{"rendered":"<div class=\"wpb-content-wrapper\"><p>[vc_row][vc_column]<div class=\"avt_masterslider_el \" >\n\t\t<!-- MasterSlider -->\n\t\t<div id=\"P_MS69d6847566c24\" class=\"master-slider-parent ms-parent-id-24\" style=\"max-width:1000px;\" >\n\n\t\t\t\n\t\t\t<!-- MasterSlider Main -->\n\t\t\t<div id=\"MS69d6847566c24\" class=\"master-slider ms-skin-black-2 round-skin\" >\n\t\t\t\t \t\t\t\t \n\n\t\t\t<div  class=\"ms-slide\" data-delay=\"3\" data-fill-mode=\"fill\"   >\n\t\t\t\t\t<img decoding=\"async\" src=\"https:\/\/unisig.com\/wp-content\/plugins\/masterslider\/public\/assets\/css\/blank.gif\" alt=\"\" title=\"gun-drill-tools-in-machine\" data-src=\"https:\/\/unisig.com\/wp-content\/smush-webp\/2016\/10\/gun-drill-tools-in-machine.jpg.webp\" \/>\n\n\n\t\t\t\t<\/div>\n\t\t\t<div  class=\"ms-slide\" data-delay=\"3\" data-fill-mode=\"fill\"   >\n\t\t\t\t\t<img decoding=\"async\" src=\"https:\/\/unisig.com\/wp-content\/plugins\/masterslider\/public\/assets\/css\/blank.gif\" alt=\"\" title=\"deep-hole-drilling-machine-bta-unisig-b600\" data-src=\"https:\/\/unisig.com\/wp-content\/smush-webp\/2016\/06\/deep-hole-drilling-machine-bta-unisig-b600.jpg.webp\" \/>\n\n\n\t\t\t\t<\/div>\n\t\t\t<div  class=\"ms-slide\" data-delay=\"3\" data-fill-mode=\"fill\"   >\n\t\t\t\t\t<img decoding=\"async\" src=\"https:\/\/unisig.com\/wp-content\/plugins\/masterslider\/public\/assets\/css\/blank.gif\" alt=\"\" title=\"application-engineering-for-deep-hole-drilling\" data-src=\"https:\/\/unisig.com\/wp-content\/smush-webp\/2016\/06\/application-engineering-for-deep-hole-drilling.jpg.webp\" \/>\n\n\n\t\t\t\t<\/div>\n\t\t\t<div  class=\"ms-slide\" data-delay=\"3\" data-fill-mode=\"fill\"   >\n\t\t\t\t\t<img decoding=\"async\" src=\"https:\/\/unisig.com\/wp-content\/plugins\/masterslider\/public\/assets\/css\/blank.gif\" alt=\"\" title=\"gun-drilling-tool-with-durable-tooling\" data-src=\"https:\/\/unisig.com\/wp-content\/smush-webp\/2016\/10\/gun-drilling-tool-with-durable-tooling.jpg.webp\" \/>\n\n\n\t\t\t\t<\/div>\n\t\t\t<div  class=\"ms-slide\" data-delay=\"3\" data-fill-mode=\"fill\"   >\n\t\t\t\t\t<img decoding=\"async\" src=\"https:\/\/unisig.com\/wp-content\/plugins\/masterslider\/public\/assets\/css\/blank.gif\" alt=\"\" title=\"deep-hole-drilling-machines-tooling\" data-src=\"https:\/\/unisig.com\/wp-content\/smush-webp\/2016\/06\/deep-hole-drilling-machines-tooling.jpg.webp\" \/>\n\n\n\t\t\t\t<\/div>\n\t\t\t<div  class=\"ms-slide\" data-delay=\"3\" data-fill-mode=\"fill\"   >\n\t\t\t\t\t<img decoding=\"async\" src=\"https:\/\/unisig.com\/wp-content\/plugins\/masterslider\/public\/assets\/css\/blank.gif\" alt=\"\" title=\"pull-boring-machine\" data-src=\"https:\/\/unisig.com\/wp-content\/smush-webp\/2016\/07\/pull-boring-machine.jpg.webp\" \/>\n\n\n\t\t\t\t<\/div>\n\n\t\t\t<\/div>\n\t\t\t<!-- END MasterSlider Main -->\n\n\t\t\t \n\t\t<\/div>\n\t\t<!-- END MasterSlider -->\n\n\t\t<script>\n\t\t( window.MSReady = window.MSReady || [] ).push( function( $ ) {\n\n\t\t\t\"use strict\";\n\t\t\tvar masterslider_6c24 = new MasterSlider();\n\n\t\t\t\/\/ slider controls\n\t\t\tmasterslider_6c24.control('arrows'     ,{ autohide:true, overVideo:true  });\n\t\t\t\/\/ slider setup\n\t\t\tmasterslider_6c24.setup(\"MS69d6847566c24\", {\n\t\t\t\twidth           : 1000,\n\t\t\t\theight          : 600,\n\t\t\t\tminHeight       : 0,\n\t\t\t\tspace           : 0,\n\t\t\t\tstart           : 1,\n\t\t\t\tgrabCursor      : true,\n\t\t\t\tswipe           : true,\n\t\t\t\tmouse           : true,\n\t\t\t\tkeyboard        : false,\n\t\t\t\tlayout          : \"boxed\",\n\t\t\t\twheel           : false,\n\t\t\t\tautoplay        : true,\n                instantStartLayers:false,\n\t\t\t\tmobileBGVideo:false,\n\t\t\t\tloop            : true,\n\t\t\t\tshuffle         : false,\n\t\t\t\tpreload         : 0,\n\t\t\t\theightLimit     : true,\n\t\t\t\tautoHeight      : false,\n\t\t\t\tsmoothHeight    : true,\n\t\t\t\tendPause        : false,\n\t\t\t\toverPause       : true,\n\t\t\t\tfillMode        : \"fill\",\n\t\t\t\tcenterControls  : true,\n\t\t\t\tstartOnAppear   : false,\n\t\t\t\tlayersMode      : \"center\",\n\t\t\t\tautofillTarget  : \"\",\n\t\t\t\thideLayers      : false,\n\t\t\t\tfullscreenMargin: 0,\n\t\t\t\tspeed           : 20,\n\t\t\t\tdir             : \"h\",\n\t\t\t\tresponsive      : true,\n\t\t\t\ttabletWidth     : 768,\n\t\t\t\ttabletHeight    : null,\n\t\t\t\tphoneWidth      : 480,\n\t\t\t\tphoneHeight    : null,\n\t\t\t\tsizingReference : window,\n\t\t\t\tparallaxMode    : 'swipe',\n\t\t\t\tview            : \"basic\"\n\t\t\t});\n\n\t\t\t\n\t\t\twindow.masterslider_instances = window.masterslider_instances || [];\n\t\t\twindow.masterslider_instances.push( masterslider_6c24 );\n\t\t});\n\t\t<\/script>\n\n<\/div>[vc_column_text]<\/p>\n<h1>Tiefbohrwerkzeuge<\/h1>\n<p>[\/vc_column_text][vc_column_text]Die Tieflochbohrwerkzeuge umfassen sowohl Schneidwerkzeuge als auch langlebiges Werkzeugzubeh\u00f6r, das die Werkzeuge auf den Maschinen zur Herstellung tiefer Bohrungen unterst\u00fctzt. Werkzeugzubeh\u00f6r ist unerl\u00e4sslich, um sowohl die Produktions- als auch die Leistungsanforderungen unserer Kunden zu erf\u00fcllen, und wird in jede von uns gebaute Maschine integriert.<\/p>\n<p>Werkzeuge wie Einlippenbohrer, BTA-Bohrk\u00f6pfe und verwandte Werkzeuge werden auf <a href=\"https:\/\/unisig.com\/de\/alle-maschinen\/\">UNISIG Tiefbohrmaschinen<\/a> in vielen verschiedenen Branchen eingesetzt, von der kleinsten medizinischen Komponente bis hin zu gro\u00dfen Schmiedeteilen die 20 Meter tiefe Bohrungen erfordern. UNISIG ist an der Auswahl von Schneidwerkzeugen, der Prozessentwicklung, dem Testen, der Verfeinerung und der Dokumentation eines optimalen Bohrprozesses beteiligt.<\/p>\n<p>Tiefbohrwerkzeuge arbeiten mit dem Tiefbohrsystem zusammen, um effizient zu schneiden und gleichzeitig die Geradheit zu erhalten, Vibrationen zu reduzieren und Schneidwerkzeuge und Werkst\u00fccke zu unterst\u00fctzen. Wir teilen die Werkzeuge in zwei Hauptkategorien auf &#8211; Tiefbohrwerkzeuge und ein System von langlebigem Werkzeugzubeh\u00f6r. UNISIG stellt langlebiges Werkzeugzubeh\u00f6r f\u00fcr das ELB-Tiefbohren und BTA-Bohrverfahren her, mit Ausnahme von Werkzeugk\u00f6pfen und Hartmetalleins\u00e4tzen.[\/vc_column_text][\/vc_column][\/vc_row][vc_row][vc_column][vc_separator][vc_column_text]<\/p>\n<h3>Bohrwerkzeuge<\/h3>\n<p>[\/vc_column_text][vc_column_text]Bohrwerkzeuge f\u00fcr Tiefbohrmaschinen umfassen Bohrk\u00f6pfe, Hartmetallwerkzeuge und Schneidplatten, die w\u00e4hrend der gesamten Bohrprozess verschlei\u00dfen.[\/vc_column_text][\/vc_column][\/vc_row][vc_row][vc_column width=&#8221;1\/2&#8243;][vc_single_image image=&#8221;3943&#8243; img_size=&#8221;full&#8221; onclick=&#8221;custom_link&#8221; link=&#8221;https:\/\/unisig.com\/de\/produktetechnologie\/werkzeuge\/bta-werkzeuge\/&#8221;][vc_column_text]<\/p>\n<h3><a href=\"https:\/\/unisig.com\/de\/bta-werkzeuge\/\">BTA-Werkzeuge<\/a><\/h3>\n<p>[\/vc_column_text][vc_column_text]Finden Sie BTA-Werkzeuge f\u00fcr die Verwendung auf UNISIG Tiefbohrmaschinen, einschlie\u00dflich gel\u00f6teter Werkzeuge und BTA-Werkzeuge mit Wendeschneidplatten sowie Werkzeuge f\u00fcr verwandte Prozesse wie Kernbohren, Aufbohren sowie Sch\u00e4len und Glattwalzen.\u00a0[\/vc_column_text][vc_column_text]<a href=\"https:\/\/unisig.com\/de\/bta-werkzeuge\/\">Weitere Informationen &gt;<\/a>[\/vc_column_text][\/vc_column][vc_column width=&#8221;1\/2&#8243;][vc_single_image image=&#8221;1577&#8243; img_size=&#8221;full&#8221; onclick=&#8221;custom_link&#8221; link=&#8221;\/?page_id=6405&#8243;][vc_column_text]<\/p>\n<h3><a href=\"https:\/\/unisig.com\/de\/produktetechnologie\/werkzeuge\/elb-werkzeuge\/\">Einlippenbohrwerkzeuge<\/a><\/h3>\n<p>[\/vc_column_text][vc_column_text]Finden Sie Einlippenbohrwerkzeuge f\u00fcr die Verwendung auf UNISIG Tiefbohrmaschinen, einschlie\u00dflich Vollhartmetall, gel\u00f6tete Bohrer sowie ELB-Bohrer mit Wendeschneidplatten.[\/vc_column_text][vc_column_text]<a href=\"https:\/\/unisig.com\/de\/produktetechnologie\/werkzeuge\/elb-werkzeuge\/\">Weitere Informationen &gt;<\/a>[\/vc_column_text][\/vc_column][\/vc_row][vc_row][vc_column][vc_separator][vc_column_text]<\/p>\n<h3>Werkzeugzubeh\u00f6r<\/h3>\n<p>[\/vc_column_text][vc_column_text]Werkzeugzubh\u00f6r f\u00fcr Tiefbohrmaschinen wird verwendet, um Werkzeuge und Werkst\u00fccke w\u00e4hrend des Bohrprozesses zu unterst\u00fctzen und auszurichten, und werden je nach Werkzeug- und Maschinengr\u00f6\u00dfe ausgew\u00e4hlt.[\/vc_column_text][\/vc_column][\/vc_row][vc_row][vc_column width=&#8221;1\/2&#8243;][vc_single_image image=&#8221;1936&#8243; img_size=&#8221;full&#8221; onclick=&#8221;custom_link&#8221; link=&#8221;\/?page_id=6580&#8243;][vc_column_text]<\/p>\n<h3><a href=\"https:\/\/unisig.com\/de\/produktetechnologie\/werkzeuge\/bta-werkzeugzubehoer\/\">BTA Werkzeugzubeh\u00f6r<\/a><\/h3>\n<p>[\/vc_column_text][vc_column_text]Finden Sie Werkzeugzubeh\u00f6r f\u00fcr BTA Tiefbohrmaschinen, einschlie\u00dflich Bohrrohre und Bohrrohrhaltung, Schwingungsdampferbaugruppen und BOZAs.[\/vc_column_text][vc_column_text]<a href=\"https:\/\/unisig.com\/de\/produktetechnologie\/werkzeuge\/bta-werkzeugzubehoer\/\">Weitere Informationen &gt;<\/a>[\/vc_column_text][\/vc_column][vc_column width=&#8221;1\/2&#8243;][vc_single_image image=&#8221;1939&#8243; img_size=&#8221;full&#8221; onclick=&#8221;custom_link&#8221; link=&#8221;\/?page_id=6577&#8243;][vc_column_text]<\/p>\n<h3><a href=\"https:\/\/unisig.com\/de\/produktetechnologie\/werkzeuge\/elb-werkzeugbzubehoer\/\">ELB Werkzeugzubeh\u00f6r<\/a><\/h3>\n<p>[\/vc_column_text][vc_column_text]Finden Sie Werkzeugzubeh\u00f6r das f\u00fcr das Einlippentiefbohren ben\u00f6tigt wird, einschlie\u00dflich Werkzeugeinstellern, Bohreraufnahmen, L\u00fcnettenbaugruppen und Bohrbuchsenhaltern.[\/vc_column_text][vc_column_text]<a href=\"https:\/\/unisig.com\/de\/produktetechnologie\/werkzeuge\/elb-werkzeugbzubehoer\/\">Weitere Informationen &gt;<\/a>[\/vc_column_text][\/vc_column][\/vc_row]<\/p>\n<\/div>","protected":false},"excerpt":{"rendered":"<p>[vc_row][vc_column][vc_column_text] Tiefbohrwerkzeuge [\/vc_column_text][vc_column_text]Die Tieflochbohrwerkzeuge umfassen sowohl Schneidwerkzeuge als auch langlebiges Werkzeugzubeh\u00f6r, das die Werkzeuge auf den Maschinen zur Herstellung tiefer Bohrungen unterst\u00fctzt. Werkzeugzubeh\u00f6r ist unerl\u00e4sslich, um sowohl die Produktions- als auch die Leistungsanforderungen unserer Kunden zu erf\u00fcllen, und wird in jede von uns gebaute Maschine integriert. Werkzeuge wie Einlippenbohrer, BTA-Bohrk\u00f6pfe und verwandte Werkzeuge werden auf<a href=\"https:\/\/unisig.com\/de\/produktetechnologie\/tiefbohrwerkzeuge\/\" class=\"more-link\">Read More<\/a><\/p>\n","protected":false},"author":3,"featured_media":0,"parent":0,"menu_order":0,"comment_status":"closed","ping_status":"closed","template":"page-templates\/template-2.php","meta":{"_acf_changed":false,"footnotes":""},"folder":[],"class_list":["post-6557","page","type-page","status-publish","hentry"],"acf":[],"_links":{"self":[{"href":"https:\/\/unisig.com\/de\/wp-json\/wp\/v2\/pages\/6557","targetHints":{"allow":["GET"]}}],"collection":[{"href":"https:\/\/unisig.com\/de\/wp-json\/wp\/v2\/pages"}],"about":[{"href":"https:\/\/unisig.com\/de\/wp-json\/wp\/v2\/types\/page"}],"author":[{"embeddable":true,"href":"https:\/\/unisig.com\/de\/wp-json\/wp\/v2\/users\/3"}],"replies":[{"embeddable":true,"href":"https:\/\/unisig.com\/de\/wp-json\/wp\/v2\/comments?post=6557"}],"version-history":[{"count":0,"href":"https:\/\/unisig.com\/de\/wp-json\/wp\/v2\/pages\/6557\/revisions"}],"wp:attachment":[{"href":"https:\/\/unisig.com\/de\/wp-json\/wp\/v2\/media?parent=6557"}],"wp:term":[{"taxonomy":"folder","embeddable":true,"href":"https:\/\/unisig.com\/de\/wp-json\/wp\/v2\/folder?post=6557"}],"curies":[{"name":"wp","href":"https:\/\/api.w.org\/{rel}","templated":true}]}}