{"id":6558,"date":"2020-06-15T10:54:23","date_gmt":"2020-06-15T15:54:23","guid":{"rendered":"https:\/\/stagingxx.unisig.com\/informationen-ressourcen\/was-ist-deep-hole-drilling\/was-ist-gun-drilling\/"},"modified":"2021-01-19T07:41:29","modified_gmt":"2021-01-19T13:41:29","slug":"was-ist-elb-bohren","status":"publish","type":"page","link":"https:\/\/unisig.com\/de\/informationen-ressourcen\/was-ist-tiefbohren\/elb-bohren\/","title":{"rendered":"Was ist ELB-Bohren"},"content":{"rendered":"<div class=\"wpb-content-wrapper\"><p>[vc_row][vc_column][vc_single_image image=&#8221;4976&#8243; img_size=&#8221;full&#8221;][vc_column_text]<\/p>\n<h1>Was ist Einlippenbohren?<\/h1>\n<p>[\/vc_column_text][vc_column_text]<\/p>\n<h5><a href=\"https:\/\/unisig.com\/de\/informationen-ressourcen-4\/was-ist-tiefbohren\/\">Beginnen Sie hier: Was ist Tiefbohren &#8211; \u00dcbersicht<\/a><\/h5>\n<p>[\/vc_column_text][vc_column_text]<img decoding=\"async\" class=\"alignright size-medium wp-image-1592 lazyload\" data-src=\"https:\/\/unisig.com\/wp-content\/smush-webp\/2016\/06\/gundrilling-diagram-UNISIG-300x119.png.webp\" alt=\"gundrilling-diagram-UNISIG\" width=\"300\" height=\"119\" data-srcset=\"https:\/\/unisig.com\/wp-content\/smush-webp\/2016\/06\/gundrilling-diagram-UNISIG-300x119.png.webp 300w, https:\/\/unisig.com\/wp-content\/smush-webp\/2016\/06\/gundrilling-diagram-UNISIG-150x59.png.webp 150w, https:\/\/unisig.com\/wp-content\/smush-webp\/2016\/06\/gundrilling-diagram-UNISIG-600x238.png.webp 600w, https:\/\/unisig.com\/wp-content\/smush-webp\/2016\/06\/gundrilling-diagram-UNISIG-768x304.png.webp 768w, https:\/\/unisig.com\/wp-content\/smush-webp\/2016\/06\/gundrilling-diagram-UNISIG-32x13.png.webp 32w, https:\/\/unisig.com\/wp-content\/smush-webp\/2016\/06\/gundrilling-diagram-UNISIG.png.webp 1000w\" data-sizes=\"auto\" src=\"data:image\/svg+xml;base64,PHN2ZyB3aWR0aD0iMSIgaGVpZ2h0PSIxIiB4bWxucz0iaHR0cDovL3d3dy53My5vcmcvMjAwMC9zdmciPjwvc3ZnPg==\" style=\"--smush-placeholder-width: 300px; --smush-placeholder-aspect-ratio: 300\/119;\" data-original-sizes=\"(max-width: 300px) 100vw, 300px\" \/>Einlippenbohren ist ein <a href=\"https:\/\/unisig.com\/de\/informationen-ressourcen-4\/was-ist-tiefbohren\/\">Tiefbohrverfahren,<\/a> bei dem ein langes, d\u00fcnnes Schneidwerkzeug verwendet wird, um Bohrungen in Metall mit hohen Tiefen-zu-Durchmesser-Verh\u00e4ltnissen herzustellen. Das ELB-Tiefbohren ist ein effektiver Bearbeitungsprozess in Durchmessern von 1 \u2013 50 mm [0 .04 \u2013 2.00 in]. Ein <a href=\"https:\/\/unisig.com\/products-and-technology\/tooling\/gun-drilling-tools\/\">Einlippenbohrwerkzeug<\/a> unterscheidet sich von einem herk\u00f6mmlichen Spiralbohrer durch seine einzigartige Kopfgeometrie; ein Standard-ELB-Bohrer hat eine einzige effektive Schneide die Sp\u00e4ne abhebt, w\u00e4hrend es im Werkst\u00fcck vorr\u00fcckt.<\/p>\n<p>Das Einlippen-Tiefbohrverfahren ist in der Lage, tiefe Bohrungen zu erzeugen, die weit \u00fcber das hinaus gehen was mit herk\u00f6mmlichen Maschinen und Werkzeugen wie Spiralbohrern m\u00f6glich ist, indem Hochdruckk\u00fchlmittel f\u00fcr saubere Spanabfuhr eingesetzt wird, selbst in extremen Tiefen.<\/p>\n<p><img decoding=\"async\" class=\"alignright size-medium wp-image-1589 lazyload\" data-src=\"https:\/\/unisig.com\/wp-content\/smush-webp\/2016\/06\/gundrilling-tooling-detail-300x180.jpg.webp\" alt=\"gundrilling-tooling-detail\" width=\"300\" height=\"180\" data-srcset=\"https:\/\/unisig.com\/wp-content\/smush-webp\/2016\/06\/gundrilling-tooling-detail-300x180.jpg.webp 300w, https:\/\/unisig.com\/wp-content\/smush-webp\/2016\/06\/gundrilling-tooling-detail-150x90.jpg.webp 150w, https:\/\/unisig.com\/wp-content\/smush-webp\/2016\/06\/gundrilling-tooling-detail-600x360.jpg.webp 600w, https:\/\/unisig.com\/wp-content\/smush-webp\/2016\/06\/gundrilling-tooling-detail-768x461.jpg.webp 768w, https:\/\/unisig.com\/wp-content\/smush-webp\/2016\/06\/gundrilling-tooling-detail-32x19.jpg.webp 32w, https:\/\/unisig.com\/wp-content\/smush-webp\/2016\/06\/gundrilling-tooling-detail.jpg.webp 1000w\" data-sizes=\"auto\" src=\"data:image\/svg+xml;base64,PHN2ZyB3aWR0aD0iMSIgaGVpZ2h0PSIxIiB4bWxucz0iaHR0cDovL3d3dy53My5vcmcvMjAwMC9zdmciPjwvc3ZnPg==\" style=\"--smush-placeholder-width: 300px; --smush-placeholder-aspect-ratio: 300\/180;\" data-original-sizes=\"(max-width: 300px) 100vw, 300px\" \/>Das Einlippenbohren wurde urspr\u00fcnglich f\u00fcr die Herstellung von Gewehrl\u00e4ufen entwickelt, bei denen sowohl Geradheit als auch hohe Materialfestigkeit f\u00fcr gut funktionierende L\u00e4ufe unerl\u00e4sslich waren. Der ELB-Tiefbohrprozess und die Werkzeuge wurden f\u00fcr maximale Leistung und Einsatz auf modernen, speziell konzipierten Maschinen verbessert. Feuerwaffen sind nach wie vor ein g\u00e4ngiger Einsatz f\u00fcr das ELB-Bohren. Heute setzen viele weitere Branchen auf das ELB-Tiefbohren z.B. f\u00fcr Dieseleinspritzkomponenten, medizinische Werkzeuge, Kunststoff-Spritzgussformen und vieles mehr.<\/p>\n<p>Das ELB-Bohren kann mit begrenzter Leistung auch auf g\u00e4ngigen CNC-Maschinen durchgef\u00fchrt werden. Doch Bohrungen mit einem Tiefen-zu-Durchmesser-Verh\u00e4ltnis von 20:1 oder mehr erfordern in der Regel spezielle Ausr\u00fcstung, um die h\u00f6chste Produktivit\u00e4t und Prozesssicherheit zu erreichen, und k\u00f6nnen extreme Tiefenverh\u00e4ltnisse von 400:1 oder mehr erreichen.[\/vc_column_text][\/vc_column][\/vc_row][vc_row][vc_column][vc_column_text]<\/p>\n<h2>ELB-Bohren im Vergleich zu BTA-Bohren<\/h2>\n<p>[\/vc_column_text][vc_column_text]Das Einlippenbohrverfahren ist ideal f\u00fcr kleinere Bohrungsdurchmesser bis 50 [2 .00 in] mm. Der ELB-Tiefbohrprozess unterscheidet sich von BTA-Bohrungen durch K\u00fchlmitteleintritt und Sp\u00e4neableitung; Einlippenbohrer f\u00fchren K\u00fchlmittel intern durch eine kleine Bohrung im Werkzeug zu, Sp\u00e4ne werden durch und mit dem K\u00fchlmittel durch eine Nut entlang des Werkzeugs abgeleitet. BTA-Tiefbohrmaschinen f\u00fchren K\u00fchlmittel extern durch eine Baugruppe um das Werkzeug zu, w\u00e4hrend Sp\u00e4ne durch den Bohrer selbst ausgeleitet werden.[\/vc_column_text][vc_column_text]<\/p>\n<h5><a href=\"https:\/\/unisig.com\/de\/informationen-ressourcen\/was-ist-tiefbohren\/bta-bohren\/\">Erfahren Sie mehr \u00fcber das BTA-Bohren<\/a><\/h5>\n<p>[\/vc_column_text][\/vc_column][\/vc_row][vc_row][vc_column][vc_column_text]<\/p>\n<h2>Optimale Eigenschaften f\u00fcr den Bohrprozess<\/h2>\n<p>[\/vc_column_text][vc_column_text]Das ELB-Tiefbohren ist der ideale Prozess f\u00fcr eine Reihe von Tiefbohrungen und -durchmessern. Extrem tiefe Bohrungen und Bohrungen mit kleinem Durchmesser setzten ELB-Werkzeuge mit spezieller Ausr\u00fcstung ein, um Geradheit und Pr\u00e4zision zu erhalten.<\/p>\n<h5>Bohrdurchmesser<\/h5>\n<table>\n<tbody>\n<tr>\n<td>1 &#8211; 3 mm<\/td>\n<td>M\u00f6glich mit der richtigen Ausr\u00fcstung<\/td>\n<\/tr>\n<tr>\n<td>3 &#8211; 25 mm<\/td>\n<td>sehr g\u00e4ngig<\/td>\n<\/tr>\n<tr>\n<td>25 &#8211; 50 mm<\/td>\n<td>sehr g\u00e4ngig<\/td>\n<\/tr>\n<tr>\n<td>50 &#8211; 75 mm<\/td>\n<td>M\u00f6glich, aber weniger produktiv als BTA-Bohren<\/td>\n<\/tr>\n<\/tbody>\n<\/table>\n<h5>ELB-Bohren D:d Kennzahlen<\/h5>\n<table>\n<tbody>\n<tr>\n<td>5:1<\/td>\n<td>Normale Spiralbohrer<\/td>\n<\/tr>\n<tr>\n<td>10:1<\/td>\n<td>Hochleistungs-Spiralbohrer mit K\u00fchlmittel durch das Werkzeug<\/td>\n<\/tr>\n<tr>\n<td>20:1<\/td>\n<td>Spezielle Tiefbohrwerkzeuge mit K\u00fchlmittel durch das Werkzeug<\/td>\n<\/tr>\n<tr>\n<td>100:1<\/td>\n<td>ELB-Tiefbohrwerkzeuge auf einer speziellen Tiefbohrmaschine<\/td>\n<\/tr>\n<tr>\n<td>200:1<\/td>\n<td>ELB-Tiefbohrwerkzeuge auf Hochleistungs-Tiefbohrmaschinen<\/td>\n<\/tr>\n<tr>\n<td>400:1<\/td>\n<td>Extreme Bohrtiefe, propriet\u00e4re Prozesse und Ausr\u00fcstung erforderlich<\/td>\n<\/tr>\n<\/tbody>\n<\/table>\n<p>[\/vc_column_text][\/vc_column][\/vc_row][vc_row][vc_column][vc_column_text]<\/p>\n<h2>ELB Tiefbohrausr\u00fcstung<\/h2>\n<p>[\/vc_column_text][vc_column_text]Einlippen-Tiefbohrmaschinen werden entwickelt und gebaut, um die gew\u00fcnschten Toleranzen in tiefen Bohrungen zu erreichen. Sehen Sie sich ein Maschinendiagramm an und erfahren Sie mehr \u00fcber die hochpr\u00e4zisen Komponenten, aus denen ELB-Tiefbohrmaschinen bestehen.<\/p>\n<p><a href=\"https:\/\/unisig.com\/de\/informationen-ressourcen\/was-ist-tiefbohren\/elb-maschinen-uebersicht\/\">Weitere Informationen &gt;<\/a><\/p>\n<p>Einlippenbohrwerkzeuge werden ausgew\u00e4hlt und in das Tiefbohr-Maschinensystem integriert, um die h\u00f6chstm\u00f6glichen Toleranzen zu erreichen.<\/p>\n<p><a href=\"https:\/\/unisig.com\/de\/produktetechnologie\/werkzeuge\/elb-werkzeuge\/\">Finden ELB-Werkzeuge &gt;<\/a>[\/vc_column_text][\/vc_column][\/vc_row][vc_row][vc_column][vc_cta h2=&#8221;ELB-Tiefbohrmaschinen finden&#8221; h2_font_container=&#8221;color:%23005288&#8243; h2_google_fonts=&#8221;font_family:Open%20Sans%3A300%2C300italic%2Cregular%2Citalic%2C600%2C600italic%2C700%2C700italic%2C800%2C800italic|font_style:400%20regular%3A400%3Anormal&#8221; shape=&#8221;square&#8221; style=&#8221;custom&#8221; add_button=&#8221;bottom&#8221; btn_title=&#8221;Finden Sie ELB-Maschinen&#8221; btn_shape=&#8221;square&#8221; use_custom_fonts_h2=&#8221;true&#8221; custom_background=&#8221;#e3e3e3&#8243; custom_text=&#8221;#151515&#8243; css=&#8221;.vc_custom_1611063686538{border-top-width: 0px !important;border-right-width: 0px !important;border-bottom-width: 0px !important;border-left-width: 0px !important;}&#8221; btn_link=&#8221;url:%2F%3Fpage_id%3D6601|||&#8221;]ELB-Tiefbohrmaschinen sind f\u00fcr Anwendungen mit Bohrdurchmessern bis 50 mm ausgelegt [2.00 in][\/vc_cta][\/vc_column][\/vc_row]<\/p>\n<\/div>","protected":false},"excerpt":{"rendered":"<p>[vc_row][vc_column][vc_single_image image=&#8221;4976&#8243; img_size=&#8221;full&#8221;][vc_column_text] Was ist Einlippenbohren? [\/vc_column_text][vc_column_text] Beginnen Sie hier: Was ist Tiefbohren &#8211; \u00dcbersicht [\/vc_column_text][vc_column_text]Einlippenbohren ist ein Tiefbohrverfahren, bei dem ein langes, d\u00fcnnes Schneidwerkzeug verwendet wird, um Bohrungen in Metall mit hohen Tiefen-zu-Durchmesser-Verh\u00e4ltnissen herzustellen. Das ELB-Tiefbohren ist ein effektiver Bearbeitungsprozess in Durchmessern von 1 \u2013 50 mm [0 .04 \u2013 2.00 in]. Ein Einlippenbohrwerkzeug<a href=\"https:\/\/unisig.com\/de\/informationen-ressourcen\/was-ist-tiefbohren\/elb-bohren\/\" class=\"more-link\">Read More<\/a><\/p>\n","protected":false},"author":3,"featured_media":0,"parent":6554,"menu_order":0,"comment_status":"closed","ping_status":"closed","template":"page-templates\/template-2.php","meta":{"_acf_changed":false,"footnotes":""},"folder":[],"class_list":["post-6558","page","type-page","status-publish","hentry"],"acf":[],"_links":{"self":[{"href":"https:\/\/unisig.com\/de\/wp-json\/wp\/v2\/pages\/6558","targetHints":{"allow":["GET"]}}],"collection":[{"href":"https:\/\/unisig.com\/de\/wp-json\/wp\/v2\/pages"}],"about":[{"href":"https:\/\/unisig.com\/de\/wp-json\/wp\/v2\/types\/page"}],"author":[{"embeddable":true,"href":"https:\/\/unisig.com\/de\/wp-json\/wp\/v2\/users\/3"}],"replies":[{"embeddable":true,"href":"https:\/\/unisig.com\/de\/wp-json\/wp\/v2\/comments?post=6558"}],"version-history":[{"count":0,"href":"https:\/\/unisig.com\/de\/wp-json\/wp\/v2\/pages\/6558\/revisions"}],"up":[{"embeddable":true,"href":"https:\/\/unisig.com\/de\/wp-json\/wp\/v2\/pages\/6554"}],"wp:attachment":[{"href":"https:\/\/unisig.com\/de\/wp-json\/wp\/v2\/media?parent=6558"}],"wp:term":[{"taxonomy":"folder","embeddable":true,"href":"https:\/\/unisig.com\/de\/wp-json\/wp\/v2\/folder?post=6558"}],"curies":[{"name":"wp","href":"https:\/\/api.w.org\/{rel}","templated":true}]}}